{"id":3392,"date":"2021-03-10T13:42:23","date_gmt":"2021-03-10T13:42:23","guid":{"rendered":"https:\/\/neuraxpharm.com\/v2\/?page_id=3392"},"modified":"2026-04-20T10:01:59","modified_gmt":"2026-04-20T10:01:59","slug":"kontakt","status":"publish","type":"page","link":"https:\/\/www.neuraxpharm.com\/sk\/kontakt","title":{"rendered":"Kontakt"},"content":{"rendered":"\t\t<div data-elementor-type=\"wp-page\" data-elementor-id=\"3392\" class=\"elementor elementor-3392\" data-elementor-post-type=\"page\">\n\t\t\t\t\t\t<section class=\"elementor-section elementor-top-section elementor-element elementor-element-8ed9678 elementor-section-height-min-height elementor-section-items-bottom banner_top elementor-section-boxed elementor-section-height-default\" data-id=\"8ed9678\" data-element_type=\"section\" data-e-type=\"section\" data-settings=\"{&quot;jet_parallax_layout_list&quot;:[{&quot;jet_parallax_layout_image&quot;:{&quot;url&quot;:&quot;&quot;,&quot;id&quot;:&quot;&quot;,&quot;size&quot;:&quot;&quot;},&quot;_id&quot;:&quot;d3005a2&quot;,&quot;jet_parallax_layout_image_tablet&quot;:{&quot;url&quot;:&quot;&quot;,&quot;id&quot;:&quot;&quot;,&quot;size&quot;:&quot;&quot;},&quot;jet_parallax_layout_image_mobile&quot;:{&quot;url&quot;:&quot;&quot;,&quot;id&quot;:&quot;&quot;,&quot;size&quot;:&quot;&quot;},&quot;jet_parallax_layout_speed&quot;:{&quot;unit&quot;:&quot;%&quot;,&quot;size&quot;:50,&quot;sizes&quot;:[]},&quot;jet_parallax_layout_type&quot;:&quot;scroll&quot;,&quot;jet_parallax_layout_direction&quot;:&quot;1&quot;,&quot;jet_parallax_layout_fx_direction&quot;:null,&quot;jet_parallax_layout_z_index&quot;:&quot;&quot;,&quot;jet_parallax_layout_bg_x&quot;:50,&quot;jet_parallax_layout_bg_x_tablet&quot;:&quot;&quot;,&quot;jet_parallax_layout_bg_x_mobile&quot;:&quot;&quot;,&quot;jet_parallax_layout_bg_y&quot;:50,&quot;jet_parallax_layout_bg_y_tablet&quot;:&quot;&quot;,&quot;jet_parallax_layout_bg_y_mobile&quot;:&quot;&quot;,&quot;jet_parallax_layout_bg_size&quot;:&quot;auto&quot;,&quot;jet_parallax_layout_bg_size_tablet&quot;:&quot;&quot;,&quot;jet_parallax_layout_bg_size_mobile&quot;:&quot;&quot;,&quot;jet_parallax_layout_animation_prop&quot;:&quot;transform&quot;,&quot;jet_parallax_layout_on&quot;:[&quot;desktop&quot;,&quot;tablet&quot;]}],&quot;background_background&quot;:&quot;classic&quot;}\">\n\t\t\t\t\t\t<div class=\"elementor-container elementor-column-gap-default\">\n\t\t\t\t\t<div class=\"elementor-column elementor-col-100 elementor-top-column elementor-element elementor-element-4003123\" data-id=\"4003123\" data-element_type=\"column\" data-e-type=\"column\">\n\t\t\t<div class=\"elementor-widget-wrap elementor-element-populated\">\n\t\t\t\t\t\t<div class=\"elementor-element elementor-element-03af471 elementor-widget elementor-widget-spacer\" data-id=\"03af471\" data-element_type=\"widget\" data-e-type=\"widget\" data-widget_type=\"spacer.default\">\n\t\t\t\t<div class=\"elementor-widget-container\">\n\t\t\t\t\t\t\t<div class=\"elementor-spacer\">\n\t\t\t<div class=\"elementor-spacer-inner\"><\/div>\n\t\t<\/div>\n\t\t\t\t\t\t<\/div>\n\t\t\t\t<\/div>\n\t\t\t\t\t<\/div>\n\t\t<\/div>\n\t\t\t\t\t<\/div>\n\t\t<\/section>\n\t\t\t\t<section class=\"elementor-section elementor-top-section elementor-element elementor-element-c792acd elementor-section-boxed elementor-section-height-default elementor-section-height-default\" data-id=\"c792acd\" data-element_type=\"section\" data-e-type=\"section\" data-settings=\"{&quot;jet_parallax_layout_list&quot;:[{&quot;jet_parallax_layout_image&quot;:{&quot;url&quot;:&quot;&quot;,&quot;id&quot;:&quot;&quot;,&quot;size&quot;:&quot;&quot;},&quot;_id&quot;:&quot;03114bc&quot;,&quot;jet_parallax_layout_image_tablet&quot;:{&quot;url&quot;:&quot;&quot;,&quot;id&quot;:&quot;&quot;,&quot;size&quot;:&quot;&quot;},&quot;jet_parallax_layout_image_mobile&quot;:{&quot;url&quot;:&quot;&quot;,&quot;id&quot;:&quot;&quot;,&quot;size&quot;:&quot;&quot;},&quot;jet_parallax_layout_speed&quot;:{&quot;unit&quot;:&quot;%&quot;,&quot;size&quot;:50,&quot;sizes&quot;:[]},&quot;jet_parallax_layout_type&quot;:&quot;scroll&quot;,&quot;jet_parallax_layout_direction&quot;:&quot;1&quot;,&quot;jet_parallax_layout_fx_direction&quot;:null,&quot;jet_parallax_layout_z_index&quot;:&quot;&quot;,&quot;jet_parallax_layout_bg_x&quot;:50,&quot;jet_parallax_layout_bg_x_tablet&quot;:&quot;&quot;,&quot;jet_parallax_layout_bg_x_mobile&quot;:&quot;&quot;,&quot;jet_parallax_layout_bg_y&quot;:50,&quot;jet_parallax_layout_bg_y_tablet&quot;:&quot;&quot;,&quot;jet_parallax_layout_bg_y_mobile&quot;:&quot;&quot;,&quot;jet_parallax_layout_bg_size&quot;:&quot;auto&quot;,&quot;jet_parallax_layout_bg_size_tablet&quot;:&quot;&quot;,&quot;jet_parallax_layout_bg_size_mobile&quot;:&quot;&quot;,&quot;jet_parallax_layout_animation_prop&quot;:&quot;transform&quot;,&quot;jet_parallax_layout_on&quot;:[&quot;desktop&quot;,&quot;tablet&quot;]}]}\">\n\t\t\t\t\t\t<div class=\"elementor-container elementor-column-gap-default\">\n\t\t\t\t\t<div class=\"elementor-column elementor-col-100 elementor-top-column elementor-element elementor-element-3ed993f\" data-id=\"3ed993f\" data-element_type=\"column\" data-e-type=\"column\">\n\t\t\t<div class=\"elementor-widget-wrap elementor-element-populated\">\n\t\t\t\t\t\t<div class=\"elementor-element elementor-element-2e5ae62 elementor-widget elementor-widget-jet-breadcrumbs\" data-id=\"2e5ae62\" data-element_type=\"widget\" data-e-type=\"widget\" data-widget_type=\"jet-breadcrumbs.default\">\n\t\t\t\t<div class=\"elementor-widget-container\">\n\t\t\t\t\t<div class=\"elementor-jet-breadcrumbs jet-blocks\">\n\t\t<div class=\"jet-breadcrumbs\">\n\t\t<div class=\"jet-breadcrumbs__content\">\n\t\t<div class=\"jet-breadcrumbs__wrap\"><div class=\"jet-breadcrumbs__item\"><a href=\"https:\/\/www.neuraxpharm.com\/sk\/\" class=\"jet-breadcrumbs__item-link is-home\" rel=\"home\" title=\"Domov\">Domov<\/a><\/div>\n\t\t<\/div>\n\t\t<\/div>\n\t\t<\/div><\/div>\t\t\t\t<\/div>\n\t\t\t\t<\/div>\n\t\t\t\t\t<\/div>\n\t\t<\/div>\n\t\t\t\t\t<\/div>\n\t\t<\/section>\n\t\t\t\t<section class=\"elementor-section elementor-top-section elementor-element elementor-element-13c69aa elementor-section-boxed elementor-section-height-default elementor-section-height-default\" data-id=\"13c69aa\" data-element_type=\"section\" data-e-type=\"section\" data-settings=\"{&quot;jet_parallax_layout_list&quot;:[{&quot;jet_parallax_layout_image&quot;:{&quot;url&quot;:&quot;&quot;,&quot;id&quot;:&quot;&quot;,&quot;size&quot;:&quot;&quot;},&quot;_id&quot;:&quot;9f4a8dd&quot;,&quot;jet_parallax_layout_image_tablet&quot;:{&quot;url&quot;:&quot;&quot;,&quot;id&quot;:&quot;&quot;,&quot;size&quot;:&quot;&quot;},&quot;jet_parallax_layout_image_mobile&quot;:{&quot;url&quot;:&quot;&quot;,&quot;id&quot;:&quot;&quot;,&quot;size&quot;:&quot;&quot;},&quot;jet_parallax_layout_speed&quot;:{&quot;unit&quot;:&quot;%&quot;,&quot;size&quot;:50,&quot;sizes&quot;:[]},&quot;jet_parallax_layout_type&quot;:&quot;scroll&quot;,&quot;jet_parallax_layout_direction&quot;:&quot;1&quot;,&quot;jet_parallax_layout_fx_direction&quot;:null,&quot;jet_parallax_layout_z_index&quot;:&quot;&quot;,&quot;jet_parallax_layout_bg_x&quot;:50,&quot;jet_parallax_layout_bg_x_tablet&quot;:&quot;&quot;,&quot;jet_parallax_layout_bg_x_mobile&quot;:&quot;&quot;,&quot;jet_parallax_layout_bg_y&quot;:50,&quot;jet_parallax_layout_bg_y_tablet&quot;:&quot;&quot;,&quot;jet_parallax_layout_bg_y_mobile&quot;:&quot;&quot;,&quot;jet_parallax_layout_bg_size&quot;:&quot;auto&quot;,&quot;jet_parallax_layout_bg_size_tablet&quot;:&quot;&quot;,&quot;jet_parallax_layout_bg_size_mobile&quot;:&quot;&quot;,&quot;jet_parallax_layout_animation_prop&quot;:&quot;transform&quot;,&quot;jet_parallax_layout_on&quot;:[&quot;desktop&quot;,&quot;tablet&quot;]}]}\">\n\t\t\t\t\t\t<div class=\"elementor-container elementor-column-gap-default\">\n\t\t\t\t\t<div class=\"elementor-column elementor-col-100 elementor-top-column elementor-element elementor-element-a72bef8\" data-id=\"a72bef8\" data-element_type=\"column\" data-e-type=\"column\">\n\t\t\t<div class=\"elementor-widget-wrap elementor-element-populated\">\n\t\t\t\t\t\t<div class=\"elementor-element elementor-element-f676f9a elementor-widget elementor-widget-heading\" data-id=\"f676f9a\" data-element_type=\"widget\" data-e-type=\"widget\" data-widget_type=\"heading.default\">\n\t\t\t\t<div class=\"elementor-widget-container\">\n\t\t\t\t\t<h5 class=\"elementor-heading-title elementor-size-default\">NEURAXPHARM<\/h5>\t\t\t\t<\/div>\n\t\t\t\t<\/div>\n\t\t\t\t<div class=\"elementor-element elementor-element-1e69f29 elementor-widget elementor-widget-heading\" data-id=\"1e69f29\" data-element_type=\"widget\" data-e-type=\"widget\" data-widget_type=\"heading.default\">\n\t\t\t\t<div class=\"elementor-widget-container\">\n\t\t\t\t\t<h3 class=\"elementor-heading-title elementor-size-default\">SLOVAKIA A.S.\n\n\n<\/h3>\t\t\t\t<\/div>\n\t\t\t\t<\/div>\n\t\t\t\t<div class=\"elementor-element elementor-element-ae81fa8 elementor-view-stacked elementor-position-inline-start elementor-shape-circle elementor-mobile-position-block-start elementor-widget elementor-widget-icon-box\" data-id=\"ae81fa8\" data-element_type=\"widget\" data-e-type=\"widget\" data-widget_type=\"icon-box.default\">\n\t\t\t\t<div class=\"elementor-widget-container\">\n\t\t\t\t\t\t\t<div class=\"elementor-icon-box-wrapper\">\n\n\t\t\t\t\t\t<div class=\"elementor-icon-box-icon\">\n\t\t\t\t<span  class=\"elementor-icon\">\n\t\t\t\t<i aria-hidden=\"true\" class=\"fas fa-map-marker-alt\"><\/i>\t\t\t\t<\/span>\n\t\t\t<\/div>\n\t\t\t\n\t\t\t\t\t\t<div class=\"elementor-icon-box-content\">\n\n\t\t\t\t\n\t\t\t\t\t\t\t\t\t<p class=\"elementor-icon-box-description\">\n\t\t\t\t\t\tSartorisova 21<br>\n821 08 Bratislava<br>\nSlovakia\t\t\t\t\t<\/p>\n\t\t\t\t\n\t\t\t<\/div>\n\t\t\t\n\t\t<\/div>\n\t\t\t\t\t\t<\/div>\n\t\t\t\t<\/div>\n\t\t\t\t<div class=\"elementor-element elementor-element-6bddb5b elementor-view-stacked elementor-position-inline-start elementor-shape-circle elementor-mobile-position-block-start elementor-widget elementor-widget-icon-box\" data-id=\"6bddb5b\" data-element_type=\"widget\" data-e-type=\"widget\" data-widget_type=\"icon-box.default\">\n\t\t\t\t<div class=\"elementor-widget-container\">\n\t\t\t\t\t\t\t<div class=\"elementor-icon-box-wrapper\">\n\n\t\t\t\t\t\t<div class=\"elementor-icon-box-icon\">\n\t\t\t\t<a href=\"tel:+421%20255%20425%20562\" target=\"_blank\" class=\"elementor-icon\" tabindex=\"-1\">\n\t\t\t\t<i aria-hidden=\"true\" class=\"fas fa-mobile-alt\"><\/i>\t\t\t\t<\/a>\n\t\t\t<\/div>\n\t\t\t\n\t\t\t\t\t\t<div class=\"elementor-icon-box-content\">\n\n\t\t\t\t\n\t\t\t\t\t\t\t\t\t<p class=\"elementor-icon-box-description\">\n\t\t\t\t\t\t+421 255 425 561\n\n\n\t\t\t\t\t<\/p>\n\t\t\t\t\n\t\t\t<\/div>\n\t\t\t\n\t\t<\/div>\n\t\t\t\t\t\t<\/div>\n\t\t\t\t<\/div>\n\t\t\t\t<div class=\"elementor-element elementor-element-8a4bd89 elementor-view-stacked elementor-position-inline-start elementor-shape-circle elementor-mobile-position-block-start elementor-widget elementor-widget-icon-box\" data-id=\"8a4bd89\" data-element_type=\"widget\" data-e-type=\"widget\" data-widget_type=\"icon-box.default\">\n\t\t\t\t<div class=\"elementor-widget-container\">\n\t\t\t\t\t\t\t<div class=\"elementor-icon-box-wrapper\">\n\n\t\t\t\t\t\t<div class=\"elementor-icon-box-icon\">\n\t\t\t\t<span  class=\"elementor-icon\">\n\t\t\t\t<i aria-hidden=\"true\" class=\"far fa-envelope\"><\/i>\t\t\t\t<\/span>\n\t\t\t<\/div>\n\t\t\t\n\t\t\t\t\t\t<div class=\"elementor-icon-box-content\">\n\n\t\t\t\t\n\t\t\t\t\t\t\t\t\t<p class=\"elementor-icon-box-description\">\n\t\t\t\t\t\tinfo-slovakia@neuraxpharm.com\n\n\t\t\t\t\t<\/p>\n\t\t\t\t\n\t\t\t<\/div>\n\t\t\t\n\t\t<\/div>\n\t\t\t\t\t\t<\/div>\n\t\t\t\t<\/div>\n\t\t\t\t\t<\/div>\n\t\t<\/div>\n\t\t\t\t\t<\/div>\n\t\t<\/section>\n\t\t\t\t<section class=\"elementor-section elementor-top-section elementor-element elementor-element-e6a0ada elementor-section-boxed elementor-section-height-default elementor-section-height-default\" data-id=\"e6a0ada\" data-element_type=\"section\" data-e-type=\"section\" data-settings=\"{&quot;jet_parallax_layout_list&quot;:[{&quot;jet_parallax_layout_image&quot;:{&quot;url&quot;:&quot;&quot;,&quot;id&quot;:&quot;&quot;,&quot;size&quot;:&quot;&quot;},&quot;_id&quot;:&quot;9f4a8dd&quot;,&quot;jet_parallax_layout_image_tablet&quot;:{&quot;url&quot;:&quot;&quot;,&quot;id&quot;:&quot;&quot;,&quot;size&quot;:&quot;&quot;},&quot;jet_parallax_layout_image_mobile&quot;:{&quot;url&quot;:&quot;&quot;,&quot;id&quot;:&quot;&quot;,&quot;size&quot;:&quot;&quot;},&quot;jet_parallax_layout_speed&quot;:{&quot;unit&quot;:&quot;%&quot;,&quot;size&quot;:50,&quot;sizes&quot;:[]},&quot;jet_parallax_layout_type&quot;:&quot;scroll&quot;,&quot;jet_parallax_layout_direction&quot;:&quot;1&quot;,&quot;jet_parallax_layout_fx_direction&quot;:null,&quot;jet_parallax_layout_z_index&quot;:&quot;&quot;,&quot;jet_parallax_layout_bg_x&quot;:50,&quot;jet_parallax_layout_bg_x_tablet&quot;:&quot;&quot;,&quot;jet_parallax_layout_bg_x_mobile&quot;:&quot;&quot;,&quot;jet_parallax_layout_bg_y&quot;:50,&quot;jet_parallax_layout_bg_y_tablet&quot;:&quot;&quot;,&quot;jet_parallax_layout_bg_y_mobile&quot;:&quot;&quot;,&quot;jet_parallax_layout_bg_size&quot;:&quot;auto&quot;,&quot;jet_parallax_layout_bg_size_tablet&quot;:&quot;&quot;,&quot;jet_parallax_layout_bg_size_mobile&quot;:&quot;&quot;,&quot;jet_parallax_layout_animation_prop&quot;:&quot;transform&quot;,&quot;jet_parallax_layout_on&quot;:[&quot;desktop&quot;,&quot;tablet&quot;]}]}\">\n\t\t\t\t\t\t<div class=\"elementor-container elementor-column-gap-default\">\n\t\t\t\t\t<div class=\"elementor-column elementor-col-100 elementor-top-column elementor-element elementor-element-c0bf017\" data-id=\"c0bf017\" data-element_type=\"column\" data-e-type=\"column\">\n\t\t\t<div class=\"elementor-widget-wrap elementor-element-populated\">\n\t\t\t\t\t\t<div class=\"elementor-element elementor-element-13e4afa elementor-widget elementor-widget-text-editor\" data-id=\"13e4afa\" data-element_type=\"widget\" data-e-type=\"widget\" data-widget_type=\"text-editor.default\">\n\t\t\t\t<div class=\"elementor-widget-container\">\n\t\t\t\t\t\t\t\t\t<p><strong>Verejne pr\u00edstupn\u00e1 odborn\u00e1 informa\u010dn\u00e1 slu\u017eba (VPOIS)<\/strong><\/p><p><b>Ak je Va\u0161a ot\u00e1zka neodkladnej povahy, pros\u00edm, kontaktujte svojho lek\u00e1ra alebo nepretr\u017eit\u00fa lek\u00e1rsku slu\u017ebu.<\/b><\/p><p>Ak m\u00e1te podozrenie na ved\u013eaj\u0161\u00ed \u00fa\u010dinok, obr\u00e1\u0165te sa na svojho lek\u00e1ra alebo lek\u00e1rnika. Rovnako postupujte aj v pr\u00edpade ak\u00fdchko\u013evek ne\u017eiaducich \u00fa\u010dinkov, ktor\u00e9 nie s\u00fa uveden\u00e9 v p\u00edsomnej inform\u00e1cii pre pou\u017e\u00edvate\u013eov lieku. Ne\u017eiad\u00face \u00fa\u010dinky m\u00f4\u017eete hl\u00e1si\u0165 aj priamo prostredn\u00edctvom n\u00e1rodn\u00e9ho syst\u00e9mu hl\u00e1senia ne\u017eiaducich \u00fa\u010dinkov. Podrobnosti o hl\u00e1sen\u00ed n\u00e1jdete na:\u00a0<a href=\"https:\/\/portal.sukl.sk\/eskadra\/\">https:\/\/portal.sukl.sk\/eskadra\/<\/a><\/p><p><b>Adresa pre zaslanie je:<br \/><\/b>\u0160t\u00e1tny \u00fastav pre kontrolu lie\u010div<br \/>Sekcia vigilancie<br \/>Kvetn\u00e1 11<br \/>825 08 Bratislava, Slovensk\u00e1 republika<\/p><p>e-mail: <a href=\"mailto:neziaduce.ucinky@sukl.sk\">neziaduce.ucinky@sukl.sk<\/a> \u00a0<\/p><p>Pokia\u013e sa hl\u00e1senie t\u00fdka biologick\u00e9ho lie\u010diva, dopl\u0148te aj presn\u00fd obchodn\u00fd n\u00e1zov a \u010d\u00edslo \u0161ar\u017ee.<\/p><p>Nahl\u00e1sen\u00edm ne\u017eiad\u00facich \u00fa\u010dinkov m\u00f4\u017eete prispie\u0165 k\u00a0z\u00edskaniu dodato\u010dn\u00fdch inform\u00e1ci\u00ed o bezpe\u010dnosti lieku.<\/p><p>Podozrenie na ved\u013eaj\u0161ie \u00fa\u010dinky a \u010fal\u0161ie inform\u00e1cie o bezpe\u010dnosti liekov skupiny Neuraxpharm n\u00e1m m\u00f4\u017eete tie\u017e nahl\u00e1si\u0165 e-mailom:<\/p><p><a href=\"mailto:pv-bohemia@neuraxpharm.com\">pv-bohemia@neuraxpharm.com<\/a>, alebo telefonicky: +420 234 261 952<\/p><p>Aktu\u00e1lne inform\u00e1cie o pr\u00edpravkoch skupiny Neuraxpharm n\u00e1jdete na str\u00e1nkach <a href=\"https:\/\/www.sukl.sk\/\">\u0160t\u00e1tneho \u00fastavu pre kontrolu lie\u010div<\/a> .<\/p><p>Odborn\u00edkom v zdravotn\u00edctve s\u00fa ur\u010den\u00e9 inform\u00e1cie zo s\u00fahrnu charakteristick\u00fdch vlastnost\u00ed lieku (SPC) a laickej verejnosti inform\u00e1cie z p\u00edsomnej inform\u00e1cie pre pou\u017e\u00edvate\u013eov (PIL).<\/p><p>V pr\u00edpade \u017eiadosti o zdravotn\u00edcke inform\u00e1cie ku konkr\u00e9tnemu pr\u00edpravku skupiny Neuraxpharm n\u00e1s kontaktujte na adrese <a href=\"mailto:medinfo-bohemia@neuraxpharm.com\">medinfo-bohemia@neuraxpharm.com<\/a> alebo na telef\u00f3nnom \u010d\u00edsle +420 234 261\u00a0952.<\/p>\t\t\t\t\t\t\t\t<\/div>\n\t\t\t\t<\/div>\n\t\t\t\t\t<\/div>\n\t\t<\/div>\n\t\t\t\t\t<\/div>\n\t\t<\/section>\n\t\t\t\t<\/div>\n\t\t","protected":false},"excerpt":{"rendered":"<p>Domov NEURAXPHARM SLOVAKIA A.S. Sartorisova 21 821 08 Bratislava Slovakia +421 255 425 561 info-slovakia@neuraxpharm.com Verejne pr\u00edstupn\u00e1 odborn\u00e1 informa\u010dn\u00e1 slu\u017eba (VPOIS) Ak je Va\u0161a ot\u00e1zka neodkladnej povahy, pros\u00edm, kontaktujte svojho lek\u00e1ra alebo nepretr\u017eit\u00fa lek\u00e1rsku slu\u017ebu. Ak m\u00e1te podozrenie na ved\u013eaj\u0161\u00ed \u00fa\u010dinok, obr\u00e1\u0165te sa na svojho lek\u00e1ra alebo lek\u00e1rnika. Rovnako postupujte aj v pr\u00edpade ak\u00fdchko\u013evek ne\u017eiaducich [&hellip;]<\/p>\n","protected":false},"author":1,"featured_media":0,"parent":0,"menu_order":0,"comment_status":"closed","ping_status":"closed","template":"elementor_header_footer","meta":{"_acf_changed":false,"footnotes":""},"class_list":["post-3392","page","type-page","status-publish","hentry"],"yoast_head":"<!-- This site is optimized with the Yoast SEO Premium plugin v27.2 (Yoast SEO v27.2) - https:\/\/yoast.com\/product\/yoast-seo-premium-wordpress\/ -->\n<title>Kontakt - Neuraxpharm SK<\/title>\n<meta name=\"robots\" content=\"index, follow, max-snippet:-1, max-image-preview:large, max-video-preview:-1\" \/>\n<link rel=\"canonical\" href=\"https:\/\/www.neuraxpharm.com\/sk\/kontakt\" \/>\n<meta property=\"og:locale\" content=\"sk_SK\" \/>\n<meta property=\"og:type\" content=\"article\" \/>\n<meta property=\"og:title\" content=\"Kontakt\" \/>\n<meta property=\"og:description\" content=\"Domov NEURAXPHARM SLOVAKIA A.S. Sartorisova 21 821 08 Bratislava Slovakia +421 255 425 561 info-slovakia@neuraxpharm.com Verejne pr\u00edstupn\u00e1 odborn\u00e1 informa\u010dn\u00e1 slu\u017eba (VPOIS) Ak je Va\u0161a ot\u00e1zka neodkladnej povahy, pros\u00edm, kontaktujte svojho lek\u00e1ra alebo nepretr\u017eit\u00fa lek\u00e1rsku slu\u017ebu. Ak m\u00e1te podozrenie na ved\u013eaj\u0161\u00ed \u00fa\u010dinok, obr\u00e1\u0165te sa na svojho lek\u00e1ra alebo lek\u00e1rnika. Rovnako postupujte aj v pr\u00edpade ak\u00fdchko\u013evek ne\u017eiaducich [&hellip;]\" \/>\n<meta property=\"og:url\" content=\"https:\/\/www.neuraxpharm.com\/sk\/kontakt\" \/>\n<meta property=\"og:site_name\" content=\"Neuraxpharm SK\" \/>\n<meta property=\"article:modified_time\" content=\"2026-04-20T10:01:59+00:00\" \/>\n<meta name=\"twitter:card\" content=\"summary_large_image\" \/>\n<meta name=\"twitter:label1\" content=\"Predpokladan\u00fd \u010das \u010d\u00edtania\" \/>\n\t<meta name=\"twitter:data1\" content=\"2 min\u00faty\" \/>\n<script type=\"application\/ld+json\" class=\"yoast-schema-graph\">{\"@context\":\"https:\/\/schema.org\",\"@graph\":[{\"@type\":\"WebPage\",\"@id\":\"https:\/\/www.neuraxpharm.com\/sk\/kontakt\",\"url\":\"https:\/\/www.neuraxpharm.com\/sk\/kontakt\",\"name\":\"Kontakt - Neuraxpharm SK\",\"isPartOf\":{\"@id\":\"https:\/\/www.neuraxpharm.com\/sk\/#website\"},\"datePublished\":\"2021-03-10T13:42:23+00:00\",\"dateModified\":\"2026-04-20T10:01:59+00:00\",\"breadcrumb\":{\"@id\":\"https:\/\/www.neuraxpharm.com\/sk\/kontakt#breadcrumb\"},\"inLanguage\":\"sk-SK\",\"potentialAction\":[{\"@type\":\"ReadAction\",\"target\":[\"https:\/\/www.neuraxpharm.com\/sk\/kontakt\"]}]},{\"@type\":\"BreadcrumbList\",\"@id\":\"https:\/\/www.neuraxpharm.com\/sk\/kontakt#breadcrumb\",\"itemListElement\":[{\"@type\":\"ListItem\",\"position\":1,\"name\":\"Home\",\"item\":\"https:\/\/www.neuraxpharm.com\/sk\/\"},{\"@type\":\"ListItem\",\"position\":2,\"name\":\"Kontakt\"}]},{\"@type\":\"WebSite\",\"@id\":\"https:\/\/www.neuraxpharm.com\/sk\/#website\",\"url\":\"https:\/\/www.neuraxpharm.com\/sk\/\",\"name\":\"Neuraxpharm SK\",\"description\":\"A European Leader for the CNS products\",\"potentialAction\":[{\"@type\":\"SearchAction\",\"target\":{\"@type\":\"EntryPoint\",\"urlTemplate\":\"https:\/\/www.neuraxpharm.com\/sk\/?s={search_term_string}\"},\"query-input\":{\"@type\":\"PropertyValueSpecification\",\"valueRequired\":true,\"valueName\":\"search_term_string\"}}],\"inLanguage\":\"sk-SK\"}]}<\/script>\n<!-- \/ Yoast SEO Premium plugin. -->","yoast_head_json":{"title":"Kontakt - Neuraxpharm SK","robots":{"index":"index","follow":"follow","max-snippet":"max-snippet:-1","max-image-preview":"max-image-preview:large","max-video-preview":"max-video-preview:-1"},"canonical":"https:\/\/www.neuraxpharm.com\/sk\/kontakt","og_locale":"sk_SK","og_type":"article","og_title":"Kontakt","og_description":"Domov NEURAXPHARM SLOVAKIA A.S. Sartorisova 21 821 08 Bratislava Slovakia +421 255 425 561 info-slovakia@neuraxpharm.com Verejne pr\u00edstupn\u00e1 odborn\u00e1 informa\u010dn\u00e1 slu\u017eba (VPOIS) Ak je Va\u0161a ot\u00e1zka neodkladnej povahy, pros\u00edm, kontaktujte svojho lek\u00e1ra alebo nepretr\u017eit\u00fa lek\u00e1rsku slu\u017ebu. Ak m\u00e1te podozrenie na ved\u013eaj\u0161\u00ed \u00fa\u010dinok, obr\u00e1\u0165te sa na svojho lek\u00e1ra alebo lek\u00e1rnika. Rovnako postupujte aj v pr\u00edpade ak\u00fdchko\u013evek ne\u017eiaducich [&hellip;]","og_url":"https:\/\/www.neuraxpharm.com\/sk\/kontakt","og_site_name":"Neuraxpharm SK","article_modified_time":"2026-04-20T10:01:59+00:00","twitter_card":"summary_large_image","twitter_misc":{"Predpokladan\u00fd \u010das \u010d\u00edtania":"2 min\u00faty"},"schema":{"@context":"https:\/\/schema.org","@graph":[{"@type":"WebPage","@id":"https:\/\/www.neuraxpharm.com\/sk\/kontakt","url":"https:\/\/www.neuraxpharm.com\/sk\/kontakt","name":"Kontakt - Neuraxpharm SK","isPartOf":{"@id":"https:\/\/www.neuraxpharm.com\/sk\/#website"},"datePublished":"2021-03-10T13:42:23+00:00","dateModified":"2026-04-20T10:01:59+00:00","breadcrumb":{"@id":"https:\/\/www.neuraxpharm.com\/sk\/kontakt#breadcrumb"},"inLanguage":"sk-SK","potentialAction":[{"@type":"ReadAction","target":["https:\/\/www.neuraxpharm.com\/sk\/kontakt"]}]},{"@type":"BreadcrumbList","@id":"https:\/\/www.neuraxpharm.com\/sk\/kontakt#breadcrumb","itemListElement":[{"@type":"ListItem","position":1,"name":"Home","item":"https:\/\/www.neuraxpharm.com\/sk\/"},{"@type":"ListItem","position":2,"name":"Kontakt"}]},{"@type":"WebSite","@id":"https:\/\/www.neuraxpharm.com\/sk\/#website","url":"https:\/\/www.neuraxpharm.com\/sk\/","name":"Neuraxpharm SK","description":"A European Leader for the CNS products","potentialAction":[{"@type":"SearchAction","target":{"@type":"EntryPoint","urlTemplate":"https:\/\/www.neuraxpharm.com\/sk\/?s={search_term_string}"},"query-input":{"@type":"PropertyValueSpecification","valueRequired":true,"valueName":"search_term_string"}}],"inLanguage":"sk-SK"}]}},"acf":[],"_links":{"self":[{"href":"https:\/\/www.neuraxpharm.com\/sk\/wp-json\/wp\/v2\/pages\/3392","targetHints":{"allow":["GET"]}}],"collection":[{"href":"https:\/\/www.neuraxpharm.com\/sk\/wp-json\/wp\/v2\/pages"}],"about":[{"href":"https:\/\/www.neuraxpharm.com\/sk\/wp-json\/wp\/v2\/types\/page"}],"author":[{"embeddable":true,"href":"https:\/\/www.neuraxpharm.com\/sk\/wp-json\/wp\/v2\/users\/1"}],"replies":[{"embeddable":true,"href":"https:\/\/www.neuraxpharm.com\/sk\/wp-json\/wp\/v2\/comments?post=3392"}],"version-history":[{"count":297,"href":"https:\/\/www.neuraxpharm.com\/sk\/wp-json\/wp\/v2\/pages\/3392\/revisions"}],"predecessor-version":[{"id":27161,"href":"https:\/\/www.neuraxpharm.com\/sk\/wp-json\/wp\/v2\/pages\/3392\/revisions\/27161"}],"wp:attachment":[{"href":"https:\/\/www.neuraxpharm.com\/sk\/wp-json\/wp\/v2\/media?parent=3392"}],"curies":[{"name":"wp","href":"https:\/\/api.w.org\/{rel}","templated":true}]}}