{"id":26595,"date":"2025-09-09T10:40:38","date_gmt":"2025-09-09T10:40:38","guid":{"rendered":"https:\/\/www.neuraxpharm.com\/sk\/?page_id=26595"},"modified":"2025-09-09T10:56:05","modified_gmt":"2025-09-09T10:56:05","slug":"vikas-mohan-sharma","status":"publish","type":"page","link":"https:\/\/www.neuraxpharm.com\/sk\/o-nas\/directiecomite\/vikas-mohan-sharma","title":{"rendered":"Vikas Mohan Sharma"},"content":{"rendered":"\t\t<div data-elementor-type=\"wp-page\" data-elementor-id=\"26595\" class=\"elementor elementor-26595\" data-elementor-post-type=\"page\">\n\t\t\t\t\t\t<section class=\"elementor-section elementor-top-section elementor-element elementor-element-488daa8 elementor-section-boxed elementor-section-height-default elementor-section-height-default\" data-id=\"488daa8\" data-element_type=\"section\" data-e-type=\"section\" data-settings=\"{&quot;jet_parallax_layout_list&quot;:[{&quot;jet_parallax_layout_image&quot;:{&quot;url&quot;:&quot;&quot;,&quot;id&quot;:&quot;&quot;,&quot;size&quot;:&quot;&quot;},&quot;_id&quot;:&quot;f02b98c&quot;,&quot;jet_parallax_layout_image_tablet&quot;:{&quot;url&quot;:&quot;&quot;,&quot;id&quot;:&quot;&quot;,&quot;size&quot;:&quot;&quot;},&quot;jet_parallax_layout_image_mobile&quot;:{&quot;url&quot;:&quot;&quot;,&quot;id&quot;:&quot;&quot;,&quot;size&quot;:&quot;&quot;},&quot;jet_parallax_layout_speed&quot;:{&quot;unit&quot;:&quot;%&quot;,&quot;size&quot;:50,&quot;sizes&quot;:[]},&quot;jet_parallax_layout_type&quot;:&quot;scroll&quot;,&quot;jet_parallax_layout_direction&quot;:&quot;1&quot;,&quot;jet_parallax_layout_fx_direction&quot;:null,&quot;jet_parallax_layout_z_index&quot;:&quot;&quot;,&quot;jet_parallax_layout_bg_x&quot;:50,&quot;jet_parallax_layout_bg_x_tablet&quot;:&quot;&quot;,&quot;jet_parallax_layout_bg_x_mobile&quot;:&quot;&quot;,&quot;jet_parallax_layout_bg_y&quot;:50,&quot;jet_parallax_layout_bg_y_tablet&quot;:&quot;&quot;,&quot;jet_parallax_layout_bg_y_mobile&quot;:&quot;&quot;,&quot;jet_parallax_layout_bg_size&quot;:&quot;auto&quot;,&quot;jet_parallax_layout_bg_size_tablet&quot;:&quot;&quot;,&quot;jet_parallax_layout_bg_size_mobile&quot;:&quot;&quot;,&quot;jet_parallax_layout_animation_prop&quot;:&quot;transform&quot;,&quot;jet_parallax_layout_on&quot;:[&quot;desktop&quot;,&quot;tablet&quot;]}]}\">\n\t\t\t\t\t\t<div class=\"elementor-container elementor-column-gap-default\">\n\t\t\t\t\t<div class=\"elementor-column elementor-col-33 elementor-top-column elementor-element elementor-element-a20734c\" data-id=\"a20734c\" data-element_type=\"column\" data-e-type=\"column\">\n\t\t\t<div class=\"elementor-widget-wrap elementor-element-populated\">\n\t\t\t\t\t\t<div class=\"elementor-element elementor-element-1b74d9e elementor-widget elementor-widget-image\" data-id=\"1b74d9e\" data-element_type=\"widget\" data-e-type=\"widget\" data-widget_type=\"image.default\">\n\t\t\t\t<div class=\"elementor-widget-container\">\n\t\t\t\t\t\t\t\t\t\t\t\t\t\t\t<img fetchpriority=\"high\" decoding=\"async\" width=\"716\" height=\"700\" src=\"https:\/\/static.neuraxpharm.com\/wp-content\/uploads\/sites\/28\/2025\/09\/09104126\/imgi-7-vikas-mohan-sharma.png\" class=\"attachment-large size-large wp-image-26598\" alt=\"\" srcset=\"https:\/\/static.neuraxpharm.com\/wp-content\/uploads\/sites\/28\/2025\/09\/09104126\/imgi-7-vikas-mohan-sharma.png 716w, https:\/\/static.neuraxpharm.com\/wp-content\/uploads\/sites\/28\/2025\/09\/09104126\/imgi-7-vikas-mohan-sharma-300x293.png 300w, https:\/\/static.neuraxpharm.com\/wp-content\/uploads\/sites\/28\/2025\/09\/09104126\/imgi-7-vikas-mohan-sharma-600x587.png 600w\" sizes=\"(max-width: 716px) 100vw, 716px\" \/>\t\t\t\t\t\t\t\t\t\t\t\t\t\t\t<\/div>\n\t\t\t\t<\/div>\n\t\t\t\t<section class=\"elementor-section elementor-inner-section elementor-element elementor-element-a899fa2 elementor-section-content-top elementor-section-boxed elementor-section-height-default elementor-section-height-default\" data-id=\"a899fa2\" data-element_type=\"section\" data-e-type=\"section\" data-settings=\"{&quot;jet_parallax_layout_list&quot;:[{&quot;jet_parallax_layout_image&quot;:{&quot;url&quot;:&quot;&quot;,&quot;id&quot;:&quot;&quot;,&quot;size&quot;:&quot;&quot;},&quot;_id&quot;:&quot;5f899ce&quot;,&quot;jet_parallax_layout_image_tablet&quot;:{&quot;url&quot;:&quot;&quot;,&quot;id&quot;:&quot;&quot;,&quot;size&quot;:&quot;&quot;},&quot;jet_parallax_layout_image_mobile&quot;:{&quot;url&quot;:&quot;&quot;,&quot;id&quot;:&quot;&quot;,&quot;size&quot;:&quot;&quot;},&quot;jet_parallax_layout_speed&quot;:{&quot;unit&quot;:&quot;%&quot;,&quot;size&quot;:50,&quot;sizes&quot;:[]},&quot;jet_parallax_layout_type&quot;:&quot;scroll&quot;,&quot;jet_parallax_layout_direction&quot;:&quot;1&quot;,&quot;jet_parallax_layout_fx_direction&quot;:null,&quot;jet_parallax_layout_z_index&quot;:&quot;&quot;,&quot;jet_parallax_layout_bg_x&quot;:50,&quot;jet_parallax_layout_bg_x_tablet&quot;:&quot;&quot;,&quot;jet_parallax_layout_bg_x_mobile&quot;:&quot;&quot;,&quot;jet_parallax_layout_bg_y&quot;:50,&quot;jet_parallax_layout_bg_y_tablet&quot;:&quot;&quot;,&quot;jet_parallax_layout_bg_y_mobile&quot;:&quot;&quot;,&quot;jet_parallax_layout_bg_size&quot;:&quot;auto&quot;,&quot;jet_parallax_layout_bg_size_tablet&quot;:&quot;&quot;,&quot;jet_parallax_layout_bg_size_mobile&quot;:&quot;&quot;,&quot;jet_parallax_layout_animation_prop&quot;:&quot;transform&quot;,&quot;jet_parallax_layout_on&quot;:[&quot;desktop&quot;,&quot;tablet&quot;]}]}\">\n\t\t\t\t\t\t<div class=\"elementor-container elementor-column-gap-default\">\n\t\t\t\t\t<div class=\"elementor-column elementor-col-50 elementor-inner-column elementor-element elementor-element-342a7b0\" data-id=\"342a7b0\" data-element_type=\"column\" data-e-type=\"column\">\n\t\t\t<div class=\"elementor-widget-wrap elementor-element-populated\">\n\t\t\t\t\t\t<div class=\"elementor-element elementor-element-d453149 elementor-view-default elementor-widget elementor-widget-icon\" data-id=\"d453149\" data-element_type=\"widget\" data-e-type=\"widget\" data-widget_type=\"icon.default\">\n\t\t\t\t<div class=\"elementor-widget-container\">\n\t\t\t\t\t\t\t<div class=\"elementor-icon-wrapper\">\n\t\t\t<div class=\"elementor-icon\">\n\t\t\t<i aria-hidden=\"true\" class=\"fab fa-linkedin-in\"><\/i>\t\t\t<\/div>\n\t\t<\/div>\n\t\t\t\t\t\t<\/div>\n\t\t\t\t<\/div>\n\t\t\t\t\t<\/div>\n\t\t<\/div>\n\t\t\t\t<div class=\"elementor-column elementor-col-50 elementor-inner-column elementor-element elementor-element-e53dc20\" data-id=\"e53dc20\" data-element_type=\"column\" data-e-type=\"column\">\n\t\t\t<div class=\"elementor-widget-wrap elementor-element-populated\">\n\t\t\t\t\t\t<div class=\"elementor-element elementor-element-8d6d357 elementor-widget elementor-widget-heading\" data-id=\"8d6d357\" data-element_type=\"widget\" data-e-type=\"widget\" data-widget_type=\"heading.default\">\n\t\t\t\t<div class=\"elementor-widget-container\">\n\t\t\t\t\t<p class=\"elementor-heading-title elementor-size-default\"><a href=\"https:\/\/www.linkedin.com\/in\/vikasmohansharma\/\" target=\"_blank\">https:\/\/www.linkedin.com\/in\/vikasmohansharma<\/a><\/p>\t\t\t\t<\/div>\n\t\t\t\t<\/div>\n\t\t\t\t\t<\/div>\n\t\t<\/div>\n\t\t\t\t\t<\/div>\n\t\t<\/section>\n\t\t\t\t\t<\/div>\n\t\t<\/div>\n\t\t\t\t<div class=\"elementor-column elementor-col-66 elementor-top-column elementor-element elementor-element-cd801d4\" data-id=\"cd801d4\" data-element_type=\"column\" data-e-type=\"column\">\n\t\t\t<div class=\"elementor-widget-wrap elementor-element-populated\">\n\t\t\t\t\t\t<div class=\"elementor-element elementor-element-c881b31 elementor-widget elementor-widget-jet-breadcrumbs\" data-id=\"c881b31\" data-element_type=\"widget\" data-e-type=\"widget\" data-widget_type=\"jet-breadcrumbs.default\">\n\t\t\t\t<div class=\"elementor-widget-container\">\n\t\t\t\t\t<div class=\"elementor-jet-breadcrumbs jet-blocks\">\n\t\t<div class=\"jet-breadcrumbs\">\n\t\t<div class=\"jet-breadcrumbs__content\">\n\t\t<div class=\"jet-breadcrumbs__wrap\"><div class=\"jet-breadcrumbs__item\"><a href=\"https:\/\/www.neuraxpharm.com\/sk\/\" class=\"jet-breadcrumbs__item-link is-home\" rel=\"home\" title=\"Neuraxpharm\">Neuraxpharm<\/a><\/div>\n\t\t<\/div>\n\t\t<\/div>\n\t\t<\/div><\/div>\t\t\t\t<\/div>\n\t\t\t\t<\/div>\n\t\t\t\t<div class=\"elementor-element elementor-element-db5605b elementor-widget elementor-widget-heading\" data-id=\"db5605b\" data-element_type=\"widget\" data-e-type=\"widget\" data-widget_type=\"heading.default\">\n\t\t\t\t<div class=\"elementor-widget-container\">\n\t\t\t\t\t<h1 class=\"elementor-heading-title elementor-size-default\">Vikas Mohan Sharma<\/h1>\t\t\t\t<\/div>\n\t\t\t\t<\/div>\n\t\t\t\t<div class=\"elementor-element elementor-element-c6fdb1a elementor-widget elementor-widget-text-editor\" data-id=\"c6fdb1a\" data-element_type=\"widget\" data-e-type=\"widget\" data-widget_type=\"text-editor.default\">\n\t\t\t\t<div class=\"elementor-widget-container\">\n\t\t\t\t\t\t\t\t\t<p>Vikas je ved\u00faci pracovn\u00edk v odvetv\u00ed s viac ako 25-ro\u010dn\u00fdmi sk\u00fasenos\u0165ami v oblasti zdravotnej starostlivosti a klinick\u00e9ho v\u00fdskumu, ktor\u00fd vedie vysokohodnotn\u00e9 klinick\u00e9 a lek\u00e1rske vedeck\u00e9 t\u00edmy vo viacer\u00fdch terapeutick\u00fdch oblastiach s cie\u013eom dosiahnu\u0165 \u00faspe\u0161n\u00e9 m\u00ed\u013eniky vo v\u00fdvoji a programoch vo ve\u013ek\u00fdch farmaceutick\u00fdch a klinick\u00fdch v\u00fdskumn\u00fdch organiz\u00e1ci\u00e1ch (CRO).<\/p><p>Zast\u00e1val poz\u00edcie hlavn\u00e9ho medic\u00ednskeho riadite\u013ea v spolo\u010dnosti Quintiles v Indii (nesk\u00f4r zn\u00e1mej ako IQVIA) a glob\u00e1lneho ved\u00faceho medic\u00edny pre CNS, zdravie sietnice a nov\u00e9 oblasti v spolo\u010dnosti Boehringer Ingelheim. Do spolo\u010dnosti Neuraxpharm pri\u0161iel zo spolo\u010dnosti Fortrea GMBH, kde bol glob\u00e1lnym ved\u00facim pre neurovedy a oftalmol\u00f3giu. Vikas z\u00edskal bakal\u00e1rsky titul v odbore v\u0161eobecn\u00e9 lek\u00e1rstvo na SMS Medical College Jaipur, doktor\u00e1t v odbore psychiatria na Seth Gordhandas Sunderdas Medical College (GSMC) a v nemocnici King Edward Memorial (KEM) v Bombaji a mana\u017e\u00e9rsky certifik\u00e1t v odbore Rozvoj podnikania prostredn\u00edctvom inov\u00e1ci\u00ed na Frankfurt School of Finance &amp; Management.<\/p><p>Vikas je pova\u017eovan\u00fd za k\u013e\u00fa\u010dov\u00e9ho l\u00eddra v oblasti klinick\u00e9ho v\u00fdskumu CNS. Pracuje ako nez\u00e1visl\u00fd expert na etiku v prest\u00ed\u017enej Eur\u00f3pskej rade pre v\u00fdskum a predsed\u00e1 viacer\u00fdm priemyseln\u00fdm a glob\u00e1lnym iniciat\u00edvam v oblasti digit\u00e1lnych biomarkerov, metod\u00edk sk\u00fa\u0161ania CNS a presn\u00e9ho du\u0161evn\u00e9ho zdravia.<\/p>\t\t\t\t\t\t\t\t<\/div>\n\t\t\t\t<\/div>\n\t\t\t\t\t<\/div>\n\t\t<\/div>\n\t\t\t\t\t<\/div>\n\t\t<\/section>\n\t\t\t\t<section class=\"elementor-section elementor-top-section elementor-element elementor-element-d9ee78e elementor-section-boxed elementor-section-height-default elementor-section-height-default\" data-id=\"d9ee78e\" data-element_type=\"section\" data-e-type=\"section\" data-settings=\"{&quot;jet_parallax_layout_list&quot;:[{&quot;jet_parallax_layout_image&quot;:{&quot;url&quot;:&quot;&quot;,&quot;id&quot;:&quot;&quot;,&quot;size&quot;:&quot;&quot;},&quot;_id&quot;:&quot;e7d9f21&quot;,&quot;jet_parallax_layout_image_tablet&quot;:{&quot;url&quot;:&quot;&quot;,&quot;id&quot;:&quot;&quot;,&quot;size&quot;:&quot;&quot;},&quot;jet_parallax_layout_image_mobile&quot;:{&quot;url&quot;:&quot;&quot;,&quot;id&quot;:&quot;&quot;,&quot;size&quot;:&quot;&quot;},&quot;jet_parallax_layout_speed&quot;:{&quot;unit&quot;:&quot;%&quot;,&quot;size&quot;:50,&quot;sizes&quot;:[]},&quot;jet_parallax_layout_type&quot;:&quot;scroll&quot;,&quot;jet_parallax_layout_direction&quot;:&quot;1&quot;,&quot;jet_parallax_layout_fx_direction&quot;:null,&quot;jet_parallax_layout_z_index&quot;:&quot;&quot;,&quot;jet_parallax_layout_bg_x&quot;:50,&quot;jet_parallax_layout_bg_x_tablet&quot;:&quot;&quot;,&quot;jet_parallax_layout_bg_x_mobile&quot;:&quot;&quot;,&quot;jet_parallax_layout_bg_y&quot;:50,&quot;jet_parallax_layout_bg_y_tablet&quot;:&quot;&quot;,&quot;jet_parallax_layout_bg_y_mobile&quot;:&quot;&quot;,&quot;jet_parallax_layout_bg_size&quot;:&quot;auto&quot;,&quot;jet_parallax_layout_bg_size_tablet&quot;:&quot;&quot;,&quot;jet_parallax_layout_bg_size_mobile&quot;:&quot;&quot;,&quot;jet_parallax_layout_animation_prop&quot;:&quot;transform&quot;,&quot;jet_parallax_layout_on&quot;:[&quot;desktop&quot;,&quot;tablet&quot;]}]}\">\n\t\t\t\t\t\t<div class=\"elementor-container elementor-column-gap-default\">\n\t\t\t\t\t<div class=\"elementor-column elementor-col-100 elementor-top-column elementor-element elementor-element-66161df\" data-id=\"66161df\" data-element_type=\"column\" data-e-type=\"column\">\n\t\t\t<div class=\"elementor-widget-wrap elementor-element-populated\">\n\t\t\t\t\t\t<div class=\"elementor-element elementor-element-4d0bd5e elementor-widget elementor-widget-spacer\" data-id=\"4d0bd5e\" data-element_type=\"widget\" data-e-type=\"widget\" data-widget_type=\"spacer.default\">\n\t\t\t\t<div class=\"elementor-widget-container\">\n\t\t\t\t\t\t\t<div class=\"elementor-spacer\">\n\t\t\t<div class=\"elementor-spacer-inner\"><\/div>\n\t\t<\/div>\n\t\t\t\t\t\t<\/div>\n\t\t\t\t<\/div>\n\t\t\t\t\t<\/div>\n\t\t<\/div>\n\t\t\t\t\t<\/div>\n\t\t<\/section>\n\t\t\t\t<\/div>\n\t\t","protected":false},"excerpt":{"rendered":"<p>https:\/\/www.linkedin.com\/in\/vikasmohansharma Neuraxpharm Vikas Mohan Sharma Vikas je ved\u00faci pracovn\u00edk v odvetv\u00ed s viac ako 25-ro\u010dn\u00fdmi sk\u00fasenos\u0165ami v oblasti zdravotnej starostlivosti a klinick\u00e9ho v\u00fdskumu, ktor\u00fd vedie vysokohodnotn\u00e9 klinick\u00e9 a lek\u00e1rske vedeck\u00e9 t\u00edmy vo viacer\u00fdch terapeutick\u00fdch oblastiach s cie\u013eom dosiahnu\u0165 \u00faspe\u0161n\u00e9 m\u00ed\u013eniky vo v\u00fdvoji a programoch vo ve\u013ek\u00fdch farmaceutick\u00fdch a klinick\u00fdch v\u00fdskumn\u00fdch organiz\u00e1ci\u00e1ch (CRO). Zast\u00e1val poz\u00edcie hlavn\u00e9ho [&hellip;]<\/p>\n","protected":false},"author":2493,"featured_media":0,"parent":1998,"menu_order":0,"comment_status":"closed","ping_status":"closed","template":"elementor_header_footer","meta":{"_acf_changed":false,"footnotes":""},"class_list":["post-26595","page","type-page","status-publish","hentry"],"yoast_head":"<!-- This site is optimized with the Yoast SEO Premium plugin v27.2 (Yoast SEO v27.2) - https:\/\/yoast.com\/product\/yoast-seo-premium-wordpress\/ -->\n<title>Vikas Mohan Sharma - Neuraxpharm SK<\/title>\n<meta name=\"robots\" content=\"index, follow, max-snippet:-1, max-image-preview:large, max-video-preview:-1\" \/>\n<link rel=\"canonical\" href=\"https:\/\/www.neuraxpharm.com\/sk\/o-nas\/directiecomite\/vikas-mohan-sharma\" \/>\n<meta property=\"og:locale\" content=\"sk_SK\" \/>\n<meta property=\"og:type\" content=\"article\" \/>\n<meta property=\"og:title\" content=\"Vikas Mohan Sharma\" \/>\n<meta property=\"og:description\" content=\"https:\/\/www.linkedin.com\/in\/vikasmohansharma Neuraxpharm Vikas Mohan Sharma Vikas je ved\u00faci pracovn\u00edk v odvetv\u00ed s viac ako 25-ro\u010dn\u00fdmi sk\u00fasenos\u0165ami v oblasti zdravotnej starostlivosti a klinick\u00e9ho v\u00fdskumu, ktor\u00fd vedie vysokohodnotn\u00e9 klinick\u00e9 a lek\u00e1rske vedeck\u00e9 t\u00edmy vo viacer\u00fdch terapeutick\u00fdch oblastiach s cie\u013eom dosiahnu\u0165 \u00faspe\u0161n\u00e9 m\u00ed\u013eniky vo v\u00fdvoji a programoch vo ve\u013ek\u00fdch farmaceutick\u00fdch a klinick\u00fdch v\u00fdskumn\u00fdch organiz\u00e1ci\u00e1ch (CRO). Zast\u00e1val poz\u00edcie hlavn\u00e9ho [&hellip;]\" \/>\n<meta property=\"og:url\" content=\"https:\/\/www.neuraxpharm.com\/sk\/o-nas\/directiecomite\/vikas-mohan-sharma\" \/>\n<meta property=\"og:site_name\" content=\"Neuraxpharm SK\" \/>\n<meta property=\"article:modified_time\" content=\"2025-09-09T10:56:05+00:00\" \/>\n<meta property=\"og:image\" content=\"https:\/\/www.neuraxpharm.com\/sk\/wp-content\/uploads\/sites\/28\/2025\/09\/imgi-7-vikas-mohan-sharma.png\" \/>\n<meta name=\"twitter:card\" content=\"summary_large_image\" \/>\n<meta name=\"twitter:label1\" content=\"Predpokladan\u00fd \u010das \u010d\u00edtania\" \/>\n\t<meta name=\"twitter:data1\" content=\"2 min\u00faty\" \/>\n<script type=\"application\/ld+json\" class=\"yoast-schema-graph\">{\"@context\":\"https:\/\/schema.org\",\"@graph\":[{\"@type\":\"WebPage\",\"@id\":\"https:\/\/www.neuraxpharm.com\/sk\/o-nas\/directiecomite\/vikas-mohan-sharma\",\"url\":\"https:\/\/www.neuraxpharm.com\/sk\/o-nas\/directiecomite\/vikas-mohan-sharma\",\"name\":\"Vikas Mohan Sharma - Neuraxpharm SK\",\"isPartOf\":{\"@id\":\"https:\/\/www.neuraxpharm.com\/sk\/#website\"},\"primaryImageOfPage\":{\"@id\":\"https:\/\/www.neuraxpharm.com\/sk\/o-nas\/directiecomite\/vikas-mohan-sharma#primaryimage\"},\"image\":{\"@id\":\"https:\/\/www.neuraxpharm.com\/sk\/o-nas\/directiecomite\/vikas-mohan-sharma#primaryimage\"},\"thumbnailUrl\":\"https:\/\/www.neuraxpharm.com\/sk\/wp-content\/uploads\/sites\/28\/2025\/09\/imgi-7-vikas-mohan-sharma.png\",\"datePublished\":\"2025-09-09T10:40:38+00:00\",\"dateModified\":\"2025-09-09T10:56:05+00:00\",\"breadcrumb\":{\"@id\":\"https:\/\/www.neuraxpharm.com\/sk\/o-nas\/directiecomite\/vikas-mohan-sharma#breadcrumb\"},\"inLanguage\":\"sk-SK\",\"potentialAction\":[{\"@type\":\"ReadAction\",\"target\":[\"https:\/\/www.neuraxpharm.com\/sk\/o-nas\/directiecomite\/vikas-mohan-sharma\"]}]},{\"@type\":\"ImageObject\",\"inLanguage\":\"sk-SK\",\"@id\":\"https:\/\/www.neuraxpharm.com\/sk\/o-nas\/directiecomite\/vikas-mohan-sharma#primaryimage\",\"url\":\"https:\/\/static.neuraxpharm.com\/wp-content\/uploads\/sites\/28\/2025\/09\/09104126\/imgi-7-vikas-mohan-sharma.png\",\"contentUrl\":\"https:\/\/static.neuraxpharm.com\/wp-content\/uploads\/sites\/28\/2025\/09\/09104126\/imgi-7-vikas-mohan-sharma.png\",\"width\":716,\"height\":700},{\"@type\":\"BreadcrumbList\",\"@id\":\"https:\/\/www.neuraxpharm.com\/sk\/o-nas\/directiecomite\/vikas-mohan-sharma#breadcrumb\",\"itemListElement\":[{\"@type\":\"ListItem\",\"position\":1,\"name\":\"Home\",\"item\":\"https:\/\/www.neuraxpharm.com\/sk\/\"},{\"@type\":\"ListItem\",\"position\":2,\"name\":\"O n\u00e1s\",\"item\":\"https:\/\/www.neuraxpharm.com\/sk\/o-nas\"},{\"@type\":\"ListItem\",\"position\":3,\"name\":\"V\u00fdkonn\u00e1 rada\",\"item\":\"https:\/\/www.neuraxpharm.com\/sk\/o-nas\/directiecomite\"},{\"@type\":\"ListItem\",\"position\":4,\"name\":\"Vikas Mohan Sharma\"}]},{\"@type\":\"WebSite\",\"@id\":\"https:\/\/www.neuraxpharm.com\/sk\/#website\",\"url\":\"https:\/\/www.neuraxpharm.com\/sk\/\",\"name\":\"Neuraxpharm SK\",\"description\":\"A European Leader for the CNS products\",\"potentialAction\":[{\"@type\":\"SearchAction\",\"target\":{\"@type\":\"EntryPoint\",\"urlTemplate\":\"https:\/\/www.neuraxpharm.com\/sk\/?s={search_term_string}\"},\"query-input\":{\"@type\":\"PropertyValueSpecification\",\"valueRequired\":true,\"valueName\":\"search_term_string\"}}],\"inLanguage\":\"sk-SK\"}]}<\/script>\n<!-- \/ Yoast SEO Premium plugin. -->","yoast_head_json":{"title":"Vikas Mohan Sharma - Neuraxpharm SK","robots":{"index":"index","follow":"follow","max-snippet":"max-snippet:-1","max-image-preview":"max-image-preview:large","max-video-preview":"max-video-preview:-1"},"canonical":"https:\/\/www.neuraxpharm.com\/sk\/o-nas\/directiecomite\/vikas-mohan-sharma","og_locale":"sk_SK","og_type":"article","og_title":"Vikas Mohan Sharma","og_description":"https:\/\/www.linkedin.com\/in\/vikasmohansharma Neuraxpharm Vikas Mohan Sharma Vikas je ved\u00faci pracovn\u00edk v odvetv\u00ed s viac ako 25-ro\u010dn\u00fdmi sk\u00fasenos\u0165ami v oblasti zdravotnej starostlivosti a klinick\u00e9ho v\u00fdskumu, ktor\u00fd vedie vysokohodnotn\u00e9 klinick\u00e9 a lek\u00e1rske vedeck\u00e9 t\u00edmy vo viacer\u00fdch terapeutick\u00fdch oblastiach s cie\u013eom dosiahnu\u0165 \u00faspe\u0161n\u00e9 m\u00ed\u013eniky vo v\u00fdvoji a programoch vo ve\u013ek\u00fdch farmaceutick\u00fdch a klinick\u00fdch v\u00fdskumn\u00fdch organiz\u00e1ci\u00e1ch (CRO). Zast\u00e1val poz\u00edcie hlavn\u00e9ho [&hellip;]","og_url":"https:\/\/www.neuraxpharm.com\/sk\/o-nas\/directiecomite\/vikas-mohan-sharma","og_site_name":"Neuraxpharm SK","article_modified_time":"2025-09-09T10:56:05+00:00","og_image":[{"url":"https:\/\/www.neuraxpharm.com\/sk\/wp-content\/uploads\/sites\/28\/2025\/09\/imgi-7-vikas-mohan-sharma.png","type":"","width":"","height":""}],"twitter_card":"summary_large_image","twitter_misc":{"Predpokladan\u00fd \u010das \u010d\u00edtania":"2 min\u00faty"},"schema":{"@context":"https:\/\/schema.org","@graph":[{"@type":"WebPage","@id":"https:\/\/www.neuraxpharm.com\/sk\/o-nas\/directiecomite\/vikas-mohan-sharma","url":"https:\/\/www.neuraxpharm.com\/sk\/o-nas\/directiecomite\/vikas-mohan-sharma","name":"Vikas Mohan Sharma - Neuraxpharm SK","isPartOf":{"@id":"https:\/\/www.neuraxpharm.com\/sk\/#website"},"primaryImageOfPage":{"@id":"https:\/\/www.neuraxpharm.com\/sk\/o-nas\/directiecomite\/vikas-mohan-sharma#primaryimage"},"image":{"@id":"https:\/\/www.neuraxpharm.com\/sk\/o-nas\/directiecomite\/vikas-mohan-sharma#primaryimage"},"thumbnailUrl":"https:\/\/www.neuraxpharm.com\/sk\/wp-content\/uploads\/sites\/28\/2025\/09\/imgi-7-vikas-mohan-sharma.png","datePublished":"2025-09-09T10:40:38+00:00","dateModified":"2025-09-09T10:56:05+00:00","breadcrumb":{"@id":"https:\/\/www.neuraxpharm.com\/sk\/o-nas\/directiecomite\/vikas-mohan-sharma#breadcrumb"},"inLanguage":"sk-SK","potentialAction":[{"@type":"ReadAction","target":["https:\/\/www.neuraxpharm.com\/sk\/o-nas\/directiecomite\/vikas-mohan-sharma"]}]},{"@type":"ImageObject","inLanguage":"sk-SK","@id":"https:\/\/www.neuraxpharm.com\/sk\/o-nas\/directiecomite\/vikas-mohan-sharma#primaryimage","url":"https:\/\/static.neuraxpharm.com\/wp-content\/uploads\/sites\/28\/2025\/09\/09104126\/imgi-7-vikas-mohan-sharma.png","contentUrl":"https:\/\/static.neuraxpharm.com\/wp-content\/uploads\/sites\/28\/2025\/09\/09104126\/imgi-7-vikas-mohan-sharma.png","width":716,"height":700},{"@type":"BreadcrumbList","@id":"https:\/\/www.neuraxpharm.com\/sk\/o-nas\/directiecomite\/vikas-mohan-sharma#breadcrumb","itemListElement":[{"@type":"ListItem","position":1,"name":"Home","item":"https:\/\/www.neuraxpharm.com\/sk\/"},{"@type":"ListItem","position":2,"name":"O n\u00e1s","item":"https:\/\/www.neuraxpharm.com\/sk\/o-nas"},{"@type":"ListItem","position":3,"name":"V\u00fdkonn\u00e1 rada","item":"https:\/\/www.neuraxpharm.com\/sk\/o-nas\/directiecomite"},{"@type":"ListItem","position":4,"name":"Vikas Mohan Sharma"}]},{"@type":"WebSite","@id":"https:\/\/www.neuraxpharm.com\/sk\/#website","url":"https:\/\/www.neuraxpharm.com\/sk\/","name":"Neuraxpharm SK","description":"A European Leader for the CNS products","potentialAction":[{"@type":"SearchAction","target":{"@type":"EntryPoint","urlTemplate":"https:\/\/www.neuraxpharm.com\/sk\/?s={search_term_string}"},"query-input":{"@type":"PropertyValueSpecification","valueRequired":true,"valueName":"search_term_string"}}],"inLanguage":"sk-SK"}]}},"acf":[],"_links":{"self":[{"href":"https:\/\/www.neuraxpharm.com\/sk\/wp-json\/wp\/v2\/pages\/26595","targetHints":{"allow":["GET"]}}],"collection":[{"href":"https:\/\/www.neuraxpharm.com\/sk\/wp-json\/wp\/v2\/pages"}],"about":[{"href":"https:\/\/www.neuraxpharm.com\/sk\/wp-json\/wp\/v2\/types\/page"}],"author":[{"embeddable":true,"href":"https:\/\/www.neuraxpharm.com\/sk\/wp-json\/wp\/v2\/users\/2493"}],"replies":[{"embeddable":true,"href":"https:\/\/www.neuraxpharm.com\/sk\/wp-json\/wp\/v2\/comments?post=26595"}],"version-history":[{"count":7,"href":"https:\/\/www.neuraxpharm.com\/sk\/wp-json\/wp\/v2\/pages\/26595\/revisions"}],"predecessor-version":[{"id":26655,"href":"https:\/\/www.neuraxpharm.com\/sk\/wp-json\/wp\/v2\/pages\/26595\/revisions\/26655"}],"up":[{"embeddable":true,"href":"https:\/\/www.neuraxpharm.com\/sk\/wp-json\/wp\/v2\/pages\/1998"}],"wp:attachment":[{"href":"https:\/\/www.neuraxpharm.com\/sk\/wp-json\/wp\/v2\/media?parent=26595"}],"curies":[{"name":"wp","href":"https:\/\/api.w.org\/{rel}","templated":true}]}}