{"id":21341,"date":"2021-05-06T15:37:29","date_gmt":"2021-05-06T15:37:29","guid":{"rendered":"https:\/\/neuraxpharm.com\/it\/?page_id=21341"},"modified":"2023-05-23T15:45:15","modified_gmt":"2023-05-23T15:45:15","slug":"farmakovigilancia","status":"publish","type":"page","link":"https:\/\/www.neuraxpharm.com\/sk\/kontakt\/farmakovigilancia","title":{"rendered":"Farmakovigilancia"},"content":{"rendered":"\t\t<div data-elementor-type=\"wp-page\" data-elementor-id=\"21341\" class=\"elementor elementor-21341\" data-elementor-post-type=\"page\">\n\t\t\t\t\t\t<section class=\"elementor-section elementor-top-section elementor-element elementor-element-0f45bca elementor-section-boxed elementor-section-height-default elementor-section-height-default\" data-id=\"0f45bca\" data-element_type=\"section\" data-e-type=\"section\" data-settings=\"{&quot;jet_parallax_layout_list&quot;:[{&quot;jet_parallax_layout_image&quot;:{&quot;url&quot;:&quot;&quot;,&quot;id&quot;:&quot;&quot;,&quot;size&quot;:&quot;&quot;},&quot;_id&quot;:&quot;50f3740&quot;,&quot;jet_parallax_layout_image_tablet&quot;:{&quot;url&quot;:&quot;&quot;,&quot;id&quot;:&quot;&quot;,&quot;size&quot;:&quot;&quot;},&quot;jet_parallax_layout_image_mobile&quot;:{&quot;url&quot;:&quot;&quot;,&quot;id&quot;:&quot;&quot;,&quot;size&quot;:&quot;&quot;},&quot;jet_parallax_layout_speed&quot;:{&quot;unit&quot;:&quot;%&quot;,&quot;size&quot;:50,&quot;sizes&quot;:[]},&quot;jet_parallax_layout_type&quot;:&quot;scroll&quot;,&quot;jet_parallax_layout_direction&quot;:&quot;1&quot;,&quot;jet_parallax_layout_fx_direction&quot;:null,&quot;jet_parallax_layout_z_index&quot;:&quot;&quot;,&quot;jet_parallax_layout_bg_x&quot;:50,&quot;jet_parallax_layout_bg_x_tablet&quot;:&quot;&quot;,&quot;jet_parallax_layout_bg_x_mobile&quot;:&quot;&quot;,&quot;jet_parallax_layout_bg_y&quot;:50,&quot;jet_parallax_layout_bg_y_tablet&quot;:&quot;&quot;,&quot;jet_parallax_layout_bg_y_mobile&quot;:&quot;&quot;,&quot;jet_parallax_layout_bg_size&quot;:&quot;auto&quot;,&quot;jet_parallax_layout_bg_size_tablet&quot;:&quot;&quot;,&quot;jet_parallax_layout_bg_size_mobile&quot;:&quot;&quot;,&quot;jet_parallax_layout_animation_prop&quot;:&quot;transform&quot;,&quot;jet_parallax_layout_on&quot;:[&quot;desktop&quot;,&quot;tablet&quot;]}]}\">\n\t\t\t\t\t\t<div class=\"elementor-container elementor-column-gap-default\">\n\t\t\t\t\t<div class=\"elementor-column elementor-col-100 elementor-top-column elementor-element elementor-element-dc6833c\" data-id=\"dc6833c\" data-element_type=\"column\" data-e-type=\"column\">\n\t\t\t<div class=\"elementor-widget-wrap elementor-element-populated\">\n\t\t\t\t\t\t<div class=\"elementor-element elementor-element-afcc3d5 elementor-widget elementor-widget-heading\" data-id=\"afcc3d5\" data-element_type=\"widget\" data-e-type=\"widget\" data-widget_type=\"heading.default\">\n\t\t\t\t<div class=\"elementor-widget-container\">\n\t\t\t\t\t<h1 class=\"elementor-heading-title elementor-size-default\">Farmakovigilancia<\/h1>\t\t\t\t<\/div>\n\t\t\t\t<\/div>\n\t\t\t\t<div class=\"elementor-element elementor-element-03adcac elementor-widget elementor-widget-text-editor\" data-id=\"03adcac\" data-element_type=\"widget\" data-e-type=\"widget\" data-widget_type=\"text-editor.default\">\n\t\t\t\t<div class=\"elementor-widget-container\">\n\t\t\t\t\t\t\t\t\t<strong>Oznamovanie ne\u017eiaducich reakci\u00ed<\/strong>\n\nNe\u017eiaducu reakciu na liek m\u00f4\u017eete nahl\u00e1si\u0165 t\u00fdmito sp\u00f4sobmi:\n<ul style=\"padding-bottom: 15px;\">\n \t<li>E-mail: <a href=\"mailto:pv-bohemia@neuraxpharm.com\">pv-bohemia@neuraxpharm.com<\/a><\/li>\n \t<li>Telef\u00f3n: +421 2 333 251 49<\/li>\n<\/ul>\n<strong>Ak chcete nahl\u00e1si\u0165 ved\u013eaj\u0161ie \u00fa\u010dinky, kliknite tu<\/strong>\n\nAk m\u00e1te ak\u00e9ko\u013evek zdravotn\u00e9 probl\u00e9my alebo ot\u00e1zky t\u00fdkaj\u00face sa niektor\u00e9ho z na\u0161ich produktov, kontaktujte n\u00e1s prostredn\u00edctvom:\n<ul style=\"padding-bottom: 15px;\">\n \t<li>E-mail: <a href=\"mailto:medinfo-bohemia@neuraxpharm.com\">medinfo-bohemia@neuraxpharm.com<\/a><\/li>\n \t<li>Telef\u00f3n: +421 2 333 251 49<\/li>\n<\/ul>\nVa\u0161e osobn\u00e9 \u00fadaje bude sprac\u00fava\u0165 spolo\u010dnos\u0165 Neuraxpharm. Viac inform\u00e1ci\u00ed o na\u0161ich z\u00e1sad\u00e1ch ochrany osobn\u00fdch \u00fadajov n\u00e1jdete <a href=\"https:\/\/www.neuraxpharm.com\/sk\/ochrana-osobnych-udajov\">tu<\/a>.\t\t\t\t\t\t\t\t<\/div>\n\t\t\t\t<\/div>\n\t\t\t\t\t<\/div>\n\t\t<\/div>\n\t\t\t\t\t<\/div>\n\t\t<\/section>\n\t\t\t\t<\/div>\n\t\t","protected":false},"excerpt":{"rendered":"<p>Farmakovigilancia Oznamovanie ne\u017eiaducich reakci\u00ed Ne\u017eiaducu reakciu na liek m\u00f4\u017eete nahl\u00e1si\u0165 t\u00fdmito sp\u00f4sobmi: E-mail: pv-bohemia@neuraxpharm.com Telef\u00f3n: +421 2 333 251 49 Ak chcete nahl\u00e1si\u0165 ved\u013eaj\u0161ie \u00fa\u010dinky, kliknite tu Ak m\u00e1te ak\u00e9ko\u013evek zdravotn\u00e9 probl\u00e9my alebo ot\u00e1zky t\u00fdkaj\u00face sa niektor\u00e9ho z na\u0161ich produktov, kontaktujte n\u00e1s prostredn\u00edctvom: E-mail: medinfo-bohemia@neuraxpharm.com Telef\u00f3n: +421 2 333 251 49 Va\u0161e osobn\u00e9 \u00fadaje bude [&hellip;]<\/p>\n","protected":false},"author":1,"featured_media":0,"parent":3392,"menu_order":0,"comment_status":"closed","ping_status":"closed","template":"elementor_header_footer","meta":{"_acf_changed":false,"footnotes":""},"class_list":["post-21341","page","type-page","status-publish","hentry"],"yoast_head":"<!-- This site is optimized with the Yoast SEO Premium plugin v27.2 (Yoast SEO v27.2) - https:\/\/yoast.com\/product\/yoast-seo-premium-wordpress\/ -->\n<title>Farmakovigilancia - Neuraxpharm SK<\/title>\n<meta name=\"robots\" content=\"index, follow, max-snippet:-1, max-image-preview:large, max-video-preview:-1\" \/>\n<link rel=\"canonical\" href=\"https:\/\/www.neuraxpharm.com\/sk\/kontakt\/farmakovigilancia\" \/>\n<meta property=\"og:locale\" content=\"sk_SK\" \/>\n<meta property=\"og:type\" content=\"article\" \/>\n<meta property=\"og:title\" content=\"Farmakovigilancia\" \/>\n<meta property=\"og:description\" content=\"Farmakovigilancia Oznamovanie ne\u017eiaducich reakci\u00ed Ne\u017eiaducu reakciu na liek m\u00f4\u017eete nahl\u00e1si\u0165 t\u00fdmito sp\u00f4sobmi: E-mail: pv-bohemia@neuraxpharm.com Telef\u00f3n: +421 2 333 251 49 Ak chcete nahl\u00e1si\u0165 ved\u013eaj\u0161ie \u00fa\u010dinky, kliknite tu Ak m\u00e1te ak\u00e9ko\u013evek zdravotn\u00e9 probl\u00e9my alebo ot\u00e1zky t\u00fdkaj\u00face sa niektor\u00e9ho z na\u0161ich produktov, kontaktujte n\u00e1s prostredn\u00edctvom: E-mail: medinfo-bohemia@neuraxpharm.com Telef\u00f3n: +421 2 333 251 49 Va\u0161e osobn\u00e9 \u00fadaje bude [&hellip;]\" \/>\n<meta property=\"og:url\" content=\"https:\/\/www.neuraxpharm.com\/sk\/kontakt\/farmakovigilancia\" \/>\n<meta property=\"og:site_name\" content=\"Neuraxpharm SK\" \/>\n<meta property=\"article:modified_time\" content=\"2023-05-23T15:45:15+00:00\" \/>\n<meta name=\"twitter:card\" content=\"summary_large_image\" \/>\n<meta name=\"twitter:label1\" content=\"Predpokladan\u00fd \u010das \u010d\u00edtania\" \/>\n\t<meta name=\"twitter:data1\" content=\"1 min\u00fata\" \/>\n<script type=\"application\/ld+json\" class=\"yoast-schema-graph\">{\"@context\":\"https:\/\/schema.org\",\"@graph\":[{\"@type\":\"WebPage\",\"@id\":\"https:\/\/www.neuraxpharm.com\/sk\/kontakt\/farmakovigilancia\",\"url\":\"https:\/\/www.neuraxpharm.com\/sk\/kontakt\/farmakovigilancia\",\"name\":\"Farmakovigilancia - Neuraxpharm SK\",\"isPartOf\":{\"@id\":\"https:\/\/www.neuraxpharm.com\/sk\/#website\"},\"datePublished\":\"2021-05-06T15:37:29+00:00\",\"dateModified\":\"2023-05-23T15:45:15+00:00\",\"breadcrumb\":{\"@id\":\"https:\/\/www.neuraxpharm.com\/sk\/kontakt\/farmakovigilancia#breadcrumb\"},\"inLanguage\":\"sk-SK\",\"potentialAction\":[{\"@type\":\"ReadAction\",\"target\":[\"https:\/\/www.neuraxpharm.com\/sk\/kontakt\/farmakovigilancia\"]}]},{\"@type\":\"BreadcrumbList\",\"@id\":\"https:\/\/www.neuraxpharm.com\/sk\/kontakt\/farmakovigilancia#breadcrumb\",\"itemListElement\":[{\"@type\":\"ListItem\",\"position\":1,\"name\":\"Home\",\"item\":\"https:\/\/www.neuraxpharm.com\/sk\/\"},{\"@type\":\"ListItem\",\"position\":2,\"name\":\"Kontakt\",\"item\":\"https:\/\/www.neuraxpharm.com\/sk\/kontakt\"},{\"@type\":\"ListItem\",\"position\":3,\"name\":\"Farmakovigilancia\"}]},{\"@type\":\"WebSite\",\"@id\":\"https:\/\/www.neuraxpharm.com\/sk\/#website\",\"url\":\"https:\/\/www.neuraxpharm.com\/sk\/\",\"name\":\"Neuraxpharm SK\",\"description\":\"A European Leader for the CNS products\",\"potentialAction\":[{\"@type\":\"SearchAction\",\"target\":{\"@type\":\"EntryPoint\",\"urlTemplate\":\"https:\/\/www.neuraxpharm.com\/sk\/?s={search_term_string}\"},\"query-input\":{\"@type\":\"PropertyValueSpecification\",\"valueRequired\":true,\"valueName\":\"search_term_string\"}}],\"inLanguage\":\"sk-SK\"}]}<\/script>\n<!-- \/ Yoast SEO Premium plugin. -->","yoast_head_json":{"title":"Farmakovigilancia - Neuraxpharm SK","robots":{"index":"index","follow":"follow","max-snippet":"max-snippet:-1","max-image-preview":"max-image-preview:large","max-video-preview":"max-video-preview:-1"},"canonical":"https:\/\/www.neuraxpharm.com\/sk\/kontakt\/farmakovigilancia","og_locale":"sk_SK","og_type":"article","og_title":"Farmakovigilancia","og_description":"Farmakovigilancia Oznamovanie ne\u017eiaducich reakci\u00ed Ne\u017eiaducu reakciu na liek m\u00f4\u017eete nahl\u00e1si\u0165 t\u00fdmito sp\u00f4sobmi: E-mail: pv-bohemia@neuraxpharm.com Telef\u00f3n: +421 2 333 251 49 Ak chcete nahl\u00e1si\u0165 ved\u013eaj\u0161ie \u00fa\u010dinky, kliknite tu Ak m\u00e1te ak\u00e9ko\u013evek zdravotn\u00e9 probl\u00e9my alebo ot\u00e1zky t\u00fdkaj\u00face sa niektor\u00e9ho z na\u0161ich produktov, kontaktujte n\u00e1s prostredn\u00edctvom: E-mail: medinfo-bohemia@neuraxpharm.com Telef\u00f3n: +421 2 333 251 49 Va\u0161e osobn\u00e9 \u00fadaje bude [&hellip;]","og_url":"https:\/\/www.neuraxpharm.com\/sk\/kontakt\/farmakovigilancia","og_site_name":"Neuraxpharm SK","article_modified_time":"2023-05-23T15:45:15+00:00","twitter_card":"summary_large_image","twitter_misc":{"Predpokladan\u00fd \u010das \u010d\u00edtania":"1 min\u00fata"},"schema":{"@context":"https:\/\/schema.org","@graph":[{"@type":"WebPage","@id":"https:\/\/www.neuraxpharm.com\/sk\/kontakt\/farmakovigilancia","url":"https:\/\/www.neuraxpharm.com\/sk\/kontakt\/farmakovigilancia","name":"Farmakovigilancia - Neuraxpharm SK","isPartOf":{"@id":"https:\/\/www.neuraxpharm.com\/sk\/#website"},"datePublished":"2021-05-06T15:37:29+00:00","dateModified":"2023-05-23T15:45:15+00:00","breadcrumb":{"@id":"https:\/\/www.neuraxpharm.com\/sk\/kontakt\/farmakovigilancia#breadcrumb"},"inLanguage":"sk-SK","potentialAction":[{"@type":"ReadAction","target":["https:\/\/www.neuraxpharm.com\/sk\/kontakt\/farmakovigilancia"]}]},{"@type":"BreadcrumbList","@id":"https:\/\/www.neuraxpharm.com\/sk\/kontakt\/farmakovigilancia#breadcrumb","itemListElement":[{"@type":"ListItem","position":1,"name":"Home","item":"https:\/\/www.neuraxpharm.com\/sk\/"},{"@type":"ListItem","position":2,"name":"Kontakt","item":"https:\/\/www.neuraxpharm.com\/sk\/kontakt"},{"@type":"ListItem","position":3,"name":"Farmakovigilancia"}]},{"@type":"WebSite","@id":"https:\/\/www.neuraxpharm.com\/sk\/#website","url":"https:\/\/www.neuraxpharm.com\/sk\/","name":"Neuraxpharm SK","description":"A European Leader for the CNS products","potentialAction":[{"@type":"SearchAction","target":{"@type":"EntryPoint","urlTemplate":"https:\/\/www.neuraxpharm.com\/sk\/?s={search_term_string}"},"query-input":{"@type":"PropertyValueSpecification","valueRequired":true,"valueName":"search_term_string"}}],"inLanguage":"sk-SK"}]}},"acf":[],"_links":{"self":[{"href":"https:\/\/www.neuraxpharm.com\/sk\/wp-json\/wp\/v2\/pages\/21341","targetHints":{"allow":["GET"]}}],"collection":[{"href":"https:\/\/www.neuraxpharm.com\/sk\/wp-json\/wp\/v2\/pages"}],"about":[{"href":"https:\/\/www.neuraxpharm.com\/sk\/wp-json\/wp\/v2\/types\/page"}],"author":[{"embeddable":true,"href":"https:\/\/www.neuraxpharm.com\/sk\/wp-json\/wp\/v2\/users\/1"}],"replies":[{"embeddable":true,"href":"https:\/\/www.neuraxpharm.com\/sk\/wp-json\/wp\/v2\/comments?post=21341"}],"version-history":[{"count":80,"href":"https:\/\/www.neuraxpharm.com\/sk\/wp-json\/wp\/v2\/pages\/21341\/revisions"}],"predecessor-version":[{"id":26346,"href":"https:\/\/www.neuraxpharm.com\/sk\/wp-json\/wp\/v2\/pages\/21341\/revisions\/26346"}],"up":[{"embeddable":true,"href":"https:\/\/www.neuraxpharm.com\/sk\/wp-json\/wp\/v2\/pages\/3392"}],"wp:attachment":[{"href":"https:\/\/www.neuraxpharm.com\/sk\/wp-json\/wp\/v2\/media?parent=21341"}],"curies":[{"name":"wp","href":"https:\/\/api.w.org\/{rel}","templated":true}]}}