{"id":20537,"date":"2021-05-04T09:44:04","date_gmt":"2021-05-04T09:44:04","guid":{"rendered":"https:\/\/neuraxpharm.com\/it\/?page_id=20537"},"modified":"2022-07-13T11:00:01","modified_gmt":"2022-07-13T11:00:01","slug":"signup","status":"publish","type":"page","link":"https:\/\/www.neuraxpharm.com\/sk\/signup","title":{"rendered":"Register Page"},"content":{"rendered":"\t\t<div data-elementor-type=\"wp-page\" data-elementor-id=\"20537\" class=\"elementor elementor-20537\" data-elementor-post-type=\"page\">\n\t\t\t\t\t\t<section class=\"elementor-section elementor-top-section elementor-element elementor-element-5239f5e elementor-section-boxed elementor-section-height-default elementor-section-height-default\" data-id=\"5239f5e\" data-element_type=\"section\" data-e-type=\"section\" data-settings=\"{&quot;jet_parallax_layout_list&quot;:[{&quot;jet_parallax_layout_image&quot;:{&quot;url&quot;:&quot;&quot;,&quot;id&quot;:&quot;&quot;,&quot;size&quot;:&quot;&quot;},&quot;_id&quot;:&quot;c1efb2e&quot;,&quot;jet_parallax_layout_image_tablet&quot;:{&quot;url&quot;:&quot;&quot;,&quot;id&quot;:&quot;&quot;,&quot;size&quot;:&quot;&quot;},&quot;jet_parallax_layout_image_mobile&quot;:{&quot;url&quot;:&quot;&quot;,&quot;id&quot;:&quot;&quot;,&quot;size&quot;:&quot;&quot;},&quot;jet_parallax_layout_speed&quot;:{&quot;unit&quot;:&quot;%&quot;,&quot;size&quot;:50,&quot;sizes&quot;:[]},&quot;jet_parallax_layout_type&quot;:&quot;scroll&quot;,&quot;jet_parallax_layout_direction&quot;:&quot;1&quot;,&quot;jet_parallax_layout_fx_direction&quot;:null,&quot;jet_parallax_layout_z_index&quot;:&quot;&quot;,&quot;jet_parallax_layout_bg_x&quot;:50,&quot;jet_parallax_layout_bg_x_tablet&quot;:&quot;&quot;,&quot;jet_parallax_layout_bg_x_mobile&quot;:&quot;&quot;,&quot;jet_parallax_layout_bg_y&quot;:50,&quot;jet_parallax_layout_bg_y_tablet&quot;:&quot;&quot;,&quot;jet_parallax_layout_bg_y_mobile&quot;:&quot;&quot;,&quot;jet_parallax_layout_bg_size&quot;:&quot;auto&quot;,&quot;jet_parallax_layout_bg_size_tablet&quot;:&quot;&quot;,&quot;jet_parallax_layout_bg_size_mobile&quot;:&quot;&quot;,&quot;jet_parallax_layout_animation_prop&quot;:&quot;transform&quot;,&quot;jet_parallax_layout_on&quot;:[&quot;desktop&quot;,&quot;tablet&quot;]}]}\">\n\t\t\t\t\t\t<div class=\"elementor-container elementor-column-gap-default\">\n\t\t\t\t\t<div class=\"elementor-column elementor-col-50 elementor-top-column elementor-element elementor-element-1d4dd8a\" data-id=\"1d4dd8a\" data-element_type=\"column\" data-e-type=\"column\">\n\t\t\t<div class=\"elementor-widget-wrap elementor-element-populated\">\n\t\t\t\t\t\t<div class=\"elementor-element elementor-element-2bba6bc elementor-widget elementor-widget-heading\" data-id=\"2bba6bc\" data-element_type=\"widget\" data-e-type=\"widget\" data-widget_type=\"heading.default\">\n\t\t\t\t<div class=\"elementor-widget-container\">\n\t\t\t\t\t<h2 class=\"elementor-heading-title elementor-size-default\">Z\u00e1kazn\u00edkov<\/h2>\t\t\t\t<\/div>\n\t\t\t\t<\/div>\n\t\t\t\t<div class=\"elementor-element elementor-element-7aa0735 elementor-widget elementor-widget-text-editor\" data-id=\"7aa0735\" data-element_type=\"widget\" data-e-type=\"widget\" data-widget_type=\"text-editor.default\">\n\t\t\t\t<div class=\"elementor-widget-container\">\n\t\t\t\t\t\t\t\t\t<p style=\"text-align: center;\">Vytvorte si \u00fa\u010det pre jednoduch\u00e9 nakupovanie<\/p>\t\t\t\t\t\t\t\t<\/div>\n\t\t\t\t<\/div>\n\t\t\t\t<div class=\"elementor-element elementor-element-b5321c3 elementor-widget elementor-widget-shortcode\" data-id=\"b5321c3\" data-element_type=\"widget\" data-e-type=\"widget\" data-widget_type=\"shortcode.default\">\n\t\t\t\t<div class=\"elementor-widget-container\">\n\t\t\t\t\t\t\t<div class=\"elementor-shortcode\"><div class=\"woocommerce-notices-wrapper\"><\/div>        <form method=\"post\" class=\"woocommerce-form woocommerce-form-register register woocommerce-shortcode-register\"  >\n                    <div class=\"first-datos\">\n            <p class=\"form-row form-row-first\">\n            <label for=\"reg_billing_first_name\">Krstn\u00e9 meno<span class=\"required\">*<\/span><\/label>\n            <input type=\"text\" class=\"input-text\" name=\"billing_first_name\" id=\"reg_billing_first_name\" value=\"\" \/>\n            <\/p>\n            <p class=\"form-row form-row-last\">\n            <label for=\"reg_billing_last_name\">Priezvisko<span class=\"required\">*<\/span><\/label>\n            <input type=\"text\" class=\"input-text\" name=\"billing_last_name\" id=\"reg_billing_last_name\" value=\"\" \/>\n            <\/p>\n        <\/div>\n        <div class=\"clear\"><\/div>\n                                <p class=\"woocommerce-form-row woocommerce-form-row--wide form-row form-row-wide\">\n                <label for=\"reg_email\">E-mailov\u00e1 adresa <span class=\"required\">*<\/span><\/label>\n                <input type=\"email\" class=\"woocommerce-Input woocommerce-Input--text input-text\" name=\"email\" id=\"reg_email\" autocomplete=\"email\" value=\"\" \/>            <\/p>\n                            <p class=\"woocommerce-form-row woocommerce-form-row--wide form-row form-row-wide\">\n                <label for=\"reg_password\">Heslo <span class=\"required\">*<\/span><\/label>\n                <input type=\"password\" class=\"woocommerce-Input woocommerce-Input--text input-text\" name=\"password\" id=\"reg_password\" autocomplete=\"new-password\" \/>\n                <\/p>\n                        <wc-order-attribution-inputs><\/wc-order-attribution-inputs><p class=\"form-row form-row privacy validate-required\" id=\"privacy_policy_reg_field\" data-priority=\"\"><span class=\"woocommerce-input-wrapper\"><label class=\"checkbox woocommerce-form__label woocommerce-form__label-for-checkbox checkbox\" ><input type=\"checkbox\" name=\"privacy_policy_reg\" id=\"privacy_policy_reg\" value=\"1\" class=\"input-checkbox woocommerce-form__input woocommerce-form__input-checkbox input-checkbox\"  aria-required=\"true\" \/> Spolo\u010dnos\u0165 Neuraxpharm spracuje va\u0161e kontaktn\u00e9 \u00fadaje, aby v\u00e1m mohla zasiela\u0165 na\u0161e najnov\u0161ie novinky a propaga\u010dn\u00e9 akcie. Viac inform\u00e1ci\u00ed o \n            na\u0161e<a href=\"https:\/\/staging.neuraxpharm.com\/sk\/ochrana-osobnych-udajov\" rel=\"noopener\" target=\"_blank\"> Z\u00e1sady ochrany osobn\u00fdch \u00fadajov <\/a>.&nbsp;<span class=\"required\" aria-hidden=\"true\">*<\/span><\/label><\/span><\/p><div class=\"woocommerce-privacy-policy-text\"><\/div>            <p class=\"woocommerce-FormRow form-row\">\n                <input type=\"hidden\" id=\"woocommerce-register-nonce\" name=\"woocommerce-register-nonce\" value=\"4d7330918f\" \/><input type=\"hidden\" name=\"_wp_http_referer\" value=\"\/sk\/wp-json\/wp\/v2\/pages\/20537\" \/>                <button type=\"submit\" class=\"woocommerce-Button woocommerce-button button woocommerce-form-register__submit\" name=\"register\" value=\"Registrova\u0165 sa\">Registrova\u0165 sa<\/button>\n            <\/p>\n                    <\/form>\n    <\/div>\n\t\t\t\t\t\t<\/div>\n\t\t\t\t<\/div>\n\t\t\t\t\t<\/div>\n\t\t<\/div>\n\t\t\t\t<div class=\"elementor-column elementor-col-50 elementor-top-column elementor-element elementor-element-1e1cb2c\" data-id=\"1e1cb2c\" data-element_type=\"column\" data-e-type=\"column\">\n\t\t\t<div class=\"elementor-widget-wrap elementor-element-populated\">\n\t\t\t\t\t\t<div class=\"elementor-element elementor-element-562d36b elementor-widget elementor-widget-heading\" data-id=\"562d36b\" data-element_type=\"widget\" data-e-type=\"widget\" data-widget_type=\"heading.default\">\n\t\t\t\t<div class=\"elementor-widget-container\">\n\t\t\t\t\t<h2 class=\"elementor-heading-title elementor-size-default\">Zdravotn\u00edcki pracovn\u00edci<\/h2>\t\t\t\t<\/div>\n\t\t\t\t<\/div>\n\t\t\t\t<div class=\"elementor-element elementor-element-715dcb2 elementor-widget elementor-widget-text-editor\" data-id=\"715dcb2\" data-element_type=\"widget\" data-e-type=\"widget\" data-widget_type=\"text-editor.default\">\n\t\t\t\t<div class=\"elementor-widget-container\">\n\t\t\t\t\t\t\t\t\t<p>Pr\u00edstup k cel\u00e9mu n\u00e1\u0161mu portf\u00f3liu, podujatiam, \u0161koleniam a \u010fal\u0161\u00edm inform\u00e1ci\u00e1m<\/p>\t\t\t\t\t\t\t\t<\/div>\n\t\t\t\t<\/div>\n\t\t\t\t<div class=\"elementor-element elementor-element-28bb978 elementor-widget elementor-widget-shortcode\" data-id=\"28bb978\" data-element_type=\"widget\" data-e-type=\"widget\" data-widget_type=\"shortcode.default\">\n\t\t\t\t<div class=\"elementor-widget-container\">\n\t\t\t\t\t \n        \n        <form class=\"formulario_registro\" method = \"post\">\n            <div class=\"col-r\">\n                <div class=\"col-m\">\n                    <label for=\"\">Meno<\/label>\n                    <input type=\"text\" name=\"first_name\" required>\n                <\/div>\n                <div class=\"col-m\">\n                    <label for=\"\">Priezvisko<\/label>\n                    <input type=\"text\" name=\"last_name\" required>\t\t\t\n                <\/div>\n            <\/div>\n            <div class=\"col-rl\">\n                <label for=\"\">E-mail<\/label>\n                <input type=\"email\" name=\"email\" required>\n            <\/div>\n            <div class=\"col-rl\">\n                <label for=\"\">Heslo<\/label>\n                <input type=\"password\" name=\"password\" required>\n            <\/div>\n            <div class=\"col-rl\">\n                <label for=\"\">Telef\u00f3n<\/label>\n                <input type=\"text\" name=\"telefono\" required>\n            <\/div>\n            <div class=\"col-rl\"  >\n                <label for=\"\">Kolegi\u00e1lne \u010d\u00edslo<\/label>\n                <input type=\"text\" name=\"numero_colegiado\"  required >\n            <\/div>\n                        <div class=\"col-rl\">\n                <label for=\"\">Typ pou\u017e\u00edvate\u013ea<\/label>\n                <select name=\"tipo_usuario\" id=\"tipo_usuario\" required>\n                    <option value=\"pharmacists\">Lek\u00e1rnici<\/option>\n                    <option value=\"physicians\">Lek\u00e1ri<\/option>\n                                    <\/select> \n            <\/div>\n                        <div class=\"col-rl privacy_policy\">\n                <input type=\"checkbox\" name=\"privacy_policy\" value=\"true\" id=\"privacy_policy\"  required \/> \n                Spolo\u010dnos\u0165 Neuraxpharm spracuje va\u0161e kontaktn\u00e9 \u00fadaje, aby v\u00e1m mohla zasiela\u0165 na\u0161e najnov\u0161ie novinky a propaga\u010dn\u00e9 akcie. Viac inform\u00e1ci\u00ed o\n                na\u0161e <a href=\"https:\/\/staging.neuraxpharm.com\/sk\/zasady-pouzivania-suborov-cookie\" rel=\"noopener\" target=\"_blank\">Z\u00e1sady ochrany osobn\u00fdch \u00fadajov<\/a>.            <\/div>\n            <div class=\"col-rl\">\n                \n                <input type=\"hidden\" name=\"recaptcha_response\" id=\"recaptchaResponse\">\n                <input type=\"submit\" name=\"gg\" class=\"btn-enviar\" value=\"Posla\u0165\">\n            <\/div>        \n        <\/form>\n        \t\t<div class=\"elementor-shortcode\"><\/div>\n\t\t\t\t\t\t<\/div>\n\t\t\t\t<\/div>\n\t\t\t\t\t<\/div>\n\t\t<\/div>\n\t\t\t\t\t<\/div>\n\t\t<\/section>\n\t\t\t\t<section class=\"elementor-section elementor-top-section elementor-element elementor-element-4d07262 elementor-section-boxed elementor-section-height-default elementor-section-height-default\" data-id=\"4d07262\" data-element_type=\"section\" data-e-type=\"section\" data-settings=\"{&quot;jet_parallax_layout_list&quot;:[{&quot;jet_parallax_layout_image&quot;:{&quot;url&quot;:&quot;&quot;,&quot;id&quot;:&quot;&quot;,&quot;size&quot;:&quot;&quot;},&quot;_id&quot;:&quot;4ea2070&quot;,&quot;jet_parallax_layout_image_tablet&quot;:{&quot;url&quot;:&quot;&quot;,&quot;id&quot;:&quot;&quot;,&quot;size&quot;:&quot;&quot;},&quot;jet_parallax_layout_image_mobile&quot;:{&quot;url&quot;:&quot;&quot;,&quot;id&quot;:&quot;&quot;,&quot;size&quot;:&quot;&quot;},&quot;jet_parallax_layout_speed&quot;:{&quot;unit&quot;:&quot;%&quot;,&quot;size&quot;:50,&quot;sizes&quot;:[]},&quot;jet_parallax_layout_type&quot;:&quot;scroll&quot;,&quot;jet_parallax_layout_direction&quot;:&quot;1&quot;,&quot;jet_parallax_layout_fx_direction&quot;:null,&quot;jet_parallax_layout_z_index&quot;:&quot;&quot;,&quot;jet_parallax_layout_bg_x&quot;:50,&quot;jet_parallax_layout_bg_x_tablet&quot;:&quot;&quot;,&quot;jet_parallax_layout_bg_x_mobile&quot;:&quot;&quot;,&quot;jet_parallax_layout_bg_y&quot;:50,&quot;jet_parallax_layout_bg_y_tablet&quot;:&quot;&quot;,&quot;jet_parallax_layout_bg_y_mobile&quot;:&quot;&quot;,&quot;jet_parallax_layout_bg_size&quot;:&quot;auto&quot;,&quot;jet_parallax_layout_bg_size_tablet&quot;:&quot;&quot;,&quot;jet_parallax_layout_bg_size_mobile&quot;:&quot;&quot;,&quot;jet_parallax_layout_animation_prop&quot;:&quot;transform&quot;,&quot;jet_parallax_layout_on&quot;:[&quot;desktop&quot;,&quot;tablet&quot;]}]}\">\n\t\t\t\t\t\t<div class=\"elementor-container elementor-column-gap-default\">\n\t\t\t\t\t<div class=\"elementor-column elementor-col-100 elementor-top-column elementor-element elementor-element-69fc758\" data-id=\"69fc758\" data-element_type=\"column\" data-e-type=\"column\">\n\t\t\t<div class=\"elementor-widget-wrap elementor-element-populated\">\n\t\t\t\t\t\t<div class=\"elementor-element elementor-element-527323e elementor-widget__width-auto elementor-widget elementor-widget-text-editor\" data-id=\"527323e\" data-element_type=\"widget\" data-e-type=\"widget\" data-widget_type=\"text-editor.default\">\n\t\t\t\t<div class=\"elementor-widget-container\">\n\t\t\t\t\t\t\t\t\t<p>M\u00e1te \u00fa\u010det?\u00a0<\/p>\t\t\t\t\t\t\t\t<\/div>\n\t\t\t\t<\/div>\n\t\t\t\t<div class=\"elementor-element elementor-element-def447e elementor-widget__width-auto elementor-widget elementor-widget-heading\" data-id=\"def447e\" data-element_type=\"widget\" data-e-type=\"widget\" data-widget_type=\"heading.default\">\n\t\t\t\t<div class=\"elementor-widget-container\">\n\t\t\t\t\t<p class=\"elementor-heading-title elementor-size-default\"><a href=\"https:\/\/www.neuraxpharm.com\/sk\/my-account\">Prihl\u00e1si\u0165 sa<\/a><\/p>\t\t\t\t<\/div>\n\t\t\t\t<\/div>\n\t\t\t\t\t<\/div>\n\t\t<\/div>\n\t\t\t\t\t<\/div>\n\t\t<\/section>\n\t\t\t\t<\/div>\n\t\t","protected":false},"excerpt":{"rendered":"<p>Z\u00e1kazn\u00edkov Vytvorte si \u00fa\u010det pre jednoduch\u00e9 nakupovanie Zdravotn\u00edcki pracovn\u00edci Pr\u00edstup k cel\u00e9mu n\u00e1\u0161mu portf\u00f3liu, podujatiam, \u0161koleniam a \u010fal\u0161\u00edm inform\u00e1ci\u00e1m M\u00e1te \u00fa\u010det?\u00a0 Prihl\u00e1si\u0165 sa<\/p>\n","protected":false},"author":1,"featured_media":0,"parent":0,"menu_order":0,"comment_status":"closed","ping_status":"closed","template":"elementor_header_footer","meta":{"_acf_changed":false,"footnotes":""},"class_list":["post-20537","page","type-page","status-publish","hentry"],"yoast_head":"<!-- This site is optimized with the Yoast SEO Premium plugin v27.2 (Yoast SEO v27.2) - https:\/\/yoast.com\/product\/yoast-seo-premium-wordpress\/ -->\n<title>Register Page - Neuraxpharm SK<\/title>\n<meta name=\"robots\" content=\"index, follow, max-snippet:-1, max-image-preview:large, max-video-preview:-1\" \/>\n<link rel=\"canonical\" href=\"https:\/\/www.neuraxpharm.com\/sk\/signup\" \/>\n<meta property=\"og:locale\" content=\"sk_SK\" \/>\n<meta property=\"og:type\" content=\"article\" \/>\n<meta property=\"og:title\" content=\"Register Page\" \/>\n<meta property=\"og:description\" content=\"Z\u00e1kazn\u00edkov Vytvorte si \u00fa\u010det pre jednoduch\u00e9 nakupovanie Zdravotn\u00edcki pracovn\u00edci Pr\u00edstup k cel\u00e9mu n\u00e1\u0161mu portf\u00f3liu, podujatiam, \u0161koleniam a \u010fal\u0161\u00edm inform\u00e1ci\u00e1m M\u00e1te \u00fa\u010det?\u00a0 Prihl\u00e1si\u0165 sa\" \/>\n<meta property=\"og:url\" content=\"https:\/\/www.neuraxpharm.com\/sk\/signup\" \/>\n<meta property=\"og:site_name\" content=\"Neuraxpharm SK\" \/>\n<meta property=\"article:modified_time\" content=\"2022-07-13T11:00:01+00:00\" \/>\n<meta name=\"twitter:card\" content=\"summary_large_image\" \/>\n<meta name=\"twitter:label1\" content=\"Predpokladan\u00fd \u010das \u010d\u00edtania\" \/>\n\t<meta name=\"twitter:data1\" content=\"1 min\u00fata\" \/>\n<script type=\"application\/ld+json\" class=\"yoast-schema-graph\">{\"@context\":\"https:\/\/schema.org\",\"@graph\":[{\"@type\":\"WebPage\",\"@id\":\"https:\/\/www.neuraxpharm.com\/sk\/signup\",\"url\":\"https:\/\/www.neuraxpharm.com\/sk\/signup\",\"name\":\"Register Page - Neuraxpharm SK\",\"isPartOf\":{\"@id\":\"https:\/\/www.neuraxpharm.com\/sk\/#website\"},\"datePublished\":\"2021-05-04T09:44:04+00:00\",\"dateModified\":\"2022-07-13T11:00:01+00:00\",\"breadcrumb\":{\"@id\":\"https:\/\/www.neuraxpharm.com\/sk\/signup#breadcrumb\"},\"inLanguage\":\"sk-SK\",\"potentialAction\":[{\"@type\":\"ReadAction\",\"target\":[\"https:\/\/www.neuraxpharm.com\/sk\/signup\"]}]},{\"@type\":\"BreadcrumbList\",\"@id\":\"https:\/\/www.neuraxpharm.com\/sk\/signup#breadcrumb\",\"itemListElement\":[{\"@type\":\"ListItem\",\"position\":1,\"name\":\"Home\",\"item\":\"https:\/\/www.neuraxpharm.com\/sk\/\"},{\"@type\":\"ListItem\",\"position\":2,\"name\":\"Register Page\"}]},{\"@type\":\"WebSite\",\"@id\":\"https:\/\/www.neuraxpharm.com\/sk\/#website\",\"url\":\"https:\/\/www.neuraxpharm.com\/sk\/\",\"name\":\"Neuraxpharm SK\",\"description\":\"A European Leader for the CNS products\",\"potentialAction\":[{\"@type\":\"SearchAction\",\"target\":{\"@type\":\"EntryPoint\",\"urlTemplate\":\"https:\/\/www.neuraxpharm.com\/sk\/?s={search_term_string}\"},\"query-input\":{\"@type\":\"PropertyValueSpecification\",\"valueRequired\":true,\"valueName\":\"search_term_string\"}}],\"inLanguage\":\"sk-SK\"}]}<\/script>\n<!-- \/ Yoast SEO Premium plugin. -->","yoast_head_json":{"title":"Register Page - Neuraxpharm SK","robots":{"index":"index","follow":"follow","max-snippet":"max-snippet:-1","max-image-preview":"max-image-preview:large","max-video-preview":"max-video-preview:-1"},"canonical":"https:\/\/www.neuraxpharm.com\/sk\/signup","og_locale":"sk_SK","og_type":"article","og_title":"Register Page","og_description":"Z\u00e1kazn\u00edkov Vytvorte si \u00fa\u010det pre jednoduch\u00e9 nakupovanie Zdravotn\u00edcki pracovn\u00edci Pr\u00edstup k cel\u00e9mu n\u00e1\u0161mu portf\u00f3liu, podujatiam, \u0161koleniam a \u010fal\u0161\u00edm inform\u00e1ci\u00e1m M\u00e1te \u00fa\u010det?\u00a0 Prihl\u00e1si\u0165 sa","og_url":"https:\/\/www.neuraxpharm.com\/sk\/signup","og_site_name":"Neuraxpharm SK","article_modified_time":"2022-07-13T11:00:01+00:00","twitter_card":"summary_large_image","twitter_misc":{"Predpokladan\u00fd \u010das \u010d\u00edtania":"1 min\u00fata"},"schema":{"@context":"https:\/\/schema.org","@graph":[{"@type":"WebPage","@id":"https:\/\/www.neuraxpharm.com\/sk\/signup","url":"https:\/\/www.neuraxpharm.com\/sk\/signup","name":"Register Page - Neuraxpharm SK","isPartOf":{"@id":"https:\/\/www.neuraxpharm.com\/sk\/#website"},"datePublished":"2021-05-04T09:44:04+00:00","dateModified":"2022-07-13T11:00:01+00:00","breadcrumb":{"@id":"https:\/\/www.neuraxpharm.com\/sk\/signup#breadcrumb"},"inLanguage":"sk-SK","potentialAction":[{"@type":"ReadAction","target":["https:\/\/www.neuraxpharm.com\/sk\/signup"]}]},{"@type":"BreadcrumbList","@id":"https:\/\/www.neuraxpharm.com\/sk\/signup#breadcrumb","itemListElement":[{"@type":"ListItem","position":1,"name":"Home","item":"https:\/\/www.neuraxpharm.com\/sk\/"},{"@type":"ListItem","position":2,"name":"Register Page"}]},{"@type":"WebSite","@id":"https:\/\/www.neuraxpharm.com\/sk\/#website","url":"https:\/\/www.neuraxpharm.com\/sk\/","name":"Neuraxpharm SK","description":"A European Leader for the CNS products","potentialAction":[{"@type":"SearchAction","target":{"@type":"EntryPoint","urlTemplate":"https:\/\/www.neuraxpharm.com\/sk\/?s={search_term_string}"},"query-input":{"@type":"PropertyValueSpecification","valueRequired":true,"valueName":"search_term_string"}}],"inLanguage":"sk-SK"}]}},"acf":[],"_links":{"self":[{"href":"https:\/\/www.neuraxpharm.com\/sk\/wp-json\/wp\/v2\/pages\/20537","targetHints":{"allow":["GET"]}}],"collection":[{"href":"https:\/\/www.neuraxpharm.com\/sk\/wp-json\/wp\/v2\/pages"}],"about":[{"href":"https:\/\/www.neuraxpharm.com\/sk\/wp-json\/wp\/v2\/types\/page"}],"author":[{"embeddable":true,"href":"https:\/\/www.neuraxpharm.com\/sk\/wp-json\/wp\/v2\/users\/1"}],"replies":[{"embeddable":true,"href":"https:\/\/www.neuraxpharm.com\/sk\/wp-json\/wp\/v2\/comments?post=20537"}],"version-history":[{"count":114,"href":"https:\/\/www.neuraxpharm.com\/sk\/wp-json\/wp\/v2\/pages\/20537\/revisions"}],"predecessor-version":[{"id":25953,"href":"https:\/\/www.neuraxpharm.com\/sk\/wp-json\/wp\/v2\/pages\/20537\/revisions\/25953"}],"wp:attachment":[{"href":"https:\/\/www.neuraxpharm.com\/sk\/wp-json\/wp\/v2\/media?parent=20537"}],"curies":[{"name":"wp","href":"https:\/\/api.w.org\/{rel}","templated":true}]}}