{"id":15772,"date":"2021-04-13T08:16:45","date_gmt":"2021-04-13T08:16:45","guid":{"rendered":"https:\/\/neuraxpharm.com\/v2\/?page_id=15772"},"modified":"2023-03-27T15:55:43","modified_gmt":"2023-03-27T15:55:43","slug":"jorg-thomas-dierks","status":"publish","type":"page","link":"https:\/\/www.neuraxpharm.com\/sk\/o-nas\/directiecomite\/jorg-thomas-dierks","title":{"rendered":"DR J\u00d6RG-THOMAS DIERKS"},"content":{"rendered":"\t\t<div data-elementor-type=\"wp-page\" data-elementor-id=\"15772\" class=\"elementor elementor-15772\" data-elementor-post-type=\"page\">\n\t\t\t\t\t\t<section class=\"elementor-section elementor-top-section elementor-element elementor-element-7f808905 elementor-section-boxed elementor-section-height-default elementor-section-height-default\" data-id=\"7f808905\" data-element_type=\"section\" data-e-type=\"section\" data-settings=\"{&quot;jet_parallax_layout_list&quot;:[{&quot;jet_parallax_layout_image&quot;:{&quot;url&quot;:&quot;&quot;,&quot;id&quot;:&quot;&quot;,&quot;size&quot;:&quot;&quot;},&quot;_id&quot;:&quot;f02b98c&quot;,&quot;jet_parallax_layout_image_tablet&quot;:{&quot;url&quot;:&quot;&quot;,&quot;id&quot;:&quot;&quot;,&quot;size&quot;:&quot;&quot;},&quot;jet_parallax_layout_image_mobile&quot;:{&quot;url&quot;:&quot;&quot;,&quot;id&quot;:&quot;&quot;,&quot;size&quot;:&quot;&quot;},&quot;jet_parallax_layout_speed&quot;:{&quot;unit&quot;:&quot;%&quot;,&quot;size&quot;:50,&quot;sizes&quot;:[]},&quot;jet_parallax_layout_type&quot;:&quot;scroll&quot;,&quot;jet_parallax_layout_direction&quot;:&quot;1&quot;,&quot;jet_parallax_layout_fx_direction&quot;:null,&quot;jet_parallax_layout_z_index&quot;:&quot;&quot;,&quot;jet_parallax_layout_bg_x&quot;:50,&quot;jet_parallax_layout_bg_x_tablet&quot;:&quot;&quot;,&quot;jet_parallax_layout_bg_x_mobile&quot;:&quot;&quot;,&quot;jet_parallax_layout_bg_y&quot;:50,&quot;jet_parallax_layout_bg_y_tablet&quot;:&quot;&quot;,&quot;jet_parallax_layout_bg_y_mobile&quot;:&quot;&quot;,&quot;jet_parallax_layout_bg_size&quot;:&quot;auto&quot;,&quot;jet_parallax_layout_bg_size_tablet&quot;:&quot;&quot;,&quot;jet_parallax_layout_bg_size_mobile&quot;:&quot;&quot;,&quot;jet_parallax_layout_animation_prop&quot;:&quot;transform&quot;,&quot;jet_parallax_layout_on&quot;:[&quot;desktop&quot;,&quot;tablet&quot;]}]}\">\n\t\t\t\t\t\t<div class=\"elementor-container elementor-column-gap-default\">\n\t\t\t\t\t<div class=\"elementor-column elementor-col-33 elementor-top-column elementor-element elementor-element-3d70389b\" data-id=\"3d70389b\" data-element_type=\"column\" data-e-type=\"column\">\n\t\t\t<div class=\"elementor-widget-wrap elementor-element-populated\">\n\t\t\t\t\t\t<div class=\"elementor-element elementor-element-75ad8cba elementor-widget elementor-widget-image\" data-id=\"75ad8cba\" data-element_type=\"widget\" data-e-type=\"widget\" data-widget_type=\"image.default\">\n\t\t\t\t<div class=\"elementor-widget-container\">\n\t\t\t\t\t\t\t\t\t\t\t\t\t\t\t<img fetchpriority=\"high\" decoding=\"async\" width=\"716\" height=\"700\" src=\"https:\/\/static.neuraxpharm.com\/wp-content\/uploads\/sites\/28\/2023\/03\/27155216\/dr-jorg-thomas-dierks.jpg\" class=\"attachment-large size-large wp-image-26271\" alt=\"\" srcset=\"https:\/\/static.neuraxpharm.com\/wp-content\/uploads\/sites\/28\/2023\/03\/27155216\/dr-jorg-thomas-dierks.jpg 716w, https:\/\/static.neuraxpharm.com\/wp-content\/uploads\/sites\/28\/2023\/03\/27155216\/dr-jorg-thomas-dierks-300x293.jpg 300w, https:\/\/static.neuraxpharm.com\/wp-content\/uploads\/sites\/28\/2023\/03\/27155216\/dr-jorg-thomas-dierks-600x587.jpg 600w\" sizes=\"(max-width: 716px) 100vw, 716px\" \/>\t\t\t\t\t\t\t\t\t\t\t\t\t\t\t<\/div>\n\t\t\t\t<\/div>\n\t\t\t\t<section class=\"elementor-section elementor-inner-section elementor-element elementor-element-74b8bffa elementor-section-content-top elementor-section-boxed elementor-section-height-default elementor-section-height-default\" data-id=\"74b8bffa\" data-element_type=\"section\" data-e-type=\"section\" data-settings=\"{&quot;jet_parallax_layout_list&quot;:[{&quot;jet_parallax_layout_image&quot;:{&quot;url&quot;:&quot;&quot;,&quot;id&quot;:&quot;&quot;,&quot;size&quot;:&quot;&quot;},&quot;_id&quot;:&quot;5f899ce&quot;,&quot;jet_parallax_layout_image_tablet&quot;:{&quot;url&quot;:&quot;&quot;,&quot;id&quot;:&quot;&quot;,&quot;size&quot;:&quot;&quot;},&quot;jet_parallax_layout_image_mobile&quot;:{&quot;url&quot;:&quot;&quot;,&quot;id&quot;:&quot;&quot;,&quot;size&quot;:&quot;&quot;},&quot;jet_parallax_layout_speed&quot;:{&quot;unit&quot;:&quot;%&quot;,&quot;size&quot;:50,&quot;sizes&quot;:[]},&quot;jet_parallax_layout_type&quot;:&quot;scroll&quot;,&quot;jet_parallax_layout_direction&quot;:&quot;1&quot;,&quot;jet_parallax_layout_fx_direction&quot;:null,&quot;jet_parallax_layout_z_index&quot;:&quot;&quot;,&quot;jet_parallax_layout_bg_x&quot;:50,&quot;jet_parallax_layout_bg_x_tablet&quot;:&quot;&quot;,&quot;jet_parallax_layout_bg_x_mobile&quot;:&quot;&quot;,&quot;jet_parallax_layout_bg_y&quot;:50,&quot;jet_parallax_layout_bg_y_tablet&quot;:&quot;&quot;,&quot;jet_parallax_layout_bg_y_mobile&quot;:&quot;&quot;,&quot;jet_parallax_layout_bg_size&quot;:&quot;auto&quot;,&quot;jet_parallax_layout_bg_size_tablet&quot;:&quot;&quot;,&quot;jet_parallax_layout_bg_size_mobile&quot;:&quot;&quot;,&quot;jet_parallax_layout_animation_prop&quot;:&quot;transform&quot;,&quot;jet_parallax_layout_on&quot;:[&quot;desktop&quot;,&quot;tablet&quot;]}]}\">\n\t\t\t\t\t\t<div class=\"elementor-container elementor-column-gap-default\">\n\t\t\t\t\t<div class=\"elementor-column elementor-col-50 elementor-inner-column elementor-element elementor-element-60646bf2\" data-id=\"60646bf2\" data-element_type=\"column\" data-e-type=\"column\">\n\t\t\t<div class=\"elementor-widget-wrap elementor-element-populated\">\n\t\t\t\t\t\t<div class=\"elementor-element elementor-element-15700adb elementor-view-default elementor-widget elementor-widget-icon\" data-id=\"15700adb\" data-element_type=\"widget\" data-e-type=\"widget\" data-widget_type=\"icon.default\">\n\t\t\t\t<div class=\"elementor-widget-container\">\n\t\t\t\t\t\t\t<div class=\"elementor-icon-wrapper\">\n\t\t\t<div class=\"elementor-icon\">\n\t\t\t<i aria-hidden=\"true\" class=\"fab fa-linkedin-in\"><\/i>\t\t\t<\/div>\n\t\t<\/div>\n\t\t\t\t\t\t<\/div>\n\t\t\t\t<\/div>\n\t\t\t\t\t<\/div>\n\t\t<\/div>\n\t\t\t\t<div class=\"elementor-column elementor-col-50 elementor-inner-column elementor-element elementor-element-15490b\" data-id=\"15490b\" data-element_type=\"column\" data-e-type=\"column\">\n\t\t\t<div class=\"elementor-widget-wrap elementor-element-populated\">\n\t\t\t\t\t\t<div class=\"elementor-element elementor-element-1cc52f3 elementor-widget elementor-widget-heading\" data-id=\"1cc52f3\" data-element_type=\"widget\" data-e-type=\"widget\" data-widget_type=\"heading.default\">\n\t\t\t\t<div class=\"elementor-widget-container\">\n\t\t\t\t\t<p class=\"elementor-heading-title elementor-size-default\"><a href=\"https:\/\/www.linkedin.com\/in\/jorg-thomas-dierks\/\" target=\"_blank\">https:\/\/www.linkedin.com\/in\/jorg-thomas-dierks\/<\/a><\/p>\t\t\t\t<\/div>\n\t\t\t\t<\/div>\n\t\t\t\t\t<\/div>\n\t\t<\/div>\n\t\t\t\t\t<\/div>\n\t\t<\/section>\n\t\t\t\t\t<\/div>\n\t\t<\/div>\n\t\t\t\t<div class=\"elementor-column elementor-col-66 elementor-top-column elementor-element elementor-element-17640048\" data-id=\"17640048\" data-element_type=\"column\" data-e-type=\"column\">\n\t\t\t<div class=\"elementor-widget-wrap elementor-element-populated\">\n\t\t\t\t\t\t<div class=\"elementor-element elementor-element-3453d9e5 elementor-widget elementor-widget-jet-breadcrumbs\" data-id=\"3453d9e5\" data-element_type=\"widget\" data-e-type=\"widget\" data-widget_type=\"jet-breadcrumbs.default\">\n\t\t\t\t<div class=\"elementor-widget-container\">\n\t\t\t\t\t<div class=\"elementor-jet-breadcrumbs jet-blocks\">\n\t\t<div class=\"jet-breadcrumbs\">\n\t\t<div class=\"jet-breadcrumbs__content\">\n\t\t<div class=\"jet-breadcrumbs__wrap\"><div class=\"jet-breadcrumbs__item\"><a href=\"https:\/\/www.neuraxpharm.com\/sk\/\" class=\"jet-breadcrumbs__item-link is-home\" rel=\"home\" title=\"Neuraxpharm\">Neuraxpharm<\/a><\/div>\n\t\t<\/div>\n\t\t<\/div>\n\t\t<\/div><\/div>\t\t\t\t<\/div>\n\t\t\t\t<\/div>\n\t\t\t\t<div class=\"elementor-element elementor-element-e5e84e8 elementor-widget elementor-widget-heading\" data-id=\"e5e84e8\" data-element_type=\"widget\" data-e-type=\"widget\" data-widget_type=\"heading.default\">\n\t\t\t\t<div class=\"elementor-widget-container\">\n\t\t\t\t\t<h1 class=\"elementor-heading-title elementor-size-default\">DR J\u00d6RG-THOMAS DIERKS<\/h1>\t\t\t\t<\/div>\n\t\t\t\t<\/div>\n\t\t\t\t<div class=\"elementor-element elementor-element-614cff3 elementor-widget elementor-widget-text-editor\" data-id=\"614cff3\" data-element_type=\"widget\" data-e-type=\"widget\" data-widget_type=\"text-editor.default\">\n\t\t\t\t<div class=\"elementor-widget-container\">\n\t\t\t\t\t\t\t\t\t<p>Dr. Dierks m\u00e1 30-ro\u010dn\u00e9 sk\u00fasenosti v oblasti zdravotn\u00edctva a zast\u00e1val viacero ved\u00facich poz\u00edci\u00ed vo farmaceutickom priemysle. Do spolo\u010dnosti Neuraxpharm nast\u00fapil v roku 2018 z predch\u00e1dzaj\u00facej poz\u00edcie Chief Executive Officer (CEO) \u0161v\u00e9dskej \u0161pecializovanej farmaceutickej spolo\u010dnosti Meda, ktor\u00fa zast\u00e1val od roku 2013.<\/p><p>J\u00f6rg bol od roku 2005 Chief Operating Officer spolo\u010dnosti Meda a ist\u00fd \u010das zast\u00e1val aj funkciu Chief Scientific Officer. Po\u010das mnoh\u00fdch rokov sa v\u00fdznamne podie\u013eal na rozvoji spolo\u010dnosti a v roku 2016 viedol jej predaj spolo\u010dnosti Mylan za 10 mld. dol\u00e1rov.<\/p><p>Pred n\u00e1stupom do spolo\u010dnosti Meda bol J\u00f6rg Chief Operating Officer farmaceutickej spolo\u010dnosti Viatris so s\u00eddlom v Nemecku.<\/p><p>J\u00f6rg sa narodil v Bad Kreuznach v Nemecku a vy\u0161tudoval hum\u00e1nnu medic\u00ednu na univerzite Johannes-Gutenberg-Universit\u00e4t zu Mainz. To zah\u0155\u0148alo pr\u00e1cu na rok v nemocnici v Koblenzi v roku 1986, \u010d\u00edm z\u00edskal titul lek\u00e1ra. O rok nesk\u00f4r z\u00edskal J\u00f6rg titul doktora medic\u00edny. Vy\u0161tudoval aj obchodn\u00fa administrat\u00edvu pre vedcov na univerzite Fernuniversit\u00e4t Gesamthochschule v Hagene.<\/p>\t\t\t\t\t\t\t\t<\/div>\n\t\t\t\t<\/div>\n\t\t\t\t\t<\/div>\n\t\t<\/div>\n\t\t\t\t\t<\/div>\n\t\t<\/section>\n\t\t\t\t<section class=\"elementor-section elementor-top-section elementor-element elementor-element-bacc1a9 elementor-section-boxed elementor-section-height-default elementor-section-height-default\" data-id=\"bacc1a9\" data-element_type=\"section\" data-e-type=\"section\" data-settings=\"{&quot;jet_parallax_layout_list&quot;:[{&quot;jet_parallax_layout_image&quot;:{&quot;url&quot;:&quot;&quot;,&quot;id&quot;:&quot;&quot;,&quot;size&quot;:&quot;&quot;},&quot;_id&quot;:&quot;e7d9f21&quot;,&quot;jet_parallax_layout_image_tablet&quot;:{&quot;url&quot;:&quot;&quot;,&quot;id&quot;:&quot;&quot;,&quot;size&quot;:&quot;&quot;},&quot;jet_parallax_layout_image_mobile&quot;:{&quot;url&quot;:&quot;&quot;,&quot;id&quot;:&quot;&quot;,&quot;size&quot;:&quot;&quot;},&quot;jet_parallax_layout_speed&quot;:{&quot;unit&quot;:&quot;%&quot;,&quot;size&quot;:50,&quot;sizes&quot;:[]},&quot;jet_parallax_layout_type&quot;:&quot;scroll&quot;,&quot;jet_parallax_layout_direction&quot;:&quot;1&quot;,&quot;jet_parallax_layout_fx_direction&quot;:null,&quot;jet_parallax_layout_z_index&quot;:&quot;&quot;,&quot;jet_parallax_layout_bg_x&quot;:50,&quot;jet_parallax_layout_bg_x_tablet&quot;:&quot;&quot;,&quot;jet_parallax_layout_bg_x_mobile&quot;:&quot;&quot;,&quot;jet_parallax_layout_bg_y&quot;:50,&quot;jet_parallax_layout_bg_y_tablet&quot;:&quot;&quot;,&quot;jet_parallax_layout_bg_y_mobile&quot;:&quot;&quot;,&quot;jet_parallax_layout_bg_size&quot;:&quot;auto&quot;,&quot;jet_parallax_layout_bg_size_tablet&quot;:&quot;&quot;,&quot;jet_parallax_layout_bg_size_mobile&quot;:&quot;&quot;,&quot;jet_parallax_layout_animation_prop&quot;:&quot;transform&quot;,&quot;jet_parallax_layout_on&quot;:[&quot;desktop&quot;,&quot;tablet&quot;]}]}\">\n\t\t\t\t\t\t<div class=\"elementor-container elementor-column-gap-default\">\n\t\t\t\t\t<div class=\"elementor-column elementor-col-100 elementor-top-column elementor-element elementor-element-7080505\" data-id=\"7080505\" data-element_type=\"column\" data-e-type=\"column\">\n\t\t\t<div class=\"elementor-widget-wrap elementor-element-populated\">\n\t\t\t\t\t\t<div class=\"elementor-element elementor-element-53f8d38 elementor-widget elementor-widget-spacer\" data-id=\"53f8d38\" data-element_type=\"widget\" data-e-type=\"widget\" data-widget_type=\"spacer.default\">\n\t\t\t\t<div class=\"elementor-widget-container\">\n\t\t\t\t\t\t\t<div class=\"elementor-spacer\">\n\t\t\t<div class=\"elementor-spacer-inner\"><\/div>\n\t\t<\/div>\n\t\t\t\t\t\t<\/div>\n\t\t\t\t<\/div>\n\t\t\t\t\t<\/div>\n\t\t<\/div>\n\t\t\t\t\t<\/div>\n\t\t<\/section>\n\t\t\t\t<\/div>\n\t\t","protected":false},"excerpt":{"rendered":"<p>https:\/\/www.linkedin.com\/in\/jorg-thomas-dierks\/ Neuraxpharm DR J\u00d6RG-THOMAS DIERKS Dr. Dierks m\u00e1 30-ro\u010dn\u00e9 sk\u00fasenosti v oblasti zdravotn\u00edctva a zast\u00e1val viacero ved\u00facich poz\u00edci\u00ed vo farmaceutickom priemysle. Do spolo\u010dnosti Neuraxpharm nast\u00fapil v roku 2018 z predch\u00e1dzaj\u00facej poz\u00edcie Chief Executive Officer (CEO) \u0161v\u00e9dskej \u0161pecializovanej farmaceutickej spolo\u010dnosti Meda, ktor\u00fa zast\u00e1val od roku 2013. J\u00f6rg bol od roku 2005 Chief Operating Officer spolo\u010dnosti Meda [&hellip;]<\/p>\n","protected":false},"author":1,"featured_media":0,"parent":1998,"menu_order":0,"comment_status":"closed","ping_status":"closed","template":"elementor_header_footer","meta":{"_acf_changed":false,"footnotes":""},"class_list":["post-15772","page","type-page","status-publish","hentry"],"yoast_head":"<!-- This site is optimized with the Yoast SEO Premium plugin v27.2 (Yoast SEO v27.2) - https:\/\/yoast.com\/product\/yoast-seo-premium-wordpress\/ -->\n<title>DR J\u00d6RG-THOMAS DIERKS - Neuraxpharm SK<\/title>\n<meta name=\"robots\" content=\"index, follow, max-snippet:-1, max-image-preview:large, max-video-preview:-1\" \/>\n<link rel=\"canonical\" href=\"https:\/\/www.neuraxpharm.com\/sk\/o-nas\/directiecomite\/jorg-thomas-dierks\" \/>\n<meta property=\"og:locale\" content=\"sk_SK\" \/>\n<meta property=\"og:type\" content=\"article\" \/>\n<meta property=\"og:title\" content=\"DR J\u00d6RG-THOMAS DIERKS\" \/>\n<meta property=\"og:description\" content=\"https:\/\/www.linkedin.com\/in\/jorg-thomas-dierks\/ Neuraxpharm DR J\u00d6RG-THOMAS DIERKS Dr. Dierks m\u00e1 30-ro\u010dn\u00e9 sk\u00fasenosti v oblasti zdravotn\u00edctva a zast\u00e1val viacero ved\u00facich poz\u00edci\u00ed vo farmaceutickom priemysle. Do spolo\u010dnosti Neuraxpharm nast\u00fapil v roku 2018 z predch\u00e1dzaj\u00facej poz\u00edcie Chief Executive Officer (CEO) \u0161v\u00e9dskej \u0161pecializovanej farmaceutickej spolo\u010dnosti Meda, ktor\u00fa zast\u00e1val od roku 2013. J\u00f6rg bol od roku 2005 Chief Operating Officer spolo\u010dnosti Meda [&hellip;]\" \/>\n<meta property=\"og:url\" content=\"https:\/\/www.neuraxpharm.com\/sk\/o-nas\/directiecomite\/jorg-thomas-dierks\" \/>\n<meta property=\"og:site_name\" content=\"Neuraxpharm SK\" \/>\n<meta property=\"article:modified_time\" content=\"2023-03-27T15:55:43+00:00\" \/>\n<meta property=\"og:image\" content=\"https:\/\/www.neuraxpharm.com\/sk\/wp-content\/uploads\/sites\/28\/2023\/03\/dr-jorg-thomas-dierks.jpg\" \/>\n<meta name=\"twitter:card\" content=\"summary_large_image\" \/>\n<meta name=\"twitter:label1\" content=\"Predpokladan\u00fd \u010das \u010d\u00edtania\" \/>\n\t<meta name=\"twitter:data1\" content=\"1 min\u00fata\" \/>\n<script type=\"application\/ld+json\" class=\"yoast-schema-graph\">{\"@context\":\"https:\/\/schema.org\",\"@graph\":[{\"@type\":\"WebPage\",\"@id\":\"https:\/\/www.neuraxpharm.com\/sk\/o-nas\/directiecomite\/jorg-thomas-dierks\",\"url\":\"https:\/\/www.neuraxpharm.com\/sk\/o-nas\/directiecomite\/jorg-thomas-dierks\",\"name\":\"DR J\u00d6RG-THOMAS DIERKS - Neuraxpharm SK\",\"isPartOf\":{\"@id\":\"https:\/\/www.neuraxpharm.com\/sk\/#website\"},\"primaryImageOfPage\":{\"@id\":\"https:\/\/www.neuraxpharm.com\/sk\/o-nas\/directiecomite\/jorg-thomas-dierks#primaryimage\"},\"image\":{\"@id\":\"https:\/\/www.neuraxpharm.com\/sk\/o-nas\/directiecomite\/jorg-thomas-dierks#primaryimage\"},\"thumbnailUrl\":\"https:\/\/www.neuraxpharm.com\/sk\/wp-content\/uploads\/sites\/28\/2023\/03\/dr-jorg-thomas-dierks.jpg\",\"datePublished\":\"2021-04-13T08:16:45+00:00\",\"dateModified\":\"2023-03-27T15:55:43+00:00\",\"breadcrumb\":{\"@id\":\"https:\/\/www.neuraxpharm.com\/sk\/o-nas\/directiecomite\/jorg-thomas-dierks#breadcrumb\"},\"inLanguage\":\"sk-SK\",\"potentialAction\":[{\"@type\":\"ReadAction\",\"target\":[\"https:\/\/www.neuraxpharm.com\/sk\/o-nas\/directiecomite\/jorg-thomas-dierks\"]}]},{\"@type\":\"ImageObject\",\"inLanguage\":\"sk-SK\",\"@id\":\"https:\/\/www.neuraxpharm.com\/sk\/o-nas\/directiecomite\/jorg-thomas-dierks#primaryimage\",\"url\":\"https:\/\/static.neuraxpharm.com\/wp-content\/uploads\/sites\/28\/2023\/03\/27155216\/dr-jorg-thomas-dierks.jpg\",\"contentUrl\":\"https:\/\/static.neuraxpharm.com\/wp-content\/uploads\/sites\/28\/2023\/03\/27155216\/dr-jorg-thomas-dierks.jpg\",\"width\":716,\"height\":700},{\"@type\":\"BreadcrumbList\",\"@id\":\"https:\/\/www.neuraxpharm.com\/sk\/o-nas\/directiecomite\/jorg-thomas-dierks#breadcrumb\",\"itemListElement\":[{\"@type\":\"ListItem\",\"position\":1,\"name\":\"Home\",\"item\":\"https:\/\/www.neuraxpharm.com\/sk\/\"},{\"@type\":\"ListItem\",\"position\":2,\"name\":\"O n\u00e1s\",\"item\":\"https:\/\/www.neuraxpharm.com\/sk\/o-nas\"},{\"@type\":\"ListItem\",\"position\":3,\"name\":\"V\u00fdkonn\u00e1 rada\",\"item\":\"https:\/\/www.neuraxpharm.com\/sk\/o-nas\/directiecomite\"},{\"@type\":\"ListItem\",\"position\":4,\"name\":\"DR J\u00d6RG-THOMAS DIERKS\"}]},{\"@type\":\"WebSite\",\"@id\":\"https:\/\/www.neuraxpharm.com\/sk\/#website\",\"url\":\"https:\/\/www.neuraxpharm.com\/sk\/\",\"name\":\"Neuraxpharm SK\",\"description\":\"A European Leader for the CNS products\",\"potentialAction\":[{\"@type\":\"SearchAction\",\"target\":{\"@type\":\"EntryPoint\",\"urlTemplate\":\"https:\/\/www.neuraxpharm.com\/sk\/?s={search_term_string}\"},\"query-input\":{\"@type\":\"PropertyValueSpecification\",\"valueRequired\":true,\"valueName\":\"search_term_string\"}}],\"inLanguage\":\"sk-SK\"}]}<\/script>\n<!-- \/ Yoast SEO Premium plugin. -->","yoast_head_json":{"title":"DR J\u00d6RG-THOMAS DIERKS - Neuraxpharm SK","robots":{"index":"index","follow":"follow","max-snippet":"max-snippet:-1","max-image-preview":"max-image-preview:large","max-video-preview":"max-video-preview:-1"},"canonical":"https:\/\/www.neuraxpharm.com\/sk\/o-nas\/directiecomite\/jorg-thomas-dierks","og_locale":"sk_SK","og_type":"article","og_title":"DR J\u00d6RG-THOMAS DIERKS","og_description":"https:\/\/www.linkedin.com\/in\/jorg-thomas-dierks\/ Neuraxpharm DR J\u00d6RG-THOMAS DIERKS Dr. Dierks m\u00e1 30-ro\u010dn\u00e9 sk\u00fasenosti v oblasti zdravotn\u00edctva a zast\u00e1val viacero ved\u00facich poz\u00edci\u00ed vo farmaceutickom priemysle. Do spolo\u010dnosti Neuraxpharm nast\u00fapil v roku 2018 z predch\u00e1dzaj\u00facej poz\u00edcie Chief Executive Officer (CEO) \u0161v\u00e9dskej \u0161pecializovanej farmaceutickej spolo\u010dnosti Meda, ktor\u00fa zast\u00e1val od roku 2013. J\u00f6rg bol od roku 2005 Chief Operating Officer spolo\u010dnosti Meda [&hellip;]","og_url":"https:\/\/www.neuraxpharm.com\/sk\/o-nas\/directiecomite\/jorg-thomas-dierks","og_site_name":"Neuraxpharm SK","article_modified_time":"2023-03-27T15:55:43+00:00","og_image":[{"url":"https:\/\/www.neuraxpharm.com\/sk\/wp-content\/uploads\/sites\/28\/2023\/03\/dr-jorg-thomas-dierks.jpg","type":"","width":"","height":""}],"twitter_card":"summary_large_image","twitter_misc":{"Predpokladan\u00fd \u010das \u010d\u00edtania":"1 min\u00fata"},"schema":{"@context":"https:\/\/schema.org","@graph":[{"@type":"WebPage","@id":"https:\/\/www.neuraxpharm.com\/sk\/o-nas\/directiecomite\/jorg-thomas-dierks","url":"https:\/\/www.neuraxpharm.com\/sk\/o-nas\/directiecomite\/jorg-thomas-dierks","name":"DR J\u00d6RG-THOMAS DIERKS - Neuraxpharm SK","isPartOf":{"@id":"https:\/\/www.neuraxpharm.com\/sk\/#website"},"primaryImageOfPage":{"@id":"https:\/\/www.neuraxpharm.com\/sk\/o-nas\/directiecomite\/jorg-thomas-dierks#primaryimage"},"image":{"@id":"https:\/\/www.neuraxpharm.com\/sk\/o-nas\/directiecomite\/jorg-thomas-dierks#primaryimage"},"thumbnailUrl":"https:\/\/www.neuraxpharm.com\/sk\/wp-content\/uploads\/sites\/28\/2023\/03\/dr-jorg-thomas-dierks.jpg","datePublished":"2021-04-13T08:16:45+00:00","dateModified":"2023-03-27T15:55:43+00:00","breadcrumb":{"@id":"https:\/\/www.neuraxpharm.com\/sk\/o-nas\/directiecomite\/jorg-thomas-dierks#breadcrumb"},"inLanguage":"sk-SK","potentialAction":[{"@type":"ReadAction","target":["https:\/\/www.neuraxpharm.com\/sk\/o-nas\/directiecomite\/jorg-thomas-dierks"]}]},{"@type":"ImageObject","inLanguage":"sk-SK","@id":"https:\/\/www.neuraxpharm.com\/sk\/o-nas\/directiecomite\/jorg-thomas-dierks#primaryimage","url":"https:\/\/static.neuraxpharm.com\/wp-content\/uploads\/sites\/28\/2023\/03\/27155216\/dr-jorg-thomas-dierks.jpg","contentUrl":"https:\/\/static.neuraxpharm.com\/wp-content\/uploads\/sites\/28\/2023\/03\/27155216\/dr-jorg-thomas-dierks.jpg","width":716,"height":700},{"@type":"BreadcrumbList","@id":"https:\/\/www.neuraxpharm.com\/sk\/o-nas\/directiecomite\/jorg-thomas-dierks#breadcrumb","itemListElement":[{"@type":"ListItem","position":1,"name":"Home","item":"https:\/\/www.neuraxpharm.com\/sk\/"},{"@type":"ListItem","position":2,"name":"O n\u00e1s","item":"https:\/\/www.neuraxpharm.com\/sk\/o-nas"},{"@type":"ListItem","position":3,"name":"V\u00fdkonn\u00e1 rada","item":"https:\/\/www.neuraxpharm.com\/sk\/o-nas\/directiecomite"},{"@type":"ListItem","position":4,"name":"DR J\u00d6RG-THOMAS DIERKS"}]},{"@type":"WebSite","@id":"https:\/\/www.neuraxpharm.com\/sk\/#website","url":"https:\/\/www.neuraxpharm.com\/sk\/","name":"Neuraxpharm SK","description":"A European Leader for the CNS products","potentialAction":[{"@type":"SearchAction","target":{"@type":"EntryPoint","urlTemplate":"https:\/\/www.neuraxpharm.com\/sk\/?s={search_term_string}"},"query-input":{"@type":"PropertyValueSpecification","valueRequired":true,"valueName":"search_term_string"}}],"inLanguage":"sk-SK"}]}},"acf":[],"_links":{"self":[{"href":"https:\/\/www.neuraxpharm.com\/sk\/wp-json\/wp\/v2\/pages\/15772","targetHints":{"allow":["GET"]}}],"collection":[{"href":"https:\/\/www.neuraxpharm.com\/sk\/wp-json\/wp\/v2\/pages"}],"about":[{"href":"https:\/\/www.neuraxpharm.com\/sk\/wp-json\/wp\/v2\/types\/page"}],"author":[{"embeddable":true,"href":"https:\/\/www.neuraxpharm.com\/sk\/wp-json\/wp\/v2\/users\/1"}],"replies":[{"embeddable":true,"href":"https:\/\/www.neuraxpharm.com\/sk\/wp-json\/wp\/v2\/comments?post=15772"}],"version-history":[{"count":35,"href":"https:\/\/www.neuraxpharm.com\/sk\/wp-json\/wp\/v2\/pages\/15772\/revisions"}],"predecessor-version":[{"id":26286,"href":"https:\/\/www.neuraxpharm.com\/sk\/wp-json\/wp\/v2\/pages\/15772\/revisions\/26286"}],"up":[{"embeddable":true,"href":"https:\/\/www.neuraxpharm.com\/sk\/wp-json\/wp\/v2\/pages\/1998"}],"wp:attachment":[{"href":"https:\/\/www.neuraxpharm.com\/sk\/wp-json\/wp\/v2\/media?parent=15772"}],"curies":[{"name":"wp","href":"https:\/\/api.w.org\/{rel}","templated":true}]}}