{"id":10002,"date":"2021-03-25T14:59:37","date_gmt":"2021-03-25T14:59:37","guid":{"rendered":"https:\/\/neuraxpharm.com\/v2\/?page_id=10002"},"modified":"2023-05-31T09:03:05","modified_gmt":"2023-05-31T09:03:05","slug":"zdroje","status":"publish","type":"page","link":"https:\/\/www.neuraxpharm.com\/sk\/lekarnik\/zdroje","title":{"rendered":"Zdroje"},"content":{"rendered":"<div class=\"members-access-error\">\t\t<div data-elementor-type=\"page\" data-elementor-id=\"18452\" class=\"elementor elementor-18452\" data-elementor-post-type=\"elementor_library\">\n\t\t\t\t\t\t<section class=\"elementor-section elementor-top-section elementor-element elementor-element-f6e1a4b elementor-section-boxed elementor-section-height-default elementor-section-height-default\" data-id=\"f6e1a4b\" data-element_type=\"section\" data-e-type=\"section\" data-settings=\"{&quot;jet_parallax_layout_list&quot;:[{&quot;jet_parallax_layout_image&quot;:{&quot;url&quot;:&quot;&quot;,&quot;id&quot;:&quot;&quot;,&quot;size&quot;:&quot;&quot;},&quot;_id&quot;:&quot;f5910cc&quot;,&quot;jet_parallax_layout_image_tablet&quot;:{&quot;url&quot;:&quot;&quot;,&quot;id&quot;:&quot;&quot;,&quot;size&quot;:&quot;&quot;},&quot;jet_parallax_layout_image_mobile&quot;:{&quot;url&quot;:&quot;&quot;,&quot;id&quot;:&quot;&quot;,&quot;size&quot;:&quot;&quot;},&quot;jet_parallax_layout_speed&quot;:{&quot;unit&quot;:&quot;%&quot;,&quot;size&quot;:50,&quot;sizes&quot;:[]},&quot;jet_parallax_layout_type&quot;:&quot;scroll&quot;,&quot;jet_parallax_layout_direction&quot;:&quot;1&quot;,&quot;jet_parallax_layout_fx_direction&quot;:null,&quot;jet_parallax_layout_z_index&quot;:&quot;&quot;,&quot;jet_parallax_layout_bg_x&quot;:50,&quot;jet_parallax_layout_bg_x_tablet&quot;:&quot;&quot;,&quot;jet_parallax_layout_bg_x_mobile&quot;:&quot;&quot;,&quot;jet_parallax_layout_bg_y&quot;:50,&quot;jet_parallax_layout_bg_y_tablet&quot;:&quot;&quot;,&quot;jet_parallax_layout_bg_y_mobile&quot;:&quot;&quot;,&quot;jet_parallax_layout_bg_size&quot;:&quot;auto&quot;,&quot;jet_parallax_layout_bg_size_tablet&quot;:&quot;&quot;,&quot;jet_parallax_layout_bg_size_mobile&quot;:&quot;&quot;,&quot;jet_parallax_layout_animation_prop&quot;:&quot;transform&quot;,&quot;jet_parallax_layout_on&quot;:[&quot;desktop&quot;,&quot;tablet&quot;]}]}\">\n\t\t\t\t\t\t<div class=\"elementor-container elementor-column-gap-default\">\n\t\t\t\t\t<div class=\"elementor-column elementor-col-100 elementor-top-column elementor-element elementor-element-9351236\" data-id=\"9351236\" data-element_type=\"column\" data-e-type=\"column\">\n\t\t\t<div class=\"elementor-widget-wrap elementor-element-populated\">\n\t\t\t\t\t\t<section class=\"elementor-section elementor-inner-section elementor-element elementor-element-b013df6 jedv-enabled--yes elementor-section-boxed elementor-section-height-default elementor-section-height-default\" data-id=\"b013df6\" data-element_type=\"section\" data-e-type=\"section\" data-settings=\"{&quot;jet_parallax_layout_list&quot;:[{&quot;jet_parallax_layout_image&quot;:{&quot;url&quot;:&quot;&quot;,&quot;id&quot;:&quot;&quot;,&quot;size&quot;:&quot;&quot;},&quot;_id&quot;:&quot;a916e5a&quot;,&quot;jet_parallax_layout_image_tablet&quot;:{&quot;url&quot;:&quot;&quot;,&quot;id&quot;:&quot;&quot;,&quot;size&quot;:&quot;&quot;},&quot;jet_parallax_layout_image_mobile&quot;:{&quot;url&quot;:&quot;&quot;,&quot;id&quot;:&quot;&quot;,&quot;size&quot;:&quot;&quot;},&quot;jet_parallax_layout_speed&quot;:{&quot;unit&quot;:&quot;%&quot;,&quot;size&quot;:50,&quot;sizes&quot;:[]},&quot;jet_parallax_layout_type&quot;:&quot;scroll&quot;,&quot;jet_parallax_layout_direction&quot;:&quot;1&quot;,&quot;jet_parallax_layout_fx_direction&quot;:null,&quot;jet_parallax_layout_z_index&quot;:&quot;&quot;,&quot;jet_parallax_layout_bg_x&quot;:50,&quot;jet_parallax_layout_bg_x_tablet&quot;:&quot;&quot;,&quot;jet_parallax_layout_bg_x_mobile&quot;:&quot;&quot;,&quot;jet_parallax_layout_bg_y&quot;:50,&quot;jet_parallax_layout_bg_y_tablet&quot;:&quot;&quot;,&quot;jet_parallax_layout_bg_y_mobile&quot;:&quot;&quot;,&quot;jet_parallax_layout_bg_size&quot;:&quot;auto&quot;,&quot;jet_parallax_layout_bg_size_tablet&quot;:&quot;&quot;,&quot;jet_parallax_layout_bg_size_mobile&quot;:&quot;&quot;,&quot;jet_parallax_layout_animation_prop&quot;:&quot;transform&quot;,&quot;jet_parallax_layout_on&quot;:[&quot;desktop&quot;,&quot;tablet&quot;]}]}\">\n\t\t\t\t\t\t<div class=\"elementor-container elementor-column-gap-default\">\n\t\t\t\t\t<div class=\"elementor-column elementor-col-33 elementor-inner-column elementor-element elementor-element-250a8c3\" data-id=\"250a8c3\" data-element_type=\"column\" data-e-type=\"column\">\n\t\t\t<div class=\"elementor-widget-wrap\">\n\t\t\t\t\t\t\t<\/div>\n\t\t<\/div>\n\t\t\t\t<div class=\"elementor-column elementor-col-33 elementor-inner-column elementor-element elementor-element-2e26a4d\" data-id=\"2e26a4d\" data-element_type=\"column\" data-e-type=\"column\">\n\t\t\t<div class=\"elementor-widget-wrap elementor-element-populated\">\n\t\t\t\t\t\t<div class=\"elementor-element elementor-element-867b89a elementor-widget elementor-widget-heading\" data-id=\"867b89a\" data-element_type=\"widget\" data-e-type=\"widget\" data-widget_type=\"heading.default\">\n\t\t\t\t<div class=\"elementor-widget-container\">\n\t\t\t\t\t<h3 class=\"elementor-heading-title elementor-size-default\">Vitaj sp\u00e4\u0165<\/h3>\t\t\t\t<\/div>\n\t\t\t\t<\/div>\n\t\t\t\t<div class=\"elementor-element elementor-element-e4f09be elementor-widget elementor-widget-heading\" data-id=\"e4f09be\" data-element_type=\"widget\" data-e-type=\"widget\" data-widget_type=\"heading.default\">\n\t\t\t\t<div class=\"elementor-widget-container\">\n\t\t\t\t\t<p class=\"elementor-heading-title elementor-size-default\">Ak chcete z\u00edska\u0165 pr\u00edstup k t\u00fdmto inform\u00e1ci\u00e1m, mus\u00edte pou\u017ei\u0165 svoje poverenia<\/p>\t\t\t\t<\/div>\n\t\t\t\t<\/div>\n\t\t\t\t<div class=\"elementor-element elementor-element-45aadc0 elementor-button-align-stretch selectores elementor-widget elementor-widget-login\" data-id=\"45aadc0\" data-element_type=\"widget\" data-e-type=\"widget\" data-widget_type=\"login.default\">\n\t\t\t\t<div class=\"elementor-widget-container\">\n\t\t\t\t\t\t\t<form class=\"elementor-login elementor-form\" method=\"post\" action=\"https:\/\/www.neuraxpharm.com\/sk\/panel-admin\/\" aria-label=\"Login form\">\n\t\t\t<input type=\"hidden\" name=\"redirect_to\" value=\"\/sk\/wp-json\/wp\/v2\/pages\/10002\">\n\t\t\t<div class=\"elementor-form-fields-wrapper\">\n\t\t\t\t<div class=\"elementor-field-type-text elementor-field-group elementor-column elementor-col-100 elementor-field-required\">\n\t\t\t\t\t<label for=\"user-45aadc0\" class=\"elementor-field-label\">E-mail<\/label>\n\t\t\t\t\t<input size=\"1\" type=\"text\" name=\"log\" id=\"user-45aadc0\" placeholder=\"\" class=\"elementor-field elementor-field-textual elementor-size-md\">\n\t\t\t\t<\/div>\n\t\t\t\t<div class=\"elementor-field-type-text elementor-field-group elementor-column elementor-col-100 elementor-field-required\">\n\t\t\t\t\t<label for=\"password-45aadc0\" class=\"elementor-field-label\">Heslo<\/label>\n\t\t\t\t\t<input size=\"1\" type=\"password\" name=\"pwd\" id=\"password-45aadc0\" placeholder=\"\" class=\"elementor-field elementor-field-textual elementor-size-md\">\n\t\t\t\t<\/div>\n\n\t\t\t\t\n\t\t\t\t<div class=\"elementor-field-group elementor-column elementor-field-type-submit elementor-col-100\">\n\t\t\t\t\t<button type=\"submit\" class=\"elementor-size-sm elementor-button\" name=\"wp-submit\">\n\t\t\t\t\t\t\t\t\t\t\t\t\t\t\t<span class=\"elementor-button-text\">Prihl\u00e1si\u0165 sa<\/span>\n\t\t\t\t\t\t\t\t\t\t\t\t<\/button>\n\t\t\t\t<\/div>\n\n\t\t\t\t\t\t\t<\/div>\n\t\t<\/form>\n\t\t\t\t\t\t<\/div>\n\t\t\t\t<\/div>\n\t\t\t\t<div class=\"elementor-element elementor-element-d8e6529 elementor-widget elementor-widget-heading\" data-id=\"d8e6529\" data-element_type=\"widget\" data-e-type=\"widget\" data-widget_type=\"heading.default\">\n\t\t\t\t<div class=\"elementor-widget-container\">\n\t\t\t\t\t<p class=\"elementor-heading-title elementor-size-default\"><a href=\"https:\/\/www.neuraxpharm.com\/sk\/my-account\/lost-password\">Zabudli ste heslo?<\/a><\/p>\t\t\t\t<\/div>\n\t\t\t\t<\/div>\n\t\t\t\t<div class=\"elementor-element elementor-element-f3eecc2 jedv-enabled--yes elementor-widget elementor-widget-text-editor\" data-id=\"f3eecc2\" data-element_type=\"widget\" data-e-type=\"widget\" data-widget_type=\"text-editor.default\">\n\t\t\t\t<div class=\"elementor-widget-container\">\n\t\t\t\t\t\t\t\t\t<p style=\"text-align: center;\">Nem\u00e1te profil? <a href=\"https:\/\/www.neuraxpharm.com\/sk\/signup\">predplati\u0165<\/a><\/p>\t\t\t\t\t\t\t\t<\/div>\n\t\t\t\t<\/div>\n\t\t\t\t\t<\/div>\n\t\t<\/div>\n\t\t\t\t<div class=\"elementor-column elementor-col-33 elementor-inner-column elementor-element elementor-element-e58704f\" data-id=\"e58704f\" data-element_type=\"column\" data-e-type=\"column\">\n\t\t\t<div class=\"elementor-widget-wrap\">\n\t\t\t\t\t\t\t<\/div>\n\t\t<\/div>\n\t\t\t\t\t<\/div>\n\t\t<\/section>\n\t\t\t\t\t<\/div>\n\t\t<\/div>\n\t\t\t\t\t<\/div>\n\t\t<\/section>\n\t\t\t\t<\/div>\n\t\t<\/div>\n","protected":false},"excerpt":{"rendered":"<div class=\"members-access-error\">\t\t<div data-elementor-type=\"page\" data-elementor-id=\"18452\" class=\"elementor elementor-18452\" data-elementor-post-type=\"elementor_library\">\n\t\t\t\t\t\t<section class=\"elementor-section elementor-top-section elementor-element elementor-element-f6e1a4b elementor-section-boxed elementor-section-height-default elementor-section-height-default\" data-id=\"f6e1a4b\" data-element_type=\"section\" data-e-type=\"section\" data-settings=\"{&quot;jet_parallax_layout_list&quot;:[{&quot;jet_parallax_layout_image&quot;:{&quot;url&quot;:&quot;&quot;,&quot;id&quot;:&quot;&quot;,&quot;size&quot;:&quot;&quot;},&quot;_id&quot;:&quot;f5910cc&quot;,&quot;jet_parallax_layout_image_tablet&quot;:{&quot;url&quot;:&quot;&quot;,&quot;id&quot;:&quot;&quot;,&quot;size&quot;:&quot;&quot;},&quot;jet_parallax_layout_image_mobile&quot;:{&quot;url&quot;:&quot;&quot;,&quot;id&quot;:&quot;&quot;,&quot;size&quot;:&quot;&quot;},&quot;jet_parallax_layout_speed&quot;:{&quot;unit&quot;:&quot;%&quot;,&quot;size&quot;:50,&quot;sizes&quot;:[]},&quot;jet_parallax_layout_type&quot;:&quot;scroll&quot;,&quot;jet_parallax_layout_direction&quot;:&quot;1&quot;,&quot;jet_parallax_layout_fx_direction&quot;:null,&quot;jet_parallax_layout_z_index&quot;:&quot;&quot;,&quot;jet_parallax_layout_bg_x&quot;:50,&quot;jet_parallax_layout_bg_x_tablet&quot;:&quot;&quot;,&quot;jet_parallax_layout_bg_x_mobile&quot;:&quot;&quot;,&quot;jet_parallax_layout_bg_y&quot;:50,&quot;jet_parallax_layout_bg_y_tablet&quot;:&quot;&quot;,&quot;jet_parallax_layout_bg_y_mobile&quot;:&quot;&quot;,&quot;jet_parallax_layout_bg_size&quot;:&quot;auto&quot;,&quot;jet_parallax_layout_bg_size_tablet&quot;:&quot;&quot;,&quot;jet_parallax_layout_bg_size_mobile&quot;:&quot;&quot;,&quot;jet_parallax_layout_animation_prop&quot;:&quot;transform&quot;,&quot;jet_parallax_layout_on&quot;:[&quot;desktop&quot;,&quot;tablet&quot;]}]}\">\n\t\t\t\t\t\t<div class=\"elementor-container elementor-column-gap-default\">\n\t\t\t\t\t<div class=\"elementor-column elementor-col-100 elementor-top-column elementor-element elementor-element-9351236\" data-id=\"9351236\" data-element_type=\"column\" data-e-type=\"column\">\n\t\t\t<div class=\"elementor-widget-wrap elementor-element-populated\">\n\t\t\t\t\t\t<section class=\"elementor-section elementor-inner-section elementor-element elementor-element-b013df6 jedv-enabled--yes elementor-section-boxed elementor-section-height-default elementor-section-height-default\" data-id=\"b013df6\" data-element_type=\"section\" data-e-type=\"section\" data-settings=\"{&quot;jet_parallax_layout_list&quot;:[{&quot;jet_parallax_layout_image&quot;:{&quot;url&quot;:&quot;&quot;,&quot;id&quot;:&quot;&quot;,&quot;size&quot;:&quot;&quot;},&quot;_id&quot;:&quot;a916e5a&quot;,&quot;jet_parallax_layout_image_tablet&quot;:{&quot;url&quot;:&quot;&quot;,&quot;id&quot;:&quot;&quot;,&quot;size&quot;:&quot;&quot;},&quot;jet_parallax_layout_image_mobile&quot;:{&quot;url&quot;:&quot;&quot;,&quot;id&quot;:&quot;&quot;,&quot;size&quot;:&quot;&quot;},&quot;jet_parallax_layout_speed&quot;:{&quot;unit&quot;:&quot;%&quot;,&quot;size&quot;:50,&quot;sizes&quot;:[]},&quot;jet_parallax_layout_type&quot;:&quot;scroll&quot;,&quot;jet_parallax_layout_direction&quot;:&quot;1&quot;,&quot;jet_parallax_layout_fx_direction&quot;:null,&quot;jet_parallax_layout_z_index&quot;:&quot;&quot;,&quot;jet_parallax_layout_bg_x&quot;:50,&quot;jet_parallax_layout_bg_x_tablet&quot;:&quot;&quot;,&quot;jet_parallax_layout_bg_x_mobile&quot;:&quot;&quot;,&quot;jet_parallax_layout_bg_y&quot;:50,&quot;jet_parallax_layout_bg_y_tablet&quot;:&quot;&quot;,&quot;jet_parallax_layout_bg_y_mobile&quot;:&quot;&quot;,&quot;jet_parallax_layout_bg_size&quot;:&quot;auto&quot;,&quot;jet_parallax_layout_bg_size_tablet&quot;:&quot;&quot;,&quot;jet_parallax_layout_bg_size_mobile&quot;:&quot;&quot;,&quot;jet_parallax_layout_animation_prop&quot;:&quot;transform&quot;,&quot;jet_parallax_layout_on&quot;:[&quot;desktop&quot;,&quot;tablet&quot;]}]}\">\n\t\t\t\t\t\t<div class=\"elementor-container elementor-column-gap-default\">\n\t\t\t\t\t<div class=\"elementor-column elementor-col-33 elementor-inner-column elementor-element elementor-element-250a8c3\" data-id=\"250a8c3\" data-element_type=\"column\" data-e-type=\"column\">\n\t\t\t<div class=\"elementor-widget-wrap\">\n\t\t\t\t\t\t\t<\/div>\n\t\t<\/div>\n\t\t\t\t<div class=\"elementor-column elementor-col-33 elementor-inner-column elementor-element elementor-element-2e26a4d\" data-id=\"2e26a4d\" data-element_type=\"column\" data-e-type=\"column\">\n\t\t\t<div class=\"elementor-widget-wrap elementor-element-populated\">\n\t\t\t\t\t\t<div class=\"elementor-element elementor-element-867b89a elementor-widget elementor-widget-heading\" data-id=\"867b89a\" data-element_type=\"widget\" data-e-type=\"widget\" data-widget_type=\"heading.default\">\n\t\t\t\t<div class=\"elementor-widget-container\">\n\t\t\t\t\t<h3 class=\"elementor-heading-title elementor-size-default\">Vitaj sp\u00e4\u0165<\/h3>\t\t\t\t<\/div>\n\t\t\t\t<\/div>\n\t\t\t\t<div class=\"elementor-element elementor-element-e4f09be elementor-widget elementor-widget-heading\" data-id=\"e4f09be\" data-element_type=\"widget\" data-e-type=\"widget\" data-widget_type=\"heading.default\">\n\t\t\t\t<div class=\"elementor-widget-container\">\n\t\t\t\t\t<p class=\"elementor-heading-title elementor-size-default\">Ak chcete z\u00edska\u0165 pr\u00edstup k t\u00fdmto inform\u00e1ci\u00e1m, mus\u00edte pou\u017ei\u0165 svoje poverenia<\/p>\t\t\t\t<\/div>\n\t\t\t\t<\/div>\n\t\t\t\t<div class=\"elementor-element elementor-element-45aadc0 elementor-button-align-stretch selectores elementor-widget elementor-widget-login\" data-id=\"45aadc0\" data-element_type=\"widget\" data-e-type=\"widget\" data-widget_type=\"login.default\">\n\t\t\t\t<div class=\"elementor-widget-container\">\n\t\t\t\t\t\t\t<form class=\"elementor-login elementor-form\" method=\"post\" action=\"https:\/\/www.neuraxpharm.com\/sk\/panel-admin\/\" aria-label=\"Login form\">\n\t\t\t<input type=\"hidden\" name=\"redirect_to\" value=\"\/sk\/wp-json\/wp\/v2\/pages\/10002\">\n\t\t\t<div class=\"elementor-form-fields-wrapper\">\n\t\t\t\t<div class=\"elementor-field-type-text elementor-field-group elementor-column elementor-col-100 elementor-field-required\">\n\t\t\t\t\t<label for=\"user-45aadc0\" class=\"elementor-field-label\">E-mail<\/label>\n\t\t\t\t\t<input size=\"1\" type=\"text\" name=\"log\" id=\"user-45aadc0\" placeholder=\"\" class=\"elementor-field elementor-field-textual elementor-size-md\">\n\t\t\t\t<\/div>\n\t\t\t\t<div class=\"elementor-field-type-text elementor-field-group elementor-column elementor-col-100 elementor-field-required\">\n\t\t\t\t\t<label for=\"password-45aadc0\" class=\"elementor-field-label\">Heslo<\/label>\n\t\t\t\t\t<input size=\"1\" type=\"password\" name=\"pwd\" id=\"password-45aadc0\" placeholder=\"\" class=\"elementor-field elementor-field-textual elementor-size-md\">\n\t\t\t\t<\/div>\n\n\t\t\t\t\n\t\t\t\t<div class=\"elementor-field-group elementor-column elementor-field-type-submit elementor-col-100\">\n\t\t\t\t\t<button type=\"submit\" class=\"elementor-size-sm elementor-button\" name=\"wp-submit\">\n\t\t\t\t\t\t\t\t\t\t\t\t\t\t\t<span class=\"elementor-button-text\">Prihl\u00e1si\u0165 sa<\/span>\n\t\t\t\t\t\t\t\t\t\t\t\t<\/button>\n\t\t\t\t<\/div>\n\n\t\t\t\t\t\t\t<\/div>\n\t\t<\/form>\n\t\t\t\t\t\t<\/div>\n\t\t\t\t<\/div>\n\t\t\t\t<div class=\"elementor-element elementor-element-d8e6529 elementor-widget elementor-widget-heading\" data-id=\"d8e6529\" data-element_type=\"widget\" data-e-type=\"widget\" data-widget_type=\"heading.default\">\n\t\t\t\t<div class=\"elementor-widget-container\">\n\t\t\t\t\t<p class=\"elementor-heading-title elementor-size-default\"><a href=\"https:\/\/www.neuraxpharm.com\/sk\/my-account\/lost-password\">Zabudli ste heslo?<\/a><\/p>\t\t\t\t<\/div>\n\t\t\t\t<\/div>\n\t\t\t\t<div class=\"elementor-element elementor-element-f3eecc2 jedv-enabled--yes elementor-widget elementor-widget-text-editor\" data-id=\"f3eecc2\" data-element_type=\"widget\" data-e-type=\"widget\" data-widget_type=\"text-editor.default\">\n\t\t\t\t<div class=\"elementor-widget-container\">\n\t\t\t\t\t\t\t\t\t<p style=\"text-align: center;\">Nem\u00e1te profil? <a href=\"https:\/\/www.neuraxpharm.com\/sk\/signup\">predplati\u0165<\/a><\/p>\t\t\t\t\t\t\t\t<\/div>\n\t\t\t\t<\/div>\n\t\t\t\t\t<\/div>\n\t\t<\/div>\n\t\t\t\t<div class=\"elementor-column elementor-col-33 elementor-inner-column elementor-element elementor-element-e58704f\" data-id=\"e58704f\" data-element_type=\"column\" data-e-type=\"column\">\n\t\t\t<div class=\"elementor-widget-wrap\">\n\t\t\t\t\t\t\t<\/div>\n\t\t<\/div>\n\t\t\t\t\t<\/div>\n\t\t<\/section>\n\t\t\t\t\t<\/div>\n\t\t<\/div>\n\t\t\t\t\t<\/div>\n\t\t<\/section>\n\t\t\t\t<\/div>\n\t\t<\/div>\n","protected":false},"author":1,"featured_media":0,"parent":5141,"menu_order":0,"comment_status":"closed","ping_status":"closed","template":"elementor_header_footer","meta":{"_acf_changed":false,"footnotes":""},"class_list":["post-10002","page","type-page","status-publish","hentry"],"yoast_head":"<!-- This site is optimized with the Yoast SEO Premium plugin v27.2 (Yoast SEO v27.2) - https:\/\/yoast.com\/product\/yoast-seo-premium-wordpress\/ -->\n<title>Zdroje - Neuraxpharm SK<\/title>\n<meta name=\"robots\" content=\"index, follow, max-snippet:-1, max-image-preview:large, max-video-preview:-1\" \/>\n<link rel=\"canonical\" href=\"https:\/\/www.neuraxpharm.com\/sk\/lekarnik\/zdroje\" \/>\n<meta property=\"og:locale\" content=\"sk_SK\" \/>\n<meta property=\"og:type\" content=\"article\" \/>\n<meta property=\"og:title\" content=\"Zdroje\" \/>\n<meta property=\"og:description\" content=\"Vitaj sp\u00e4\u0165             Ak chcete z\u00edska\u0165 pr\u00edstup k t\u00fdmto inform\u00e1ci\u00e1m, mus\u00edte pou\u017ei\u0165 svoje poverenia                       E-mail           Heslo                      Prihl\u00e1si\u0165 sa                             Zabudli ste heslo?               Nem\u00e1te profil? predplati\u0165\" \/>\n<meta property=\"og:url\" content=\"https:\/\/www.neuraxpharm.com\/sk\/lekarnik\/zdroje\" \/>\n<meta property=\"og:site_name\" content=\"Neuraxpharm SK\" \/>\n<meta property=\"article:modified_time\" content=\"2023-05-31T09:03:05+00:00\" \/>\n<meta property=\"og:image\" content=\"https:\/\/www.neuraxpharm.com\/sk\/wp-content\/uploads\/sites\/28\/2021\/02\/icon-no-resultados-de-busqueda@2x.png\" \/>\n<meta name=\"twitter:card\" content=\"summary_large_image\" \/>\n<meta name=\"twitter:label1\" content=\"Predpokladan\u00fd \u010das \u010d\u00edtania\" \/>\n\t<meta name=\"twitter:data1\" content=\"2 min\u00faty\" \/>\n<script type=\"application\/ld+json\" class=\"yoast-schema-graph\">{\"@context\":\"https:\/\/schema.org\",\"@graph\":[{\"@type\":\"WebPage\",\"@id\":\"https:\/\/www.neuraxpharm.com\/sk\/lekarnik\/zdroje\",\"url\":\"https:\/\/www.neuraxpharm.com\/sk\/lekarnik\/zdroje\",\"name\":\"Zdroje - Neuraxpharm SK\",\"isPartOf\":{\"@id\":\"https:\/\/www.neuraxpharm.com\/sk\/#website\"},\"primaryImageOfPage\":{\"@id\":\"https:\/\/www.neuraxpharm.com\/sk\/lekarnik\/zdroje#primaryimage\"},\"image\":{\"@id\":\"https:\/\/www.neuraxpharm.com\/sk\/lekarnik\/zdroje#primaryimage\"},\"thumbnailUrl\":\"https:\/\/www.neuraxpharm.com\/sk\/wp-content\/uploads\/sites\/28\/2021\/02\/icon-no-resultados-de-busqueda@2x.png\",\"datePublished\":\"2021-03-25T14:59:37+00:00\",\"dateModified\":\"2023-05-31T09:03:05+00:00\",\"breadcrumb\":{\"@id\":\"https:\/\/www.neuraxpharm.com\/sk\/lekarnik\/zdroje#breadcrumb\"},\"inLanguage\":\"sk-SK\",\"potentialAction\":[{\"@type\":\"ReadAction\",\"target\":[\"https:\/\/www.neuraxpharm.com\/sk\/lekarnik\/zdroje\"]}]},{\"@type\":\"ImageObject\",\"inLanguage\":\"sk-SK\",\"@id\":\"https:\/\/www.neuraxpharm.com\/sk\/lekarnik\/zdroje#primaryimage\",\"url\":\"https:\/\/www.neuraxpharm.com\/sk\/wp-content\/uploads\/sites\/28\/2021\/02\/icon-no-resultados-de-busqueda@2x.png\",\"contentUrl\":\"https:\/\/www.neuraxpharm.com\/sk\/wp-content\/uploads\/sites\/28\/2021\/02\/icon-no-resultados-de-busqueda@2x.png\",\"width\":462,\"height\":286},{\"@type\":\"BreadcrumbList\",\"@id\":\"https:\/\/www.neuraxpharm.com\/sk\/lekarnik\/zdroje#breadcrumb\",\"itemListElement\":[{\"@type\":\"ListItem\",\"position\":1,\"name\":\"Home\",\"item\":\"https:\/\/www.neuraxpharm.com\/sk\/\"},{\"@type\":\"ListItem\",\"position\":2,\"name\":\"Lek\u00e1rnik\",\"item\":\"https:\/\/www.neuraxpharm.com\/sk\/lekarnik\"},{\"@type\":\"ListItem\",\"position\":3,\"name\":\"Zdroje\"}]},{\"@type\":\"WebSite\",\"@id\":\"https:\/\/www.neuraxpharm.com\/sk\/#website\",\"url\":\"https:\/\/www.neuraxpharm.com\/sk\/\",\"name\":\"Neuraxpharm SK\",\"description\":\"A European Leader for the CNS products\",\"potentialAction\":[{\"@type\":\"SearchAction\",\"target\":{\"@type\":\"EntryPoint\",\"urlTemplate\":\"https:\/\/www.neuraxpharm.com\/sk\/?s={search_term_string}\"},\"query-input\":{\"@type\":\"PropertyValueSpecification\",\"valueRequired\":true,\"valueName\":\"search_term_string\"}}],\"inLanguage\":\"sk-SK\"}]}<\/script>\n<!-- \/ Yoast SEO Premium plugin. -->","yoast_head_json":{"title":"Zdroje - Neuraxpharm SK","robots":{"index":"index","follow":"follow","max-snippet":"max-snippet:-1","max-image-preview":"max-image-preview:large","max-video-preview":"max-video-preview:-1"},"canonical":"https:\/\/www.neuraxpharm.com\/sk\/lekarnik\/zdroje","og_locale":"sk_SK","og_type":"article","og_title":"Zdroje","og_description":"Vitaj sp\u00e4\u0165             Ak chcete z\u00edska\u0165 pr\u00edstup k t\u00fdmto inform\u00e1ci\u00e1m, mus\u00edte pou\u017ei\u0165 svoje poverenia                       E-mail           Heslo                      Prihl\u00e1si\u0165 sa                             Zabudli ste heslo?               Nem\u00e1te profil? predplati\u0165","og_url":"https:\/\/www.neuraxpharm.com\/sk\/lekarnik\/zdroje","og_site_name":"Neuraxpharm SK","article_modified_time":"2023-05-31T09:03:05+00:00","og_image":[{"url":"https:\/\/www.neuraxpharm.com\/sk\/wp-content\/uploads\/sites\/28\/2021\/02\/icon-no-resultados-de-busqueda@2x.png","type":"","width":"","height":""}],"twitter_card":"summary_large_image","twitter_misc":{"Predpokladan\u00fd \u010das \u010d\u00edtania":"2 min\u00faty"},"schema":{"@context":"https:\/\/schema.org","@graph":[{"@type":"WebPage","@id":"https:\/\/www.neuraxpharm.com\/sk\/lekarnik\/zdroje","url":"https:\/\/www.neuraxpharm.com\/sk\/lekarnik\/zdroje","name":"Zdroje - Neuraxpharm SK","isPartOf":{"@id":"https:\/\/www.neuraxpharm.com\/sk\/#website"},"primaryImageOfPage":{"@id":"https:\/\/www.neuraxpharm.com\/sk\/lekarnik\/zdroje#primaryimage"},"image":{"@id":"https:\/\/www.neuraxpharm.com\/sk\/lekarnik\/zdroje#primaryimage"},"thumbnailUrl":"https:\/\/www.neuraxpharm.com\/sk\/wp-content\/uploads\/sites\/28\/2021\/02\/icon-no-resultados-de-busqueda@2x.png","datePublished":"2021-03-25T14:59:37+00:00","dateModified":"2023-05-31T09:03:05+00:00","breadcrumb":{"@id":"https:\/\/www.neuraxpharm.com\/sk\/lekarnik\/zdroje#breadcrumb"},"inLanguage":"sk-SK","potentialAction":[{"@type":"ReadAction","target":["https:\/\/www.neuraxpharm.com\/sk\/lekarnik\/zdroje"]}]},{"@type":"ImageObject","inLanguage":"sk-SK","@id":"https:\/\/www.neuraxpharm.com\/sk\/lekarnik\/zdroje#primaryimage","url":"https:\/\/www.neuraxpharm.com\/sk\/wp-content\/uploads\/sites\/28\/2021\/02\/icon-no-resultados-de-busqueda@2x.png","contentUrl":"https:\/\/www.neuraxpharm.com\/sk\/wp-content\/uploads\/sites\/28\/2021\/02\/icon-no-resultados-de-busqueda@2x.png","width":462,"height":286},{"@type":"BreadcrumbList","@id":"https:\/\/www.neuraxpharm.com\/sk\/lekarnik\/zdroje#breadcrumb","itemListElement":[{"@type":"ListItem","position":1,"name":"Home","item":"https:\/\/www.neuraxpharm.com\/sk\/"},{"@type":"ListItem","position":2,"name":"Lek\u00e1rnik","item":"https:\/\/www.neuraxpharm.com\/sk\/lekarnik"},{"@type":"ListItem","position":3,"name":"Zdroje"}]},{"@type":"WebSite","@id":"https:\/\/www.neuraxpharm.com\/sk\/#website","url":"https:\/\/www.neuraxpharm.com\/sk\/","name":"Neuraxpharm SK","description":"A European Leader for the CNS products","potentialAction":[{"@type":"SearchAction","target":{"@type":"EntryPoint","urlTemplate":"https:\/\/www.neuraxpharm.com\/sk\/?s={search_term_string}"},"query-input":{"@type":"PropertyValueSpecification","valueRequired":true,"valueName":"search_term_string"}}],"inLanguage":"sk-SK"}]}},"acf":[],"_links":{"self":[{"href":"https:\/\/www.neuraxpharm.com\/sk\/wp-json\/wp\/v2\/pages\/10002","targetHints":{"allow":["GET"]}}],"collection":[{"href":"https:\/\/www.neuraxpharm.com\/sk\/wp-json\/wp\/v2\/pages"}],"about":[{"href":"https:\/\/www.neuraxpharm.com\/sk\/wp-json\/wp\/v2\/types\/page"}],"author":[{"embeddable":true,"href":"https:\/\/www.neuraxpharm.com\/sk\/wp-json\/wp\/v2\/users\/1"}],"replies":[{"embeddable":true,"href":"https:\/\/www.neuraxpharm.com\/sk\/wp-json\/wp\/v2\/comments?post=10002"}],"version-history":[{"count":41,"href":"https:\/\/www.neuraxpharm.com\/sk\/wp-json\/wp\/v2\/pages\/10002\/revisions"}],"predecessor-version":[{"id":26364,"href":"https:\/\/www.neuraxpharm.com\/sk\/wp-json\/wp\/v2\/pages\/10002\/revisions\/26364"}],"up":[{"embeddable":true,"href":"https:\/\/www.neuraxpharm.com\/sk\/wp-json\/wp\/v2\/pages\/5141"}],"wp:attachment":[{"href":"https:\/\/www.neuraxpharm.com\/sk\/wp-json\/wp\/v2\/media?parent=10002"}],"curies":[{"name":"wp","href":"https:\/\/api.w.org\/{rel}","templated":true}]}}