{"id":15772,"date":"2021-04-13T08:16:45","date_gmt":"2021-04-13T08:16:45","guid":{"rendered":"https:\/\/www.neuraxpharm.com\/se\/?page_id=15772"},"modified":"2023-03-28T07:07:55","modified_gmt":"2023-03-28T07:07:55","slug":"dr-jorg-thomas-dierks","status":"publish","type":"page","link":"https:\/\/www.neuraxpharm.com\/se\/about-us\/executive-committee\/dr-jorg-thomas-dierks\/","title":{"rendered":"DR J\u00d6RG-THOMAS DIERKS"},"content":{"rendered":"\t\t<div data-elementor-type=\"wp-page\" data-elementor-id=\"15772\" class=\"elementor elementor-15772\" data-elementor-post-type=\"page\">\n\t\t\t\t\t\t<section class=\"elementor-section elementor-top-section elementor-element elementor-element-7f808905 elementor-section-boxed elementor-section-height-default elementor-section-height-default\" data-id=\"7f808905\" data-element_type=\"section\" data-e-type=\"section\" data-settings=\"{&quot;jet_parallax_layout_list&quot;:[{&quot;jet_parallax_layout_image&quot;:{&quot;url&quot;:&quot;&quot;,&quot;id&quot;:&quot;&quot;,&quot;size&quot;:&quot;&quot;},&quot;_id&quot;:&quot;f02b98c&quot;,&quot;jet_parallax_layout_image_tablet&quot;:{&quot;url&quot;:&quot;&quot;,&quot;id&quot;:&quot;&quot;,&quot;size&quot;:&quot;&quot;},&quot;jet_parallax_layout_image_mobile&quot;:{&quot;url&quot;:&quot;&quot;,&quot;id&quot;:&quot;&quot;,&quot;size&quot;:&quot;&quot;},&quot;jet_parallax_layout_speed&quot;:{&quot;unit&quot;:&quot;%&quot;,&quot;size&quot;:50,&quot;sizes&quot;:[]},&quot;jet_parallax_layout_type&quot;:&quot;scroll&quot;,&quot;jet_parallax_layout_direction&quot;:&quot;1&quot;,&quot;jet_parallax_layout_fx_direction&quot;:null,&quot;jet_parallax_layout_z_index&quot;:&quot;&quot;,&quot;jet_parallax_layout_bg_x&quot;:50,&quot;jet_parallax_layout_bg_x_tablet&quot;:&quot;&quot;,&quot;jet_parallax_layout_bg_x_mobile&quot;:&quot;&quot;,&quot;jet_parallax_layout_bg_y&quot;:50,&quot;jet_parallax_layout_bg_y_tablet&quot;:&quot;&quot;,&quot;jet_parallax_layout_bg_y_mobile&quot;:&quot;&quot;,&quot;jet_parallax_layout_bg_size&quot;:&quot;auto&quot;,&quot;jet_parallax_layout_bg_size_tablet&quot;:&quot;&quot;,&quot;jet_parallax_layout_bg_size_mobile&quot;:&quot;&quot;,&quot;jet_parallax_layout_animation_prop&quot;:&quot;transform&quot;,&quot;jet_parallax_layout_on&quot;:[&quot;desktop&quot;,&quot;tablet&quot;]}]}\">\n\t\t\t\t\t\t<div class=\"elementor-container elementor-column-gap-default\">\n\t\t\t\t\t<div class=\"elementor-column elementor-col-33 elementor-top-column elementor-element elementor-element-3d70389b\" data-id=\"3d70389b\" data-element_type=\"column\" data-e-type=\"column\">\n\t\t\t<div class=\"elementor-widget-wrap elementor-element-populated\">\n\t\t\t\t\t\t<div class=\"elementor-element elementor-element-75ad8cba elementor-widget elementor-widget-image\" data-id=\"75ad8cba\" data-element_type=\"widget\" data-e-type=\"widget\" data-widget_type=\"image.default\">\n\t\t\t\t<div class=\"elementor-widget-container\">\n\t\t\t\t\t\t\t\t\t\t\t\t\t\t\t<img fetchpriority=\"high\" decoding=\"async\" width=\"716\" height=\"700\" src=\"https:\/\/static.neuraxpharm.com\/wp-content\/uploads\/sites\/29\/2023\/03\/28070548\/dr-jorg-thomas-dierks.jpg\" class=\"attachment-large size-large wp-image-19919\" alt=\"\" srcset=\"https:\/\/static.neuraxpharm.com\/wp-content\/uploads\/sites\/29\/2023\/03\/28070548\/dr-jorg-thomas-dierks.jpg 716w, https:\/\/static.neuraxpharm.com\/wp-content\/uploads\/sites\/29\/2023\/03\/28070548\/dr-jorg-thomas-dierks-300x293.jpg 300w\" sizes=\"(max-width: 716px) 100vw, 716px\" \/>\t\t\t\t\t\t\t\t\t\t\t\t\t\t\t<\/div>\n\t\t\t\t<\/div>\n\t\t\t\t<section class=\"elementor-section elementor-inner-section elementor-element elementor-element-74b8bffa elementor-section-content-top elementor-section-boxed elementor-section-height-default elementor-section-height-default\" data-id=\"74b8bffa\" data-element_type=\"section\" data-e-type=\"section\" data-settings=\"{&quot;jet_parallax_layout_list&quot;:[{&quot;jet_parallax_layout_image&quot;:{&quot;url&quot;:&quot;&quot;,&quot;id&quot;:&quot;&quot;,&quot;size&quot;:&quot;&quot;},&quot;_id&quot;:&quot;5f899ce&quot;,&quot;jet_parallax_layout_image_tablet&quot;:{&quot;url&quot;:&quot;&quot;,&quot;id&quot;:&quot;&quot;,&quot;size&quot;:&quot;&quot;},&quot;jet_parallax_layout_image_mobile&quot;:{&quot;url&quot;:&quot;&quot;,&quot;id&quot;:&quot;&quot;,&quot;size&quot;:&quot;&quot;},&quot;jet_parallax_layout_speed&quot;:{&quot;unit&quot;:&quot;%&quot;,&quot;size&quot;:50,&quot;sizes&quot;:[]},&quot;jet_parallax_layout_type&quot;:&quot;scroll&quot;,&quot;jet_parallax_layout_direction&quot;:&quot;1&quot;,&quot;jet_parallax_layout_fx_direction&quot;:null,&quot;jet_parallax_layout_z_index&quot;:&quot;&quot;,&quot;jet_parallax_layout_bg_x&quot;:50,&quot;jet_parallax_layout_bg_x_tablet&quot;:&quot;&quot;,&quot;jet_parallax_layout_bg_x_mobile&quot;:&quot;&quot;,&quot;jet_parallax_layout_bg_y&quot;:50,&quot;jet_parallax_layout_bg_y_tablet&quot;:&quot;&quot;,&quot;jet_parallax_layout_bg_y_mobile&quot;:&quot;&quot;,&quot;jet_parallax_layout_bg_size&quot;:&quot;auto&quot;,&quot;jet_parallax_layout_bg_size_tablet&quot;:&quot;&quot;,&quot;jet_parallax_layout_bg_size_mobile&quot;:&quot;&quot;,&quot;jet_parallax_layout_animation_prop&quot;:&quot;transform&quot;,&quot;jet_parallax_layout_on&quot;:[&quot;desktop&quot;,&quot;tablet&quot;]}]}\">\n\t\t\t\t\t\t<div class=\"elementor-container elementor-column-gap-default\">\n\t\t\t\t\t<div class=\"elementor-column elementor-col-50 elementor-inner-column elementor-element elementor-element-60646bf2\" data-id=\"60646bf2\" data-element_type=\"column\" data-e-type=\"column\">\n\t\t\t<div class=\"elementor-widget-wrap elementor-element-populated\">\n\t\t\t\t\t\t<div class=\"elementor-element elementor-element-15700adb elementor-view-default elementor-widget elementor-widget-icon\" data-id=\"15700adb\" data-element_type=\"widget\" data-e-type=\"widget\" data-widget_type=\"icon.default\">\n\t\t\t\t<div class=\"elementor-widget-container\">\n\t\t\t\t\t\t\t<div class=\"elementor-icon-wrapper\">\n\t\t\t<div class=\"elementor-icon\">\n\t\t\t<i aria-hidden=\"true\" class=\"fab fa-linkedin-in\"><\/i>\t\t\t<\/div>\n\t\t<\/div>\n\t\t\t\t\t\t<\/div>\n\t\t\t\t<\/div>\n\t\t\t\t\t<\/div>\n\t\t<\/div>\n\t\t\t\t<div class=\"elementor-column elementor-col-50 elementor-inner-column elementor-element elementor-element-15490b\" data-id=\"15490b\" data-element_type=\"column\" data-e-type=\"column\">\n\t\t\t<div class=\"elementor-widget-wrap elementor-element-populated\">\n\t\t\t\t\t\t<div class=\"elementor-element elementor-element-1cc52f3 elementor-widget elementor-widget-heading\" data-id=\"1cc52f3\" data-element_type=\"widget\" data-e-type=\"widget\" data-widget_type=\"heading.default\">\n\t\t\t\t<div class=\"elementor-widget-container\">\n\t\t\t\t\t<p class=\"elementor-heading-title elementor-size-default\"><a href=\"https:\/\/www.linkedin.com\/in\/jorg-thomas-dierks\/\" target=\"_blank\">https:\/\/www.linkedin.com\/in\/jorg-thomas-dierks\/<\/a><\/p>\t\t\t\t<\/div>\n\t\t\t\t<\/div>\n\t\t\t\t\t<\/div>\n\t\t<\/div>\n\t\t\t\t\t<\/div>\n\t\t<\/section>\n\t\t\t\t\t<\/div>\n\t\t<\/div>\n\t\t\t\t<div class=\"elementor-column elementor-col-66 elementor-top-column elementor-element elementor-element-17640048\" data-id=\"17640048\" data-element_type=\"column\" data-e-type=\"column\">\n\t\t\t<div class=\"elementor-widget-wrap elementor-element-populated\">\n\t\t\t\t\t\t<div class=\"elementor-element elementor-element-3453d9e5 elementor-widget elementor-widget-jet-breadcrumbs\" data-id=\"3453d9e5\" data-element_type=\"widget\" data-e-type=\"widget\" data-widget_type=\"jet-breadcrumbs.default\">\n\t\t\t\t<div class=\"elementor-widget-container\">\n\t\t\t\t\t<div class=\"elementor-jet-breadcrumbs jet-blocks\">\n\t\t<div class=\"jet-breadcrumbs\">\n\t\t<div class=\"jet-breadcrumbs__content\">\n\t\t<div class=\"jet-breadcrumbs__wrap\"><div class=\"jet-breadcrumbs__item\"><a href=\"https:\/\/www.neuraxpharm.com\/se\/\" class=\"jet-breadcrumbs__item-link is-home\" rel=\"home\" title=\"Neuraxpharm\">Neuraxpharm<\/a><\/div>\n\t\t<\/div>\n\t\t<\/div>\n\t\t<\/div><\/div>\t\t\t\t<\/div>\n\t\t\t\t<\/div>\n\t\t\t\t<div class=\"elementor-element elementor-element-e5e84e8 elementor-widget elementor-widget-heading\" data-id=\"e5e84e8\" data-element_type=\"widget\" data-e-type=\"widget\" data-widget_type=\"heading.default\">\n\t\t\t\t<div class=\"elementor-widget-container\">\n\t\t\t\t\t<h1 class=\"elementor-heading-title elementor-size-default\">DR J\u00d6RG-THOMAS DIERKS<\/h1>\t\t\t\t<\/div>\n\t\t\t\t<\/div>\n\t\t\t\t<div class=\"elementor-element elementor-element-614cff3 elementor-widget elementor-widget-text-editor\" data-id=\"614cff3\" data-element_type=\"widget\" data-e-type=\"widget\" data-widget_type=\"text-editor.default\">\n\t\t\t\t<div class=\"elementor-widget-container\">\n\t\t\t\t\t\t\t\t\t<p>Dr Dierks har 30 \u00e5rs erfarenhet inom sjukv\u00e5rd och har haft flera ledande befattningar inom l\u00e4kemedelsindustrin. Han b\u00f6rjade p\u00e5 Neuraxpharm 2018 efter att ha varit Chief Executive Officer (CEO) f\u00f6r Meda, ett svenskt l\u00e4kemedelsf\u00f6retag, sedan 2013.<\/p><p>J\u00f6rg var Chief Operating Officer f\u00f6r Meda fr\u00e5n 2005 och tilltr\u00e4dde \u00e4ven rollen som Chief Scientific Officer under en tid. Han var avg\u00f6rande f\u00f6r verksamhetens tillv\u00e4xt under m\u00e5nga \u00e5r och ledde f\u00f6rs\u00e4ljningen till Mylan f\u00f6r 10 miljarder dollar 2016. Innan J\u00f6rg b\u00f6rjade p\u00e5 Meda var han Chief Operating Officer p\u00e5 Viatris som \u00e4r ett l\u00e4kemedelsf\u00f6retag med s\u00e4te i Tyskland.<\/p><p>J\u00f6rg f\u00f6ddes i Bad Kreuznach, Tyskland och tog examen fr\u00e5n Johannes-Gutenberg-Universit\u00e4t zu Mainz inom medicin. Detta inkluderade ett \u00e5rs arbete p\u00e5 ett sjukhus i Koblenz 1986 som d\u00e4rmed gav honom titeln l\u00e4kare. Ett \u00e5r senare tilldelades J\u00f6rg titeln Medicine doktor. Han studerade ocks\u00e5 f\u00f6retagsekonomi f\u00f6r forskare vid Fernuniversit\u00e4t Gesamthochschule i Hagen.<\/p>\t\t\t\t\t\t\t\t<\/div>\n\t\t\t\t<\/div>\n\t\t\t\t\t<\/div>\n\t\t<\/div>\n\t\t\t\t\t<\/div>\n\t\t<\/section>\n\t\t\t\t<section class=\"elementor-section elementor-top-section elementor-element elementor-element-bacc1a9 elementor-section-boxed elementor-section-height-default elementor-section-height-default\" data-id=\"bacc1a9\" data-element_type=\"section\" data-e-type=\"section\" data-settings=\"{&quot;jet_parallax_layout_list&quot;:[{&quot;jet_parallax_layout_image&quot;:{&quot;url&quot;:&quot;&quot;,&quot;id&quot;:&quot;&quot;,&quot;size&quot;:&quot;&quot;},&quot;_id&quot;:&quot;e7d9f21&quot;,&quot;jet_parallax_layout_image_tablet&quot;:{&quot;url&quot;:&quot;&quot;,&quot;id&quot;:&quot;&quot;,&quot;size&quot;:&quot;&quot;},&quot;jet_parallax_layout_image_mobile&quot;:{&quot;url&quot;:&quot;&quot;,&quot;id&quot;:&quot;&quot;,&quot;size&quot;:&quot;&quot;},&quot;jet_parallax_layout_speed&quot;:{&quot;unit&quot;:&quot;%&quot;,&quot;size&quot;:50,&quot;sizes&quot;:[]},&quot;jet_parallax_layout_type&quot;:&quot;scroll&quot;,&quot;jet_parallax_layout_direction&quot;:&quot;1&quot;,&quot;jet_parallax_layout_fx_direction&quot;:null,&quot;jet_parallax_layout_z_index&quot;:&quot;&quot;,&quot;jet_parallax_layout_bg_x&quot;:50,&quot;jet_parallax_layout_bg_x_tablet&quot;:&quot;&quot;,&quot;jet_parallax_layout_bg_x_mobile&quot;:&quot;&quot;,&quot;jet_parallax_layout_bg_y&quot;:50,&quot;jet_parallax_layout_bg_y_tablet&quot;:&quot;&quot;,&quot;jet_parallax_layout_bg_y_mobile&quot;:&quot;&quot;,&quot;jet_parallax_layout_bg_size&quot;:&quot;auto&quot;,&quot;jet_parallax_layout_bg_size_tablet&quot;:&quot;&quot;,&quot;jet_parallax_layout_bg_size_mobile&quot;:&quot;&quot;,&quot;jet_parallax_layout_animation_prop&quot;:&quot;transform&quot;,&quot;jet_parallax_layout_on&quot;:[&quot;desktop&quot;,&quot;tablet&quot;]}]}\">\n\t\t\t\t\t\t<div class=\"elementor-container elementor-column-gap-default\">\n\t\t\t\t\t<div class=\"elementor-column elementor-col-100 elementor-top-column elementor-element elementor-element-7080505\" data-id=\"7080505\" data-element_type=\"column\" data-e-type=\"column\">\n\t\t\t<div class=\"elementor-widget-wrap elementor-element-populated\">\n\t\t\t\t\t\t<div class=\"elementor-element elementor-element-53f8d38 elementor-widget elementor-widget-spacer\" data-id=\"53f8d38\" data-element_type=\"widget\" data-e-type=\"widget\" data-widget_type=\"spacer.default\">\n\t\t\t\t<div class=\"elementor-widget-container\">\n\t\t\t\t\t\t\t<div class=\"elementor-spacer\">\n\t\t\t<div class=\"elementor-spacer-inner\"><\/div>\n\t\t<\/div>\n\t\t\t\t\t\t<\/div>\n\t\t\t\t<\/div>\n\t\t\t\t\t<\/div>\n\t\t<\/div>\n\t\t\t\t\t<\/div>\n\t\t<\/section>\n\t\t\t\t<\/div>\n\t\t","protected":false},"excerpt":{"rendered":"<p>https:\/\/www.linkedin.com\/in\/jorg-thomas-dierks\/ Neuraxpharm DR J\u00d6RG-THOMAS DIERKS Dr Dierks har 30 \u00e5rs erfarenhet inom sjukv\u00e5rd och har haft flera ledande befattningar inom l\u00e4kemedelsindustrin. Han b\u00f6rjade p\u00e5 Neuraxpharm 2018 efter att ha varit Chief Executive Officer (CEO) f\u00f6r Meda, ett svenskt l\u00e4kemedelsf\u00f6retag, sedan 2013. J\u00f6rg var Chief Operating Officer f\u00f6r Meda fr\u00e5n 2005 och tilltr\u00e4dde \u00e4ven rollen som [&hellip;]<\/p>\n","protected":false},"author":1,"featured_media":0,"parent":1998,"menu_order":0,"comment_status":"closed","ping_status":"closed","template":"elementor_header_footer","meta":{"_acf_changed":false,"footnotes":""},"class_list":["post-15772","page","type-page","status-publish","hentry"],"yoast_head":"<!-- This site is optimized with the Yoast SEO Premium plugin v27.2 (Yoast SEO v27.5) - https:\/\/yoast.com\/product\/yoast-seo-premium-wordpress\/ -->\n<title>DR J\u00d6RG-THOMAS DIERKS - Neuraxpharm SE<\/title>\n<meta name=\"robots\" content=\"index, follow, max-snippet:-1, max-image-preview:large, max-video-preview:-1\" \/>\n<link rel=\"canonical\" href=\"https:\/\/www.neuraxpharm.com\/se\/about-us\/executive-committee\/dr-jorg-thomas-dierks\" \/>\n<meta property=\"og:locale\" content=\"sv_SE\" \/>\n<meta property=\"og:type\" content=\"article\" \/>\n<meta property=\"og:title\" content=\"DR J\u00d6RG-THOMAS DIERKS\" \/>\n<meta property=\"og:description\" content=\"https:\/\/www.linkedin.com\/in\/jorg-thomas-dierks\/ Neuraxpharm DR J\u00d6RG-THOMAS DIERKS Dr Dierks har 30 \u00e5rs erfarenhet inom sjukv\u00e5rd och har haft flera ledande befattningar inom l\u00e4kemedelsindustrin. Han b\u00f6rjade p\u00e5 Neuraxpharm 2018 efter att ha varit Chief Executive Officer (CEO) f\u00f6r Meda, ett svenskt l\u00e4kemedelsf\u00f6retag, sedan 2013. J\u00f6rg var Chief Operating Officer f\u00f6r Meda fr\u00e5n 2005 och tilltr\u00e4dde \u00e4ven rollen som [&hellip;]\" \/>\n<meta property=\"og:url\" content=\"https:\/\/www.neuraxpharm.com\/se\/about-us\/executive-committee\/dr-jorg-thomas-dierks\/\" \/>\n<meta property=\"og:site_name\" content=\"Neuraxpharm SE\" \/>\n<meta property=\"article:modified_time\" content=\"2023-03-28T07:07:55+00:00\" \/>\n<meta property=\"og:image\" content=\"https:\/\/www.neuraxpharm.com\/se\/wp-content\/uploads\/sites\/29\/2023\/03\/dr-jorg-thomas-dierks.jpg\" \/>\n<meta name=\"twitter:card\" content=\"summary_large_image\" \/>\n<meta name=\"twitter:label1\" content=\"Est. reading time\" \/>\n\t<meta name=\"twitter:data1\" content=\"1 minut\" \/>\n<script type=\"application\/ld+json\" class=\"yoast-schema-graph\">{\"@context\":\"https:\\\/\\\/schema.org\",\"@graph\":[{\"@type\":\"WebPage\",\"@id\":\"https:\\\/\\\/www.neuraxpharm.com\\\/se\\\/about-us\\\/executive-committee\\\/dr-jorg-thomas-dierks\\\/\",\"url\":\"https:\\\/\\\/www.neuraxpharm.com\\\/se\\\/about-us\\\/executive-committee\\\/dr-jorg-thomas-dierks\\\/\",\"name\":\"DR J\u00d6RG-THOMAS DIERKS - Neuraxpharm SE\",\"isPartOf\":{\"@id\":\"https:\\\/\\\/www.neuraxpharm.com\\\/se\\\/#website\"},\"primaryImageOfPage\":{\"@id\":\"https:\\\/\\\/www.neuraxpharm.com\\\/se\\\/about-us\\\/executive-committee\\\/dr-jorg-thomas-dierks\\\/#primaryimage\"},\"image\":{\"@id\":\"https:\\\/\\\/www.neuraxpharm.com\\\/se\\\/about-us\\\/executive-committee\\\/dr-jorg-thomas-dierks\\\/#primaryimage\"},\"thumbnailUrl\":\"https:\\\/\\\/www.neuraxpharm.com\\\/se\\\/wp-content\\\/uploads\\\/sites\\\/29\\\/2023\\\/03\\\/dr-jorg-thomas-dierks.jpg\",\"datePublished\":\"2021-04-13T08:16:45+00:00\",\"dateModified\":\"2023-03-28T07:07:55+00:00\",\"breadcrumb\":{\"@id\":\"https:\\\/\\\/www.neuraxpharm.com\\\/se\\\/about-us\\\/executive-committee\\\/dr-jorg-thomas-dierks\\\/#breadcrumb\"},\"inLanguage\":\"sv-SE\",\"potentialAction\":[{\"@type\":\"ReadAction\",\"target\":[\"https:\\\/\\\/www.neuraxpharm.com\\\/se\\\/about-us\\\/executive-committee\\\/dr-jorg-thomas-dierks\\\/\"]}]},{\"@type\":\"ImageObject\",\"inLanguage\":\"sv-SE\",\"@id\":\"https:\\\/\\\/www.neuraxpharm.com\\\/se\\\/about-us\\\/executive-committee\\\/dr-jorg-thomas-dierks\\\/#primaryimage\",\"url\":\"https:\\\/\\\/static.neuraxpharm.com\\\/wp-content\\\/uploads\\\/sites\\\/29\\\/2023\\\/03\\\/28070548\\\/dr-jorg-thomas-dierks.jpg\",\"contentUrl\":\"https:\\\/\\\/static.neuraxpharm.com\\\/wp-content\\\/uploads\\\/sites\\\/29\\\/2023\\\/03\\\/28070548\\\/dr-jorg-thomas-dierks.jpg\",\"width\":716,\"height\":700},{\"@type\":\"BreadcrumbList\",\"@id\":\"https:\\\/\\\/www.neuraxpharm.com\\\/se\\\/about-us\\\/executive-committee\\\/dr-jorg-thomas-dierks\\\/#breadcrumb\",\"itemListElement\":[{\"@type\":\"ListItem\",\"position\":1,\"name\":\"Home\",\"item\":\"https:\\\/\\\/www.neuraxpharm.com\\\/se\\\/\"},{\"@type\":\"ListItem\",\"position\":2,\"name\":\"About Us\",\"item\":\"https:\\\/\\\/www.neuraxpharm.com\\\/se\\\/about-us\\\/\"},{\"@type\":\"ListItem\",\"position\":3,\"name\":\"Executive Committee\",\"item\":\"https:\\\/\\\/www.neuraxpharm.com\\\/se\\\/about-us\\\/executive-committee\\\/\"},{\"@type\":\"ListItem\",\"position\":4,\"name\":\"DR J\u00d6RG-THOMAS DIERKS\"}]},{\"@type\":\"WebSite\",\"@id\":\"https:\\\/\\\/www.neuraxpharm.com\\\/se\\\/#website\",\"url\":\"https:\\\/\\\/www.neuraxpharm.com\\\/se\\\/\",\"name\":\"Neuraxpharm SE\",\"description\":\"A European Leader for the CNS products\",\"potentialAction\":[{\"@type\":\"SearchAction\",\"target\":{\"@type\":\"EntryPoint\",\"urlTemplate\":\"https:\\\/\\\/www.neuraxpharm.com\\\/se\\\/?s={search_term_string}\"},\"query-input\":{\"@type\":\"PropertyValueSpecification\",\"valueRequired\":true,\"valueName\":\"search_term_string\"}}],\"inLanguage\":\"sv-SE\"}]}<\/script>\n<!-- \/ Yoast SEO Premium plugin. -->","yoast_head_json":{"title":"DR J\u00d6RG-THOMAS DIERKS - Neuraxpharm SE","robots":{"index":"index","follow":"follow","max-snippet":"max-snippet:-1","max-image-preview":"max-image-preview:large","max-video-preview":"max-video-preview:-1"},"canonical":"https:\/\/www.neuraxpharm.com\/se\/about-us\/executive-committee\/dr-jorg-thomas-dierks","og_locale":"sv_SE","og_type":"article","og_title":"DR J\u00d6RG-THOMAS DIERKS","og_description":"https:\/\/www.linkedin.com\/in\/jorg-thomas-dierks\/ Neuraxpharm DR J\u00d6RG-THOMAS DIERKS Dr Dierks har 30 \u00e5rs erfarenhet inom sjukv\u00e5rd och har haft flera ledande befattningar inom l\u00e4kemedelsindustrin. Han b\u00f6rjade p\u00e5 Neuraxpharm 2018 efter att ha varit Chief Executive Officer (CEO) f\u00f6r Meda, ett svenskt l\u00e4kemedelsf\u00f6retag, sedan 2013. J\u00f6rg var Chief Operating Officer f\u00f6r Meda fr\u00e5n 2005 och tilltr\u00e4dde \u00e4ven rollen som [&hellip;]","og_url":"https:\/\/www.neuraxpharm.com\/se\/about-us\/executive-committee\/dr-jorg-thomas-dierks\/","og_site_name":"Neuraxpharm SE","article_modified_time":"2023-03-28T07:07:55+00:00","og_image":[{"url":"https:\/\/www.neuraxpharm.com\/se\/wp-content\/uploads\/sites\/29\/2023\/03\/dr-jorg-thomas-dierks.jpg","type":"","width":"","height":""}],"twitter_card":"summary_large_image","twitter_misc":{"Est. reading time":"1 minut"},"schema":{"@context":"https:\/\/schema.org","@graph":[{"@type":"WebPage","@id":"https:\/\/www.neuraxpharm.com\/se\/about-us\/executive-committee\/dr-jorg-thomas-dierks\/","url":"https:\/\/www.neuraxpharm.com\/se\/about-us\/executive-committee\/dr-jorg-thomas-dierks\/","name":"DR J\u00d6RG-THOMAS DIERKS - Neuraxpharm SE","isPartOf":{"@id":"https:\/\/www.neuraxpharm.com\/se\/#website"},"primaryImageOfPage":{"@id":"https:\/\/www.neuraxpharm.com\/se\/about-us\/executive-committee\/dr-jorg-thomas-dierks\/#primaryimage"},"image":{"@id":"https:\/\/www.neuraxpharm.com\/se\/about-us\/executive-committee\/dr-jorg-thomas-dierks\/#primaryimage"},"thumbnailUrl":"https:\/\/www.neuraxpharm.com\/se\/wp-content\/uploads\/sites\/29\/2023\/03\/dr-jorg-thomas-dierks.jpg","datePublished":"2021-04-13T08:16:45+00:00","dateModified":"2023-03-28T07:07:55+00:00","breadcrumb":{"@id":"https:\/\/www.neuraxpharm.com\/se\/about-us\/executive-committee\/dr-jorg-thomas-dierks\/#breadcrumb"},"inLanguage":"sv-SE","potentialAction":[{"@type":"ReadAction","target":["https:\/\/www.neuraxpharm.com\/se\/about-us\/executive-committee\/dr-jorg-thomas-dierks\/"]}]},{"@type":"ImageObject","inLanguage":"sv-SE","@id":"https:\/\/www.neuraxpharm.com\/se\/about-us\/executive-committee\/dr-jorg-thomas-dierks\/#primaryimage","url":"https:\/\/static.neuraxpharm.com\/wp-content\/uploads\/sites\/29\/2023\/03\/28070548\/dr-jorg-thomas-dierks.jpg","contentUrl":"https:\/\/static.neuraxpharm.com\/wp-content\/uploads\/sites\/29\/2023\/03\/28070548\/dr-jorg-thomas-dierks.jpg","width":716,"height":700},{"@type":"BreadcrumbList","@id":"https:\/\/www.neuraxpharm.com\/se\/about-us\/executive-committee\/dr-jorg-thomas-dierks\/#breadcrumb","itemListElement":[{"@type":"ListItem","position":1,"name":"Home","item":"https:\/\/www.neuraxpharm.com\/se\/"},{"@type":"ListItem","position":2,"name":"About Us","item":"https:\/\/www.neuraxpharm.com\/se\/about-us\/"},{"@type":"ListItem","position":3,"name":"Executive Committee","item":"https:\/\/www.neuraxpharm.com\/se\/about-us\/executive-committee\/"},{"@type":"ListItem","position":4,"name":"DR J\u00d6RG-THOMAS DIERKS"}]},{"@type":"WebSite","@id":"https:\/\/www.neuraxpharm.com\/se\/#website","url":"https:\/\/www.neuraxpharm.com\/se\/","name":"Neuraxpharm SE","description":"A European Leader for the CNS products","potentialAction":[{"@type":"SearchAction","target":{"@type":"EntryPoint","urlTemplate":"https:\/\/www.neuraxpharm.com\/se\/?s={search_term_string}"},"query-input":{"@type":"PropertyValueSpecification","valueRequired":true,"valueName":"search_term_string"}}],"inLanguage":"sv-SE"}]}},"acf":[],"_links":{"self":[{"href":"https:\/\/www.neuraxpharm.com\/se\/wp-json\/wp\/v2\/pages\/15772","targetHints":{"allow":["GET"]}}],"collection":[{"href":"https:\/\/www.neuraxpharm.com\/se\/wp-json\/wp\/v2\/pages"}],"about":[{"href":"https:\/\/www.neuraxpharm.com\/se\/wp-json\/wp\/v2\/types\/page"}],"author":[{"embeddable":true,"href":"https:\/\/www.neuraxpharm.com\/se\/wp-json\/wp\/v2\/users\/1"}],"replies":[{"embeddable":true,"href":"https:\/\/www.neuraxpharm.com\/se\/wp-json\/wp\/v2\/comments?post=15772"}],"version-history":[{"count":30,"href":"https:\/\/www.neuraxpharm.com\/se\/wp-json\/wp\/v2\/pages\/15772\/revisions"}],"predecessor-version":[{"id":19934,"href":"https:\/\/www.neuraxpharm.com\/se\/wp-json\/wp\/v2\/pages\/15772\/revisions\/19934"}],"up":[{"embeddable":true,"href":"https:\/\/www.neuraxpharm.com\/se\/wp-json\/wp\/v2\/pages\/1998"}],"wp:attachment":[{"href":"https:\/\/www.neuraxpharm.com\/se\/wp-json\/wp\/v2\/media?parent=15772"}],"curies":[{"name":"wp","href":"https:\/\/api.w.org\/{rel}","templated":true}]}}