{"id":3,"date":"2021-01-27T16:51:35","date_gmt":"2021-01-27T16:51:35","guid":{"rendered":"https:\/\/www.neuraxpharm.com\/v2\/?page_id=3"},"modified":"2021-11-04T11:37:52","modified_gmt":"2021-11-04T11:37:52","slug":"politica-de-privacidade","status":"publish","type":"page","link":"https:\/\/www.neuraxpharm.com\/pt\/politica-de-privacidade","title":{"rendered":"Pol\u00edtica de privacidade"},"content":{"rendered":"\t\t<div data-elementor-type=\"wp-page\" data-elementor-id=\"3\" class=\"elementor elementor-3\" data-elementor-post-type=\"page\">\n\t\t\t\t\t\t<section class=\"elementor-section elementor-top-section elementor-element elementor-element-4267eac8 politicas elementor-section-boxed elementor-section-height-default elementor-section-height-default\" data-id=\"4267eac8\" data-element_type=\"section\" data-e-type=\"section\" data-settings=\"{&quot;jet_parallax_layout_list&quot;:[{&quot;jet_parallax_layout_image&quot;:{&quot;url&quot;:&quot;&quot;,&quot;id&quot;:&quot;&quot;,&quot;size&quot;:&quot;&quot;},&quot;_id&quot;:&quot;b9bf352&quot;,&quot;jet_parallax_layout_image_tablet&quot;:{&quot;url&quot;:&quot;&quot;,&quot;id&quot;:&quot;&quot;,&quot;size&quot;:&quot;&quot;},&quot;jet_parallax_layout_image_mobile&quot;:{&quot;url&quot;:&quot;&quot;,&quot;id&quot;:&quot;&quot;,&quot;size&quot;:&quot;&quot;},&quot;jet_parallax_layout_speed&quot;:{&quot;unit&quot;:&quot;%&quot;,&quot;size&quot;:50,&quot;sizes&quot;:[]},&quot;jet_parallax_layout_type&quot;:&quot;scroll&quot;,&quot;jet_parallax_layout_direction&quot;:&quot;1&quot;,&quot;jet_parallax_layout_fx_direction&quot;:null,&quot;jet_parallax_layout_z_index&quot;:&quot;&quot;,&quot;jet_parallax_layout_bg_x&quot;:50,&quot;jet_parallax_layout_bg_x_tablet&quot;:&quot;&quot;,&quot;jet_parallax_layout_bg_x_mobile&quot;:&quot;&quot;,&quot;jet_parallax_layout_bg_y&quot;:50,&quot;jet_parallax_layout_bg_y_tablet&quot;:&quot;&quot;,&quot;jet_parallax_layout_bg_y_mobile&quot;:&quot;&quot;,&quot;jet_parallax_layout_bg_size&quot;:&quot;auto&quot;,&quot;jet_parallax_layout_bg_size_tablet&quot;:&quot;&quot;,&quot;jet_parallax_layout_bg_size_mobile&quot;:&quot;&quot;,&quot;jet_parallax_layout_animation_prop&quot;:&quot;transform&quot;,&quot;jet_parallax_layout_on&quot;:[&quot;desktop&quot;,&quot;tablet&quot;]}]}\">\n\t\t\t\t\t\t<div class=\"elementor-container elementor-column-gap-default\">\n\t\t\t\t\t<div class=\"elementor-column elementor-col-100 elementor-top-column elementor-element elementor-element-11149c0c\" data-id=\"11149c0c\" data-element_type=\"column\" data-e-type=\"column\">\n\t\t\t<div class=\"elementor-widget-wrap elementor-element-populated\">\n\t\t\t\t\t\t<div class=\"elementor-element elementor-element-27cfa8e elementor-widget elementor-widget-heading\" data-id=\"27cfa8e\" data-element_type=\"widget\" data-e-type=\"widget\" data-widget_type=\"heading.default\">\n\t\t\t\t<div class=\"elementor-widget-container\">\n\t\t\t\t\t<h1 class=\"elementor-heading-title elementor-size-default\">Pol\u00edtica de privacidade\n<\/h1>\t\t\t\t<\/div>\n\t\t\t\t<\/div>\n\t\t\t\t<div class=\"elementor-element elementor-element-5d244c20 elementor-widget elementor-widget-text-editor\" data-id=\"5d244c20\" data-element_type=\"widget\" data-e-type=\"widget\" data-widget_type=\"text-editor.default\">\n\t\t\t\t<div class=\"elementor-widget-container\">\n\t\t\t\t\t\t\t\t\t<p>Em conformidade com o Regulamento (UE) 2016\/679 do Parlamento Europeu e do Conselho, de 27 de Abril de 2016, relativo \u00e0 prote\u00e7\u00e3o das pessoas singulares no que diz respeito ao tratamento de dados pessoais e \u00e0 livre circula\u00e7\u00e3o desses dados, bem como quaisquer outras disposi\u00e7\u00f5es aplic\u00e1veis em mat\u00e9ria de prote\u00e7\u00e3o de dados, informamo-lo detalhadamente sobre o tratamento dos seus dados pessoais.<\/p><ul><li><b>Quem \u00e9 respons\u00e1vel pelo tratamento dos seus dados pessoais?<\/b><\/li><\/ul><table><tbody><tr><td><p>Controlador de dados<\/p><\/td><td><p>Empresas do Grupo Neuraxpharm (&#8220;Neuraxpharm<b>&#8220;)<\/b>. Pode encontrar os dados de contacto das empresas mencionadas no seguinte link<\/p><p>[\u2026]<\/p><\/td><\/tr><tr><td><p>Endere\u00e7o de correio eletr\u00f3nico<\/p><\/td><td><p><a href=\"about:blank\">gdpr@neuraxpharm.com<\/a><\/p><\/td><\/tr><\/tbody><\/table><p>\u00a0<\/p><ul><li><b>Para que fins processamos os seus dados pessoais?<\/b><\/li><\/ul><p>A Neuraxpharm processa os dados pessoais que nos fornece, preenchendo formul\u00e1rios de contacto ou contactando-nos atrav\u00e9s de qualquer endere\u00e7o de correio eletr\u00f3nico ou n\u00famero de telefone fornecido no website para os fins indicados abaixo:<\/p><ul><li><b>Comunica\u00e7\u00f5es comerciais<\/b><\/li><\/ul><p>Como parte da sua atividade promocional, a Neuraxpharm pode fornecer-lhe um meio para se registar ou subscrever not\u00edcias ou informa\u00e7\u00f5es comerciais relacionadas. Estes meios exigem sempre o seu consentimento expresso para que lhe enviemos not\u00edcias ou informa\u00e7\u00f5es comerciais. Portanto, se nos tiver dado o seu consentimento, a Neuraxpharm enviar-lhe-\u00e1 informa\u00e7\u00f5es sobre os seus produtos.<\/p><p>Pode revogar o seu consentimento para receber comunica\u00e7\u00f5es comerciais a qualquer momento, clicando no link ou bot\u00e3o fornecido em cada comunica\u00e7\u00e3o comercial ou enviando-nos um e-mail para o seguinte endere\u00e7o <a href=\"about:blank\">gdpr@neuraxpharm.com<\/a>.<\/p><ul><li><b>Formul\u00e1rio de imprensa<\/b><\/li><\/ul><p>Responder a pedidos de informa\u00e7\u00e3o.<\/p><ul><li><b>Canal de \u00e9tica e conformidade:<\/b><\/li><\/ul><p>Gerir as queixas apresentadas \u00e0 Neuraxpharm atrav\u00e9s do canal de \u00e9tica e conformidade, bem como realizar a investiga\u00e7\u00e3o dos factos denunciados, adoptar as medidas corretivas adequadas e, quando apropriado, informar o Utilizador do resultado do procedimento.<\/p><ul><li><b>Notifica\u00e7\u00e3o de efeitos adversos<\/b><\/li><\/ul><ol><li>Responder aos pedidos de informa\u00e7\u00e3o que o utilizador tenha feito por este meio.<\/li><li>Gerir o registo de suspeitas de rea\u00e7\u00f5es adversas aos medicamentos.<\/li><\/ol><ul><li><b>Contacto com profissionais de sa\u00fade<\/b><\/li><\/ul><p>Responder a pedidos de informa\u00e7\u00e3o.<\/p><ul><li><b>Com\u00e9rcio internacional<\/b><\/li><\/ul><p>Responder a pedidos de informa\u00e7\u00e3o.<\/p><ul><li><b>Registo no website (&#8220;\u00c1rea privada&#8221;)<\/b><\/li><\/ul><p>Pode gerir o seu pedido de registo no nosso website.<\/p><ul><li><b>Durante quanto tempo vamos guardar os seus dados pessoais?<\/b><\/li><\/ul><p>A Neuraxpharm compromete-se a processar os seus dados pessoais durante o tempo que for \u00fatil e necess\u00e1rio para lhe prestar um servi\u00e7o de qualidade. Por conseguinte, a Neuraxpharm far\u00e1 todos os esfor\u00e7os razo\u00e1veis e adequados para minimizar o tempo de processamento e armazenamento dos seus dados pessoais.<\/p><p>Em particular, informamos que os seus dados pessoais ser\u00e3o armazenados com as medidas t\u00e9cnicas e organizacionais necess\u00e1rias para garantir a sua seguran\u00e7a e integridade durante os per\u00edodos de tempo seguintes e, em qualquer caso, desde que n\u00e3o solicite a sua elimina\u00e7\u00e3o:<\/p><table><tbody><tr><td><p><b>Fim<\/b><\/p><\/td><td><p><b>Per\u00edodo de armazenamento<\/b><\/p><\/td><\/tr><tr><td><p>Comunica\u00e7\u00f5es comerciais (sec\u00e7\u00e3o 2.i)<\/p><\/td><td><p>At\u00e9 que revogue o seu consentimento para o processamento.<\/p><\/td><\/tr><tr><td><p>Formul\u00e1rio de imprensa (sec\u00e7\u00e3o 2.ii)<\/p><\/td><td><p>Na medida do necess\u00e1rio para satisfazer o seu pedido.<\/p><\/td><\/tr><tr><td><p>Canal de \u00e9tica e conformidade (sec\u00e7\u00e3o 2.iii)<\/p><\/td><td><p>Durante o tempo necess\u00e1rio para decidir se \u00e9 preciso iniciar uma investiga\u00e7\u00e3o sobre os factos alegados e, quando apropriado, durante o tempo necess\u00e1rio para resolver a queixa.<\/p><\/td><\/tr><tr><td><p>Notifica\u00e7\u00e3o de efeitos adversos (sec\u00e7\u00e3o 2.iv)<\/p><\/td><td><p>O previsto na legisla\u00e7\u00e3o que regula a prote\u00e7\u00e3o pelas autoridades p\u00fablicas do direito \u00e0 sa\u00fade, \u00e0 informa\u00e7\u00e3o e educa\u00e7\u00e3o dos consumidor sobre a limita\u00e7\u00e3o da responsabilidade.<\/p><\/td><\/tr><tr><td><p>Contacto com profissionais de sa\u00fade (sec\u00e7\u00e3o 2.v)<\/p><p>\u00a0<\/p><\/td><td><p>Na medida do necess\u00e1rio para satisfazer o seu pedido.<\/p><\/td><\/tr><tr><td><p>Com\u00e9rcio internacional (Sec\u00e7\u00e3o 2.vi)<\/p><\/td><td><p>Na medida do necess\u00e1rio para satisfazer o seu pedido.<\/p><\/td><\/tr><tr><td><p>Registo no website (Sec\u00e7\u00e3o 2.vii)<\/p><\/td><td><p>Na medida do necess\u00e1rio para satisfazer o seu pedido.<\/p><\/td><\/tr><\/tbody><\/table><p>Em qualquer caso, mesmo que solicite a elimina\u00e7\u00e3o dos seus dados pessoais, a Neuraxpharm ter\u00e1 o direito de os conservar e manter, sob o devido bloqueio, durante o tempo necess\u00e1rio para cumprir as obriga\u00e7\u00f5es legais correspondentes, bem como de os colocar \u00e0 disposi\u00e7\u00e3o das autoridades competentes nas diferentes mat\u00e9rias aplic\u00e1veis.<\/p><ul><li><b>Qual \u00e9 a base legal para processar os seus dados pessoais?<\/b><\/li><\/ul><p>A base legal para o processamento dos seus dados pessoais varia em fun\u00e7\u00e3o da finalidade do processamento, de acordo com a sec\u00e7\u00e3o 2 desta pol\u00edtica:<\/p><table><tbody><tr><td><p><b>Fim<\/b><\/p><\/td><td><p><b>Base legal<\/b><\/p><\/td><\/tr><tr><td><p>Comunica\u00e7\u00f5es comerciais (sec\u00e7\u00e3o 2.i)<\/p><\/td><td><p>O seu consentimento.<\/p><\/td><\/tr><tr><td><p>Formul\u00e1rio de imprensa (sec\u00e7\u00e3o 2.ii)<\/p><\/td><td><p>O seu consentimento, dado quando nos contactar atrav\u00e9s do formul\u00e1rio de contacto.<\/p><\/td><\/tr><tr><td><p>Canal de \u00e9tica e conformidade (sec\u00e7\u00e3o 2.iii)<\/p><\/td><td><p>Uma obriga\u00e7\u00e3o legal, nomeadamente a Directiva (UE) 2019\/1937 relativa \u00e0 prote\u00e7\u00e3o das pessoas que denunciam infra\u00e7\u00f5es aos Direitos da Uni\u00e3o Europeia.<\/p><\/td><\/tr><tr><td><p>Notifica\u00e7\u00e3o de efeitos adversos (sec\u00e7\u00e3o 2.iv)<\/p><\/td><td><p>Uma obriga\u00e7\u00e3o legal, nomeadamente o Regulamento (UE) n.\u00ba 1235\/2010 do Parlamento Europeu e do Conselho, de 15 de Dezembro de 2010, que altera, no que diz respeito \u00e0 farmacovigil\u00e2ncia dos medicamentos para uso humano, o Regulamento (CE) n.\u00ba 726\/2004 que estabelece procedimentos comunit\u00e1rios de autoriza\u00e7\u00e3o e fiscaliza\u00e7\u00e3o de medicamentos para uso humano e veterin\u00e1rio e institui uma Ag\u00eancia Europeia de Medicamentos, e o Regulamento (CE) n.\u00ba 1394\/2007 relativo a medicamentos de terapias avan\u00e7adas.<\/p><\/td><\/tr><tr><td><p>Contacto com profissionais de sa\u00fade (sec\u00e7\u00e3o 2.v)<\/p><p>\u00a0<\/p><\/td><td><p>O seu consentimento, dado quando nos contactar atrav\u00e9s do formul\u00e1rio de contacto.<\/p><\/td><\/tr><tr><td><p>Com\u00e9rcio internacional (Sec\u00e7\u00e3o 2.vi)<\/p><\/td><td><p>O seu consentimento, dado quando nos contactar atrav\u00e9s do formul\u00e1rio de contacto.<\/p><\/td><\/tr><tr><td><p>Registo no website (Sec\u00e7\u00e3o 2.vii)<\/p><\/td><td><p>O seu consentimento, dado quando nos contactar atrav\u00e9s do formul\u00e1rio de contacto.<\/p><\/td><\/tr><\/tbody><\/table><ul><li><b>A que destinat\u00e1rios ser\u00e3o comunicados os seus dados pessoais?<\/b><\/li><\/ul><p>Os seus dados pessoais n\u00e3o ser\u00e3o transmitidos a terceiros, excepto a fornecedores cujos servi\u00e7os permitam a correta presta\u00e7\u00e3o dos servi\u00e7os que oferecemos. A Neuraxpharm pode igualmente divulgar os seus dados pessoais a organismos e autoridades p\u00fablicas (administrativas ou judiciais) nos casos em que se aplique uma obriga\u00e7\u00e3o legal.<\/p><p>Informamos que os dados que nos forneceu podem ser transmitidos ao grupo de empresas que fazem parte do Grupo Neuraxpharm para fins de administra\u00e7\u00e3o interna.<\/p><ul><li><b>Que direitos tem sobre os seus dados pessoais e como pode exerc\u00ea-los?<\/b><\/li><\/ul><p>Em qualquer altura, tem o direito de aceder aos seus dados pessoais, bem como de solicitar a retifica\u00e7\u00e3o de dados inexatos ou, quando apropriado, de solicitar a sua elimina\u00e7\u00e3o quando, entre outras raz\u00f5es, os dados j\u00e1 n\u00e3o forem necess\u00e1rios para os fins para os quais foram recolhidos.<\/p><p>Em determinadas circunst\u00e2ncias, poder\u00e1 solicitar que restrinjamos o tratamento dos seus dados pessoais, caso em que os reteremos apenas para efeitos de exerc\u00edcio ou defesa de reclama\u00e7\u00f5es.<\/p><p>Em determinadas circunst\u00e2ncias e por raz\u00f5es relacionadas com a sua situa\u00e7\u00e3o particular, pode opor-se ao tratamento dos seus dados pessoais. A Neuraxpharm deixar\u00e1 de processar os dados, excepto por raz\u00f5es leg\u00edtimas imperiosas, ou pelo exerc\u00edcio ou defesa de eventuais reclama\u00e7\u00f5es.<\/p><p>Poder\u00e1 ainda exercer o seu direito \u00e0 portabilidade dos seus dados pessoais e retirar o seu consentimento a qualquer altura, sem afetar a legalidade do processamento com base no seu consentimento antes da sua retirada.<\/p><p>Se desejar exercer algum dos seus direitos, pode contactar-nos enviando uma carta, com um documento comprovativo da sua identidade e indicando expressamente o direito que deseja exercer, para o endere\u00e7o acima indicado ou enviando um e-mail para <a href=\"mailto:gdpr@neuraxpharm.com\">gdpr@neuraxpharm.com<\/a>.<\/p><p>Finalmente, informamos que pode dirigir qualquer reclama\u00e7\u00e3o decorrente do tratamento dos seus dados pessoais \u00e0 Ag\u00eancia Espanhola de Prote\u00e7\u00e3o de Dados e a outros organismos p\u00fablicos competentes.<\/p><ul><li><b>Confidencialidade e medidas de seguran\u00e7a<\/b><\/li><\/ul><p>A Neuraxpharm implementou todas as medidas de seguran\u00e7a apropriadas para garantir que n\u00e3o haja perda, altera\u00e7\u00e3o, utiliza\u00e7\u00e3o indevida ou acesso n\u00e3o autorizado aos dados pessoais processados. A Neuraxpharm rev\u00ea regularmente as medidas de seguran\u00e7a em vigor para garantir que est\u00e3o sempre adequadas em fun\u00e7\u00e3o do processamento que se realiza.\u00a0<\/p><p>Apesar do acima exposto, a utiliza\u00e7\u00e3o da Internet n\u00e3o \u00e9 completamente segura, e n\u00e3o podemos garantir a seguran\u00e7a das suas informa\u00e7\u00f5es.<\/p><p>\u00a0<\/p><p>\u00a0<\/p><p>\u00a0<\/p><p><!-- \/wp:heading --><\/p>\t\t\t\t\t\t\t\t<\/div>\n\t\t\t\t<\/div>\n\t\t\t\t\t<\/div>\n\t\t<\/div>\n\t\t\t\t\t<\/div>\n\t\t<\/section>\n\t\t\t\t<\/div>\n\t\t","protected":false},"excerpt":{"rendered":"<p>Pol\u00edtica de privacidade Em conformidade com o Regulamento (UE) 2016\/679 do Parlamento Europeu e do Conselho, de 27 de Abril de 2016, relativo \u00e0 prote\u00e7\u00e3o das pessoas singulares no que diz respeito ao tratamento de dados pessoais e \u00e0 livre circula\u00e7\u00e3o desses dados, bem como quaisquer outras disposi\u00e7\u00f5es aplic\u00e1veis em mat\u00e9ria de prote\u00e7\u00e3o de dados, [&hellip;]<\/p>\n","protected":false},"author":1,"featured_media":0,"parent":0,"menu_order":0,"comment_status":"closed","ping_status":"closed","template":"","meta":{"_acf_changed":false,"footnotes":""},"class_list":["post-3","page","type-page","status-publish","hentry"],"yoast_head":"<!-- This site is optimized with the Yoast SEO Premium plugin v27.2 (Yoast SEO v27.2) - https:\/\/yoast.com\/product\/yoast-seo-premium-wordpress\/ -->\n<title>Pol\u00edtica de privacidade - Neuraxpharm PT<\/title>\n<meta name=\"robots\" content=\"index, follow, max-snippet:-1, max-image-preview:large, max-video-preview:-1\" \/>\n<link rel=\"canonical\" href=\"https:\/\/www.neuraxpharm.com\/pt\/politica-de-privacidade\" \/>\n<meta property=\"og:locale\" content=\"pt_PT\" \/>\n<meta property=\"og:type\" content=\"article\" \/>\n<meta property=\"og:title\" content=\"Pol\u00edtica de privacidade\" \/>\n<meta property=\"og:description\" content=\"Pol\u00edtica de privacidade Em conformidade com o Regulamento (UE) 2016\/679 do Parlamento Europeu e do Conselho, de 27 de Abril de 2016, relativo \u00e0 prote\u00e7\u00e3o das pessoas singulares no que diz respeito ao tratamento de dados pessoais e \u00e0 livre circula\u00e7\u00e3o desses dados, bem como quaisquer outras disposi\u00e7\u00f5es aplic\u00e1veis em mat\u00e9ria de prote\u00e7\u00e3o de dados, [&hellip;]\" \/>\n<meta property=\"og:url\" content=\"https:\/\/www.neuraxpharm.com\/pt\/politica-de-privacidade\" \/>\n<meta property=\"og:site_name\" content=\"Neuraxpharm PT\" \/>\n<meta property=\"article:modified_time\" content=\"2021-11-04T11:37:52+00:00\" \/>\n<meta name=\"twitter:card\" content=\"summary_large_image\" \/>\n<meta name=\"twitter:label1\" content=\"Tempo estimado de leitura\" \/>\n\t<meta name=\"twitter:data1\" content=\"6 minutos\" \/>\n<script type=\"application\/ld+json\" class=\"yoast-schema-graph\">{\"@context\":\"https:\/\/schema.org\",\"@graph\":[{\"@type\":\"WebPage\",\"@id\":\"https:\/\/www.neuraxpharm.com\/pt\/politica-de-privacidade\",\"url\":\"https:\/\/www.neuraxpharm.com\/pt\/politica-de-privacidade\",\"name\":\"Pol\u00edtica de privacidade - Neuraxpharm PT\",\"isPartOf\":{\"@id\":\"https:\/\/www.neuraxpharm.com\/pt\/#website\"},\"datePublished\":\"2021-01-27T16:51:35+00:00\",\"dateModified\":\"2021-11-04T11:37:52+00:00\",\"inLanguage\":\"pt-PT\",\"potentialAction\":[{\"@type\":\"ReadAction\",\"target\":[\"https:\/\/www.neuraxpharm.com\/pt\/politica-de-privacidade\"]}]},{\"@type\":\"WebSite\",\"@id\":\"https:\/\/www.neuraxpharm.com\/pt\/#website\",\"url\":\"https:\/\/www.neuraxpharm.com\/pt\/\",\"name\":\"Neuraxpharm PT\",\"description\":\"A European Leader for the CNS products\",\"potentialAction\":[{\"@type\":\"SearchAction\",\"target\":{\"@type\":\"EntryPoint\",\"urlTemplate\":\"https:\/\/www.neuraxpharm.com\/pt\/?s={search_term_string}\"},\"query-input\":{\"@type\":\"PropertyValueSpecification\",\"valueRequired\":true,\"valueName\":\"search_term_string\"}}],\"inLanguage\":\"pt-PT\"}]}<\/script>\n<!-- \/ Yoast SEO Premium plugin. -->","yoast_head_json":{"title":"Pol\u00edtica de privacidade - Neuraxpharm PT","robots":{"index":"index","follow":"follow","max-snippet":"max-snippet:-1","max-image-preview":"max-image-preview:large","max-video-preview":"max-video-preview:-1"},"canonical":"https:\/\/www.neuraxpharm.com\/pt\/politica-de-privacidade","og_locale":"pt_PT","og_type":"article","og_title":"Pol\u00edtica de privacidade","og_description":"Pol\u00edtica de privacidade Em conformidade com o Regulamento (UE) 2016\/679 do Parlamento Europeu e do Conselho, de 27 de Abril de 2016, relativo \u00e0 prote\u00e7\u00e3o das pessoas singulares no que diz respeito ao tratamento de dados pessoais e \u00e0 livre circula\u00e7\u00e3o desses dados, bem como quaisquer outras disposi\u00e7\u00f5es aplic\u00e1veis em mat\u00e9ria de prote\u00e7\u00e3o de dados, [&hellip;]","og_url":"https:\/\/www.neuraxpharm.com\/pt\/politica-de-privacidade","og_site_name":"Neuraxpharm PT","article_modified_time":"2021-11-04T11:37:52+00:00","twitter_card":"summary_large_image","twitter_misc":{"Tempo estimado de leitura":"6 minutos"},"schema":{"@context":"https:\/\/schema.org","@graph":[{"@type":"WebPage","@id":"https:\/\/www.neuraxpharm.com\/pt\/politica-de-privacidade","url":"https:\/\/www.neuraxpharm.com\/pt\/politica-de-privacidade","name":"Pol\u00edtica de privacidade - Neuraxpharm PT","isPartOf":{"@id":"https:\/\/www.neuraxpharm.com\/pt\/#website"},"datePublished":"2021-01-27T16:51:35+00:00","dateModified":"2021-11-04T11:37:52+00:00","inLanguage":"pt-PT","potentialAction":[{"@type":"ReadAction","target":["https:\/\/www.neuraxpharm.com\/pt\/politica-de-privacidade"]}]},{"@type":"WebSite","@id":"https:\/\/www.neuraxpharm.com\/pt\/#website","url":"https:\/\/www.neuraxpharm.com\/pt\/","name":"Neuraxpharm PT","description":"A European Leader for the CNS products","potentialAction":[{"@type":"SearchAction","target":{"@type":"EntryPoint","urlTemplate":"https:\/\/www.neuraxpharm.com\/pt\/?s={search_term_string}"},"query-input":{"@type":"PropertyValueSpecification","valueRequired":true,"valueName":"search_term_string"}}],"inLanguage":"pt-PT"}]}},"acf":[],"_links":{"self":[{"href":"https:\/\/www.neuraxpharm.com\/pt\/wp-json\/wp\/v2\/pages\/3","targetHints":{"allow":["GET"]}}],"collection":[{"href":"https:\/\/www.neuraxpharm.com\/pt\/wp-json\/wp\/v2\/pages"}],"about":[{"href":"https:\/\/www.neuraxpharm.com\/pt\/wp-json\/wp\/v2\/types\/page"}],"author":[{"embeddable":true,"href":"https:\/\/www.neuraxpharm.com\/pt\/wp-json\/wp\/v2\/users\/1"}],"replies":[{"embeddable":true,"href":"https:\/\/www.neuraxpharm.com\/pt\/wp-json\/wp\/v2\/comments?post=3"}],"version-history":[{"count":93,"href":"https:\/\/www.neuraxpharm.com\/pt\/wp-json\/wp\/v2\/pages\/3\/revisions"}],"predecessor-version":[{"id":25363,"href":"https:\/\/www.neuraxpharm.com\/pt\/wp-json\/wp\/v2\/pages\/3\/revisions\/25363"}],"wp:attachment":[{"href":"https:\/\/www.neuraxpharm.com\/pt\/wp-json\/wp\/v2\/media?parent=3"}],"curies":[{"name":"wp","href":"https:\/\/api.w.org\/{rel}","templated":true}]}}