{"id":26668,"date":"2023-02-10T08:58:13","date_gmt":"2023-02-10T08:58:13","guid":{"rendered":"https:\/\/www.neuraxpharm.com\/pt\/?page_id=26668"},"modified":"2025-11-07T09:43:04","modified_gmt":"2025-11-07T09:43:04","slug":"miguel-barrero","status":"publish","type":"page","link":"https:\/\/www.neuraxpharm.com\/pt\/quem-somos\/comite-executivo\/miguel-barrero","title":{"rendered":"MIGUEL BARRERO"},"content":{"rendered":"\t\t<div data-elementor-type=\"wp-page\" data-elementor-id=\"26668\" class=\"elementor elementor-26668\" data-elementor-post-type=\"page\">\n\t\t\t\t\t\t<section class=\"elementor-section elementor-top-section elementor-element elementor-element-8f3fd84 elementor-section-boxed elementor-section-height-default elementor-section-height-default\" data-id=\"8f3fd84\" data-element_type=\"section\" data-e-type=\"section\" data-settings=\"{&quot;jet_parallax_layout_list&quot;:[{&quot;_id&quot;:&quot;f02b98c&quot;,&quot;jet_parallax_layout_image&quot;:{&quot;url&quot;:&quot;&quot;,&quot;id&quot;:&quot;&quot;,&quot;size&quot;:&quot;&quot;},&quot;jet_parallax_layout_image_tablet&quot;:{&quot;url&quot;:&quot;&quot;,&quot;id&quot;:&quot;&quot;,&quot;size&quot;:&quot;&quot;},&quot;jet_parallax_layout_image_mobile&quot;:{&quot;url&quot;:&quot;&quot;,&quot;id&quot;:&quot;&quot;,&quot;size&quot;:&quot;&quot;},&quot;jet_parallax_layout_speed&quot;:{&quot;unit&quot;:&quot;%&quot;,&quot;size&quot;:50,&quot;sizes&quot;:[]},&quot;jet_parallax_layout_type&quot;:&quot;scroll&quot;,&quot;jet_parallax_layout_direction&quot;:&quot;1&quot;,&quot;jet_parallax_layout_fx_direction&quot;:null,&quot;jet_parallax_layout_z_index&quot;:&quot;&quot;,&quot;jet_parallax_layout_bg_x&quot;:50,&quot;jet_parallax_layout_bg_x_tablet&quot;:&quot;&quot;,&quot;jet_parallax_layout_bg_x_mobile&quot;:&quot;&quot;,&quot;jet_parallax_layout_bg_y&quot;:50,&quot;jet_parallax_layout_bg_y_tablet&quot;:&quot;&quot;,&quot;jet_parallax_layout_bg_y_mobile&quot;:&quot;&quot;,&quot;jet_parallax_layout_bg_size&quot;:&quot;auto&quot;,&quot;jet_parallax_layout_bg_size_tablet&quot;:&quot;&quot;,&quot;jet_parallax_layout_bg_size_mobile&quot;:&quot;&quot;,&quot;jet_parallax_layout_animation_prop&quot;:&quot;transform&quot;,&quot;jet_parallax_layout_on&quot;:[&quot;desktop&quot;,&quot;tablet&quot;]}]}\">\n\t\t\t\t\t\t<div class=\"elementor-container elementor-column-gap-default\">\n\t\t\t\t\t<div class=\"elementor-column elementor-col-33 elementor-top-column elementor-element elementor-element-2fd0f551\" data-id=\"2fd0f551\" data-element_type=\"column\" data-e-type=\"column\">\n\t\t\t<div class=\"elementor-widget-wrap elementor-element-populated\">\n\t\t\t\t\t\t<div class=\"elementor-element elementor-element-74625d79 elementor-widget elementor-widget-image\" data-id=\"74625d79\" data-element_type=\"widget\" data-e-type=\"widget\" data-widget_type=\"image.default\">\n\t\t\t\t<div class=\"elementor-widget-container\">\n\t\t\t\t\t\t\t\t\t\t\t\t\t\t\t<img fetchpriority=\"high\" decoding=\"async\" width=\"716\" height=\"700\" src=\"https:\/\/static.neuraxpharm.com\/wp-content\/uploads\/sites\/25\/2023\/03\/27113010\/m-barrero.jpg\" class=\"attachment-full size-full wp-image-26711\" alt=\"\" srcset=\"https:\/\/static.neuraxpharm.com\/wp-content\/uploads\/sites\/25\/2023\/03\/27113010\/m-barrero.jpg 716w, https:\/\/static.neuraxpharm.com\/wp-content\/uploads\/sites\/25\/2023\/03\/27113010\/m-barrero-300x293.jpg 300w, https:\/\/static.neuraxpharm.com\/wp-content\/uploads\/sites\/25\/2023\/03\/27113010\/m-barrero-600x587.jpg 600w\" sizes=\"(max-width: 716px) 100vw, 716px\" \/>\t\t\t\t\t\t\t\t\t\t\t\t\t\t\t<\/div>\n\t\t\t\t<\/div>\n\t\t\t\t<section class=\"elementor-section elementor-inner-section elementor-element elementor-element-8e2e3ef elementor-section-content-top elementor-section-boxed elementor-section-height-default elementor-section-height-default\" data-id=\"8e2e3ef\" data-element_type=\"section\" data-e-type=\"section\" data-settings=\"{&quot;jet_parallax_layout_list&quot;:[{&quot;_id&quot;:&quot;5f899ce&quot;,&quot;jet_parallax_layout_image&quot;:{&quot;url&quot;:&quot;&quot;,&quot;id&quot;:&quot;&quot;,&quot;size&quot;:&quot;&quot;},&quot;jet_parallax_layout_image_tablet&quot;:{&quot;url&quot;:&quot;&quot;,&quot;id&quot;:&quot;&quot;,&quot;size&quot;:&quot;&quot;},&quot;jet_parallax_layout_image_mobile&quot;:{&quot;url&quot;:&quot;&quot;,&quot;id&quot;:&quot;&quot;,&quot;size&quot;:&quot;&quot;},&quot;jet_parallax_layout_speed&quot;:{&quot;unit&quot;:&quot;%&quot;,&quot;size&quot;:50,&quot;sizes&quot;:[]},&quot;jet_parallax_layout_type&quot;:&quot;scroll&quot;,&quot;jet_parallax_layout_direction&quot;:&quot;1&quot;,&quot;jet_parallax_layout_fx_direction&quot;:null,&quot;jet_parallax_layout_z_index&quot;:&quot;&quot;,&quot;jet_parallax_layout_bg_x&quot;:50,&quot;jet_parallax_layout_bg_x_tablet&quot;:&quot;&quot;,&quot;jet_parallax_layout_bg_x_mobile&quot;:&quot;&quot;,&quot;jet_parallax_layout_bg_y&quot;:50,&quot;jet_parallax_layout_bg_y_tablet&quot;:&quot;&quot;,&quot;jet_parallax_layout_bg_y_mobile&quot;:&quot;&quot;,&quot;jet_parallax_layout_bg_size&quot;:&quot;auto&quot;,&quot;jet_parallax_layout_bg_size_tablet&quot;:&quot;&quot;,&quot;jet_parallax_layout_bg_size_mobile&quot;:&quot;&quot;,&quot;jet_parallax_layout_animation_prop&quot;:&quot;transform&quot;,&quot;jet_parallax_layout_on&quot;:[&quot;desktop&quot;,&quot;tablet&quot;]}]}\">\n\t\t\t\t\t\t<div class=\"elementor-container elementor-column-gap-default\">\n\t\t\t\t\t<div class=\"elementor-column elementor-col-50 elementor-inner-column elementor-element elementor-element-47a4c69\" data-id=\"47a4c69\" data-element_type=\"column\" data-e-type=\"column\">\n\t\t\t<div class=\"elementor-widget-wrap elementor-element-populated\">\n\t\t\t\t\t\t<div class=\"elementor-element elementor-element-53113508 elementor-view-default elementor-widget elementor-widget-icon\" data-id=\"53113508\" data-element_type=\"widget\" data-e-type=\"widget\" data-widget_type=\"icon.default\">\n\t\t\t\t<div class=\"elementor-widget-container\">\n\t\t\t\t\t\t\t<div class=\"elementor-icon-wrapper\">\n\t\t\t<div class=\"elementor-icon\">\n\t\t\t<i aria-hidden=\"true\" class=\"fab fa-linkedin-in\"><\/i>\t\t\t<\/div>\n\t\t<\/div>\n\t\t\t\t\t\t<\/div>\n\t\t\t\t<\/div>\n\t\t\t\t\t<\/div>\n\t\t<\/div>\n\t\t\t\t<div class=\"elementor-column elementor-col-50 elementor-inner-column elementor-element elementor-element-19536d3b\" data-id=\"19536d3b\" data-element_type=\"column\" data-e-type=\"column\">\n\t\t\t<div class=\"elementor-widget-wrap elementor-element-populated\">\n\t\t\t\t\t\t<div class=\"elementor-element elementor-element-76b1eb61 elementor-widget elementor-widget-heading\" data-id=\"76b1eb61\" data-element_type=\"widget\" data-e-type=\"widget\" data-widget_type=\"heading.default\">\n\t\t\t\t<div class=\"elementor-widget-container\">\n\t\t\t\t\t<p class=\"elementor-heading-title elementor-size-default\"><a href=\"https:\/\/www.linkedin.com\/in\/mbarrero\/\" target=\"_blank\">https:\/\/www.linkedin.com\/in\/mbarrero\/<\/a><\/p>\t\t\t\t<\/div>\n\t\t\t\t<\/div>\n\t\t\t\t\t<\/div>\n\t\t<\/div>\n\t\t\t\t\t<\/div>\n\t\t<\/section>\n\t\t\t\t\t<\/div>\n\t\t<\/div>\n\t\t\t\t<div class=\"elementor-column elementor-col-66 elementor-top-column elementor-element elementor-element-4d793da9\" data-id=\"4d793da9\" data-element_type=\"column\" data-e-type=\"column\">\n\t\t\t<div class=\"elementor-widget-wrap elementor-element-populated\">\n\t\t\t\t\t\t<div class=\"elementor-element elementor-element-1cb7e249 elementor-widget elementor-widget-jet-breadcrumbs\" data-id=\"1cb7e249\" data-element_type=\"widget\" data-e-type=\"widget\" data-widget_type=\"jet-breadcrumbs.default\">\n\t\t\t\t<div class=\"elementor-widget-container\">\n\t\t\t\t\t<div class=\"elementor-jet-breadcrumbs jet-blocks\">\n\t\t<div class=\"jet-breadcrumbs\">\n\t\t<div class=\"jet-breadcrumbs__content\">\n\t\t<div class=\"jet-breadcrumbs__wrap\"><div class=\"jet-breadcrumbs__item\"><a href=\"https:\/\/www.neuraxpharm.com\/pt\/\" class=\"jet-breadcrumbs__item-link is-home\" rel=\"home\" title=\"Neuraxpharm\">Neuraxpharm<\/a><\/div>\n\t\t<\/div>\n\t\t<\/div>\n\t\t<\/div><\/div>\t\t\t\t<\/div>\n\t\t\t\t<\/div>\n\t\t\t\t<div class=\"elementor-element elementor-element-306496c9 elementor-widget elementor-widget-heading\" data-id=\"306496c9\" data-element_type=\"widget\" data-e-type=\"widget\" data-widget_type=\"heading.default\">\n\t\t\t\t<div class=\"elementor-widget-container\">\n\t\t\t\t\t<h1 class=\"elementor-heading-title elementor-size-default\">Miguel Barrero<\/h1>\t\t\t\t<\/div>\n\t\t\t\t<\/div>\n\t\t\t\t<div class=\"elementor-element elementor-element-76f81d0b elementor-widget elementor-widget-text-editor\" data-id=\"76f81d0b\" data-element_type=\"widget\" data-e-type=\"widget\" data-widget_type=\"text-editor.default\">\n\t\t\t\t<div class=\"elementor-widget-container\">\n\t\t\t\t\t\t\t\t\t<p>Miguel Barrero Dur\u00e1n \u00e9\u00a0<em>Chief Business Development and Innovation Officer<\/em>\u00a0e ingressou a Neuraxpharm em 2015, onde criou e desenvolveu os departamentos corporativos de<em>\u00a0Business Development<\/em>\u00a0<em>&amp; Licensing, Alliance Management<\/em>\u00a0e\u00a0<em>Pipeline<\/em>. Miguel tamb\u00e9m lidera os departamentos de Propriedade Intelectual e Dispositivos M\u00e9dicos.<\/p><p>O Miguel tem 25 anos de experi\u00eancia na ind\u00fastria farmac\u00eautica em diversas fun\u00e7\u00f5es e empresas, tendo iniciado a sua carreira profissional em 2000 na Almirall, seguindo-se a Merck Serono em 2005 e a Esteve em 2008, onde ocupou posi\u00e7\u00f5es s\u00e9nior em cargos de desenvolvimento farmac\u00eautico que lhe proporcionaram uma extensa forma\u00e7\u00e3o t\u00e9cnica e cient\u00edfica.<\/p><p>Antes de integrar a Neuraxpharm, ocupou diversos cargos s\u00e9nior em\u00a0<em>Business Development<\/em>, que inclu\u00edram\u00a0<em>out-licensing<\/em>\u00a0na Invent Farma e Hetero Europe e\u00a0<em>in-licensing<\/em>\u00a0e desenvolvimento de neg\u00f3cios atrav\u00e9s de parcerias estrat\u00e9gicas e desenvolvimento de empresas.<\/p><p>\u00c9 licenciado em Farm\u00e1cia pela Universidade de Barcelona e tem um MBA do instituto de educa\u00e7\u00e3o global ESADE.<\/p>\t\t\t\t\t\t\t\t<\/div>\n\t\t\t\t<\/div>\n\t\t\t\t\t<\/div>\n\t\t<\/div>\n\t\t\t\t\t<\/div>\n\t\t<\/section>\n\t\t\t\t<section class=\"elementor-section elementor-top-section elementor-element elementor-element-44337db1 elementor-section-boxed elementor-section-height-default elementor-section-height-default\" data-id=\"44337db1\" data-element_type=\"section\" data-e-type=\"section\" data-settings=\"{&quot;jet_parallax_layout_list&quot;:[{&quot;_id&quot;:&quot;e7d9f21&quot;,&quot;jet_parallax_layout_image&quot;:{&quot;url&quot;:&quot;&quot;,&quot;id&quot;:&quot;&quot;,&quot;size&quot;:&quot;&quot;},&quot;jet_parallax_layout_image_tablet&quot;:{&quot;url&quot;:&quot;&quot;,&quot;id&quot;:&quot;&quot;,&quot;size&quot;:&quot;&quot;},&quot;jet_parallax_layout_image_mobile&quot;:{&quot;url&quot;:&quot;&quot;,&quot;id&quot;:&quot;&quot;,&quot;size&quot;:&quot;&quot;},&quot;jet_parallax_layout_speed&quot;:{&quot;unit&quot;:&quot;%&quot;,&quot;size&quot;:50,&quot;sizes&quot;:[]},&quot;jet_parallax_layout_type&quot;:&quot;scroll&quot;,&quot;jet_parallax_layout_direction&quot;:&quot;1&quot;,&quot;jet_parallax_layout_fx_direction&quot;:null,&quot;jet_parallax_layout_z_index&quot;:&quot;&quot;,&quot;jet_parallax_layout_bg_x&quot;:50,&quot;jet_parallax_layout_bg_x_tablet&quot;:&quot;&quot;,&quot;jet_parallax_layout_bg_x_mobile&quot;:&quot;&quot;,&quot;jet_parallax_layout_bg_y&quot;:50,&quot;jet_parallax_layout_bg_y_tablet&quot;:&quot;&quot;,&quot;jet_parallax_layout_bg_y_mobile&quot;:&quot;&quot;,&quot;jet_parallax_layout_bg_size&quot;:&quot;auto&quot;,&quot;jet_parallax_layout_bg_size_tablet&quot;:&quot;&quot;,&quot;jet_parallax_layout_bg_size_mobile&quot;:&quot;&quot;,&quot;jet_parallax_layout_animation_prop&quot;:&quot;transform&quot;,&quot;jet_parallax_layout_on&quot;:[&quot;desktop&quot;,&quot;tablet&quot;]}]}\">\n\t\t\t\t\t\t<div class=\"elementor-container elementor-column-gap-default\">\n\t\t\t\t\t<div class=\"elementor-column elementor-col-100 elementor-top-column elementor-element elementor-element-1cfd7312\" data-id=\"1cfd7312\" data-element_type=\"column\" data-e-type=\"column\">\n\t\t\t<div class=\"elementor-widget-wrap elementor-element-populated\">\n\t\t\t\t\t\t<div class=\"elementor-element elementor-element-107e8594 elementor-widget elementor-widget-spacer\" data-id=\"107e8594\" data-element_type=\"widget\" data-e-type=\"widget\" data-widget_type=\"spacer.default\">\n\t\t\t\t<div class=\"elementor-widget-container\">\n\t\t\t\t\t\t\t<div class=\"elementor-spacer\">\n\t\t\t<div class=\"elementor-spacer-inner\"><\/div>\n\t\t<\/div>\n\t\t\t\t\t\t<\/div>\n\t\t\t\t<\/div>\n\t\t\t\t\t<\/div>\n\t\t<\/div>\n\t\t\t\t\t<\/div>\n\t\t<\/section>\n\t\t\t\t<\/div>\n\t\t","protected":false},"excerpt":{"rendered":"<p>https:\/\/www.linkedin.com\/in\/mbarrero\/ Neuraxpharm Miguel Barrero Miguel Barrero Dur\u00e1n \u00e9\u00a0Chief Business Development and Innovation Officer\u00a0e ingressou a Neuraxpharm em 2015, onde criou e desenvolveu os departamentos corporativos de\u00a0Business Development\u00a0&amp; Licensing, Alliance Management\u00a0e\u00a0Pipeline. Miguel tamb\u00e9m lidera os departamentos de Propriedade Intelectual e Dispositivos M\u00e9dicos. O Miguel tem 25 anos de experi\u00eancia na ind\u00fastria farmac\u00eautica em diversas fun\u00e7\u00f5es e [&hellip;]<\/p>\n","protected":false},"author":2,"featured_media":0,"parent":1998,"menu_order":0,"comment_status":"closed","ping_status":"closed","template":"elementor_header_footer","meta":{"_acf_changed":false,"footnotes":""},"class_list":["post-26668","page","type-page","status-publish","hentry"],"yoast_head":"<!-- This site is optimized with the Yoast SEO Premium plugin v27.2 (Yoast SEO v27.5) - https:\/\/yoast.com\/product\/yoast-seo-premium-wordpress\/ -->\n<title>MIGUEL BARRERO - Neuraxpharm PT<\/title>\n<meta name=\"robots\" content=\"index, follow, max-snippet:-1, max-image-preview:large, max-video-preview:-1\" \/>\n<link rel=\"canonical\" href=\"https:\/\/www.neuraxpharm.com\/pt\/quem-somos\/comite-executivo\/miguel-barrero\" \/>\n<meta property=\"og:locale\" content=\"pt_PT\" \/>\n<meta property=\"og:type\" content=\"article\" \/>\n<meta property=\"og:title\" content=\"MIGUEL BARRERO\" \/>\n<meta property=\"og:description\" content=\"https:\/\/www.linkedin.com\/in\/mbarrero\/ Neuraxpharm Miguel Barrero Miguel Barrero Dur\u00e1n \u00e9\u00a0Chief Business Development and Innovation Officer\u00a0e ingressou a Neuraxpharm em 2015, onde criou e desenvolveu os departamentos corporativos de\u00a0Business Development\u00a0&amp; Licensing, Alliance Management\u00a0e\u00a0Pipeline. Miguel tamb\u00e9m lidera os departamentos de Propriedade Intelectual e Dispositivos M\u00e9dicos. O Miguel tem 25 anos de experi\u00eancia na ind\u00fastria farmac\u00eautica em diversas fun\u00e7\u00f5es e [&hellip;]\" \/>\n<meta property=\"og:url\" content=\"https:\/\/www.neuraxpharm.com\/pt\/quem-somos\/comite-executivo\/miguel-barrero\" \/>\n<meta property=\"og:site_name\" content=\"Neuraxpharm PT\" \/>\n<meta property=\"article:modified_time\" content=\"2025-11-07T09:43:04+00:00\" \/>\n<meta property=\"og:image\" content=\"https:\/\/www.neuraxpharm.com\/pt\/wp-content\/uploads\/sites\/25\/2023\/03\/m-barrero.jpg\" \/>\n<meta name=\"twitter:card\" content=\"summary_large_image\" \/>\n<meta name=\"twitter:label1\" content=\"Tempo estimado de leitura\" \/>\n\t<meta name=\"twitter:data1\" content=\"2 minutos\" \/>\n<script type=\"application\/ld+json\" class=\"yoast-schema-graph\">{\"@context\":\"https:\\\/\\\/schema.org\",\"@graph\":[{\"@type\":\"WebPage\",\"@id\":\"https:\\\/\\\/www.neuraxpharm.com\\\/pt\\\/quem-somos\\\/comite-executivo\\\/miguel-barrero\",\"url\":\"https:\\\/\\\/www.neuraxpharm.com\\\/pt\\\/quem-somos\\\/comite-executivo\\\/miguel-barrero\",\"name\":\"MIGUEL BARRERO - Neuraxpharm PT\",\"isPartOf\":{\"@id\":\"https:\\\/\\\/www.neuraxpharm.com\\\/pt\\\/#website\"},\"primaryImageOfPage\":{\"@id\":\"https:\\\/\\\/www.neuraxpharm.com\\\/pt\\\/quem-somos\\\/comite-executivo\\\/miguel-barrero#primaryimage\"},\"image\":{\"@id\":\"https:\\\/\\\/www.neuraxpharm.com\\\/pt\\\/quem-somos\\\/comite-executivo\\\/miguel-barrero#primaryimage\"},\"thumbnailUrl\":\"https:\\\/\\\/www.neuraxpharm.com\\\/pt\\\/wp-content\\\/uploads\\\/sites\\\/25\\\/2023\\\/03\\\/m-barrero.jpg\",\"datePublished\":\"2023-02-10T08:58:13+00:00\",\"dateModified\":\"2025-11-07T09:43:04+00:00\",\"breadcrumb\":{\"@id\":\"https:\\\/\\\/www.neuraxpharm.com\\\/pt\\\/quem-somos\\\/comite-executivo\\\/miguel-barrero#breadcrumb\"},\"inLanguage\":\"pt-PT\",\"potentialAction\":[{\"@type\":\"ReadAction\",\"target\":[\"https:\\\/\\\/www.neuraxpharm.com\\\/pt\\\/quem-somos\\\/comite-executivo\\\/miguel-barrero\"]}]},{\"@type\":\"ImageObject\",\"inLanguage\":\"pt-PT\",\"@id\":\"https:\\\/\\\/www.neuraxpharm.com\\\/pt\\\/quem-somos\\\/comite-executivo\\\/miguel-barrero#primaryimage\",\"url\":\"https:\\\/\\\/static.neuraxpharm.com\\\/wp-content\\\/uploads\\\/sites\\\/25\\\/2023\\\/03\\\/27113010\\\/m-barrero.jpg\",\"contentUrl\":\"https:\\\/\\\/static.neuraxpharm.com\\\/wp-content\\\/uploads\\\/sites\\\/25\\\/2023\\\/03\\\/27113010\\\/m-barrero.jpg\",\"width\":716,\"height\":700},{\"@type\":\"BreadcrumbList\",\"@id\":\"https:\\\/\\\/www.neuraxpharm.com\\\/pt\\\/quem-somos\\\/comite-executivo\\\/miguel-barrero#breadcrumb\",\"itemListElement\":[{\"@type\":\"ListItem\",\"position\":1,\"name\":\"Quem somos\",\"item\":\"https:\\\/\\\/www.neuraxpharm.com\\\/pt\\\/quem-somos\"},{\"@type\":\"ListItem\",\"position\":2,\"name\":\"Comit\u00e9 Executivo\",\"item\":\"https:\\\/\\\/www.neuraxpharm.com\\\/pt\\\/quem-somos\\\/comite-executivo\"},{\"@type\":\"ListItem\",\"position\":3,\"name\":\"MIGUEL BARRERO\"}]},{\"@type\":\"WebSite\",\"@id\":\"https:\\\/\\\/www.neuraxpharm.com\\\/pt\\\/#website\",\"url\":\"https:\\\/\\\/www.neuraxpharm.com\\\/pt\\\/\",\"name\":\"Neuraxpharm PT\",\"description\":\"A European Leader for the CNS products\",\"potentialAction\":[{\"@type\":\"SearchAction\",\"target\":{\"@type\":\"EntryPoint\",\"urlTemplate\":\"https:\\\/\\\/www.neuraxpharm.com\\\/pt\\\/?s={search_term_string}\"},\"query-input\":{\"@type\":\"PropertyValueSpecification\",\"valueRequired\":true,\"valueName\":\"search_term_string\"}}],\"inLanguage\":\"pt-PT\"}]}<\/script>\n<!-- \/ Yoast SEO Premium plugin. -->","yoast_head_json":{"title":"MIGUEL BARRERO - Neuraxpharm PT","robots":{"index":"index","follow":"follow","max-snippet":"max-snippet:-1","max-image-preview":"max-image-preview:large","max-video-preview":"max-video-preview:-1"},"canonical":"https:\/\/www.neuraxpharm.com\/pt\/quem-somos\/comite-executivo\/miguel-barrero","og_locale":"pt_PT","og_type":"article","og_title":"MIGUEL BARRERO","og_description":"https:\/\/www.linkedin.com\/in\/mbarrero\/ Neuraxpharm Miguel Barrero Miguel Barrero Dur\u00e1n \u00e9\u00a0Chief Business Development and Innovation Officer\u00a0e ingressou a Neuraxpharm em 2015, onde criou e desenvolveu os departamentos corporativos de\u00a0Business Development\u00a0&amp; Licensing, Alliance Management\u00a0e\u00a0Pipeline. Miguel tamb\u00e9m lidera os departamentos de Propriedade Intelectual e Dispositivos M\u00e9dicos. O Miguel tem 25 anos de experi\u00eancia na ind\u00fastria farmac\u00eautica em diversas fun\u00e7\u00f5es e [&hellip;]","og_url":"https:\/\/www.neuraxpharm.com\/pt\/quem-somos\/comite-executivo\/miguel-barrero","og_site_name":"Neuraxpharm PT","article_modified_time":"2025-11-07T09:43:04+00:00","og_image":[{"url":"https:\/\/www.neuraxpharm.com\/pt\/wp-content\/uploads\/sites\/25\/2023\/03\/m-barrero.jpg","type":"","width":"","height":""}],"twitter_card":"summary_large_image","twitter_misc":{"Tempo estimado de leitura":"2 minutos"},"schema":{"@context":"https:\/\/schema.org","@graph":[{"@type":"WebPage","@id":"https:\/\/www.neuraxpharm.com\/pt\/quem-somos\/comite-executivo\/miguel-barrero","url":"https:\/\/www.neuraxpharm.com\/pt\/quem-somos\/comite-executivo\/miguel-barrero","name":"MIGUEL BARRERO - Neuraxpharm PT","isPartOf":{"@id":"https:\/\/www.neuraxpharm.com\/pt\/#website"},"primaryImageOfPage":{"@id":"https:\/\/www.neuraxpharm.com\/pt\/quem-somos\/comite-executivo\/miguel-barrero#primaryimage"},"image":{"@id":"https:\/\/www.neuraxpharm.com\/pt\/quem-somos\/comite-executivo\/miguel-barrero#primaryimage"},"thumbnailUrl":"https:\/\/www.neuraxpharm.com\/pt\/wp-content\/uploads\/sites\/25\/2023\/03\/m-barrero.jpg","datePublished":"2023-02-10T08:58:13+00:00","dateModified":"2025-11-07T09:43:04+00:00","breadcrumb":{"@id":"https:\/\/www.neuraxpharm.com\/pt\/quem-somos\/comite-executivo\/miguel-barrero#breadcrumb"},"inLanguage":"pt-PT","potentialAction":[{"@type":"ReadAction","target":["https:\/\/www.neuraxpharm.com\/pt\/quem-somos\/comite-executivo\/miguel-barrero"]}]},{"@type":"ImageObject","inLanguage":"pt-PT","@id":"https:\/\/www.neuraxpharm.com\/pt\/quem-somos\/comite-executivo\/miguel-barrero#primaryimage","url":"https:\/\/static.neuraxpharm.com\/wp-content\/uploads\/sites\/25\/2023\/03\/27113010\/m-barrero.jpg","contentUrl":"https:\/\/static.neuraxpharm.com\/wp-content\/uploads\/sites\/25\/2023\/03\/27113010\/m-barrero.jpg","width":716,"height":700},{"@type":"BreadcrumbList","@id":"https:\/\/www.neuraxpharm.com\/pt\/quem-somos\/comite-executivo\/miguel-barrero#breadcrumb","itemListElement":[{"@type":"ListItem","position":1,"name":"Quem somos","item":"https:\/\/www.neuraxpharm.com\/pt\/quem-somos"},{"@type":"ListItem","position":2,"name":"Comit\u00e9 Executivo","item":"https:\/\/www.neuraxpharm.com\/pt\/quem-somos\/comite-executivo"},{"@type":"ListItem","position":3,"name":"MIGUEL BARRERO"}]},{"@type":"WebSite","@id":"https:\/\/www.neuraxpharm.com\/pt\/#website","url":"https:\/\/www.neuraxpharm.com\/pt\/","name":"Neuraxpharm PT","description":"A European Leader for the CNS products","potentialAction":[{"@type":"SearchAction","target":{"@type":"EntryPoint","urlTemplate":"https:\/\/www.neuraxpharm.com\/pt\/?s={search_term_string}"},"query-input":{"@type":"PropertyValueSpecification","valueRequired":true,"valueName":"search_term_string"}}],"inLanguage":"pt-PT"}]}},"acf":[],"_links":{"self":[{"href":"https:\/\/www.neuraxpharm.com\/pt\/wp-json\/wp\/v2\/pages\/26668","targetHints":{"allow":["GET"]}}],"collection":[{"href":"https:\/\/www.neuraxpharm.com\/pt\/wp-json\/wp\/v2\/pages"}],"about":[{"href":"https:\/\/www.neuraxpharm.com\/pt\/wp-json\/wp\/v2\/types\/page"}],"author":[{"embeddable":true,"href":"https:\/\/www.neuraxpharm.com\/pt\/wp-json\/wp\/v2\/users\/2"}],"replies":[{"embeddable":true,"href":"https:\/\/www.neuraxpharm.com\/pt\/wp-json\/wp\/v2\/comments?post=26668"}],"version-history":[{"count":13,"href":"https:\/\/www.neuraxpharm.com\/pt\/wp-json\/wp\/v2\/pages\/26668\/revisions"}],"predecessor-version":[{"id":27260,"href":"https:\/\/www.neuraxpharm.com\/pt\/wp-json\/wp\/v2\/pages\/26668\/revisions\/27260"}],"up":[{"embeddable":true,"href":"https:\/\/www.neuraxpharm.com\/pt\/wp-json\/wp\/v2\/pages\/1998"}],"wp:attachment":[{"href":"https:\/\/www.neuraxpharm.com\/pt\/wp-json\/wp\/v2\/media?parent=26668"}],"curies":[{"name":"wp","href":"https:\/\/api.w.org\/{rel}","templated":true}]}}