{"id":26119,"date":"2022-01-03T11:21:34","date_gmt":"2022-01-03T11:21:34","guid":{"rendered":"https:\/\/www.neuraxpharm.com\/pt\/?page_id=26119"},"modified":"2023-05-23T13:34:53","modified_gmt":"2023-05-23T13:34:53","slug":"farmacovigilancia","status":"publish","type":"page","link":"https:\/\/www.neuraxpharm.com\/pt\/farmacovigilancia","title":{"rendered":"Farmacovigil\u00e2ncia"},"content":{"rendered":"\t\t<div data-elementor-type=\"wp-page\" data-elementor-id=\"26119\" class=\"elementor elementor-26119\" data-elementor-post-type=\"page\">\n\t\t\t\t\t\t<section class=\"elementor-section elementor-top-section elementor-element elementor-element-1d97ce1f politicas elementor-section-boxed elementor-section-height-default elementor-section-height-default\" data-id=\"1d97ce1f\" data-element_type=\"section\" data-e-type=\"section\" data-settings=\"{&quot;jet_parallax_layout_list&quot;:[{&quot;jet_parallax_layout_image&quot;:{&quot;url&quot;:&quot;&quot;,&quot;id&quot;:&quot;&quot;,&quot;size&quot;:&quot;&quot;},&quot;_id&quot;:&quot;42d129b&quot;,&quot;jet_parallax_layout_image_tablet&quot;:{&quot;url&quot;:&quot;&quot;,&quot;id&quot;:&quot;&quot;,&quot;size&quot;:&quot;&quot;},&quot;jet_parallax_layout_image_mobile&quot;:{&quot;url&quot;:&quot;&quot;,&quot;id&quot;:&quot;&quot;,&quot;size&quot;:&quot;&quot;},&quot;jet_parallax_layout_speed&quot;:{&quot;unit&quot;:&quot;%&quot;,&quot;size&quot;:50,&quot;sizes&quot;:[]},&quot;jet_parallax_layout_type&quot;:&quot;scroll&quot;,&quot;jet_parallax_layout_direction&quot;:&quot;1&quot;,&quot;jet_parallax_layout_fx_direction&quot;:null,&quot;jet_parallax_layout_z_index&quot;:&quot;&quot;,&quot;jet_parallax_layout_bg_x&quot;:50,&quot;jet_parallax_layout_bg_x_tablet&quot;:&quot;&quot;,&quot;jet_parallax_layout_bg_x_mobile&quot;:&quot;&quot;,&quot;jet_parallax_layout_bg_y&quot;:50,&quot;jet_parallax_layout_bg_y_tablet&quot;:&quot;&quot;,&quot;jet_parallax_layout_bg_y_mobile&quot;:&quot;&quot;,&quot;jet_parallax_layout_bg_size&quot;:&quot;auto&quot;,&quot;jet_parallax_layout_bg_size_tablet&quot;:&quot;&quot;,&quot;jet_parallax_layout_bg_size_mobile&quot;:&quot;&quot;,&quot;jet_parallax_layout_animation_prop&quot;:&quot;transform&quot;,&quot;jet_parallax_layout_on&quot;:[&quot;desktop&quot;,&quot;tablet&quot;]}]}\">\n\t\t\t\t\t\t<div class=\"elementor-container elementor-column-gap-default\">\n\t\t\t\t\t<div class=\"elementor-column elementor-col-100 elementor-top-column elementor-element elementor-element-778b1f90\" data-id=\"778b1f90\" data-element_type=\"column\" data-e-type=\"column\">\n\t\t\t<div class=\"elementor-widget-wrap elementor-element-populated\">\n\t\t\t\t\t\t<div class=\"elementor-element elementor-element-d5b98dd elementor-widget elementor-widget-heading\" data-id=\"d5b98dd\" data-element_type=\"widget\" data-e-type=\"widget\" data-widget_type=\"heading.default\">\n\t\t\t\t<div class=\"elementor-widget-container\">\n\t\t\t\t\t<h1 class=\"elementor-heading-title elementor-size-default\">Farmacovigil\u00e2ncia<\/h1>\t\t\t\t<\/div>\n\t\t\t\t<\/div>\n\t\t\t\t<div class=\"elementor-element elementor-element-a3bce3b elementor-widget elementor-widget-text-editor\" data-id=\"a3bce3b\" data-element_type=\"widget\" data-e-type=\"widget\" data-widget_type=\"text-editor.default\">\n\t\t\t\t<div class=\"elementor-widget-container\">\n\t\t\t\t\t\t\t\t\t<p><strong>Relato de rea\u00e7\u00e3o adversa<\/strong><\/p><p>Se voc\u00ea suspeitar de uma poss\u00edvel rea\u00e7\u00e3o adversa relacionada a qualquer um dos produtos Neuraxpharm, voc\u00ea pode entrar em contato diretamente com nosso departamento de Farmacovigil\u00e2ncia:<\/p><ul><li>Endere\u00e7o de correio eletr\u00f3nico: pv-portugal@neuraxpharm.com<\/li><li>Telefone:\u00a0+351 800 450 130<\/li><\/ul><p>\u00a0<\/p><p><strong>Informa\u00e7\u00e3o m\u00e9dica<\/strong><\/p><p>Se voc\u00ea tiver alguma d\u00favida m\u00e9dica sobre qualquer um dos nossos produtos, tamb\u00e9m pode nos contatar atrav\u00e9s de:<\/p><ul><li>Endere\u00e7o de correio eletr\u00f3nico: medinfo-portugal@neuraxpharm.com<\/li><li>Telefone: +351 800 450 130<\/li><\/ul><p>\u00a0<\/p><p>Os seus dados pessoais ser\u00e3o processados pela Neuraxpharm. Para mais informa\u00e7\u00f5es sobre a nossa pol\u00edtica de privacidade, <a href=\"https:\/\/www.neuraxpharm.com\/pt\/politica-de-privacidade\">clique aqui<\/a>.<\/p>\t\t\t\t\t\t\t\t<\/div>\n\t\t\t\t<\/div>\n\t\t\t\t\t<\/div>\n\t\t<\/div>\n\t\t\t\t\t<\/div>\n\t\t<\/section>\n\t\t\t\t<\/div>\n\t\t","protected":false},"excerpt":{"rendered":"<p>Farmacovigil\u00e2ncia Relato de rea\u00e7\u00e3o adversa Se voc\u00ea suspeitar de uma poss\u00edvel rea\u00e7\u00e3o adversa relacionada a qualquer um dos produtos Neuraxpharm, voc\u00ea pode entrar em contato diretamente com nosso departamento de Farmacovigil\u00e2ncia: Endere\u00e7o de correio eletr\u00f3nico: pv-portugal@neuraxpharm.com Telefone:\u00a0+351 800 450 130 Informa\u00e7\u00e3o m\u00e9dica Se voc\u00ea tiver alguma d\u00favida m\u00e9dica sobre qualquer um dos nossos produtos, tamb\u00e9m [&hellip;]<\/p>\n","protected":false},"author":7,"featured_media":0,"parent":0,"menu_order":0,"comment_status":"closed","ping_status":"closed","template":"","meta":{"_acf_changed":false,"footnotes":""},"class_list":["post-26119","page","type-page","status-publish","hentry"],"yoast_head":"<!-- This site is optimized with the Yoast SEO Premium plugin v27.2 (Yoast SEO v27.2) - https:\/\/yoast.com\/product\/yoast-seo-premium-wordpress\/ -->\n<title>Farmacovigil\u00e2ncia - Neuraxpharm PT<\/title>\n<meta name=\"robots\" content=\"index, follow, max-snippet:-1, max-image-preview:large, max-video-preview:-1\" \/>\n<link rel=\"canonical\" href=\"https:\/\/www.neuraxpharm.com\/pt\/farmacovigilancia\" \/>\n<meta property=\"og:locale\" content=\"pt_PT\" \/>\n<meta property=\"og:type\" content=\"article\" \/>\n<meta property=\"og:title\" content=\"Farmacovigil\u00e2ncia\" \/>\n<meta property=\"og:description\" content=\"Farmacovigil\u00e2ncia Relato de rea\u00e7\u00e3o adversa Se voc\u00ea suspeitar de uma poss\u00edvel rea\u00e7\u00e3o adversa relacionada a qualquer um dos produtos Neuraxpharm, voc\u00ea pode entrar em contato diretamente com nosso departamento de Farmacovigil\u00e2ncia: Endere\u00e7o de correio eletr\u00f3nico: pv-portugal@neuraxpharm.com Telefone:\u00a0+351 800 450 130 Informa\u00e7\u00e3o m\u00e9dica Se voc\u00ea tiver alguma d\u00favida m\u00e9dica sobre qualquer um dos nossos produtos, tamb\u00e9m [&hellip;]\" \/>\n<meta property=\"og:url\" content=\"https:\/\/www.neuraxpharm.com\/pt\/farmacovigilancia\" \/>\n<meta property=\"og:site_name\" content=\"Neuraxpharm PT\" \/>\n<meta property=\"article:modified_time\" content=\"2023-05-23T13:34:53+00:00\" \/>\n<meta name=\"twitter:card\" content=\"summary_large_image\" \/>\n<meta name=\"twitter:label1\" content=\"Tempo estimado de leitura\" \/>\n\t<meta name=\"twitter:data1\" content=\"1 minuto\" \/>\n<script type=\"application\/ld+json\" class=\"yoast-schema-graph\">{\"@context\":\"https:\/\/schema.org\",\"@graph\":[{\"@type\":\"WebPage\",\"@id\":\"https:\/\/www.neuraxpharm.com\/pt\/farmacovigilancia\",\"url\":\"https:\/\/www.neuraxpharm.com\/pt\/farmacovigilancia\",\"name\":\"Farmacovigil\u00e2ncia - Neuraxpharm PT\",\"isPartOf\":{\"@id\":\"https:\/\/www.neuraxpharm.com\/pt\/#website\"},\"datePublished\":\"2022-01-03T11:21:34+00:00\",\"dateModified\":\"2023-05-23T13:34:53+00:00\",\"inLanguage\":\"pt-PT\",\"potentialAction\":[{\"@type\":\"ReadAction\",\"target\":[\"https:\/\/www.neuraxpharm.com\/pt\/farmacovigilancia\"]}]},{\"@type\":\"WebSite\",\"@id\":\"https:\/\/www.neuraxpharm.com\/pt\/#website\",\"url\":\"https:\/\/www.neuraxpharm.com\/pt\/\",\"name\":\"Neuraxpharm PT\",\"description\":\"A European Leader for the CNS products\",\"potentialAction\":[{\"@type\":\"SearchAction\",\"target\":{\"@type\":\"EntryPoint\",\"urlTemplate\":\"https:\/\/www.neuraxpharm.com\/pt\/?s={search_term_string}\"},\"query-input\":{\"@type\":\"PropertyValueSpecification\",\"valueRequired\":true,\"valueName\":\"search_term_string\"}}],\"inLanguage\":\"pt-PT\"}]}<\/script>\n<!-- \/ Yoast SEO Premium plugin. -->","yoast_head_json":{"title":"Farmacovigil\u00e2ncia - Neuraxpharm PT","robots":{"index":"index","follow":"follow","max-snippet":"max-snippet:-1","max-image-preview":"max-image-preview:large","max-video-preview":"max-video-preview:-1"},"canonical":"https:\/\/www.neuraxpharm.com\/pt\/farmacovigilancia","og_locale":"pt_PT","og_type":"article","og_title":"Farmacovigil\u00e2ncia","og_description":"Farmacovigil\u00e2ncia Relato de rea\u00e7\u00e3o adversa Se voc\u00ea suspeitar de uma poss\u00edvel rea\u00e7\u00e3o adversa relacionada a qualquer um dos produtos Neuraxpharm, voc\u00ea pode entrar em contato diretamente com nosso departamento de Farmacovigil\u00e2ncia: Endere\u00e7o de correio eletr\u00f3nico: pv-portugal@neuraxpharm.com Telefone:\u00a0+351 800 450 130 Informa\u00e7\u00e3o m\u00e9dica Se voc\u00ea tiver alguma d\u00favida m\u00e9dica sobre qualquer um dos nossos produtos, tamb\u00e9m [&hellip;]","og_url":"https:\/\/www.neuraxpharm.com\/pt\/farmacovigilancia","og_site_name":"Neuraxpharm PT","article_modified_time":"2023-05-23T13:34:53+00:00","twitter_card":"summary_large_image","twitter_misc":{"Tempo estimado de leitura":"1 minuto"},"schema":{"@context":"https:\/\/schema.org","@graph":[{"@type":"WebPage","@id":"https:\/\/www.neuraxpharm.com\/pt\/farmacovigilancia","url":"https:\/\/www.neuraxpharm.com\/pt\/farmacovigilancia","name":"Farmacovigil\u00e2ncia - Neuraxpharm PT","isPartOf":{"@id":"https:\/\/www.neuraxpharm.com\/pt\/#website"},"datePublished":"2022-01-03T11:21:34+00:00","dateModified":"2023-05-23T13:34:53+00:00","inLanguage":"pt-PT","potentialAction":[{"@type":"ReadAction","target":["https:\/\/www.neuraxpharm.com\/pt\/farmacovigilancia"]}]},{"@type":"WebSite","@id":"https:\/\/www.neuraxpharm.com\/pt\/#website","url":"https:\/\/www.neuraxpharm.com\/pt\/","name":"Neuraxpharm PT","description":"A European Leader for the CNS products","potentialAction":[{"@type":"SearchAction","target":{"@type":"EntryPoint","urlTemplate":"https:\/\/www.neuraxpharm.com\/pt\/?s={search_term_string}"},"query-input":{"@type":"PropertyValueSpecification","valueRequired":true,"valueName":"search_term_string"}}],"inLanguage":"pt-PT"}]}},"acf":[],"_links":{"self":[{"href":"https:\/\/www.neuraxpharm.com\/pt\/wp-json\/wp\/v2\/pages\/26119","targetHints":{"allow":["GET"]}}],"collection":[{"href":"https:\/\/www.neuraxpharm.com\/pt\/wp-json\/wp\/v2\/pages"}],"about":[{"href":"https:\/\/www.neuraxpharm.com\/pt\/wp-json\/wp\/v2\/types\/page"}],"author":[{"embeddable":true,"href":"https:\/\/www.neuraxpharm.com\/pt\/wp-json\/wp\/v2\/users\/7"}],"replies":[{"embeddable":true,"href":"https:\/\/www.neuraxpharm.com\/pt\/wp-json\/wp\/v2\/comments?post=26119"}],"version-history":[{"count":11,"href":"https:\/\/www.neuraxpharm.com\/pt\/wp-json\/wp\/v2\/pages\/26119\/revisions"}],"predecessor-version":[{"id":26781,"href":"https:\/\/www.neuraxpharm.com\/pt\/wp-json\/wp\/v2\/pages\/26119\/revisions\/26781"}],"wp:attachment":[{"href":"https:\/\/www.neuraxpharm.com\/pt\/wp-json\/wp\/v2\/media?parent=26119"}],"curies":[{"name":"wp","href":"https:\/\/api.w.org\/{rel}","templated":true}]}}