{"id":15841,"date":"2021-04-13T08:50:25","date_gmt":"2021-04-13T08:50:25","guid":{"rendered":"https:\/\/www.neuraxpharm.com\/v2\/?page_id=15841"},"modified":"2025-11-07T09:42:03","modified_gmt":"2025-11-07T09:42:03","slug":"javier-mercade","status":"publish","type":"page","link":"https:\/\/www.neuraxpharm.com\/pt\/quem-somos\/comite-executivo\/javier-mercade","title":{"rendered":"JAVIER MERCAD\u00c9"},"content":{"rendered":"\t\t<div data-elementor-type=\"wp-page\" data-elementor-id=\"15841\" class=\"elementor elementor-15841\" data-elementor-post-type=\"page\">\n\t\t\t\t\t\t<section class=\"elementor-section elementor-top-section elementor-element elementor-element-7f808905 elementor-section-boxed elementor-section-height-default elementor-section-height-default\" data-id=\"7f808905\" data-element_type=\"section\" data-e-type=\"section\" data-settings=\"{&quot;jet_parallax_layout_list&quot;:[{&quot;jet_parallax_layout_image&quot;:{&quot;url&quot;:&quot;&quot;,&quot;id&quot;:&quot;&quot;,&quot;size&quot;:&quot;&quot;},&quot;_id&quot;:&quot;f02b98c&quot;,&quot;jet_parallax_layout_image_tablet&quot;:{&quot;url&quot;:&quot;&quot;,&quot;id&quot;:&quot;&quot;,&quot;size&quot;:&quot;&quot;},&quot;jet_parallax_layout_image_mobile&quot;:{&quot;url&quot;:&quot;&quot;,&quot;id&quot;:&quot;&quot;,&quot;size&quot;:&quot;&quot;},&quot;jet_parallax_layout_speed&quot;:{&quot;unit&quot;:&quot;%&quot;,&quot;size&quot;:50,&quot;sizes&quot;:[]},&quot;jet_parallax_layout_type&quot;:&quot;scroll&quot;,&quot;jet_parallax_layout_direction&quot;:&quot;1&quot;,&quot;jet_parallax_layout_fx_direction&quot;:null,&quot;jet_parallax_layout_z_index&quot;:&quot;&quot;,&quot;jet_parallax_layout_bg_x&quot;:50,&quot;jet_parallax_layout_bg_x_tablet&quot;:&quot;&quot;,&quot;jet_parallax_layout_bg_x_mobile&quot;:&quot;&quot;,&quot;jet_parallax_layout_bg_y&quot;:50,&quot;jet_parallax_layout_bg_y_tablet&quot;:&quot;&quot;,&quot;jet_parallax_layout_bg_y_mobile&quot;:&quot;&quot;,&quot;jet_parallax_layout_bg_size&quot;:&quot;auto&quot;,&quot;jet_parallax_layout_bg_size_tablet&quot;:&quot;&quot;,&quot;jet_parallax_layout_bg_size_mobile&quot;:&quot;&quot;,&quot;jet_parallax_layout_animation_prop&quot;:&quot;transform&quot;,&quot;jet_parallax_layout_on&quot;:[&quot;desktop&quot;,&quot;tablet&quot;]}]}\">\n\t\t\t\t\t\t<div class=\"elementor-container elementor-column-gap-default\">\n\t\t\t\t\t<div class=\"elementor-column elementor-col-33 elementor-top-column elementor-element elementor-element-3d70389b\" data-id=\"3d70389b\" data-element_type=\"column\" data-e-type=\"column\">\n\t\t\t<div class=\"elementor-widget-wrap elementor-element-populated\">\n\t\t\t\t\t\t<div class=\"elementor-element elementor-element-75ad8cba elementor-widget elementor-widget-image\" data-id=\"75ad8cba\" data-element_type=\"widget\" data-e-type=\"widget\" data-widget_type=\"image.default\">\n\t\t\t\t<div class=\"elementor-widget-container\">\n\t\t\t\t\t\t\t\t\t\t\t\t\t\t\t<img fetchpriority=\"high\" decoding=\"async\" width=\"716\" height=\"700\" src=\"https:\/\/static.neuraxpharm.com\/wp-content\/uploads\/sites\/25\/2023\/03\/27113004\/javier-mercade-1.jpg\" class=\"attachment-large size-large wp-image-26709\" alt=\"\" srcset=\"https:\/\/static.neuraxpharm.com\/wp-content\/uploads\/sites\/25\/2023\/03\/27113004\/javier-mercade-1.jpg 716w, https:\/\/static.neuraxpharm.com\/wp-content\/uploads\/sites\/25\/2023\/03\/27113004\/javier-mercade-1-300x293.jpg 300w, https:\/\/static.neuraxpharm.com\/wp-content\/uploads\/sites\/25\/2023\/03\/27113004\/javier-mercade-1-600x587.jpg 600w\" sizes=\"(max-width: 716px) 100vw, 716px\" \/>\t\t\t\t\t\t\t\t\t\t\t\t\t\t\t<\/div>\n\t\t\t\t<\/div>\n\t\t\t\t<section class=\"elementor-section elementor-inner-section elementor-element elementor-element-74b8bffa elementor-section-content-top elementor-section-boxed elementor-section-height-default elementor-section-height-default\" data-id=\"74b8bffa\" data-element_type=\"section\" data-e-type=\"section\" data-settings=\"{&quot;jet_parallax_layout_list&quot;:[{&quot;jet_parallax_layout_image&quot;:{&quot;url&quot;:&quot;&quot;,&quot;id&quot;:&quot;&quot;,&quot;size&quot;:&quot;&quot;},&quot;_id&quot;:&quot;5f899ce&quot;,&quot;jet_parallax_layout_image_tablet&quot;:{&quot;url&quot;:&quot;&quot;,&quot;id&quot;:&quot;&quot;,&quot;size&quot;:&quot;&quot;},&quot;jet_parallax_layout_image_mobile&quot;:{&quot;url&quot;:&quot;&quot;,&quot;id&quot;:&quot;&quot;,&quot;size&quot;:&quot;&quot;},&quot;jet_parallax_layout_speed&quot;:{&quot;unit&quot;:&quot;%&quot;,&quot;size&quot;:50,&quot;sizes&quot;:[]},&quot;jet_parallax_layout_type&quot;:&quot;scroll&quot;,&quot;jet_parallax_layout_direction&quot;:&quot;1&quot;,&quot;jet_parallax_layout_fx_direction&quot;:null,&quot;jet_parallax_layout_z_index&quot;:&quot;&quot;,&quot;jet_parallax_layout_bg_x&quot;:50,&quot;jet_parallax_layout_bg_x_tablet&quot;:&quot;&quot;,&quot;jet_parallax_layout_bg_x_mobile&quot;:&quot;&quot;,&quot;jet_parallax_layout_bg_y&quot;:50,&quot;jet_parallax_layout_bg_y_tablet&quot;:&quot;&quot;,&quot;jet_parallax_layout_bg_y_mobile&quot;:&quot;&quot;,&quot;jet_parallax_layout_bg_size&quot;:&quot;auto&quot;,&quot;jet_parallax_layout_bg_size_tablet&quot;:&quot;&quot;,&quot;jet_parallax_layout_bg_size_mobile&quot;:&quot;&quot;,&quot;jet_parallax_layout_animation_prop&quot;:&quot;transform&quot;,&quot;jet_parallax_layout_on&quot;:[&quot;desktop&quot;,&quot;tablet&quot;]}]}\">\n\t\t\t\t\t\t<div class=\"elementor-container elementor-column-gap-default\">\n\t\t\t\t\t<div class=\"elementor-column elementor-col-50 elementor-inner-column elementor-element elementor-element-60646bf2\" data-id=\"60646bf2\" data-element_type=\"column\" data-e-type=\"column\">\n\t\t\t<div class=\"elementor-widget-wrap elementor-element-populated\">\n\t\t\t\t\t\t<div class=\"elementor-element elementor-element-15700adb elementor-view-default elementor-widget elementor-widget-icon\" data-id=\"15700adb\" data-element_type=\"widget\" data-e-type=\"widget\" data-widget_type=\"icon.default\">\n\t\t\t\t<div class=\"elementor-widget-container\">\n\t\t\t\t\t\t\t<div class=\"elementor-icon-wrapper\">\n\t\t\t<div class=\"elementor-icon\">\n\t\t\t<i aria-hidden=\"true\" class=\"fab fa-linkedin-in\"><\/i>\t\t\t<\/div>\n\t\t<\/div>\n\t\t\t\t\t\t<\/div>\n\t\t\t\t<\/div>\n\t\t\t\t\t<\/div>\n\t\t<\/div>\n\t\t\t\t<div class=\"elementor-column elementor-col-50 elementor-inner-column elementor-element elementor-element-15490b\" data-id=\"15490b\" data-element_type=\"column\" data-e-type=\"column\">\n\t\t\t<div class=\"elementor-widget-wrap elementor-element-populated\">\n\t\t\t\t\t\t<div class=\"elementor-element elementor-element-1cc52f3 elementor-widget elementor-widget-heading\" data-id=\"1cc52f3\" data-element_type=\"widget\" data-e-type=\"widget\" data-widget_type=\"heading.default\">\n\t\t\t\t<div class=\"elementor-widget-container\">\n\t\t\t\t\t<p class=\"elementor-heading-title elementor-size-default\"><a href=\"https:\/\/www.linkedin.com\/in\/javier-mercad%C3%A9-a592552b\/\" target=\"_blank\">https:\/\/www.linkedin.com\/in\/javier-mercad%C3%A9-a592552b\/<\/a><\/p>\t\t\t\t<\/div>\n\t\t\t\t<\/div>\n\t\t\t\t\t<\/div>\n\t\t<\/div>\n\t\t\t\t\t<\/div>\n\t\t<\/section>\n\t\t\t\t\t<\/div>\n\t\t<\/div>\n\t\t\t\t<div class=\"elementor-column elementor-col-66 elementor-top-column elementor-element elementor-element-17640048\" data-id=\"17640048\" data-element_type=\"column\" data-e-type=\"column\">\n\t\t\t<div class=\"elementor-widget-wrap elementor-element-populated\">\n\t\t\t\t\t\t<div class=\"elementor-element elementor-element-3453d9e5 elementor-widget elementor-widget-jet-breadcrumbs\" data-id=\"3453d9e5\" data-element_type=\"widget\" data-e-type=\"widget\" data-widget_type=\"jet-breadcrumbs.default\">\n\t\t\t\t<div class=\"elementor-widget-container\">\n\t\t\t\t\t<div class=\"elementor-jet-breadcrumbs jet-blocks\">\n\t\t<div class=\"jet-breadcrumbs\">\n\t\t<div class=\"jet-breadcrumbs__content\">\n\t\t<div class=\"jet-breadcrumbs__wrap\"><div class=\"jet-breadcrumbs__item\"><a href=\"https:\/\/www.neuraxpharm.com\/pt\/\" class=\"jet-breadcrumbs__item-link is-home\" rel=\"home\" title=\"Neuraxpharm\">Neuraxpharm<\/a><\/div>\n\t\t<\/div>\n\t\t<\/div>\n\t\t<\/div><\/div>\t\t\t\t<\/div>\n\t\t\t\t<\/div>\n\t\t\t\t<div class=\"elementor-element elementor-element-e5e84e8 elementor-widget elementor-widget-heading\" data-id=\"e5e84e8\" data-element_type=\"widget\" data-e-type=\"widget\" data-widget_type=\"heading.default\">\n\t\t\t\t<div class=\"elementor-widget-container\">\n\t\t\t\t\t<h1 class=\"elementor-heading-title elementor-size-default\">JAVIER MERCAD\u00c9<\/h1>\t\t\t\t<\/div>\n\t\t\t\t<\/div>\n\t\t\t\t<div class=\"elementor-element elementor-element-614cff3 elementor-widget elementor-widget-text-editor\" data-id=\"614cff3\" data-element_type=\"widget\" data-e-type=\"widget\" data-widget_type=\"text-editor.default\">\n\t\t\t\t<div class=\"elementor-widget-container\">\n\t\t\t\t\t\t\t\t\t<p>Javier Mercad\u00e9 \u00e9 o\u00a0<em>Executive Advisor<\/em>\u00a0do CEO da Neuraxpharm. Tem mais de 25 anos de experi\u00eancia na ind\u00fastria farmac\u00eautica em v\u00e1rios cargos de dire\u00e7\u00e3o.<\/p><p>Ingressou a Neuraxpham em 2006, como Diretor Geral da Neuraxpharm Espanha. Posteriormente, assumiu outras fun\u00e7\u00f5es empresariais relacionadas com a cria\u00e7\u00e3o, integra\u00e7\u00e3o e desenvolvimento de novas filiais como\u00a0<em>Head of Growth Markets<\/em>\u00a0antes de assumir o seu cargo atual de\u00a0<em>Executive Advisor<\/em>\u00a0do CEO.<\/p><p>Anteriormente, Javier desempenhou v\u00e1rios cargos comerciais na Procter &amp; Gamble, Vita, Roche e Prodesfarma. \u00c9 licenciado em Farm\u00e1cia pela Universidade de Barcelona e, a n\u00edvel empresarial, tem um MBA da ESADE e um PDG da IESE Business School.<\/p>\t\t\t\t\t\t\t\t<\/div>\n\t\t\t\t<\/div>\n\t\t\t\t\t<\/div>\n\t\t<\/div>\n\t\t\t\t\t<\/div>\n\t\t<\/section>\n\t\t\t\t<section class=\"elementor-section elementor-top-section elementor-element elementor-element-bacc1a9 elementor-section-boxed elementor-section-height-default elementor-section-height-default\" data-id=\"bacc1a9\" data-element_type=\"section\" data-e-type=\"section\" data-settings=\"{&quot;jet_parallax_layout_list&quot;:[{&quot;jet_parallax_layout_image&quot;:{&quot;url&quot;:&quot;&quot;,&quot;id&quot;:&quot;&quot;,&quot;size&quot;:&quot;&quot;},&quot;_id&quot;:&quot;e7d9f21&quot;,&quot;jet_parallax_layout_image_tablet&quot;:{&quot;url&quot;:&quot;&quot;,&quot;id&quot;:&quot;&quot;,&quot;size&quot;:&quot;&quot;},&quot;jet_parallax_layout_image_mobile&quot;:{&quot;url&quot;:&quot;&quot;,&quot;id&quot;:&quot;&quot;,&quot;size&quot;:&quot;&quot;},&quot;jet_parallax_layout_speed&quot;:{&quot;unit&quot;:&quot;%&quot;,&quot;size&quot;:50,&quot;sizes&quot;:[]},&quot;jet_parallax_layout_type&quot;:&quot;scroll&quot;,&quot;jet_parallax_layout_direction&quot;:&quot;1&quot;,&quot;jet_parallax_layout_fx_direction&quot;:null,&quot;jet_parallax_layout_z_index&quot;:&quot;&quot;,&quot;jet_parallax_layout_bg_x&quot;:50,&quot;jet_parallax_layout_bg_x_tablet&quot;:&quot;&quot;,&quot;jet_parallax_layout_bg_x_mobile&quot;:&quot;&quot;,&quot;jet_parallax_layout_bg_y&quot;:50,&quot;jet_parallax_layout_bg_y_tablet&quot;:&quot;&quot;,&quot;jet_parallax_layout_bg_y_mobile&quot;:&quot;&quot;,&quot;jet_parallax_layout_bg_size&quot;:&quot;auto&quot;,&quot;jet_parallax_layout_bg_size_tablet&quot;:&quot;&quot;,&quot;jet_parallax_layout_bg_size_mobile&quot;:&quot;&quot;,&quot;jet_parallax_layout_animation_prop&quot;:&quot;transform&quot;,&quot;jet_parallax_layout_on&quot;:[&quot;desktop&quot;,&quot;tablet&quot;]}]}\">\n\t\t\t\t\t\t<div class=\"elementor-container elementor-column-gap-default\">\n\t\t\t\t\t<div class=\"elementor-column elementor-col-100 elementor-top-column elementor-element elementor-element-7080505\" data-id=\"7080505\" data-element_type=\"column\" data-e-type=\"column\">\n\t\t\t<div class=\"elementor-widget-wrap elementor-element-populated\">\n\t\t\t\t\t\t<div class=\"elementor-element elementor-element-53f8d38 elementor-widget elementor-widget-spacer\" data-id=\"53f8d38\" data-element_type=\"widget\" data-e-type=\"widget\" data-widget_type=\"spacer.default\">\n\t\t\t\t<div class=\"elementor-widget-container\">\n\t\t\t\t\t\t\t<div class=\"elementor-spacer\">\n\t\t\t<div class=\"elementor-spacer-inner\"><\/div>\n\t\t<\/div>\n\t\t\t\t\t\t<\/div>\n\t\t\t\t<\/div>\n\t\t\t\t\t<\/div>\n\t\t<\/div>\n\t\t\t\t\t<\/div>\n\t\t<\/section>\n\t\t\t\t<\/div>\n\t\t","protected":false},"excerpt":{"rendered":"<p>https:\/\/www.linkedin.com\/in\/javier-mercad%C3%A9-a592552b\/ Neuraxpharm JAVIER MERCAD\u00c9 Javier Mercad\u00e9 \u00e9 o\u00a0Executive Advisor\u00a0do CEO da Neuraxpharm. Tem mais de 25 anos de experi\u00eancia na ind\u00fastria farmac\u00eautica em v\u00e1rios cargos de dire\u00e7\u00e3o. Ingressou a Neuraxpham em 2006, como Diretor Geral da Neuraxpharm Espanha. Posteriormente, assumiu outras fun\u00e7\u00f5es empresariais relacionadas com a cria\u00e7\u00e3o, integra\u00e7\u00e3o e desenvolvimento de novas filiais como\u00a0Head of [&hellip;]<\/p>\n","protected":false},"author":3,"featured_media":0,"parent":1998,"menu_order":0,"comment_status":"closed","ping_status":"closed","template":"elementor_header_footer","meta":{"_acf_changed":false,"footnotes":""},"class_list":["post-15841","page","type-page","status-publish","hentry"],"yoast_head":"<!-- This site is optimized with the Yoast SEO Premium plugin v27.2 (Yoast SEO v27.2) - https:\/\/yoast.com\/product\/yoast-seo-premium-wordpress\/ -->\n<title>JAVIER MERCAD\u00c9 - Neuraxpharm PT<\/title>\n<meta name=\"robots\" content=\"index, follow, max-snippet:-1, max-image-preview:large, max-video-preview:-1\" \/>\n<link rel=\"canonical\" href=\"https:\/\/www.neuraxpharm.com\/pt\/quem-somos\/comite-executivo\/javier-mercade\" \/>\n<meta property=\"og:locale\" content=\"pt_PT\" \/>\n<meta property=\"og:type\" content=\"article\" \/>\n<meta property=\"og:title\" content=\"JAVIER MERCAD\u00c9\" \/>\n<meta property=\"og:description\" content=\"https:\/\/www.linkedin.com\/in\/javier-mercad%C3%A9-a592552b\/ Neuraxpharm JAVIER MERCAD\u00c9 Javier Mercad\u00e9 \u00e9 o\u00a0Executive Advisor\u00a0do CEO da Neuraxpharm. Tem mais de 25 anos de experi\u00eancia na ind\u00fastria farmac\u00eautica em v\u00e1rios cargos de dire\u00e7\u00e3o. Ingressou a Neuraxpham em 2006, como Diretor Geral da Neuraxpharm Espanha. Posteriormente, assumiu outras fun\u00e7\u00f5es empresariais relacionadas com a cria\u00e7\u00e3o, integra\u00e7\u00e3o e desenvolvimento de novas filiais como\u00a0Head of [&hellip;]\" \/>\n<meta property=\"og:url\" content=\"https:\/\/www.neuraxpharm.com\/pt\/quem-somos\/comite-executivo\/javier-mercade\" \/>\n<meta property=\"og:site_name\" content=\"Neuraxpharm PT\" \/>\n<meta property=\"article:modified_time\" content=\"2025-11-07T09:42:03+00:00\" \/>\n<meta property=\"og:image\" content=\"https:\/\/www.neuraxpharm.com\/pt\/wp-content\/uploads\/sites\/25\/2023\/03\/javier-mercade-1.jpg\" \/>\n<meta name=\"twitter:card\" content=\"summary_large_image\" \/>\n<meta name=\"twitter:label1\" content=\"Tempo estimado de leitura\" \/>\n\t<meta name=\"twitter:data1\" content=\"1 minuto\" \/>\n<script type=\"application\/ld+json\" class=\"yoast-schema-graph\">{\"@context\":\"https:\/\/schema.org\",\"@graph\":[{\"@type\":\"WebPage\",\"@id\":\"https:\/\/www.neuraxpharm.com\/pt\/quem-somos\/comite-executivo\/javier-mercade\",\"url\":\"https:\/\/www.neuraxpharm.com\/pt\/quem-somos\/comite-executivo\/javier-mercade\",\"name\":\"JAVIER MERCAD\u00c9 - Neuraxpharm PT\",\"isPartOf\":{\"@id\":\"https:\/\/www.neuraxpharm.com\/pt\/#website\"},\"primaryImageOfPage\":{\"@id\":\"https:\/\/www.neuraxpharm.com\/pt\/quem-somos\/comite-executivo\/javier-mercade#primaryimage\"},\"image\":{\"@id\":\"https:\/\/www.neuraxpharm.com\/pt\/quem-somos\/comite-executivo\/javier-mercade#primaryimage\"},\"thumbnailUrl\":\"https:\/\/www.neuraxpharm.com\/pt\/wp-content\/uploads\/sites\/25\/2023\/03\/javier-mercade-1.jpg\",\"datePublished\":\"2021-04-13T08:50:25+00:00\",\"dateModified\":\"2025-11-07T09:42:03+00:00\",\"breadcrumb\":{\"@id\":\"https:\/\/www.neuraxpharm.com\/pt\/quem-somos\/comite-executivo\/javier-mercade#breadcrumb\"},\"inLanguage\":\"pt-PT\",\"potentialAction\":[{\"@type\":\"ReadAction\",\"target\":[\"https:\/\/www.neuraxpharm.com\/pt\/quem-somos\/comite-executivo\/javier-mercade\"]}]},{\"@type\":\"ImageObject\",\"inLanguage\":\"pt-PT\",\"@id\":\"https:\/\/www.neuraxpharm.com\/pt\/quem-somos\/comite-executivo\/javier-mercade#primaryimage\",\"url\":\"https:\/\/static.neuraxpharm.com\/wp-content\/uploads\/sites\/25\/2023\/03\/27113004\/javier-mercade-1.jpg\",\"contentUrl\":\"https:\/\/static.neuraxpharm.com\/wp-content\/uploads\/sites\/25\/2023\/03\/27113004\/javier-mercade-1.jpg\",\"width\":716,\"height\":700},{\"@type\":\"BreadcrumbList\",\"@id\":\"https:\/\/www.neuraxpharm.com\/pt\/quem-somos\/comite-executivo\/javier-mercade#breadcrumb\",\"itemListElement\":[{\"@type\":\"ListItem\",\"position\":1,\"name\":\"Quem somos\",\"item\":\"https:\/\/www.neuraxpharm.com\/pt\/quem-somos\"},{\"@type\":\"ListItem\",\"position\":2,\"name\":\"Comit\u00e9 Executivo\",\"item\":\"https:\/\/www.neuraxpharm.com\/pt\/quem-somos\/comite-executivo\"},{\"@type\":\"ListItem\",\"position\":3,\"name\":\"JAVIER MERCAD\u00c9\"}]},{\"@type\":\"WebSite\",\"@id\":\"https:\/\/www.neuraxpharm.com\/pt\/#website\",\"url\":\"https:\/\/www.neuraxpharm.com\/pt\/\",\"name\":\"Neuraxpharm PT\",\"description\":\"A European Leader for the CNS products\",\"potentialAction\":[{\"@type\":\"SearchAction\",\"target\":{\"@type\":\"EntryPoint\",\"urlTemplate\":\"https:\/\/www.neuraxpharm.com\/pt\/?s={search_term_string}\"},\"query-input\":{\"@type\":\"PropertyValueSpecification\",\"valueRequired\":true,\"valueName\":\"search_term_string\"}}],\"inLanguage\":\"pt-PT\"}]}<\/script>\n<!-- \/ Yoast SEO Premium plugin. -->","yoast_head_json":{"title":"JAVIER MERCAD\u00c9 - Neuraxpharm PT","robots":{"index":"index","follow":"follow","max-snippet":"max-snippet:-1","max-image-preview":"max-image-preview:large","max-video-preview":"max-video-preview:-1"},"canonical":"https:\/\/www.neuraxpharm.com\/pt\/quem-somos\/comite-executivo\/javier-mercade","og_locale":"pt_PT","og_type":"article","og_title":"JAVIER MERCAD\u00c9","og_description":"https:\/\/www.linkedin.com\/in\/javier-mercad%C3%A9-a592552b\/ Neuraxpharm JAVIER MERCAD\u00c9 Javier Mercad\u00e9 \u00e9 o\u00a0Executive Advisor\u00a0do CEO da Neuraxpharm. Tem mais de 25 anos de experi\u00eancia na ind\u00fastria farmac\u00eautica em v\u00e1rios cargos de dire\u00e7\u00e3o. Ingressou a Neuraxpham em 2006, como Diretor Geral da Neuraxpharm Espanha. Posteriormente, assumiu outras fun\u00e7\u00f5es empresariais relacionadas com a cria\u00e7\u00e3o, integra\u00e7\u00e3o e desenvolvimento de novas filiais como\u00a0Head of [&hellip;]","og_url":"https:\/\/www.neuraxpharm.com\/pt\/quem-somos\/comite-executivo\/javier-mercade","og_site_name":"Neuraxpharm PT","article_modified_time":"2025-11-07T09:42:03+00:00","og_image":[{"url":"https:\/\/www.neuraxpharm.com\/pt\/wp-content\/uploads\/sites\/25\/2023\/03\/javier-mercade-1.jpg","type":"","width":"","height":""}],"twitter_card":"summary_large_image","twitter_misc":{"Tempo estimado de leitura":"1 minuto"},"schema":{"@context":"https:\/\/schema.org","@graph":[{"@type":"WebPage","@id":"https:\/\/www.neuraxpharm.com\/pt\/quem-somos\/comite-executivo\/javier-mercade","url":"https:\/\/www.neuraxpharm.com\/pt\/quem-somos\/comite-executivo\/javier-mercade","name":"JAVIER MERCAD\u00c9 - Neuraxpharm PT","isPartOf":{"@id":"https:\/\/www.neuraxpharm.com\/pt\/#website"},"primaryImageOfPage":{"@id":"https:\/\/www.neuraxpharm.com\/pt\/quem-somos\/comite-executivo\/javier-mercade#primaryimage"},"image":{"@id":"https:\/\/www.neuraxpharm.com\/pt\/quem-somos\/comite-executivo\/javier-mercade#primaryimage"},"thumbnailUrl":"https:\/\/www.neuraxpharm.com\/pt\/wp-content\/uploads\/sites\/25\/2023\/03\/javier-mercade-1.jpg","datePublished":"2021-04-13T08:50:25+00:00","dateModified":"2025-11-07T09:42:03+00:00","breadcrumb":{"@id":"https:\/\/www.neuraxpharm.com\/pt\/quem-somos\/comite-executivo\/javier-mercade#breadcrumb"},"inLanguage":"pt-PT","potentialAction":[{"@type":"ReadAction","target":["https:\/\/www.neuraxpharm.com\/pt\/quem-somos\/comite-executivo\/javier-mercade"]}]},{"@type":"ImageObject","inLanguage":"pt-PT","@id":"https:\/\/www.neuraxpharm.com\/pt\/quem-somos\/comite-executivo\/javier-mercade#primaryimage","url":"https:\/\/static.neuraxpharm.com\/wp-content\/uploads\/sites\/25\/2023\/03\/27113004\/javier-mercade-1.jpg","contentUrl":"https:\/\/static.neuraxpharm.com\/wp-content\/uploads\/sites\/25\/2023\/03\/27113004\/javier-mercade-1.jpg","width":716,"height":700},{"@type":"BreadcrumbList","@id":"https:\/\/www.neuraxpharm.com\/pt\/quem-somos\/comite-executivo\/javier-mercade#breadcrumb","itemListElement":[{"@type":"ListItem","position":1,"name":"Quem somos","item":"https:\/\/www.neuraxpharm.com\/pt\/quem-somos"},{"@type":"ListItem","position":2,"name":"Comit\u00e9 Executivo","item":"https:\/\/www.neuraxpharm.com\/pt\/quem-somos\/comite-executivo"},{"@type":"ListItem","position":3,"name":"JAVIER MERCAD\u00c9"}]},{"@type":"WebSite","@id":"https:\/\/www.neuraxpharm.com\/pt\/#website","url":"https:\/\/www.neuraxpharm.com\/pt\/","name":"Neuraxpharm PT","description":"A European Leader for the CNS products","potentialAction":[{"@type":"SearchAction","target":{"@type":"EntryPoint","urlTemplate":"https:\/\/www.neuraxpharm.com\/pt\/?s={search_term_string}"},"query-input":{"@type":"PropertyValueSpecification","valueRequired":true,"valueName":"search_term_string"}}],"inLanguage":"pt-PT"}]}},"acf":[],"_links":{"self":[{"href":"https:\/\/www.neuraxpharm.com\/pt\/wp-json\/wp\/v2\/pages\/15841","targetHints":{"allow":["GET"]}}],"collection":[{"href":"https:\/\/www.neuraxpharm.com\/pt\/wp-json\/wp\/v2\/pages"}],"about":[{"href":"https:\/\/www.neuraxpharm.com\/pt\/wp-json\/wp\/v2\/types\/page"}],"author":[{"embeddable":true,"href":"https:\/\/www.neuraxpharm.com\/pt\/wp-json\/wp\/v2\/users\/3"}],"replies":[{"embeddable":true,"href":"https:\/\/www.neuraxpharm.com\/pt\/wp-json\/wp\/v2\/comments?post=15841"}],"version-history":[{"count":25,"href":"https:\/\/www.neuraxpharm.com\/pt\/wp-json\/wp\/v2\/pages\/15841\/revisions"}],"predecessor-version":[{"id":27257,"href":"https:\/\/www.neuraxpharm.com\/pt\/wp-json\/wp\/v2\/pages\/15841\/revisions\/27257"}],"up":[{"embeddable":true,"href":"https:\/\/www.neuraxpharm.com\/pt\/wp-json\/wp\/v2\/pages\/1998"}],"wp:attachment":[{"href":"https:\/\/www.neuraxpharm.com\/pt\/wp-json\/wp\/v2\/media?parent=15841"}],"curies":[{"name":"wp","href":"https:\/\/api.w.org\/{rel}","templated":true}]}}