{"id":29611,"date":"2026-03-13T09:57:55","date_gmt":"2026-03-13T09:57:55","guid":{"rendered":"https:\/\/www.neuraxpharm.com\/pl\/?post_type=product&#038;p=29611"},"modified":"2026-03-13T10:03:47","modified_gmt":"2026-03-13T10:03:47","slug":"neuraxbiotic-spectrum-kopia","status":"publish","type":"product","link":"https:\/\/www.neuraxpharm.com\/pl\/produkty\/neuraxbiotic-spectrum-kopia","title":{"rendered":"NeuraxBiotic Spectrum (Kopia)"},"content":{"rendered":"<p><!--td {border: 1px solid #ccc;}br {mso-data-placement:same-cell;}-->Suplement diety zawieraj\u0105cy Lactobacillus plantarum PS128.<\/p>\n","protected":false},"excerpt":{"rendered":"<p><!--td {border: 1px solid #ccc;}br {mso-data-placement:same-cell;}-->Suplement diety zawieraj\u0105cy Lactobacillus plantarum PS128, z udowodnionym pozytywnym dzia\u0142aniem w spektrum zaburze\u0144 autystycznych.<\/p>\n","protected":false},"featured_media":27475,"comment_status":"closed","ping_status":"closed","template":"","meta":{"_acf_changed":false},"product_brand":[],"product_cat":[138,141],"product_tag":[],"class_list":{"0":"post-29611","1":"product","2":"type-product","3":"status-publish","4":"has-post-thumbnail","6":"product_cat-samopoczucie-psychiczne-dzieci","7":"product_cat-zdrowie-ukladu-trawiennego","9":"first","10":"instock","11":"product-type-simple"},"yoast_head":"<!-- This site is optimized with the Yoast SEO Premium plugin v27.2 (Yoast SEO v27.2) - https:\/\/yoast.com\/product\/yoast-seo-premium-wordpress\/ -->\n<title>NeuraxBiotic Spectrum (Kopia) - Neuraxpharm PL<\/title>\n<meta name=\"description\" content=\"Suplement diety zawieraj\u0105cy Lactobacillus plantarum PS128, z udowodnionym pozytywnym dzia\u0142aniem u dzieci ze spektrum zaburze\u0144 autystycznych.\" \/>\n<meta name=\"robots\" content=\"index, follow, max-snippet:-1, max-image-preview:large, max-video-preview:-1\" \/>\n<link rel=\"canonical\" href=\"https:\/\/www.neuraxpharm.com\/pl\/produkty\/neuraxbiotic-spectrum-kopia\" \/>\n<meta property=\"og:locale\" content=\"pl_PL\" \/>\n<meta property=\"og:type\" content=\"article\" \/>\n<meta property=\"og:title\" content=\"NeuraxBiotic Spectrum (Kopia)\" \/>\n<meta property=\"og:description\" content=\"Suplement diety zawieraj\u0105cy Lactobacillus plantarum PS128, z udowodnionym pozytywnym dzia\u0142aniem u dzieci ze spektrum zaburze\u0144 autystycznych.\" \/>\n<meta property=\"og:url\" content=\"https:\/\/www.neuraxpharm.com\/pl\/produkty\/neuraxbiotic-spectrum-kopia\" \/>\n<meta property=\"og:site_name\" content=\"Neuraxpharm PL\" \/>\n<meta property=\"article:modified_time\" content=\"2026-03-13T10:03:47+00:00\" \/>\n<meta property=\"og:image\" content=\"https:\/\/www.neuraxpharm.com\/pl\/wp-content\/uploads\/sites\/18\/2021\/06\/neuraxbiotic-spectrum.png\" \/>\n\t<meta property=\"og:image:width\" content=\"960\" \/>\n\t<meta property=\"og:image:height\" content=\"960\" \/>\n\t<meta property=\"og:image:type\" content=\"image\/png\" \/>\n<meta name=\"twitter:card\" content=\"summary_large_image\" \/>\n<meta name=\"twitter:label1\" content=\"Szacowany czas czytania\" \/>\n\t<meta name=\"twitter:data1\" content=\"1 minuta\" \/>\n<script type=\"application\/ld+json\" class=\"yoast-schema-graph\">{\"@context\":\"https:\/\/schema.org\",\"@graph\":[{\"@type\":\"WebPage\",\"@id\":\"https:\/\/www.neuraxpharm.com\/pl\/produkty\/neuraxbiotic-spectrum-kopia\",\"url\":\"https:\/\/www.neuraxpharm.com\/pl\/produkty\/neuraxbiotic-spectrum-kopia\",\"name\":\"NeuraxBiotic Spectrum (Kopia) - Neuraxpharm PL\",\"isPartOf\":{\"@id\":\"https:\/\/www.neuraxpharm.com\/pl\/#website\"},\"primaryImageOfPage\":{\"@id\":\"https:\/\/www.neuraxpharm.com\/pl\/produkty\/neuraxbiotic-spectrum-kopia#primaryimage\"},\"image\":{\"@id\":\"https:\/\/www.neuraxpharm.com\/pl\/produkty\/neuraxbiotic-spectrum-kopia#primaryimage\"},\"thumbnailUrl\":\"https:\/\/static.neuraxpharm.com\/wp-content\/uploads\/sites\/18\/2021\/06\/neuraxbiotic-spectrum.png\",\"datePublished\":\"2026-03-13T09:57:55+00:00\",\"dateModified\":\"2026-03-13T10:03:47+00:00\",\"description\":\"Suplement diety zawieraj\u0105cy Lactobacillus plantarum PS128, z udowodnionym pozytywnym dzia\u0142aniem u dzieci ze spektrum zaburze\u0144 autystycznych.\",\"breadcrumb\":{\"@id\":\"https:\/\/www.neuraxpharm.com\/pl\/produkty\/neuraxbiotic-spectrum-kopia#breadcrumb\"},\"inLanguage\":\"pl-PL\",\"potentialAction\":[{\"@type\":\"ReadAction\",\"target\":[\"https:\/\/www.neuraxpharm.com\/pl\/produkty\/neuraxbiotic-spectrum-kopia\"]}]},{\"@type\":\"ImageObject\",\"inLanguage\":\"pl-PL\",\"@id\":\"https:\/\/www.neuraxpharm.com\/pl\/produkty\/neuraxbiotic-spectrum-kopia#primaryimage\",\"url\":\"https:\/\/static.neuraxpharm.com\/wp-content\/uploads\/sites\/18\/2021\/06\/neuraxbiotic-spectrum.png\",\"contentUrl\":\"https:\/\/static.neuraxpharm.com\/wp-content\/uploads\/sites\/18\/2021\/06\/neuraxbiotic-spectrum.png\",\"width\":960,\"height\":960},{\"@type\":\"BreadcrumbList\",\"@id\":\"https:\/\/www.neuraxpharm.com\/pl\/produkty\/neuraxbiotic-spectrum-kopia#breadcrumb\",\"itemListElement\":[{\"@type\":\"ListItem\",\"position\":1,\"name\":\"Produkty nutraceutyczne\",\"item\":\"https:\/\/www.neuraxpharm.com\/pl\/produkty\"},{\"@type\":\"ListItem\",\"position\":2,\"name\":\"NeuraxBiotic Spectrum (Kopia)\"}]},{\"@type\":\"WebSite\",\"@id\":\"https:\/\/www.neuraxpharm.com\/pl\/#website\",\"url\":\"https:\/\/www.neuraxpharm.com\/pl\/\",\"name\":\"Neuraxpharm PL\",\"description\":\"Ein europ\u00e4ischer Marktf\u00fchrer f\u00fcr CNS-Produkte\",\"potentialAction\":[{\"@type\":\"SearchAction\",\"target\":{\"@type\":\"EntryPoint\",\"urlTemplate\":\"https:\/\/www.neuraxpharm.com\/pl\/?s={search_term_string}\"},\"query-input\":{\"@type\":\"PropertyValueSpecification\",\"valueRequired\":true,\"valueName\":\"search_term_string\"}}],\"inLanguage\":\"pl-PL\"}]}<\/script>\n<!-- \/ Yoast SEO Premium plugin. -->","yoast_head_json":{"title":"NeuraxBiotic Spectrum (Kopia) - Neuraxpharm PL","description":"Suplement diety zawieraj\u0105cy Lactobacillus plantarum PS128, z udowodnionym pozytywnym dzia\u0142aniem u dzieci ze spektrum zaburze\u0144 autystycznych.","robots":{"index":"index","follow":"follow","max-snippet":"max-snippet:-1","max-image-preview":"max-image-preview:large","max-video-preview":"max-video-preview:-1"},"canonical":"https:\/\/www.neuraxpharm.com\/pl\/produkty\/neuraxbiotic-spectrum-kopia","og_locale":"pl_PL","og_type":"article","og_title":"NeuraxBiotic Spectrum (Kopia)","og_description":"Suplement diety zawieraj\u0105cy Lactobacillus plantarum PS128, z udowodnionym pozytywnym dzia\u0142aniem u dzieci ze spektrum zaburze\u0144 autystycznych.","og_url":"https:\/\/www.neuraxpharm.com\/pl\/produkty\/neuraxbiotic-spectrum-kopia","og_site_name":"Neuraxpharm PL","article_modified_time":"2026-03-13T10:03:47+00:00","og_image":[{"width":960,"height":960,"url":"https:\/\/www.neuraxpharm.com\/pl\/wp-content\/uploads\/sites\/18\/2021\/06\/neuraxbiotic-spectrum.png","type":"image\/png"}],"twitter_card":"summary_large_image","twitter_misc":{"Szacowany czas czytania":"1 minuta"},"schema":{"@context":"https:\/\/schema.org","@graph":[{"@type":"WebPage","@id":"https:\/\/www.neuraxpharm.com\/pl\/produkty\/neuraxbiotic-spectrum-kopia","url":"https:\/\/www.neuraxpharm.com\/pl\/produkty\/neuraxbiotic-spectrum-kopia","name":"NeuraxBiotic Spectrum (Kopia) - Neuraxpharm PL","isPartOf":{"@id":"https:\/\/www.neuraxpharm.com\/pl\/#website"},"primaryImageOfPage":{"@id":"https:\/\/www.neuraxpharm.com\/pl\/produkty\/neuraxbiotic-spectrum-kopia#primaryimage"},"image":{"@id":"https:\/\/www.neuraxpharm.com\/pl\/produkty\/neuraxbiotic-spectrum-kopia#primaryimage"},"thumbnailUrl":"https:\/\/static.neuraxpharm.com\/wp-content\/uploads\/sites\/18\/2021\/06\/neuraxbiotic-spectrum.png","datePublished":"2026-03-13T09:57:55+00:00","dateModified":"2026-03-13T10:03:47+00:00","description":"Suplement diety zawieraj\u0105cy Lactobacillus plantarum PS128, z udowodnionym pozytywnym dzia\u0142aniem u dzieci ze spektrum zaburze\u0144 autystycznych.","breadcrumb":{"@id":"https:\/\/www.neuraxpharm.com\/pl\/produkty\/neuraxbiotic-spectrum-kopia#breadcrumb"},"inLanguage":"pl-PL","potentialAction":[{"@type":"ReadAction","target":["https:\/\/www.neuraxpharm.com\/pl\/produkty\/neuraxbiotic-spectrum-kopia"]}]},{"@type":"ImageObject","inLanguage":"pl-PL","@id":"https:\/\/www.neuraxpharm.com\/pl\/produkty\/neuraxbiotic-spectrum-kopia#primaryimage","url":"https:\/\/static.neuraxpharm.com\/wp-content\/uploads\/sites\/18\/2021\/06\/neuraxbiotic-spectrum.png","contentUrl":"https:\/\/static.neuraxpharm.com\/wp-content\/uploads\/sites\/18\/2021\/06\/neuraxbiotic-spectrum.png","width":960,"height":960},{"@type":"BreadcrumbList","@id":"https:\/\/www.neuraxpharm.com\/pl\/produkty\/neuraxbiotic-spectrum-kopia#breadcrumb","itemListElement":[{"@type":"ListItem","position":1,"name":"Produkty nutraceutyczne","item":"https:\/\/www.neuraxpharm.com\/pl\/produkty"},{"@type":"ListItem","position":2,"name":"NeuraxBiotic Spectrum (Kopia)"}]},{"@type":"WebSite","@id":"https:\/\/www.neuraxpharm.com\/pl\/#website","url":"https:\/\/www.neuraxpharm.com\/pl\/","name":"Neuraxpharm PL","description":"Ein europ\u00e4ischer Marktf\u00fchrer f\u00fcr CNS-Produkte","potentialAction":[{"@type":"SearchAction","target":{"@type":"EntryPoint","urlTemplate":"https:\/\/www.neuraxpharm.com\/pl\/?s={search_term_string}"},"query-input":{"@type":"PropertyValueSpecification","valueRequired":true,"valueName":"search_term_string"}}],"inLanguage":"pl-PL"}]}},"acf":[],"_links":{"self":[{"href":"https:\/\/www.neuraxpharm.com\/pl\/wp-json\/wp\/v2\/product\/29611","targetHints":{"allow":["GET"]}}],"collection":[{"href":"https:\/\/www.neuraxpharm.com\/pl\/wp-json\/wp\/v2\/product"}],"about":[{"href":"https:\/\/www.neuraxpharm.com\/pl\/wp-json\/wp\/v2\/types\/product"}],"replies":[{"embeddable":true,"href":"https:\/\/www.neuraxpharm.com\/pl\/wp-json\/wp\/v2\/comments?post=29611"}],"wp:featuredmedia":[{"embeddable":true,"href":"https:\/\/www.neuraxpharm.com\/pl\/wp-json\/wp\/v2\/media\/27475"}],"wp:attachment":[{"href":"https:\/\/www.neuraxpharm.com\/pl\/wp-json\/wp\/v2\/media?parent=29611"}],"wp:term":[{"taxonomy":"product_brand","embeddable":true,"href":"https:\/\/www.neuraxpharm.com\/pl\/wp-json\/wp\/v2\/product_brand?post=29611"},{"taxonomy":"product_cat","embeddable":true,"href":"https:\/\/www.neuraxpharm.com\/pl\/wp-json\/wp\/v2\/product_cat?post=29611"},{"taxonomy":"product_tag","embeddable":true,"href":"https:\/\/www.neuraxpharm.com\/pl\/wp-json\/wp\/v2\/product_tag?post=29611"}],"curies":[{"name":"wp","href":"https:\/\/api.w.org\/{rel}","templated":true}]}}