{"id":26753,"date":"2021-07-02T12:53:17","date_gmt":"2021-07-02T12:53:17","guid":{"rendered":"https:\/\/www.neuraxpharm.com\/pl\/?post_type=product&#038;p=26753"},"modified":"2023-03-03T15:32:44","modified_gmt":"2023-03-03T15:32:44","slug":"revitasens","status":"publish","type":"product","link":"https:\/\/www.neuraxpharm.com\/pl\/produkty\/revitasens","title":{"rendered":"Revitasens"},"content":{"rendered":"<p><!--td {border: 1px solid #ccc;}br {mso-data-placement:same-cell;}-->Suplement diety zawieraj\u0105cy kwasy omega-3, L-tryptofan, witaminy z grupy B<\/p>\n","protected":false},"excerpt":{"rendered":"<p><!--td {border: 1px solid #ccc;}br {mso-data-placement:same-cell;}-->Sk\u0142adniki suplementu diety Revitasens pomagaj\u0105 w utrzymaniu r\u00f3wnowagi emocjonalnej oraz prawid\u0142owego nastroju<\/p>\n","protected":false},"featured_media":26387,"comment_status":"closed","ping_status":"closed","template":"","meta":{"_acf_changed":false},"product_brand":[],"product_cat":[137,139],"product_tag":[],"class_list":{"0":"post-26753","1":"product","2":"type-product","3":"status-publish","4":"has-post-thumbnail","6":"product_cat-nastroj","7":"product_cat-sen-odprezenie","9":"first","10":"instock","11":"product-type-simple"},"yoast_head":"<!-- This site is optimized with the Yoast SEO Premium plugin v27.2 (Yoast SEO v27.2) - https:\/\/yoast.com\/product\/yoast-seo-premium-wordpress\/ -->\n<title>Revitasens - Neuraxpharm PL<\/title>\n<meta name=\"description\" content=\"Sk\u0142adniki suplementu diety Revitasens pomagaj\u0105 w utrzymaniu r\u00f3wnowagi emocjonalnej oraz prawid\u0142owego nastroju. Preparat zawiera kwasy omega-3, L-tryptofan, witaminy z grupy B\" \/>\n<meta name=\"robots\" content=\"index, follow, max-snippet:-1, max-image-preview:large, max-video-preview:-1\" \/>\n<link rel=\"canonical\" href=\"https:\/\/www.neuraxpharm.com\/pl\/produkty\/revitasens\" \/>\n<meta property=\"og:locale\" content=\"pl_PL\" \/>\n<meta property=\"og:type\" content=\"article\" \/>\n<meta property=\"og:title\" content=\"Revitasens\" \/>\n<meta property=\"og:description\" content=\"Sk\u0142adniki suplementu diety Revitasens pomagaj\u0105 w utrzymaniu r\u00f3wnowagi emocjonalnej oraz prawid\u0142owego nastroju. Preparat zawiera kwasy omega-3, L-tryptofan, witaminy z grupy B\" \/>\n<meta property=\"og:url\" content=\"https:\/\/www.neuraxpharm.com\/pl\/produkty\/revitasens\" \/>\n<meta property=\"og:site_name\" content=\"Neuraxpharm PL\" \/>\n<meta property=\"article:modified_time\" content=\"2023-03-03T15:32:44+00:00\" \/>\n<meta property=\"og:image\" content=\"https:\/\/static.neuraxpharm.com\/wp-content\/uploads\/sites\/18\/2021\/06\/revitasens.png\" \/>\n\t<meta property=\"og:image:width\" content=\"1000\" \/>\n\t<meta property=\"og:image:height\" content=\"1000\" \/>\n\t<meta property=\"og:image:type\" content=\"image\/png\" \/>\n<meta name=\"twitter:card\" content=\"summary_large_image\" \/>\n<meta name=\"twitter:label1\" content=\"Szacowany czas czytania\" \/>\n\t<meta name=\"twitter:data1\" content=\"1 minuta\" \/>\n<script type=\"application\/ld+json\" class=\"yoast-schema-graph\">{\"@context\":\"https:\/\/schema.org\",\"@graph\":[{\"@type\":\"WebPage\",\"@id\":\"https:\/\/www.neuraxpharm.com\/pl\/produkty\/revitasens\",\"url\":\"https:\/\/www.neuraxpharm.com\/pl\/produkty\/revitasens\",\"name\":\"Revitasens - Neuraxpharm PL\",\"isPartOf\":{\"@id\":\"https:\/\/www.neuraxpharm.com\/pl\/#website\"},\"primaryImageOfPage\":{\"@id\":\"https:\/\/www.neuraxpharm.com\/pl\/produkty\/revitasens#primaryimage\"},\"image\":{\"@id\":\"https:\/\/www.neuraxpharm.com\/pl\/produkty\/revitasens#primaryimage\"},\"thumbnailUrl\":\"https:\/\/static.neuraxpharm.com\/wp-content\/uploads\/sites\/18\/2021\/06\/revitasens.png\",\"datePublished\":\"2021-07-02T12:53:17+00:00\",\"dateModified\":\"2023-03-03T15:32:44+00:00\",\"description\":\"Sk\u0142adniki suplementu diety Revitasens pomagaj\u0105 w utrzymaniu r\u00f3wnowagi emocjonalnej oraz prawid\u0142owego nastroju. Preparat zawiera kwasy omega-3, L-tryptofan, witaminy z grupy B\",\"breadcrumb\":{\"@id\":\"https:\/\/www.neuraxpharm.com\/pl\/produkty\/revitasens#breadcrumb\"},\"inLanguage\":\"pl-PL\",\"potentialAction\":[{\"@type\":\"ReadAction\",\"target\":[\"https:\/\/www.neuraxpharm.com\/pl\/produkty\/revitasens\"]}]},{\"@type\":\"ImageObject\",\"inLanguage\":\"pl-PL\",\"@id\":\"https:\/\/www.neuraxpharm.com\/pl\/produkty\/revitasens#primaryimage\",\"url\":\"https:\/\/static.neuraxpharm.com\/wp-content\/uploads\/sites\/18\/2021\/06\/revitasens.png\",\"contentUrl\":\"https:\/\/static.neuraxpharm.com\/wp-content\/uploads\/sites\/18\/2021\/06\/revitasens.png\",\"width\":1000,\"height\":1000},{\"@type\":\"BreadcrumbList\",\"@id\":\"https:\/\/www.neuraxpharm.com\/pl\/produkty\/revitasens#breadcrumb\",\"itemListElement\":[{\"@type\":\"ListItem\",\"position\":1,\"name\":\"Produkty nutraceutyczne\",\"item\":\"https:\/\/www.neuraxpharm.com\/pl\/produkty\"},{\"@type\":\"ListItem\",\"position\":2,\"name\":\"Revitasens\"}]},{\"@type\":\"WebSite\",\"@id\":\"https:\/\/www.neuraxpharm.com\/pl\/#website\",\"url\":\"https:\/\/www.neuraxpharm.com\/pl\/\",\"name\":\"Neuraxpharm PL\",\"description\":\"Ein europ\u00e4ischer Marktf\u00fchrer f\u00fcr CNS-Produkte\",\"potentialAction\":[{\"@type\":\"SearchAction\",\"target\":{\"@type\":\"EntryPoint\",\"urlTemplate\":\"https:\/\/www.neuraxpharm.com\/pl\/?s={search_term_string}\"},\"query-input\":{\"@type\":\"PropertyValueSpecification\",\"valueRequired\":true,\"valueName\":\"search_term_string\"}}],\"inLanguage\":\"pl-PL\"}]}<\/script>\n<!-- \/ Yoast SEO Premium plugin. -->","yoast_head_json":{"title":"Revitasens - Neuraxpharm PL","description":"Sk\u0142adniki suplementu diety Revitasens pomagaj\u0105 w utrzymaniu r\u00f3wnowagi emocjonalnej oraz prawid\u0142owego nastroju. Preparat zawiera kwasy omega-3, L-tryptofan, witaminy z grupy B","robots":{"index":"index","follow":"follow","max-snippet":"max-snippet:-1","max-image-preview":"max-image-preview:large","max-video-preview":"max-video-preview:-1"},"canonical":"https:\/\/www.neuraxpharm.com\/pl\/produkty\/revitasens","og_locale":"pl_PL","og_type":"article","og_title":"Revitasens","og_description":"Sk\u0142adniki suplementu diety Revitasens pomagaj\u0105 w utrzymaniu r\u00f3wnowagi emocjonalnej oraz prawid\u0142owego nastroju. Preparat zawiera kwasy omega-3, L-tryptofan, witaminy z grupy B","og_url":"https:\/\/www.neuraxpharm.com\/pl\/produkty\/revitasens","og_site_name":"Neuraxpharm PL","article_modified_time":"2023-03-03T15:32:44+00:00","og_image":[{"width":1000,"height":1000,"url":"https:\/\/static.neuraxpharm.com\/wp-content\/uploads\/sites\/18\/2021\/06\/revitasens.png","type":"image\/png"}],"twitter_card":"summary_large_image","twitter_misc":{"Szacowany czas czytania":"1 minuta"},"schema":{"@context":"https:\/\/schema.org","@graph":[{"@type":"WebPage","@id":"https:\/\/www.neuraxpharm.com\/pl\/produkty\/revitasens","url":"https:\/\/www.neuraxpharm.com\/pl\/produkty\/revitasens","name":"Revitasens - Neuraxpharm PL","isPartOf":{"@id":"https:\/\/www.neuraxpharm.com\/pl\/#website"},"primaryImageOfPage":{"@id":"https:\/\/www.neuraxpharm.com\/pl\/produkty\/revitasens#primaryimage"},"image":{"@id":"https:\/\/www.neuraxpharm.com\/pl\/produkty\/revitasens#primaryimage"},"thumbnailUrl":"https:\/\/static.neuraxpharm.com\/wp-content\/uploads\/sites\/18\/2021\/06\/revitasens.png","datePublished":"2021-07-02T12:53:17+00:00","dateModified":"2023-03-03T15:32:44+00:00","description":"Sk\u0142adniki suplementu diety Revitasens pomagaj\u0105 w utrzymaniu r\u00f3wnowagi emocjonalnej oraz prawid\u0142owego nastroju. Preparat zawiera kwasy omega-3, L-tryptofan, witaminy z grupy B","breadcrumb":{"@id":"https:\/\/www.neuraxpharm.com\/pl\/produkty\/revitasens#breadcrumb"},"inLanguage":"pl-PL","potentialAction":[{"@type":"ReadAction","target":["https:\/\/www.neuraxpharm.com\/pl\/produkty\/revitasens"]}]},{"@type":"ImageObject","inLanguage":"pl-PL","@id":"https:\/\/www.neuraxpharm.com\/pl\/produkty\/revitasens#primaryimage","url":"https:\/\/static.neuraxpharm.com\/wp-content\/uploads\/sites\/18\/2021\/06\/revitasens.png","contentUrl":"https:\/\/static.neuraxpharm.com\/wp-content\/uploads\/sites\/18\/2021\/06\/revitasens.png","width":1000,"height":1000},{"@type":"BreadcrumbList","@id":"https:\/\/www.neuraxpharm.com\/pl\/produkty\/revitasens#breadcrumb","itemListElement":[{"@type":"ListItem","position":1,"name":"Produkty nutraceutyczne","item":"https:\/\/www.neuraxpharm.com\/pl\/produkty"},{"@type":"ListItem","position":2,"name":"Revitasens"}]},{"@type":"WebSite","@id":"https:\/\/www.neuraxpharm.com\/pl\/#website","url":"https:\/\/www.neuraxpharm.com\/pl\/","name":"Neuraxpharm PL","description":"Ein europ\u00e4ischer Marktf\u00fchrer f\u00fcr CNS-Produkte","potentialAction":[{"@type":"SearchAction","target":{"@type":"EntryPoint","urlTemplate":"https:\/\/www.neuraxpharm.com\/pl\/?s={search_term_string}"},"query-input":{"@type":"PropertyValueSpecification","valueRequired":true,"valueName":"search_term_string"}}],"inLanguage":"pl-PL"}]}},"acf":[],"_links":{"self":[{"href":"https:\/\/www.neuraxpharm.com\/pl\/wp-json\/wp\/v2\/product\/26753","targetHints":{"allow":["GET"]}}],"collection":[{"href":"https:\/\/www.neuraxpharm.com\/pl\/wp-json\/wp\/v2\/product"}],"about":[{"href":"https:\/\/www.neuraxpharm.com\/pl\/wp-json\/wp\/v2\/types\/product"}],"replies":[{"embeddable":true,"href":"https:\/\/www.neuraxpharm.com\/pl\/wp-json\/wp\/v2\/comments?post=26753"}],"wp:featuredmedia":[{"embeddable":true,"href":"https:\/\/www.neuraxpharm.com\/pl\/wp-json\/wp\/v2\/media\/26387"}],"wp:attachment":[{"href":"https:\/\/www.neuraxpharm.com\/pl\/wp-json\/wp\/v2\/media?parent=26753"}],"wp:term":[{"taxonomy":"product_brand","embeddable":true,"href":"https:\/\/www.neuraxpharm.com\/pl\/wp-json\/wp\/v2\/product_brand?post=26753"},{"taxonomy":"product_cat","embeddable":true,"href":"https:\/\/www.neuraxpharm.com\/pl\/wp-json\/wp\/v2\/product_cat?post=26753"},{"taxonomy":"product_tag","embeddable":true,"href":"https:\/\/www.neuraxpharm.com\/pl\/wp-json\/wp\/v2\/product_tag?post=26753"}],"curies":[{"name":"wp","href":"https:\/\/api.w.org\/{rel}","templated":true}]}}