{"id":5461,"date":"2021-03-18T14:01:11","date_gmt":"2021-03-18T14:01:11","guid":{"rendered":"https:\/\/www.neuraxpharm.com\/it2\/?page_id=5461"},"modified":"2021-07-09T07:32:56","modified_gmt":"2021-07-09T07:32:56","slug":"zastrzezenia-prawne","status":"publish","type":"page","link":"https:\/\/www.neuraxpharm.com\/pl\/zastrzezenia-prawne","title":{"rendered":"Zastrze\u017cenia prawne"},"content":{"rendered":"\t\t<div data-elementor-type=\"wp-page\" data-elementor-id=\"5461\" class=\"elementor elementor-5461\" data-elementor-post-type=\"page\">\n\t\t\t\t\t\t<section class=\"elementor-section elementor-top-section elementor-element elementor-element-1d97ce1f politicas elementor-section-boxed elementor-section-height-default elementor-section-height-default\" data-id=\"1d97ce1f\" data-element_type=\"section\" data-e-type=\"section\" data-settings=\"{&quot;jet_parallax_layout_list&quot;:[{&quot;jet_parallax_layout_image&quot;:{&quot;url&quot;:&quot;&quot;,&quot;id&quot;:&quot;&quot;,&quot;size&quot;:&quot;&quot;},&quot;_id&quot;:&quot;42d129b&quot;,&quot;jet_parallax_layout_image_tablet&quot;:{&quot;url&quot;:&quot;&quot;,&quot;id&quot;:&quot;&quot;,&quot;size&quot;:&quot;&quot;},&quot;jet_parallax_layout_image_mobile&quot;:{&quot;url&quot;:&quot;&quot;,&quot;id&quot;:&quot;&quot;,&quot;size&quot;:&quot;&quot;},&quot;jet_parallax_layout_speed&quot;:{&quot;unit&quot;:&quot;%&quot;,&quot;size&quot;:50,&quot;sizes&quot;:[]},&quot;jet_parallax_layout_type&quot;:&quot;scroll&quot;,&quot;jet_parallax_layout_direction&quot;:&quot;1&quot;,&quot;jet_parallax_layout_fx_direction&quot;:null,&quot;jet_parallax_layout_z_index&quot;:&quot;&quot;,&quot;jet_parallax_layout_bg_x&quot;:50,&quot;jet_parallax_layout_bg_x_tablet&quot;:&quot;&quot;,&quot;jet_parallax_layout_bg_x_mobile&quot;:&quot;&quot;,&quot;jet_parallax_layout_bg_y&quot;:50,&quot;jet_parallax_layout_bg_y_tablet&quot;:&quot;&quot;,&quot;jet_parallax_layout_bg_y_mobile&quot;:&quot;&quot;,&quot;jet_parallax_layout_bg_size&quot;:&quot;auto&quot;,&quot;jet_parallax_layout_bg_size_tablet&quot;:&quot;&quot;,&quot;jet_parallax_layout_bg_size_mobile&quot;:&quot;&quot;,&quot;jet_parallax_layout_animation_prop&quot;:&quot;transform&quot;,&quot;jet_parallax_layout_on&quot;:[&quot;desktop&quot;,&quot;tablet&quot;]}]}\">\n\t\t\t\t\t\t<div class=\"elementor-container elementor-column-gap-default\">\n\t\t\t\t\t<div class=\"elementor-column elementor-col-100 elementor-top-column elementor-element elementor-element-778b1f90\" data-id=\"778b1f90\" data-element_type=\"column\" data-e-type=\"column\">\n\t\t\t<div class=\"elementor-widget-wrap elementor-element-populated\">\n\t\t\t\t\t\t<div class=\"elementor-element elementor-element-d5b98dd elementor-widget elementor-widget-heading\" data-id=\"d5b98dd\" data-element_type=\"widget\" data-e-type=\"widget\" data-widget_type=\"heading.default\">\n\t\t\t\t<div class=\"elementor-widget-container\">\n\t\t\t\t\t<h1 class=\"elementor-heading-title elementor-size-default\">Nota prawna<\/h1>\t\t\t\t<\/div>\n\t\t\t\t<\/div>\n\t\t\t\t<div class=\"elementor-element elementor-element-a3bce3b elementor-widget elementor-widget-text-editor\" data-id=\"a3bce3b\" data-element_type=\"widget\" data-e-type=\"widget\" data-widget_type=\"text-editor.default\">\n\t\t\t\t<div class=\"elementor-widget-container\">\n\t\t\t\t\t\t\t\t\t<p>Niniejsza strona internetowa (<a href=\"http:\/\/www.neuraxpharm.com\">www.neuraxpharm.com<\/a>) jest w\u0142asno\u015bci\u0105 NEURAXPHARM HOLDCO IBERIA SL, z siedzib\u0105 pod adresem Av. Barcelona, 69, 08970 \u2013 Sant Joan Desp\u00ed (Barcelona \u2013 Hiszpania); i jest zarejestrowana w Rejestrze Handlowym Barcelony w tomie 45486, arkusz 2, strona nr B-489.406, z hiszpa\u0144skim numerem identyfikacji podatkowej: B-87459624 i adresem e-mail <a href=\"mailto:dpo@neuraxpharm.com\">dpo@neuraxpharm.com<\/a>.<\/p>\t\t\t\t\t\t\t\t<\/div>\n\t\t\t\t<\/div>\n\t\t\t\t\t<\/div>\n\t\t<\/div>\n\t\t\t\t\t<\/div>\n\t\t<\/section>\n\t\t\t\t<\/div>\n\t\t","protected":false},"excerpt":{"rendered":"<p>Nota prawna Niniejsza strona internetowa (www.neuraxpharm.com) jest w\u0142asno\u015bci\u0105 NEURAXPHARM HOLDCO IBERIA SL, z siedzib\u0105 pod adresem Av. Barcelona, 69, 08970 \u2013 Sant Joan Desp\u00ed (Barcelona \u2013 Hiszpania); i jest zarejestrowana w Rejestrze Handlowym Barcelony w tomie 45486, arkusz 2, strona nr B-489.406, z hiszpa\u0144skim numerem identyfikacji podatkowej: B-87459624 i adresem e-mail dpo@neuraxpharm.com.<\/p>\n","protected":false},"author":1,"featured_media":0,"parent":0,"menu_order":0,"comment_status":"closed","ping_status":"closed","template":"","meta":{"_acf_changed":false,"footnotes":""},"class_list":["post-5461","page","type-page","status-publish","hentry"],"yoast_head":"<!-- This site is optimized with the Yoast SEO Premium plugin v27.2 (Yoast SEO v27.2) - https:\/\/yoast.com\/product\/yoast-seo-premium-wordpress\/ -->\n<title>Zastrze\u017cenia prawne - Neuraxpharm PL<\/title>\n<meta name=\"robots\" content=\"index, follow, max-snippet:-1, max-image-preview:large, max-video-preview:-1\" \/>\n<link rel=\"canonical\" href=\"https:\/\/www.neuraxpharm.com\/pl\/zastrzezenia-prawne\" \/>\n<meta property=\"og:locale\" content=\"pl_PL\" \/>\n<meta property=\"og:type\" content=\"article\" \/>\n<meta property=\"og:title\" content=\"Zastrze\u017cenia prawne\" \/>\n<meta property=\"og:description\" content=\"Nota prawna Niniejsza strona internetowa (www.neuraxpharm.com) jest w\u0142asno\u015bci\u0105 NEURAXPHARM HOLDCO IBERIA SL, z siedzib\u0105 pod adresem Av. Barcelona, 69, 08970 \u2013 Sant Joan Desp\u00ed (Barcelona \u2013 Hiszpania); i jest zarejestrowana w Rejestrze Handlowym Barcelony w tomie 45486, arkusz 2, strona nr B-489.406, z hiszpa\u0144skim numerem identyfikacji podatkowej: B-87459624 i adresem e-mail dpo@neuraxpharm.com.\" \/>\n<meta property=\"og:url\" content=\"https:\/\/www.neuraxpharm.com\/pl\/zastrzezenia-prawne\" \/>\n<meta property=\"og:site_name\" content=\"Neuraxpharm PL\" \/>\n<meta property=\"article:modified_time\" content=\"2021-07-09T07:32:56+00:00\" \/>\n<meta name=\"twitter:card\" content=\"summary_large_image\" \/>\n<meta name=\"twitter:label1\" content=\"Szacowany czas czytania\" \/>\n\t<meta name=\"twitter:data1\" content=\"1 minuta\" \/>\n<script type=\"application\/ld+json\" class=\"yoast-schema-graph\">{\"@context\":\"https:\/\/schema.org\",\"@graph\":[{\"@type\":\"WebPage\",\"@id\":\"https:\/\/www.neuraxpharm.com\/pl\/zastrzezenia-prawne\",\"url\":\"https:\/\/www.neuraxpharm.com\/pl\/zastrzezenia-prawne\",\"name\":\"Zastrze\u017cenia prawne - Neuraxpharm PL\",\"isPartOf\":{\"@id\":\"https:\/\/www.neuraxpharm.com\/pl\/#website\"},\"datePublished\":\"2021-03-18T14:01:11+00:00\",\"dateModified\":\"2021-07-09T07:32:56+00:00\",\"inLanguage\":\"pl-PL\",\"potentialAction\":[{\"@type\":\"ReadAction\",\"target\":[\"https:\/\/www.neuraxpharm.com\/pl\/zastrzezenia-prawne\"]}]},{\"@type\":\"WebSite\",\"@id\":\"https:\/\/www.neuraxpharm.com\/pl\/#website\",\"url\":\"https:\/\/www.neuraxpharm.com\/pl\/\",\"name\":\"Neuraxpharm PL\",\"description\":\"Ein europ\u00e4ischer Marktf\u00fchrer f\u00fcr CNS-Produkte\",\"potentialAction\":[{\"@type\":\"SearchAction\",\"target\":{\"@type\":\"EntryPoint\",\"urlTemplate\":\"https:\/\/www.neuraxpharm.com\/pl\/?s={search_term_string}\"},\"query-input\":{\"@type\":\"PropertyValueSpecification\",\"valueRequired\":true,\"valueName\":\"search_term_string\"}}],\"inLanguage\":\"pl-PL\"}]}<\/script>\n<!-- \/ Yoast SEO Premium plugin. -->","yoast_head_json":{"title":"Zastrze\u017cenia prawne - Neuraxpharm PL","robots":{"index":"index","follow":"follow","max-snippet":"max-snippet:-1","max-image-preview":"max-image-preview:large","max-video-preview":"max-video-preview:-1"},"canonical":"https:\/\/www.neuraxpharm.com\/pl\/zastrzezenia-prawne","og_locale":"pl_PL","og_type":"article","og_title":"Zastrze\u017cenia prawne","og_description":"Nota prawna Niniejsza strona internetowa (www.neuraxpharm.com) jest w\u0142asno\u015bci\u0105 NEURAXPHARM HOLDCO IBERIA SL, z siedzib\u0105 pod adresem Av. Barcelona, 69, 08970 \u2013 Sant Joan Desp\u00ed (Barcelona \u2013 Hiszpania); i jest zarejestrowana w Rejestrze Handlowym Barcelony w tomie 45486, arkusz 2, strona nr B-489.406, z hiszpa\u0144skim numerem identyfikacji podatkowej: B-87459624 i adresem e-mail dpo@neuraxpharm.com.","og_url":"https:\/\/www.neuraxpharm.com\/pl\/zastrzezenia-prawne","og_site_name":"Neuraxpharm PL","article_modified_time":"2021-07-09T07:32:56+00:00","twitter_card":"summary_large_image","twitter_misc":{"Szacowany czas czytania":"1 minuta"},"schema":{"@context":"https:\/\/schema.org","@graph":[{"@type":"WebPage","@id":"https:\/\/www.neuraxpharm.com\/pl\/zastrzezenia-prawne","url":"https:\/\/www.neuraxpharm.com\/pl\/zastrzezenia-prawne","name":"Zastrze\u017cenia prawne - Neuraxpharm PL","isPartOf":{"@id":"https:\/\/www.neuraxpharm.com\/pl\/#website"},"datePublished":"2021-03-18T14:01:11+00:00","dateModified":"2021-07-09T07:32:56+00:00","inLanguage":"pl-PL","potentialAction":[{"@type":"ReadAction","target":["https:\/\/www.neuraxpharm.com\/pl\/zastrzezenia-prawne"]}]},{"@type":"WebSite","@id":"https:\/\/www.neuraxpharm.com\/pl\/#website","url":"https:\/\/www.neuraxpharm.com\/pl\/","name":"Neuraxpharm PL","description":"Ein europ\u00e4ischer Marktf\u00fchrer f\u00fcr CNS-Produkte","potentialAction":[{"@type":"SearchAction","target":{"@type":"EntryPoint","urlTemplate":"https:\/\/www.neuraxpharm.com\/pl\/?s={search_term_string}"},"query-input":{"@type":"PropertyValueSpecification","valueRequired":true,"valueName":"search_term_string"}}],"inLanguage":"pl-PL"}]}},"acf":[],"_links":{"self":[{"href":"https:\/\/www.neuraxpharm.com\/pl\/wp-json\/wp\/v2\/pages\/5461","targetHints":{"allow":["GET"]}}],"collection":[{"href":"https:\/\/www.neuraxpharm.com\/pl\/wp-json\/wp\/v2\/pages"}],"about":[{"href":"https:\/\/www.neuraxpharm.com\/pl\/wp-json\/wp\/v2\/types\/page"}],"author":[{"embeddable":true,"href":"https:\/\/www.neuraxpharm.com\/pl\/wp-json\/wp\/v2\/users\/1"}],"replies":[{"embeddable":true,"href":"https:\/\/www.neuraxpharm.com\/pl\/wp-json\/wp\/v2\/comments?post=5461"}],"version-history":[{"count":26,"href":"https:\/\/www.neuraxpharm.com\/pl\/wp-json\/wp\/v2\/pages\/5461\/revisions"}],"predecessor-version":[{"id":27184,"href":"https:\/\/www.neuraxpharm.com\/pl\/wp-json\/wp\/v2\/pages\/5461\/revisions\/27184"}],"wp:attachment":[{"href":"https:\/\/www.neuraxpharm.com\/pl\/wp-json\/wp\/v2\/media?parent=5461"}],"curies":[{"name":"wp","href":"https:\/\/api.w.org\/{rel}","templated":true}]}}