{"id":3,"date":"2021-01-27T16:51:35","date_gmt":"2021-01-27T16:51:35","guid":{"rendered":"https:\/\/www.neuraxpharm.com\/it2\/?page_id=3"},"modified":"2021-11-22T10:55:43","modified_gmt":"2021-11-22T10:55:43","slug":"polityka-prywatnosci","status":"publish","type":"page","link":"https:\/\/www.neuraxpharm.com\/pl\/polityka-prywatnosci","title":{"rendered":"Polityka prywatno\u015bci"},"content":{"rendered":"\t\t<div data-elementor-type=\"wp-page\" data-elementor-id=\"3\" class=\"elementor elementor-3\" data-elementor-post-type=\"page\">\n\t\t\t\t\t\t<section class=\"elementor-section elementor-top-section elementor-element elementor-element-4267eac8 politicas elementor-section-boxed elementor-section-height-default elementor-section-height-default\" data-id=\"4267eac8\" data-element_type=\"section\" data-e-type=\"section\" data-settings=\"{&quot;jet_parallax_layout_list&quot;:[{&quot;jet_parallax_layout_image&quot;:{&quot;url&quot;:&quot;&quot;,&quot;id&quot;:&quot;&quot;,&quot;size&quot;:&quot;&quot;},&quot;_id&quot;:&quot;b9bf352&quot;,&quot;jet_parallax_layout_image_tablet&quot;:{&quot;url&quot;:&quot;&quot;,&quot;id&quot;:&quot;&quot;,&quot;size&quot;:&quot;&quot;},&quot;jet_parallax_layout_image_mobile&quot;:{&quot;url&quot;:&quot;&quot;,&quot;id&quot;:&quot;&quot;,&quot;size&quot;:&quot;&quot;},&quot;jet_parallax_layout_speed&quot;:{&quot;unit&quot;:&quot;%&quot;,&quot;size&quot;:50,&quot;sizes&quot;:[]},&quot;jet_parallax_layout_type&quot;:&quot;scroll&quot;,&quot;jet_parallax_layout_direction&quot;:&quot;1&quot;,&quot;jet_parallax_layout_fx_direction&quot;:null,&quot;jet_parallax_layout_z_index&quot;:&quot;&quot;,&quot;jet_parallax_layout_bg_x&quot;:50,&quot;jet_parallax_layout_bg_x_tablet&quot;:&quot;&quot;,&quot;jet_parallax_layout_bg_x_mobile&quot;:&quot;&quot;,&quot;jet_parallax_layout_bg_y&quot;:50,&quot;jet_parallax_layout_bg_y_tablet&quot;:&quot;&quot;,&quot;jet_parallax_layout_bg_y_mobile&quot;:&quot;&quot;,&quot;jet_parallax_layout_bg_size&quot;:&quot;auto&quot;,&quot;jet_parallax_layout_bg_size_tablet&quot;:&quot;&quot;,&quot;jet_parallax_layout_bg_size_mobile&quot;:&quot;&quot;,&quot;jet_parallax_layout_animation_prop&quot;:&quot;transform&quot;,&quot;jet_parallax_layout_on&quot;:[&quot;desktop&quot;,&quot;tablet&quot;]}]}\">\n\t\t\t\t\t\t<div class=\"elementor-container elementor-column-gap-default\">\n\t\t\t\t\t<div class=\"elementor-column elementor-col-100 elementor-top-column elementor-element elementor-element-11149c0c\" data-id=\"11149c0c\" data-element_type=\"column\" data-e-type=\"column\">\n\t\t\t<div class=\"elementor-widget-wrap elementor-element-populated\">\n\t\t\t\t\t\t<div class=\"elementor-element elementor-element-27cfa8e elementor-widget elementor-widget-heading\" data-id=\"27cfa8e\" data-element_type=\"widget\" data-e-type=\"widget\" data-widget_type=\"heading.default\">\n\t\t\t\t<div class=\"elementor-widget-container\">\n\t\t\t\t\t<h1 class=\"elementor-heading-title elementor-size-default\">Polityka prywatno\u015bci\n<\/h1>\t\t\t\t<\/div>\n\t\t\t\t<\/div>\n\t\t\t\t<div class=\"elementor-element elementor-element-5d244c20 elementor-widget elementor-widget-text-editor\" data-id=\"5d244c20\" data-element_type=\"widget\" data-e-type=\"widget\" data-widget_type=\"text-editor.default\">\n\t\t\t\t<div class=\"elementor-widget-container\">\n\t\t\t\t\t\t\t\t\t<p>Zgodnie z Rozporz\u0105dzeniem Parlamentu Europejskiego i Rady (UE) 2016\/679 z dnia 27 kwietnia 2016 r. o ochronie os\u00f3b fizycznych w zwi\u0105zku z przetwarzaniem danych osobowych i w sprawie swobodnego przep\u0142ywu takich danych oraz innych, maj\u0105cych zastosowanie przepis\u00f3w dotycz\u0105cych ochrony danych osobowych, niniejszym przekazujemy Ci szczeg\u00f3\u0142owe informacje o przetwarzaniu Twoich danych osobowych.<\/p><ul><li><b>Kto jest administratorem Twoich danych osobowych?<\/b><\/li><\/ul><table><tbody><tr><td><p>Administrator danych<\/p><\/td><td><p>Sp\u00f3\u0142ki z grupy Neuraxpharm (\u201e<b>Neuraxpharm<\/b>\u201d). Dane kontaktowe wymienionych firm znajdziesz w <a href=\"https:\/\/www.neuraxpharm.com\/pl\/kontakt\">poni\u017cszym linku<\/a>.<\/p><p>W przypadku Pharmacovigilance odpowiedzialnym b\u0119dzie CEREBRO SPAIN BIDCO S.L.<\/p><\/td><\/tr><tr><td><p>Adres e-mail<\/p><\/td><td><p><a href=\"about:blank\">gdpr@neuraxpharm.com<\/a><\/p><\/td><\/tr><\/tbody><\/table><ul><li><b>W jakich celach przetwarzamy Twoje dane osobowe?<\/b><\/li><\/ul><p>Neuraxpharm przetwarza dane osobowe, kt\u00f3re przekazujesz nam wype\u0142niaj\u0105c formularze kontaktowe lub kontaktuj\u0105c si\u0119 z nami za po\u015brednictwem dowolnego adresu e-mail lub numeru telefonu podanego w serwisie w celach wskazanych poni\u017cej:<\/p><ul><li><b>Komunikacja handlowa<\/b><\/li><\/ul><p>W ramach swojej dzia\u0142alno\u015bci promocyjnej Neuraxpharm mo\u017ce zapewni\u0107 mo\u017cliwo\u015b\u0107 rejestracji lub subskrybowania wiadomo\u015bci lub powi\u0105zanych informacji handlowych. Takie dzia\u0142ania zawsze wymagaj\u0105 Twojej wyra\u017anej zgody, aby\u015bmy mogli przesy\u0142a\u0107 Ci wiadomo\u015bci lub informacje handlowe. W zwi\u0105zku z tym, je\u015bli wyrazisz na to zgod\u0119, Neuraxpharm b\u0119dzie wysy\u0142a\u0107 Ci informacje o swoich produktach.<\/p><p>Mo\u017cesz wycofa\u0107 swoj\u0105 zgod\u0119 na otrzymywanie informacji handlowych w dowolnym momencie, klikaj\u0105c w link lub przycisk podany w ka\u017cdej wiadomo\u015bci handlowej lub wysy\u0142aj\u0105c nam wiadomo\u015b\u0107 e-mail na nast\u0119puj\u0105cy adres <a href=\"about:blank\">gdpr@neuraxpharm.com<\/a>.<\/p><ul><li><b>Kontakt dla medi\u00f3w<\/b><\/li><\/ul><p>Odpowiadanie na pro\u015bby o udzielenie informacji.<\/p><ul><li><b>Kana\u0142 etyki i zgodno\u015bci z przepisami:<\/b><\/li><\/ul><p>Zarz\u0105dzanie zg\u0142oszeniami z\u0142o\u017conymi do Neuraxpharm za po\u015brednictwem kana\u0142u etyki i zgodno\u015bci z przepisami, a tak\u017ce prowadzenie post\u0119powania wyja\u015bniaj\u0105cego w sprawie zg\u0142oszonych fakt\u00f3w, zastosowanie odpowiednich \u015brodk\u00f3w naprawczych oraz, w razie potrzeby, informowanie Ci\u0119 o wyniku takiej procedury.<\/p><ul><li><b>Zg\u0142aszanie dzia\u0142a\u0144 niepo\u017c\u0105danych<\/b><\/li><\/ul><ol><li>Odpowiadanie na zapytania o informacje z\u0142o\u017cone przez Ciebie t\u0105 drog\u0105<\/li><li>Prowadzenie rejestru podejrze\u0144 o wyst\u0105pienie niepo\u017c\u0105danego dzia\u0142ania leku.<\/li><\/ol><ul><li><b>Kontakt z pracownikami ochrony zdrowia<\/b><\/li><\/ul><p>Odpowiadanie na pro\u015bby o udzielenie informacji.<\/p><ul><li><b>Handel mi\u0119dzynarodowy<\/b><\/li><\/ul><p>Odpowiadanie na pro\u015bby o udzielenie informacji.<\/p><ul><li><b>Rejestracja w witrynie (\u201eObszar prywatny\u201d)<\/b><\/li><\/ul><p>Zarz\u0105dzanie Twoj\u0105 pro\u015bb\u0105 o rejestracj\u0119 na naszej stronie internetowej.<\/p><ul><li><b>Jak d\u0142ugo b\u0119dziemy przechowywa\u0107 Twoje dane osobowe?<\/b><\/li><\/ul><p>Neuraxpharm zobowi\u0105zuje si\u0119 do przetwarzania Twoich danych osobowych tak d\u0142ugo, jak d\u0142ugo jest to potrzebne i konieczne w celu zaoferowania Ci wysokiej jako\u015bci us\u0142ug. Dlatego Neuraxpharm do\u0142o\u017cy wszelkich uzasadnionych i odpowiednich stara\u0144, aby zminimalizowa\u0107 czas przetwarzania i przechowywania Twoich danych osobowych.<\/p><p>W szczeg\u00f3lno\u015bci informujemy, \u017ce Twoje dane osobowe b\u0119d\u0105 przechowywane z zastosowaniem niezb\u0119dnych \u015brodk\u00f3w technicznych i organizacyjnych zapewniaj\u0105cych bezpiecze\u0144stwo i integralno\u015b\u0107 Twoich danych przez kolejne okresy, a w ka\u017cdym przypadku, tak d\u0142ugo, jak nie za\u017c\u0105dasz ich usuni\u0119cia:<\/p><table><tbody><tr><td><p><b>Cel<\/b><\/p><\/td><td><p><b>Okres przechowywania<\/b><\/p><\/td><\/tr><tr><td><p>Informacje handlowe (sekcja 2.i)<\/p><\/td><td><p>Do czasu wycofania zgody na przetwarzanie danych.<\/p><\/td><\/tr><tr><td><p>Kontakt dla medi\u00f3w (sekcja 2.ii)<\/p><\/td><td><p>Tak d\u0142ugo, jak s\u0105 one niezb\u0119dne do spe\u0142nienia Twojej pro\u015bby.<\/p><\/td><\/tr><tr><td><p>Kana\u0142 etyki i zgodno\u015bci z przepisami (sekcja 2.iii)<\/p><\/td><td><p>Tak d\u0142ugo, jak jest to konieczne do podj\u0119cia decyzji o zasadno\u015bci wszcz\u0119cia post\u0119powania wyja\u015bniaj\u0105cego w sprawie zg\u0142oszonych zdarze\u0144 oraz, w stosownych przypadkach, przez czas niezb\u0119dny do rozpatrzenia skargi.<\/p><\/td><\/tr><tr><td><p>Zg\u0142aszanie dzia\u0142a\u0144 niepo\u017c\u0105danych (sekcja 2.iv)<\/p><\/td><td><p>Przewidziane w przepisach reguluj\u0105cych ochron\u0119 przez w\u0142adze publiczne prawa do zdrowia oraz informowanie i edukowanie konsument\u00f3w w odniesieniu do przedawnienia odpowiedzialno\u015bci.<\/p><\/td><\/tr><tr><td><p>Kontakt z pracownikami ochrony zdrowia (sekcja 2.v)<\/p><\/td><td><p>Tak d\u0142ugo, jak s\u0105 one niezb\u0119dne do spe\u0142nienia Twojej pro\u015bby.<\/p><\/td><\/tr><tr><td><p>Handel mi\u0119dzynarodowy (sekcja 2.vi)<\/p><\/td><td><p>Tak d\u0142ugo, jak s\u0105 one niezb\u0119dne do spe\u0142nienia Twojej pro\u015bby.<\/p><\/td><\/tr><tr><td><p>Rejestracja w witrynie (sekcja 2.vii)<\/p><\/td><td><p>Tak d\u0142ugo, jak s\u0105 one niezb\u0119dne do spe\u0142nienia Twojej pro\u015bby.<\/p><\/td><\/tr><\/tbody><\/table><p>W ka\u017cdym przypadku, nawet je\u015bli za\u017c\u0105dasz usuni\u0119cia swoich danych osobowych, Neuraxpharm ma prawo do ich zachowania i przechowywania, pod nale\u017cyt\u0105 ochron\u0105, przez okres niezb\u0119dny do wype\u0142nienia odpowiednich zobowi\u0105za\u0144 prawnych, jak r\u00f3wnie\u017c do udost\u0119pnienia ich w\u0142a\u015bciwym organom w r\u00f3\u017cnych sprawach, kt\u00f3re maj\u0105 zastosowanie.<\/p><ul><li><b>Jaka jest podstawa prawna przetwarzania Twoich danych osobowych?<\/b><\/li><\/ul><p>Podstawa prawna przetwarzania Twoich danych osobowych r\u00f3\u017cni si\u0119 w zale\u017cno\u015bci od celu przetwarzania zgodnie z paragrafem 2 niniejszej polityki:<\/p><table><tbody><tr><td><p><b>Cel<\/b><\/p><\/td><td><p><b>Podstawa prawna<\/b><\/p><\/td><\/tr><tr><td><p>Informacje handlowe (sekcja 2.i)<\/p><\/td><td><p>Twoja zgoda.<\/p><\/td><\/tr><tr><td><p>Kontakt dla medi\u00f3w (sekcja 2.ii)<\/p><\/td><td><p>Twoja zgoda wyra\u017cona podczas kontaktu z nami za po\u015brednictwem formularza kontaktowego.<\/p><\/td><\/tr><tr><td><p>Kana\u0142 etyki i zgodno\u015bci z przepisami (sekcja 2.iii)<\/p><\/td><td><p>Obowi\u0105zek prawny, w szczeg\u00f3lno\u015bci w odniesieniu do dyrektywy (UE) 2019\/1937 o ochronie os\u00f3b fizycznych zg\u0142aszaj\u0105cych przypadki naruszenia prawa Unii Europejskiej.<\/p><\/td><\/tr><tr><td><p>Zg\u0142aszanie dzia\u0142a\u0144 niepo\u017c\u0105danych (sekcja 2.iv)<\/p><\/td><td><p>Obowi\u0105zek prawny, w szczeg\u00f3lno\u015bci ROZPORZ\u0104DZENIE Parlamentu Europejskiego i Rady (UE) nr 1235\/2010 z 15 grudnia 2010 r. z p\u00f3\u017aniejszymi zmianami, w zakresie nadzoru nad bezpiecze\u0144stwem farmakoterapii w odniesieniu do produkt\u00f3w leczniczych stosowanych u ludzi, rozporz\u0105dzenie (WE) nr 726\/2004 ustanawiaj\u0105ce wsp\u00f3lnotowe procedury wydawania pozwole\u0144 na produkty lecznicze stosowane u ludzi i do cel\u00f3w weterynaryjnych i nadzoru nad nimi oraz ustanawiaj\u0105ce Europejsk\u0105 Agencj\u0119 Lek\u00f3w i rozporz\u0105dzenie (WE) nr 1394\/2007 w sprawie produkt\u00f3w leczniczych terapii zaawansowanej.<\/p><\/td><\/tr><tr><td><p>Kontakt z pracownikami ochrony zdrowia (sekcja 2.v)<\/p><\/td><td><p>Twoja zgoda wyra\u017cona podczas kontaktu z nami za po\u015brednictwem formularza kontaktowego.<\/p><\/td><\/tr><tr><td><p>Handel mi\u0119dzynarodowy (sekcja 2.vi)<\/p><\/td><td><p>Twoja zgoda wyra\u017cona podczas kontaktu z nami za po\u015brednictwem formularza kontaktowego.<\/p><\/td><\/tr><tr><td><p>Rejestracja w witrynie (sekcja 2.vii)<\/p><\/td><td><p>Twoja zgoda wyra\u017cona podczas kontaktu z nami za po\u015brednictwem formularza kontaktowego.<\/p><\/td><\/tr><\/tbody><\/table><ul><li><b>Komu udost\u0119pnimy Twoje dane osobowe?<\/b><\/li><\/ul><p>Twoje dane osobowe nie b\u0119d\u0105 ujawniane stronom trzecim, z wyj\u0105tkiem dostawc\u00f3w, kt\u00f3rzy \u015bwiadcz\u0105 nam us\u0142ugi w zakresie prawid\u0142owego wykonania \u015bwiadczonych przez nas us\u0142ug. Neuraxpharm mo\u017ce r\u00f3wnie\u017c ujawnia\u0107 Twoje dane osobowe organom i w\u0142adzom publicznym (administracyjnym lub s\u0105dowym) w przypadkach, gdy wymaga tego obowi\u0105zek prawny.<\/p><p>Informujemy, \u017ce przekazane przez Ciebie dane mog\u0105 zosta\u0107 ujawnione grupie sp\u00f3\u0142ek wchodz\u0105cych w sk\u0142ad Grupy Neuraxpharm dla wewn\u0119trznych cel\u00f3w administracyjnych.<\/p><ul><li><b>Jakie s\u0105 Twoje prawa dotycz\u0105ce danych osobowych i jak mo\u017cesz z nich korzysta\u0107?<\/b><\/li><\/ul><p>W ka\u017cdej chwili masz prawo do dost\u0119pu do swoich danych osobowych, a tak\u017ce \u017c\u0105dania poprawienia nieprawid\u0142owych danych lub, w stosownych przypadkach, do \u017c\u0105dania ich usuni\u0119cia, je\u017celi, mi\u0119dzy innymi, dane te nie s\u0105 ju\u017c potrzebne do cel\u00f3w, dla kt\u00f3rych zosta\u0142y zgromadzone.<\/p><p>W pewnych okoliczno\u015bciach mo\u017cesz za\u017c\u0105da\u0107, aby\u015bmy ograniczyli przetwarzanie Twoich danych, w takim przypadku b\u0119dziemy je przechowywa\u0107 wy\u0142\u0105cznie w celu dochodzenia lub obrony roszcze\u0144.<\/p><p>W okre\u015blonych okoliczno\u015bciach i z przyczyn zwi\u0105zanych z Twoj\u0105 szczeg\u00f3ln\u0105 sytuacj\u0105, mo\u017cesz wnie\u015b\u0107 sprzeciw wobec przetwarzania Twoich danych. Neuraxpharm zaprzestanie przetwarzania danych, z wyj\u0105tkiem wa\u017cnych i uzasadnionych powod\u00f3w, dochodzenia lub obrony wszelkich roszcze\u0144.<\/p><p>Mo\u017cesz tak\u017ce skorzysta\u0107 z prawa do przenoszenia danych oraz wycofa\u0107 udzielon\u0105 zgod\u0119 w dowolnym momencie, bez wp\u0142ywu na zgodno\u015b\u0107 z prawem przetwarzania, dokonanego na podstawie zgody przed jej wycofaniem.<\/p><p>Je\u015bli chcesz skorzysta\u0107 z kt\u00f3regokolwiek ze swoich praw, mo\u017cesz skontaktowa\u0107 si\u0119 z nami wysy\u0142aj\u0105c pismo, za\u0142\u0105czaj\u0105c dokument potwierdzaj\u0105cy Twoj\u0105 to\u017csamo\u015b\u0107 i wyra\u017anie wskazuj\u0105c prawo, z kt\u00f3rego chcesz skorzysta\u0107, na powy\u017cszy adres lub wysy\u0142aj\u0105c wiadomo\u015b\u0107 e-mail na adres <a href=\"mailto:gdpr@neuraxpharm.com\">gdpr@neuraxpharm.com<\/a>.<\/p><p>Ponadto informujemy, \u017ce w sprawie wszelkich roszcze\u0144 wynikaj\u0105cych z przetwarzania Twoich danych osobowych mo\u017cesz zwr\u00f3ci\u0107 si\u0119 do w\u0142a\u015bciwej instytucji ochrony danych w Twoim kraju oraz do innych w\u0142a\u015bciwych instytucji publicznych.<\/p><ul><li><b>Poufno\u015b\u0107 i \u015brodki bezpiecze\u0144stwa<\/b><\/li><\/ul><p>Firma Neuraxpharm wdro\u017cy\u0142a wszystkie odpowiednie \u015brodki bezpiecze\u0144stwa, aby zapewni\u0107, \u017ce nie dojdzie do utraty, zmiany, niew\u0142a\u015bciwego wykorzystania lub nieuprawnionego dost\u0119pu do przetwarzanych danych osobowych. Neuraxpharm okresowo dokonuje przegl\u0105du stosowanych \u015brodk\u00f3w bezpiecze\u0144stwa, aby upewni\u0107 si\u0119, \u017ce s\u0105 one zawsze odpowiednie w odniesieniu do prowadzonego przez ni\u0105 przetwarzania.\u00a0<\/p><p>Niezale\u017cnie od powy\u017cszego, korzystanie z Internetu nie jest ca\u0142kowicie bezpieczne, a my nie mo\u017cemy zagwarantowa\u0107 bezpiecze\u0144stwa Twoich danych.<\/p>\t\t\t\t\t\t\t\t<\/div>\n\t\t\t\t<\/div>\n\t\t\t\t\t<\/div>\n\t\t<\/div>\n\t\t\t\t\t<\/div>\n\t\t<\/section>\n\t\t\t\t<\/div>\n\t\t","protected":false},"excerpt":{"rendered":"<p>Polityka prywatno\u015bci Zgodnie z Rozporz\u0105dzeniem Parlamentu Europejskiego i Rady (UE) 2016\/679 z dnia 27 kwietnia 2016 r. o ochronie os\u00f3b fizycznych w zwi\u0105zku z przetwarzaniem danych osobowych i w sprawie swobodnego przep\u0142ywu takich danych oraz innych, maj\u0105cych zastosowanie przepis\u00f3w dotycz\u0105cych ochrony danych osobowych, niniejszym przekazujemy Ci szczeg\u00f3\u0142owe informacje o przetwarzaniu Twoich danych osobowych. Kto jest [&hellip;]<\/p>\n","protected":false},"author":1,"featured_media":0,"parent":0,"menu_order":0,"comment_status":"closed","ping_status":"closed","template":"","meta":{"_acf_changed":false,"footnotes":""},"class_list":["post-3","page","type-page","status-publish","hentry"],"yoast_head":"<!-- This site is optimized with the Yoast SEO Premium plugin v27.2 (Yoast SEO v27.2) - https:\/\/yoast.com\/product\/yoast-seo-premium-wordpress\/ -->\n<title>Polityka prywatno\u015bci - Neuraxpharm PL<\/title>\n<meta name=\"robots\" content=\"index, follow, max-snippet:-1, max-image-preview:large, max-video-preview:-1\" \/>\n<link rel=\"canonical\" href=\"https:\/\/www.neuraxpharm.com\/pl\/polityka-prywatnosci\" \/>\n<meta property=\"og:locale\" content=\"pl_PL\" \/>\n<meta property=\"og:type\" content=\"article\" \/>\n<meta property=\"og:title\" content=\"Polityka prywatno\u015bci\" \/>\n<meta property=\"og:description\" content=\"Polityka prywatno\u015bci Zgodnie z Rozporz\u0105dzeniem Parlamentu Europejskiego i Rady (UE) 2016\/679 z dnia 27 kwietnia 2016 r. o ochronie os\u00f3b fizycznych w zwi\u0105zku z przetwarzaniem danych osobowych i w sprawie swobodnego przep\u0142ywu takich danych oraz innych, maj\u0105cych zastosowanie przepis\u00f3w dotycz\u0105cych ochrony danych osobowych, niniejszym przekazujemy Ci szczeg\u00f3\u0142owe informacje o przetwarzaniu Twoich danych osobowych. Kto jest [&hellip;]\" \/>\n<meta property=\"og:url\" content=\"https:\/\/www.neuraxpharm.com\/pl\/polityka-prywatnosci\" \/>\n<meta property=\"og:site_name\" content=\"Neuraxpharm PL\" \/>\n<meta property=\"article:modified_time\" content=\"2021-11-22T10:55:43+00:00\" \/>\n<meta name=\"twitter:card\" content=\"summary_large_image\" \/>\n<meta name=\"twitter:label1\" content=\"Szacowany czas czytania\" \/>\n\t<meta name=\"twitter:data1\" content=\"5 minut\" \/>\n<script type=\"application\/ld+json\" class=\"yoast-schema-graph\">{\"@context\":\"https:\/\/schema.org\",\"@graph\":[{\"@type\":\"WebPage\",\"@id\":\"https:\/\/www.neuraxpharm.com\/pl\/polityka-prywatnosci\",\"url\":\"https:\/\/www.neuraxpharm.com\/pl\/polityka-prywatnosci\",\"name\":\"Polityka prywatno\u015bci - Neuraxpharm PL\",\"isPartOf\":{\"@id\":\"https:\/\/www.neuraxpharm.com\/pl\/#website\"},\"datePublished\":\"2021-01-27T16:51:35+00:00\",\"dateModified\":\"2021-11-22T10:55:43+00:00\",\"inLanguage\":\"pl-PL\",\"potentialAction\":[{\"@type\":\"ReadAction\",\"target\":[\"https:\/\/www.neuraxpharm.com\/pl\/polityka-prywatnosci\"]}]},{\"@type\":\"WebSite\",\"@id\":\"https:\/\/www.neuraxpharm.com\/pl\/#website\",\"url\":\"https:\/\/www.neuraxpharm.com\/pl\/\",\"name\":\"Neuraxpharm PL\",\"description\":\"Ein europ\u00e4ischer Marktf\u00fchrer f\u00fcr CNS-Produkte\",\"potentialAction\":[{\"@type\":\"SearchAction\",\"target\":{\"@type\":\"EntryPoint\",\"urlTemplate\":\"https:\/\/www.neuraxpharm.com\/pl\/?s={search_term_string}\"},\"query-input\":{\"@type\":\"PropertyValueSpecification\",\"valueRequired\":true,\"valueName\":\"search_term_string\"}}],\"inLanguage\":\"pl-PL\"}]}<\/script>\n<!-- \/ Yoast SEO Premium plugin. -->","yoast_head_json":{"title":"Polityka prywatno\u015bci - Neuraxpharm PL","robots":{"index":"index","follow":"follow","max-snippet":"max-snippet:-1","max-image-preview":"max-image-preview:large","max-video-preview":"max-video-preview:-1"},"canonical":"https:\/\/www.neuraxpharm.com\/pl\/polityka-prywatnosci","og_locale":"pl_PL","og_type":"article","og_title":"Polityka prywatno\u015bci","og_description":"Polityka prywatno\u015bci Zgodnie z Rozporz\u0105dzeniem Parlamentu Europejskiego i Rady (UE) 2016\/679 z dnia 27 kwietnia 2016 r. o ochronie os\u00f3b fizycznych w zwi\u0105zku z przetwarzaniem danych osobowych i w sprawie swobodnego przep\u0142ywu takich danych oraz innych, maj\u0105cych zastosowanie przepis\u00f3w dotycz\u0105cych ochrony danych osobowych, niniejszym przekazujemy Ci szczeg\u00f3\u0142owe informacje o przetwarzaniu Twoich danych osobowych. Kto jest [&hellip;]","og_url":"https:\/\/www.neuraxpharm.com\/pl\/polityka-prywatnosci","og_site_name":"Neuraxpharm PL","article_modified_time":"2021-11-22T10:55:43+00:00","twitter_card":"summary_large_image","twitter_misc":{"Szacowany czas czytania":"5 minut"},"schema":{"@context":"https:\/\/schema.org","@graph":[{"@type":"WebPage","@id":"https:\/\/www.neuraxpharm.com\/pl\/polityka-prywatnosci","url":"https:\/\/www.neuraxpharm.com\/pl\/polityka-prywatnosci","name":"Polityka prywatno\u015bci - Neuraxpharm PL","isPartOf":{"@id":"https:\/\/www.neuraxpharm.com\/pl\/#website"},"datePublished":"2021-01-27T16:51:35+00:00","dateModified":"2021-11-22T10:55:43+00:00","inLanguage":"pl-PL","potentialAction":[{"@type":"ReadAction","target":["https:\/\/www.neuraxpharm.com\/pl\/polityka-prywatnosci"]}]},{"@type":"WebSite","@id":"https:\/\/www.neuraxpharm.com\/pl\/#website","url":"https:\/\/www.neuraxpharm.com\/pl\/","name":"Neuraxpharm PL","description":"Ein europ\u00e4ischer Marktf\u00fchrer f\u00fcr CNS-Produkte","potentialAction":[{"@type":"SearchAction","target":{"@type":"EntryPoint","urlTemplate":"https:\/\/www.neuraxpharm.com\/pl\/?s={search_term_string}"},"query-input":{"@type":"PropertyValueSpecification","valueRequired":true,"valueName":"search_term_string"}}],"inLanguage":"pl-PL"}]}},"acf":[],"_links":{"self":[{"href":"https:\/\/www.neuraxpharm.com\/pl\/wp-json\/wp\/v2\/pages\/3","targetHints":{"allow":["GET"]}}],"collection":[{"href":"https:\/\/www.neuraxpharm.com\/pl\/wp-json\/wp\/v2\/pages"}],"about":[{"href":"https:\/\/www.neuraxpharm.com\/pl\/wp-json\/wp\/v2\/types\/page"}],"author":[{"embeddable":true,"href":"https:\/\/www.neuraxpharm.com\/pl\/wp-json\/wp\/v2\/users\/1"}],"replies":[{"embeddable":true,"href":"https:\/\/www.neuraxpharm.com\/pl\/wp-json\/wp\/v2\/comments?post=3"}],"version-history":[{"count":114,"href":"https:\/\/www.neuraxpharm.com\/pl\/wp-json\/wp\/v2\/pages\/3\/revisions"}],"predecessor-version":[{"id":28026,"href":"https:\/\/www.neuraxpharm.com\/pl\/wp-json\/wp\/v2\/pages\/3\/revisions\/28026"}],"wp:attachment":[{"href":"https:\/\/www.neuraxpharm.com\/pl\/wp-json\/wp\/v2\/media?parent=3"}],"curies":[{"name":"wp","href":"https:\/\/api.w.org\/{rel}","templated":true}]}}