{"id":29352,"date":"2025-11-24T12:20:59","date_gmt":"2025-11-24T12:20:59","guid":{"rendered":"https:\/\/www.neuraxpharm.com\/pl\/?page_id=29352"},"modified":"2025-11-24T12:22:38","modified_gmt":"2025-11-24T12:22:38","slug":"oswiadczenie-dotyczace-informacji-niefinansowych","status":"publish","type":"page","link":"https:\/\/www.neuraxpharm.com\/pl\/oswiadczenie-dotyczace-informacji-niefinansowych","title":{"rendered":"O\u015bwiadczenie dotycz\u0105ce informacji niefinansowych"},"content":{"rendered":"\t\t<div data-elementor-type=\"wp-page\" data-elementor-id=\"29352\" class=\"elementor elementor-29352\" data-elementor-post-type=\"page\">\n\t\t\t\t\t\t<section class=\"elementor-section elementor-top-section elementor-element elementor-element-7a82d47 elementor-section-boxed elementor-section-height-default elementor-section-height-default\" data-id=\"7a82d47\" data-element_type=\"section\" data-e-type=\"section\" data-settings=\"{&quot;jet_parallax_layout_list&quot;:[]}\">\n\t\t\t\t\t\t<div class=\"elementor-container elementor-column-gap-default\">\n\t\t\t\t\t<div class=\"elementor-column elementor-col-100 elementor-top-column elementor-element elementor-element-105c59d\" data-id=\"105c59d\" data-element_type=\"column\" data-e-type=\"column\">\n\t\t\t<div class=\"elementor-widget-wrap elementor-element-populated\">\n\t\t\t\t\t\t<div class=\"elementor-element elementor-element-dcfa556 elementor-widget elementor-widget-text-editor\" data-id=\"dcfa556\" data-element_type=\"widget\" data-e-type=\"widget\" data-widget_type=\"text-editor.default\">\n\t\t\t\t<div class=\"elementor-widget-container\">\n\t\t\t\t\t\t\t\t\t<p>(Estado de Informaci\u00f3n No Financiera \u2013 EINF, w j\u0119zyku hiszpa\u0144skim)<\/p><p>W celu zapewnienia zgodno\u015bci z ustaw\u0105 11\/2018 o informacjach niefinansowych i r\u00f3\u017cnorodno\u015bci, firma Neuraxpharm Pharmaceuticals S.L.U. (dawniej Laboratorios Lesvi S.L.U.) co roku sporz\u0105dza o\u015bwiadczenie o informacjach niefinansowych, zgodnie z zaleceniami i wskaz\u00f3wkami okre\u015blonymi w wy\u017cej wymienionej ustawie 11\/2018.<\/p><p>Raport zawiera informacje dotycz\u0105ce kwestii \u015brodowiskowych, spo\u0142ecznych i personalnych, praw cz\u0142owieka, walki z korupcj\u0105 i przekupstwem oraz wp\u0142ywu organizacji na spo\u0142ecze\u0144stwo. W odniesieniu do ka\u017cdej z tych kwestii opisano opracowane polityki i dzia\u0142ania, a tak\u017ce zidentyfikowane ryzyka wynikaj\u0105ce z dzia\u0142alno\u015bci sp\u00f3\u0142ki. Raport zosta\u0142 sporz\u0105dzony zgodnie z zasadami por\u00f3wnywalno\u015bci, wiarygodno\u015bci, istotno\u015bci i przydatno\u015bci okre\u015blonymi w wy\u017cej wymienionej ustawie 11\/2018.<\/p>\t\t\t\t\t\t\t\t<\/div>\n\t\t\t\t<\/div>\n\t\t\t\t\t<\/div>\n\t\t<\/div>\n\t\t\t\t\t<\/div>\n\t\t<\/section>\n\t\t\t\t<section class=\"elementor-section elementor-top-section elementor-element elementor-element-c8e0ba5 elementor-section-boxed elementor-section-height-default elementor-section-height-default\" data-id=\"c8e0ba5\" data-element_type=\"section\" data-e-type=\"section\" data-settings=\"{&quot;jet_parallax_layout_list&quot;:[]}\">\n\t\t\t\t\t\t<div class=\"elementor-container elementor-column-gap-default\">\n\t\t\t\t\t<div class=\"elementor-column elementor-col-100 elementor-top-column elementor-element elementor-element-e81a2a3\" data-id=\"e81a2a3\" data-element_type=\"column\" data-e-type=\"column\">\n\t\t\t<div class=\"elementor-widget-wrap elementor-element-populated\">\n\t\t\t\t\t\t<div class=\"elementor-element elementor-element-f3adfba elementor-align-left elementor-widget elementor-widget-button\" data-id=\"f3adfba\" data-element_type=\"widget\" data-e-type=\"widget\" data-widget_type=\"button.default\">\n\t\t\t\t<div class=\"elementor-widget-container\">\n\t\t\t\t\t\t\t\t\t<div class=\"elementor-button-wrapper\">\n\t\t\t\t\t<a class=\"elementor-button elementor-button-link elementor-size-sm\" href=\"https:\/\/static.neuraxpharm.com\/wp-content\/uploads\/2025\/07\/30110050\/informe-de-verificacion-einf-neuraxpharm-pharmaceuticals-s-l-u-2024.pdf\" target=\"_blank\">\n\t\t\t\t\t\t<span class=\"elementor-button-content-wrapper\">\n\t\t\t\t\t\t<span class=\"elementor-button-icon\">\n\t\t\t\t<i aria-hidden=\"true\" class=\"fas fa-download\"><\/i>\t\t\t<\/span>\n\t\t\t\t\t\t\t\t\t<span class=\"elementor-button-text\">Raport dotycz\u0105cy informacji niefinansowych 2024<\/span>\n\t\t\t\t\t<\/span>\n\t\t\t\t\t<\/a>\n\t\t\t\t<\/div>\n\t\t\t\t\t\t\t\t<\/div>\n\t\t\t\t<\/div>\n\t\t\t\t<div class=\"elementor-element elementor-element-b740ef5 elementor-align-left elementor-widget elementor-widget-button\" data-id=\"b740ef5\" data-element_type=\"widget\" data-e-type=\"widget\" data-widget_type=\"button.default\">\n\t\t\t\t<div class=\"elementor-widget-container\">\n\t\t\t\t\t\t\t\t\t<div class=\"elementor-button-wrapper\">\n\t\t\t\t\t<a class=\"elementor-button elementor-button-link elementor-size-sm\" href=\"https:\/\/static.neuraxpharm.com\/wp-content\/uploads\/2025\/04\/30131305\/informe-einf-neuraxpharm-pharmaceuticals-2023.pdf\" target=\"_blank\">\n\t\t\t\t\t\t<span class=\"elementor-button-content-wrapper\">\n\t\t\t\t\t\t<span class=\"elementor-button-icon\">\n\t\t\t\t<i aria-hidden=\"true\" class=\"fas fa-download\"><\/i>\t\t\t<\/span>\n\t\t\t\t\t\t\t\t\t<span class=\"elementor-button-text\">Raport dotycz\u0105cy informacji niefinansowych 2023<\/span>\n\t\t\t\t\t<\/span>\n\t\t\t\t\t<\/a>\n\t\t\t\t<\/div>\n\t\t\t\t\t\t\t\t<\/div>\n\t\t\t\t<\/div>\n\t\t\t\t<div class=\"elementor-element elementor-element-337bcae elementor-align-left elementor-widget elementor-widget-button\" data-id=\"337bcae\" data-element_type=\"widget\" data-e-type=\"widget\" data-widget_type=\"button.default\">\n\t\t\t\t<div class=\"elementor-widget-container\">\n\t\t\t\t\t\t\t\t\t<div class=\"elementor-button-wrapper\">\n\t\t\t\t\t<a class=\"elementor-button elementor-button-link elementor-size-sm\" href=\"https:\/\/static.neuraxpharm.com\/wp-content\/uploads\/2025\/04\/30131248\/informe-einf-laboratorios-lesvi-2022.pdf\" target=\"_blank\">\n\t\t\t\t\t\t<span class=\"elementor-button-content-wrapper\">\n\t\t\t\t\t\t<span class=\"elementor-button-icon\">\n\t\t\t\t<i aria-hidden=\"true\" class=\"fas fa-download\"><\/i>\t\t\t<\/span>\n\t\t\t\t\t\t\t\t\t<span class=\"elementor-button-text\">Raport dotycz\u0105cy informacji niefinansowych 2022<\/span>\n\t\t\t\t\t<\/span>\n\t\t\t\t\t<\/a>\n\t\t\t\t<\/div>\n\t\t\t\t\t\t\t\t<\/div>\n\t\t\t\t<\/div>\n\t\t\t\t<div class=\"elementor-element elementor-element-bc3cb87 elementor-align-left elementor-widget elementor-widget-button\" data-id=\"bc3cb87\" data-element_type=\"widget\" data-e-type=\"widget\" data-widget_type=\"button.default\">\n\t\t\t\t<div class=\"elementor-widget-container\">\n\t\t\t\t\t\t\t\t\t<div class=\"elementor-button-wrapper\">\n\t\t\t\t\t<a class=\"elementor-button elementor-button-link elementor-size-sm\" href=\"https:\/\/static.neuraxpharm.com\/wp-content\/uploads\/2025\/04\/30131241\/informe-einf-laboratorios-lesvi-2021.pdf\">\n\t\t\t\t\t\t<span class=\"elementor-button-content-wrapper\">\n\t\t\t\t\t\t<span class=\"elementor-button-icon\">\n\t\t\t\t<i aria-hidden=\"true\" class=\"fas fa-download\"><\/i>\t\t\t<\/span>\n\t\t\t\t\t\t\t\t\t<span class=\"elementor-button-text\">Raport dotycz\u0105cy informacji niefinansowych 2021<\/span>\n\t\t\t\t\t<\/span>\n\t\t\t\t\t<\/a>\n\t\t\t\t<\/div>\n\t\t\t\t\t\t\t\t<\/div>\n\t\t\t\t<\/div>\n\t\t\t\t\t<\/div>\n\t\t<\/div>\n\t\t\t\t\t<\/div>\n\t\t<\/section>\n\t\t\t\t<\/div>\n\t\t","protected":false},"excerpt":{"rendered":"<p>(Estado de Informaci\u00f3n No Financiera \u2013 EINF, w j\u0119zyku hiszpa\u0144skim) W celu zapewnienia zgodno\u015bci z ustaw\u0105 11\/2018 o informacjach niefinansowych i r\u00f3\u017cnorodno\u015bci, firma Neuraxpharm Pharmaceuticals S.L.U. (dawniej Laboratorios Lesvi S.L.U.) co roku sporz\u0105dza o\u015bwiadczenie o informacjach niefinansowych, zgodnie z zaleceniami i wskaz\u00f3wkami okre\u015blonymi w wy\u017cej wymienionej ustawie 11\/2018. Raport zawiera informacje dotycz\u0105ce kwestii \u015brodowiskowych, spo\u0142ecznych [&hellip;]<\/p>\n","protected":false},"author":2493,"featured_media":0,"parent":0,"menu_order":0,"comment_status":"closed","ping_status":"closed","template":"elementor_header_footer","meta":{"_acf_changed":false,"footnotes":""},"class_list":["post-29352","page","type-page","status-publish","hentry"],"yoast_head":"<!-- This site is optimized with the Yoast SEO Premium plugin v27.2 (Yoast SEO v27.2) - https:\/\/yoast.com\/product\/yoast-seo-premium-wordpress\/ -->\n<title>O\u015bwiadczenie dotycz\u0105ce informacji niefinansowych - Neuraxpharm PL<\/title>\n<meta name=\"robots\" content=\"index, follow, max-snippet:-1, max-image-preview:large, max-video-preview:-1\" \/>\n<link rel=\"canonical\" href=\"https:\/\/www.neuraxpharm.com\/pl\/oswiadczenie-dotyczace-informacji-niefinansowych\" \/>\n<meta property=\"og:locale\" content=\"pl_PL\" \/>\n<meta property=\"og:type\" content=\"article\" \/>\n<meta property=\"og:title\" content=\"O\u015bwiadczenie dotycz\u0105ce informacji niefinansowych\" \/>\n<meta property=\"og:description\" content=\"(Estado de Informaci\u00f3n No Financiera \u2013 EINF, w j\u0119zyku hiszpa\u0144skim) W celu zapewnienia zgodno\u015bci z ustaw\u0105 11\/2018 o informacjach niefinansowych i r\u00f3\u017cnorodno\u015bci, firma Neuraxpharm Pharmaceuticals S.L.U. (dawniej Laboratorios Lesvi S.L.U.) co roku sporz\u0105dza o\u015bwiadczenie o informacjach niefinansowych, zgodnie z zaleceniami i wskaz\u00f3wkami okre\u015blonymi w wy\u017cej wymienionej ustawie 11\/2018. Raport zawiera informacje dotycz\u0105ce kwestii \u015brodowiskowych, spo\u0142ecznych [&hellip;]\" \/>\n<meta property=\"og:url\" content=\"https:\/\/www.neuraxpharm.com\/pl\/oswiadczenie-dotyczace-informacji-niefinansowych\" \/>\n<meta property=\"og:site_name\" content=\"Neuraxpharm PL\" \/>\n<meta property=\"article:modified_time\" content=\"2025-11-24T12:22:38+00:00\" \/>\n<meta name=\"twitter:card\" content=\"summary_large_image\" \/>\n<meta name=\"twitter:label1\" content=\"Szacowany czas czytania\" \/>\n\t<meta name=\"twitter:data1\" content=\"1 minuta\" \/>\n<script type=\"application\/ld+json\" class=\"yoast-schema-graph\">{\"@context\":\"https:\/\/schema.org\",\"@graph\":[{\"@type\":\"WebPage\",\"@id\":\"https:\/\/www.neuraxpharm.com\/pl\/oswiadczenie-dotyczace-informacji-niefinansowych\",\"url\":\"https:\/\/www.neuraxpharm.com\/pl\/oswiadczenie-dotyczace-informacji-niefinansowych\",\"name\":\"O\u015bwiadczenie dotycz\u0105ce informacji niefinansowych - Neuraxpharm PL\",\"isPartOf\":{\"@id\":\"https:\/\/www.neuraxpharm.com\/pl\/#website\"},\"datePublished\":\"2025-11-24T12:20:59+00:00\",\"dateModified\":\"2025-11-24T12:22:38+00:00\",\"inLanguage\":\"pl-PL\",\"potentialAction\":[{\"@type\":\"ReadAction\",\"target\":[\"https:\/\/www.neuraxpharm.com\/pl\/oswiadczenie-dotyczace-informacji-niefinansowych\"]}]},{\"@type\":\"WebSite\",\"@id\":\"https:\/\/www.neuraxpharm.com\/pl\/#website\",\"url\":\"https:\/\/www.neuraxpharm.com\/pl\/\",\"name\":\"Neuraxpharm PL\",\"description\":\"Ein europ\u00e4ischer Marktf\u00fchrer f\u00fcr CNS-Produkte\",\"potentialAction\":[{\"@type\":\"SearchAction\",\"target\":{\"@type\":\"EntryPoint\",\"urlTemplate\":\"https:\/\/www.neuraxpharm.com\/pl\/?s={search_term_string}\"},\"query-input\":{\"@type\":\"PropertyValueSpecification\",\"valueRequired\":true,\"valueName\":\"search_term_string\"}}],\"inLanguage\":\"pl-PL\"}]}<\/script>\n<!-- \/ Yoast SEO Premium plugin. -->","yoast_head_json":{"title":"O\u015bwiadczenie dotycz\u0105ce informacji niefinansowych - Neuraxpharm PL","robots":{"index":"index","follow":"follow","max-snippet":"max-snippet:-1","max-image-preview":"max-image-preview:large","max-video-preview":"max-video-preview:-1"},"canonical":"https:\/\/www.neuraxpharm.com\/pl\/oswiadczenie-dotyczace-informacji-niefinansowych","og_locale":"pl_PL","og_type":"article","og_title":"O\u015bwiadczenie dotycz\u0105ce informacji niefinansowych","og_description":"(Estado de Informaci\u00f3n No Financiera \u2013 EINF, w j\u0119zyku hiszpa\u0144skim) W celu zapewnienia zgodno\u015bci z ustaw\u0105 11\/2018 o informacjach niefinansowych i r\u00f3\u017cnorodno\u015bci, firma Neuraxpharm Pharmaceuticals S.L.U. (dawniej Laboratorios Lesvi S.L.U.) co roku sporz\u0105dza o\u015bwiadczenie o informacjach niefinansowych, zgodnie z zaleceniami i wskaz\u00f3wkami okre\u015blonymi w wy\u017cej wymienionej ustawie 11\/2018. Raport zawiera informacje dotycz\u0105ce kwestii \u015brodowiskowych, spo\u0142ecznych [&hellip;]","og_url":"https:\/\/www.neuraxpharm.com\/pl\/oswiadczenie-dotyczace-informacji-niefinansowych","og_site_name":"Neuraxpharm PL","article_modified_time":"2025-11-24T12:22:38+00:00","twitter_card":"summary_large_image","twitter_misc":{"Szacowany czas czytania":"1 minuta"},"schema":{"@context":"https:\/\/schema.org","@graph":[{"@type":"WebPage","@id":"https:\/\/www.neuraxpharm.com\/pl\/oswiadczenie-dotyczace-informacji-niefinansowych","url":"https:\/\/www.neuraxpharm.com\/pl\/oswiadczenie-dotyczace-informacji-niefinansowych","name":"O\u015bwiadczenie dotycz\u0105ce informacji niefinansowych - Neuraxpharm PL","isPartOf":{"@id":"https:\/\/www.neuraxpharm.com\/pl\/#website"},"datePublished":"2025-11-24T12:20:59+00:00","dateModified":"2025-11-24T12:22:38+00:00","inLanguage":"pl-PL","potentialAction":[{"@type":"ReadAction","target":["https:\/\/www.neuraxpharm.com\/pl\/oswiadczenie-dotyczace-informacji-niefinansowych"]}]},{"@type":"WebSite","@id":"https:\/\/www.neuraxpharm.com\/pl\/#website","url":"https:\/\/www.neuraxpharm.com\/pl\/","name":"Neuraxpharm PL","description":"Ein europ\u00e4ischer Marktf\u00fchrer f\u00fcr CNS-Produkte","potentialAction":[{"@type":"SearchAction","target":{"@type":"EntryPoint","urlTemplate":"https:\/\/www.neuraxpharm.com\/pl\/?s={search_term_string}"},"query-input":{"@type":"PropertyValueSpecification","valueRequired":true,"valueName":"search_term_string"}}],"inLanguage":"pl-PL"}]}},"acf":[],"_links":{"self":[{"href":"https:\/\/www.neuraxpharm.com\/pl\/wp-json\/wp\/v2\/pages\/29352","targetHints":{"allow":["GET"]}}],"collection":[{"href":"https:\/\/www.neuraxpharm.com\/pl\/wp-json\/wp\/v2\/pages"}],"about":[{"href":"https:\/\/www.neuraxpharm.com\/pl\/wp-json\/wp\/v2\/types\/page"}],"author":[{"embeddable":true,"href":"https:\/\/www.neuraxpharm.com\/pl\/wp-json\/wp\/v2\/users\/2493"}],"replies":[{"embeddable":true,"href":"https:\/\/www.neuraxpharm.com\/pl\/wp-json\/wp\/v2\/comments?post=29352"}],"version-history":[{"count":4,"href":"https:\/\/www.neuraxpharm.com\/pl\/wp-json\/wp\/v2\/pages\/29352\/revisions"}],"predecessor-version":[{"id":29356,"href":"https:\/\/www.neuraxpharm.com\/pl\/wp-json\/wp\/v2\/pages\/29352\/revisions\/29356"}],"wp:attachment":[{"href":"https:\/\/www.neuraxpharm.com\/pl\/wp-json\/wp\/v2\/media?parent=29352"}],"curies":[{"name":"wp","href":"https:\/\/api.w.org\/{rel}","templated":true}]}}