{"id":29279,"date":"2025-11-24T11:39:09","date_gmt":"2025-11-24T11:39:09","guid":{"rendered":"https:\/\/www.neuraxpharm.com\/pl\/?page_id=29279"},"modified":"2025-11-24T11:40:16","modified_gmt":"2025-11-24T11:40:16","slug":"vikas-mohan-sharma","status":"publish","type":"page","link":"https:\/\/www.neuraxpharm.com\/pl\/o-nas\/komitet-wykonawczy\/vikas-mohan-sharma","title":{"rendered":"VIKAS MOHAN SHARMA"},"content":{"rendered":"\t\t<div data-elementor-type=\"wp-page\" data-elementor-id=\"29279\" class=\"elementor elementor-29279\" data-elementor-post-type=\"page\">\n\t\t\t\t\t\t<section class=\"elementor-section elementor-top-section elementor-element elementor-element-3ce46de elementor-section-boxed elementor-section-height-default elementor-section-height-default\" data-id=\"3ce46de\" data-element_type=\"section\" data-e-type=\"section\" data-settings=\"{&quot;jet_parallax_layout_list&quot;:[{&quot;jet_parallax_layout_image&quot;:{&quot;url&quot;:&quot;&quot;,&quot;id&quot;:&quot;&quot;,&quot;size&quot;:&quot;&quot;},&quot;_id&quot;:&quot;f02b98c&quot;,&quot;jet_parallax_layout_image_tablet&quot;:{&quot;url&quot;:&quot;&quot;,&quot;id&quot;:&quot;&quot;,&quot;size&quot;:&quot;&quot;},&quot;jet_parallax_layout_image_mobile&quot;:{&quot;url&quot;:&quot;&quot;,&quot;id&quot;:&quot;&quot;,&quot;size&quot;:&quot;&quot;},&quot;jet_parallax_layout_speed&quot;:{&quot;unit&quot;:&quot;%&quot;,&quot;size&quot;:50,&quot;sizes&quot;:[]},&quot;jet_parallax_layout_type&quot;:&quot;scroll&quot;,&quot;jet_parallax_layout_direction&quot;:&quot;1&quot;,&quot;jet_parallax_layout_fx_direction&quot;:null,&quot;jet_parallax_layout_z_index&quot;:&quot;&quot;,&quot;jet_parallax_layout_bg_x&quot;:50,&quot;jet_parallax_layout_bg_x_tablet&quot;:&quot;&quot;,&quot;jet_parallax_layout_bg_x_mobile&quot;:&quot;&quot;,&quot;jet_parallax_layout_bg_y&quot;:50,&quot;jet_parallax_layout_bg_y_tablet&quot;:&quot;&quot;,&quot;jet_parallax_layout_bg_y_mobile&quot;:&quot;&quot;,&quot;jet_parallax_layout_bg_size&quot;:&quot;auto&quot;,&quot;jet_parallax_layout_bg_size_tablet&quot;:&quot;&quot;,&quot;jet_parallax_layout_bg_size_mobile&quot;:&quot;&quot;,&quot;jet_parallax_layout_animation_prop&quot;:&quot;transform&quot;,&quot;jet_parallax_layout_on&quot;:[&quot;desktop&quot;,&quot;tablet&quot;]}]}\">\n\t\t\t\t\t\t<div class=\"elementor-container elementor-column-gap-default\">\n\t\t\t\t\t<div class=\"elementor-column elementor-col-33 elementor-top-column elementor-element elementor-element-d94cbf5\" data-id=\"d94cbf5\" data-element_type=\"column\" data-e-type=\"column\">\n\t\t\t<div class=\"elementor-widget-wrap elementor-element-populated\">\n\t\t\t\t\t\t<div class=\"elementor-element elementor-element-51675b6 elementor-widget elementor-widget-image\" data-id=\"51675b6\" data-element_type=\"widget\" data-e-type=\"widget\" data-widget_type=\"image.default\">\n\t\t\t\t<div class=\"elementor-widget-container\">\n\t\t\t\t\t\t\t\t\t\t\t\t\t\t\t<img fetchpriority=\"high\" decoding=\"async\" width=\"716\" height=\"700\" src=\"https:\/\/static.neuraxpharm.com\/wp-content\/uploads\/sites\/18\/2021\/03\/24113351\/vikas-mohan-sharma-1.png\" class=\"attachment-large size-large wp-image-29271\" alt=\"\" srcset=\"https:\/\/static.neuraxpharm.com\/wp-content\/uploads\/sites\/18\/2021\/03\/24113351\/vikas-mohan-sharma-1.png 716w, https:\/\/static.neuraxpharm.com\/wp-content\/uploads\/sites\/18\/2021\/03\/24113351\/vikas-mohan-sharma-1-300x293.png 300w, https:\/\/static.neuraxpharm.com\/wp-content\/uploads\/sites\/18\/2021\/03\/24113351\/vikas-mohan-sharma-1-600x587.png 600w\" sizes=\"(max-width: 716px) 100vw, 716px\" \/>\t\t\t\t\t\t\t\t\t\t\t\t\t\t\t<\/div>\n\t\t\t\t<\/div>\n\t\t\t\t<section class=\"elementor-section elementor-inner-section elementor-element elementor-element-fd3d9ee elementor-section-content-top elementor-section-boxed elementor-section-height-default elementor-section-height-default\" data-id=\"fd3d9ee\" data-element_type=\"section\" data-e-type=\"section\" data-settings=\"{&quot;jet_parallax_layout_list&quot;:[{&quot;jet_parallax_layout_image&quot;:{&quot;url&quot;:&quot;&quot;,&quot;id&quot;:&quot;&quot;,&quot;size&quot;:&quot;&quot;},&quot;_id&quot;:&quot;5f899ce&quot;,&quot;jet_parallax_layout_image_tablet&quot;:{&quot;url&quot;:&quot;&quot;,&quot;id&quot;:&quot;&quot;,&quot;size&quot;:&quot;&quot;},&quot;jet_parallax_layout_image_mobile&quot;:{&quot;url&quot;:&quot;&quot;,&quot;id&quot;:&quot;&quot;,&quot;size&quot;:&quot;&quot;},&quot;jet_parallax_layout_speed&quot;:{&quot;unit&quot;:&quot;%&quot;,&quot;size&quot;:50,&quot;sizes&quot;:[]},&quot;jet_parallax_layout_type&quot;:&quot;scroll&quot;,&quot;jet_parallax_layout_direction&quot;:&quot;1&quot;,&quot;jet_parallax_layout_fx_direction&quot;:null,&quot;jet_parallax_layout_z_index&quot;:&quot;&quot;,&quot;jet_parallax_layout_bg_x&quot;:50,&quot;jet_parallax_layout_bg_x_tablet&quot;:&quot;&quot;,&quot;jet_parallax_layout_bg_x_mobile&quot;:&quot;&quot;,&quot;jet_parallax_layout_bg_y&quot;:50,&quot;jet_parallax_layout_bg_y_tablet&quot;:&quot;&quot;,&quot;jet_parallax_layout_bg_y_mobile&quot;:&quot;&quot;,&quot;jet_parallax_layout_bg_size&quot;:&quot;auto&quot;,&quot;jet_parallax_layout_bg_size_tablet&quot;:&quot;&quot;,&quot;jet_parallax_layout_bg_size_mobile&quot;:&quot;&quot;,&quot;jet_parallax_layout_animation_prop&quot;:&quot;transform&quot;,&quot;jet_parallax_layout_on&quot;:[&quot;desktop&quot;,&quot;tablet&quot;]}]}\">\n\t\t\t\t\t\t<div class=\"elementor-container elementor-column-gap-default\">\n\t\t\t\t\t<div class=\"elementor-column elementor-col-50 elementor-inner-column elementor-element elementor-element-4c59c1c\" data-id=\"4c59c1c\" data-element_type=\"column\" data-e-type=\"column\">\n\t\t\t<div class=\"elementor-widget-wrap elementor-element-populated\">\n\t\t\t\t\t\t<div class=\"elementor-element elementor-element-4cb371f elementor-view-default elementor-widget elementor-widget-icon\" data-id=\"4cb371f\" data-element_type=\"widget\" data-e-type=\"widget\" data-widget_type=\"icon.default\">\n\t\t\t\t<div class=\"elementor-widget-container\">\n\t\t\t\t\t\t\t<div class=\"elementor-icon-wrapper\">\n\t\t\t<div class=\"elementor-icon\">\n\t\t\t<i aria-hidden=\"true\" class=\"fab fa-linkedin-in\"><\/i>\t\t\t<\/div>\n\t\t<\/div>\n\t\t\t\t\t\t<\/div>\n\t\t\t\t<\/div>\n\t\t\t\t\t<\/div>\n\t\t<\/div>\n\t\t\t\t<div class=\"elementor-column elementor-col-50 elementor-inner-column elementor-element elementor-element-9ab86d3\" data-id=\"9ab86d3\" data-element_type=\"column\" data-e-type=\"column\">\n\t\t\t<div class=\"elementor-widget-wrap elementor-element-populated\">\n\t\t\t\t\t\t<div class=\"elementor-element elementor-element-fc6d6a5 elementor-widget elementor-widget-heading\" data-id=\"fc6d6a5\" data-element_type=\"widget\" data-e-type=\"widget\" data-widget_type=\"heading.default\">\n\t\t\t\t<div class=\"elementor-widget-container\">\n\t\t\t\t\t<p class=\"elementor-heading-title elementor-size-default\"><a href=\"https:\/\/www.linkedin.com\/in\/vikasmohansharma\/\" target=\"_blank\">https:\/\/www.linkedin.com\/in\/vikasmohansharma\/<\/a><\/p>\t\t\t\t<\/div>\n\t\t\t\t<\/div>\n\t\t\t\t\t<\/div>\n\t\t<\/div>\n\t\t\t\t\t<\/div>\n\t\t<\/section>\n\t\t\t\t\t<\/div>\n\t\t<\/div>\n\t\t\t\t<div class=\"elementor-column elementor-col-66 elementor-top-column elementor-element elementor-element-0ca054d\" data-id=\"0ca054d\" data-element_type=\"column\" data-e-type=\"column\">\n\t\t\t<div class=\"elementor-widget-wrap elementor-element-populated\">\n\t\t\t\t\t\t<div class=\"elementor-element elementor-element-d60ec84 elementor-widget elementor-widget-jet-breadcrumbs\" data-id=\"d60ec84\" data-element_type=\"widget\" data-e-type=\"widget\" data-widget_type=\"jet-breadcrumbs.default\">\n\t\t\t\t<div class=\"elementor-widget-container\">\n\t\t\t\t\t<div class=\"elementor-jet-breadcrumbs jet-blocks\">\n\t\t<div class=\"jet-breadcrumbs\">\n\t\t<div class=\"jet-breadcrumbs__content\">\n\t\t<div class=\"jet-breadcrumbs__wrap\"><div class=\"jet-breadcrumbs__item\"><a href=\"https:\/\/www.neuraxpharm.com\/pl\/\" class=\"jet-breadcrumbs__item-link is-home\" rel=\"home\" title=\"Neuraxpharm\">Neuraxpharm<\/a><\/div>\n\t\t<\/div>\n\t\t<\/div>\n\t\t<\/div><\/div>\t\t\t\t<\/div>\n\t\t\t\t<\/div>\n\t\t\t\t<div class=\"elementor-element elementor-element-f5fbf85 elementor-widget elementor-widget-heading\" data-id=\"f5fbf85\" data-element_type=\"widget\" data-e-type=\"widget\" data-widget_type=\"heading.default\">\n\t\t\t\t<div class=\"elementor-widget-container\">\n\t\t\t\t\t<h1 class=\"elementor-heading-title elementor-size-default\">VIKAS MOHAN SHARMA<\/h1>\t\t\t\t<\/div>\n\t\t\t\t<\/div>\n\t\t\t\t<div class=\"elementor-element elementor-element-52966ce elementor-widget elementor-widget-text-editor\" data-id=\"52966ce\" data-element_type=\"widget\" data-e-type=\"widget\" data-widget_type=\"text-editor.default\">\n\t\t\t\t<div class=\"elementor-widget-container\">\n\t\t\t\t\t\t\t\t\t<p>Vikas jest liderem w bran\u017cy z ponad 25-letnim do\u015bwiadczeniem w opiece zdrowotnej i badaniach klinicznych, kieruj\u0105c wysokiej jako\u015bci klinicznymi i medycznymi zespo\u0142ami naukowymi w wielu obszarach terapeutycznych, w celu osi\u0105gni\u0119cia udanych etap\u00f3w rozwoju i program\u00f3w w du\u017cych firmach farmaceutycznych i Organizacjach Bada\u0144 Klinicznych (CRO).<\/p><p>Zajmowa\u0142 stanowiska Dyrektora Medycznego w Quintiles w Indiach (p\u00f3\u017aniej znanej jako IQVIA) oraz Globalnego Dyrektora Medycyny zajmuj\u0105cego si\u0119 OUN, leczeniem siatk\u00f3wki i obszarami wschodz\u0105cymi w Boehringer Ingelheim. Do\u0142\u0105czy\u0142 do Neuraxpharm z Fortrea GmBH, gdzie by\u0142 Globalnym Dyrektorem ds. Neurobiologii i Okulistyki. Vikas uzyska\u0142 tytu\u0142 licencjata w dziedzinie medycyny og\u00f3lnej w SMS Medical College Jaipur, tytu\u0142 doktora psychiatrii w Seth Gordhandas Sunderdas Medical College (GSMC) i Szpitalu King Edward Memorial (KEM) w Bombaju oraz certyfikat zarz\u0105dzania w zakresie rozwoju biznesu poprzez innowacje we Frankfurckiej Szkole Finans\u00f3w i Zarz\u0105dzania.<\/p><p>Vikas jest uznawany za kluczowego lidera w badaniach klinicznych nad OUN. Pracuje jako niezale\u017cny ekspert ds. etyki w presti\u017cowej Europejskiej Radzie ds. Bada\u0144 Naukowych i przewodniczy wielu bran\u017cowym i globalnym inicjatywom w dziedzinie cyfrowych biomaker\u00f3w, metodologii bada\u0144 OUN i precyzyjnego zarz\u0105dzania zdrowiem psychicznym.<\/p>\t\t\t\t\t\t\t\t<\/div>\n\t\t\t\t<\/div>\n\t\t\t\t\t<\/div>\n\t\t<\/div>\n\t\t\t\t\t<\/div>\n\t\t<\/section>\n\t\t\t\t<\/div>\n\t\t","protected":false},"excerpt":{"rendered":"<p>https:\/\/www.linkedin.com\/in\/vikasmohansharma\/ Neuraxpharm VIKAS MOHAN SHARMA Vikas jest liderem w bran\u017cy z ponad 25-letnim do\u015bwiadczeniem w opiece zdrowotnej i badaniach klinicznych, kieruj\u0105c wysokiej jako\u015bci klinicznymi i medycznymi zespo\u0142ami naukowymi w wielu obszarach terapeutycznych, w celu osi\u0105gni\u0119cia udanych etap\u00f3w rozwoju i program\u00f3w w du\u017cych firmach farmaceutycznych i Organizacjach Bada\u0144 Klinicznych (CRO). Zajmowa\u0142 stanowiska Dyrektora Medycznego w Quintiles [&hellip;]<\/p>\n","protected":false},"author":2493,"featured_media":0,"parent":1998,"menu_order":0,"comment_status":"closed","ping_status":"closed","template":"elementor_header_footer","meta":{"_acf_changed":false,"footnotes":""},"class_list":["post-29279","page","type-page","status-publish","hentry"],"yoast_head":"<!-- This site is optimized with the Yoast SEO Premium plugin v27.2 (Yoast SEO v27.2) - https:\/\/yoast.com\/product\/yoast-seo-premium-wordpress\/ -->\n<title>VIKAS MOHAN SHARMA - Neuraxpharm PL<\/title>\n<meta name=\"robots\" content=\"index, follow, max-snippet:-1, max-image-preview:large, max-video-preview:-1\" \/>\n<link rel=\"canonical\" href=\"https:\/\/www.neuraxpharm.com\/pl\/o-nas\/komitet-wykonawczy\/vikas-mohan-sharma\" \/>\n<meta property=\"og:locale\" content=\"pl_PL\" \/>\n<meta property=\"og:type\" content=\"article\" \/>\n<meta property=\"og:title\" content=\"VIKAS MOHAN SHARMA\" \/>\n<meta property=\"og:description\" content=\"https:\/\/www.linkedin.com\/in\/vikasmohansharma\/ Neuraxpharm VIKAS MOHAN SHARMA Vikas jest liderem w bran\u017cy z ponad 25-letnim do\u015bwiadczeniem w opiece zdrowotnej i badaniach klinicznych, kieruj\u0105c wysokiej jako\u015bci klinicznymi i medycznymi zespo\u0142ami naukowymi w wielu obszarach terapeutycznych, w celu osi\u0105gni\u0119cia udanych etap\u00f3w rozwoju i program\u00f3w w du\u017cych firmach farmaceutycznych i Organizacjach Bada\u0144 Klinicznych (CRO). Zajmowa\u0142 stanowiska Dyrektora Medycznego w Quintiles [&hellip;]\" \/>\n<meta property=\"og:url\" content=\"https:\/\/www.neuraxpharm.com\/pl\/o-nas\/komitet-wykonawczy\/vikas-mohan-sharma\" \/>\n<meta property=\"og:site_name\" content=\"Neuraxpharm PL\" \/>\n<meta property=\"article:modified_time\" content=\"2025-11-24T11:40:16+00:00\" \/>\n<meta property=\"og:image\" content=\"https:\/\/www.neuraxpharm.com\/pl\/wp-content\/uploads\/sites\/18\/2021\/03\/vikas-mohan-sharma-1.png\" \/>\n<meta name=\"twitter:card\" content=\"summary_large_image\" \/>\n<meta name=\"twitter:label1\" content=\"Szacowany czas czytania\" \/>\n\t<meta name=\"twitter:data1\" content=\"2 minuty\" \/>\n<script type=\"application\/ld+json\" class=\"yoast-schema-graph\">{\"@context\":\"https:\/\/schema.org\",\"@graph\":[{\"@type\":\"WebPage\",\"@id\":\"https:\/\/www.neuraxpharm.com\/pl\/o-nas\/komitet-wykonawczy\/vikas-mohan-sharma\",\"url\":\"https:\/\/www.neuraxpharm.com\/pl\/o-nas\/komitet-wykonawczy\/vikas-mohan-sharma\",\"name\":\"VIKAS MOHAN SHARMA - Neuraxpharm PL\",\"isPartOf\":{\"@id\":\"https:\/\/www.neuraxpharm.com\/pl\/#website\"},\"primaryImageOfPage\":{\"@id\":\"https:\/\/www.neuraxpharm.com\/pl\/o-nas\/komitet-wykonawczy\/vikas-mohan-sharma#primaryimage\"},\"image\":{\"@id\":\"https:\/\/www.neuraxpharm.com\/pl\/o-nas\/komitet-wykonawczy\/vikas-mohan-sharma#primaryimage\"},\"thumbnailUrl\":\"https:\/\/www.neuraxpharm.com\/pl\/wp-content\/uploads\/sites\/18\/2021\/03\/vikas-mohan-sharma-1.png\",\"datePublished\":\"2025-11-24T11:39:09+00:00\",\"dateModified\":\"2025-11-24T11:40:16+00:00\",\"breadcrumb\":{\"@id\":\"https:\/\/www.neuraxpharm.com\/pl\/o-nas\/komitet-wykonawczy\/vikas-mohan-sharma#breadcrumb\"},\"inLanguage\":\"pl-PL\",\"potentialAction\":[{\"@type\":\"ReadAction\",\"target\":[\"https:\/\/www.neuraxpharm.com\/pl\/o-nas\/komitet-wykonawczy\/vikas-mohan-sharma\"]}]},{\"@type\":\"ImageObject\",\"inLanguage\":\"pl-PL\",\"@id\":\"https:\/\/www.neuraxpharm.com\/pl\/o-nas\/komitet-wykonawczy\/vikas-mohan-sharma#primaryimage\",\"url\":\"https:\/\/static.neuraxpharm.com\/wp-content\/uploads\/sites\/18\/2021\/03\/24113351\/vikas-mohan-sharma-1.png\",\"contentUrl\":\"https:\/\/static.neuraxpharm.com\/wp-content\/uploads\/sites\/18\/2021\/03\/24113351\/vikas-mohan-sharma-1.png\",\"width\":716,\"height\":700},{\"@type\":\"BreadcrumbList\",\"@id\":\"https:\/\/www.neuraxpharm.com\/pl\/o-nas\/komitet-wykonawczy\/vikas-mohan-sharma#breadcrumb\",\"itemListElement\":[{\"@type\":\"ListItem\",\"position\":1,\"name\":\"O nas\",\"item\":\"https:\/\/www.neuraxpharm.com\/pl\/o-nas\"},{\"@type\":\"ListItem\",\"position\":2,\"name\":\"Komitet Wykonawczy\",\"item\":\"https:\/\/www.neuraxpharm.com\/pl\/o-nas\/komitet-wykonawczy\"},{\"@type\":\"ListItem\",\"position\":3,\"name\":\"VIKAS MOHAN SHARMA\"}]},{\"@type\":\"WebSite\",\"@id\":\"https:\/\/www.neuraxpharm.com\/pl\/#website\",\"url\":\"https:\/\/www.neuraxpharm.com\/pl\/\",\"name\":\"Neuraxpharm PL\",\"description\":\"Ein europ\u00e4ischer Marktf\u00fchrer f\u00fcr CNS-Produkte\",\"potentialAction\":[{\"@type\":\"SearchAction\",\"target\":{\"@type\":\"EntryPoint\",\"urlTemplate\":\"https:\/\/www.neuraxpharm.com\/pl\/?s={search_term_string}\"},\"query-input\":{\"@type\":\"PropertyValueSpecification\",\"valueRequired\":true,\"valueName\":\"search_term_string\"}}],\"inLanguage\":\"pl-PL\"}]}<\/script>\n<!-- \/ Yoast SEO Premium plugin. -->","yoast_head_json":{"title":"VIKAS MOHAN SHARMA - Neuraxpharm PL","robots":{"index":"index","follow":"follow","max-snippet":"max-snippet:-1","max-image-preview":"max-image-preview:large","max-video-preview":"max-video-preview:-1"},"canonical":"https:\/\/www.neuraxpharm.com\/pl\/o-nas\/komitet-wykonawczy\/vikas-mohan-sharma","og_locale":"pl_PL","og_type":"article","og_title":"VIKAS MOHAN SHARMA","og_description":"https:\/\/www.linkedin.com\/in\/vikasmohansharma\/ Neuraxpharm VIKAS MOHAN SHARMA Vikas jest liderem w bran\u017cy z ponad 25-letnim do\u015bwiadczeniem w opiece zdrowotnej i badaniach klinicznych, kieruj\u0105c wysokiej jako\u015bci klinicznymi i medycznymi zespo\u0142ami naukowymi w wielu obszarach terapeutycznych, w celu osi\u0105gni\u0119cia udanych etap\u00f3w rozwoju i program\u00f3w w du\u017cych firmach farmaceutycznych i Organizacjach Bada\u0144 Klinicznych (CRO). Zajmowa\u0142 stanowiska Dyrektora Medycznego w Quintiles [&hellip;]","og_url":"https:\/\/www.neuraxpharm.com\/pl\/o-nas\/komitet-wykonawczy\/vikas-mohan-sharma","og_site_name":"Neuraxpharm PL","article_modified_time":"2025-11-24T11:40:16+00:00","og_image":[{"url":"https:\/\/www.neuraxpharm.com\/pl\/wp-content\/uploads\/sites\/18\/2021\/03\/vikas-mohan-sharma-1.png","type":"","width":"","height":""}],"twitter_card":"summary_large_image","twitter_misc":{"Szacowany czas czytania":"2 minuty"},"schema":{"@context":"https:\/\/schema.org","@graph":[{"@type":"WebPage","@id":"https:\/\/www.neuraxpharm.com\/pl\/o-nas\/komitet-wykonawczy\/vikas-mohan-sharma","url":"https:\/\/www.neuraxpharm.com\/pl\/o-nas\/komitet-wykonawczy\/vikas-mohan-sharma","name":"VIKAS MOHAN SHARMA - Neuraxpharm PL","isPartOf":{"@id":"https:\/\/www.neuraxpharm.com\/pl\/#website"},"primaryImageOfPage":{"@id":"https:\/\/www.neuraxpharm.com\/pl\/o-nas\/komitet-wykonawczy\/vikas-mohan-sharma#primaryimage"},"image":{"@id":"https:\/\/www.neuraxpharm.com\/pl\/o-nas\/komitet-wykonawczy\/vikas-mohan-sharma#primaryimage"},"thumbnailUrl":"https:\/\/www.neuraxpharm.com\/pl\/wp-content\/uploads\/sites\/18\/2021\/03\/vikas-mohan-sharma-1.png","datePublished":"2025-11-24T11:39:09+00:00","dateModified":"2025-11-24T11:40:16+00:00","breadcrumb":{"@id":"https:\/\/www.neuraxpharm.com\/pl\/o-nas\/komitet-wykonawczy\/vikas-mohan-sharma#breadcrumb"},"inLanguage":"pl-PL","potentialAction":[{"@type":"ReadAction","target":["https:\/\/www.neuraxpharm.com\/pl\/o-nas\/komitet-wykonawczy\/vikas-mohan-sharma"]}]},{"@type":"ImageObject","inLanguage":"pl-PL","@id":"https:\/\/www.neuraxpharm.com\/pl\/o-nas\/komitet-wykonawczy\/vikas-mohan-sharma#primaryimage","url":"https:\/\/static.neuraxpharm.com\/wp-content\/uploads\/sites\/18\/2021\/03\/24113351\/vikas-mohan-sharma-1.png","contentUrl":"https:\/\/static.neuraxpharm.com\/wp-content\/uploads\/sites\/18\/2021\/03\/24113351\/vikas-mohan-sharma-1.png","width":716,"height":700},{"@type":"BreadcrumbList","@id":"https:\/\/www.neuraxpharm.com\/pl\/o-nas\/komitet-wykonawczy\/vikas-mohan-sharma#breadcrumb","itemListElement":[{"@type":"ListItem","position":1,"name":"O nas","item":"https:\/\/www.neuraxpharm.com\/pl\/o-nas"},{"@type":"ListItem","position":2,"name":"Komitet Wykonawczy","item":"https:\/\/www.neuraxpharm.com\/pl\/o-nas\/komitet-wykonawczy"},{"@type":"ListItem","position":3,"name":"VIKAS MOHAN SHARMA"}]},{"@type":"WebSite","@id":"https:\/\/www.neuraxpharm.com\/pl\/#website","url":"https:\/\/www.neuraxpharm.com\/pl\/","name":"Neuraxpharm PL","description":"Ein europ\u00e4ischer Marktf\u00fchrer f\u00fcr CNS-Produkte","potentialAction":[{"@type":"SearchAction","target":{"@type":"EntryPoint","urlTemplate":"https:\/\/www.neuraxpharm.com\/pl\/?s={search_term_string}"},"query-input":{"@type":"PropertyValueSpecification","valueRequired":true,"valueName":"search_term_string"}}],"inLanguage":"pl-PL"}]}},"acf":[],"_links":{"self":[{"href":"https:\/\/www.neuraxpharm.com\/pl\/wp-json\/wp\/v2\/pages\/29279","targetHints":{"allow":["GET"]}}],"collection":[{"href":"https:\/\/www.neuraxpharm.com\/pl\/wp-json\/wp\/v2\/pages"}],"about":[{"href":"https:\/\/www.neuraxpharm.com\/pl\/wp-json\/wp\/v2\/types\/page"}],"author":[{"embeddable":true,"href":"https:\/\/www.neuraxpharm.com\/pl\/wp-json\/wp\/v2\/users\/2493"}],"replies":[{"embeddable":true,"href":"https:\/\/www.neuraxpharm.com\/pl\/wp-json\/wp\/v2\/comments?post=29279"}],"version-history":[{"count":4,"href":"https:\/\/www.neuraxpharm.com\/pl\/wp-json\/wp\/v2\/pages\/29279\/revisions"}],"predecessor-version":[{"id":29284,"href":"https:\/\/www.neuraxpharm.com\/pl\/wp-json\/wp\/v2\/pages\/29279\/revisions\/29284"}],"up":[{"embeddable":true,"href":"https:\/\/www.neuraxpharm.com\/pl\/wp-json\/wp\/v2\/pages\/1998"}],"wp:attachment":[{"href":"https:\/\/www.neuraxpharm.com\/pl\/wp-json\/wp\/v2\/media?parent=29279"}],"curies":[{"name":"wp","href":"https:\/\/api.w.org\/{rel}","templated":true}]}}