{"id":28564,"date":"2023-01-31T09:42:24","date_gmt":"2023-01-31T09:42:24","guid":{"rendered":"https:\/\/www.neuraxpharm.com\/pl\/?page_id=28564"},"modified":"2025-11-24T11:48:38","modified_gmt":"2025-11-24T11:48:38","slug":"charles-morris","status":"publish","type":"page","link":"https:\/\/www.neuraxpharm.com\/pl\/o-nas\/komitet-wykonawczy\/charles-morris","title":{"rendered":"CHARLES MORRIS"},"content":{"rendered":"\t\t<div data-elementor-type=\"wp-page\" data-elementor-id=\"28564\" class=\"elementor elementor-28564\" data-elementor-post-type=\"page\">\n\t\t\t\t\t\t<section class=\"elementor-section elementor-top-section elementor-element elementor-element-14a5d4f7 elementor-section-boxed elementor-section-height-default elementor-section-height-default\" data-id=\"14a5d4f7\" data-element_type=\"section\" data-e-type=\"section\" data-settings=\"{&quot;jet_parallax_layout_list&quot;:[{&quot;_id&quot;:&quot;f02b98c&quot;,&quot;jet_parallax_layout_image&quot;:{&quot;url&quot;:&quot;&quot;,&quot;id&quot;:&quot;&quot;,&quot;size&quot;:&quot;&quot;},&quot;jet_parallax_layout_image_tablet&quot;:{&quot;url&quot;:&quot;&quot;,&quot;id&quot;:&quot;&quot;,&quot;size&quot;:&quot;&quot;},&quot;jet_parallax_layout_image_mobile&quot;:{&quot;url&quot;:&quot;&quot;,&quot;id&quot;:&quot;&quot;,&quot;size&quot;:&quot;&quot;},&quot;jet_parallax_layout_speed&quot;:{&quot;unit&quot;:&quot;%&quot;,&quot;size&quot;:50,&quot;sizes&quot;:[]},&quot;jet_parallax_layout_type&quot;:&quot;scroll&quot;,&quot;jet_parallax_layout_direction&quot;:&quot;1&quot;,&quot;jet_parallax_layout_fx_direction&quot;:null,&quot;jet_parallax_layout_z_index&quot;:&quot;&quot;,&quot;jet_parallax_layout_bg_x&quot;:50,&quot;jet_parallax_layout_bg_x_tablet&quot;:&quot;&quot;,&quot;jet_parallax_layout_bg_x_mobile&quot;:&quot;&quot;,&quot;jet_parallax_layout_bg_y&quot;:50,&quot;jet_parallax_layout_bg_y_tablet&quot;:&quot;&quot;,&quot;jet_parallax_layout_bg_y_mobile&quot;:&quot;&quot;,&quot;jet_parallax_layout_bg_size&quot;:&quot;auto&quot;,&quot;jet_parallax_layout_bg_size_tablet&quot;:&quot;&quot;,&quot;jet_parallax_layout_bg_size_mobile&quot;:&quot;&quot;,&quot;jet_parallax_layout_animation_prop&quot;:&quot;transform&quot;,&quot;jet_parallax_layout_on&quot;:[&quot;desktop&quot;,&quot;tablet&quot;]}]}\">\n\t\t\t\t\t\t<div class=\"elementor-container elementor-column-gap-default\">\n\t\t\t\t\t<div class=\"elementor-column elementor-col-33 elementor-top-column elementor-element elementor-element-58cc3fe5\" data-id=\"58cc3fe5\" data-element_type=\"column\" data-e-type=\"column\">\n\t\t\t<div class=\"elementor-widget-wrap elementor-element-populated\">\n\t\t\t\t\t\t<div class=\"elementor-element elementor-element-67396794 elementor-widget elementor-widget-image\" data-id=\"67396794\" data-element_type=\"widget\" data-e-type=\"widget\" data-widget_type=\"image.default\">\n\t\t\t\t<div class=\"elementor-widget-container\">\n\t\t\t\t\t\t\t\t\t\t\t\t\t\t\t<img fetchpriority=\"high\" decoding=\"async\" width=\"716\" height=\"700\" src=\"https:\/\/static.neuraxpharm.com\/wp-content\/uploads\/sites\/18\/2023\/03\/27104543\/charles-morris.jpg\" class=\"attachment-full size-full wp-image-28695\" alt=\"\" srcset=\"https:\/\/static.neuraxpharm.com\/wp-content\/uploads\/sites\/18\/2023\/03\/27104543\/charles-morris.jpg 716w, https:\/\/static.neuraxpharm.com\/wp-content\/uploads\/sites\/18\/2023\/03\/27104543\/charles-morris-300x293.jpg 300w, https:\/\/static.neuraxpharm.com\/wp-content\/uploads\/sites\/18\/2023\/03\/27104543\/charles-morris-600x587.jpg 600w\" sizes=\"(max-width: 716px) 100vw, 716px\" \/>\t\t\t\t\t\t\t\t\t\t\t\t\t\t\t<\/div>\n\t\t\t\t<\/div>\n\t\t\t\t<section class=\"elementor-section elementor-inner-section elementor-element elementor-element-246c9bf2 elementor-section-content-top elementor-section-boxed elementor-section-height-default elementor-section-height-default\" data-id=\"246c9bf2\" data-element_type=\"section\" data-e-type=\"section\" data-settings=\"{&quot;jet_parallax_layout_list&quot;:[{&quot;_id&quot;:&quot;5f899ce&quot;,&quot;jet_parallax_layout_image&quot;:{&quot;url&quot;:&quot;&quot;,&quot;id&quot;:&quot;&quot;,&quot;size&quot;:&quot;&quot;},&quot;jet_parallax_layout_image_tablet&quot;:{&quot;url&quot;:&quot;&quot;,&quot;id&quot;:&quot;&quot;,&quot;size&quot;:&quot;&quot;},&quot;jet_parallax_layout_image_mobile&quot;:{&quot;url&quot;:&quot;&quot;,&quot;id&quot;:&quot;&quot;,&quot;size&quot;:&quot;&quot;},&quot;jet_parallax_layout_speed&quot;:{&quot;unit&quot;:&quot;%&quot;,&quot;size&quot;:50,&quot;sizes&quot;:[]},&quot;jet_parallax_layout_type&quot;:&quot;scroll&quot;,&quot;jet_parallax_layout_direction&quot;:&quot;1&quot;,&quot;jet_parallax_layout_fx_direction&quot;:null,&quot;jet_parallax_layout_z_index&quot;:&quot;&quot;,&quot;jet_parallax_layout_bg_x&quot;:50,&quot;jet_parallax_layout_bg_x_tablet&quot;:&quot;&quot;,&quot;jet_parallax_layout_bg_x_mobile&quot;:&quot;&quot;,&quot;jet_parallax_layout_bg_y&quot;:50,&quot;jet_parallax_layout_bg_y_tablet&quot;:&quot;&quot;,&quot;jet_parallax_layout_bg_y_mobile&quot;:&quot;&quot;,&quot;jet_parallax_layout_bg_size&quot;:&quot;auto&quot;,&quot;jet_parallax_layout_bg_size_tablet&quot;:&quot;&quot;,&quot;jet_parallax_layout_bg_size_mobile&quot;:&quot;&quot;,&quot;jet_parallax_layout_animation_prop&quot;:&quot;transform&quot;,&quot;jet_parallax_layout_on&quot;:[&quot;desktop&quot;,&quot;tablet&quot;]}]}\">\n\t\t\t\t\t\t<div class=\"elementor-container elementor-column-gap-default\">\n\t\t\t\t\t<div class=\"elementor-column elementor-col-50 elementor-inner-column elementor-element elementor-element-1897fbd9\" data-id=\"1897fbd9\" data-element_type=\"column\" data-e-type=\"column\">\n\t\t\t<div class=\"elementor-widget-wrap elementor-element-populated\">\n\t\t\t\t\t\t<div class=\"elementor-element elementor-element-51612542 elementor-view-default elementor-widget elementor-widget-icon\" data-id=\"51612542\" data-element_type=\"widget\" data-e-type=\"widget\" data-widget_type=\"icon.default\">\n\t\t\t\t<div class=\"elementor-widget-container\">\n\t\t\t\t\t\t\t<div class=\"elementor-icon-wrapper\">\n\t\t\t<div class=\"elementor-icon\">\n\t\t\t<i aria-hidden=\"true\" class=\"fab fa-linkedin-in\"><\/i>\t\t\t<\/div>\n\t\t<\/div>\n\t\t\t\t\t\t<\/div>\n\t\t\t\t<\/div>\n\t\t\t\t\t<\/div>\n\t\t<\/div>\n\t\t\t\t<div class=\"elementor-column elementor-col-50 elementor-inner-column elementor-element elementor-element-40f8ceeb\" data-id=\"40f8ceeb\" data-element_type=\"column\" data-e-type=\"column\">\n\t\t\t<div class=\"elementor-widget-wrap elementor-element-populated\">\n\t\t\t\t\t\t<div class=\"elementor-element elementor-element-32c33e74 elementor-widget elementor-widget-heading\" data-id=\"32c33e74\" data-element_type=\"widget\" data-e-type=\"widget\" data-widget_type=\"heading.default\">\n\t\t\t\t<div class=\"elementor-widget-container\">\n\t\t\t\t\t<p class=\"elementor-heading-title elementor-size-default\"><a href=\"https:\/\/www.linkedin.com\/in\/charles-morris-35b52035\/\" target=\"_blank\">https:\/\/www.linkedin.com\/in\/charles-morris-35b52035\/<\/a><\/p>\t\t\t\t<\/div>\n\t\t\t\t<\/div>\n\t\t\t\t\t<\/div>\n\t\t<\/div>\n\t\t\t\t\t<\/div>\n\t\t<\/section>\n\t\t\t\t\t<\/div>\n\t\t<\/div>\n\t\t\t\t<div class=\"elementor-column elementor-col-66 elementor-top-column elementor-element elementor-element-2f117222\" data-id=\"2f117222\" data-element_type=\"column\" data-e-type=\"column\">\n\t\t\t<div class=\"elementor-widget-wrap elementor-element-populated\">\n\t\t\t\t\t\t<div class=\"elementor-element elementor-element-2f37637c elementor-widget elementor-widget-jet-breadcrumbs\" data-id=\"2f37637c\" data-element_type=\"widget\" data-e-type=\"widget\" data-widget_type=\"jet-breadcrumbs.default\">\n\t\t\t\t<div class=\"elementor-widget-container\">\n\t\t\t\t\t<div class=\"elementor-jet-breadcrumbs jet-blocks\">\n\t\t<div class=\"jet-breadcrumbs\">\n\t\t<div class=\"jet-breadcrumbs__content\">\n\t\t<div class=\"jet-breadcrumbs__wrap\"><div class=\"jet-breadcrumbs__item\"><a href=\"https:\/\/www.neuraxpharm.com\/pl\/\" class=\"jet-breadcrumbs__item-link is-home\" rel=\"home\" title=\"Neuraxpharm\">Neuraxpharm<\/a><\/div>\n\t\t<\/div>\n\t\t<\/div>\n\t\t<\/div><\/div>\t\t\t\t<\/div>\n\t\t\t\t<\/div>\n\t\t\t\t<div class=\"elementor-element elementor-element-2bc83c33 elementor-widget elementor-widget-heading\" data-id=\"2bc83c33\" data-element_type=\"widget\" data-e-type=\"widget\" data-widget_type=\"heading.default\">\n\t\t\t\t<div class=\"elementor-widget-container\">\n\t\t\t\t\t<h1 class=\"elementor-heading-title elementor-size-default\">Charles Morris<\/h1>\t\t\t\t<\/div>\n\t\t\t\t<\/div>\n\t\t\t\t<div class=\"elementor-element elementor-element-2aec618a elementor-widget elementor-widget-text-editor\" data-id=\"2aec618a\" data-element_type=\"widget\" data-e-type=\"widget\" data-widget_type=\"text-editor.default\">\n\t\t\t\t<div class=\"elementor-widget-container\">\n\t\t\t\t\t\t\t\t\t<p>Charles Morris obj\u0105\u0142 stanowisko Dyrektora ds. Rozwoju Korporacyjnego Neuroxpharm w styczniu 2022 roku. Charles jest do\u015bwiadczonym specjalist\u0105 ds. fuzji i przej\u0119\u0107 z 20-letnim do\u015bwiadczeniem w bankowo\u015bci inwestycyjnej i fuzjach i przej\u0119ciach korporacyjnych w bran\u017cy farmaceutycznej, w<\/p><p>wielu regionach \u015bwiata, w tym w USA, Niemczech i Hiszpanii.<\/p><p>Przed do\u0142\u0105czeniem do Neuraxpharm, Charles by\u0142 Dyrektorem Globalnym ds. Fuzji i przej\u0119\u0107 oraz rozwoju korporacyjnego w Almirall (2019-2021), a wcze\u015bniej Wiceprezesem, Dyrektorem M&amp;A Farmacji, Medycyny Og\u00f3lnej i Zdrowia Zwierz\u0105t w Bayer AG (2010-2019). Wcze\u015bniej Charles pracowa\u0142 w bankowo\u015bci inwestycyjnej i analizach kapita\u0142owych dla Bank of America.<\/p><p>Charles posiada tytu\u0142 MBA uzyskany na Columbia Business School (USA) oraz tytu\u0142 licencjata w dziedzinie ekonomii i nauk politycznych uzyskany na Emory University (USA).<\/p>\t\t\t\t\t\t\t\t<\/div>\n\t\t\t\t<\/div>\n\t\t\t\t\t<\/div>\n\t\t<\/div>\n\t\t\t\t\t<\/div>\n\t\t<\/section>\n\t\t\t\t<section class=\"elementor-section elementor-top-section elementor-element elementor-element-7803fbba elementor-section-boxed elementor-section-height-default elementor-section-height-default\" data-id=\"7803fbba\" data-element_type=\"section\" data-e-type=\"section\" data-settings=\"{&quot;jet_parallax_layout_list&quot;:[{&quot;_id&quot;:&quot;e7d9f21&quot;,&quot;jet_parallax_layout_image&quot;:{&quot;url&quot;:&quot;&quot;,&quot;id&quot;:&quot;&quot;,&quot;size&quot;:&quot;&quot;},&quot;jet_parallax_layout_image_tablet&quot;:{&quot;url&quot;:&quot;&quot;,&quot;id&quot;:&quot;&quot;,&quot;size&quot;:&quot;&quot;},&quot;jet_parallax_layout_image_mobile&quot;:{&quot;url&quot;:&quot;&quot;,&quot;id&quot;:&quot;&quot;,&quot;size&quot;:&quot;&quot;},&quot;jet_parallax_layout_speed&quot;:{&quot;unit&quot;:&quot;%&quot;,&quot;size&quot;:50,&quot;sizes&quot;:[]},&quot;jet_parallax_layout_type&quot;:&quot;scroll&quot;,&quot;jet_parallax_layout_direction&quot;:&quot;1&quot;,&quot;jet_parallax_layout_fx_direction&quot;:null,&quot;jet_parallax_layout_z_index&quot;:&quot;&quot;,&quot;jet_parallax_layout_bg_x&quot;:50,&quot;jet_parallax_layout_bg_x_tablet&quot;:&quot;&quot;,&quot;jet_parallax_layout_bg_x_mobile&quot;:&quot;&quot;,&quot;jet_parallax_layout_bg_y&quot;:50,&quot;jet_parallax_layout_bg_y_tablet&quot;:&quot;&quot;,&quot;jet_parallax_layout_bg_y_mobile&quot;:&quot;&quot;,&quot;jet_parallax_layout_bg_size&quot;:&quot;auto&quot;,&quot;jet_parallax_layout_bg_size_tablet&quot;:&quot;&quot;,&quot;jet_parallax_layout_bg_size_mobile&quot;:&quot;&quot;,&quot;jet_parallax_layout_animation_prop&quot;:&quot;transform&quot;,&quot;jet_parallax_layout_on&quot;:[&quot;desktop&quot;,&quot;tablet&quot;]}]}\">\n\t\t\t\t\t\t<div class=\"elementor-container elementor-column-gap-default\">\n\t\t\t\t\t<div class=\"elementor-column elementor-col-100 elementor-top-column elementor-element elementor-element-50ebb2ba\" data-id=\"50ebb2ba\" data-element_type=\"column\" data-e-type=\"column\">\n\t\t\t<div class=\"elementor-widget-wrap elementor-element-populated\">\n\t\t\t\t\t\t<div class=\"elementor-element elementor-element-41b0f14a elementor-widget elementor-widget-spacer\" data-id=\"41b0f14a\" data-element_type=\"widget\" data-e-type=\"widget\" data-widget_type=\"spacer.default\">\n\t\t\t\t<div class=\"elementor-widget-container\">\n\t\t\t\t\t\t\t<div class=\"elementor-spacer\">\n\t\t\t<div class=\"elementor-spacer-inner\"><\/div>\n\t\t<\/div>\n\t\t\t\t\t\t<\/div>\n\t\t\t\t<\/div>\n\t\t\t\t\t<\/div>\n\t\t<\/div>\n\t\t\t\t\t<\/div>\n\t\t<\/section>\n\t\t\t\t<\/div>\n\t\t","protected":false},"excerpt":{"rendered":"<p>https:\/\/www.linkedin.com\/in\/charles-morris-35b52035\/ Neuraxpharm Charles Morris Charles Morris obj\u0105\u0142 stanowisko Dyrektora ds. Rozwoju Korporacyjnego Neuroxpharm w styczniu 2022 roku. Charles jest do\u015bwiadczonym specjalist\u0105 ds. fuzji i przej\u0119\u0107 z 20-letnim do\u015bwiadczeniem w bankowo\u015bci inwestycyjnej i fuzjach i przej\u0119ciach korporacyjnych w bran\u017cy farmaceutycznej, w wielu regionach \u015bwiata, w tym w USA, Niemczech i Hiszpanii. Przed do\u0142\u0105czeniem do Neuraxpharm, Charles [&hellip;]<\/p>\n","protected":false},"author":2,"featured_media":0,"parent":1998,"menu_order":0,"comment_status":"closed","ping_status":"closed","template":"elementor_header_footer","meta":{"_acf_changed":false,"footnotes":""},"class_list":["post-28564","page","type-page","status-publish","hentry"],"yoast_head":"<!-- This site is optimized with the Yoast SEO Premium plugin v27.2 (Yoast SEO v27.2) - https:\/\/yoast.com\/product\/yoast-seo-premium-wordpress\/ -->\n<title>CHARLES MORRIS - Neuraxpharm PL<\/title>\n<meta name=\"robots\" content=\"index, follow, max-snippet:-1, max-image-preview:large, max-video-preview:-1\" \/>\n<link rel=\"canonical\" href=\"https:\/\/www.neuraxpharm.com\/pl\/o-nas\/komitet-wykonawczy\/charles-morris\" \/>\n<meta property=\"og:locale\" content=\"pl_PL\" \/>\n<meta property=\"og:type\" content=\"article\" \/>\n<meta property=\"og:title\" content=\"CHARLES MORRIS\" \/>\n<meta property=\"og:description\" content=\"https:\/\/www.linkedin.com\/in\/charles-morris-35b52035\/ Neuraxpharm Charles Morris Charles Morris obj\u0105\u0142 stanowisko Dyrektora ds. Rozwoju Korporacyjnego Neuroxpharm w styczniu 2022 roku. Charles jest do\u015bwiadczonym specjalist\u0105 ds. fuzji i przej\u0119\u0107 z 20-letnim do\u015bwiadczeniem w bankowo\u015bci inwestycyjnej i fuzjach i przej\u0119ciach korporacyjnych w bran\u017cy farmaceutycznej, w wielu regionach \u015bwiata, w tym w USA, Niemczech i Hiszpanii. Przed do\u0142\u0105czeniem do Neuraxpharm, Charles [&hellip;]\" \/>\n<meta property=\"og:url\" content=\"https:\/\/www.neuraxpharm.com\/pl\/o-nas\/komitet-wykonawczy\/charles-morris\" \/>\n<meta property=\"og:site_name\" content=\"Neuraxpharm PL\" \/>\n<meta property=\"article:modified_time\" content=\"2025-11-24T11:48:38+00:00\" \/>\n<meta property=\"og:image\" content=\"https:\/\/www.neuraxpharm.com\/pl\/wp-content\/uploads\/sites\/18\/2023\/03\/charles-morris.jpg\" \/>\n<meta name=\"twitter:card\" content=\"summary_large_image\" \/>\n<meta name=\"twitter:label1\" content=\"Szacowany czas czytania\" \/>\n\t<meta name=\"twitter:data1\" content=\"1 minuta\" \/>\n<script type=\"application\/ld+json\" class=\"yoast-schema-graph\">{\"@context\":\"https:\/\/schema.org\",\"@graph\":[{\"@type\":\"WebPage\",\"@id\":\"https:\/\/www.neuraxpharm.com\/pl\/o-nas\/komitet-wykonawczy\/charles-morris\",\"url\":\"https:\/\/www.neuraxpharm.com\/pl\/o-nas\/komitet-wykonawczy\/charles-morris\",\"name\":\"CHARLES MORRIS - Neuraxpharm PL\",\"isPartOf\":{\"@id\":\"https:\/\/www.neuraxpharm.com\/pl\/#website\"},\"primaryImageOfPage\":{\"@id\":\"https:\/\/www.neuraxpharm.com\/pl\/o-nas\/komitet-wykonawczy\/charles-morris#primaryimage\"},\"image\":{\"@id\":\"https:\/\/www.neuraxpharm.com\/pl\/o-nas\/komitet-wykonawczy\/charles-morris#primaryimage\"},\"thumbnailUrl\":\"https:\/\/www.neuraxpharm.com\/pl\/wp-content\/uploads\/sites\/18\/2023\/03\/charles-morris.jpg\",\"datePublished\":\"2023-01-31T09:42:24+00:00\",\"dateModified\":\"2025-11-24T11:48:38+00:00\",\"breadcrumb\":{\"@id\":\"https:\/\/www.neuraxpharm.com\/pl\/o-nas\/komitet-wykonawczy\/charles-morris#breadcrumb\"},\"inLanguage\":\"pl-PL\",\"potentialAction\":[{\"@type\":\"ReadAction\",\"target\":[\"https:\/\/www.neuraxpharm.com\/pl\/o-nas\/komitet-wykonawczy\/charles-morris\"]}]},{\"@type\":\"ImageObject\",\"inLanguage\":\"pl-PL\",\"@id\":\"https:\/\/www.neuraxpharm.com\/pl\/o-nas\/komitet-wykonawczy\/charles-morris#primaryimage\",\"url\":\"https:\/\/static.neuraxpharm.com\/wp-content\/uploads\/sites\/18\/2023\/03\/27104543\/charles-morris.jpg\",\"contentUrl\":\"https:\/\/static.neuraxpharm.com\/wp-content\/uploads\/sites\/18\/2023\/03\/27104543\/charles-morris.jpg\",\"width\":716,\"height\":700},{\"@type\":\"BreadcrumbList\",\"@id\":\"https:\/\/www.neuraxpharm.com\/pl\/o-nas\/komitet-wykonawczy\/charles-morris#breadcrumb\",\"itemListElement\":[{\"@type\":\"ListItem\",\"position\":1,\"name\":\"O nas\",\"item\":\"https:\/\/www.neuraxpharm.com\/pl\/o-nas\"},{\"@type\":\"ListItem\",\"position\":2,\"name\":\"Komitet Wykonawczy\",\"item\":\"https:\/\/www.neuraxpharm.com\/pl\/o-nas\/komitet-wykonawczy\"},{\"@type\":\"ListItem\",\"position\":3,\"name\":\"CHARLES MORRIS\"}]},{\"@type\":\"WebSite\",\"@id\":\"https:\/\/www.neuraxpharm.com\/pl\/#website\",\"url\":\"https:\/\/www.neuraxpharm.com\/pl\/\",\"name\":\"Neuraxpharm PL\",\"description\":\"Ein europ\u00e4ischer Marktf\u00fchrer f\u00fcr CNS-Produkte\",\"potentialAction\":[{\"@type\":\"SearchAction\",\"target\":{\"@type\":\"EntryPoint\",\"urlTemplate\":\"https:\/\/www.neuraxpharm.com\/pl\/?s={search_term_string}\"},\"query-input\":{\"@type\":\"PropertyValueSpecification\",\"valueRequired\":true,\"valueName\":\"search_term_string\"}}],\"inLanguage\":\"pl-PL\"}]}<\/script>\n<!-- \/ Yoast SEO Premium plugin. -->","yoast_head_json":{"title":"CHARLES MORRIS - Neuraxpharm PL","robots":{"index":"index","follow":"follow","max-snippet":"max-snippet:-1","max-image-preview":"max-image-preview:large","max-video-preview":"max-video-preview:-1"},"canonical":"https:\/\/www.neuraxpharm.com\/pl\/o-nas\/komitet-wykonawczy\/charles-morris","og_locale":"pl_PL","og_type":"article","og_title":"CHARLES MORRIS","og_description":"https:\/\/www.linkedin.com\/in\/charles-morris-35b52035\/ Neuraxpharm Charles Morris Charles Morris obj\u0105\u0142 stanowisko Dyrektora ds. Rozwoju Korporacyjnego Neuroxpharm w styczniu 2022 roku. Charles jest do\u015bwiadczonym specjalist\u0105 ds. fuzji i przej\u0119\u0107 z 20-letnim do\u015bwiadczeniem w bankowo\u015bci inwestycyjnej i fuzjach i przej\u0119ciach korporacyjnych w bran\u017cy farmaceutycznej, w wielu regionach \u015bwiata, w tym w USA, Niemczech i Hiszpanii. Przed do\u0142\u0105czeniem do Neuraxpharm, Charles [&hellip;]","og_url":"https:\/\/www.neuraxpharm.com\/pl\/o-nas\/komitet-wykonawczy\/charles-morris","og_site_name":"Neuraxpharm PL","article_modified_time":"2025-11-24T11:48:38+00:00","og_image":[{"url":"https:\/\/www.neuraxpharm.com\/pl\/wp-content\/uploads\/sites\/18\/2023\/03\/charles-morris.jpg","type":"","width":"","height":""}],"twitter_card":"summary_large_image","twitter_misc":{"Szacowany czas czytania":"1 minuta"},"schema":{"@context":"https:\/\/schema.org","@graph":[{"@type":"WebPage","@id":"https:\/\/www.neuraxpharm.com\/pl\/o-nas\/komitet-wykonawczy\/charles-morris","url":"https:\/\/www.neuraxpharm.com\/pl\/o-nas\/komitet-wykonawczy\/charles-morris","name":"CHARLES MORRIS - Neuraxpharm PL","isPartOf":{"@id":"https:\/\/www.neuraxpharm.com\/pl\/#website"},"primaryImageOfPage":{"@id":"https:\/\/www.neuraxpharm.com\/pl\/o-nas\/komitet-wykonawczy\/charles-morris#primaryimage"},"image":{"@id":"https:\/\/www.neuraxpharm.com\/pl\/o-nas\/komitet-wykonawczy\/charles-morris#primaryimage"},"thumbnailUrl":"https:\/\/www.neuraxpharm.com\/pl\/wp-content\/uploads\/sites\/18\/2023\/03\/charles-morris.jpg","datePublished":"2023-01-31T09:42:24+00:00","dateModified":"2025-11-24T11:48:38+00:00","breadcrumb":{"@id":"https:\/\/www.neuraxpharm.com\/pl\/o-nas\/komitet-wykonawczy\/charles-morris#breadcrumb"},"inLanguage":"pl-PL","potentialAction":[{"@type":"ReadAction","target":["https:\/\/www.neuraxpharm.com\/pl\/o-nas\/komitet-wykonawczy\/charles-morris"]}]},{"@type":"ImageObject","inLanguage":"pl-PL","@id":"https:\/\/www.neuraxpharm.com\/pl\/o-nas\/komitet-wykonawczy\/charles-morris#primaryimage","url":"https:\/\/static.neuraxpharm.com\/wp-content\/uploads\/sites\/18\/2023\/03\/27104543\/charles-morris.jpg","contentUrl":"https:\/\/static.neuraxpharm.com\/wp-content\/uploads\/sites\/18\/2023\/03\/27104543\/charles-morris.jpg","width":716,"height":700},{"@type":"BreadcrumbList","@id":"https:\/\/www.neuraxpharm.com\/pl\/o-nas\/komitet-wykonawczy\/charles-morris#breadcrumb","itemListElement":[{"@type":"ListItem","position":1,"name":"O nas","item":"https:\/\/www.neuraxpharm.com\/pl\/o-nas"},{"@type":"ListItem","position":2,"name":"Komitet Wykonawczy","item":"https:\/\/www.neuraxpharm.com\/pl\/o-nas\/komitet-wykonawczy"},{"@type":"ListItem","position":3,"name":"CHARLES MORRIS"}]},{"@type":"WebSite","@id":"https:\/\/www.neuraxpharm.com\/pl\/#website","url":"https:\/\/www.neuraxpharm.com\/pl\/","name":"Neuraxpharm PL","description":"Ein europ\u00e4ischer Marktf\u00fchrer f\u00fcr CNS-Produkte","potentialAction":[{"@type":"SearchAction","target":{"@type":"EntryPoint","urlTemplate":"https:\/\/www.neuraxpharm.com\/pl\/?s={search_term_string}"},"query-input":{"@type":"PropertyValueSpecification","valueRequired":true,"valueName":"search_term_string"}}],"inLanguage":"pl-PL"}]}},"acf":[],"_links":{"self":[{"href":"https:\/\/www.neuraxpharm.com\/pl\/wp-json\/wp\/v2\/pages\/28564","targetHints":{"allow":["GET"]}}],"collection":[{"href":"https:\/\/www.neuraxpharm.com\/pl\/wp-json\/wp\/v2\/pages"}],"about":[{"href":"https:\/\/www.neuraxpharm.com\/pl\/wp-json\/wp\/v2\/types\/page"}],"author":[{"embeddable":true,"href":"https:\/\/www.neuraxpharm.com\/pl\/wp-json\/wp\/v2\/users\/2"}],"replies":[{"embeddable":true,"href":"https:\/\/www.neuraxpharm.com\/pl\/wp-json\/wp\/v2\/comments?post=28564"}],"version-history":[{"count":16,"href":"https:\/\/www.neuraxpharm.com\/pl\/wp-json\/wp\/v2\/pages\/28564\/revisions"}],"predecessor-version":[{"id":29312,"href":"https:\/\/www.neuraxpharm.com\/pl\/wp-json\/wp\/v2\/pages\/28564\/revisions\/29312"}],"up":[{"embeddable":true,"href":"https:\/\/www.neuraxpharm.com\/pl\/wp-json\/wp\/v2\/pages\/1998"}],"wp:attachment":[{"href":"https:\/\/www.neuraxpharm.com\/pl\/wp-json\/wp\/v2\/media?parent=28564"}],"curies":[{"name":"wp","href":"https:\/\/api.w.org\/{rel}","templated":true}]}}