{"id":21507,"date":"2021-05-05T12:14:20","date_gmt":"2021-05-05T12:14:20","guid":{"rendered":"https:\/\/www.neuraxpharm.com\/pl\/?page_id=21507"},"modified":"2021-07-02T11:09:26","modified_gmt":"2021-07-02T11:09:26","slug":"signup","status":"publish","type":"page","link":"https:\/\/www.neuraxpharm.com\/pl\/signup","title":{"rendered":"Register Page"},"content":{"rendered":"\t\t<div data-elementor-type=\"wp-page\" data-elementor-id=\"21507\" class=\"elementor elementor-21507\" data-elementor-post-type=\"page\">\n\t\t\t\t\t\t<section class=\"elementor-section elementor-top-section elementor-element elementor-element-fcf58fb elementor-section-boxed elementor-section-height-default elementor-section-height-default\" data-id=\"fcf58fb\" data-element_type=\"section\" data-e-type=\"section\" data-settings=\"{&quot;jet_parallax_layout_list&quot;:[{&quot;jet_parallax_layout_image&quot;:{&quot;url&quot;:&quot;&quot;,&quot;id&quot;:&quot;&quot;,&quot;size&quot;:&quot;&quot;},&quot;_id&quot;:&quot;c1efb2e&quot;,&quot;jet_parallax_layout_image_tablet&quot;:{&quot;url&quot;:&quot;&quot;,&quot;id&quot;:&quot;&quot;,&quot;size&quot;:&quot;&quot;},&quot;jet_parallax_layout_image_mobile&quot;:{&quot;url&quot;:&quot;&quot;,&quot;id&quot;:&quot;&quot;,&quot;size&quot;:&quot;&quot;},&quot;jet_parallax_layout_speed&quot;:{&quot;unit&quot;:&quot;%&quot;,&quot;size&quot;:50,&quot;sizes&quot;:[]},&quot;jet_parallax_layout_type&quot;:&quot;scroll&quot;,&quot;jet_parallax_layout_direction&quot;:&quot;1&quot;,&quot;jet_parallax_layout_fx_direction&quot;:null,&quot;jet_parallax_layout_z_index&quot;:&quot;&quot;,&quot;jet_parallax_layout_bg_x&quot;:50,&quot;jet_parallax_layout_bg_x_tablet&quot;:&quot;&quot;,&quot;jet_parallax_layout_bg_x_mobile&quot;:&quot;&quot;,&quot;jet_parallax_layout_bg_y&quot;:50,&quot;jet_parallax_layout_bg_y_tablet&quot;:&quot;&quot;,&quot;jet_parallax_layout_bg_y_mobile&quot;:&quot;&quot;,&quot;jet_parallax_layout_bg_size&quot;:&quot;auto&quot;,&quot;jet_parallax_layout_bg_size_tablet&quot;:&quot;&quot;,&quot;jet_parallax_layout_bg_size_mobile&quot;:&quot;&quot;,&quot;jet_parallax_layout_animation_prop&quot;:&quot;transform&quot;,&quot;jet_parallax_layout_on&quot;:[&quot;desktop&quot;,&quot;tablet&quot;]}]}\">\n\t\t\t\t\t\t<div class=\"elementor-container elementor-column-gap-default\">\n\t\t\t\t\t<div class=\"elementor-column elementor-col-25 elementor-top-column elementor-element elementor-element-87dd27b\" data-id=\"87dd27b\" data-element_type=\"column\" data-e-type=\"column\">\n\t\t\t<div class=\"elementor-widget-wrap\">\n\t\t\t\t\t\t\t<\/div>\n\t\t<\/div>\n\t\t\t\t<div class=\"elementor-column elementor-col-50 elementor-top-column elementor-element elementor-element-32d9ce1\" data-id=\"32d9ce1\" data-element_type=\"column\" data-e-type=\"column\">\n\t\t\t<div class=\"elementor-widget-wrap elementor-element-populated\">\n\t\t\t\t\t\t<div class=\"elementor-element elementor-element-d6fe49c elementor-widget elementor-widget-heading\" data-id=\"d6fe49c\" data-element_type=\"widget\" data-e-type=\"widget\" data-widget_type=\"heading.default\">\n\t\t\t\t<div class=\"elementor-widget-container\">\n\t\t\t\t\t<h2 class=\"elementor-heading-title elementor-size-default\">Pracownicy ochrony zdrowia<\/h2>\t\t\t\t<\/div>\n\t\t\t\t<\/div>\n\t\t\t\t<div class=\"elementor-element elementor-element-1e0c47f elementor-widget elementor-widget-text-editor\" data-id=\"1e0c47f\" data-element_type=\"widget\" data-e-type=\"widget\" data-widget_type=\"text-editor.default\">\n\t\t\t\t<div class=\"elementor-widget-container\">\n\t\t\t\t\t\t\t\t\t<p>Dost\u0119p do ca\u0142ego portfolio firmy, wydarze\u0144, kapsu\u0142 szkoleniowych i wielu innych<\/p>\t\t\t\t\t\t\t\t<\/div>\n\t\t\t\t<\/div>\n\t\t\t\t<div class=\"elementor-element elementor-element-100d23b elementor-widget elementor-widget-shortcode\" data-id=\"100d23b\" data-element_type=\"widget\" data-e-type=\"widget\" data-widget_type=\"shortcode.default\">\n\t\t\t\t<div class=\"elementor-widget-container\">\n\t\t\t\t\t \n        \n        <form class=\"formulario_registro\" method = \"post\">\n            <div class=\"col-r\">\n                <div class=\"col-m\">\n                    <label for=\"\">Imi\u0119<\/label>\n                    <input type=\"text\" name=\"first_name\" required>\n                <\/div>\n                <div class=\"col-m\">\n                    <label for=\"\">Nazwisko<\/label>\n                    <input type=\"text\" name=\"last_name\" required>\t\t\t\n                <\/div>\n            <\/div>\n            <div class=\"col-rl\">\n                <label for=\"\">E-mail<\/label>\n                <input type=\"email\" name=\"email\" required>\n            <\/div>\n            <div class=\"col-rl\">\n                <label for=\"\">Has\u0142o<\/label>\n                <input type=\"password\" name=\"password\" required>\n            <\/div>\n            <div class=\"col-rl\">\n                <label for=\"\">Telefon<\/label>\n                <input type=\"text\" name=\"telefono\" required>\n            <\/div>\n            <div class=\"col-rl\"  >\n                <label for=\"\">Numer Prawa Wykonywania Zawodu PWZ<\/label>\n                <input type=\"text\" name=\"numero_colegiado\"  required >\n            <\/div>\n                        <div class=\"col-rl\">\n                <label for=\"\">Typ u\u017cytkownika<\/label>\n                <select name=\"tipo_usuario\" id=\"tipo_usuario\" required>\n                    <option value=\"pharmacists\">Farmaceuta<\/option>\n                    <option value=\"physicians\">Lekarz<\/option>\n                                    <\/select> \n            <\/div>\n                        <div class=\"col-rl privacy_policy\">\n                <input type=\"checkbox\" name=\"privacy_policy\" value=\"true\" id=\"privacy_policy\"  required \/> \n                Twoje dane kontaktowe b\u0119d\u0105 przetwarzane przez Neuraxpharm w celu przes\u0142ania Ci naszego najnowszego\n                nowo\u015bci i promocje. Dowiedz si\u0119 wi\u0119cej o naszej Polityce prywatno\u015bci.*            <\/div>\n            <div class=\"col-rl\">\n                \n                <input type=\"hidden\" name=\"recaptcha_response\" id=\"recaptchaResponse\">\n                <input type=\"submit\" name=\"gg\" class=\"btn-enviar\" value=\"Zatwierd\u017a\">\n            <\/div>        \n        <\/form>\n        \t\t<div class=\"elementor-shortcode\"><\/div>\n\t\t\t\t\t\t<\/div>\n\t\t\t\t<\/div>\n\t\t\t\t\t<\/div>\n\t\t<\/div>\n\t\t\t\t<div class=\"elementor-column elementor-col-25 elementor-top-column elementor-element elementor-element-69d6110\" data-id=\"69d6110\" data-element_type=\"column\" data-e-type=\"column\">\n\t\t\t<div class=\"elementor-widget-wrap\">\n\t\t\t\t\t\t\t<\/div>\n\t\t<\/div>\n\t\t\t\t\t<\/div>\n\t\t<\/section>\n\t\t\t\t<section class=\"elementor-section elementor-top-section elementor-element elementor-element-0dac9ca elementor-section-boxed elementor-section-height-default elementor-section-height-default\" data-id=\"0dac9ca\" data-element_type=\"section\" data-e-type=\"section\" data-settings=\"{&quot;jet_parallax_layout_list&quot;:[{&quot;jet_parallax_layout_image&quot;:{&quot;url&quot;:&quot;&quot;,&quot;id&quot;:&quot;&quot;,&quot;size&quot;:&quot;&quot;},&quot;_id&quot;:&quot;4ea2070&quot;,&quot;jet_parallax_layout_image_tablet&quot;:{&quot;url&quot;:&quot;&quot;,&quot;id&quot;:&quot;&quot;,&quot;size&quot;:&quot;&quot;},&quot;jet_parallax_layout_image_mobile&quot;:{&quot;url&quot;:&quot;&quot;,&quot;id&quot;:&quot;&quot;,&quot;size&quot;:&quot;&quot;},&quot;jet_parallax_layout_speed&quot;:{&quot;unit&quot;:&quot;%&quot;,&quot;size&quot;:50,&quot;sizes&quot;:[]},&quot;jet_parallax_layout_type&quot;:&quot;scroll&quot;,&quot;jet_parallax_layout_direction&quot;:&quot;1&quot;,&quot;jet_parallax_layout_fx_direction&quot;:null,&quot;jet_parallax_layout_z_index&quot;:&quot;&quot;,&quot;jet_parallax_layout_bg_x&quot;:50,&quot;jet_parallax_layout_bg_x_tablet&quot;:&quot;&quot;,&quot;jet_parallax_layout_bg_x_mobile&quot;:&quot;&quot;,&quot;jet_parallax_layout_bg_y&quot;:50,&quot;jet_parallax_layout_bg_y_tablet&quot;:&quot;&quot;,&quot;jet_parallax_layout_bg_y_mobile&quot;:&quot;&quot;,&quot;jet_parallax_layout_bg_size&quot;:&quot;auto&quot;,&quot;jet_parallax_layout_bg_size_tablet&quot;:&quot;&quot;,&quot;jet_parallax_layout_bg_size_mobile&quot;:&quot;&quot;,&quot;jet_parallax_layout_animation_prop&quot;:&quot;transform&quot;,&quot;jet_parallax_layout_on&quot;:[&quot;desktop&quot;,&quot;tablet&quot;]}]}\">\n\t\t\t\t\t\t<div class=\"elementor-container elementor-column-gap-default\">\n\t\t\t\t\t<div class=\"elementor-column elementor-col-100 elementor-top-column elementor-element elementor-element-a5c48bc\" data-id=\"a5c48bc\" data-element_type=\"column\" data-e-type=\"column\">\n\t\t\t<div class=\"elementor-widget-wrap elementor-element-populated\">\n\t\t\t\t\t\t<div class=\"elementor-element elementor-element-2f03290 elementor-widget__width-auto elementor-widget elementor-widget-text-editor\" data-id=\"2f03290\" data-element_type=\"widget\" data-e-type=\"widget\" data-widget_type=\"text-editor.default\">\n\t\t\t\t<div class=\"elementor-widget-container\">\n\t\t\t\t\t\t\t\t\t<p>Czy masz konto?<\/p>\t\t\t\t\t\t\t\t<\/div>\n\t\t\t\t<\/div>\n\t\t\t\t<div class=\"elementor-element elementor-element-c831c27 elementor-widget__width-auto elementor-widget elementor-widget-heading\" data-id=\"c831c27\" data-element_type=\"widget\" data-e-type=\"widget\" data-widget_type=\"heading.default\">\n\t\t\t\t<div class=\"elementor-widget-container\">\n\t\t\t\t\t<p class=\"elementor-heading-title elementor-size-default\"><a href=\"https:\/\/www.neuraxpharm.com\/pl\/my-account\"> Zaloguj sie<\/a><\/p>\t\t\t\t<\/div>\n\t\t\t\t<\/div>\n\t\t\t\t\t<\/div>\n\t\t<\/div>\n\t\t\t\t\t<\/div>\n\t\t<\/section>\n\t\t\t\t<\/div>\n\t\t","protected":false},"excerpt":{"rendered":"<p>Pracownicy ochrony zdrowia Dost\u0119p do ca\u0142ego portfolio firmy, wydarze\u0144, kapsu\u0142 szkoleniowych i wielu innych Czy masz konto? Zaloguj sie<\/p>\n","protected":false},"author":1,"featured_media":0,"parent":0,"menu_order":0,"comment_status":"closed","ping_status":"closed","template":"elementor_header_footer","meta":{"_acf_changed":false,"footnotes":""},"class_list":["post-21507","page","type-page","status-publish","hentry"],"yoast_head":"<!-- This site is optimized with the Yoast SEO Premium plugin v27.2 (Yoast SEO v27.2) - https:\/\/yoast.com\/product\/yoast-seo-premium-wordpress\/ -->\n<title>Register Page - Neuraxpharm PL<\/title>\n<meta name=\"robots\" content=\"index, follow, max-snippet:-1, max-image-preview:large, max-video-preview:-1\" \/>\n<link rel=\"canonical\" href=\"https:\/\/www.neuraxpharm.com\/pl\/signup\" \/>\n<meta property=\"og:locale\" content=\"pl_PL\" \/>\n<meta property=\"og:type\" content=\"article\" \/>\n<meta property=\"og:title\" content=\"Register Page\" \/>\n<meta property=\"og:description\" content=\"Pracownicy ochrony zdrowia Dost\u0119p do ca\u0142ego portfolio firmy, wydarze\u0144, kapsu\u0142 szkoleniowych i wielu innych Czy masz konto? Zaloguj sie\" \/>\n<meta property=\"og:url\" content=\"https:\/\/www.neuraxpharm.com\/pl\/signup\" \/>\n<meta property=\"og:site_name\" content=\"Neuraxpharm PL\" \/>\n<meta property=\"article:modified_time\" content=\"2021-07-02T11:09:26+00:00\" \/>\n<meta name=\"twitter:card\" content=\"summary_large_image\" \/>\n<meta name=\"twitter:label1\" content=\"Szacowany czas czytania\" \/>\n\t<meta name=\"twitter:data1\" content=\"1 minuta\" \/>\n<script type=\"application\/ld+json\" class=\"yoast-schema-graph\">{\"@context\":\"https:\/\/schema.org\",\"@graph\":[{\"@type\":\"WebPage\",\"@id\":\"https:\/\/www.neuraxpharm.com\/pl\/signup\",\"url\":\"https:\/\/www.neuraxpharm.com\/pl\/signup\",\"name\":\"Register Page - Neuraxpharm PL\",\"isPartOf\":{\"@id\":\"https:\/\/www.neuraxpharm.com\/pl\/#website\"},\"datePublished\":\"2021-05-05T12:14:20+00:00\",\"dateModified\":\"2021-07-02T11:09:26+00:00\",\"inLanguage\":\"pl-PL\",\"potentialAction\":[{\"@type\":\"ReadAction\",\"target\":[\"https:\/\/www.neuraxpharm.com\/pl\/signup\"]}]},{\"@type\":\"WebSite\",\"@id\":\"https:\/\/www.neuraxpharm.com\/pl\/#website\",\"url\":\"https:\/\/www.neuraxpharm.com\/pl\/\",\"name\":\"Neuraxpharm PL\",\"description\":\"Ein europ\u00e4ischer Marktf\u00fchrer f\u00fcr CNS-Produkte\",\"potentialAction\":[{\"@type\":\"SearchAction\",\"target\":{\"@type\":\"EntryPoint\",\"urlTemplate\":\"https:\/\/www.neuraxpharm.com\/pl\/?s={search_term_string}\"},\"query-input\":{\"@type\":\"PropertyValueSpecification\",\"valueRequired\":true,\"valueName\":\"search_term_string\"}}],\"inLanguage\":\"pl-PL\"}]}<\/script>\n<!-- \/ Yoast SEO Premium plugin. -->","yoast_head_json":{"title":"Register Page - Neuraxpharm PL","robots":{"index":"index","follow":"follow","max-snippet":"max-snippet:-1","max-image-preview":"max-image-preview:large","max-video-preview":"max-video-preview:-1"},"canonical":"https:\/\/www.neuraxpharm.com\/pl\/signup","og_locale":"pl_PL","og_type":"article","og_title":"Register Page","og_description":"Pracownicy ochrony zdrowia Dost\u0119p do ca\u0142ego portfolio firmy, wydarze\u0144, kapsu\u0142 szkoleniowych i wielu innych Czy masz konto? Zaloguj sie","og_url":"https:\/\/www.neuraxpharm.com\/pl\/signup","og_site_name":"Neuraxpharm PL","article_modified_time":"2021-07-02T11:09:26+00:00","twitter_card":"summary_large_image","twitter_misc":{"Szacowany czas czytania":"1 minuta"},"schema":{"@context":"https:\/\/schema.org","@graph":[{"@type":"WebPage","@id":"https:\/\/www.neuraxpharm.com\/pl\/signup","url":"https:\/\/www.neuraxpharm.com\/pl\/signup","name":"Register Page - Neuraxpharm PL","isPartOf":{"@id":"https:\/\/www.neuraxpharm.com\/pl\/#website"},"datePublished":"2021-05-05T12:14:20+00:00","dateModified":"2021-07-02T11:09:26+00:00","inLanguage":"pl-PL","potentialAction":[{"@type":"ReadAction","target":["https:\/\/www.neuraxpharm.com\/pl\/signup"]}]},{"@type":"WebSite","@id":"https:\/\/www.neuraxpharm.com\/pl\/#website","url":"https:\/\/www.neuraxpharm.com\/pl\/","name":"Neuraxpharm PL","description":"Ein europ\u00e4ischer Marktf\u00fchrer f\u00fcr CNS-Produkte","potentialAction":[{"@type":"SearchAction","target":{"@type":"EntryPoint","urlTemplate":"https:\/\/www.neuraxpharm.com\/pl\/?s={search_term_string}"},"query-input":{"@type":"PropertyValueSpecification","valueRequired":true,"valueName":"search_term_string"}}],"inLanguage":"pl-PL"}]}},"acf":[],"_links":{"self":[{"href":"https:\/\/www.neuraxpharm.com\/pl\/wp-json\/wp\/v2\/pages\/21507","targetHints":{"allow":["GET"]}}],"collection":[{"href":"https:\/\/www.neuraxpharm.com\/pl\/wp-json\/wp\/v2\/pages"}],"about":[{"href":"https:\/\/www.neuraxpharm.com\/pl\/wp-json\/wp\/v2\/types\/page"}],"author":[{"embeddable":true,"href":"https:\/\/www.neuraxpharm.com\/pl\/wp-json\/wp\/v2\/users\/1"}],"replies":[{"embeddable":true,"href":"https:\/\/www.neuraxpharm.com\/pl\/wp-json\/wp\/v2\/comments?post=21507"}],"version-history":[{"count":39,"href":"https:\/\/www.neuraxpharm.com\/pl\/wp-json\/wp\/v2\/pages\/21507\/revisions"}],"predecessor-version":[{"id":27134,"href":"https:\/\/www.neuraxpharm.com\/pl\/wp-json\/wp\/v2\/pages\/21507\/revisions\/27134"}],"wp:attachment":[{"href":"https:\/\/www.neuraxpharm.com\/pl\/wp-json\/wp\/v2\/media?parent=21507"}],"curies":[{"name":"wp","href":"https:\/\/api.w.org\/{rel}","templated":true}]}}