{"id":15796,"date":"2021-04-13T08:34:09","date_gmt":"2021-04-13T08:34:09","guid":{"rendered":"https:\/\/www.neuraxpharm.com\/it2\/?page_id=15796"},"modified":"2025-11-24T11:44:10","modified_gmt":"2025-11-24T11:44:10","slug":"lluis-perez","status":"publish","type":"page","link":"https:\/\/www.neuraxpharm.com\/pl\/o-nas\/komitet-wykonawczy\/lluis-perez","title":{"rendered":"LLU\u00cdS P\u00c9REZ"},"content":{"rendered":"\t\t<div data-elementor-type=\"wp-page\" data-elementor-id=\"15796\" class=\"elementor elementor-15796\" data-elementor-post-type=\"page\">\n\t\t\t\t\t\t<section class=\"elementor-section elementor-top-section elementor-element elementor-element-7f808905 elementor-section-boxed elementor-section-height-default elementor-section-height-default\" data-id=\"7f808905\" data-element_type=\"section\" data-e-type=\"section\" data-settings=\"{&quot;jet_parallax_layout_list&quot;:[{&quot;jet_parallax_layout_image&quot;:{&quot;url&quot;:&quot;&quot;,&quot;id&quot;:&quot;&quot;,&quot;size&quot;:&quot;&quot;},&quot;_id&quot;:&quot;f02b98c&quot;,&quot;jet_parallax_layout_image_tablet&quot;:{&quot;url&quot;:&quot;&quot;,&quot;id&quot;:&quot;&quot;,&quot;size&quot;:&quot;&quot;},&quot;jet_parallax_layout_image_mobile&quot;:{&quot;url&quot;:&quot;&quot;,&quot;id&quot;:&quot;&quot;,&quot;size&quot;:&quot;&quot;},&quot;jet_parallax_layout_speed&quot;:{&quot;unit&quot;:&quot;%&quot;,&quot;size&quot;:50,&quot;sizes&quot;:[]},&quot;jet_parallax_layout_type&quot;:&quot;scroll&quot;,&quot;jet_parallax_layout_direction&quot;:&quot;1&quot;,&quot;jet_parallax_layout_fx_direction&quot;:null,&quot;jet_parallax_layout_z_index&quot;:&quot;&quot;,&quot;jet_parallax_layout_bg_x&quot;:50,&quot;jet_parallax_layout_bg_x_tablet&quot;:&quot;&quot;,&quot;jet_parallax_layout_bg_x_mobile&quot;:&quot;&quot;,&quot;jet_parallax_layout_bg_y&quot;:50,&quot;jet_parallax_layout_bg_y_tablet&quot;:&quot;&quot;,&quot;jet_parallax_layout_bg_y_mobile&quot;:&quot;&quot;,&quot;jet_parallax_layout_bg_size&quot;:&quot;auto&quot;,&quot;jet_parallax_layout_bg_size_tablet&quot;:&quot;&quot;,&quot;jet_parallax_layout_bg_size_mobile&quot;:&quot;&quot;,&quot;jet_parallax_layout_animation_prop&quot;:&quot;transform&quot;,&quot;jet_parallax_layout_on&quot;:[&quot;desktop&quot;,&quot;tablet&quot;]}]}\">\n\t\t\t\t\t\t<div class=\"elementor-container elementor-column-gap-default\">\n\t\t\t\t\t<div class=\"elementor-column elementor-col-33 elementor-top-column elementor-element elementor-element-3d70389b\" data-id=\"3d70389b\" data-element_type=\"column\" data-e-type=\"column\">\n\t\t\t<div class=\"elementor-widget-wrap elementor-element-populated\">\n\t\t\t\t\t\t<div class=\"elementor-element elementor-element-75ad8cba elementor-widget elementor-widget-image\" data-id=\"75ad8cba\" data-element_type=\"widget\" data-e-type=\"widget\" data-widget_type=\"image.default\">\n\t\t\t\t<div class=\"elementor-widget-container\">\n\t\t\t\t\t\t\t\t\t\t\t\t\t\t\t<img fetchpriority=\"high\" decoding=\"async\" width=\"716\" height=\"700\" src=\"https:\/\/static.neuraxpharm.com\/wp-content\/uploads\/sites\/18\/2023\/03\/27104554\/lluis-perez.jpg\" class=\"attachment-large size-large wp-image-28699\" alt=\"\" srcset=\"https:\/\/static.neuraxpharm.com\/wp-content\/uploads\/sites\/18\/2023\/03\/27104554\/lluis-perez.jpg 716w, https:\/\/static.neuraxpharm.com\/wp-content\/uploads\/sites\/18\/2023\/03\/27104554\/lluis-perez-300x293.jpg 300w, https:\/\/static.neuraxpharm.com\/wp-content\/uploads\/sites\/18\/2023\/03\/27104554\/lluis-perez-600x587.jpg 600w\" sizes=\"(max-width: 716px) 100vw, 716px\" \/>\t\t\t\t\t\t\t\t\t\t\t\t\t\t\t<\/div>\n\t\t\t\t<\/div>\n\t\t\t\t<section class=\"elementor-section elementor-inner-section elementor-element elementor-element-74b8bffa elementor-section-content-top elementor-section-boxed elementor-section-height-default elementor-section-height-default\" data-id=\"74b8bffa\" data-element_type=\"section\" data-e-type=\"section\" data-settings=\"{&quot;jet_parallax_layout_list&quot;:[{&quot;jet_parallax_layout_image&quot;:{&quot;url&quot;:&quot;&quot;,&quot;id&quot;:&quot;&quot;,&quot;size&quot;:&quot;&quot;},&quot;_id&quot;:&quot;5f899ce&quot;,&quot;jet_parallax_layout_image_tablet&quot;:{&quot;url&quot;:&quot;&quot;,&quot;id&quot;:&quot;&quot;,&quot;size&quot;:&quot;&quot;},&quot;jet_parallax_layout_image_mobile&quot;:{&quot;url&quot;:&quot;&quot;,&quot;id&quot;:&quot;&quot;,&quot;size&quot;:&quot;&quot;},&quot;jet_parallax_layout_speed&quot;:{&quot;unit&quot;:&quot;%&quot;,&quot;size&quot;:50,&quot;sizes&quot;:[]},&quot;jet_parallax_layout_type&quot;:&quot;scroll&quot;,&quot;jet_parallax_layout_direction&quot;:&quot;1&quot;,&quot;jet_parallax_layout_fx_direction&quot;:null,&quot;jet_parallax_layout_z_index&quot;:&quot;&quot;,&quot;jet_parallax_layout_bg_x&quot;:50,&quot;jet_parallax_layout_bg_x_tablet&quot;:&quot;&quot;,&quot;jet_parallax_layout_bg_x_mobile&quot;:&quot;&quot;,&quot;jet_parallax_layout_bg_y&quot;:50,&quot;jet_parallax_layout_bg_y_tablet&quot;:&quot;&quot;,&quot;jet_parallax_layout_bg_y_mobile&quot;:&quot;&quot;,&quot;jet_parallax_layout_bg_size&quot;:&quot;auto&quot;,&quot;jet_parallax_layout_bg_size_tablet&quot;:&quot;&quot;,&quot;jet_parallax_layout_bg_size_mobile&quot;:&quot;&quot;,&quot;jet_parallax_layout_animation_prop&quot;:&quot;transform&quot;,&quot;jet_parallax_layout_on&quot;:[&quot;desktop&quot;,&quot;tablet&quot;]}]}\">\n\t\t\t\t\t\t<div class=\"elementor-container elementor-column-gap-default\">\n\t\t\t\t\t<div class=\"elementor-column elementor-col-50 elementor-inner-column elementor-element elementor-element-60646bf2\" data-id=\"60646bf2\" data-element_type=\"column\" data-e-type=\"column\">\n\t\t\t<div class=\"elementor-widget-wrap elementor-element-populated\">\n\t\t\t\t\t\t<div class=\"elementor-element elementor-element-15700adb elementor-view-default elementor-widget elementor-widget-icon\" data-id=\"15700adb\" data-element_type=\"widget\" data-e-type=\"widget\" data-widget_type=\"icon.default\">\n\t\t\t\t<div class=\"elementor-widget-container\">\n\t\t\t\t\t\t\t<div class=\"elementor-icon-wrapper\">\n\t\t\t<div class=\"elementor-icon\">\n\t\t\t<i aria-hidden=\"true\" class=\"fab fa-linkedin-in\"><\/i>\t\t\t<\/div>\n\t\t<\/div>\n\t\t\t\t\t\t<\/div>\n\t\t\t\t<\/div>\n\t\t\t\t\t<\/div>\n\t\t<\/div>\n\t\t\t\t<div class=\"elementor-column elementor-col-50 elementor-inner-column elementor-element elementor-element-15490b\" data-id=\"15490b\" data-element_type=\"column\" data-e-type=\"column\">\n\t\t\t<div class=\"elementor-widget-wrap elementor-element-populated\">\n\t\t\t\t\t\t<div class=\"elementor-element elementor-element-1cc52f3 elementor-widget elementor-widget-heading\" data-id=\"1cc52f3\" data-element_type=\"widget\" data-e-type=\"widget\" data-widget_type=\"heading.default\">\n\t\t\t\t<div class=\"elementor-widget-container\">\n\t\t\t\t\t<p class=\"elementor-heading-title elementor-size-default\"><a href=\"https:\/\/www.linkedin.com\/in\/lluis-perez-796bb934\/\" target=\"_blank\">https:\/\/www.linkedin.com\/in\/lluis-perez\/<\/a><\/p>\t\t\t\t<\/div>\n\t\t\t\t<\/div>\n\t\t\t\t\t<\/div>\n\t\t<\/div>\n\t\t\t\t\t<\/div>\n\t\t<\/section>\n\t\t\t\t\t<\/div>\n\t\t<\/div>\n\t\t\t\t<div class=\"elementor-column elementor-col-66 elementor-top-column elementor-element elementor-element-17640048\" data-id=\"17640048\" data-element_type=\"column\" data-e-type=\"column\">\n\t\t\t<div class=\"elementor-widget-wrap elementor-element-populated\">\n\t\t\t\t\t\t<div class=\"elementor-element elementor-element-3453d9e5 elementor-widget elementor-widget-jet-breadcrumbs\" data-id=\"3453d9e5\" data-element_type=\"widget\" data-e-type=\"widget\" data-widget_type=\"jet-breadcrumbs.default\">\n\t\t\t\t<div class=\"elementor-widget-container\">\n\t\t\t\t\t<div class=\"elementor-jet-breadcrumbs jet-blocks\">\n\t\t<div class=\"jet-breadcrumbs\">\n\t\t<div class=\"jet-breadcrumbs__content\">\n\t\t<div class=\"jet-breadcrumbs__wrap\"><div class=\"jet-breadcrumbs__item\"><a href=\"https:\/\/www.neuraxpharm.com\/pl\/\" class=\"jet-breadcrumbs__item-link is-home\" rel=\"home\" title=\"Neuraxpharm\">Neuraxpharm<\/a><\/div>\n\t\t<\/div>\n\t\t<\/div>\n\t\t<\/div><\/div>\t\t\t\t<\/div>\n\t\t\t\t<\/div>\n\t\t\t\t<div class=\"elementor-element elementor-element-e5e84e8 elementor-widget elementor-widget-heading\" data-id=\"e5e84e8\" data-element_type=\"widget\" data-e-type=\"widget\" data-widget_type=\"heading.default\">\n\t\t\t\t<div class=\"elementor-widget-container\">\n\t\t\t\t\t<h1 class=\"elementor-heading-title elementor-size-default\">LLU\u00cdS P\u00c9REZ<\/h1>\t\t\t\t<\/div>\n\t\t\t\t<\/div>\n\t\t\t\t<div class=\"elementor-element elementor-element-614cff3 elementor-widget elementor-widget-text-editor\" data-id=\"614cff3\" data-element_type=\"widget\" data-e-type=\"widget\" data-widget_type=\"text-editor.default\">\n\t\t\t\t<div class=\"elementor-widget-container\">\n\t\t\t\t\t\t\t\t\t<p>Llu\u00eds do\u0142\u0105czy\u0142 do Neuraxpharm jako Dyrektor Finansowy (CFO) w kwietniu 2018 roku. Jego do\u015bwiadczenie zawodowe i wiedza specjalistyczna koncentruj\u0105 si\u0119 na finansach i kontroli korporacyjnej, w tym na rozleg\u0142ym mi\u0119dzynarodowym do\u015bwiadczeniu zdobytym w du\u017cych mi\u0119dzynarodowych firmach. Przez ponad osiem lat Llu\u00eds rozwija\u0142 swoj\u0105 karier\u0119 zawodow\u0105 jako Dyrektor Finansowy Grupy w r\u00f3\u017cnych obszarach dzia\u0142alno\u015bci Grupy Celsa, drugiego co do wielko\u015bci producenta stali w Europie z bazami w Wielkiej Brytanii, Skandynawii i Polsce, a tak\u017ce jako Dyrektor Finansowy Grupy, w nale\u017c\u0105cej do prywatnego funduszu kapita\u0142owego Grupie Goldcar. Jest ekspertem w zakresie integracji sp\u00f3\u0142ek zale\u017cnych, koordynacji wielooddzia\u0142owych dzia\u0142\u00f3w finansowych, refinansowania, analizy wykonalno\u015bci nowych inwestycji oraz prowadzenia proces\u00f3w fuzji i przej\u0119\u0107.<\/p>\t\t\t\t\t\t\t\t<\/div>\n\t\t\t\t<\/div>\n\t\t\t\t\t<\/div>\n\t\t<\/div>\n\t\t\t\t\t<\/div>\n\t\t<\/section>\n\t\t\t\t<section class=\"elementor-section elementor-top-section elementor-element elementor-element-bacc1a9 elementor-section-boxed elementor-section-height-default elementor-section-height-default\" data-id=\"bacc1a9\" data-element_type=\"section\" data-e-type=\"section\" data-settings=\"{&quot;jet_parallax_layout_list&quot;:[{&quot;jet_parallax_layout_image&quot;:{&quot;url&quot;:&quot;&quot;,&quot;id&quot;:&quot;&quot;,&quot;size&quot;:&quot;&quot;},&quot;_id&quot;:&quot;e7d9f21&quot;,&quot;jet_parallax_layout_image_tablet&quot;:{&quot;url&quot;:&quot;&quot;,&quot;id&quot;:&quot;&quot;,&quot;size&quot;:&quot;&quot;},&quot;jet_parallax_layout_image_mobile&quot;:{&quot;url&quot;:&quot;&quot;,&quot;id&quot;:&quot;&quot;,&quot;size&quot;:&quot;&quot;},&quot;jet_parallax_layout_speed&quot;:{&quot;unit&quot;:&quot;%&quot;,&quot;size&quot;:50,&quot;sizes&quot;:[]},&quot;jet_parallax_layout_type&quot;:&quot;scroll&quot;,&quot;jet_parallax_layout_direction&quot;:&quot;1&quot;,&quot;jet_parallax_layout_fx_direction&quot;:null,&quot;jet_parallax_layout_z_index&quot;:&quot;&quot;,&quot;jet_parallax_layout_bg_x&quot;:50,&quot;jet_parallax_layout_bg_x_tablet&quot;:&quot;&quot;,&quot;jet_parallax_layout_bg_x_mobile&quot;:&quot;&quot;,&quot;jet_parallax_layout_bg_y&quot;:50,&quot;jet_parallax_layout_bg_y_tablet&quot;:&quot;&quot;,&quot;jet_parallax_layout_bg_y_mobile&quot;:&quot;&quot;,&quot;jet_parallax_layout_bg_size&quot;:&quot;auto&quot;,&quot;jet_parallax_layout_bg_size_tablet&quot;:&quot;&quot;,&quot;jet_parallax_layout_bg_size_mobile&quot;:&quot;&quot;,&quot;jet_parallax_layout_animation_prop&quot;:&quot;transform&quot;,&quot;jet_parallax_layout_on&quot;:[&quot;desktop&quot;,&quot;tablet&quot;]}]}\">\n\t\t\t\t\t\t<div class=\"elementor-container elementor-column-gap-default\">\n\t\t\t\t\t<div class=\"elementor-column elementor-col-100 elementor-top-column elementor-element elementor-element-7080505\" data-id=\"7080505\" data-element_type=\"column\" data-e-type=\"column\">\n\t\t\t<div class=\"elementor-widget-wrap elementor-element-populated\">\n\t\t\t\t\t\t<div class=\"elementor-element elementor-element-53f8d38 elementor-widget elementor-widget-spacer\" data-id=\"53f8d38\" data-element_type=\"widget\" data-e-type=\"widget\" data-widget_type=\"spacer.default\">\n\t\t\t\t<div class=\"elementor-widget-container\">\n\t\t\t\t\t\t\t<div class=\"elementor-spacer\">\n\t\t\t<div class=\"elementor-spacer-inner\"><\/div>\n\t\t<\/div>\n\t\t\t\t\t\t<\/div>\n\t\t\t\t<\/div>\n\t\t\t\t\t<\/div>\n\t\t<\/div>\n\t\t\t\t\t<\/div>\n\t\t<\/section>\n\t\t\t\t<\/div>\n\t\t","protected":false},"excerpt":{"rendered":"<p>https:\/\/www.linkedin.com\/in\/lluis-perez\/ Neuraxpharm LLU\u00cdS P\u00c9REZ Llu\u00eds do\u0142\u0105czy\u0142 do Neuraxpharm jako Dyrektor Finansowy (CFO) w kwietniu 2018 roku. Jego do\u015bwiadczenie zawodowe i wiedza specjalistyczna koncentruj\u0105 si\u0119 na finansach i kontroli korporacyjnej, w tym na rozleg\u0142ym mi\u0119dzynarodowym do\u015bwiadczeniu zdobytym w du\u017cych mi\u0119dzynarodowych firmach. Przez ponad osiem lat Llu\u00eds rozwija\u0142 swoj\u0105 karier\u0119 zawodow\u0105 jako Dyrektor Finansowy Grupy w r\u00f3\u017cnych [&hellip;]<\/p>\n","protected":false},"author":2,"featured_media":0,"parent":1998,"menu_order":0,"comment_status":"closed","ping_status":"closed","template":"elementor_header_footer","meta":{"_acf_changed":false,"footnotes":""},"class_list":["post-15796","page","type-page","status-publish","hentry"],"yoast_head":"<!-- This site is optimized with the Yoast SEO Premium plugin v27.2 (Yoast SEO v27.2) - https:\/\/yoast.com\/product\/yoast-seo-premium-wordpress\/ -->\n<title>LLU\u00cdS P\u00c9REZ - Neuraxpharm PL<\/title>\n<meta name=\"robots\" content=\"index, follow, max-snippet:-1, max-image-preview:large, max-video-preview:-1\" \/>\n<link rel=\"canonical\" href=\"https:\/\/www.neuraxpharm.com\/pl\/o-nas\/komitet-wykonawczy\/lluis-perez\" \/>\n<meta property=\"og:locale\" content=\"pl_PL\" \/>\n<meta property=\"og:type\" content=\"article\" \/>\n<meta property=\"og:title\" content=\"LLU\u00cdS P\u00c9REZ\" \/>\n<meta property=\"og:description\" content=\"https:\/\/www.linkedin.com\/in\/lluis-perez\/ Neuraxpharm LLU\u00cdS P\u00c9REZ Llu\u00eds do\u0142\u0105czy\u0142 do Neuraxpharm jako Dyrektor Finansowy (CFO) w kwietniu 2018 roku. Jego do\u015bwiadczenie zawodowe i wiedza specjalistyczna koncentruj\u0105 si\u0119 na finansach i kontroli korporacyjnej, w tym na rozleg\u0142ym mi\u0119dzynarodowym do\u015bwiadczeniu zdobytym w du\u017cych mi\u0119dzynarodowych firmach. Przez ponad osiem lat Llu\u00eds rozwija\u0142 swoj\u0105 karier\u0119 zawodow\u0105 jako Dyrektor Finansowy Grupy w r\u00f3\u017cnych [&hellip;]\" \/>\n<meta property=\"og:url\" content=\"https:\/\/www.neuraxpharm.com\/pl\/o-nas\/komitet-wykonawczy\/lluis-perez\" \/>\n<meta property=\"og:site_name\" content=\"Neuraxpharm PL\" \/>\n<meta property=\"article:modified_time\" content=\"2025-11-24T11:44:10+00:00\" \/>\n<meta property=\"og:image\" content=\"https:\/\/www.neuraxpharm.com\/pl\/wp-content\/uploads\/sites\/18\/2023\/03\/lluis-perez.jpg\" \/>\n<meta name=\"twitter:card\" content=\"summary_large_image\" \/>\n<meta name=\"twitter:label1\" content=\"Szacowany czas czytania\" \/>\n\t<meta name=\"twitter:data1\" content=\"1 minuta\" \/>\n<script type=\"application\/ld+json\" class=\"yoast-schema-graph\">{\"@context\":\"https:\/\/schema.org\",\"@graph\":[{\"@type\":\"WebPage\",\"@id\":\"https:\/\/www.neuraxpharm.com\/pl\/o-nas\/komitet-wykonawczy\/lluis-perez\",\"url\":\"https:\/\/www.neuraxpharm.com\/pl\/o-nas\/komitet-wykonawczy\/lluis-perez\",\"name\":\"LLU\u00cdS P\u00c9REZ - Neuraxpharm PL\",\"isPartOf\":{\"@id\":\"https:\/\/www.neuraxpharm.com\/pl\/#website\"},\"primaryImageOfPage\":{\"@id\":\"https:\/\/www.neuraxpharm.com\/pl\/o-nas\/komitet-wykonawczy\/lluis-perez#primaryimage\"},\"image\":{\"@id\":\"https:\/\/www.neuraxpharm.com\/pl\/o-nas\/komitet-wykonawczy\/lluis-perez#primaryimage\"},\"thumbnailUrl\":\"https:\/\/www.neuraxpharm.com\/pl\/wp-content\/uploads\/sites\/18\/2023\/03\/lluis-perez.jpg\",\"datePublished\":\"2021-04-13T08:34:09+00:00\",\"dateModified\":\"2025-11-24T11:44:10+00:00\",\"breadcrumb\":{\"@id\":\"https:\/\/www.neuraxpharm.com\/pl\/o-nas\/komitet-wykonawczy\/lluis-perez#breadcrumb\"},\"inLanguage\":\"pl-PL\",\"potentialAction\":[{\"@type\":\"ReadAction\",\"target\":[\"https:\/\/www.neuraxpharm.com\/pl\/o-nas\/komitet-wykonawczy\/lluis-perez\"]}]},{\"@type\":\"ImageObject\",\"inLanguage\":\"pl-PL\",\"@id\":\"https:\/\/www.neuraxpharm.com\/pl\/o-nas\/komitet-wykonawczy\/lluis-perez#primaryimage\",\"url\":\"https:\/\/static.neuraxpharm.com\/wp-content\/uploads\/sites\/18\/2023\/03\/27104554\/lluis-perez.jpg\",\"contentUrl\":\"https:\/\/static.neuraxpharm.com\/wp-content\/uploads\/sites\/18\/2023\/03\/27104554\/lluis-perez.jpg\",\"width\":716,\"height\":700},{\"@type\":\"BreadcrumbList\",\"@id\":\"https:\/\/www.neuraxpharm.com\/pl\/o-nas\/komitet-wykonawczy\/lluis-perez#breadcrumb\",\"itemListElement\":[{\"@type\":\"ListItem\",\"position\":1,\"name\":\"O nas\",\"item\":\"https:\/\/www.neuraxpharm.com\/pl\/o-nas\"},{\"@type\":\"ListItem\",\"position\":2,\"name\":\"Komitet Wykonawczy\",\"item\":\"https:\/\/www.neuraxpharm.com\/pl\/o-nas\/komitet-wykonawczy\"},{\"@type\":\"ListItem\",\"position\":3,\"name\":\"LLU\u00cdS P\u00c9REZ\"}]},{\"@type\":\"WebSite\",\"@id\":\"https:\/\/www.neuraxpharm.com\/pl\/#website\",\"url\":\"https:\/\/www.neuraxpharm.com\/pl\/\",\"name\":\"Neuraxpharm PL\",\"description\":\"Ein europ\u00e4ischer Marktf\u00fchrer f\u00fcr CNS-Produkte\",\"potentialAction\":[{\"@type\":\"SearchAction\",\"target\":{\"@type\":\"EntryPoint\",\"urlTemplate\":\"https:\/\/www.neuraxpharm.com\/pl\/?s={search_term_string}\"},\"query-input\":{\"@type\":\"PropertyValueSpecification\",\"valueRequired\":true,\"valueName\":\"search_term_string\"}}],\"inLanguage\":\"pl-PL\"}]}<\/script>\n<!-- \/ Yoast SEO Premium plugin. -->","yoast_head_json":{"title":"LLU\u00cdS P\u00c9REZ - Neuraxpharm PL","robots":{"index":"index","follow":"follow","max-snippet":"max-snippet:-1","max-image-preview":"max-image-preview:large","max-video-preview":"max-video-preview:-1"},"canonical":"https:\/\/www.neuraxpharm.com\/pl\/o-nas\/komitet-wykonawczy\/lluis-perez","og_locale":"pl_PL","og_type":"article","og_title":"LLU\u00cdS P\u00c9REZ","og_description":"https:\/\/www.linkedin.com\/in\/lluis-perez\/ Neuraxpharm LLU\u00cdS P\u00c9REZ Llu\u00eds do\u0142\u0105czy\u0142 do Neuraxpharm jako Dyrektor Finansowy (CFO) w kwietniu 2018 roku. Jego do\u015bwiadczenie zawodowe i wiedza specjalistyczna koncentruj\u0105 si\u0119 na finansach i kontroli korporacyjnej, w tym na rozleg\u0142ym mi\u0119dzynarodowym do\u015bwiadczeniu zdobytym w du\u017cych mi\u0119dzynarodowych firmach. Przez ponad osiem lat Llu\u00eds rozwija\u0142 swoj\u0105 karier\u0119 zawodow\u0105 jako Dyrektor Finansowy Grupy w r\u00f3\u017cnych [&hellip;]","og_url":"https:\/\/www.neuraxpharm.com\/pl\/o-nas\/komitet-wykonawczy\/lluis-perez","og_site_name":"Neuraxpharm PL","article_modified_time":"2025-11-24T11:44:10+00:00","og_image":[{"url":"https:\/\/www.neuraxpharm.com\/pl\/wp-content\/uploads\/sites\/18\/2023\/03\/lluis-perez.jpg","type":"","width":"","height":""}],"twitter_card":"summary_large_image","twitter_misc":{"Szacowany czas czytania":"1 minuta"},"schema":{"@context":"https:\/\/schema.org","@graph":[{"@type":"WebPage","@id":"https:\/\/www.neuraxpharm.com\/pl\/o-nas\/komitet-wykonawczy\/lluis-perez","url":"https:\/\/www.neuraxpharm.com\/pl\/o-nas\/komitet-wykonawczy\/lluis-perez","name":"LLU\u00cdS P\u00c9REZ - Neuraxpharm PL","isPartOf":{"@id":"https:\/\/www.neuraxpharm.com\/pl\/#website"},"primaryImageOfPage":{"@id":"https:\/\/www.neuraxpharm.com\/pl\/o-nas\/komitet-wykonawczy\/lluis-perez#primaryimage"},"image":{"@id":"https:\/\/www.neuraxpharm.com\/pl\/o-nas\/komitet-wykonawczy\/lluis-perez#primaryimage"},"thumbnailUrl":"https:\/\/www.neuraxpharm.com\/pl\/wp-content\/uploads\/sites\/18\/2023\/03\/lluis-perez.jpg","datePublished":"2021-04-13T08:34:09+00:00","dateModified":"2025-11-24T11:44:10+00:00","breadcrumb":{"@id":"https:\/\/www.neuraxpharm.com\/pl\/o-nas\/komitet-wykonawczy\/lluis-perez#breadcrumb"},"inLanguage":"pl-PL","potentialAction":[{"@type":"ReadAction","target":["https:\/\/www.neuraxpharm.com\/pl\/o-nas\/komitet-wykonawczy\/lluis-perez"]}]},{"@type":"ImageObject","inLanguage":"pl-PL","@id":"https:\/\/www.neuraxpharm.com\/pl\/o-nas\/komitet-wykonawczy\/lluis-perez#primaryimage","url":"https:\/\/static.neuraxpharm.com\/wp-content\/uploads\/sites\/18\/2023\/03\/27104554\/lluis-perez.jpg","contentUrl":"https:\/\/static.neuraxpharm.com\/wp-content\/uploads\/sites\/18\/2023\/03\/27104554\/lluis-perez.jpg","width":716,"height":700},{"@type":"BreadcrumbList","@id":"https:\/\/www.neuraxpharm.com\/pl\/o-nas\/komitet-wykonawczy\/lluis-perez#breadcrumb","itemListElement":[{"@type":"ListItem","position":1,"name":"O nas","item":"https:\/\/www.neuraxpharm.com\/pl\/o-nas"},{"@type":"ListItem","position":2,"name":"Komitet Wykonawczy","item":"https:\/\/www.neuraxpharm.com\/pl\/o-nas\/komitet-wykonawczy"},{"@type":"ListItem","position":3,"name":"LLU\u00cdS P\u00c9REZ"}]},{"@type":"WebSite","@id":"https:\/\/www.neuraxpharm.com\/pl\/#website","url":"https:\/\/www.neuraxpharm.com\/pl\/","name":"Neuraxpharm PL","description":"Ein europ\u00e4ischer Marktf\u00fchrer f\u00fcr CNS-Produkte","potentialAction":[{"@type":"SearchAction","target":{"@type":"EntryPoint","urlTemplate":"https:\/\/www.neuraxpharm.com\/pl\/?s={search_term_string}"},"query-input":{"@type":"PropertyValueSpecification","valueRequired":true,"valueName":"search_term_string"}}],"inLanguage":"pl-PL"}]}},"acf":[],"_links":{"self":[{"href":"https:\/\/www.neuraxpharm.com\/pl\/wp-json\/wp\/v2\/pages\/15796","targetHints":{"allow":["GET"]}}],"collection":[{"href":"https:\/\/www.neuraxpharm.com\/pl\/wp-json\/wp\/v2\/pages"}],"about":[{"href":"https:\/\/www.neuraxpharm.com\/pl\/wp-json\/wp\/v2\/types\/page"}],"author":[{"embeddable":true,"href":"https:\/\/www.neuraxpharm.com\/pl\/wp-json\/wp\/v2\/users\/2"}],"replies":[{"embeddable":true,"href":"https:\/\/www.neuraxpharm.com\/pl\/wp-json\/wp\/v2\/comments?post=15796"}],"version-history":[{"count":48,"href":"https:\/\/www.neuraxpharm.com\/pl\/wp-json\/wp\/v2\/pages\/15796\/revisions"}],"predecessor-version":[{"id":29294,"href":"https:\/\/www.neuraxpharm.com\/pl\/wp-json\/wp\/v2\/pages\/15796\/revisions\/29294"}],"up":[{"embeddable":true,"href":"https:\/\/www.neuraxpharm.com\/pl\/wp-json\/wp\/v2\/pages\/1998"}],"wp:attachment":[{"href":"https:\/\/www.neuraxpharm.com\/pl\/wp-json\/wp\/v2\/media?parent=15796"}],"curies":[{"name":"wp","href":"https:\/\/api.w.org\/{rel}","templated":true}]}}