{"id":3,"date":"2021-01-27T16:51:35","date_gmt":"2021-01-27T16:51:35","guid":{"rendered":"https:\/\/www.neuraxpharm.com\/it2\/?page_id=3"},"modified":"2023-03-22T13:29:30","modified_gmt":"2023-03-22T13:29:30","slug":"privacybeleid","status":"publish","type":"page","link":"https:\/\/www.neuraxpharm.com\/nl\/privacybeleid","title":{"rendered":"Privacybeleid"},"content":{"rendered":"\t\t<div data-elementor-type=\"wp-page\" data-elementor-id=\"3\" class=\"elementor elementor-3\" data-elementor-post-type=\"page\">\n\t\t\t\t\t\t<section class=\"elementor-section elementor-top-section elementor-element elementor-element-4267eac8 politicas elementor-section-boxed elementor-section-height-default elementor-section-height-default\" data-id=\"4267eac8\" data-element_type=\"section\" data-e-type=\"section\" data-settings=\"{&quot;jet_parallax_layout_list&quot;:[{&quot;jet_parallax_layout_image&quot;:{&quot;url&quot;:&quot;&quot;,&quot;id&quot;:&quot;&quot;,&quot;size&quot;:&quot;&quot;},&quot;_id&quot;:&quot;b9bf352&quot;,&quot;jet_parallax_layout_image_tablet&quot;:{&quot;url&quot;:&quot;&quot;,&quot;id&quot;:&quot;&quot;,&quot;size&quot;:&quot;&quot;},&quot;jet_parallax_layout_image_mobile&quot;:{&quot;url&quot;:&quot;&quot;,&quot;id&quot;:&quot;&quot;,&quot;size&quot;:&quot;&quot;},&quot;jet_parallax_layout_speed&quot;:{&quot;unit&quot;:&quot;%&quot;,&quot;size&quot;:50,&quot;sizes&quot;:[]},&quot;jet_parallax_layout_type&quot;:&quot;scroll&quot;,&quot;jet_parallax_layout_direction&quot;:&quot;1&quot;,&quot;jet_parallax_layout_fx_direction&quot;:null,&quot;jet_parallax_layout_z_index&quot;:&quot;&quot;,&quot;jet_parallax_layout_bg_x&quot;:50,&quot;jet_parallax_layout_bg_x_tablet&quot;:&quot;&quot;,&quot;jet_parallax_layout_bg_x_mobile&quot;:&quot;&quot;,&quot;jet_parallax_layout_bg_y&quot;:50,&quot;jet_parallax_layout_bg_y_tablet&quot;:&quot;&quot;,&quot;jet_parallax_layout_bg_y_mobile&quot;:&quot;&quot;,&quot;jet_parallax_layout_bg_size&quot;:&quot;auto&quot;,&quot;jet_parallax_layout_bg_size_tablet&quot;:&quot;&quot;,&quot;jet_parallax_layout_bg_size_mobile&quot;:&quot;&quot;,&quot;jet_parallax_layout_animation_prop&quot;:&quot;transform&quot;,&quot;jet_parallax_layout_on&quot;:[&quot;desktop&quot;,&quot;tablet&quot;]}]}\">\n\t\t\t\t\t\t<div class=\"elementor-container elementor-column-gap-default\">\n\t\t\t\t\t<div class=\"elementor-column elementor-col-100 elementor-top-column elementor-element elementor-element-11149c0c\" data-id=\"11149c0c\" data-element_type=\"column\" data-e-type=\"column\">\n\t\t\t<div class=\"elementor-widget-wrap elementor-element-populated\">\n\t\t\t\t\t\t<div class=\"elementor-element elementor-element-27cfa8e elementor-widget elementor-widget-heading\" data-id=\"27cfa8e\" data-element_type=\"widget\" data-e-type=\"widget\" data-widget_type=\"heading.default\">\n\t\t\t\t<div class=\"elementor-widget-container\">\n\t\t\t\t\t<h1 class=\"elementor-heading-title elementor-size-default\">Privacybeleid<\/h1>\t\t\t\t<\/div>\n\t\t\t\t<\/div>\n\t\t\t\t<div class=\"elementor-element elementor-element-5d244c20 elementor-widget elementor-widget-text-editor\" data-id=\"5d244c20\" data-element_type=\"widget\" data-e-type=\"widget\" data-widget_type=\"text-editor.default\">\n\t\t\t\t<div class=\"elementor-widget-container\">\n\t\t\t\t\t\t\t\t\tIn overeenstemming met Verordening (EU) 2016\/679 van het Europees Parlement en de Raad van 27 april 2016 betreffende de bescherming van natuurlijke personen in verband met de verwerking van persoonsgegevens en betreffende het vrije verkeer van die gegevens, alsmede alle andere toepasselijke bepalingen inzake gegevensbescherming, verstrekken wij u hierbij gedetailleerde informatie over de verwerking van uw persoonsgegevens.\n<ol>\n \t<li><b>Wie is de verantwoordelijke voor de verwerking van uw persoonsgegevens?<\/b><\/li>\n<\/ol>\n<table>\n<tbody>\n<tr>\n<td>Verantwoordelijke voor verwerking<\/td>\n<td>Neuraxpharm\u2019s Group Companies (\u201c<b>Neuraxpharm<\/b>\u201d). U vindt de contactgegevens van de genoemde bedrijven via de volgende koppeling [\u2026]\n\nSpecifiek voor de geneesmiddelenbewaking is de verantwoordelijke CEREBRO SPAIN BIDCO S.L.<\/td>\n<\/tr>\n<tr>\n<td>E-mailadres<\/td>\n<td><a href=\"mailto:gdpr@neuraxpharm.com%20\"><u>gdpr@neuraxpharm.com<\/u><\/a><\/td>\n<\/tr>\n<\/tbody>\n<\/table>\n<ol>\n \t<li><b>Met welke doeleinden verwerken wij uw persoonsgegevens?<\/b><\/li>\n<\/ol>\nNeuraxpharm verwerkt de persoonsgegevens die u ons verstrekt door het invullen van de contactformulieren of door contact met ons op te nemen via een e-mailadres of telefoonnummer op de website voor de hieronder aangegeven doeleinden:\n<ol>\n \t<li><b>Zakelijke communicatie<\/b><\/li>\n<\/ol>\nAls onderdeel van haar promotionele activiteit kan Neuraxpharm u middelen bieden om u te registreren of in te schrijven op nieuws of gerelateerde zakelijke informatie. Dergelijke middelen vereisen altijd uw uitdrukkelijke toestemming om u nieuws of zakelijke informatie toe te zenden. Daarom zal Neuraxpharm u, indien u daarvoor toestemming heeft gegeven, informatie over haar producten toesturen.\n\nU kunt uw toestemming om zakelijk communicatie te ontvangen te allen tijde intrekken door te klikken op de koppeling of knop in elke zakelijk communicatie of door ons een e-mail te sturen naar het volgende adres <a href=\"mailto:gdpr@neuraxpharm.com%20\"><u>gdpr@neuraxpharm.com<\/u><\/a>.\n<ol>\n \t<li><b>Perscontact<\/b><\/li>\n<\/ol>\nOm te antwoorden op verzoeken om informatie.\n<ol>\n \t<li>Ethiek- en compliancekanaal:<\/li>\n<\/ol>\nOm de bij Neuraxpharm via het kanaal voor ethiek en naleving ingediende klachten te beheren, alsmede het onderzoek van de gemelde feiten uit te voeren, passende corrigerende maatregelen te nemen en, indien nodig, de Gebruiker het resultaat van de procedure mee te delen.\n<ol>\n \t<li><b>Rapportage van bijwerkingen<\/b><\/li>\n<\/ol>\n1. Beantwoording van de verzoeken om informatie die de gebruiker langs deze weg heeft gedaan.\n\n2. De registratie van vermoedens van bijwerkingen beheren.\n<ol>\n \t<li><b>Contact met professional in de gezondheidszorg<\/b><\/li>\n<\/ol>\nOm te antwoorden op verzoeken om informatie.\n<ol>\n \t<li><b>Internationale handel<\/b><\/li>\n<\/ol>\nOm te antwoorden op verzoeken om informatie.\n<ol>\n \t<li><b>Registratie op de website (\u201cpriv\u00e9domein\u201d)<\/b><\/li>\n<\/ol>\nBeheren van uw aanvraag tot inschrijving op onze webpagina.\n<ol>\n \t<li><b>Hoe lang bewaren wij uw persoonsgegevens?<\/b><\/li>\n<\/ol>\nNeuraxpharm verbindt zich ertoe uw persoonlijke gegevens te verwerken zolang dat nuttig en noodzakelijk is om u een kwaliteitsdienst aan te bieden. Daarom zal Neuraxpharm alle redelijke en passende inspanningen leveren om de tijd die nodig is om uw persoonsgegevens te verwerken en op te slaan tot een minimum te beperken.\n\nIn het bijzonder wijzen wij u erop dat uw persoonsgegevens met de nodige technische en organisatorische maatregelen worden opgeslagen om de veiligheid en de integriteit van de gegevens te waarborgen gedurende de volgende perioden en in ieder geval zolang u niet om verwijdering ervan verzoekt:\n<table>\n<tbody>\n<tr>\n<td><b>Doel<\/b><\/td>\n<td><b>Opslagtermijn<\/b><\/td>\n<\/tr>\n<tr>\n<td>Zakelijke communicatie (paragraaf 2.i)<\/td>\n<td>Totdat u uw toestemming voor de verwerking intrekt.<\/td>\n<\/tr>\n<tr>\n<td>Perscontact (paragraaf 2.ii)<\/td>\n<td>Zolang het nodig is om aan uw verzoek te voldoen.<\/td>\n<\/tr>\n<tr>\n<td>Ethiek- en compliancekanaal (paragraaf 2.iii)<\/td>\n<td>Zo lang als nodig is om te besluiten of het wenselijk is een onderzoek naar de gemelde gebeurtenissen in te stellen en, in voorkomend geval, zo lang als nodig is om de klacht op te lossen.<\/td>\n<\/tr>\n<tr>\n<td>Rapportage van bijwerkingen (paragraaf 2.iv)<\/td>\n<td>De termijn die in de wetgeving tot regeling van de bescherming door de overheid van het recht op gezondheid en de voorlichting en opvoeding van de consument met betrekking tot de verjaring van aansprakelijkheid is voorzien<\/td>\n<\/tr>\n<tr>\n<td>Contact met professional in de gezondheidszorg (paragraaf 2.v)<\/td>\n<td>Zolang het nodig is om aan uw verzoek te voldoen.<\/td>\n<\/tr>\n<tr>\n<td>Internationale handel (paragraaf 2.vi)<\/td>\n<td>Zolang het nodig is om aan uw verzoek te voldoen.<\/td>\n<\/tr>\n<tr>\n<td>Registratie op de website (paragraaf 2.vii)<\/td>\n<td>Zolang het nodig is om aan uw verzoek te voldoen.<\/td>\n<\/tr>\n<\/tbody>\n<\/table>\nIn ieder geval, zelfs als u verzoekt om verwijdering van uw persoonsgegevens, heeft Neuraxpharm het recht om deze te bewaren en te onderhouden, onder de juiste afscherming, voor de nodige tijd om te voldoen aan de overeenkomstige wettelijke verplichtingen, alsmede om deze ter beschikking te stellen aan de bevoegde autoriteiten in de verschillende zaken die van toepassing zijn.\n<ol>\n \t<li><b>Wat is de rechtsgrondslag voor de verwerking van uw persoonsgegevens?<\/b><\/li>\n<\/ol>\nDe rechtsgrondslag voor de verwerking van uw persoonsgegevens varieert afhankelijk van het doel van de verwerking overeenkomstig paragraaf 2 van dit beleid:\n<table>\n<tbody>\n<tr>\n<td><b>Doel<\/b><\/td>\n<td><b>Rechtsgrondslag<\/b><\/td>\n<\/tr>\n<tr>\n<td>Zakelijke communicatie (paragraaf 2.i)<\/td>\n<td>Uw toestemming.<\/td>\n<\/tr>\n<tr>\n<td>Perscontact (paragraaf 2.ii)<\/td>\n<td>De door u verstrekte toestemming wanneer u contact met ons opneemt via het contactformulier.<\/td>\n<\/tr>\n<tr>\n<td>Ethiek- en compliancekanaal (paragraaf 2.iii)<\/td>\n<td>Een wettelijke verplichting, met name met de Richtlijn (EU) 2019\/1937 betreffende de bescherming van natuurlijke personen die inbreuken op het recht van de Europese Unie melden.<\/td>\n<\/tr>\n<tr>\n<td>Rapportage van bijwerkingen (paragraaf 2.iv)<\/td>\n<td>Een wettelijke verplichting, met name op grond van VERORDENING (EU) Nr. 1235\/2010 van het Europees Parlement en de Raad van 15 december 2010 tot wijziging, wat de geneesmiddelenbewaking van geneesmiddelen voor menselijk gebruik betreft, van Verordening (EG) nr. 726\/2004 tot vaststelling van communautaire procedures voor het verlenen van vergunningen en het toezicht op geneesmiddelen voor menselijk en diergeneeskundig gebruik en tot oprichting van een Europees Geneesmiddelenbureau, en Verordening (EG) nr. 1394\/2007 betreffende geneesmiddelen voor geavanceerde therapie.<\/td>\n<\/tr>\n<tr>\n<td>Contact met professional in de gezondheidszorg (paragraaf 2.v)<\/td>\n<td>De door u verstrekte toestemming wanneer u contact met ons opneemt via het contactformulier.<\/td>\n<\/tr>\n<tr>\n<td>Internationale handel (paragraaf 2.vi)<\/td>\n<td>De door u verstrekte toestemming wanneer u contact met ons opneemt via het contactformulier.<\/td>\n<\/tr>\n<tr>\n<td>Registratie op de website (paragraaf 2.vii)<\/td>\n<td>De door u verstrekte toestemming wanneer u contact met ons opneemt via het contactformulier.<\/td>\n<\/tr>\n<\/tbody>\n<\/table>\n<ol>\n \t<li><b>Aan wie geven wij uw persoonsgegevens door?<\/b><\/li>\n<\/ol>\nUw persoonlijke gegevens worden niet doorgegeven aan derden, behalve aan leveranciers die ons diensten leveren voor de goede uitvoering van onze diensten. Neuraxpharm kan uw persoonsgegevens ook doorgeven aan openbare instanties en autoriteiten (administratief of gerechtelijk) in gevallen waarin een wettelijke verplichting van toepassing is.\nWij informeren u dat de door u verstrekte gegevens kunnen worden doorgegeven aan de groep bedrijven die deel uitmaken van de Neuraxpharm Group voor interne administratieve doeleinden.\n<ol>\n \t<li><b>Wat zijn uw rechten met betrekking tot uw persoonsgegevens en hoe kunt u die uitoefenen?<\/b><\/li>\n<\/ol>\nU hebt te allen tijde het recht op toegang tot uw persoonsgegevens en op rectificatie van onjuiste gegevens of, in voorkomend geval, op verwijdering ervan, onder meer wanneer de gegevens niet langer nodig zijn voor de doeleinden waarvoor ze zijn verzameld.\n\nIn bepaalde omstandigheden kunt u ons verzoeken de verwerking van uw gegevens te beperken; in dat geval zullen wij ze alleen bewaren voor de uitoefening of verdediging van vorderingen.\n\nIn bepaalde omstandigheden en om redenen die verband houden met uw specifieke situatie, kunt u bezwaar maken tegen de verwerking van uw gegevens. Neuraxpharm zal de gegevens niet langer verwerken, behalve om dwingende legitieme redenen, of voor de uitoefening of verdediging van eventuele vorderingen.\n\nU kunt ook te allen tijde uw recht op overdraagbaarheid van uw gegevens uitoefenen en uw toestemming intrekken, zonder afbreuk te doen aan de rechtmatigheid van de verwerking op basis van uw toestemming v\u00f3\u00f3r de intrekking daarvan.\n\nAls u een van uw rechten wilt uitoefenen, kunt u contact met ons opnemen door een brief, vergezeld van een document dat uw identiteit bewijst en waarin u uitdrukkelijk aangeeft welk recht u wilt uitoefenen, te sturen naar bovenstaand adres of door een e-mail te sturen naar <a href=\"mailto:gdpr@neuraxpharm.com\"><u>gdpr@neuraxpharm.com<\/u><\/a>.\n\nTen slotte informeren wij u dat u zich kunt wenden tot de bevoegde autoriteit voor de bescherming van persoonsgegevens in uw land en tot andere bevoegde overheidsinstanties voor elke vordering die voortvloeit uit de verwerking van uw persoonsgegevens.\n<ol>\n \t<li><b>Vertrouwelijkheid en beveiligingsmaatregelen<\/b><\/li>\n<\/ol>\nNeuraxpharm heeft alle passende beveiligingsmaatregelen genomen om ervoor te zorgen dat er geen verlies, wijziging, misbruik of ongeoorloofde toegang tot de verwerkte persoonsgegevens plaatsvindt. Neuraxpharm evalueert periodiek de toegepaste beveiligingsmaatregelen om ervoor te zorgen dat deze te allen tijde geschikt zijn voor de verwerking die zij uitvoert.\n\nNiettegenstaande het bovenstaande is het gebruik van internet niet volledig veilig en kunnen wij de veiligheid van uw informatie niet garanderen.\t\t\t\t\t\t\t\t<\/div>\n\t\t\t\t<\/div>\n\t\t\t\t\t<\/div>\n\t\t<\/div>\n\t\t\t\t\t<\/div>\n\t\t<\/section>\n\t\t\t\t<\/div>\n\t\t","protected":false},"excerpt":{"rendered":"<p>Privacybeleid In overeenstemming met Verordening (EU) 2016\/679 van het Europees Parlement en de Raad van 27 april 2016 betreffende de bescherming van natuurlijke personen in verband met de verwerking van persoonsgegevens en betreffende het vrije verkeer van die gegevens, alsmede alle andere toepasselijke bepalingen inzake gegevensbescherming, verstrekken wij u hierbij gedetailleerde informatie over de verwerking [&hellip;]<\/p>\n","protected":false},"author":1,"featured_media":0,"parent":0,"menu_order":0,"comment_status":"closed","ping_status":"closed","template":"","meta":{"_acf_changed":false,"footnotes":""},"class_list":["post-3","page","type-page","status-publish","hentry"],"yoast_head":"<!-- This site is optimized with the Yoast SEO Premium plugin v27.2 (Yoast SEO v27.2) - https:\/\/yoast.com\/product\/yoast-seo-premium-wordpress\/ -->\n<title>Privacybeleid - Neuraxpharm Netherlands<\/title>\n<meta name=\"robots\" content=\"index, follow, max-snippet:-1, max-image-preview:large, max-video-preview:-1\" \/>\n<link rel=\"canonical\" href=\"https:\/\/www.neuraxpharm.com\/nl\/privacybeleid\" \/>\n<meta property=\"og:locale\" content=\"nl_NL\" \/>\n<meta property=\"og:type\" content=\"article\" \/>\n<meta property=\"og:title\" content=\"Privacybeleid\" \/>\n<meta property=\"og:description\" content=\"Privacybeleid In overeenstemming met Verordening (EU) 2016\/679 van het Europees Parlement en de Raad van 27 april 2016 betreffende de bescherming van natuurlijke personen in verband met de verwerking van persoonsgegevens en betreffende het vrije verkeer van die gegevens, alsmede alle andere toepasselijke bepalingen inzake gegevensbescherming, verstrekken wij u hierbij gedetailleerde informatie over de verwerking [&hellip;]\" \/>\n<meta property=\"og:url\" content=\"https:\/\/www.neuraxpharm.com\/nl\/privacybeleid\" \/>\n<meta property=\"og:site_name\" content=\"Neuraxpharm Netherlands\" \/>\n<meta property=\"article:modified_time\" content=\"2023-03-22T13:29:30+00:00\" \/>\n<meta name=\"twitter:card\" content=\"summary_large_image\" \/>\n<meta name=\"twitter:label1\" content=\"Geschatte leestijd\" \/>\n\t<meta name=\"twitter:data1\" content=\"6 minuten\" \/>\n<script type=\"application\/ld+json\" class=\"yoast-schema-graph\">{\"@context\":\"https:\/\/schema.org\",\"@graph\":[{\"@type\":\"WebPage\",\"@id\":\"https:\/\/www.neuraxpharm.com\/nl\/privacybeleid\",\"url\":\"https:\/\/www.neuraxpharm.com\/nl\/privacybeleid\",\"name\":\"Privacybeleid - Neuraxpharm Netherlands\",\"isPartOf\":{\"@id\":\"https:\/\/www.neuraxpharm.com\/nl\/#website\"},\"datePublished\":\"2021-01-27T16:51:35+00:00\",\"dateModified\":\"2023-03-22T13:29:30+00:00\",\"inLanguage\":\"nl-NL\",\"potentialAction\":[{\"@type\":\"ReadAction\",\"target\":[\"https:\/\/www.neuraxpharm.com\/nl\/privacybeleid\"]}]},{\"@type\":\"WebSite\",\"@id\":\"https:\/\/www.neuraxpharm.com\/nl\/#website\",\"url\":\"https:\/\/www.neuraxpharm.com\/nl\/\",\"name\":\"Neuraxpharm Netherlands\",\"description\":\"Ein europ\u00e4ischer Marktf\u00fchrer f\u00fcr CNS-Produkte\",\"potentialAction\":[{\"@type\":\"SearchAction\",\"target\":{\"@type\":\"EntryPoint\",\"urlTemplate\":\"https:\/\/www.neuraxpharm.com\/nl\/?s={search_term_string}\"},\"query-input\":{\"@type\":\"PropertyValueSpecification\",\"valueRequired\":true,\"valueName\":\"search_term_string\"}}],\"inLanguage\":\"nl-NL\"}]}<\/script>\n<!-- \/ Yoast SEO Premium plugin. -->","yoast_head_json":{"title":"Privacybeleid - Neuraxpharm Netherlands","robots":{"index":"index","follow":"follow","max-snippet":"max-snippet:-1","max-image-preview":"max-image-preview:large","max-video-preview":"max-video-preview:-1"},"canonical":"https:\/\/www.neuraxpharm.com\/nl\/privacybeleid","og_locale":"nl_NL","og_type":"article","og_title":"Privacybeleid","og_description":"Privacybeleid In overeenstemming met Verordening (EU) 2016\/679 van het Europees Parlement en de Raad van 27 april 2016 betreffende de bescherming van natuurlijke personen in verband met de verwerking van persoonsgegevens en betreffende het vrije verkeer van die gegevens, alsmede alle andere toepasselijke bepalingen inzake gegevensbescherming, verstrekken wij u hierbij gedetailleerde informatie over de verwerking [&hellip;]","og_url":"https:\/\/www.neuraxpharm.com\/nl\/privacybeleid","og_site_name":"Neuraxpharm Netherlands","article_modified_time":"2023-03-22T13:29:30+00:00","twitter_card":"summary_large_image","twitter_misc":{"Geschatte leestijd":"6 minuten"},"schema":{"@context":"https:\/\/schema.org","@graph":[{"@type":"WebPage","@id":"https:\/\/www.neuraxpharm.com\/nl\/privacybeleid","url":"https:\/\/www.neuraxpharm.com\/nl\/privacybeleid","name":"Privacybeleid - Neuraxpharm Netherlands","isPartOf":{"@id":"https:\/\/www.neuraxpharm.com\/nl\/#website"},"datePublished":"2021-01-27T16:51:35+00:00","dateModified":"2023-03-22T13:29:30+00:00","inLanguage":"nl-NL","potentialAction":[{"@type":"ReadAction","target":["https:\/\/www.neuraxpharm.com\/nl\/privacybeleid"]}]},{"@type":"WebSite","@id":"https:\/\/www.neuraxpharm.com\/nl\/#website","url":"https:\/\/www.neuraxpharm.com\/nl\/","name":"Neuraxpharm Netherlands","description":"Ein europ\u00e4ischer Marktf\u00fchrer f\u00fcr CNS-Produkte","potentialAction":[{"@type":"SearchAction","target":{"@type":"EntryPoint","urlTemplate":"https:\/\/www.neuraxpharm.com\/nl\/?s={search_term_string}"},"query-input":{"@type":"PropertyValueSpecification","valueRequired":true,"valueName":"search_term_string"}}],"inLanguage":"nl-NL"}]}},"acf":[],"_links":{"self":[{"href":"https:\/\/www.neuraxpharm.com\/nl\/wp-json\/wp\/v2\/pages\/3","targetHints":{"allow":["GET"]}}],"collection":[{"href":"https:\/\/www.neuraxpharm.com\/nl\/wp-json\/wp\/v2\/pages"}],"about":[{"href":"https:\/\/www.neuraxpharm.com\/nl\/wp-json\/wp\/v2\/types\/page"}],"author":[{"embeddable":true,"href":"https:\/\/www.neuraxpharm.com\/nl\/wp-json\/wp\/v2\/users\/1"}],"replies":[{"embeddable":true,"href":"https:\/\/www.neuraxpharm.com\/nl\/wp-json\/wp\/v2\/comments?post=3"}],"version-history":[{"count":129,"href":"https:\/\/www.neuraxpharm.com\/nl\/wp-json\/wp\/v2\/pages\/3\/revisions"}],"predecessor-version":[{"id":27841,"href":"https:\/\/www.neuraxpharm.com\/nl\/wp-json\/wp\/v2\/pages\/3\/revisions\/27841"}],"wp:attachment":[{"href":"https:\/\/www.neuraxpharm.com\/nl\/wp-json\/wp\/v2\/media?parent=3"}],"curies":[{"name":"wp","href":"https:\/\/api.w.org\/{rel}","templated":true}]}}