{"id":29112,"date":"2025-07-09T16:10:50","date_gmt":"2025-07-09T16:10:50","guid":{"rendered":"https:\/\/www.neuraxpharm.com\/mx\/?page_id=29112"},"modified":"2025-07-09T16:12:59","modified_gmt":"2025-07-09T16:12:59","slug":"miguel-barrero","status":"publish","type":"page","link":"https:\/\/www.neuraxpharm.com\/mx\/quienes-somos\/comite-ejecutivo\/miguel-barrero","title":{"rendered":"MIGUEL BARRERO\u200b"},"content":{"rendered":"\t\t<div data-elementor-type=\"wp-page\" data-elementor-id=\"29112\" class=\"elementor elementor-29112\" data-elementor-post-type=\"page\">\n\t\t\t\t\t\t<section class=\"elementor-section elementor-top-section elementor-element elementor-element-6b006c29 elementor-section-boxed elementor-section-height-default elementor-section-height-default\" data-id=\"6b006c29\" data-element_type=\"section\" data-e-type=\"section\" data-settings=\"{&quot;jet_parallax_layout_list&quot;:[{&quot;_id&quot;:&quot;f02b98c&quot;,&quot;jet_parallax_layout_image&quot;:{&quot;url&quot;:&quot;&quot;,&quot;id&quot;:&quot;&quot;,&quot;size&quot;:&quot;&quot;},&quot;jet_parallax_layout_image_tablet&quot;:{&quot;url&quot;:&quot;&quot;,&quot;id&quot;:&quot;&quot;,&quot;size&quot;:&quot;&quot;},&quot;jet_parallax_layout_image_mobile&quot;:{&quot;url&quot;:&quot;&quot;,&quot;id&quot;:&quot;&quot;,&quot;size&quot;:&quot;&quot;},&quot;jet_parallax_layout_speed&quot;:{&quot;unit&quot;:&quot;%&quot;,&quot;size&quot;:50,&quot;sizes&quot;:[]},&quot;jet_parallax_layout_type&quot;:&quot;scroll&quot;,&quot;jet_parallax_layout_direction&quot;:&quot;1&quot;,&quot;jet_parallax_layout_fx_direction&quot;:null,&quot;jet_parallax_layout_z_index&quot;:&quot;&quot;,&quot;jet_parallax_layout_bg_x&quot;:50,&quot;jet_parallax_layout_bg_x_tablet&quot;:&quot;&quot;,&quot;jet_parallax_layout_bg_x_mobile&quot;:&quot;&quot;,&quot;jet_parallax_layout_bg_y&quot;:50,&quot;jet_parallax_layout_bg_y_tablet&quot;:&quot;&quot;,&quot;jet_parallax_layout_bg_y_mobile&quot;:&quot;&quot;,&quot;jet_parallax_layout_bg_size&quot;:&quot;auto&quot;,&quot;jet_parallax_layout_bg_size_tablet&quot;:&quot;&quot;,&quot;jet_parallax_layout_bg_size_mobile&quot;:&quot;&quot;,&quot;jet_parallax_layout_animation_prop&quot;:&quot;transform&quot;,&quot;jet_parallax_layout_on&quot;:[&quot;desktop&quot;,&quot;tablet&quot;]}]}\">\n\t\t\t\t\t\t<div class=\"elementor-container elementor-column-gap-default\">\n\t\t\t\t\t<div class=\"elementor-column elementor-col-33 elementor-top-column elementor-element elementor-element-37324aea\" data-id=\"37324aea\" data-element_type=\"column\" data-e-type=\"column\">\n\t\t\t<div class=\"elementor-widget-wrap elementor-element-populated\">\n\t\t\t\t\t\t<div class=\"elementor-element elementor-element-3759e519 elementor-widget elementor-widget-image\" data-id=\"3759e519\" data-element_type=\"widget\" data-e-type=\"widget\" data-widget_type=\"image.default\">\n\t\t\t\t<div class=\"elementor-widget-container\">\n\t\t\t\t\t\t\t\t\t\t\t\t\t\t\t<img fetchpriority=\"high\" decoding=\"async\" width=\"716\" height=\"700\" src=\"https:\/\/static.neuraxpharm.com\/wp-content\/uploads\/sites\/47\/2025\/07\/09155627\/m-barrero.jpg\" class=\"attachment-large size-large wp-image-29074\" alt=\"\" srcset=\"https:\/\/static.neuraxpharm.com\/wp-content\/uploads\/sites\/47\/2025\/07\/09155627\/m-barrero.jpg 716w, https:\/\/static.neuraxpharm.com\/wp-content\/uploads\/sites\/47\/2025\/07\/09155627\/m-barrero-300x293.jpg 300w, https:\/\/static.neuraxpharm.com\/wp-content\/uploads\/sites\/47\/2025\/07\/09155627\/m-barrero-600x587.jpg 600w\" sizes=\"(max-width: 716px) 100vw, 716px\" \/>\t\t\t\t\t\t\t\t\t\t\t\t\t\t\t<\/div>\n\t\t\t\t<\/div>\n\t\t\t\t<section class=\"elementor-section elementor-inner-section elementor-element elementor-element-51541d18 elementor-section-content-top elementor-section-boxed elementor-section-height-default elementor-section-height-default\" data-id=\"51541d18\" data-element_type=\"section\" data-e-type=\"section\" data-settings=\"{&quot;jet_parallax_layout_list&quot;:[{&quot;_id&quot;:&quot;5f899ce&quot;,&quot;jet_parallax_layout_image&quot;:{&quot;url&quot;:&quot;&quot;,&quot;id&quot;:&quot;&quot;,&quot;size&quot;:&quot;&quot;},&quot;jet_parallax_layout_image_tablet&quot;:{&quot;url&quot;:&quot;&quot;,&quot;id&quot;:&quot;&quot;,&quot;size&quot;:&quot;&quot;},&quot;jet_parallax_layout_image_mobile&quot;:{&quot;url&quot;:&quot;&quot;,&quot;id&quot;:&quot;&quot;,&quot;size&quot;:&quot;&quot;},&quot;jet_parallax_layout_speed&quot;:{&quot;unit&quot;:&quot;%&quot;,&quot;size&quot;:50,&quot;sizes&quot;:[]},&quot;jet_parallax_layout_type&quot;:&quot;scroll&quot;,&quot;jet_parallax_layout_direction&quot;:&quot;1&quot;,&quot;jet_parallax_layout_fx_direction&quot;:null,&quot;jet_parallax_layout_z_index&quot;:&quot;&quot;,&quot;jet_parallax_layout_bg_x&quot;:50,&quot;jet_parallax_layout_bg_x_tablet&quot;:&quot;&quot;,&quot;jet_parallax_layout_bg_x_mobile&quot;:&quot;&quot;,&quot;jet_parallax_layout_bg_y&quot;:50,&quot;jet_parallax_layout_bg_y_tablet&quot;:&quot;&quot;,&quot;jet_parallax_layout_bg_y_mobile&quot;:&quot;&quot;,&quot;jet_parallax_layout_bg_size&quot;:&quot;auto&quot;,&quot;jet_parallax_layout_bg_size_tablet&quot;:&quot;&quot;,&quot;jet_parallax_layout_bg_size_mobile&quot;:&quot;&quot;,&quot;jet_parallax_layout_animation_prop&quot;:&quot;transform&quot;,&quot;jet_parallax_layout_on&quot;:[&quot;desktop&quot;,&quot;tablet&quot;]}]}\">\n\t\t\t\t\t\t<div class=\"elementor-container elementor-column-gap-default\">\n\t\t\t\t\t<div class=\"elementor-column elementor-col-50 elementor-inner-column elementor-element elementor-element-6f0932f2\" data-id=\"6f0932f2\" data-element_type=\"column\" data-e-type=\"column\">\n\t\t\t<div class=\"elementor-widget-wrap elementor-element-populated\">\n\t\t\t\t\t\t<div class=\"elementor-element elementor-element-4cfb7a41 elementor-view-default elementor-widget elementor-widget-icon\" data-id=\"4cfb7a41\" data-element_type=\"widget\" data-e-type=\"widget\" data-widget_type=\"icon.default\">\n\t\t\t\t<div class=\"elementor-widget-container\">\n\t\t\t\t\t\t\t<div class=\"elementor-icon-wrapper\">\n\t\t\t<div class=\"elementor-icon\">\n\t\t\t<i aria-hidden=\"true\" class=\"fab fa-linkedin-in\"><\/i>\t\t\t<\/div>\n\t\t<\/div>\n\t\t\t\t\t\t<\/div>\n\t\t\t\t<\/div>\n\t\t\t\t\t<\/div>\n\t\t<\/div>\n\t\t\t\t<div class=\"elementor-column elementor-col-50 elementor-inner-column elementor-element elementor-element-6712cd93\" data-id=\"6712cd93\" data-element_type=\"column\" data-e-type=\"column\">\n\t\t\t<div class=\"elementor-widget-wrap elementor-element-populated\">\n\t\t\t\t\t\t<div class=\"elementor-element elementor-element-115c60ce elementor-widget elementor-widget-heading\" data-id=\"115c60ce\" data-element_type=\"widget\" data-e-type=\"widget\" data-widget_type=\"heading.default\">\n\t\t\t\t<div class=\"elementor-widget-container\">\n\t\t\t\t\t<p class=\"elementor-heading-title elementor-size-default\"><a href=\"https:\/\/www.linkedin.com\/in\/mbarrero\/\" target=\"_blank\">https:\/\/www.linkedin.com\/in\/mbarrero\/<\/a><\/p>\t\t\t\t<\/div>\n\t\t\t\t<\/div>\n\t\t\t\t\t<\/div>\n\t\t<\/div>\n\t\t\t\t\t<\/div>\n\t\t<\/section>\n\t\t\t\t\t<\/div>\n\t\t<\/div>\n\t\t\t\t<div class=\"elementor-column elementor-col-66 elementor-top-column elementor-element elementor-element-548becb5\" data-id=\"548becb5\" data-element_type=\"column\" data-e-type=\"column\">\n\t\t\t<div class=\"elementor-widget-wrap elementor-element-populated\">\n\t\t\t\t\t\t<div class=\"elementor-element elementor-element-70f57b92 elementor-widget elementor-widget-jet-breadcrumbs\" data-id=\"70f57b92\" data-element_type=\"widget\" data-e-type=\"widget\" data-widget_type=\"jet-breadcrumbs.default\">\n\t\t\t\t<div class=\"elementor-widget-container\">\n\t\t\t\t\t<div class=\"elementor-jet-breadcrumbs jet-blocks\">\n\t\t<div class=\"jet-breadcrumbs\">\n\t\t<div class=\"jet-breadcrumbs__content\">\n\t\t<div class=\"jet-breadcrumbs__wrap\"><div class=\"jet-breadcrumbs__item\"><a href=\"https:\/\/www.neuraxpharm.com\/mx\/\" class=\"jet-breadcrumbs__item-link is-home\" rel=\"home\" title=\"Neuraxpharm\">Neuraxpharm<\/a><\/div>\n\t\t<\/div>\n\t\t<\/div>\n\t\t<\/div><\/div>\t\t\t\t<\/div>\n\t\t\t\t<\/div>\n\t\t\t\t<div class=\"elementor-element elementor-element-30246df8 elementor-widget elementor-widget-heading\" data-id=\"30246df8\" data-element_type=\"widget\" data-e-type=\"widget\" data-widget_type=\"heading.default\">\n\t\t\t\t<div class=\"elementor-widget-container\">\n\t\t\t\t\t<h1 class=\"elementor-heading-title elementor-size-default\">MIGUEL BARRERO<\/h1>\t\t\t\t<\/div>\n\t\t\t\t<\/div>\n\t\t\t\t<div class=\"elementor-element elementor-element-6c70940a elementor-widget elementor-widget-text-editor\" data-id=\"6c70940a\" data-element_type=\"widget\" data-e-type=\"widget\" data-widget_type=\"text-editor.default\">\n\t\t\t\t<div class=\"elementor-widget-container\">\n\t\t\t\t\t\t\t\t\t<p>Miguel Barrero Dur\u00e1n es el Director Ejecutivo de Desarrollo Comercial e Innovaci\u00f3n, y se uni\u00f3 a Neuraxpharm en el 2015, donde cre\u00f3 y desarroll\u00f3 los departamentos corporativos de Desarrollo Comercial y Licenciatura, Gesti\u00f3n y Flujo de Alianzas. Miguel tambi\u00e9n lidera los Departamentos de Propiedad Intelectual y Dispositivos M\u00e9dicos.<\/p>\n<p>Con 25 a\u00f1os de experiencia en la industria farmac\u00e9utica en diversos roles y empresas, inici\u00f3 su carrera profesional en el 2000 en Almirall, seguida por Merck Serono en el 2005 y Esteve en el 2008, donde trabaj\u00f3 en roles de desarrollo farmac\u00e9utico senior que le brindaron una extensa experiencia t\u00e9cnica y cient\u00edfica.<\/p>\n<p>Antes de unirse a Neuraxpharm, ocup\u00f3 diversos puestos senior en Desarrollo Comercial, incluyendo el certificaciones en Invent Farma y Hetero Europe, y aceptaci\u00f3n de licencias y desarrollo comercial a trav\u00e9s de sociedades estrat\u00e9gicas y desarrollos empresariales.<\/p>\n<p>Est\u00e1 licenciado en Farmacia por la Universidad de Barcelona, con un M\u00e1ster en Administraci\u00f3n de Empresas del instituto global de educaci\u00f3n ESADE.<\/p>\t\t\t\t\t\t\t\t<\/div>\n\t\t\t\t<\/div>\n\t\t\t\t\t<\/div>\n\t\t<\/div>\n\t\t\t\t\t<\/div>\n\t\t<\/section>\n\t\t\t\t<\/div>\n\t\t","protected":false},"excerpt":{"rendered":"<p>https:\/\/www.linkedin.com\/in\/mbarrero\/ Neuraxpharm MIGUEL BARRERO Miguel Barrero Dur\u00e1n es el Director Ejecutivo de Desarrollo Comercial e Innovaci\u00f3n, y se uni\u00f3 a Neuraxpharm en el 2015, donde cre\u00f3 y desarroll\u00f3 los departamentos corporativos de Desarrollo Comercial y Licenciatura, Gesti\u00f3n y Flujo de Alianzas. Miguel tambi\u00e9n lidera los Departamentos de Propiedad Intelectual y Dispositivos M\u00e9dicos. Con 25 a\u00f1os [&hellip;]<\/p>\n","protected":false},"author":2890,"featured_media":0,"parent":1998,"menu_order":0,"comment_status":"closed","ping_status":"closed","template":"","meta":{"_acf_changed":false,"footnotes":""},"class_list":["post-29112","page","type-page","status-publish","hentry"],"yoast_head":"<!-- This site is optimized with the Yoast SEO Premium plugin v27.2 (Yoast SEO v27.2) - https:\/\/yoast.com\/product\/yoast-seo-premium-wordpress\/ -->\n<title>MIGUEL BARRERO\u200b - Neuraxpharm MX<\/title>\n<meta name=\"robots\" content=\"index, follow, max-snippet:-1, max-image-preview:large, max-video-preview:-1\" \/>\n<link rel=\"canonical\" href=\"https:\/\/www.neuraxpharm.com\/mx\/quienes-somos\/comite-ejecutivo\/miguel-barrero\" \/>\n<meta property=\"og:locale\" content=\"es_ES\" \/>\n<meta property=\"og:type\" content=\"article\" \/>\n<meta property=\"og:title\" content=\"MIGUEL BARRERO\u200b\" \/>\n<meta property=\"og:description\" content=\"https:\/\/www.linkedin.com\/in\/mbarrero\/ Neuraxpharm MIGUEL BARRERO Miguel Barrero Dur\u00e1n es el Director Ejecutivo de Desarrollo Comercial e Innovaci\u00f3n, y se uni\u00f3 a Neuraxpharm en el 2015, donde cre\u00f3 y desarroll\u00f3 los departamentos corporativos de Desarrollo Comercial y Licenciatura, Gesti\u00f3n y Flujo de Alianzas. Miguel tambi\u00e9n lidera los Departamentos de Propiedad Intelectual y Dispositivos M\u00e9dicos. Con 25 a\u00f1os [&hellip;]\" \/>\n<meta property=\"og:url\" content=\"https:\/\/www.neuraxpharm.com\/mx\/quienes-somos\/comite-ejecutivo\/miguel-barrero\" \/>\n<meta property=\"og:site_name\" content=\"Neuraxpharm MX\" \/>\n<meta property=\"article:modified_time\" content=\"2025-07-09T16:12:59+00:00\" \/>\n<meta property=\"og:image\" content=\"https:\/\/www.neuraxpharm.com\/mx\/wp-content\/uploads\/sites\/47\/2025\/07\/m-barrero.jpg\" \/>\n<meta name=\"twitter:card\" content=\"summary_large_image\" \/>\n<meta name=\"twitter:label1\" content=\"Tiempo de lectura\" \/>\n\t<meta name=\"twitter:data1\" content=\"1 minuto\" \/>\n<script type=\"application\/ld+json\" class=\"yoast-schema-graph\">{\"@context\":\"https:\/\/schema.org\",\"@graph\":[{\"@type\":\"WebPage\",\"@id\":\"https:\/\/www.neuraxpharm.com\/mx\/quienes-somos\/comite-ejecutivo\/miguel-barrero\",\"url\":\"https:\/\/www.neuraxpharm.com\/mx\/quienes-somos\/comite-ejecutivo\/miguel-barrero\",\"name\":\"MIGUEL BARRERO\u200b - Neuraxpharm MX\",\"isPartOf\":{\"@id\":\"https:\/\/www.neuraxpharm.com\/mx\/#website\"},\"primaryImageOfPage\":{\"@id\":\"https:\/\/www.neuraxpharm.com\/mx\/quienes-somos\/comite-ejecutivo\/miguel-barrero#primaryimage\"},\"image\":{\"@id\":\"https:\/\/www.neuraxpharm.com\/mx\/quienes-somos\/comite-ejecutivo\/miguel-barrero#primaryimage\"},\"thumbnailUrl\":\"https:\/\/www.neuraxpharm.com\/mx\/wp-content\/uploads\/sites\/47\/2025\/07\/m-barrero.jpg\",\"datePublished\":\"2025-07-09T16:10:50+00:00\",\"dateModified\":\"2025-07-09T16:12:59+00:00\",\"breadcrumb\":{\"@id\":\"https:\/\/www.neuraxpharm.com\/mx\/quienes-somos\/comite-ejecutivo\/miguel-barrero#breadcrumb\"},\"inLanguage\":\"es\",\"potentialAction\":[{\"@type\":\"ReadAction\",\"target\":[\"https:\/\/www.neuraxpharm.com\/mx\/quienes-somos\/comite-ejecutivo\/miguel-barrero\"]}]},{\"@type\":\"ImageObject\",\"inLanguage\":\"es\",\"@id\":\"https:\/\/www.neuraxpharm.com\/mx\/quienes-somos\/comite-ejecutivo\/miguel-barrero#primaryimage\",\"url\":\"https:\/\/static.neuraxpharm.com\/wp-content\/uploads\/sites\/47\/2025\/07\/09155627\/m-barrero.jpg\",\"contentUrl\":\"https:\/\/static.neuraxpharm.com\/wp-content\/uploads\/sites\/47\/2025\/07\/09155627\/m-barrero.jpg\",\"width\":716,\"height\":700},{\"@type\":\"BreadcrumbList\",\"@id\":\"https:\/\/www.neuraxpharm.com\/mx\/quienes-somos\/comite-ejecutivo\/miguel-barrero#breadcrumb\",\"itemListElement\":[{\"@type\":\"ListItem\",\"position\":1,\"name\":\"Portada\",\"item\":\"https:\/\/www.neuraxpharm.com\/mx\/\"},{\"@type\":\"ListItem\",\"position\":2,\"name\":\"Qui\u00e9nes somos\",\"item\":\"https:\/\/www.neuraxpharm.com\/mx\/quienes-somos\"},{\"@type\":\"ListItem\",\"position\":3,\"name\":\"Comit\u00e9 Ejecutivo\",\"item\":\"https:\/\/www.neuraxpharm.com\/mx\/quienes-somos\/comite-ejecutivo\"},{\"@type\":\"ListItem\",\"position\":4,\"name\":\"MIGUEL BARRERO\u200b\"}]},{\"@type\":\"WebSite\",\"@id\":\"https:\/\/www.neuraxpharm.com\/mx\/#website\",\"url\":\"https:\/\/www.neuraxpharm.com\/mx\/\",\"name\":\"Neuraxpharm MX\",\"description\":\"A European Leader for the CNS products\",\"potentialAction\":[{\"@type\":\"SearchAction\",\"target\":{\"@type\":\"EntryPoint\",\"urlTemplate\":\"https:\/\/www.neuraxpharm.com\/mx\/?s={search_term_string}\"},\"query-input\":{\"@type\":\"PropertyValueSpecification\",\"valueRequired\":true,\"valueName\":\"search_term_string\"}}],\"inLanguage\":\"es\"}]}<\/script>\n<!-- \/ Yoast SEO Premium plugin. -->","yoast_head_json":{"title":"MIGUEL BARRERO\u200b - Neuraxpharm MX","robots":{"index":"index","follow":"follow","max-snippet":"max-snippet:-1","max-image-preview":"max-image-preview:large","max-video-preview":"max-video-preview:-1"},"canonical":"https:\/\/www.neuraxpharm.com\/mx\/quienes-somos\/comite-ejecutivo\/miguel-barrero","og_locale":"es_ES","og_type":"article","og_title":"MIGUEL BARRERO\u200b","og_description":"https:\/\/www.linkedin.com\/in\/mbarrero\/ Neuraxpharm MIGUEL BARRERO Miguel Barrero Dur\u00e1n es el Director Ejecutivo de Desarrollo Comercial e Innovaci\u00f3n, y se uni\u00f3 a Neuraxpharm en el 2015, donde cre\u00f3 y desarroll\u00f3 los departamentos corporativos de Desarrollo Comercial y Licenciatura, Gesti\u00f3n y Flujo de Alianzas. Miguel tambi\u00e9n lidera los Departamentos de Propiedad Intelectual y Dispositivos M\u00e9dicos. Con 25 a\u00f1os [&hellip;]","og_url":"https:\/\/www.neuraxpharm.com\/mx\/quienes-somos\/comite-ejecutivo\/miguel-barrero","og_site_name":"Neuraxpharm MX","article_modified_time":"2025-07-09T16:12:59+00:00","og_image":[{"url":"https:\/\/www.neuraxpharm.com\/mx\/wp-content\/uploads\/sites\/47\/2025\/07\/m-barrero.jpg","type":"","width":"","height":""}],"twitter_card":"summary_large_image","twitter_misc":{"Tiempo de lectura":"1 minuto"},"schema":{"@context":"https:\/\/schema.org","@graph":[{"@type":"WebPage","@id":"https:\/\/www.neuraxpharm.com\/mx\/quienes-somos\/comite-ejecutivo\/miguel-barrero","url":"https:\/\/www.neuraxpharm.com\/mx\/quienes-somos\/comite-ejecutivo\/miguel-barrero","name":"MIGUEL BARRERO\u200b - Neuraxpharm MX","isPartOf":{"@id":"https:\/\/www.neuraxpharm.com\/mx\/#website"},"primaryImageOfPage":{"@id":"https:\/\/www.neuraxpharm.com\/mx\/quienes-somos\/comite-ejecutivo\/miguel-barrero#primaryimage"},"image":{"@id":"https:\/\/www.neuraxpharm.com\/mx\/quienes-somos\/comite-ejecutivo\/miguel-barrero#primaryimage"},"thumbnailUrl":"https:\/\/www.neuraxpharm.com\/mx\/wp-content\/uploads\/sites\/47\/2025\/07\/m-barrero.jpg","datePublished":"2025-07-09T16:10:50+00:00","dateModified":"2025-07-09T16:12:59+00:00","breadcrumb":{"@id":"https:\/\/www.neuraxpharm.com\/mx\/quienes-somos\/comite-ejecutivo\/miguel-barrero#breadcrumb"},"inLanguage":"es","potentialAction":[{"@type":"ReadAction","target":["https:\/\/www.neuraxpharm.com\/mx\/quienes-somos\/comite-ejecutivo\/miguel-barrero"]}]},{"@type":"ImageObject","inLanguage":"es","@id":"https:\/\/www.neuraxpharm.com\/mx\/quienes-somos\/comite-ejecutivo\/miguel-barrero#primaryimage","url":"https:\/\/static.neuraxpharm.com\/wp-content\/uploads\/sites\/47\/2025\/07\/09155627\/m-barrero.jpg","contentUrl":"https:\/\/static.neuraxpharm.com\/wp-content\/uploads\/sites\/47\/2025\/07\/09155627\/m-barrero.jpg","width":716,"height":700},{"@type":"BreadcrumbList","@id":"https:\/\/www.neuraxpharm.com\/mx\/quienes-somos\/comite-ejecutivo\/miguel-barrero#breadcrumb","itemListElement":[{"@type":"ListItem","position":1,"name":"Portada","item":"https:\/\/www.neuraxpharm.com\/mx\/"},{"@type":"ListItem","position":2,"name":"Qui\u00e9nes somos","item":"https:\/\/www.neuraxpharm.com\/mx\/quienes-somos"},{"@type":"ListItem","position":3,"name":"Comit\u00e9 Ejecutivo","item":"https:\/\/www.neuraxpharm.com\/mx\/quienes-somos\/comite-ejecutivo"},{"@type":"ListItem","position":4,"name":"MIGUEL BARRERO\u200b"}]},{"@type":"WebSite","@id":"https:\/\/www.neuraxpharm.com\/mx\/#website","url":"https:\/\/www.neuraxpharm.com\/mx\/","name":"Neuraxpharm MX","description":"A European Leader for the CNS products","potentialAction":[{"@type":"SearchAction","target":{"@type":"EntryPoint","urlTemplate":"https:\/\/www.neuraxpharm.com\/mx\/?s={search_term_string}"},"query-input":{"@type":"PropertyValueSpecification","valueRequired":true,"valueName":"search_term_string"}}],"inLanguage":"es"}]}},"acf":[],"_links":{"self":[{"href":"https:\/\/www.neuraxpharm.com\/mx\/wp-json\/wp\/v2\/pages\/29112","targetHints":{"allow":["GET"]}}],"collection":[{"href":"https:\/\/www.neuraxpharm.com\/mx\/wp-json\/wp\/v2\/pages"}],"about":[{"href":"https:\/\/www.neuraxpharm.com\/mx\/wp-json\/wp\/v2\/types\/page"}],"author":[{"embeddable":true,"href":"https:\/\/www.neuraxpharm.com\/mx\/wp-json\/wp\/v2\/users\/2890"}],"replies":[{"embeddable":true,"href":"https:\/\/www.neuraxpharm.com\/mx\/wp-json\/wp\/v2\/comments?post=29112"}],"version-history":[{"count":4,"href":"https:\/\/www.neuraxpharm.com\/mx\/wp-json\/wp\/v2\/pages\/29112\/revisions"}],"predecessor-version":[{"id":29121,"href":"https:\/\/www.neuraxpharm.com\/mx\/wp-json\/wp\/v2\/pages\/29112\/revisions\/29121"}],"up":[{"embeddable":true,"href":"https:\/\/www.neuraxpharm.com\/mx\/wp-json\/wp\/v2\/pages\/1998"}],"wp:attachment":[{"href":"https:\/\/www.neuraxpharm.com\/mx\/wp-json\/wp\/v2\/media?parent=29112"}],"curies":[{"name":"wp","href":"https:\/\/api.w.org\/{rel}","templated":true}]}}