{"id":3,"date":"2021-01-27T16:51:35","date_gmt":"2021-01-27T16:51:35","guid":{"rendered":"https:\/\/www.neuraxpharm.com\/it2\/?page_id=3"},"modified":"2023-04-21T12:19:45","modified_gmt":"2023-04-21T12:19:45","slug":"adatvedelmi-szabalyzat","status":"publish","type":"page","link":"https:\/\/www.neuraxpharm.com\/hu\/adatvedelmi-szabalyzat","title":{"rendered":"Adatv\u00e9delmi ir\u00e1nyelvek"},"content":{"rendered":"\t\t<div data-elementor-type=\"wp-page\" data-elementor-id=\"3\" class=\"elementor elementor-3\" data-elementor-post-type=\"page\">\n\t\t\t\t\t\t<section class=\"elementor-section elementor-top-section elementor-element elementor-element-4267eac8 politicas elementor-section-boxed elementor-section-height-default elementor-section-height-default\" data-id=\"4267eac8\" data-element_type=\"section\" data-e-type=\"section\" data-settings=\"{&quot;jet_parallax_layout_list&quot;:[{&quot;jet_parallax_layout_image&quot;:{&quot;url&quot;:&quot;&quot;,&quot;id&quot;:&quot;&quot;,&quot;size&quot;:&quot;&quot;},&quot;_id&quot;:&quot;b9bf352&quot;,&quot;jet_parallax_layout_image_tablet&quot;:{&quot;url&quot;:&quot;&quot;,&quot;id&quot;:&quot;&quot;,&quot;size&quot;:&quot;&quot;},&quot;jet_parallax_layout_image_mobile&quot;:{&quot;url&quot;:&quot;&quot;,&quot;id&quot;:&quot;&quot;,&quot;size&quot;:&quot;&quot;},&quot;jet_parallax_layout_speed&quot;:{&quot;unit&quot;:&quot;%&quot;,&quot;size&quot;:50,&quot;sizes&quot;:[]},&quot;jet_parallax_layout_type&quot;:&quot;scroll&quot;,&quot;jet_parallax_layout_direction&quot;:&quot;1&quot;,&quot;jet_parallax_layout_fx_direction&quot;:null,&quot;jet_parallax_layout_z_index&quot;:&quot;&quot;,&quot;jet_parallax_layout_bg_x&quot;:50,&quot;jet_parallax_layout_bg_x_tablet&quot;:&quot;&quot;,&quot;jet_parallax_layout_bg_x_mobile&quot;:&quot;&quot;,&quot;jet_parallax_layout_bg_y&quot;:50,&quot;jet_parallax_layout_bg_y_tablet&quot;:&quot;&quot;,&quot;jet_parallax_layout_bg_y_mobile&quot;:&quot;&quot;,&quot;jet_parallax_layout_bg_size&quot;:&quot;auto&quot;,&quot;jet_parallax_layout_bg_size_tablet&quot;:&quot;&quot;,&quot;jet_parallax_layout_bg_size_mobile&quot;:&quot;&quot;,&quot;jet_parallax_layout_animation_prop&quot;:&quot;transform&quot;,&quot;jet_parallax_layout_on&quot;:[&quot;desktop&quot;,&quot;tablet&quot;]}]}\">\n\t\t\t\t\t\t<div class=\"elementor-container elementor-column-gap-default\">\n\t\t\t\t\t<div class=\"elementor-column elementor-col-100 elementor-top-column elementor-element elementor-element-11149c0c\" data-id=\"11149c0c\" data-element_type=\"column\" data-e-type=\"column\">\n\t\t\t<div class=\"elementor-widget-wrap elementor-element-populated\">\n\t\t\t\t\t\t<div class=\"elementor-element elementor-element-27cfa8e elementor-widget elementor-widget-heading\" data-id=\"27cfa8e\" data-element_type=\"widget\" data-e-type=\"widget\" data-widget_type=\"heading.default\">\n\t\t\t\t<div class=\"elementor-widget-container\">\n\t\t\t\t\t<h1 class=\"elementor-heading-title elementor-size-default\">Adatv\u00e9delmi szab\u00e1lyzat<\/h1>\t\t\t\t<\/div>\n\t\t\t\t<\/div>\n\t\t\t\t<div class=\"elementor-element elementor-element-5d244c20 elementor-widget elementor-widget-text-editor\" data-id=\"5d244c20\" data-element_type=\"widget\" data-e-type=\"widget\" data-widget_type=\"text-editor.default\">\n\t\t\t\t<div class=\"elementor-widget-container\">\n\t\t\t\t\t\t\t\t\t<p>A szem\u00e9lyes adatok kezel\u00e9se tekintet\u00e9ben az egy\u00e9nek v\u00e9delm\u00e9r\u0151l \u00e9s az ilyen adatok szabad \u00e1raml\u00e1s\u00e1r\u00f3l sz\u00f3l\u00f3, 2016. \u00e1prilis 27-i (EU) 2016\/679 eur\u00f3pai parlamenti \u00e9s tan\u00e1csi rendelettel, valamint minden m\u00e1s vonatkoz\u00f3 rendelettel \u00f6sszhangban ezennel r\u00e9szletes t\u00e1j\u00e9koztat\u00e1st adunk szem\u00e9lyes adatainak kezel\u00e9s\u00e9r\u0151l.<\/p><p><b>Ki az adatkezel\u0151 az \u00d6n szem\u00e9lyes adatainak kezel\u00e9s\u00e9vel kapcsolatban?<\/b><\/p><table><tbody><tr><td><p>Adatkezel\u0151<\/p><\/td><td><p>Neuraxpharm csoport v\u00e1llalatai (\u201e<b>Neuraxpharm<\/b>\u201d). A hivatkozott v\u00e1llalatok el\u00e9rhet\u0151s\u00e9geit az al\u00e1bbi linken tal\u00e1lja [\u2026]<\/p><p>\u00a0<\/p><p>\u00a0<\/p><p>A farmakovigilancia eset\u00e9ben a CEREBRO SPAIN BIDCO S.L. a felel\u0151s.<\/p><\/td><\/tr><tr><td><p>E-mail c\u00edm<\/p><\/td><td><p><a href=\"mailto:gdpr@neuraxpharm.com\"><u>gdpr@neuraxpharm.com<\/u><\/a><\/p><\/td><\/tr><\/tbody><\/table><p><b>Milyen c\u00e9lb\u00f3l kezelj\u00fck szem\u00e9lyes adatait?<\/b><\/p><p>A Neuraxpharm az \u00d6n \u00e1ltal megadott szem\u00e9lyes adatokat a kapcsolatfelv\u00e9teli \u0171rlapok kit\u00f6lt\u00e9s\u00e9vel vagy a weboldalon megadott e-mail c\u00edmen vagy telefonsz\u00e1mon t\u00f6rt\u00e9n\u0151 felkeres\u00e9ssel az al\u00e1bbi c\u00e9lokra dolgozza fel:<\/p><p><b>Kereskedelmi kommunik\u00e1ci\u00f3<\/b><\/p><p>Prom\u00f3ci\u00f3s tev\u00e9kenys\u00e9g\u00e9nek r\u00e9szek\u00e9nt a Neuraxpharm lehet\u0151s\u00e9get biztos\u00edt \u00d6nnek a h\u00edrekre vagy a kapcsol\u00f3d\u00f3 kereskedelmi inform\u00e1ci\u00f3kra val\u00f3 regisztr\u00e1ci\u00f3hoz vagy feliratkoz\u00e1shoz. Az ilyenekhez mindig az \u00d6n kifejezett hozz\u00e1j\u00e1rul\u00e1sa sz\u00fcks\u00e9ges ahhoz, hogy h\u00edreket vagy kereskedelmi inform\u00e1ci\u00f3kat k\u00fcldhess\u00fcnk \u00d6nnek. Ez\u00e9rt, ha \u00d6n hozz\u00e1j\u00e1rul\u00e1s\u00e1t adta, a Neuraxpharm inform\u00e1ci\u00f3kat k\u00fcld \u00d6nnek a term\u00e9keir\u0151l.<\/p><p>A kereskedelmi k\u00f6zlem\u00e9nyek fogad\u00e1s\u00e1hoz adott hozz\u00e1j\u00e1rul\u00e1s\u00e1t b\u00e1rmikor visszavonhatja, ha az egyes kereskedelmi k\u00f6zlem\u00e9nyekben tal\u00e1lhat\u00f3 hivatkoz\u00e1sra vagy gombra kattint, vagy e-mailt k\u00fcld nek\u00fcnk a k\u00f6vetkez\u0151 c\u00edmre: <a href=\"mailto:gdpr@neuraxpharm.com\"><u>gdpr@neuraxpharm.com<\/u><\/a>.<\/p><p><b>Sajt\u00f3kapcsolat<\/b><\/p><p>V\u00e1lasz inform\u00e1ci\u00f3k\u00e9r\u00e9sekre.<\/p><p><b>Etikai \u00e9s megfelel\u0151s\u00e9gi <\/b><b>csatorna<\/b><\/p><p>A Neuraxpharmhoz beny\u00fajtott panaszok kezel\u00e9se az Etikai \u00e9s megfelel\u0151s\u00e9gi csatorn\u00e1n kereszt\u00fcl, valamint a bejelentett t\u00e9nyek kivizsg\u00e1l\u00e1sa, a megfelel\u0151 korrekci\u00f3s int\u00e9zked\u00e9sek megt\u00e9tele, \u00e9s sz\u00fcks\u00e9g eset\u00e9n a Felhaszn\u00e1l\u00f3 t\u00e1j\u00e9koztat\u00e1sa az elj\u00e1r\u00e1s eredm\u00e9ny\u00e9r\u0151l.<\/p><p><b>Mell\u00e9khat\u00e1sok jelent\u00e9s<\/b><\/p><p>1. V\u00e1laszoljon a felhaszn\u00e1l\u00f3 \u00e1ltal ezen az \u00faton beny\u00fajtott inform\u00e1ci\u00f3k\u00e9r\u00e9sekre.<\/p><p>2. Kezelje a gy\u00f3gyszermell\u00e9khat\u00e1sok gyan\u00fainak nyilv\u00e1ntart\u00e1s\u00e1t.<\/p><p><b>Kapcsolat eg\u00e9szs\u00e9g\u00fcgyi szakemberekkel<\/b><\/p><p>V\u00e1lasz inform\u00e1ci\u00f3k\u00e9r\u00e9sekre.<\/p><p><b>International Trade Business<\/b><\/p><p>V\u00e1lasz inform\u00e1ci\u00f3k\u00e9r\u00e9sekre.<\/p><p><b>Weboldal regisztr\u00e1ci\u00f3 (\u201ePriv\u00e1t ter\u00fclet\u201d)<\/b><\/p><p>Kezelje regisztr\u00e1ci\u00f3s k\u00e9relm\u00e9t weboldalunkon.<\/p><p><b>Mennyi ideig t\u00e1roljuk szem\u00e9lyes adatait?<\/b><\/p><p>A Neuraxpharm v\u00e1llalja, hogy addig kezeli az \u00d6n szem\u00e9lyes adatait, am\u00edg az hasznos \u00e9s sz\u00fcks\u00e9ges ahhoz, hogy min\u0151s\u00e9gi szolg\u00e1ltat\u00e1st ny\u00fajthasson \u00d6nnek. Ez\u00e9rt a Neuraxpharm minden \u00e9sszer\u0171 er\u0151fesz\u00edt\u00e9st megtesz annak \u00e9rdek\u00e9ben, hogy minim\u00e1lisra cs\u00f6kkentse az \u00d6n szem\u00e9lyes adatai feldolgoz\u00e1s\u00e1hoz \u00e9s t\u00e1rol\u00e1s\u00e1hoz sz\u00fcks\u00e9ges id\u0151t.<\/p><p>T\u00e1j\u00e9koztatjuk, hogy az \u00d6n szem\u00e9lyes adatait az adatok biztons\u00e1g\u00e1nak \u00e9s s\u00e9rtetlens\u00e9g\u00e9nek garant\u00e1l\u00e1s\u00e1hoz sz\u00fcks\u00e9ges technikai \u00e9s szervez\u00e9si int\u00e9zked\u00e9sek megt\u00e9tel\u00e9vel t\u00e1roljuk a k\u00f6vetkez\u0151 id\u0151tartamokig, \u00e9s minden esetben mindaddig, am\u00edg \u00d6n nem k\u00e9ri azok t\u00f6rl\u00e9s\u00e9t:<\/p><table><tbody><tr><td><p><b>C\u00e9l<\/b><\/p><\/td><td><p><b>T\u00e1rol\u00e1si id\u0151szak<\/b><\/p><\/td><\/tr><tr><td><p>Kereskedelmi kommunik\u00e1ci\u00f3 (2.i. szakasz)<\/p><\/td><td><p>Am\u00edg vissza nem vonja az adatkezel\u00e9shez adott hozz\u00e1j\u00e1rul\u00e1s\u00e1t.<\/p><\/td><\/tr><tr><td><p>Sajt\u00f3kapcsolat (2.ii. szakasz)<\/p><\/td><td><p>Am\u00edg k\u00e9r\u00e9se teljes\u00edt\u00e9s\u00e9hez sz\u00fcks\u00e9ges.<\/p><\/td><\/tr><tr><td><p>Etikai \u00e9s megfelel\u0151s\u00e9gi csatorna (2.iii. szakasz)<\/p><\/td><td><p>Ameddig a bejelentett esem\u00e9nyek kivizsg\u00e1l\u00e1s\u00e1nak hely\u00e9nval\u00f3s\u00e1g\u00e1r\u00f3l d\u00f6nteni kell, \u00e9s adott esetben a panasz megold\u00e1s\u00e1hoz sz\u00fcks\u00e9ges ideig.<\/p><\/td><\/tr><tr><td><p>Mell\u00e9khat\u00e1sok jelent\u00e9s (2.iv. szakasz)<\/p><\/td><td><p>Ahogyan azt az eg\u00e9szs\u00e9ghez val\u00f3 jog k\u00f6zhatalmi v\u00e9delm\u00e9t, valamint a fogyaszt\u00f3k t\u00e1j\u00e9koztat\u00e1s\u00e1t \u00e9s felvil\u00e1gos\u00edt\u00e1s\u00e1t szab\u00e1lyoz\u00f3 jogszab\u00e1lyok a felel\u0151ss\u00e9g el\u00e9v\u00fcl\u00e9s\u00e9t illet\u0151en el\u0151ir\u00e1nyozz\u00e1k.<\/p><\/td><\/tr><tr><td><p>Kapcsolat eg\u00e9szs\u00e9g\u00fcgyi szakemberekkel (2.v. szakasz)<\/p><p>\u00a0<\/p><p>\u00a0<\/p><\/td><td><p>Am\u00edg k\u00e9r\u00e9se teljes\u00edt\u00e9s\u00e9hez sz\u00fcks\u00e9ges.<\/p><\/td><\/tr><tr><td><p>International Trade Business (2.vi. szakasz)<\/p><\/td><td><p>Am\u00edg k\u00e9r\u00e9se teljes\u00edt\u00e9s\u00e9hez sz\u00fcks\u00e9ges.<\/p><\/td><\/tr><tr><td><p>Weboldal regisztr\u00e1ci\u00f3 (2.vii. szakasz)<\/p><\/td><td><p>Am\u00edg k\u00e9r\u00e9se teljes\u00edt\u00e9s\u00e9hez sz\u00fcks\u00e9ges.<\/p><\/td><\/tr><\/tbody><\/table><p>Mindenesetre, ha k\u00e9ri is szem\u00e9lyes adatainak t\u00f6rl\u00e9s\u00e9t, a Neuraxpharm jogosult azokat a megfelel\u0151 z\u00e1rol\u00e1s mellett meg\u0151rizni \u00e9s fenntartani a megfelel\u0151 jogi k\u00f6telezetts\u00e9gek teljes\u00edt\u00e9s\u00e9hez sz\u00fcks\u00e9ges ideig, valamint az illet\u00e9kes hat\u00f3s\u00e1gok rendelkez\u00e9s\u00e9re bocs\u00e1tani a k\u00fcl\u00f6nb\u00f6z\u0151 vonatkoz\u00f3 k\u00e9rd\u00e9sekben.<\/p><p><b>Mi az \u00d6n szem\u00e9lyes adatai kezel\u00e9s\u00e9nek jogalapja?<\/b><\/p><p>Az \u00d6n szem\u00e9lyes adatai kezel\u00e9s\u00e9nek jogalapja a jelen szab\u00e1lyzat 2. pontja szerinti adatkezel\u00e9s c\u00e9lj\u00e1t\u00f3l f\u00fcgg\u0151en v\u00e1ltozik:<\/p><table><tbody><tr><td><p><b>C\u00e9l<\/b><\/p><\/td><td><p><b>Jogalap<\/b><\/p><\/td><\/tr><tr><td><p>Kereskedelmi kommunik\u00e1ci\u00f3 (2.i. szakasz)<\/p><\/td><td><p>Az \u00d6n hozz\u00e1j\u00e1rul\u00e1sa.<\/p><\/td><\/tr><tr><td><p>Sajt\u00f3kapcsolat (2.ii. szakasz)<\/p><\/td><td><p>Az \u00d6n hozz\u00e1j\u00e1rul\u00e1sa, amikor a kapcsolatfelv\u00e9teli \u0171rlapon kereszt\u00fcl kapcsolatba l\u00e9p vel\u00fcnk.<\/p><\/td><\/tr><tr><td><p>Etikai \u00e9s megfelel\u0151s\u00e9gi csatorna (2.iii. szakasz)<\/p><\/td><td><p>Jogi k\u00f6telezetts\u00e9g, k\u00fcl\u00f6n\u00f6sen az (EU) 2019\/1937 ir\u00e1nyelv az eur\u00f3pai uni\u00f3s jog megs\u00e9rt\u00e9s\u00e9t bejelent\u0151 szem\u00e9lyek v\u00e9delm\u00e9r\u0151l.<\/p><\/td><\/tr><tr><td><p>Mell\u00e9khat\u00e1sok jelent\u00e9s (2.iv. szakasz)<\/p><\/td><td><p>Jogi k\u00f6telezetts\u00e9g, k\u00fcl\u00f6n\u00f6sen az Eur\u00f3pai Parlament \u00e9s a Tan\u00e1cs 2010. december 15-i 1235\/2010\/EU rendelete, amely az emberi felhaszn\u00e1l\u00e1sra sz\u00e1nt gy\u00f3gyszerek farmakovigilancia tekintet\u00e9ben m\u00f3dos\u00edtja az emberi \u00e9s \u00e1llatgy\u00f3gy\u00e1szati felhaszn\u00e1l\u00e1sra sz\u00e1nt gy\u00f3gyszerek enged\u00e9lyez\u00e9s\u00e9re \u00e9s fel\u00fcgyelet\u00e9re vonatkoz\u00f3 k\u00f6z\u00f6ss\u00e9gi elj\u00e1r\u00e1sok meg\u00e1llap\u00edt\u00e1s\u00e1r\u00f3l, valamint az Eur\u00f3pai Gy\u00f3gyszer\u00fcgyn\u00f6ks\u00e9g l\u00e9trehoz\u00e1s\u00e1r\u00f3l sz\u00f3l\u00f3 726\/2004\/EK rendeletet, valamint a fejlett ter\u00e1pi\u00e1s gy\u00f3gyszerekr\u0151l sz\u00f3l\u00f3 1394\/2007\/EK rendelet.<\/p><\/td><\/tr><tr><td><p>Kapcsolat eg\u00e9szs\u00e9g\u00fcgyi szakemberekkel (2.v. szakasz)<\/p><p>\u00a0<\/p><p>\u00a0<\/p><\/td><td><p>Az \u00d6n hozz\u00e1j\u00e1rul\u00e1sa, amikor a kapcsolatfelv\u00e9teli \u0171rlapon kereszt\u00fcl kapcsolatba l\u00e9p vel\u00fcnk.<\/p><\/td><\/tr><tr><td><p>International Trade Business (2.vi. szakasz)<\/p><\/td><td><p>Az \u00d6n hozz\u00e1j\u00e1rul\u00e1sa, amikor a kapcsolatfelv\u00e9teli \u0171rlapon kereszt\u00fcl kapcsolatba l\u00e9p vel\u00fcnk.<\/p><\/td><\/tr><tr><td><p>Weboldal regisztr\u00e1ci\u00f3 (2.vii. szakasz)<\/p><\/td><td><p>Az \u00d6n hozz\u00e1j\u00e1rul\u00e1sa, amikor a kapcsolatfelv\u00e9teli \u0171rlapon kereszt\u00fcl kapcsolatba l\u00e9p vel\u00fcnk.<\/p><\/td><\/tr><\/tbody><\/table><p><b>Kinek adjuk ki szem\u00e9lyes adatait?<\/b><\/p><p>Szem\u00e9lyes adatait nem adjuk ki harmadik f\u00e9lnek, kiv\u00e9ve azokat a sz\u00e1ll\u00edt\u00f3kat, akik az \u00e1ltalunk ny\u00fajtott szolg\u00e1ltat\u00e1sok megfelel\u0151 teljes\u00edt\u00e9se \u00e9rdek\u00e9ben szolg\u00e1ltat\u00e1sokat ny\u00fajtanak sz\u00e1munkra. A Neuraxpharm az \u00d6n szem\u00e9lyes adatait k\u00f6ztest\u00fcleteknek \u00e9s hat\u00f3s\u00e1goknak (k\u00f6zigazgat\u00e1si vagy b\u00edr\u00f3s\u00e1gi) is kiadhatja olyan esetekben, amikor jogszab\u00e1lyi k\u00f6telezetts\u00e9g \u00e1ll fenn.<\/p><p>T\u00e1j\u00e9koztatjuk, hogy az \u00d6n \u00e1ltal rendelkez\u00e9s\u00fcnkre bocs\u00e1tott adatokat bels\u0151 adminisztr\u00e1ci\u00f3s c\u00e9lokra \u00e1tadhatjuk a Neuraxpharm csoporthoz tartoz\u00f3 v\u00e1llalatoknak.<\/p><p><b>Milyen jogai vannak szem\u00e9lyes adataival kapcsolatban, \u00e9s hogyan gyakorolhatja azokat?<\/b><\/p><p>\u00d6n b\u00e1rmikor jogosult szem\u00e9lyes adataihoz hozz\u00e1f\u00e9rni, valamint k\u00e9rheti a pontatlan adatok helyesb\u00edt\u00e9s\u00e9t, vagy adott esetben k\u00e9rheti azok t\u00f6rl\u00e9s\u00e9t, ha p\u00e9ld\u00e1ul az adatokra m\u00e1r nincs sz\u00fcks\u00e9g olyan c\u00e9lokb\u00f3l, amelyekre azokat \u00f6sszegy\u0171jt\u00f6tt\u00e9k.<\/p><p>Bizonyos k\u00f6r\u00fclm\u00e9nyek k\u00f6z\u00f6tt k\u00e9rheti, hogy korl\u00e1tozzuk adatai kezel\u00e9s\u00e9t, ebben az esetben csak a k\u00f6vetel\u00e9sek \u00e9rv\u00e9nyes\u00edt\u00e9se vagy v\u00e9delme c\u00e9lj\u00e1b\u00f3l \u0151rizz\u00fck meg azokat.<\/p><p>Bizonyos k\u00f6r\u00fclm\u00e9nyek k\u00f6z\u00f6tt \u00e9s az \u00d6n egy\u00e9ni helyzet\u00e9vel kapcsolatos okokb\u00f3l tiltakozhat adatai kezel\u00e9se ellen. A Neuraxpharm le\u00e1ll\u00edtja az adatok feldolgoz\u00e1s\u00e1t, kiv\u00e9ve k\u00e9nyszer\u00edt\u0151 erej\u0171 jogos okokb\u00f3l, illetve b\u00e1rmely k\u00f6vetel\u00e9s \u00e9rv\u00e9nyes\u00edt\u00e9se vagy v\u00e9delme c\u00e9lj\u00e1b\u00f3l.<\/p><p>\u00d6n b\u00e1rmikor gyakorolhatja az adatai hordozhat\u00f3s\u00e1g\u00e1hoz val\u00f3 jog\u00e1t, \u00e9s visszavonhatja hozz\u00e1j\u00e1rul\u00e1s\u00e1t an\u00e9lk\u00fcl, hogy ez befoly\u00e1soln\u00e1 a visszavon\u00e1s el\u0151tti hozz\u00e1j\u00e1rul\u00e1son alapul\u00f3 adatkezel\u00e9s jogszer\u0171s\u00e9g\u00e9t.<\/p><p>Ha \u00e9lni k\u00edv\u00e1n valamely jog\u00e1val, lev\u00e9lben, szem\u00e9lyazonoss\u00e1g\u00e1t igazol\u00f3 irat csatol\u00e1s\u00e1val, a gyakorolni k\u00edv\u00e1nt jog\u00e1nak kifejezett megjel\u00f6l\u00e9s\u00e9vel forduljon hozz\u00e1nk a fenti c\u00edmen, vagy k\u00fcldj\u00f6n e-mailt a k\u00f6vetkez\u0151 c\u00edmre: <a href=\"mailto:gdpr@neuraxpharm.com\"><u>gdpr@neuraxpharm.com<\/u><\/a>.<\/p><p>V\u00e9gezet\u00fcl t\u00e1j\u00e9koztatjuk, hogy a szem\u00e9lyes adatainak kezel\u00e9s\u00e9b\u0151l ered\u0151 b\u00e1rmely k\u00f6vetel\u00e9ssel kapcsolatba l\u00e9phet orsz\u00e1ga illet\u00e9kes adatv\u00e9delmi hat\u00f3s\u00e1g\u00e1val \u00e9s m\u00e1s illet\u00e9kes \u00e1llami szervekkel.<\/p><p><b>Titoktart\u00e1si \u00e9s biztons\u00e1gi int\u00e9zked\u00e9sek<\/b><\/p><p>A Neuraxpharm minden megfelel\u0151 biztons\u00e1gi int\u00e9zked\u00e9st megtett annak biztos\u00edt\u00e1s\u00e1ra, hogy a feldolgozott szem\u00e9lyes adatok ne vesszenek el, ne ker\u00fcljenek megv\u00e1ltoztat\u00e1sra, ne t\u00f6rt\u00e9njen vel\u00fck vissza\u00e9l\u00e9s \u00e9s ne f\u00e9rjenek hozz\u00e1juk jogosulatlanul. A Neuraxpharm rendszeresen fel\u00fclvizsg\u00e1lja az alkalmazott biztons\u00e1gi int\u00e9zked\u00e9seket annak biztos\u00edt\u00e1sa \u00e9rdek\u00e9ben, hogy azok mindenkor megfeleljenek az \u00e1ltala v\u00e9gzett feldolgoz\u00e1s szempontj\u00e1b\u00f3l.<\/p><p>A fentiek ellen\u00e9re az internethaszn\u00e1lat nem teljesen biztons\u00e1gos, \u00e9s nem tudjuk garant\u00e1lni az \u00d6n adatainak biztons\u00e1g\u00e1t.<\/p><p>\u00a0<\/p>\t\t\t\t\t\t\t\t<\/div>\n\t\t\t\t<\/div>\n\t\t\t\t\t<\/div>\n\t\t<\/div>\n\t\t\t\t\t<\/div>\n\t\t<\/section>\n\t\t\t\t<\/div>\n\t\t","protected":false},"excerpt":{"rendered":"<p>Adatv\u00e9delmi szab\u00e1lyzat A szem\u00e9lyes adatok kezel\u00e9se tekintet\u00e9ben az egy\u00e9nek v\u00e9delm\u00e9r\u0151l \u00e9s az ilyen adatok szabad \u00e1raml\u00e1s\u00e1r\u00f3l sz\u00f3l\u00f3, 2016. \u00e1prilis 27-i (EU) 2016\/679 eur\u00f3pai parlamenti \u00e9s tan\u00e1csi rendelettel, valamint minden m\u00e1s vonatkoz\u00f3 rendelettel \u00f6sszhangban ezennel r\u00e9szletes t\u00e1j\u00e9koztat\u00e1st adunk szem\u00e9lyes adatainak kezel\u00e9s\u00e9r\u0151l. Ki az adatkezel\u0151 az \u00d6n szem\u00e9lyes adatainak kezel\u00e9s\u00e9vel kapcsolatban? Adatkezel\u0151 Neuraxpharm csoport v\u00e1llalatai (\u201eNeuraxpharm\u201d). A [&hellip;]<\/p>\n","protected":false},"author":1,"featured_media":0,"parent":0,"menu_order":0,"comment_status":"closed","ping_status":"closed","template":"","meta":{"_acf_changed":false,"footnotes":""},"class_list":["post-3","page","type-page","status-publish","hentry"],"yoast_head":"<!-- This site is optimized with the Yoast SEO Premium plugin v27.2 (Yoast SEO v27.2) - https:\/\/yoast.com\/product\/yoast-seo-premium-wordpress\/ -->\n<title>Adatv\u00e9delmi ir\u00e1nyelvek - Neuraxpharm Hungary<\/title>\n<meta name=\"robots\" content=\"index, follow, max-snippet:-1, max-image-preview:large, max-video-preview:-1\" \/>\n<link rel=\"canonical\" href=\"https:\/\/www.neuraxpharm.com\/hu\/adatvedelmi-szabalyzat\" \/>\n<meta property=\"og:locale\" content=\"hu_HU\" \/>\n<meta property=\"og:type\" content=\"article\" \/>\n<meta property=\"og:title\" content=\"Adatv\u00e9delmi ir\u00e1nyelvek\" \/>\n<meta property=\"og:description\" content=\"Adatv\u00e9delmi szab\u00e1lyzat A szem\u00e9lyes adatok kezel\u00e9se tekintet\u00e9ben az egy\u00e9nek v\u00e9delm\u00e9r\u0151l \u00e9s az ilyen adatok szabad \u00e1raml\u00e1s\u00e1r\u00f3l sz\u00f3l\u00f3, 2016. \u00e1prilis 27-i (EU) 2016\/679 eur\u00f3pai parlamenti \u00e9s tan\u00e1csi rendelettel, valamint minden m\u00e1s vonatkoz\u00f3 rendelettel \u00f6sszhangban ezennel r\u00e9szletes t\u00e1j\u00e9koztat\u00e1st adunk szem\u00e9lyes adatainak kezel\u00e9s\u00e9r\u0151l. Ki az adatkezel\u0151 az \u00d6n szem\u00e9lyes adatainak kezel\u00e9s\u00e9vel kapcsolatban? Adatkezel\u0151 Neuraxpharm csoport v\u00e1llalatai (\u201eNeuraxpharm\u201d). A [&hellip;]\" \/>\n<meta property=\"og:url\" content=\"https:\/\/www.neuraxpharm.com\/hu\/adatvedelmi-szabalyzat\" \/>\n<meta property=\"og:site_name\" content=\"Neuraxpharm Hungary\" \/>\n<meta property=\"article:modified_time\" content=\"2023-04-21T12:19:45+00:00\" \/>\n<meta name=\"twitter:card\" content=\"summary_large_image\" \/>\n<meta name=\"twitter:label1\" content=\"Becs\u00fclt olvas\u00e1si id\u0151\" \/>\n\t<meta name=\"twitter:data1\" content=\"6 perc\" \/>\n<script type=\"application\/ld+json\" class=\"yoast-schema-graph\">{\"@context\":\"https:\/\/schema.org\",\"@graph\":[{\"@type\":\"WebPage\",\"@id\":\"https:\/\/www.neuraxpharm.com\/hu\/adatvedelmi-szabalyzat\",\"url\":\"https:\/\/www.neuraxpharm.com\/hu\/adatvedelmi-szabalyzat\",\"name\":\"Adatv\u00e9delmi ir\u00e1nyelvek - Neuraxpharm Hungary\",\"isPartOf\":{\"@id\":\"https:\/\/www.neuraxpharm.com\/hu\/#website\"},\"datePublished\":\"2021-01-27T16:51:35+00:00\",\"dateModified\":\"2023-04-21T12:19:45+00:00\",\"inLanguage\":\"hu\",\"potentialAction\":[{\"@type\":\"ReadAction\",\"target\":[\"https:\/\/www.neuraxpharm.com\/hu\/adatvedelmi-szabalyzat\"]}]},{\"@type\":\"WebSite\",\"@id\":\"https:\/\/www.neuraxpharm.com\/hu\/#website\",\"url\":\"https:\/\/www.neuraxpharm.com\/hu\/\",\"name\":\"Neuraxpharm Hungary\",\"description\":\"Ein europ\u00e4ischer Marktf\u00fchrer f\u00fcr CNS-Produkte\",\"potentialAction\":[{\"@type\":\"SearchAction\",\"target\":{\"@type\":\"EntryPoint\",\"urlTemplate\":\"https:\/\/www.neuraxpharm.com\/hu\/?s={search_term_string}\"},\"query-input\":{\"@type\":\"PropertyValueSpecification\",\"valueRequired\":true,\"valueName\":\"search_term_string\"}}],\"inLanguage\":\"hu\"}]}<\/script>\n<!-- \/ Yoast SEO Premium plugin. -->","yoast_head_json":{"title":"Adatv\u00e9delmi ir\u00e1nyelvek - Neuraxpharm Hungary","robots":{"index":"index","follow":"follow","max-snippet":"max-snippet:-1","max-image-preview":"max-image-preview:large","max-video-preview":"max-video-preview:-1"},"canonical":"https:\/\/www.neuraxpharm.com\/hu\/adatvedelmi-szabalyzat","og_locale":"hu_HU","og_type":"article","og_title":"Adatv\u00e9delmi ir\u00e1nyelvek","og_description":"Adatv\u00e9delmi szab\u00e1lyzat A szem\u00e9lyes adatok kezel\u00e9se tekintet\u00e9ben az egy\u00e9nek v\u00e9delm\u00e9r\u0151l \u00e9s az ilyen adatok szabad \u00e1raml\u00e1s\u00e1r\u00f3l sz\u00f3l\u00f3, 2016. \u00e1prilis 27-i (EU) 2016\/679 eur\u00f3pai parlamenti \u00e9s tan\u00e1csi rendelettel, valamint minden m\u00e1s vonatkoz\u00f3 rendelettel \u00f6sszhangban ezennel r\u00e9szletes t\u00e1j\u00e9koztat\u00e1st adunk szem\u00e9lyes adatainak kezel\u00e9s\u00e9r\u0151l. Ki az adatkezel\u0151 az \u00d6n szem\u00e9lyes adatainak kezel\u00e9s\u00e9vel kapcsolatban? Adatkezel\u0151 Neuraxpharm csoport v\u00e1llalatai (\u201eNeuraxpharm\u201d). A [&hellip;]","og_url":"https:\/\/www.neuraxpharm.com\/hu\/adatvedelmi-szabalyzat","og_site_name":"Neuraxpharm Hungary","article_modified_time":"2023-04-21T12:19:45+00:00","twitter_card":"summary_large_image","twitter_misc":{"Becs\u00fclt olvas\u00e1si id\u0151":"6 perc"},"schema":{"@context":"https:\/\/schema.org","@graph":[{"@type":"WebPage","@id":"https:\/\/www.neuraxpharm.com\/hu\/adatvedelmi-szabalyzat","url":"https:\/\/www.neuraxpharm.com\/hu\/adatvedelmi-szabalyzat","name":"Adatv\u00e9delmi ir\u00e1nyelvek - Neuraxpharm Hungary","isPartOf":{"@id":"https:\/\/www.neuraxpharm.com\/hu\/#website"},"datePublished":"2021-01-27T16:51:35+00:00","dateModified":"2023-04-21T12:19:45+00:00","inLanguage":"hu","potentialAction":[{"@type":"ReadAction","target":["https:\/\/www.neuraxpharm.com\/hu\/adatvedelmi-szabalyzat"]}]},{"@type":"WebSite","@id":"https:\/\/www.neuraxpharm.com\/hu\/#website","url":"https:\/\/www.neuraxpharm.com\/hu\/","name":"Neuraxpharm Hungary","description":"Ein europ\u00e4ischer Marktf\u00fchrer f\u00fcr CNS-Produkte","potentialAction":[{"@type":"SearchAction","target":{"@type":"EntryPoint","urlTemplate":"https:\/\/www.neuraxpharm.com\/hu\/?s={search_term_string}"},"query-input":{"@type":"PropertyValueSpecification","valueRequired":true,"valueName":"search_term_string"}}],"inLanguage":"hu"}]}},"acf":[],"_links":{"self":[{"href":"https:\/\/www.neuraxpharm.com\/hu\/wp-json\/wp\/v2\/pages\/3","targetHints":{"allow":["GET"]}}],"collection":[{"href":"https:\/\/www.neuraxpharm.com\/hu\/wp-json\/wp\/v2\/pages"}],"about":[{"href":"https:\/\/www.neuraxpharm.com\/hu\/wp-json\/wp\/v2\/types\/page"}],"author":[{"embeddable":true,"href":"https:\/\/www.neuraxpharm.com\/hu\/wp-json\/wp\/v2\/users\/1"}],"replies":[{"embeddable":true,"href":"https:\/\/www.neuraxpharm.com\/hu\/wp-json\/wp\/v2\/comments?post=3"}],"version-history":[{"count":129,"href":"https:\/\/www.neuraxpharm.com\/hu\/wp-json\/wp\/v2\/pages\/3\/revisions"}],"predecessor-version":[{"id":27841,"href":"https:\/\/www.neuraxpharm.com\/hu\/wp-json\/wp\/v2\/pages\/3\/revisions\/27841"}],"wp:attachment":[{"href":"https:\/\/www.neuraxpharm.com\/hu\/wp-json\/wp\/v2\/media?parent=3"}],"curies":[{"name":"wp","href":"https:\/\/api.w.org\/{rel}","templated":true}]}}