{"id":28308,"date":"2023-05-05T10:46:05","date_gmt":"2023-05-05T10:46:05","guid":{"rendered":"https:\/\/www.neuraxpharm.com\/hu\/?page_id=28308"},"modified":"2023-05-05T10:59:39","modified_gmt":"2023-05-05T10:59:39","slug":"miguel-barrero","status":"publish","type":"page","link":"https:\/\/www.neuraxpharm.com\/hu\/rolunk\/vezetoi-testulet\/miguel-barrero","title":{"rendered":"MIGUEL BARRERO"},"content":{"rendered":"\t\t<div data-elementor-type=\"wp-page\" data-elementor-id=\"28308\" class=\"elementor elementor-28308\" data-elementor-post-type=\"page\">\n\t\t\t\t\t\t<section class=\"elementor-section elementor-top-section elementor-element elementor-element-7f808905 elementor-section-boxed elementor-section-height-default elementor-section-height-default\" data-id=\"7f808905\" data-element_type=\"section\" data-e-type=\"section\" data-settings=\"{&quot;jet_parallax_layout_list&quot;:[{&quot;jet_parallax_layout_image&quot;:{&quot;url&quot;:&quot;&quot;,&quot;id&quot;:&quot;&quot;,&quot;size&quot;:&quot;&quot;},&quot;_id&quot;:&quot;f02b98c&quot;,&quot;jet_parallax_layout_image_tablet&quot;:{&quot;url&quot;:&quot;&quot;,&quot;id&quot;:&quot;&quot;,&quot;size&quot;:&quot;&quot;},&quot;jet_parallax_layout_image_mobile&quot;:{&quot;url&quot;:&quot;&quot;,&quot;id&quot;:&quot;&quot;,&quot;size&quot;:&quot;&quot;},&quot;jet_parallax_layout_speed&quot;:{&quot;unit&quot;:&quot;%&quot;,&quot;size&quot;:50,&quot;sizes&quot;:[]},&quot;jet_parallax_layout_type&quot;:&quot;scroll&quot;,&quot;jet_parallax_layout_direction&quot;:&quot;1&quot;,&quot;jet_parallax_layout_fx_direction&quot;:null,&quot;jet_parallax_layout_z_index&quot;:&quot;&quot;,&quot;jet_parallax_layout_bg_x&quot;:50,&quot;jet_parallax_layout_bg_x_tablet&quot;:&quot;&quot;,&quot;jet_parallax_layout_bg_x_mobile&quot;:&quot;&quot;,&quot;jet_parallax_layout_bg_y&quot;:50,&quot;jet_parallax_layout_bg_y_tablet&quot;:&quot;&quot;,&quot;jet_parallax_layout_bg_y_mobile&quot;:&quot;&quot;,&quot;jet_parallax_layout_bg_size&quot;:&quot;auto&quot;,&quot;jet_parallax_layout_bg_size_tablet&quot;:&quot;&quot;,&quot;jet_parallax_layout_bg_size_mobile&quot;:&quot;&quot;,&quot;jet_parallax_layout_animation_prop&quot;:&quot;transform&quot;,&quot;jet_parallax_layout_on&quot;:[&quot;desktop&quot;,&quot;tablet&quot;]}]}\">\n\t\t\t\t\t\t<div class=\"elementor-container elementor-column-gap-default\">\n\t\t\t\t\t<div class=\"elementor-column elementor-col-33 elementor-top-column elementor-element elementor-element-3d70389b\" data-id=\"3d70389b\" data-element_type=\"column\" data-e-type=\"column\">\n\t\t\t<div class=\"elementor-widget-wrap elementor-element-populated\">\n\t\t\t\t\t\t<div class=\"elementor-element elementor-element-75ad8cba elementor-widget elementor-widget-image\" data-id=\"75ad8cba\" data-element_type=\"widget\" data-e-type=\"widget\" data-widget_type=\"image.default\">\n\t\t\t\t<div class=\"elementor-widget-container\">\n\t\t\t\t\t\t\t\t\t\t\t\t\t\t\t<img fetchpriority=\"high\" decoding=\"async\" width=\"716\" height=\"700\" src=\"https:\/\/static.neuraxpharm.com\/wp-content\/uploads\/sites\/33\/2021\/03\/18092109\/m-barrero.jpg\" class=\"attachment-large size-large wp-image-28299\" alt=\"\" srcset=\"https:\/\/static.neuraxpharm.com\/wp-content\/uploads\/sites\/33\/2021\/03\/18092109\/m-barrero.jpg 716w, https:\/\/static.neuraxpharm.com\/wp-content\/uploads\/sites\/33\/2021\/03\/18092109\/m-barrero-300x293.jpg 300w, https:\/\/static.neuraxpharm.com\/wp-content\/uploads\/sites\/33\/2021\/03\/18092109\/m-barrero-600x587.jpg 600w\" sizes=\"(max-width: 716px) 100vw, 716px\" \/>\t\t\t\t\t\t\t\t\t\t\t\t\t\t\t<\/div>\n\t\t\t\t<\/div>\n\t\t\t\t<section class=\"elementor-section elementor-inner-section elementor-element elementor-element-74b8bffa elementor-section-content-top elementor-section-boxed elementor-section-height-default elementor-section-height-default\" data-id=\"74b8bffa\" data-element_type=\"section\" data-e-type=\"section\" data-settings=\"{&quot;jet_parallax_layout_list&quot;:[{&quot;jet_parallax_layout_image&quot;:{&quot;url&quot;:&quot;&quot;,&quot;id&quot;:&quot;&quot;,&quot;size&quot;:&quot;&quot;},&quot;_id&quot;:&quot;5f899ce&quot;,&quot;jet_parallax_layout_image_tablet&quot;:{&quot;url&quot;:&quot;&quot;,&quot;id&quot;:&quot;&quot;,&quot;size&quot;:&quot;&quot;},&quot;jet_parallax_layout_image_mobile&quot;:{&quot;url&quot;:&quot;&quot;,&quot;id&quot;:&quot;&quot;,&quot;size&quot;:&quot;&quot;},&quot;jet_parallax_layout_speed&quot;:{&quot;unit&quot;:&quot;%&quot;,&quot;size&quot;:50,&quot;sizes&quot;:[]},&quot;jet_parallax_layout_type&quot;:&quot;scroll&quot;,&quot;jet_parallax_layout_direction&quot;:&quot;1&quot;,&quot;jet_parallax_layout_fx_direction&quot;:null,&quot;jet_parallax_layout_z_index&quot;:&quot;&quot;,&quot;jet_parallax_layout_bg_x&quot;:50,&quot;jet_parallax_layout_bg_x_tablet&quot;:&quot;&quot;,&quot;jet_parallax_layout_bg_x_mobile&quot;:&quot;&quot;,&quot;jet_parallax_layout_bg_y&quot;:50,&quot;jet_parallax_layout_bg_y_tablet&quot;:&quot;&quot;,&quot;jet_parallax_layout_bg_y_mobile&quot;:&quot;&quot;,&quot;jet_parallax_layout_bg_size&quot;:&quot;auto&quot;,&quot;jet_parallax_layout_bg_size_tablet&quot;:&quot;&quot;,&quot;jet_parallax_layout_bg_size_mobile&quot;:&quot;&quot;,&quot;jet_parallax_layout_animation_prop&quot;:&quot;transform&quot;,&quot;jet_parallax_layout_on&quot;:[&quot;desktop&quot;,&quot;tablet&quot;]}]}\">\n\t\t\t\t\t\t<div class=\"elementor-container elementor-column-gap-default\">\n\t\t\t\t\t<div class=\"elementor-column elementor-col-50 elementor-inner-column elementor-element elementor-element-60646bf2\" data-id=\"60646bf2\" data-element_type=\"column\" data-e-type=\"column\">\n\t\t\t<div class=\"elementor-widget-wrap elementor-element-populated\">\n\t\t\t\t\t\t<div class=\"elementor-element elementor-element-15700adb elementor-view-default elementor-widget elementor-widget-icon\" data-id=\"15700adb\" data-element_type=\"widget\" data-e-type=\"widget\" data-widget_type=\"icon.default\">\n\t\t\t\t<div class=\"elementor-widget-container\">\n\t\t\t\t\t\t\t<div class=\"elementor-icon-wrapper\">\n\t\t\t<div class=\"elementor-icon\">\n\t\t\t<i aria-hidden=\"true\" class=\"fab fa-linkedin-in\"><\/i>\t\t\t<\/div>\n\t\t<\/div>\n\t\t\t\t\t\t<\/div>\n\t\t\t\t<\/div>\n\t\t\t\t\t<\/div>\n\t\t<\/div>\n\t\t\t\t<div class=\"elementor-column elementor-col-50 elementor-inner-column elementor-element elementor-element-15490b\" data-id=\"15490b\" data-element_type=\"column\" data-e-type=\"column\">\n\t\t\t<div class=\"elementor-widget-wrap elementor-element-populated\">\n\t\t\t\t\t\t<div class=\"elementor-element elementor-element-1cc52f3 elementor-widget elementor-widget-heading\" data-id=\"1cc52f3\" data-element_type=\"widget\" data-e-type=\"widget\" data-widget_type=\"heading.default\">\n\t\t\t\t<div class=\"elementor-widget-container\">\n\t\t\t\t\t<p class=\"elementor-heading-title elementor-size-default\"><a href=\"https:\/\/www.linkedin.com\/in\/mbarrero\/\" target=\"_blank\">https:\/\/www.linkedin.com\/in\/mbarrero\/<\/a><\/p>\t\t\t\t<\/div>\n\t\t\t\t<\/div>\n\t\t\t\t\t<\/div>\n\t\t<\/div>\n\t\t\t\t\t<\/div>\n\t\t<\/section>\n\t\t\t\t\t<\/div>\n\t\t<\/div>\n\t\t\t\t<div class=\"elementor-column elementor-col-66 elementor-top-column elementor-element elementor-element-17640048\" data-id=\"17640048\" data-element_type=\"column\" data-e-type=\"column\">\n\t\t\t<div class=\"elementor-widget-wrap elementor-element-populated\">\n\t\t\t\t\t\t<div class=\"elementor-element elementor-element-3453d9e5 elementor-widget elementor-widget-jet-breadcrumbs\" data-id=\"3453d9e5\" data-element_type=\"widget\" data-e-type=\"widget\" data-widget_type=\"jet-breadcrumbs.default\">\n\t\t\t\t<div class=\"elementor-widget-container\">\n\t\t\t\t\t<div class=\"elementor-jet-breadcrumbs jet-blocks\">\n\t\t<div class=\"jet-breadcrumbs\">\n\t\t<div class=\"jet-breadcrumbs__content\">\n\t\t<div class=\"jet-breadcrumbs__wrap\"><div class=\"jet-breadcrumbs__item\"><a href=\"https:\/\/www.neuraxpharm.com\/hu\/\" class=\"jet-breadcrumbs__item-link is-home\" rel=\"home\" title=\"Neuraxpharm\">Neuraxpharm<\/a><\/div>\n\t\t<\/div>\n\t\t<\/div>\n\t\t<\/div><\/div>\t\t\t\t<\/div>\n\t\t\t\t<\/div>\n\t\t\t\t<div class=\"elementor-element elementor-element-e5e84e8 elementor-widget elementor-widget-heading\" data-id=\"e5e84e8\" data-element_type=\"widget\" data-e-type=\"widget\" data-widget_type=\"heading.default\">\n\t\t\t\t<div class=\"elementor-widget-container\">\n\t\t\t\t\t<h1 class=\"elementor-heading-title elementor-size-default\">MIGUEL BARRERO<\/h1>\t\t\t\t<\/div>\n\t\t\t\t<\/div>\n\t\t\t\t<div class=\"elementor-element elementor-element-614cff3 elementor-widget elementor-widget-text-editor\" data-id=\"614cff3\" data-element_type=\"widget\" data-e-type=\"widget\" data-widget_type=\"text-editor.default\">\n\t\t\t\t<div class=\"elementor-widget-container\">\n\t\t\t\t\t\t\t\t\tMiguel Barrero Dur\u00e1n az \u00fczletfejleszt\u00e9si \u00e9s innov\u00e1ci\u00f3s r\u00e9szleg vezet\u0151je, \u00e9s 2015-ben csatlakozott a Neuraxpharmhoz, ahol l\u00e9trehozta \u00e9s fejlesztette az \u00fczletfejleszt\u00e9s \u00e9s enged\u00e9lyez\u00e9s, a sz\u00f6vets\u00e9gmenedzsment \u00e9s a k\u00f6zelm\u00faltban az ell\u00e1t\u00e1si l\u00e1nc v\u00e1llalati oszt\u00e1lyait. Miguel emellett a Szellemi tulajdon oszt\u00e1ly vezet\u0151je.\n<br><br>\nMiguel t\u00f6bb mint 22 \u00e9ves tapasztalatra tekint vissza a gy\u00f3gyszeriparban k\u00fcl\u00f6nb\u00f6z\u0151 poz\u00edci\u00f3kban \u00e9s v\u00e1llalatokn\u00e1l, szakmai p\u00e1lyafut\u00e1s\u00e1t 2000-ben kezdte az Almiralln\u00e1l, majd a Merck Seron\u00f3n\u00e1l 2005-ben, majd az Esteve-n\u00e9l 2008-ban, ahol vezet\u0151 gy\u00f3gyszerfejleszt\u00e9si poz\u00edci\u00f3kban dolgozott, aminek k\u00f6sz\u00f6nhet\u0151en kiterjedt m\u0171szaki \u00e9s tudom\u00e1nyos h\u00e1tt\u00e9rrel rendelkezik.\n<br><br>\nMiel\u0151tt csatlakozott a Neuraxpharmhoz, sz\u00e1mos vezet\u0151 beoszt\u00e1st t\u00f6lt\u00f6tt be az \u00fczletfejleszt\u00e9s ter\u00fclet\u00e9n, bele\u00e9rtve az Invent Farma \u00e9s a Hetero Europe c\u00e9gek kifel\u00e9 ir\u00e1nyul\u00f3 licencad\u00e1s\u00e1t, valamint a strat\u00e9giai partners\u00e9geken \u00e9s c\u00e9gfejleszt\u00e9seken kereszt\u00fcl t\u00f6rt\u00e9n\u0151 befel\u00e9 ir\u00e1nyul\u00f3 licencad\u00e1st \u00e9s \u00fczletfejleszt\u00e9st.\n<br><br>\nGy\u00f3gyszer\u00e9szetb\u0151l szerzett bachelor fokozatot a Barcelonai Egyetemen \u00e9s MBA fokozatot az ESADE glob\u00e1lis oktat\u00e1si int\u00e9zetben.\t\t\t\t\t\t\t\t<\/div>\n\t\t\t\t<\/div>\n\t\t\t\t\t<\/div>\n\t\t<\/div>\n\t\t\t\t\t<\/div>\n\t\t<\/section>\n\t\t\t\t<section class=\"elementor-section elementor-top-section elementor-element elementor-element-bacc1a9 elementor-section-boxed elementor-section-height-default elementor-section-height-default\" data-id=\"bacc1a9\" data-element_type=\"section\" data-e-type=\"section\" data-settings=\"{&quot;jet_parallax_layout_list&quot;:[{&quot;jet_parallax_layout_image&quot;:{&quot;url&quot;:&quot;&quot;,&quot;id&quot;:&quot;&quot;,&quot;size&quot;:&quot;&quot;},&quot;_id&quot;:&quot;e7d9f21&quot;,&quot;jet_parallax_layout_image_tablet&quot;:{&quot;url&quot;:&quot;&quot;,&quot;id&quot;:&quot;&quot;,&quot;size&quot;:&quot;&quot;},&quot;jet_parallax_layout_image_mobile&quot;:{&quot;url&quot;:&quot;&quot;,&quot;id&quot;:&quot;&quot;,&quot;size&quot;:&quot;&quot;},&quot;jet_parallax_layout_speed&quot;:{&quot;unit&quot;:&quot;%&quot;,&quot;size&quot;:50,&quot;sizes&quot;:[]},&quot;jet_parallax_layout_type&quot;:&quot;scroll&quot;,&quot;jet_parallax_layout_direction&quot;:&quot;1&quot;,&quot;jet_parallax_layout_fx_direction&quot;:null,&quot;jet_parallax_layout_z_index&quot;:&quot;&quot;,&quot;jet_parallax_layout_bg_x&quot;:50,&quot;jet_parallax_layout_bg_x_tablet&quot;:&quot;&quot;,&quot;jet_parallax_layout_bg_x_mobile&quot;:&quot;&quot;,&quot;jet_parallax_layout_bg_y&quot;:50,&quot;jet_parallax_layout_bg_y_tablet&quot;:&quot;&quot;,&quot;jet_parallax_layout_bg_y_mobile&quot;:&quot;&quot;,&quot;jet_parallax_layout_bg_size&quot;:&quot;auto&quot;,&quot;jet_parallax_layout_bg_size_tablet&quot;:&quot;&quot;,&quot;jet_parallax_layout_bg_size_mobile&quot;:&quot;&quot;,&quot;jet_parallax_layout_animation_prop&quot;:&quot;transform&quot;,&quot;jet_parallax_layout_on&quot;:[&quot;desktop&quot;,&quot;tablet&quot;]}]}\">\n\t\t\t\t\t\t<div class=\"elementor-container elementor-column-gap-default\">\n\t\t\t\t\t<div class=\"elementor-column elementor-col-100 elementor-top-column elementor-element elementor-element-7080505\" data-id=\"7080505\" data-element_type=\"column\" data-e-type=\"column\">\n\t\t\t<div class=\"elementor-widget-wrap elementor-element-populated\">\n\t\t\t\t\t\t<div class=\"elementor-element elementor-element-53f8d38 elementor-widget elementor-widget-spacer\" data-id=\"53f8d38\" data-element_type=\"widget\" data-e-type=\"widget\" data-widget_type=\"spacer.default\">\n\t\t\t\t<div class=\"elementor-widget-container\">\n\t\t\t\t\t\t\t<div class=\"elementor-spacer\">\n\t\t\t<div class=\"elementor-spacer-inner\"><\/div>\n\t\t<\/div>\n\t\t\t\t\t\t<\/div>\n\t\t\t\t<\/div>\n\t\t\t\t\t<\/div>\n\t\t<\/div>\n\t\t\t\t\t<\/div>\n\t\t<\/section>\n\t\t\t\t<\/div>\n\t\t","protected":false},"excerpt":{"rendered":"<p>https:\/\/www.linkedin.com\/in\/mbarrero\/ Neuraxpharm MIGUEL BARRERO Miguel Barrero Dur\u00e1n az \u00fczletfejleszt\u00e9si \u00e9s innov\u00e1ci\u00f3s r\u00e9szleg vezet\u0151je, \u00e9s 2015-ben csatlakozott a Neuraxpharmhoz, ahol l\u00e9trehozta \u00e9s fejlesztette az \u00fczletfejleszt\u00e9s \u00e9s enged\u00e9lyez\u00e9s, a sz\u00f6vets\u00e9gmenedzsment \u00e9s a k\u00f6zelm\u00faltban az ell\u00e1t\u00e1si l\u00e1nc v\u00e1llalati oszt\u00e1lyait. Miguel emellett a Szellemi tulajdon oszt\u00e1ly vezet\u0151je. Miguel t\u00f6bb mint 22 \u00e9ves tapasztalatra tekint vissza a gy\u00f3gyszeriparban k\u00fcl\u00f6nb\u00f6z\u0151 poz\u00edci\u00f3kban [&hellip;]<\/p>\n","protected":false},"author":1,"featured_media":0,"parent":1998,"menu_order":0,"comment_status":"closed","ping_status":"closed","template":"","meta":{"_acf_changed":false,"footnotes":""},"class_list":["post-28308","page","type-page","status-publish","hentry"],"yoast_head":"<!-- This site is optimized with the Yoast SEO Premium plugin v27.2 (Yoast SEO v27.5) - https:\/\/yoast.com\/product\/yoast-seo-premium-wordpress\/ -->\n<title>MIGUEL BARRERO - Neuraxpharm Hungary<\/title>\n<meta name=\"robots\" content=\"index, follow, max-snippet:-1, max-image-preview:large, max-video-preview:-1\" \/>\n<link rel=\"canonical\" href=\"https:\/\/www.neuraxpharm.com\/hu\/rolunk\/vezetoi-testulet\/miguel-barrero\" \/>\n<meta property=\"og:locale\" content=\"hu_HU\" \/>\n<meta property=\"og:type\" content=\"article\" \/>\n<meta property=\"og:title\" content=\"MIGUEL BARRERO\" \/>\n<meta property=\"og:description\" content=\"https:\/\/www.linkedin.com\/in\/mbarrero\/ Neuraxpharm MIGUEL BARRERO Miguel Barrero Dur\u00e1n az \u00fczletfejleszt\u00e9si \u00e9s innov\u00e1ci\u00f3s r\u00e9szleg vezet\u0151je, \u00e9s 2015-ben csatlakozott a Neuraxpharmhoz, ahol l\u00e9trehozta \u00e9s fejlesztette az \u00fczletfejleszt\u00e9s \u00e9s enged\u00e9lyez\u00e9s, a sz\u00f6vets\u00e9gmenedzsment \u00e9s a k\u00f6zelm\u00faltban az ell\u00e1t\u00e1si l\u00e1nc v\u00e1llalati oszt\u00e1lyait. Miguel emellett a Szellemi tulajdon oszt\u00e1ly vezet\u0151je. Miguel t\u00f6bb mint 22 \u00e9ves tapasztalatra tekint vissza a gy\u00f3gyszeriparban k\u00fcl\u00f6nb\u00f6z\u0151 poz\u00edci\u00f3kban [&hellip;]\" \/>\n<meta property=\"og:url\" content=\"https:\/\/www.neuraxpharm.com\/hu\/rolunk\/vezetoi-testulet\/miguel-barrero\" \/>\n<meta property=\"og:site_name\" content=\"Neuraxpharm Hungary\" \/>\n<meta property=\"article:modified_time\" content=\"2023-05-05T10:59:39+00:00\" \/>\n<meta property=\"og:image\" content=\"https:\/\/www.neuraxpharm.com\/hu\/wp-content\/uploads\/sites\/33\/2021\/03\/m-barrero.jpg\" \/>\n<meta name=\"twitter:card\" content=\"summary_large_image\" \/>\n<meta name=\"twitter:label1\" content=\"Becs\u00fclt olvas\u00e1si id\u0151\" \/>\n\t<meta name=\"twitter:data1\" content=\"1 perc\" \/>\n<script type=\"application\/ld+json\" class=\"yoast-schema-graph\">{\"@context\":\"https:\\\/\\\/schema.org\",\"@graph\":[{\"@type\":\"WebPage\",\"@id\":\"https:\\\/\\\/www.neuraxpharm.com\\\/hu\\\/rolunk\\\/vezetoi-testulet\\\/miguel-barrero\",\"url\":\"https:\\\/\\\/www.neuraxpharm.com\\\/hu\\\/rolunk\\\/vezetoi-testulet\\\/miguel-barrero\",\"name\":\"MIGUEL BARRERO - Neuraxpharm Hungary\",\"isPartOf\":{\"@id\":\"https:\\\/\\\/www.neuraxpharm.com\\\/hu\\\/#website\"},\"primaryImageOfPage\":{\"@id\":\"https:\\\/\\\/www.neuraxpharm.com\\\/hu\\\/rolunk\\\/vezetoi-testulet\\\/miguel-barrero#primaryimage\"},\"image\":{\"@id\":\"https:\\\/\\\/www.neuraxpharm.com\\\/hu\\\/rolunk\\\/vezetoi-testulet\\\/miguel-barrero#primaryimage\"},\"thumbnailUrl\":\"https:\\\/\\\/www.neuraxpharm.com\\\/hu\\\/wp-content\\\/uploads\\\/sites\\\/33\\\/2021\\\/03\\\/m-barrero.jpg\",\"datePublished\":\"2023-05-05T10:46:05+00:00\",\"dateModified\":\"2023-05-05T10:59:39+00:00\",\"inLanguage\":\"hu\",\"potentialAction\":[{\"@type\":\"ReadAction\",\"target\":[\"https:\\\/\\\/www.neuraxpharm.com\\\/hu\\\/rolunk\\\/vezetoi-testulet\\\/miguel-barrero\"]}]},{\"@type\":\"ImageObject\",\"inLanguage\":\"hu\",\"@id\":\"https:\\\/\\\/www.neuraxpharm.com\\\/hu\\\/rolunk\\\/vezetoi-testulet\\\/miguel-barrero#primaryimage\",\"url\":\"https:\\\/\\\/static.neuraxpharm.com\\\/wp-content\\\/uploads\\\/sites\\\/33\\\/2021\\\/03\\\/18092109\\\/m-barrero.jpg\",\"contentUrl\":\"https:\\\/\\\/static.neuraxpharm.com\\\/wp-content\\\/uploads\\\/sites\\\/33\\\/2021\\\/03\\\/18092109\\\/m-barrero.jpg\",\"width\":716,\"height\":700},{\"@type\":\"WebSite\",\"@id\":\"https:\\\/\\\/www.neuraxpharm.com\\\/hu\\\/#website\",\"url\":\"https:\\\/\\\/www.neuraxpharm.com\\\/hu\\\/\",\"name\":\"Neuraxpharm Hungary\",\"description\":\"Ein europ\u00e4ischer Marktf\u00fchrer f\u00fcr CNS-Produkte\",\"potentialAction\":[{\"@type\":\"SearchAction\",\"target\":{\"@type\":\"EntryPoint\",\"urlTemplate\":\"https:\\\/\\\/www.neuraxpharm.com\\\/hu\\\/?s={search_term_string}\"},\"query-input\":{\"@type\":\"PropertyValueSpecification\",\"valueRequired\":true,\"valueName\":\"search_term_string\"}}],\"inLanguage\":\"hu\"}]}<\/script>\n<!-- \/ Yoast SEO Premium plugin. -->","yoast_head_json":{"title":"MIGUEL BARRERO - Neuraxpharm Hungary","robots":{"index":"index","follow":"follow","max-snippet":"max-snippet:-1","max-image-preview":"max-image-preview:large","max-video-preview":"max-video-preview:-1"},"canonical":"https:\/\/www.neuraxpharm.com\/hu\/rolunk\/vezetoi-testulet\/miguel-barrero","og_locale":"hu_HU","og_type":"article","og_title":"MIGUEL BARRERO","og_description":"https:\/\/www.linkedin.com\/in\/mbarrero\/ Neuraxpharm MIGUEL BARRERO Miguel Barrero Dur\u00e1n az \u00fczletfejleszt\u00e9si \u00e9s innov\u00e1ci\u00f3s r\u00e9szleg vezet\u0151je, \u00e9s 2015-ben csatlakozott a Neuraxpharmhoz, ahol l\u00e9trehozta \u00e9s fejlesztette az \u00fczletfejleszt\u00e9s \u00e9s enged\u00e9lyez\u00e9s, a sz\u00f6vets\u00e9gmenedzsment \u00e9s a k\u00f6zelm\u00faltban az ell\u00e1t\u00e1si l\u00e1nc v\u00e1llalati oszt\u00e1lyait. Miguel emellett a Szellemi tulajdon oszt\u00e1ly vezet\u0151je. Miguel t\u00f6bb mint 22 \u00e9ves tapasztalatra tekint vissza a gy\u00f3gyszeriparban k\u00fcl\u00f6nb\u00f6z\u0151 poz\u00edci\u00f3kban [&hellip;]","og_url":"https:\/\/www.neuraxpharm.com\/hu\/rolunk\/vezetoi-testulet\/miguel-barrero","og_site_name":"Neuraxpharm Hungary","article_modified_time":"2023-05-05T10:59:39+00:00","og_image":[{"url":"https:\/\/www.neuraxpharm.com\/hu\/wp-content\/uploads\/sites\/33\/2021\/03\/m-barrero.jpg","type":"","width":"","height":""}],"twitter_card":"summary_large_image","twitter_misc":{"Becs\u00fclt olvas\u00e1si id\u0151":"1 perc"},"schema":{"@context":"https:\/\/schema.org","@graph":[{"@type":"WebPage","@id":"https:\/\/www.neuraxpharm.com\/hu\/rolunk\/vezetoi-testulet\/miguel-barrero","url":"https:\/\/www.neuraxpharm.com\/hu\/rolunk\/vezetoi-testulet\/miguel-barrero","name":"MIGUEL BARRERO - Neuraxpharm Hungary","isPartOf":{"@id":"https:\/\/www.neuraxpharm.com\/hu\/#website"},"primaryImageOfPage":{"@id":"https:\/\/www.neuraxpharm.com\/hu\/rolunk\/vezetoi-testulet\/miguel-barrero#primaryimage"},"image":{"@id":"https:\/\/www.neuraxpharm.com\/hu\/rolunk\/vezetoi-testulet\/miguel-barrero#primaryimage"},"thumbnailUrl":"https:\/\/www.neuraxpharm.com\/hu\/wp-content\/uploads\/sites\/33\/2021\/03\/m-barrero.jpg","datePublished":"2023-05-05T10:46:05+00:00","dateModified":"2023-05-05T10:59:39+00:00","inLanguage":"hu","potentialAction":[{"@type":"ReadAction","target":["https:\/\/www.neuraxpharm.com\/hu\/rolunk\/vezetoi-testulet\/miguel-barrero"]}]},{"@type":"ImageObject","inLanguage":"hu","@id":"https:\/\/www.neuraxpharm.com\/hu\/rolunk\/vezetoi-testulet\/miguel-barrero#primaryimage","url":"https:\/\/static.neuraxpharm.com\/wp-content\/uploads\/sites\/33\/2021\/03\/18092109\/m-barrero.jpg","contentUrl":"https:\/\/static.neuraxpharm.com\/wp-content\/uploads\/sites\/33\/2021\/03\/18092109\/m-barrero.jpg","width":716,"height":700},{"@type":"WebSite","@id":"https:\/\/www.neuraxpharm.com\/hu\/#website","url":"https:\/\/www.neuraxpharm.com\/hu\/","name":"Neuraxpharm Hungary","description":"Ein europ\u00e4ischer Marktf\u00fchrer f\u00fcr CNS-Produkte","potentialAction":[{"@type":"SearchAction","target":{"@type":"EntryPoint","urlTemplate":"https:\/\/www.neuraxpharm.com\/hu\/?s={search_term_string}"},"query-input":{"@type":"PropertyValueSpecification","valueRequired":true,"valueName":"search_term_string"}}],"inLanguage":"hu"}]}},"acf":[],"_links":{"self":[{"href":"https:\/\/www.neuraxpharm.com\/hu\/wp-json\/wp\/v2\/pages\/28308","targetHints":{"allow":["GET"]}}],"collection":[{"href":"https:\/\/www.neuraxpharm.com\/hu\/wp-json\/wp\/v2\/pages"}],"about":[{"href":"https:\/\/www.neuraxpharm.com\/hu\/wp-json\/wp\/v2\/types\/page"}],"author":[{"embeddable":true,"href":"https:\/\/www.neuraxpharm.com\/hu\/wp-json\/wp\/v2\/users\/1"}],"replies":[{"embeddable":true,"href":"https:\/\/www.neuraxpharm.com\/hu\/wp-json\/wp\/v2\/comments?post=28308"}],"version-history":[{"count":0,"href":"https:\/\/www.neuraxpharm.com\/hu\/wp-json\/wp\/v2\/pages\/28308\/revisions"}],"up":[{"embeddable":true,"href":"https:\/\/www.neuraxpharm.com\/hu\/wp-json\/wp\/v2\/pages\/1998"}],"wp:attachment":[{"href":"https:\/\/www.neuraxpharm.com\/hu\/wp-json\/wp\/v2\/media?parent=28308"}],"curies":[{"name":"wp","href":"https:\/\/api.w.org\/{rel}","templated":true}]}}