{"id":16216,"date":"2021-04-13T11:03:32","date_gmt":"2021-04-13T11:03:32","guid":{"rendered":"https:\/\/www.neuraxpharm.com\/it2\/?page_id=16216"},"modified":"2023-04-21T08:43:52","modified_gmt":"2023-04-21T08:43:52","slug":"maximilian-von-wuelfing","status":"publish","type":"page","link":"https:\/\/www.neuraxpharm.com\/hu\/rolunk\/vezetoi-testulet\/maximilian-von-wuelfing","title":{"rendered":"MAXIMILIAN VON WULFING"},"content":{"rendered":"\t\t<div data-elementor-type=\"wp-page\" data-elementor-id=\"16216\" class=\"elementor elementor-16216\" data-elementor-post-type=\"page\">\n\t\t\t\t\t\t<section class=\"elementor-section elementor-top-section elementor-element elementor-element-7f808905 elementor-section-boxed elementor-section-height-default elementor-section-height-default\" data-id=\"7f808905\" data-element_type=\"section\" data-e-type=\"section\" data-settings=\"{&quot;jet_parallax_layout_list&quot;:[{&quot;jet_parallax_layout_image&quot;:{&quot;url&quot;:&quot;&quot;,&quot;id&quot;:&quot;&quot;,&quot;size&quot;:&quot;&quot;},&quot;_id&quot;:&quot;f02b98c&quot;,&quot;jet_parallax_layout_image_tablet&quot;:{&quot;url&quot;:&quot;&quot;,&quot;id&quot;:&quot;&quot;,&quot;size&quot;:&quot;&quot;},&quot;jet_parallax_layout_image_mobile&quot;:{&quot;url&quot;:&quot;&quot;,&quot;id&quot;:&quot;&quot;,&quot;size&quot;:&quot;&quot;},&quot;jet_parallax_layout_speed&quot;:{&quot;unit&quot;:&quot;%&quot;,&quot;size&quot;:50,&quot;sizes&quot;:[]},&quot;jet_parallax_layout_type&quot;:&quot;scroll&quot;,&quot;jet_parallax_layout_direction&quot;:&quot;1&quot;,&quot;jet_parallax_layout_fx_direction&quot;:null,&quot;jet_parallax_layout_z_index&quot;:&quot;&quot;,&quot;jet_parallax_layout_bg_x&quot;:50,&quot;jet_parallax_layout_bg_x_tablet&quot;:&quot;&quot;,&quot;jet_parallax_layout_bg_x_mobile&quot;:&quot;&quot;,&quot;jet_parallax_layout_bg_y&quot;:50,&quot;jet_parallax_layout_bg_y_tablet&quot;:&quot;&quot;,&quot;jet_parallax_layout_bg_y_mobile&quot;:&quot;&quot;,&quot;jet_parallax_layout_bg_size&quot;:&quot;auto&quot;,&quot;jet_parallax_layout_bg_size_tablet&quot;:&quot;&quot;,&quot;jet_parallax_layout_bg_size_mobile&quot;:&quot;&quot;,&quot;jet_parallax_layout_animation_prop&quot;:&quot;transform&quot;,&quot;jet_parallax_layout_on&quot;:[&quot;desktop&quot;,&quot;tablet&quot;]}]}\">\n\t\t\t\t\t\t<div class=\"elementor-container elementor-column-gap-default\">\n\t\t\t\t\t<div class=\"elementor-column elementor-col-33 elementor-top-column elementor-element elementor-element-3d70389b\" data-id=\"3d70389b\" data-element_type=\"column\" data-e-type=\"column\">\n\t\t\t<div class=\"elementor-widget-wrap elementor-element-populated\">\n\t\t\t\t\t\t<div class=\"elementor-element elementor-element-75ad8cba elementor-widget elementor-widget-image\" data-id=\"75ad8cba\" data-element_type=\"widget\" data-e-type=\"widget\" data-widget_type=\"image.default\">\n\t\t\t\t<div class=\"elementor-widget-container\">\n\t\t\t\t\t\t\t\t\t\t\t\t\t\t\t<img fetchpriority=\"high\" decoding=\"async\" width=\"358\" height=\"350\" src=\"https:\/\/www.neuraxpharm.com\/hu\/wp-content\/uploads\/sites\/33\/2021\/07\/maximilian-von-wuelfing.png\" class=\"attachment-large size-large wp-image-27319\" alt=\"\" srcset=\"https:\/\/www.neuraxpharm.com\/hu\/wp-content\/uploads\/sites\/33\/2021\/07\/maximilian-von-wuelfing.png 358w, https:\/\/www.neuraxpharm.com\/hu\/wp-content\/uploads\/sites\/33\/2021\/07\/maximilian-von-wuelfing-300x293.png 300w\" sizes=\"(max-width: 358px) 100vw, 358px\" \/>\t\t\t\t\t\t\t\t\t\t\t\t\t\t\t<\/div>\n\t\t\t\t<\/div>\n\t\t\t\t<section class=\"elementor-section elementor-inner-section elementor-element elementor-element-74b8bffa elementor-section-content-top elementor-section-boxed elementor-section-height-default elementor-section-height-default\" data-id=\"74b8bffa\" data-element_type=\"section\" data-e-type=\"section\" data-settings=\"{&quot;jet_parallax_layout_list&quot;:[{&quot;jet_parallax_layout_image&quot;:{&quot;url&quot;:&quot;&quot;,&quot;id&quot;:&quot;&quot;,&quot;size&quot;:&quot;&quot;},&quot;_id&quot;:&quot;5f899ce&quot;,&quot;jet_parallax_layout_image_tablet&quot;:{&quot;url&quot;:&quot;&quot;,&quot;id&quot;:&quot;&quot;,&quot;size&quot;:&quot;&quot;},&quot;jet_parallax_layout_image_mobile&quot;:{&quot;url&quot;:&quot;&quot;,&quot;id&quot;:&quot;&quot;,&quot;size&quot;:&quot;&quot;},&quot;jet_parallax_layout_speed&quot;:{&quot;unit&quot;:&quot;%&quot;,&quot;size&quot;:50,&quot;sizes&quot;:[]},&quot;jet_parallax_layout_type&quot;:&quot;scroll&quot;,&quot;jet_parallax_layout_direction&quot;:&quot;1&quot;,&quot;jet_parallax_layout_fx_direction&quot;:null,&quot;jet_parallax_layout_z_index&quot;:&quot;&quot;,&quot;jet_parallax_layout_bg_x&quot;:50,&quot;jet_parallax_layout_bg_x_tablet&quot;:&quot;&quot;,&quot;jet_parallax_layout_bg_x_mobile&quot;:&quot;&quot;,&quot;jet_parallax_layout_bg_y&quot;:50,&quot;jet_parallax_layout_bg_y_tablet&quot;:&quot;&quot;,&quot;jet_parallax_layout_bg_y_mobile&quot;:&quot;&quot;,&quot;jet_parallax_layout_bg_size&quot;:&quot;auto&quot;,&quot;jet_parallax_layout_bg_size_tablet&quot;:&quot;&quot;,&quot;jet_parallax_layout_bg_size_mobile&quot;:&quot;&quot;,&quot;jet_parallax_layout_animation_prop&quot;:&quot;transform&quot;,&quot;jet_parallax_layout_on&quot;:[&quot;desktop&quot;,&quot;tablet&quot;]}]}\">\n\t\t\t\t\t\t<div class=\"elementor-container elementor-column-gap-default\">\n\t\t\t\t\t<div class=\"elementor-column elementor-col-50 elementor-inner-column elementor-element elementor-element-60646bf2\" data-id=\"60646bf2\" data-element_type=\"column\" data-e-type=\"column\">\n\t\t\t<div class=\"elementor-widget-wrap elementor-element-populated\">\n\t\t\t\t\t\t<div class=\"elementor-element elementor-element-15700adb elementor-view-default elementor-widget elementor-widget-icon\" data-id=\"15700adb\" data-element_type=\"widget\" data-e-type=\"widget\" data-widget_type=\"icon.default\">\n\t\t\t\t<div class=\"elementor-widget-container\">\n\t\t\t\t\t\t\t<div class=\"elementor-icon-wrapper\">\n\t\t\t<div class=\"elementor-icon\">\n\t\t\t<i aria-hidden=\"true\" class=\"fab fa-linkedin-in\"><\/i>\t\t\t<\/div>\n\t\t<\/div>\n\t\t\t\t\t\t<\/div>\n\t\t\t\t<\/div>\n\t\t\t\t\t<\/div>\n\t\t<\/div>\n\t\t\t\t<div class=\"elementor-column elementor-col-50 elementor-inner-column elementor-element elementor-element-15490b\" data-id=\"15490b\" data-element_type=\"column\" data-e-type=\"column\">\n\t\t\t<div class=\"elementor-widget-wrap elementor-element-populated\">\n\t\t\t\t\t\t<div class=\"elementor-element elementor-element-1cc52f3 elementor-widget elementor-widget-heading\" data-id=\"1cc52f3\" data-element_type=\"widget\" data-e-type=\"widget\" data-widget_type=\"heading.default\">\n\t\t\t\t<div class=\"elementor-widget-container\">\n\t\t\t\t\t<p class=\"elementor-heading-title elementor-size-default\"><a href=\"https:\/\/www.linkedin.com\/in\/maximilian-von-wuelfing-8975708\/\" target=\"_blank\">https:\/\/www.linkedin.com\/in\/maximilian-von-wuelfing-8975708\/<\/a><\/p>\t\t\t\t<\/div>\n\t\t\t\t<\/div>\n\t\t\t\t\t<\/div>\n\t\t<\/div>\n\t\t\t\t\t<\/div>\n\t\t<\/section>\n\t\t\t\t\t<\/div>\n\t\t<\/div>\n\t\t\t\t<div class=\"elementor-column elementor-col-66 elementor-top-column elementor-element elementor-element-17640048\" data-id=\"17640048\" data-element_type=\"column\" data-e-type=\"column\">\n\t\t\t<div class=\"elementor-widget-wrap elementor-element-populated\">\n\t\t\t\t\t\t<div class=\"elementor-element elementor-element-3453d9e5 elementor-widget elementor-widget-jet-breadcrumbs\" data-id=\"3453d9e5\" data-element_type=\"widget\" data-e-type=\"widget\" data-widget_type=\"jet-breadcrumbs.default\">\n\t\t\t\t<div class=\"elementor-widget-container\">\n\t\t\t\t\t<div class=\"elementor-jet-breadcrumbs jet-blocks\">\n\t\t<div class=\"jet-breadcrumbs\">\n\t\t<div class=\"jet-breadcrumbs__content\">\n\t\t<div class=\"jet-breadcrumbs__wrap\"><div class=\"jet-breadcrumbs__item\"><a href=\"https:\/\/www.neuraxpharm.com\/hu\/\" class=\"jet-breadcrumbs__item-link is-home\" rel=\"home\" title=\"Neuraxpharm\">Neuraxpharm<\/a><\/div>\n\t\t<\/div>\n\t\t<\/div>\n\t\t<\/div><\/div>\t\t\t\t<\/div>\n\t\t\t\t<\/div>\n\t\t\t\t<div class=\"elementor-element elementor-element-e5e84e8 elementor-widget elementor-widget-heading\" data-id=\"e5e84e8\" data-element_type=\"widget\" data-e-type=\"widget\" data-widget_type=\"heading.default\">\n\t\t\t\t<div class=\"elementor-widget-container\">\n\t\t\t\t\t<h1 class=\"elementor-heading-title elementor-size-default\">DR. MAXIMILIAN VON W\u00dcLFING<\/h1>\t\t\t\t<\/div>\n\t\t\t\t<\/div>\n\t\t\t\t<div class=\"elementor-element elementor-element-614cff3 elementor-widget elementor-widget-text-editor\" data-id=\"614cff3\" data-element_type=\"widget\" data-e-type=\"widget\" data-widget_type=\"text-editor.default\">\n\t\t\t\t<div class=\"elementor-widget-container\">\n\t\t\t\t\t\t\t\t\tDr. Maximilian von W\u00fclfing t\u00f6bb mint 15 \u00e9ves nemzetk\u00f6zi vezet\u0151i tapasztalattal rendelkezik a gy\u00f3gyszeriparban.\n<br><br>\nA Neuraxpharmhoz a Mylant\u0151l (ma Viatris) \u00e9rkezett, ahol sz\u00e1mos eur\u00f3pai orsz\u00e1g igazgat\u00f3ja volt, utols\u00f3 poz\u00edci\u00f3j\u00e1ban a Viatris Germany igazgat\u00f3ja volt. Kor\u00e1bban a Mylan glob\u00e1lis m\u00e1rkamarketing r\u00e9szleg\u00e9nek vezet\u0151je volt. 2015-ben \u00e9rkezett az Abbott\u00f3l, ahol 2012 \u00f3ta az EMEA West kereskedelmi igazgat\u00f3jak\u00e9nt tev\u00e9kenykedett. Dr. von W\u00fclfing az Altan\u00e1n\u00e1l kezdte p\u00e1lyafut\u00e1s\u00e1t, k\u00fcl\u00f6nb\u00f6z\u0151 poz\u00edci\u00f3k\u00e9rt felel\u0151s, miut\u00e1n a c\u00e9get a Nycomed 2006-ban megv\u00e1s\u00e1rolta. 2011-ben a Nycomed a Takeda Pharmaceuticals r\u00e9sz\u00e9v\u00e9 v\u00e1lt, ahol Dr. von W\u00fclfing a DACH l\u00e9gz\u0151szervi franchise igazgat\u00f3i poz\u00edci\u00f3j\u00e1t t\u00f6lt\u00f6tte be.\n<br><br>\nA n\u00e9metorsz\u00e1gi Freie Universit\u00e4t Berlin egyetemen szerzett PhD fokozatot \u00e1llatorvosi \u00e9lettanb\u00f3l, valamint k\u00fcl\u00f6nb\u00f6z\u0151 EMBA bizony\u00edtv\u00e1nyokat szerzett a sv\u00e1jci St. Gallen Egyetemen.\t\t\t\t\t\t\t\t<\/div>\n\t\t\t\t<\/div>\n\t\t\t\t\t<\/div>\n\t\t<\/div>\n\t\t\t\t\t<\/div>\n\t\t<\/section>\n\t\t\t\t<section class=\"elementor-section elementor-top-section elementor-element elementor-element-bacc1a9 elementor-section-boxed elementor-section-height-default elementor-section-height-default\" data-id=\"bacc1a9\" data-element_type=\"section\" data-e-type=\"section\" data-settings=\"{&quot;jet_parallax_layout_list&quot;:[{&quot;jet_parallax_layout_image&quot;:{&quot;url&quot;:&quot;&quot;,&quot;id&quot;:&quot;&quot;,&quot;size&quot;:&quot;&quot;},&quot;_id&quot;:&quot;e7d9f21&quot;,&quot;jet_parallax_layout_image_tablet&quot;:{&quot;url&quot;:&quot;&quot;,&quot;id&quot;:&quot;&quot;,&quot;size&quot;:&quot;&quot;},&quot;jet_parallax_layout_image_mobile&quot;:{&quot;url&quot;:&quot;&quot;,&quot;id&quot;:&quot;&quot;,&quot;size&quot;:&quot;&quot;},&quot;jet_parallax_layout_speed&quot;:{&quot;unit&quot;:&quot;%&quot;,&quot;size&quot;:50,&quot;sizes&quot;:[]},&quot;jet_parallax_layout_type&quot;:&quot;scroll&quot;,&quot;jet_parallax_layout_direction&quot;:&quot;1&quot;,&quot;jet_parallax_layout_fx_direction&quot;:null,&quot;jet_parallax_layout_z_index&quot;:&quot;&quot;,&quot;jet_parallax_layout_bg_x&quot;:50,&quot;jet_parallax_layout_bg_x_tablet&quot;:&quot;&quot;,&quot;jet_parallax_layout_bg_x_mobile&quot;:&quot;&quot;,&quot;jet_parallax_layout_bg_y&quot;:50,&quot;jet_parallax_layout_bg_y_tablet&quot;:&quot;&quot;,&quot;jet_parallax_layout_bg_y_mobile&quot;:&quot;&quot;,&quot;jet_parallax_layout_bg_size&quot;:&quot;auto&quot;,&quot;jet_parallax_layout_bg_size_tablet&quot;:&quot;&quot;,&quot;jet_parallax_layout_bg_size_mobile&quot;:&quot;&quot;,&quot;jet_parallax_layout_animation_prop&quot;:&quot;transform&quot;,&quot;jet_parallax_layout_on&quot;:[&quot;desktop&quot;,&quot;tablet&quot;]}]}\">\n\t\t\t\t\t\t<div class=\"elementor-container elementor-column-gap-default\">\n\t\t\t\t\t<div class=\"elementor-column elementor-col-100 elementor-top-column elementor-element elementor-element-7080505\" data-id=\"7080505\" data-element_type=\"column\" data-e-type=\"column\">\n\t\t\t<div class=\"elementor-widget-wrap elementor-element-populated\">\n\t\t\t\t\t\t<div class=\"elementor-element elementor-element-53f8d38 elementor-widget elementor-widget-spacer\" data-id=\"53f8d38\" data-element_type=\"widget\" data-e-type=\"widget\" data-widget_type=\"spacer.default\">\n\t\t\t\t<div class=\"elementor-widget-container\">\n\t\t\t\t\t\t\t<div class=\"elementor-spacer\">\n\t\t\t<div class=\"elementor-spacer-inner\"><\/div>\n\t\t<\/div>\n\t\t\t\t\t\t<\/div>\n\t\t\t\t<\/div>\n\t\t\t\t\t<\/div>\n\t\t<\/div>\n\t\t\t\t\t<\/div>\n\t\t<\/section>\n\t\t\t\t<\/div>\n\t\t","protected":false},"excerpt":{"rendered":"<p>https:\/\/www.linkedin.com\/in\/maximilian-von-wuelfing-8975708\/ Neuraxpharm DR. MAXIMILIAN VON W\u00dcLFING Dr. Maximilian von W\u00fclfing t\u00f6bb mint 15 \u00e9ves nemzetk\u00f6zi vezet\u0151i tapasztalattal rendelkezik a gy\u00f3gyszeriparban. A Neuraxpharmhoz a Mylant\u0151l (ma Viatris) \u00e9rkezett, ahol sz\u00e1mos eur\u00f3pai orsz\u00e1g igazgat\u00f3ja volt, utols\u00f3 poz\u00edci\u00f3j\u00e1ban a Viatris Germany igazgat\u00f3ja volt. Kor\u00e1bban a Mylan glob\u00e1lis m\u00e1rkamarketing r\u00e9szleg\u00e9nek vezet\u0151je volt. 2015-ben \u00e9rkezett az Abbott\u00f3l, ahol 2012 \u00f3ta [&hellip;]<\/p>\n","protected":false},"author":2,"featured_media":0,"parent":1998,"menu_order":0,"comment_status":"closed","ping_status":"closed","template":"elementor_header_footer","meta":{"_acf_changed":false,"footnotes":""},"class_list":["post-16216","page","type-page","status-publish","hentry"],"yoast_head":"<!-- This site is optimized with the Yoast SEO Premium plugin v27.2 (Yoast SEO v27.2) - https:\/\/yoast.com\/product\/yoast-seo-premium-wordpress\/ -->\n<title>MAXIMILIAN VON WULFING - Neuraxpharm Hungary<\/title>\n<meta name=\"robots\" content=\"index, follow, max-snippet:-1, max-image-preview:large, max-video-preview:-1\" \/>\n<link rel=\"canonical\" href=\"https:\/\/www.neuraxpharm.com\/hu\/rolunk\/vezetoi-testulet\/maximilian-von-wuelfing\" \/>\n<meta property=\"og:locale\" content=\"hu_HU\" \/>\n<meta property=\"og:type\" content=\"article\" \/>\n<meta property=\"og:title\" content=\"MAXIMILIAN VON WULFING\" \/>\n<meta property=\"og:description\" content=\"https:\/\/www.linkedin.com\/in\/maximilian-von-wuelfing-8975708\/ Neuraxpharm DR. MAXIMILIAN VON W\u00dcLFING Dr. Maximilian von W\u00fclfing t\u00f6bb mint 15 \u00e9ves nemzetk\u00f6zi vezet\u0151i tapasztalattal rendelkezik a gy\u00f3gyszeriparban. A Neuraxpharmhoz a Mylant\u0151l (ma Viatris) \u00e9rkezett, ahol sz\u00e1mos eur\u00f3pai orsz\u00e1g igazgat\u00f3ja volt, utols\u00f3 poz\u00edci\u00f3j\u00e1ban a Viatris Germany igazgat\u00f3ja volt. Kor\u00e1bban a Mylan glob\u00e1lis m\u00e1rkamarketing r\u00e9szleg\u00e9nek vezet\u0151je volt. 2015-ben \u00e9rkezett az Abbott\u00f3l, ahol 2012 \u00f3ta [&hellip;]\" \/>\n<meta property=\"og:url\" content=\"https:\/\/www.neuraxpharm.com\/hu\/rolunk\/vezetoi-testulet\/maximilian-von-wuelfing\" \/>\n<meta property=\"og:site_name\" content=\"Neuraxpharm Hungary\" \/>\n<meta property=\"article:modified_time\" content=\"2023-04-21T08:43:52+00:00\" \/>\n<meta property=\"og:image\" content=\"https:\/\/www.neuraxpharm.com\/hu\/wp-content\/uploads\/sites\/33\/2021\/07\/maximilian-von-wuelfing.png\" \/>\n<meta name=\"twitter:card\" content=\"summary_large_image\" \/>\n<meta name=\"twitter:label1\" content=\"Becs\u00fclt olvas\u00e1si id\u0151\" \/>\n\t<meta name=\"twitter:data1\" content=\"1 perc\" \/>\n<script type=\"application\/ld+json\" class=\"yoast-schema-graph\">{\"@context\":\"https:\/\/schema.org\",\"@graph\":[{\"@type\":\"WebPage\",\"@id\":\"https:\/\/www.neuraxpharm.com\/hu\/rolunk\/vezetoi-testulet\/maximilian-von-wuelfing\",\"url\":\"https:\/\/www.neuraxpharm.com\/hu\/rolunk\/vezetoi-testulet\/maximilian-von-wuelfing\",\"name\":\"MAXIMILIAN VON WULFING - Neuraxpharm Hungary\",\"isPartOf\":{\"@id\":\"https:\/\/www.neuraxpharm.com\/hu\/#website\"},\"primaryImageOfPage\":{\"@id\":\"https:\/\/www.neuraxpharm.com\/hu\/rolunk\/vezetoi-testulet\/maximilian-von-wuelfing#primaryimage\"},\"image\":{\"@id\":\"https:\/\/www.neuraxpharm.com\/hu\/rolunk\/vezetoi-testulet\/maximilian-von-wuelfing#primaryimage\"},\"thumbnailUrl\":\"https:\/\/www.neuraxpharm.com\/hu\/wp-content\/uploads\/sites\/33\/2021\/07\/maximilian-von-wuelfing.png\",\"datePublished\":\"2021-04-13T11:03:32+00:00\",\"dateModified\":\"2023-04-21T08:43:52+00:00\",\"breadcrumb\":{\"@id\":\"https:\/\/www.neuraxpharm.com\/hu\/rolunk\/vezetoi-testulet\/maximilian-von-wuelfing#breadcrumb\"},\"inLanguage\":\"hu\",\"potentialAction\":[{\"@type\":\"ReadAction\",\"target\":[\"https:\/\/www.neuraxpharm.com\/hu\/rolunk\/vezetoi-testulet\/maximilian-von-wuelfing\"]}]},{\"@type\":\"ImageObject\",\"inLanguage\":\"hu\",\"@id\":\"https:\/\/www.neuraxpharm.com\/hu\/rolunk\/vezetoi-testulet\/maximilian-von-wuelfing#primaryimage\",\"url\":\"https:\/\/www.neuraxpharm.com\/hu\/wp-content\/uploads\/sites\/33\/2021\/07\/maximilian-von-wuelfing.png\",\"contentUrl\":\"https:\/\/www.neuraxpharm.com\/hu\/wp-content\/uploads\/sites\/33\/2021\/07\/maximilian-von-wuelfing.png\",\"width\":358,\"height\":350},{\"@type\":\"BreadcrumbList\",\"@id\":\"https:\/\/www.neuraxpharm.com\/hu\/rolunk\/vezetoi-testulet\/maximilian-von-wuelfing#breadcrumb\",\"itemListElement\":[{\"@type\":\"ListItem\",\"position\":1,\"name\":\"R\u00f3lunk\",\"item\":\"https:\/\/www.neuraxpharm.com\/hu\/rolunk\"},{\"@type\":\"ListItem\",\"position\":2,\"name\":\"Vezet\u0151i test\u00fclet\",\"item\":\"https:\/\/www.neuraxpharm.com\/hu\/rolunk\/vezetoi-testulet\"},{\"@type\":\"ListItem\",\"position\":3,\"name\":\"MAXIMILIAN VON WULFING\"}]},{\"@type\":\"WebSite\",\"@id\":\"https:\/\/www.neuraxpharm.com\/hu\/#website\",\"url\":\"https:\/\/www.neuraxpharm.com\/hu\/\",\"name\":\"Neuraxpharm Hungary\",\"description\":\"Ein europ\u00e4ischer Marktf\u00fchrer f\u00fcr CNS-Produkte\",\"potentialAction\":[{\"@type\":\"SearchAction\",\"target\":{\"@type\":\"EntryPoint\",\"urlTemplate\":\"https:\/\/www.neuraxpharm.com\/hu\/?s={search_term_string}\"},\"query-input\":{\"@type\":\"PropertyValueSpecification\",\"valueRequired\":true,\"valueName\":\"search_term_string\"}}],\"inLanguage\":\"hu\"}]}<\/script>\n<!-- \/ Yoast SEO Premium plugin. -->","yoast_head_json":{"title":"MAXIMILIAN VON WULFING - Neuraxpharm Hungary","robots":{"index":"index","follow":"follow","max-snippet":"max-snippet:-1","max-image-preview":"max-image-preview:large","max-video-preview":"max-video-preview:-1"},"canonical":"https:\/\/www.neuraxpharm.com\/hu\/rolunk\/vezetoi-testulet\/maximilian-von-wuelfing","og_locale":"hu_HU","og_type":"article","og_title":"MAXIMILIAN VON WULFING","og_description":"https:\/\/www.linkedin.com\/in\/maximilian-von-wuelfing-8975708\/ Neuraxpharm DR. MAXIMILIAN VON W\u00dcLFING Dr. Maximilian von W\u00fclfing t\u00f6bb mint 15 \u00e9ves nemzetk\u00f6zi vezet\u0151i tapasztalattal rendelkezik a gy\u00f3gyszeriparban. A Neuraxpharmhoz a Mylant\u0151l (ma Viatris) \u00e9rkezett, ahol sz\u00e1mos eur\u00f3pai orsz\u00e1g igazgat\u00f3ja volt, utols\u00f3 poz\u00edci\u00f3j\u00e1ban a Viatris Germany igazgat\u00f3ja volt. Kor\u00e1bban a Mylan glob\u00e1lis m\u00e1rkamarketing r\u00e9szleg\u00e9nek vezet\u0151je volt. 2015-ben \u00e9rkezett az Abbott\u00f3l, ahol 2012 \u00f3ta [&hellip;]","og_url":"https:\/\/www.neuraxpharm.com\/hu\/rolunk\/vezetoi-testulet\/maximilian-von-wuelfing","og_site_name":"Neuraxpharm Hungary","article_modified_time":"2023-04-21T08:43:52+00:00","og_image":[{"url":"https:\/\/www.neuraxpharm.com\/hu\/wp-content\/uploads\/sites\/33\/2021\/07\/maximilian-von-wuelfing.png","type":"","width":"","height":""}],"twitter_card":"summary_large_image","twitter_misc":{"Becs\u00fclt olvas\u00e1si id\u0151":"1 perc"},"schema":{"@context":"https:\/\/schema.org","@graph":[{"@type":"WebPage","@id":"https:\/\/www.neuraxpharm.com\/hu\/rolunk\/vezetoi-testulet\/maximilian-von-wuelfing","url":"https:\/\/www.neuraxpharm.com\/hu\/rolunk\/vezetoi-testulet\/maximilian-von-wuelfing","name":"MAXIMILIAN VON WULFING - Neuraxpharm Hungary","isPartOf":{"@id":"https:\/\/www.neuraxpharm.com\/hu\/#website"},"primaryImageOfPage":{"@id":"https:\/\/www.neuraxpharm.com\/hu\/rolunk\/vezetoi-testulet\/maximilian-von-wuelfing#primaryimage"},"image":{"@id":"https:\/\/www.neuraxpharm.com\/hu\/rolunk\/vezetoi-testulet\/maximilian-von-wuelfing#primaryimage"},"thumbnailUrl":"https:\/\/www.neuraxpharm.com\/hu\/wp-content\/uploads\/sites\/33\/2021\/07\/maximilian-von-wuelfing.png","datePublished":"2021-04-13T11:03:32+00:00","dateModified":"2023-04-21T08:43:52+00:00","breadcrumb":{"@id":"https:\/\/www.neuraxpharm.com\/hu\/rolunk\/vezetoi-testulet\/maximilian-von-wuelfing#breadcrumb"},"inLanguage":"hu","potentialAction":[{"@type":"ReadAction","target":["https:\/\/www.neuraxpharm.com\/hu\/rolunk\/vezetoi-testulet\/maximilian-von-wuelfing"]}]},{"@type":"ImageObject","inLanguage":"hu","@id":"https:\/\/www.neuraxpharm.com\/hu\/rolunk\/vezetoi-testulet\/maximilian-von-wuelfing#primaryimage","url":"https:\/\/www.neuraxpharm.com\/hu\/wp-content\/uploads\/sites\/33\/2021\/07\/maximilian-von-wuelfing.png","contentUrl":"https:\/\/www.neuraxpharm.com\/hu\/wp-content\/uploads\/sites\/33\/2021\/07\/maximilian-von-wuelfing.png","width":358,"height":350},{"@type":"BreadcrumbList","@id":"https:\/\/www.neuraxpharm.com\/hu\/rolunk\/vezetoi-testulet\/maximilian-von-wuelfing#breadcrumb","itemListElement":[{"@type":"ListItem","position":1,"name":"R\u00f3lunk","item":"https:\/\/www.neuraxpharm.com\/hu\/rolunk"},{"@type":"ListItem","position":2,"name":"Vezet\u0151i test\u00fclet","item":"https:\/\/www.neuraxpharm.com\/hu\/rolunk\/vezetoi-testulet"},{"@type":"ListItem","position":3,"name":"MAXIMILIAN VON WULFING"}]},{"@type":"WebSite","@id":"https:\/\/www.neuraxpharm.com\/hu\/#website","url":"https:\/\/www.neuraxpharm.com\/hu\/","name":"Neuraxpharm Hungary","description":"Ein europ\u00e4ischer Marktf\u00fchrer f\u00fcr CNS-Produkte","potentialAction":[{"@type":"SearchAction","target":{"@type":"EntryPoint","urlTemplate":"https:\/\/www.neuraxpharm.com\/hu\/?s={search_term_string}"},"query-input":{"@type":"PropertyValueSpecification","valueRequired":true,"valueName":"search_term_string"}}],"inLanguage":"hu"}]}},"acf":[],"_links":{"self":[{"href":"https:\/\/www.neuraxpharm.com\/hu\/wp-json\/wp\/v2\/pages\/16216","targetHints":{"allow":["GET"]}}],"collection":[{"href":"https:\/\/www.neuraxpharm.com\/hu\/wp-json\/wp\/v2\/pages"}],"about":[{"href":"https:\/\/www.neuraxpharm.com\/hu\/wp-json\/wp\/v2\/types\/page"}],"author":[{"embeddable":true,"href":"https:\/\/www.neuraxpharm.com\/hu\/wp-json\/wp\/v2\/users\/2"}],"replies":[{"embeddable":true,"href":"https:\/\/www.neuraxpharm.com\/hu\/wp-json\/wp\/v2\/comments?post=16216"}],"version-history":[{"count":24,"href":"https:\/\/www.neuraxpharm.com\/hu\/wp-json\/wp\/v2\/pages\/16216\/revisions"}],"predecessor-version":[{"id":28217,"href":"https:\/\/www.neuraxpharm.com\/hu\/wp-json\/wp\/v2\/pages\/16216\/revisions\/28217"}],"up":[{"embeddable":true,"href":"https:\/\/www.neuraxpharm.com\/hu\/wp-json\/wp\/v2\/pages\/1998"}],"wp:attachment":[{"href":"https:\/\/www.neuraxpharm.com\/hu\/wp-json\/wp\/v2\/media?parent=16216"}],"curies":[{"name":"wp","href":"https:\/\/api.w.org\/{rel}","templated":true}]}}