{"id":15940,"date":"2021-04-13T09:02:57","date_gmt":"2021-04-13T09:02:57","guid":{"rendered":"https:\/\/www.neuraxpharm.com\/it2\/?page_id=15940"},"modified":"2023-04-21T08:36:25","modified_gmt":"2023-04-21T08:36:25","slug":"aida-fernandez","status":"publish","type":"page","link":"https:\/\/www.neuraxpharm.com\/hu\/rolunk\/vezetoi-testulet\/aida-fernandez","title":{"rendered":"AIDA FERNANDEZ"},"content":{"rendered":"\t\t<div data-elementor-type=\"wp-page\" data-elementor-id=\"15940\" class=\"elementor elementor-15940\" data-elementor-post-type=\"page\">\n\t\t\t\t\t\t<section class=\"elementor-section elementor-top-section elementor-element elementor-element-7f808905 elementor-section-boxed elementor-section-height-default elementor-section-height-default\" data-id=\"7f808905\" data-element_type=\"section\" data-e-type=\"section\" data-settings=\"{&quot;jet_parallax_layout_list&quot;:[{&quot;jet_parallax_layout_image&quot;:{&quot;url&quot;:&quot;&quot;,&quot;id&quot;:&quot;&quot;,&quot;size&quot;:&quot;&quot;},&quot;_id&quot;:&quot;f02b98c&quot;,&quot;jet_parallax_layout_image_tablet&quot;:{&quot;url&quot;:&quot;&quot;,&quot;id&quot;:&quot;&quot;,&quot;size&quot;:&quot;&quot;},&quot;jet_parallax_layout_image_mobile&quot;:{&quot;url&quot;:&quot;&quot;,&quot;id&quot;:&quot;&quot;,&quot;size&quot;:&quot;&quot;},&quot;jet_parallax_layout_speed&quot;:{&quot;unit&quot;:&quot;%&quot;,&quot;size&quot;:50,&quot;sizes&quot;:[]},&quot;jet_parallax_layout_type&quot;:&quot;scroll&quot;,&quot;jet_parallax_layout_direction&quot;:&quot;1&quot;,&quot;jet_parallax_layout_fx_direction&quot;:null,&quot;jet_parallax_layout_z_index&quot;:&quot;&quot;,&quot;jet_parallax_layout_bg_x&quot;:50,&quot;jet_parallax_layout_bg_x_tablet&quot;:&quot;&quot;,&quot;jet_parallax_layout_bg_x_mobile&quot;:&quot;&quot;,&quot;jet_parallax_layout_bg_y&quot;:50,&quot;jet_parallax_layout_bg_y_tablet&quot;:&quot;&quot;,&quot;jet_parallax_layout_bg_y_mobile&quot;:&quot;&quot;,&quot;jet_parallax_layout_bg_size&quot;:&quot;auto&quot;,&quot;jet_parallax_layout_bg_size_tablet&quot;:&quot;&quot;,&quot;jet_parallax_layout_bg_size_mobile&quot;:&quot;&quot;,&quot;jet_parallax_layout_animation_prop&quot;:&quot;transform&quot;,&quot;jet_parallax_layout_on&quot;:[&quot;desktop&quot;,&quot;tablet&quot;]}]}\">\n\t\t\t\t\t\t<div class=\"elementor-container elementor-column-gap-default\">\n\t\t\t\t\t<div class=\"elementor-column elementor-col-33 elementor-top-column elementor-element elementor-element-3d70389b\" data-id=\"3d70389b\" data-element_type=\"column\" data-e-type=\"column\">\n\t\t\t<div class=\"elementor-widget-wrap elementor-element-populated\">\n\t\t\t\t\t\t<div class=\"elementor-element elementor-element-75ad8cba elementor-widget elementor-widget-image\" data-id=\"75ad8cba\" data-element_type=\"widget\" data-e-type=\"widget\" data-widget_type=\"image.default\">\n\t\t\t\t<div class=\"elementor-widget-container\">\n\t\t\t\t\t\t\t\t\t\t\t\t\t\t\t<img fetchpriority=\"high\" decoding=\"async\" width=\"358\" height=\"350\" src=\"https:\/\/www.neuraxpharm.com\/hu\/wp-content\/uploads\/sites\/33\/2021\/03\/exectuvie-6.jpg\" class=\"attachment-large size-large wp-image-2167\" alt=\"\" \/>\t\t\t\t\t\t\t\t\t\t\t\t\t\t\t<\/div>\n\t\t\t\t<\/div>\n\t\t\t\t<section class=\"elementor-section elementor-inner-section elementor-element elementor-element-74b8bffa elementor-section-content-top elementor-section-boxed elementor-section-height-default elementor-section-height-default\" data-id=\"74b8bffa\" data-element_type=\"section\" data-e-type=\"section\" data-settings=\"{&quot;jet_parallax_layout_list&quot;:[{&quot;jet_parallax_layout_image&quot;:{&quot;url&quot;:&quot;&quot;,&quot;id&quot;:&quot;&quot;,&quot;size&quot;:&quot;&quot;},&quot;_id&quot;:&quot;5f899ce&quot;,&quot;jet_parallax_layout_image_tablet&quot;:{&quot;url&quot;:&quot;&quot;,&quot;id&quot;:&quot;&quot;,&quot;size&quot;:&quot;&quot;},&quot;jet_parallax_layout_image_mobile&quot;:{&quot;url&quot;:&quot;&quot;,&quot;id&quot;:&quot;&quot;,&quot;size&quot;:&quot;&quot;},&quot;jet_parallax_layout_speed&quot;:{&quot;unit&quot;:&quot;%&quot;,&quot;size&quot;:50,&quot;sizes&quot;:[]},&quot;jet_parallax_layout_type&quot;:&quot;scroll&quot;,&quot;jet_parallax_layout_direction&quot;:&quot;1&quot;,&quot;jet_parallax_layout_fx_direction&quot;:null,&quot;jet_parallax_layout_z_index&quot;:&quot;&quot;,&quot;jet_parallax_layout_bg_x&quot;:50,&quot;jet_parallax_layout_bg_x_tablet&quot;:&quot;&quot;,&quot;jet_parallax_layout_bg_x_mobile&quot;:&quot;&quot;,&quot;jet_parallax_layout_bg_y&quot;:50,&quot;jet_parallax_layout_bg_y_tablet&quot;:&quot;&quot;,&quot;jet_parallax_layout_bg_y_mobile&quot;:&quot;&quot;,&quot;jet_parallax_layout_bg_size&quot;:&quot;auto&quot;,&quot;jet_parallax_layout_bg_size_tablet&quot;:&quot;&quot;,&quot;jet_parallax_layout_bg_size_mobile&quot;:&quot;&quot;,&quot;jet_parallax_layout_animation_prop&quot;:&quot;transform&quot;,&quot;jet_parallax_layout_on&quot;:[&quot;desktop&quot;,&quot;tablet&quot;]}]}\">\n\t\t\t\t\t\t<div class=\"elementor-container elementor-column-gap-default\">\n\t\t\t\t\t<div class=\"elementor-column elementor-col-50 elementor-inner-column elementor-element elementor-element-60646bf2\" data-id=\"60646bf2\" data-element_type=\"column\" data-e-type=\"column\">\n\t\t\t<div class=\"elementor-widget-wrap elementor-element-populated\">\n\t\t\t\t\t\t<div class=\"elementor-element elementor-element-15700adb elementor-view-default elementor-widget elementor-widget-icon\" data-id=\"15700adb\" data-element_type=\"widget\" data-e-type=\"widget\" data-widget_type=\"icon.default\">\n\t\t\t\t<div class=\"elementor-widget-container\">\n\t\t\t\t\t\t\t<div class=\"elementor-icon-wrapper\">\n\t\t\t<div class=\"elementor-icon\">\n\t\t\t<i aria-hidden=\"true\" class=\"fab fa-linkedin-in\"><\/i>\t\t\t<\/div>\n\t\t<\/div>\n\t\t\t\t\t\t<\/div>\n\t\t\t\t<\/div>\n\t\t\t\t\t<\/div>\n\t\t<\/div>\n\t\t\t\t<div class=\"elementor-column elementor-col-50 elementor-inner-column elementor-element elementor-element-15490b\" data-id=\"15490b\" data-element_type=\"column\" data-e-type=\"column\">\n\t\t\t<div class=\"elementor-widget-wrap elementor-element-populated\">\n\t\t\t\t\t\t<div class=\"elementor-element elementor-element-1cc52f3 elementor-widget elementor-widget-heading\" data-id=\"1cc52f3\" data-element_type=\"widget\" data-e-type=\"widget\" data-widget_type=\"heading.default\">\n\t\t\t\t<div class=\"elementor-widget-container\">\n\t\t\t\t\t<p class=\"elementor-heading-title elementor-size-default\"><a href=\"https:\/\/www.linkedin.com\/in\/aida-fernandez-48a44512\/\" target=\"_blank\">https:\/\/www.linkedin.com\/in\/aida-fernandez\/<\/a><\/p>\t\t\t\t<\/div>\n\t\t\t\t<\/div>\n\t\t\t\t\t<\/div>\n\t\t<\/div>\n\t\t\t\t\t<\/div>\n\t\t<\/section>\n\t\t\t\t\t<\/div>\n\t\t<\/div>\n\t\t\t\t<div class=\"elementor-column elementor-col-66 elementor-top-column elementor-element elementor-element-17640048\" data-id=\"17640048\" data-element_type=\"column\" data-e-type=\"column\">\n\t\t\t<div class=\"elementor-widget-wrap elementor-element-populated\">\n\t\t\t\t\t\t<div class=\"elementor-element elementor-element-3453d9e5 elementor-widget elementor-widget-jet-breadcrumbs\" data-id=\"3453d9e5\" data-element_type=\"widget\" data-e-type=\"widget\" data-widget_type=\"jet-breadcrumbs.default\">\n\t\t\t\t<div class=\"elementor-widget-container\">\n\t\t\t\t\t<div class=\"elementor-jet-breadcrumbs jet-blocks\">\n\t\t<div class=\"jet-breadcrumbs\">\n\t\t<div class=\"jet-breadcrumbs__content\">\n\t\t<div class=\"jet-breadcrumbs__wrap\"><div class=\"jet-breadcrumbs__item\"><a href=\"https:\/\/www.neuraxpharm.com\/hu\/\" class=\"jet-breadcrumbs__item-link is-home\" rel=\"home\" title=\"Neuraxpharm\">Neuraxpharm<\/a><\/div>\n\t\t<\/div>\n\t\t<\/div>\n\t\t<\/div><\/div>\t\t\t\t<\/div>\n\t\t\t\t<\/div>\n\t\t\t\t<div class=\"elementor-element elementor-element-e5e84e8 elementor-widget elementor-widget-heading\" data-id=\"e5e84e8\" data-element_type=\"widget\" data-e-type=\"widget\" data-widget_type=\"heading.default\">\n\t\t\t\t<div class=\"elementor-widget-container\">\n\t\t\t\t\t<h1 class=\"elementor-heading-title elementor-size-default\">AIDA FERNANDEZ<\/h1>\t\t\t\t<\/div>\n\t\t\t\t<\/div>\n\t\t\t\t<div class=\"elementor-element elementor-element-614cff3 elementor-widget elementor-widget-text-editor\" data-id=\"614cff3\" data-element_type=\"widget\" data-e-type=\"widget\" data-widget_type=\"text-editor.default\">\n\t\t\t\t<div class=\"elementor-widget-container\">\n\t\t\t\t\t\t\t\t\tAida t\u00f6bb mint 15 \u00e9ves tapasztalattal rendelkezik a gy\u00f3gyszeriparban, \u00e9s \u00e1tfog\u00f3 \u00fczleti ismeretekkel rendelkez\u0151, glob\u00e1lis HR-szakember.\n<br><br>\nSz\u00e9lesk\u00f6r\u0171 tapasztalattal rendelkezik helyi \u00e9s glob\u00e1lis poz\u00edci\u00f3kban, bele\u00e9rtve a nemzetk\u00f6zi k\u00f6zpontban v\u00e9gzett munk\u00e1t. Bizony\u00edtott m\u00faltra tekint vissza a szervezeti v\u00e1ltoz\u00e1sok v\u00e9grehajt\u00e1s\u00e1ban, a v\u00e1ltoz\u00e1skezel\u00e9si m\u00f3dszertan alkalmaz\u00e1s\u00e1ban \u00e9s az \u00fczleti siker biztos\u00edt\u00e1s\u00e1ban helyi, glob\u00e1lis \u00e9s v\u00e1llalati k\u00f6rnyezetben, k\u00fcl\u00f6nb\u00f6z\u0151 orsz\u00e1gokban \u00e9s kult\u00far\u00e1kban.\n<br><br>\nAida \u00f6tv\u00f6zi hum\u00e1n er\u0151forr\u00e1s h\u00e1tter\u00e9t az ESADE glob\u00e1lis oktat\u00e1si int\u00e9zetben szerzett pszichol\u00f3giai alapdiplom\u00e1val \u00e9s Executive MBA fokozattal.\n<br><br>\nKarrierj\u00e9t a Novartisban \u00e9s a \u201en\u00e9gy nagy\u201d sz\u00e1mviteli c\u00e9g egyik\u00e9ben fejlesztette.\t\t\t\t\t\t\t\t<\/div>\n\t\t\t\t<\/div>\n\t\t\t\t\t<\/div>\n\t\t<\/div>\n\t\t\t\t\t<\/div>\n\t\t<\/section>\n\t\t\t\t<section class=\"elementor-section elementor-top-section elementor-element elementor-element-bacc1a9 elementor-section-boxed elementor-section-height-default elementor-section-height-default\" data-id=\"bacc1a9\" data-element_type=\"section\" data-e-type=\"section\" data-settings=\"{&quot;jet_parallax_layout_list&quot;:[{&quot;jet_parallax_layout_image&quot;:{&quot;url&quot;:&quot;&quot;,&quot;id&quot;:&quot;&quot;,&quot;size&quot;:&quot;&quot;},&quot;_id&quot;:&quot;e7d9f21&quot;,&quot;jet_parallax_layout_image_tablet&quot;:{&quot;url&quot;:&quot;&quot;,&quot;id&quot;:&quot;&quot;,&quot;size&quot;:&quot;&quot;},&quot;jet_parallax_layout_image_mobile&quot;:{&quot;url&quot;:&quot;&quot;,&quot;id&quot;:&quot;&quot;,&quot;size&quot;:&quot;&quot;},&quot;jet_parallax_layout_speed&quot;:{&quot;unit&quot;:&quot;%&quot;,&quot;size&quot;:50,&quot;sizes&quot;:[]},&quot;jet_parallax_layout_type&quot;:&quot;scroll&quot;,&quot;jet_parallax_layout_direction&quot;:&quot;1&quot;,&quot;jet_parallax_layout_fx_direction&quot;:null,&quot;jet_parallax_layout_z_index&quot;:&quot;&quot;,&quot;jet_parallax_layout_bg_x&quot;:50,&quot;jet_parallax_layout_bg_x_tablet&quot;:&quot;&quot;,&quot;jet_parallax_layout_bg_x_mobile&quot;:&quot;&quot;,&quot;jet_parallax_layout_bg_y&quot;:50,&quot;jet_parallax_layout_bg_y_tablet&quot;:&quot;&quot;,&quot;jet_parallax_layout_bg_y_mobile&quot;:&quot;&quot;,&quot;jet_parallax_layout_bg_size&quot;:&quot;auto&quot;,&quot;jet_parallax_layout_bg_size_tablet&quot;:&quot;&quot;,&quot;jet_parallax_layout_bg_size_mobile&quot;:&quot;&quot;,&quot;jet_parallax_layout_animation_prop&quot;:&quot;transform&quot;,&quot;jet_parallax_layout_on&quot;:[&quot;desktop&quot;,&quot;tablet&quot;]}]}\">\n\t\t\t\t\t\t<div class=\"elementor-container elementor-column-gap-default\">\n\t\t\t\t\t<div class=\"elementor-column elementor-col-100 elementor-top-column elementor-element elementor-element-7080505\" data-id=\"7080505\" data-element_type=\"column\" data-e-type=\"column\">\n\t\t\t<div class=\"elementor-widget-wrap elementor-element-populated\">\n\t\t\t\t\t\t<div class=\"elementor-element elementor-element-53f8d38 elementor-widget elementor-widget-spacer\" data-id=\"53f8d38\" data-element_type=\"widget\" data-e-type=\"widget\" data-widget_type=\"spacer.default\">\n\t\t\t\t<div class=\"elementor-widget-container\">\n\t\t\t\t\t\t\t<div class=\"elementor-spacer\">\n\t\t\t<div class=\"elementor-spacer-inner\"><\/div>\n\t\t<\/div>\n\t\t\t\t\t\t<\/div>\n\t\t\t\t<\/div>\n\t\t\t\t\t<\/div>\n\t\t<\/div>\n\t\t\t\t\t<\/div>\n\t\t<\/section>\n\t\t\t\t<\/div>\n\t\t","protected":false},"excerpt":{"rendered":"<p>https:\/\/www.linkedin.com\/in\/aida-fernandez\/ Neuraxpharm AIDA FERNANDEZ Aida t\u00f6bb mint 15 \u00e9ves tapasztalattal rendelkezik a gy\u00f3gyszeriparban, \u00e9s \u00e1tfog\u00f3 \u00fczleti ismeretekkel rendelkez\u0151, glob\u00e1lis HR-szakember. Sz\u00e9lesk\u00f6r\u0171 tapasztalattal rendelkezik helyi \u00e9s glob\u00e1lis poz\u00edci\u00f3kban, bele\u00e9rtve a nemzetk\u00f6zi k\u00f6zpontban v\u00e9gzett munk\u00e1t. Bizony\u00edtott m\u00faltra tekint vissza a szervezeti v\u00e1ltoz\u00e1sok v\u00e9grehajt\u00e1s\u00e1ban, a v\u00e1ltoz\u00e1skezel\u00e9si m\u00f3dszertan alkalmaz\u00e1s\u00e1ban \u00e9s az \u00fczleti siker biztos\u00edt\u00e1s\u00e1ban helyi, glob\u00e1lis \u00e9s v\u00e1llalati k\u00f6rnyezetben, [&hellip;]<\/p>\n","protected":false},"author":2,"featured_media":0,"parent":1998,"menu_order":0,"comment_status":"closed","ping_status":"closed","template":"elementor_header_footer","meta":{"_acf_changed":false,"footnotes":""},"class_list":["post-15940","page","type-page","status-publish","hentry"],"yoast_head":"<!-- This site is optimized with the Yoast SEO Premium plugin v27.2 (Yoast SEO v27.2) - https:\/\/yoast.com\/product\/yoast-seo-premium-wordpress\/ -->\n<title>AIDA FERNANDEZ - Neuraxpharm Hungary<\/title>\n<meta name=\"robots\" content=\"index, follow, max-snippet:-1, max-image-preview:large, max-video-preview:-1\" \/>\n<link rel=\"canonical\" href=\"https:\/\/www.neuraxpharm.com\/hu\/rolunk\/vezetoi-testulet\/aida-fernandez\" \/>\n<meta property=\"og:locale\" content=\"hu_HU\" \/>\n<meta property=\"og:type\" content=\"article\" \/>\n<meta property=\"og:title\" content=\"AIDA FERNANDEZ\" \/>\n<meta property=\"og:description\" content=\"https:\/\/www.linkedin.com\/in\/aida-fernandez\/ Neuraxpharm AIDA FERNANDEZ Aida t\u00f6bb mint 15 \u00e9ves tapasztalattal rendelkezik a gy\u00f3gyszeriparban, \u00e9s \u00e1tfog\u00f3 \u00fczleti ismeretekkel rendelkez\u0151, glob\u00e1lis HR-szakember. Sz\u00e9lesk\u00f6r\u0171 tapasztalattal rendelkezik helyi \u00e9s glob\u00e1lis poz\u00edci\u00f3kban, bele\u00e9rtve a nemzetk\u00f6zi k\u00f6zpontban v\u00e9gzett munk\u00e1t. Bizony\u00edtott m\u00faltra tekint vissza a szervezeti v\u00e1ltoz\u00e1sok v\u00e9grehajt\u00e1s\u00e1ban, a v\u00e1ltoz\u00e1skezel\u00e9si m\u00f3dszertan alkalmaz\u00e1s\u00e1ban \u00e9s az \u00fczleti siker biztos\u00edt\u00e1s\u00e1ban helyi, glob\u00e1lis \u00e9s v\u00e1llalati k\u00f6rnyezetben, [&hellip;]\" \/>\n<meta property=\"og:url\" content=\"https:\/\/www.neuraxpharm.com\/hu\/rolunk\/vezetoi-testulet\/aida-fernandez\" \/>\n<meta property=\"og:site_name\" content=\"Neuraxpharm Hungary\" \/>\n<meta property=\"article:modified_time\" content=\"2023-04-21T08:36:25+00:00\" \/>\n<meta property=\"og:image\" content=\"https:\/\/www.neuraxpharm.com\/hu\/wp-content\/uploads\/sites\/33\/2021\/03\/exectuvie-6.jpg\" \/>\n<meta name=\"twitter:card\" content=\"summary_large_image\" \/>\n<meta name=\"twitter:label1\" content=\"Becs\u00fclt olvas\u00e1si id\u0151\" \/>\n\t<meta name=\"twitter:data1\" content=\"1 perc\" \/>\n<script type=\"application\/ld+json\" class=\"yoast-schema-graph\">{\"@context\":\"https:\/\/schema.org\",\"@graph\":[{\"@type\":\"WebPage\",\"@id\":\"https:\/\/www.neuraxpharm.com\/hu\/rolunk\/vezetoi-testulet\/aida-fernandez\",\"url\":\"https:\/\/www.neuraxpharm.com\/hu\/rolunk\/vezetoi-testulet\/aida-fernandez\",\"name\":\"AIDA FERNANDEZ - Neuraxpharm Hungary\",\"isPartOf\":{\"@id\":\"https:\/\/www.neuraxpharm.com\/hu\/#website\"},\"primaryImageOfPage\":{\"@id\":\"https:\/\/www.neuraxpharm.com\/hu\/rolunk\/vezetoi-testulet\/aida-fernandez#primaryimage\"},\"image\":{\"@id\":\"https:\/\/www.neuraxpharm.com\/hu\/rolunk\/vezetoi-testulet\/aida-fernandez#primaryimage\"},\"thumbnailUrl\":\"https:\/\/www.neuraxpharm.com\/hu\/wp-content\/uploads\/sites\/33\/2021\/03\/exectuvie-6.jpg\",\"datePublished\":\"2021-04-13T09:02:57+00:00\",\"dateModified\":\"2023-04-21T08:36:25+00:00\",\"breadcrumb\":{\"@id\":\"https:\/\/www.neuraxpharm.com\/hu\/rolunk\/vezetoi-testulet\/aida-fernandez#breadcrumb\"},\"inLanguage\":\"hu\",\"potentialAction\":[{\"@type\":\"ReadAction\",\"target\":[\"https:\/\/www.neuraxpharm.com\/hu\/rolunk\/vezetoi-testulet\/aida-fernandez\"]}]},{\"@type\":\"ImageObject\",\"inLanguage\":\"hu\",\"@id\":\"https:\/\/www.neuraxpharm.com\/hu\/rolunk\/vezetoi-testulet\/aida-fernandez#primaryimage\",\"url\":\"https:\/\/www.neuraxpharm.com\/hu\/wp-content\/uploads\/sites\/33\/2021\/03\/exectuvie-6.jpg\",\"contentUrl\":\"https:\/\/www.neuraxpharm.com\/hu\/wp-content\/uploads\/sites\/33\/2021\/03\/exectuvie-6.jpg\",\"width\":358,\"height\":350},{\"@type\":\"BreadcrumbList\",\"@id\":\"https:\/\/www.neuraxpharm.com\/hu\/rolunk\/vezetoi-testulet\/aida-fernandez#breadcrumb\",\"itemListElement\":[{\"@type\":\"ListItem\",\"position\":1,\"name\":\"R\u00f3lunk\",\"item\":\"https:\/\/www.neuraxpharm.com\/hu\/rolunk\"},{\"@type\":\"ListItem\",\"position\":2,\"name\":\"Vezet\u0151i test\u00fclet\",\"item\":\"https:\/\/www.neuraxpharm.com\/hu\/rolunk\/vezetoi-testulet\"},{\"@type\":\"ListItem\",\"position\":3,\"name\":\"AIDA FERNANDEZ\"}]},{\"@type\":\"WebSite\",\"@id\":\"https:\/\/www.neuraxpharm.com\/hu\/#website\",\"url\":\"https:\/\/www.neuraxpharm.com\/hu\/\",\"name\":\"Neuraxpharm Hungary\",\"description\":\"Ein europ\u00e4ischer Marktf\u00fchrer f\u00fcr CNS-Produkte\",\"potentialAction\":[{\"@type\":\"SearchAction\",\"target\":{\"@type\":\"EntryPoint\",\"urlTemplate\":\"https:\/\/www.neuraxpharm.com\/hu\/?s={search_term_string}\"},\"query-input\":{\"@type\":\"PropertyValueSpecification\",\"valueRequired\":true,\"valueName\":\"search_term_string\"}}],\"inLanguage\":\"hu\"}]}<\/script>\n<!-- \/ Yoast SEO Premium plugin. -->","yoast_head_json":{"title":"AIDA FERNANDEZ - Neuraxpharm Hungary","robots":{"index":"index","follow":"follow","max-snippet":"max-snippet:-1","max-image-preview":"max-image-preview:large","max-video-preview":"max-video-preview:-1"},"canonical":"https:\/\/www.neuraxpharm.com\/hu\/rolunk\/vezetoi-testulet\/aida-fernandez","og_locale":"hu_HU","og_type":"article","og_title":"AIDA FERNANDEZ","og_description":"https:\/\/www.linkedin.com\/in\/aida-fernandez\/ Neuraxpharm AIDA FERNANDEZ Aida t\u00f6bb mint 15 \u00e9ves tapasztalattal rendelkezik a gy\u00f3gyszeriparban, \u00e9s \u00e1tfog\u00f3 \u00fczleti ismeretekkel rendelkez\u0151, glob\u00e1lis HR-szakember. Sz\u00e9lesk\u00f6r\u0171 tapasztalattal rendelkezik helyi \u00e9s glob\u00e1lis poz\u00edci\u00f3kban, bele\u00e9rtve a nemzetk\u00f6zi k\u00f6zpontban v\u00e9gzett munk\u00e1t. Bizony\u00edtott m\u00faltra tekint vissza a szervezeti v\u00e1ltoz\u00e1sok v\u00e9grehajt\u00e1s\u00e1ban, a v\u00e1ltoz\u00e1skezel\u00e9si m\u00f3dszertan alkalmaz\u00e1s\u00e1ban \u00e9s az \u00fczleti siker biztos\u00edt\u00e1s\u00e1ban helyi, glob\u00e1lis \u00e9s v\u00e1llalati k\u00f6rnyezetben, [&hellip;]","og_url":"https:\/\/www.neuraxpharm.com\/hu\/rolunk\/vezetoi-testulet\/aida-fernandez","og_site_name":"Neuraxpharm Hungary","article_modified_time":"2023-04-21T08:36:25+00:00","og_image":[{"url":"https:\/\/www.neuraxpharm.com\/hu\/wp-content\/uploads\/sites\/33\/2021\/03\/exectuvie-6.jpg","type":"","width":"","height":""}],"twitter_card":"summary_large_image","twitter_misc":{"Becs\u00fclt olvas\u00e1si id\u0151":"1 perc"},"schema":{"@context":"https:\/\/schema.org","@graph":[{"@type":"WebPage","@id":"https:\/\/www.neuraxpharm.com\/hu\/rolunk\/vezetoi-testulet\/aida-fernandez","url":"https:\/\/www.neuraxpharm.com\/hu\/rolunk\/vezetoi-testulet\/aida-fernandez","name":"AIDA FERNANDEZ - Neuraxpharm Hungary","isPartOf":{"@id":"https:\/\/www.neuraxpharm.com\/hu\/#website"},"primaryImageOfPage":{"@id":"https:\/\/www.neuraxpharm.com\/hu\/rolunk\/vezetoi-testulet\/aida-fernandez#primaryimage"},"image":{"@id":"https:\/\/www.neuraxpharm.com\/hu\/rolunk\/vezetoi-testulet\/aida-fernandez#primaryimage"},"thumbnailUrl":"https:\/\/www.neuraxpharm.com\/hu\/wp-content\/uploads\/sites\/33\/2021\/03\/exectuvie-6.jpg","datePublished":"2021-04-13T09:02:57+00:00","dateModified":"2023-04-21T08:36:25+00:00","breadcrumb":{"@id":"https:\/\/www.neuraxpharm.com\/hu\/rolunk\/vezetoi-testulet\/aida-fernandez#breadcrumb"},"inLanguage":"hu","potentialAction":[{"@type":"ReadAction","target":["https:\/\/www.neuraxpharm.com\/hu\/rolunk\/vezetoi-testulet\/aida-fernandez"]}]},{"@type":"ImageObject","inLanguage":"hu","@id":"https:\/\/www.neuraxpharm.com\/hu\/rolunk\/vezetoi-testulet\/aida-fernandez#primaryimage","url":"https:\/\/www.neuraxpharm.com\/hu\/wp-content\/uploads\/sites\/33\/2021\/03\/exectuvie-6.jpg","contentUrl":"https:\/\/www.neuraxpharm.com\/hu\/wp-content\/uploads\/sites\/33\/2021\/03\/exectuvie-6.jpg","width":358,"height":350},{"@type":"BreadcrumbList","@id":"https:\/\/www.neuraxpharm.com\/hu\/rolunk\/vezetoi-testulet\/aida-fernandez#breadcrumb","itemListElement":[{"@type":"ListItem","position":1,"name":"R\u00f3lunk","item":"https:\/\/www.neuraxpharm.com\/hu\/rolunk"},{"@type":"ListItem","position":2,"name":"Vezet\u0151i test\u00fclet","item":"https:\/\/www.neuraxpharm.com\/hu\/rolunk\/vezetoi-testulet"},{"@type":"ListItem","position":3,"name":"AIDA FERNANDEZ"}]},{"@type":"WebSite","@id":"https:\/\/www.neuraxpharm.com\/hu\/#website","url":"https:\/\/www.neuraxpharm.com\/hu\/","name":"Neuraxpharm Hungary","description":"Ein europ\u00e4ischer Marktf\u00fchrer f\u00fcr CNS-Produkte","potentialAction":[{"@type":"SearchAction","target":{"@type":"EntryPoint","urlTemplate":"https:\/\/www.neuraxpharm.com\/hu\/?s={search_term_string}"},"query-input":{"@type":"PropertyValueSpecification","valueRequired":true,"valueName":"search_term_string"}}],"inLanguage":"hu"}]}},"acf":[],"_links":{"self":[{"href":"https:\/\/www.neuraxpharm.com\/hu\/wp-json\/wp\/v2\/pages\/15940","targetHints":{"allow":["GET"]}}],"collection":[{"href":"https:\/\/www.neuraxpharm.com\/hu\/wp-json\/wp\/v2\/pages"}],"about":[{"href":"https:\/\/www.neuraxpharm.com\/hu\/wp-json\/wp\/v2\/types\/page"}],"author":[{"embeddable":true,"href":"https:\/\/www.neuraxpharm.com\/hu\/wp-json\/wp\/v2\/users\/2"}],"replies":[{"embeddable":true,"href":"https:\/\/www.neuraxpharm.com\/hu\/wp-json\/wp\/v2\/comments?post=15940"}],"version-history":[{"count":21,"href":"https:\/\/www.neuraxpharm.com\/hu\/wp-json\/wp\/v2\/pages\/15940\/revisions"}],"predecessor-version":[{"id":28222,"href":"https:\/\/www.neuraxpharm.com\/hu\/wp-json\/wp\/v2\/pages\/15940\/revisions\/28222"}],"up":[{"embeddable":true,"href":"https:\/\/www.neuraxpharm.com\/hu\/wp-json\/wp\/v2\/pages\/1998"}],"wp:attachment":[{"href":"https:\/\/www.neuraxpharm.com\/hu\/wp-json\/wp\/v2\/media?parent=15940"}],"curies":[{"name":"wp","href":"https:\/\/api.w.org\/{rel}","templated":true}]}}