{"id":15772,"date":"2021-04-13T08:16:45","date_gmt":"2021-04-13T08:16:45","guid":{"rendered":"https:\/\/www.neuraxpharm.com\/it2\/?page_id=15772"},"modified":"2023-04-21T08:19:16","modified_gmt":"2023-04-21T08:19:16","slug":"jorg-thomas-dierks","status":"publish","type":"page","link":"https:\/\/www.neuraxpharm.com\/hu\/rolunk\/vezetoi-testulet\/jorg-thomas-dierks","title":{"rendered":"DR J\u00d6RG-THOMAS DIERKS"},"content":{"rendered":"\t\t<div data-elementor-type=\"wp-page\" data-elementor-id=\"15772\" class=\"elementor elementor-15772\" data-elementor-post-type=\"page\">\n\t\t\t\t\t\t<section class=\"elementor-section elementor-top-section elementor-element elementor-element-7f808905 elementor-section-boxed elementor-section-height-default elementor-section-height-default\" data-id=\"7f808905\" data-element_type=\"section\" data-e-type=\"section\" data-settings=\"{&quot;jet_parallax_layout_list&quot;:[{&quot;jet_parallax_layout_image&quot;:{&quot;url&quot;:&quot;&quot;,&quot;id&quot;:&quot;&quot;,&quot;size&quot;:&quot;&quot;},&quot;_id&quot;:&quot;f02b98c&quot;,&quot;jet_parallax_layout_image_tablet&quot;:{&quot;url&quot;:&quot;&quot;,&quot;id&quot;:&quot;&quot;,&quot;size&quot;:&quot;&quot;},&quot;jet_parallax_layout_image_mobile&quot;:{&quot;url&quot;:&quot;&quot;,&quot;id&quot;:&quot;&quot;,&quot;size&quot;:&quot;&quot;},&quot;jet_parallax_layout_speed&quot;:{&quot;unit&quot;:&quot;%&quot;,&quot;size&quot;:50,&quot;sizes&quot;:[]},&quot;jet_parallax_layout_type&quot;:&quot;scroll&quot;,&quot;jet_parallax_layout_direction&quot;:&quot;1&quot;,&quot;jet_parallax_layout_fx_direction&quot;:null,&quot;jet_parallax_layout_z_index&quot;:&quot;&quot;,&quot;jet_parallax_layout_bg_x&quot;:50,&quot;jet_parallax_layout_bg_x_tablet&quot;:&quot;&quot;,&quot;jet_parallax_layout_bg_x_mobile&quot;:&quot;&quot;,&quot;jet_parallax_layout_bg_y&quot;:50,&quot;jet_parallax_layout_bg_y_tablet&quot;:&quot;&quot;,&quot;jet_parallax_layout_bg_y_mobile&quot;:&quot;&quot;,&quot;jet_parallax_layout_bg_size&quot;:&quot;auto&quot;,&quot;jet_parallax_layout_bg_size_tablet&quot;:&quot;&quot;,&quot;jet_parallax_layout_bg_size_mobile&quot;:&quot;&quot;,&quot;jet_parallax_layout_animation_prop&quot;:&quot;transform&quot;,&quot;jet_parallax_layout_on&quot;:[&quot;desktop&quot;,&quot;tablet&quot;]}]}\">\n\t\t\t\t\t\t<div class=\"elementor-container elementor-column-gap-default\">\n\t\t\t\t\t<div class=\"elementor-column elementor-col-33 elementor-top-column elementor-element elementor-element-3d70389b\" data-id=\"3d70389b\" data-element_type=\"column\" data-e-type=\"column\">\n\t\t\t<div class=\"elementor-widget-wrap elementor-element-populated\">\n\t\t\t\t\t\t<div class=\"elementor-element elementor-element-75ad8cba elementor-widget elementor-widget-image\" data-id=\"75ad8cba\" data-element_type=\"widget\" data-e-type=\"widget\" data-widget_type=\"image.default\">\n\t\t\t\t<div class=\"elementor-widget-container\">\n\t\t\t\t\t\t\t\t\t\t\t\t\t\t\t<img fetchpriority=\"high\" decoding=\"async\" width=\"358\" height=\"350\" src=\"https:\/\/static.neuraxpharm.com\/wp-content\/uploads\/sites\/33\/2021\/03\/18085339\/exectuvie-1.jpg\" class=\"attachment-large size-large wp-image-2064\" alt=\"\" \/>\t\t\t\t\t\t\t\t\t\t\t\t\t\t\t<\/div>\n\t\t\t\t<\/div>\n\t\t\t\t<section class=\"elementor-section elementor-inner-section elementor-element elementor-element-74b8bffa elementor-section-content-top elementor-section-boxed elementor-section-height-default elementor-section-height-default\" data-id=\"74b8bffa\" data-element_type=\"section\" data-e-type=\"section\" data-settings=\"{&quot;jet_parallax_layout_list&quot;:[{&quot;jet_parallax_layout_image&quot;:{&quot;url&quot;:&quot;&quot;,&quot;id&quot;:&quot;&quot;,&quot;size&quot;:&quot;&quot;},&quot;_id&quot;:&quot;5f899ce&quot;,&quot;jet_parallax_layout_image_tablet&quot;:{&quot;url&quot;:&quot;&quot;,&quot;id&quot;:&quot;&quot;,&quot;size&quot;:&quot;&quot;},&quot;jet_parallax_layout_image_mobile&quot;:{&quot;url&quot;:&quot;&quot;,&quot;id&quot;:&quot;&quot;,&quot;size&quot;:&quot;&quot;},&quot;jet_parallax_layout_speed&quot;:{&quot;unit&quot;:&quot;%&quot;,&quot;size&quot;:50,&quot;sizes&quot;:[]},&quot;jet_parallax_layout_type&quot;:&quot;scroll&quot;,&quot;jet_parallax_layout_direction&quot;:&quot;1&quot;,&quot;jet_parallax_layout_fx_direction&quot;:null,&quot;jet_parallax_layout_z_index&quot;:&quot;&quot;,&quot;jet_parallax_layout_bg_x&quot;:50,&quot;jet_parallax_layout_bg_x_tablet&quot;:&quot;&quot;,&quot;jet_parallax_layout_bg_x_mobile&quot;:&quot;&quot;,&quot;jet_parallax_layout_bg_y&quot;:50,&quot;jet_parallax_layout_bg_y_tablet&quot;:&quot;&quot;,&quot;jet_parallax_layout_bg_y_mobile&quot;:&quot;&quot;,&quot;jet_parallax_layout_bg_size&quot;:&quot;auto&quot;,&quot;jet_parallax_layout_bg_size_tablet&quot;:&quot;&quot;,&quot;jet_parallax_layout_bg_size_mobile&quot;:&quot;&quot;,&quot;jet_parallax_layout_animation_prop&quot;:&quot;transform&quot;,&quot;jet_parallax_layout_on&quot;:[&quot;desktop&quot;,&quot;tablet&quot;]}]}\">\n\t\t\t\t\t\t<div class=\"elementor-container elementor-column-gap-default\">\n\t\t\t\t\t<div class=\"elementor-column elementor-col-50 elementor-inner-column elementor-element elementor-element-60646bf2\" data-id=\"60646bf2\" data-element_type=\"column\" data-e-type=\"column\">\n\t\t\t<div class=\"elementor-widget-wrap elementor-element-populated\">\n\t\t\t\t\t\t<div class=\"elementor-element elementor-element-15700adb elementor-view-default elementor-widget elementor-widget-icon\" data-id=\"15700adb\" data-element_type=\"widget\" data-e-type=\"widget\" data-widget_type=\"icon.default\">\n\t\t\t\t<div class=\"elementor-widget-container\">\n\t\t\t\t\t\t\t<div class=\"elementor-icon-wrapper\">\n\t\t\t<div class=\"elementor-icon\">\n\t\t\t<i aria-hidden=\"true\" class=\"fab fa-linkedin-in\"><\/i>\t\t\t<\/div>\n\t\t<\/div>\n\t\t\t\t\t\t<\/div>\n\t\t\t\t<\/div>\n\t\t\t\t\t<\/div>\n\t\t<\/div>\n\t\t\t\t<div class=\"elementor-column elementor-col-50 elementor-inner-column elementor-element elementor-element-15490b\" data-id=\"15490b\" data-element_type=\"column\" data-e-type=\"column\">\n\t\t\t<div class=\"elementor-widget-wrap elementor-element-populated\">\n\t\t\t\t\t\t<div class=\"elementor-element elementor-element-1cc52f3 elementor-widget elementor-widget-heading\" data-id=\"1cc52f3\" data-element_type=\"widget\" data-e-type=\"widget\" data-widget_type=\"heading.default\">\n\t\t\t\t<div class=\"elementor-widget-container\">\n\t\t\t\t\t<p class=\"elementor-heading-title elementor-size-default\"><a href=\"https:\/\/www.linkedin.com\/in\/jorg-thomas-dierks\/\" target=\"_blank\">https:\/\/www.linkedin.com\/in\/joerg-thomas-dierks\/<\/a><\/p>\t\t\t\t<\/div>\n\t\t\t\t<\/div>\n\t\t\t\t\t<\/div>\n\t\t<\/div>\n\t\t\t\t\t<\/div>\n\t\t<\/section>\n\t\t\t\t\t<\/div>\n\t\t<\/div>\n\t\t\t\t<div class=\"elementor-column elementor-col-66 elementor-top-column elementor-element elementor-element-17640048\" data-id=\"17640048\" data-element_type=\"column\" data-e-type=\"column\">\n\t\t\t<div class=\"elementor-widget-wrap elementor-element-populated\">\n\t\t\t\t\t\t<div class=\"elementor-element elementor-element-3453d9e5 elementor-widget elementor-widget-jet-breadcrumbs\" data-id=\"3453d9e5\" data-element_type=\"widget\" data-e-type=\"widget\" data-widget_type=\"jet-breadcrumbs.default\">\n\t\t\t\t<div class=\"elementor-widget-container\">\n\t\t\t\t\t<div class=\"elementor-jet-breadcrumbs jet-blocks\">\n\t\t<div class=\"jet-breadcrumbs\">\n\t\t<div class=\"jet-breadcrumbs__content\">\n\t\t<div class=\"jet-breadcrumbs__wrap\"><div class=\"jet-breadcrumbs__item\"><a href=\"https:\/\/www.neuraxpharm.com\/hu\/\" class=\"jet-breadcrumbs__item-link is-home\" rel=\"home\" title=\"Neuraxpharm\">Neuraxpharm<\/a><\/div>\n\t\t<\/div>\n\t\t<\/div>\n\t\t<\/div><\/div>\t\t\t\t<\/div>\n\t\t\t\t<\/div>\n\t\t\t\t<div class=\"elementor-element elementor-element-e5e84e8 elementor-widget elementor-widget-heading\" data-id=\"e5e84e8\" data-element_type=\"widget\" data-e-type=\"widget\" data-widget_type=\"heading.default\">\n\t\t\t\t<div class=\"elementor-widget-container\">\n\t\t\t\t\t<h1 class=\"elementor-heading-title elementor-size-default\">DR. J\u00d6RG-THOMAS DIERKS<\/h1>\t\t\t\t<\/div>\n\t\t\t\t<\/div>\n\t\t\t\t<div class=\"elementor-element elementor-element-614cff3 elementor-widget elementor-widget-text-editor\" data-id=\"614cff3\" data-element_type=\"widget\" data-e-type=\"widget\" data-widget_type=\"text-editor.default\">\n\t\t\t\t<div class=\"elementor-widget-container\">\n\t\t\t\t\t\t\t\t\tDr. Dierks 30 \u00e9ves eg\u00e9szs\u00e9g\u00fcgyi tapasztalattal rendelkezik, \u00e9s sz\u00e1mos vezet\u0151i poz\u00edci\u00f3t t\u00f6lt\u00f6tt be a gy\u00f3gyszeriparban. 2018-ban csatlakozott a Neuraxpharmhoz a sv\u00e9d speci\u00e1lis gy\u00f3gyszeripari v\u00e1llalat, a Meda vez\u00e9rigazgat\u00f3i posztj\u00e1r\u00f3l, amelyet 2013-t\u00f3l t\u00f6lt\u00f6tt be.\n<br><br>\nJ\u00f6rg 2005-t\u0151l volt a Meda \u00fcgyvezet\u0151 igazgat\u00f3ja, \u00e9s egy ideig tudom\u00e1nyos igazgat\u00f3i tisztet is bet\u00f6lt\u00f6tt. Sok \u00e9ven \u00e1t hozz\u00e1j\u00e1rult az \u00fczlet n\u00f6veked\u00e9s\u00e9hez, \u00e9s hozz\u00e1j\u00e1rult ahhoz, hogy a Mylan 2016-ban 10 milli\u00e1rd doll\u00e1r\u00e9rt megv\u00e1s\u00e1rolja. \n<br><br>\n Miel\u0151tt a Med\u00e1hoz csatlakozott volna, J\u00f6rg a n\u00e9metorsz\u00e1gi Viatris gy\u00f3gyszergy\u00e1rt\u00f3 c\u00e9g \u00fcgyvezet\u0151 igazgat\u00f3ja volt.\n<br><br>\nA n\u00e9metorsz\u00e1gi Bad Kreuznachban sz\u00fcletett J\u00f6rg a Johannes-Gutenberg-Universit\u00e4t zu Mainz egyetemen szerzett orvosi diplom\u00e1t. Ez azzal is j\u00e1rt, hogy 1986-ban egy \u00e9vig dolgozott egy koblenzi k\u00f3rh\u00e1zban, amivel megszerezte az orvosi c\u00edmet. Egy \u00e9vvel k\u00e9s\u0151bb J\u00f6rg megszerezte az orvostudom\u00e1ny doktora c\u00edmet. Emellett \u00fczleti adminisztr\u00e1ci\u00f3t tanult a Fernuniversit\u00e4t Gesamthochschule egyetemen Hagenben.\t\t\t\t\t\t\t\t<\/div>\n\t\t\t\t<\/div>\n\t\t\t\t\t<\/div>\n\t\t<\/div>\n\t\t\t\t\t<\/div>\n\t\t<\/section>\n\t\t\t\t<section class=\"elementor-section elementor-top-section elementor-element elementor-element-bacc1a9 elementor-section-boxed elementor-section-height-default elementor-section-height-default\" data-id=\"bacc1a9\" data-element_type=\"section\" data-e-type=\"section\" data-settings=\"{&quot;jet_parallax_layout_list&quot;:[{&quot;jet_parallax_layout_image&quot;:{&quot;url&quot;:&quot;&quot;,&quot;id&quot;:&quot;&quot;,&quot;size&quot;:&quot;&quot;},&quot;_id&quot;:&quot;e7d9f21&quot;,&quot;jet_parallax_layout_image_tablet&quot;:{&quot;url&quot;:&quot;&quot;,&quot;id&quot;:&quot;&quot;,&quot;size&quot;:&quot;&quot;},&quot;jet_parallax_layout_image_mobile&quot;:{&quot;url&quot;:&quot;&quot;,&quot;id&quot;:&quot;&quot;,&quot;size&quot;:&quot;&quot;},&quot;jet_parallax_layout_speed&quot;:{&quot;unit&quot;:&quot;%&quot;,&quot;size&quot;:50,&quot;sizes&quot;:[]},&quot;jet_parallax_layout_type&quot;:&quot;scroll&quot;,&quot;jet_parallax_layout_direction&quot;:&quot;1&quot;,&quot;jet_parallax_layout_fx_direction&quot;:null,&quot;jet_parallax_layout_z_index&quot;:&quot;&quot;,&quot;jet_parallax_layout_bg_x&quot;:50,&quot;jet_parallax_layout_bg_x_tablet&quot;:&quot;&quot;,&quot;jet_parallax_layout_bg_x_mobile&quot;:&quot;&quot;,&quot;jet_parallax_layout_bg_y&quot;:50,&quot;jet_parallax_layout_bg_y_tablet&quot;:&quot;&quot;,&quot;jet_parallax_layout_bg_y_mobile&quot;:&quot;&quot;,&quot;jet_parallax_layout_bg_size&quot;:&quot;auto&quot;,&quot;jet_parallax_layout_bg_size_tablet&quot;:&quot;&quot;,&quot;jet_parallax_layout_bg_size_mobile&quot;:&quot;&quot;,&quot;jet_parallax_layout_animation_prop&quot;:&quot;transform&quot;,&quot;jet_parallax_layout_on&quot;:[&quot;desktop&quot;,&quot;tablet&quot;]}]}\">\n\t\t\t\t\t\t<div class=\"elementor-container elementor-column-gap-default\">\n\t\t\t\t\t<div class=\"elementor-column elementor-col-100 elementor-top-column elementor-element elementor-element-7080505\" data-id=\"7080505\" data-element_type=\"column\" data-e-type=\"column\">\n\t\t\t<div class=\"elementor-widget-wrap elementor-element-populated\">\n\t\t\t\t\t\t<div class=\"elementor-element elementor-element-53f8d38 elementor-widget elementor-widget-spacer\" data-id=\"53f8d38\" data-element_type=\"widget\" data-e-type=\"widget\" data-widget_type=\"spacer.default\">\n\t\t\t\t<div class=\"elementor-widget-container\">\n\t\t\t\t\t\t\t<div class=\"elementor-spacer\">\n\t\t\t<div class=\"elementor-spacer-inner\"><\/div>\n\t\t<\/div>\n\t\t\t\t\t\t<\/div>\n\t\t\t\t<\/div>\n\t\t\t\t\t<\/div>\n\t\t<\/div>\n\t\t\t\t\t<\/div>\n\t\t<\/section>\n\t\t\t\t<\/div>\n\t\t","protected":false},"excerpt":{"rendered":"<p>https:\/\/www.linkedin.com\/in\/joerg-thomas-dierks\/ Neuraxpharm DR. J\u00d6RG-THOMAS DIERKS Dr. Dierks 30 \u00e9ves eg\u00e9szs\u00e9g\u00fcgyi tapasztalattal rendelkezik, \u00e9s sz\u00e1mos vezet\u0151i poz\u00edci\u00f3t t\u00f6lt\u00f6tt be a gy\u00f3gyszeriparban. 2018-ban csatlakozott a Neuraxpharmhoz a sv\u00e9d speci\u00e1lis gy\u00f3gyszeripari v\u00e1llalat, a Meda vez\u00e9rigazgat\u00f3i posztj\u00e1r\u00f3l, amelyet 2013-t\u00f3l t\u00f6lt\u00f6tt be. J\u00f6rg 2005-t\u0151l volt a Meda \u00fcgyvezet\u0151 igazgat\u00f3ja, \u00e9s egy ideig tudom\u00e1nyos igazgat\u00f3i tisztet is bet\u00f6lt\u00f6tt. Sok \u00e9ven \u00e1t [&hellip;]<\/p>\n","protected":false},"author":1,"featured_media":0,"parent":1998,"menu_order":0,"comment_status":"closed","ping_status":"closed","template":"elementor_header_footer","meta":{"_acf_changed":false,"footnotes":""},"class_list":["post-15772","page","type-page","status-publish","hentry"],"yoast_head":"<!-- This site is optimized with the Yoast SEO Premium plugin v27.2 (Yoast SEO v27.2) - https:\/\/yoast.com\/product\/yoast-seo-premium-wordpress\/ -->\n<title>DR J\u00d6RG-THOMAS DIERKS - Neuraxpharm Hungary<\/title>\n<meta name=\"robots\" content=\"index, follow, max-snippet:-1, max-image-preview:large, max-video-preview:-1\" \/>\n<link rel=\"canonical\" href=\"https:\/\/www.neuraxpharm.com\/hu\/rolunk\/vezetoi-testulet\/jorg-thomas-dierks\" \/>\n<meta property=\"og:locale\" content=\"hu_HU\" \/>\n<meta property=\"og:type\" content=\"article\" \/>\n<meta property=\"og:title\" content=\"DR J\u00d6RG-THOMAS DIERKS\" \/>\n<meta property=\"og:description\" content=\"https:\/\/www.linkedin.com\/in\/joerg-thomas-dierks\/ Neuraxpharm DR. J\u00d6RG-THOMAS DIERKS Dr. Dierks 30 \u00e9ves eg\u00e9szs\u00e9g\u00fcgyi tapasztalattal rendelkezik, \u00e9s sz\u00e1mos vezet\u0151i poz\u00edci\u00f3t t\u00f6lt\u00f6tt be a gy\u00f3gyszeriparban. 2018-ban csatlakozott a Neuraxpharmhoz a sv\u00e9d speci\u00e1lis gy\u00f3gyszeripari v\u00e1llalat, a Meda vez\u00e9rigazgat\u00f3i posztj\u00e1r\u00f3l, amelyet 2013-t\u00f3l t\u00f6lt\u00f6tt be. J\u00f6rg 2005-t\u0151l volt a Meda \u00fcgyvezet\u0151 igazgat\u00f3ja, \u00e9s egy ideig tudom\u00e1nyos igazgat\u00f3i tisztet is bet\u00f6lt\u00f6tt. Sok \u00e9ven \u00e1t [&hellip;]\" \/>\n<meta property=\"og:url\" content=\"https:\/\/www.neuraxpharm.com\/hu\/rolunk\/vezetoi-testulet\/jorg-thomas-dierks\" \/>\n<meta property=\"og:site_name\" content=\"Neuraxpharm Hungary\" \/>\n<meta property=\"article:modified_time\" content=\"2023-04-21T08:19:16+00:00\" \/>\n<meta property=\"og:image\" content=\"https:\/\/www.neuraxpharm.com\/hu\/wp-content\/uploads\/sites\/33\/2021\/03\/exectuvie-1.jpg\" \/>\n<meta name=\"twitter:card\" content=\"summary_large_image\" \/>\n<meta name=\"twitter:label1\" content=\"Becs\u00fclt olvas\u00e1si id\u0151\" \/>\n\t<meta name=\"twitter:data1\" content=\"2 perc\" \/>\n<script type=\"application\/ld+json\" class=\"yoast-schema-graph\">{\"@context\":\"https:\/\/schema.org\",\"@graph\":[{\"@type\":\"WebPage\",\"@id\":\"https:\/\/www.neuraxpharm.com\/hu\/rolunk\/vezetoi-testulet\/jorg-thomas-dierks\",\"url\":\"https:\/\/www.neuraxpharm.com\/hu\/rolunk\/vezetoi-testulet\/jorg-thomas-dierks\",\"name\":\"DR J\u00d6RG-THOMAS DIERKS - Neuraxpharm Hungary\",\"isPartOf\":{\"@id\":\"https:\/\/www.neuraxpharm.com\/hu\/#website\"},\"primaryImageOfPage\":{\"@id\":\"https:\/\/www.neuraxpharm.com\/hu\/rolunk\/vezetoi-testulet\/jorg-thomas-dierks#primaryimage\"},\"image\":{\"@id\":\"https:\/\/www.neuraxpharm.com\/hu\/rolunk\/vezetoi-testulet\/jorg-thomas-dierks#primaryimage\"},\"thumbnailUrl\":\"https:\/\/www.neuraxpharm.com\/hu\/wp-content\/uploads\/sites\/33\/2021\/03\/exectuvie-1.jpg\",\"datePublished\":\"2021-04-13T08:16:45+00:00\",\"dateModified\":\"2023-04-21T08:19:16+00:00\",\"breadcrumb\":{\"@id\":\"https:\/\/www.neuraxpharm.com\/hu\/rolunk\/vezetoi-testulet\/jorg-thomas-dierks#breadcrumb\"},\"inLanguage\":\"hu\",\"potentialAction\":[{\"@type\":\"ReadAction\",\"target\":[\"https:\/\/www.neuraxpharm.com\/hu\/rolunk\/vezetoi-testulet\/jorg-thomas-dierks\"]}]},{\"@type\":\"ImageObject\",\"inLanguage\":\"hu\",\"@id\":\"https:\/\/www.neuraxpharm.com\/hu\/rolunk\/vezetoi-testulet\/jorg-thomas-dierks#primaryimage\",\"url\":\"https:\/\/static.neuraxpharm.com\/wp-content\/uploads\/sites\/33\/2021\/03\/18085339\/exectuvie-1.jpg\",\"contentUrl\":\"https:\/\/static.neuraxpharm.com\/wp-content\/uploads\/sites\/33\/2021\/03\/18085339\/exectuvie-1.jpg\",\"width\":358,\"height\":350},{\"@type\":\"BreadcrumbList\",\"@id\":\"https:\/\/www.neuraxpharm.com\/hu\/rolunk\/vezetoi-testulet\/jorg-thomas-dierks#breadcrumb\",\"itemListElement\":[{\"@type\":\"ListItem\",\"position\":1,\"name\":\"R\u00f3lunk\",\"item\":\"https:\/\/www.neuraxpharm.com\/hu\/rolunk\"},{\"@type\":\"ListItem\",\"position\":2,\"name\":\"Vezet\u0151i test\u00fclet\",\"item\":\"https:\/\/www.neuraxpharm.com\/hu\/rolunk\/vezetoi-testulet\"},{\"@type\":\"ListItem\",\"position\":3,\"name\":\"DR J\u00d6RG-THOMAS DIERKS\"}]},{\"@type\":\"WebSite\",\"@id\":\"https:\/\/www.neuraxpharm.com\/hu\/#website\",\"url\":\"https:\/\/www.neuraxpharm.com\/hu\/\",\"name\":\"Neuraxpharm Hungary\",\"description\":\"Ein europ\u00e4ischer Marktf\u00fchrer f\u00fcr CNS-Produkte\",\"potentialAction\":[{\"@type\":\"SearchAction\",\"target\":{\"@type\":\"EntryPoint\",\"urlTemplate\":\"https:\/\/www.neuraxpharm.com\/hu\/?s={search_term_string}\"},\"query-input\":{\"@type\":\"PropertyValueSpecification\",\"valueRequired\":true,\"valueName\":\"search_term_string\"}}],\"inLanguage\":\"hu\"}]}<\/script>\n<!-- \/ Yoast SEO Premium plugin. -->","yoast_head_json":{"title":"DR J\u00d6RG-THOMAS DIERKS - Neuraxpharm Hungary","robots":{"index":"index","follow":"follow","max-snippet":"max-snippet:-1","max-image-preview":"max-image-preview:large","max-video-preview":"max-video-preview:-1"},"canonical":"https:\/\/www.neuraxpharm.com\/hu\/rolunk\/vezetoi-testulet\/jorg-thomas-dierks","og_locale":"hu_HU","og_type":"article","og_title":"DR J\u00d6RG-THOMAS DIERKS","og_description":"https:\/\/www.linkedin.com\/in\/joerg-thomas-dierks\/ Neuraxpharm DR. J\u00d6RG-THOMAS DIERKS Dr. Dierks 30 \u00e9ves eg\u00e9szs\u00e9g\u00fcgyi tapasztalattal rendelkezik, \u00e9s sz\u00e1mos vezet\u0151i poz\u00edci\u00f3t t\u00f6lt\u00f6tt be a gy\u00f3gyszeriparban. 2018-ban csatlakozott a Neuraxpharmhoz a sv\u00e9d speci\u00e1lis gy\u00f3gyszeripari v\u00e1llalat, a Meda vez\u00e9rigazgat\u00f3i posztj\u00e1r\u00f3l, amelyet 2013-t\u00f3l t\u00f6lt\u00f6tt be. J\u00f6rg 2005-t\u0151l volt a Meda \u00fcgyvezet\u0151 igazgat\u00f3ja, \u00e9s egy ideig tudom\u00e1nyos igazgat\u00f3i tisztet is bet\u00f6lt\u00f6tt. Sok \u00e9ven \u00e1t [&hellip;]","og_url":"https:\/\/www.neuraxpharm.com\/hu\/rolunk\/vezetoi-testulet\/jorg-thomas-dierks","og_site_name":"Neuraxpharm Hungary","article_modified_time":"2023-04-21T08:19:16+00:00","og_image":[{"url":"https:\/\/www.neuraxpharm.com\/hu\/wp-content\/uploads\/sites\/33\/2021\/03\/exectuvie-1.jpg","type":"","width":"","height":""}],"twitter_card":"summary_large_image","twitter_misc":{"Becs\u00fclt olvas\u00e1si id\u0151":"2 perc"},"schema":{"@context":"https:\/\/schema.org","@graph":[{"@type":"WebPage","@id":"https:\/\/www.neuraxpharm.com\/hu\/rolunk\/vezetoi-testulet\/jorg-thomas-dierks","url":"https:\/\/www.neuraxpharm.com\/hu\/rolunk\/vezetoi-testulet\/jorg-thomas-dierks","name":"DR J\u00d6RG-THOMAS DIERKS - Neuraxpharm Hungary","isPartOf":{"@id":"https:\/\/www.neuraxpharm.com\/hu\/#website"},"primaryImageOfPage":{"@id":"https:\/\/www.neuraxpharm.com\/hu\/rolunk\/vezetoi-testulet\/jorg-thomas-dierks#primaryimage"},"image":{"@id":"https:\/\/www.neuraxpharm.com\/hu\/rolunk\/vezetoi-testulet\/jorg-thomas-dierks#primaryimage"},"thumbnailUrl":"https:\/\/www.neuraxpharm.com\/hu\/wp-content\/uploads\/sites\/33\/2021\/03\/exectuvie-1.jpg","datePublished":"2021-04-13T08:16:45+00:00","dateModified":"2023-04-21T08:19:16+00:00","breadcrumb":{"@id":"https:\/\/www.neuraxpharm.com\/hu\/rolunk\/vezetoi-testulet\/jorg-thomas-dierks#breadcrumb"},"inLanguage":"hu","potentialAction":[{"@type":"ReadAction","target":["https:\/\/www.neuraxpharm.com\/hu\/rolunk\/vezetoi-testulet\/jorg-thomas-dierks"]}]},{"@type":"ImageObject","inLanguage":"hu","@id":"https:\/\/www.neuraxpharm.com\/hu\/rolunk\/vezetoi-testulet\/jorg-thomas-dierks#primaryimage","url":"https:\/\/static.neuraxpharm.com\/wp-content\/uploads\/sites\/33\/2021\/03\/18085339\/exectuvie-1.jpg","contentUrl":"https:\/\/static.neuraxpharm.com\/wp-content\/uploads\/sites\/33\/2021\/03\/18085339\/exectuvie-1.jpg","width":358,"height":350},{"@type":"BreadcrumbList","@id":"https:\/\/www.neuraxpharm.com\/hu\/rolunk\/vezetoi-testulet\/jorg-thomas-dierks#breadcrumb","itemListElement":[{"@type":"ListItem","position":1,"name":"R\u00f3lunk","item":"https:\/\/www.neuraxpharm.com\/hu\/rolunk"},{"@type":"ListItem","position":2,"name":"Vezet\u0151i test\u00fclet","item":"https:\/\/www.neuraxpharm.com\/hu\/rolunk\/vezetoi-testulet"},{"@type":"ListItem","position":3,"name":"DR J\u00d6RG-THOMAS DIERKS"}]},{"@type":"WebSite","@id":"https:\/\/www.neuraxpharm.com\/hu\/#website","url":"https:\/\/www.neuraxpharm.com\/hu\/","name":"Neuraxpharm Hungary","description":"Ein europ\u00e4ischer Marktf\u00fchrer f\u00fcr CNS-Produkte","potentialAction":[{"@type":"SearchAction","target":{"@type":"EntryPoint","urlTemplate":"https:\/\/www.neuraxpharm.com\/hu\/?s={search_term_string}"},"query-input":{"@type":"PropertyValueSpecification","valueRequired":true,"valueName":"search_term_string"}}],"inLanguage":"hu"}]}},"acf":[],"_links":{"self":[{"href":"https:\/\/www.neuraxpharm.com\/hu\/wp-json\/wp\/v2\/pages\/15772","targetHints":{"allow":["GET"]}}],"collection":[{"href":"https:\/\/www.neuraxpharm.com\/hu\/wp-json\/wp\/v2\/pages"}],"about":[{"href":"https:\/\/www.neuraxpharm.com\/hu\/wp-json\/wp\/v2\/types\/page"}],"author":[{"embeddable":true,"href":"https:\/\/www.neuraxpharm.com\/hu\/wp-json\/wp\/v2\/users\/1"}],"replies":[{"embeddable":true,"href":"https:\/\/www.neuraxpharm.com\/hu\/wp-json\/wp\/v2\/comments?post=15772"}],"version-history":[{"count":39,"href":"https:\/\/www.neuraxpharm.com\/hu\/wp-json\/wp\/v2\/pages\/15772\/revisions"}],"predecessor-version":[{"id":28216,"href":"https:\/\/www.neuraxpharm.com\/hu\/wp-json\/wp\/v2\/pages\/15772\/revisions\/28216"}],"up":[{"embeddable":true,"href":"https:\/\/www.neuraxpharm.com\/hu\/wp-json\/wp\/v2\/pages\/1998"}],"wp:attachment":[{"href":"https:\/\/www.neuraxpharm.com\/hu\/wp-json\/wp\/v2\/media?parent=15772"}],"curies":[{"name":"wp","href":"https:\/\/api.w.org\/{rel}","templated":true}]}}