{"id":3,"date":"2021-01-27T16:51:35","date_gmt":"2021-01-27T16:51:35","guid":{"rendered":"https:\/\/www.neuraxpharm.com\/it2\/?page_id=3"},"modified":"2021-11-22T10:58:56","modified_gmt":"2021-11-22T10:58:56","slug":"politique-de-confidentialite","status":"publish","type":"page","link":"https:\/\/www.neuraxpharm.com\/fr\/politique-de-confidentialite","title":{"rendered":"Politique de confidentialit\u00e9"},"content":{"rendered":"\t\t<div data-elementor-type=\"wp-page\" data-elementor-id=\"3\" class=\"elementor elementor-3\" data-elementor-post-type=\"page\">\n\t\t\t\t\t\t<section class=\"elementor-section elementor-top-section elementor-element elementor-element-4267eac8 politicas elementor-section-boxed elementor-section-height-default elementor-section-height-default\" data-id=\"4267eac8\" data-element_type=\"section\" data-e-type=\"section\" data-settings=\"{&quot;jet_parallax_layout_list&quot;:[{&quot;jet_parallax_layout_image&quot;:{&quot;url&quot;:&quot;&quot;,&quot;id&quot;:&quot;&quot;,&quot;size&quot;:&quot;&quot;},&quot;_id&quot;:&quot;b9bf352&quot;,&quot;jet_parallax_layout_image_tablet&quot;:{&quot;url&quot;:&quot;&quot;,&quot;id&quot;:&quot;&quot;,&quot;size&quot;:&quot;&quot;},&quot;jet_parallax_layout_image_mobile&quot;:{&quot;url&quot;:&quot;&quot;,&quot;id&quot;:&quot;&quot;,&quot;size&quot;:&quot;&quot;},&quot;jet_parallax_layout_speed&quot;:{&quot;unit&quot;:&quot;%&quot;,&quot;size&quot;:50,&quot;sizes&quot;:[]},&quot;jet_parallax_layout_type&quot;:&quot;scroll&quot;,&quot;jet_parallax_layout_direction&quot;:&quot;1&quot;,&quot;jet_parallax_layout_fx_direction&quot;:null,&quot;jet_parallax_layout_z_index&quot;:&quot;&quot;,&quot;jet_parallax_layout_bg_x&quot;:50,&quot;jet_parallax_layout_bg_x_tablet&quot;:&quot;&quot;,&quot;jet_parallax_layout_bg_x_mobile&quot;:&quot;&quot;,&quot;jet_parallax_layout_bg_y&quot;:50,&quot;jet_parallax_layout_bg_y_tablet&quot;:&quot;&quot;,&quot;jet_parallax_layout_bg_y_mobile&quot;:&quot;&quot;,&quot;jet_parallax_layout_bg_size&quot;:&quot;auto&quot;,&quot;jet_parallax_layout_bg_size_tablet&quot;:&quot;&quot;,&quot;jet_parallax_layout_bg_size_mobile&quot;:&quot;&quot;,&quot;jet_parallax_layout_animation_prop&quot;:&quot;transform&quot;,&quot;jet_parallax_layout_on&quot;:[&quot;desktop&quot;,&quot;tablet&quot;]}]}\">\n\t\t\t\t\t\t<div class=\"elementor-container elementor-column-gap-default\">\n\t\t\t\t\t<div class=\"elementor-column elementor-col-100 elementor-top-column elementor-element elementor-element-11149c0c\" data-id=\"11149c0c\" data-element_type=\"column\" data-e-type=\"column\">\n\t\t\t<div class=\"elementor-widget-wrap elementor-element-populated\">\n\t\t\t\t\t\t<div class=\"elementor-element elementor-element-27cfa8e elementor-widget elementor-widget-heading\" data-id=\"27cfa8e\" data-element_type=\"widget\" data-e-type=\"widget\" data-widget_type=\"heading.default\">\n\t\t\t\t<div class=\"elementor-widget-container\">\n\t\t\t\t\t<h1 class=\"elementor-heading-title elementor-size-default\">Politique de confidentialit\u00e9<\/h1>\t\t\t\t<\/div>\n\t\t\t\t<\/div>\n\t\t\t\t<div class=\"elementor-element elementor-element-5d244c20 elementor-widget elementor-widget-text-editor\" data-id=\"5d244c20\" data-element_type=\"widget\" data-e-type=\"widget\" data-widget_type=\"text-editor.default\">\n\t\t\t\t<div class=\"elementor-widget-container\">\n\t\t\t\t\t\t\t\t\t<p>En vertu du r\u00e8glement (UE) 2016\/679 du Parlement europ\u00e9en et du Conseil du 27 avril 2016 relatif \u00e0 la protection des personnes physiques \u00e0 l&rsquo;\u00e9gard du traitement des donn\u00e9es \u00e0 caract\u00e8re personnel et \u00e0 la libre circulation de ces donn\u00e9es, ainsi qu&rsquo;\u00e0 toute autre disposition applicable en mati\u00e8re de protection des donn\u00e9es, nous vous fournissons par la pr\u00e9sente des informations d\u00e9taill\u00e9es sur le traitement de vos donn\u00e9es personnelles.<\/p><p><b>1. Qui est le responsable du traitement de vos donn\u00e9es personnelles ?<\/b><\/p><table><tbody><tr><td>Responsable du traitement des donn\u00e9es<\/td><td><p>les soci\u00e9t\u00e9s du groupe Neuraxpharm (\u00ab <b>Neuraxpharm<\/b> \u00bb). Vous trouverez les coordonn\u00e9es des entreprises r\u00e9f\u00e9renc\u00e9es sur le <a href=\"https:\/\/www.neuraxpharm.com\/fr\/contact\">lien suivant<\/a>.<\/p><p>En particulier, pour les cas de Pharmacovigilance, le responsable est : CEREBRO SPAIN BIDCO S.L.<\/p><\/td><\/tr><tr><td>Adresse \u00e9lectronique<\/td><td><a href=\"mailto:gdpr@neuraxpharm.com\">gdpr@neuraxpharm.com<\/a><\/td><\/tr><\/tbody><\/table><p><b>2. \u00c0 quelles fins traitons-nous vos donn\u00e9es personnelles ?<\/b><\/p><p>Neuraxpharm traite les donn\u00e9es personnelles que vous nous fournissez en remplissant les formulaires de contact ou en nous contactant via les adresses \u00e9lectroniques ou les num\u00e9ros de t\u00e9l\u00e9phone fournis sur le site web aux fins indiqu\u00e9es ci-dessous :<\/p><ul><li><b>Communications commerciales<\/b><\/li><\/ul><p>Dans le cadre de son activit\u00e9 promotionnelle, Neuraxpharm peut vous fournir des moyens de vous inscrire ou de vous abonner \u00e0 des nouvelles ou \u00e0 des informations commerciales connexes. Ces moyens requi\u00e8rent toujours votre consentement expr\u00e8s pour que nous puissions vous envoyer des nouvelles ou des informations commerciales. Ainsi, apr\u00e8s avoir eu votre accord, Neruaxpharm vous enverra des informations sur ses produits.<\/p><p>Vous pouvez r\u00e9voquer votre consentement \u00e0 recevoir des communications commerciales \u00e0 tout moment en cliquant sur le lien ou le bouton fourni dans chaque communication commerciale ou en nous envoyant un email \u00e0 l&rsquo;adresse suivante : <a href=\"mailto:gdpr@neuraxpharm.com\">gdpr@neuraxpharm.com<\/a>.<\/p><ul><li><b>Contact presse<\/b><\/li><\/ul><p>Pour r\u00e9pondre aux demandes d&rsquo;information.<\/p><ul><li><b>Canal d\u2019\u00e9thique et de conformit\u00e9\u00a0 :<\/b><\/li><\/ul><p>Permet de g\u00e9rer les r\u00e9clamations d\u00e9pos\u00e9es aupr\u00e8s de Neuraxpharm par le biais du canal d\u2019\u00e9thique et de conformit\u00e9, ainsi que de mener l&rsquo;enqu\u00eate sur les faits rapport\u00e9s, adopter les mesures correctives appropri\u00e9es et, si n\u00e9cessaire, informer l&rsquo;utilisateur du r\u00e9sultat de la proc\u00e9dure.<\/p><ul><li><b>Rapport sur les effets secondaires<\/b><\/li><\/ul><ol><li>R\u00e9pondre aux demandes d&rsquo;information que l&rsquo;utilisateur a formul\u00e9es par ce moyen.<\/li><li style=\"margin-bottom: 15px;\">G\u00e9rer le dossier des suspicions de r\u00e9action ind\u00e9sirable \u00e0 un m\u00e9dicament.<\/li><\/ol><ul><li><b>Contact avec les professionnels de la sant\u00e9<\/b><\/li><\/ul><p>Pour r\u00e9pondre aux demandes d&rsquo;information.<\/p><ul><li><b>Commerce international<\/b><\/li><\/ul><p>Pour r\u00e9pondre aux demandes d&rsquo;information.<\/p><ul><li><b>Inscription sur site web (\u00ab Espace priv\u00e9 \u00bb)<\/b><\/li><\/ul><p>G\u00e9rer votre demande d&rsquo;inscription sur notre page web.<\/p><p><b>3. Pendant combien de temps conserverons-nous vos donn\u00e9es personnelles ?<\/b><\/p><p>Neuraxpharm s&rsquo;engage \u00e0 traiter vos donn\u00e9es personnelles aussi longtemps qu&rsquo;elles seront utiles et n\u00e9cessaires pour vous offrir un service de qualit\u00e9. Par cons\u00e9quent, Neuraxpharm prendra toutes les mesures raisonnables et appropri\u00e9es pour minimiser le temps n\u00e9cessaire au traitement et au stockage de vos donn\u00e9es personnelles.<\/p><p>En particulier, nous vous informons que vos donn\u00e9es personnelles seront stock\u00e9es en prenant les mesures techniques et organisationnelles n\u00e9cessaires pour garantir leur s\u00e9curit\u00e9 et leur int\u00e9grit\u00e9 durant les p\u00e9riodes suivantes et, dans tous les cas, tant que vous ne demanderez pas leur suppression :<\/p><table><tbody><tr><td><b>Objectif<\/b><\/td><td><b>P\u00e9riode de stockage<\/b><\/td><\/tr><tr><td>Communications commerciales (section 2.i)<\/td><td>Jusqu&rsquo;\u00e0 ce que vous r\u00e9voquiez votre consentement au traitement.<\/td><\/tr><tr><td>Contact presse (section 2.ii)<\/td><td>Aussi longtemps qu&rsquo;elles seront n\u00e9cessaires pour r\u00e9pondre \u00e0 votre demande.<\/td><\/tr><tr><td>Cha\u00eene d&rsquo;\u00e9thique et de conformit\u00e9 (section 2.iii)<\/td><td>Aussi longtemps qu&rsquo;il le faudra pour d\u00e9terminer s&rsquo;il est opportun d&rsquo;ouvrir une enqu\u00eate sur les \u00e9v\u00e9nements signal\u00e9s et, le cas \u00e9ch\u00e9ant, pendant la p\u00e9riode n\u00e9cessaire pour r\u00e9soudre la r\u00e9clamation.<\/td><\/tr><tr><td>Rapport sur les effets secondaires (section 2.iv)<\/td><td>Celles pr\u00e9vues par la l\u00e9gislation r\u00e9gissant la protection par les pouvoirs publics du droit \u00e0 la sant\u00e9 et l&rsquo;information et l&rsquo;\u00e9ducation des consommateurs en mati\u00e8re de d\u00e9lais de prescription des responsabilit\u00e9s.<\/td><\/tr><tr><td>Contact avec les professionnels de la sant\u00e9 (section 2.v)<\/td><td>Aussi longtemps qu&rsquo;elles seront n\u00e9cessaires pour r\u00e9pondre \u00e0 votre demande.<\/td><\/tr><tr><td>Commerce international (section 2.vi)<\/td><td>Aussi longtemps qu&rsquo;elles seront n\u00e9cessaires pour r\u00e9pondre \u00e0 votre demande.<\/td><\/tr><tr><td>Inscription sur site web (section 2.vii)<\/td><td>Aussi longtemps qu&rsquo;elles seront n\u00e9cessaires pour r\u00e9pondre \u00e0 votre demande.<\/td><\/tr><\/tbody><\/table><p>Dans tous les cas, m\u00eame si vous demandez la suppression de vos donn\u00e9es personnelles, Neuraxpharm aura le droit de les conserver et de les garder, dans le cadre d&rsquo;un blocage appropri\u00e9, le temps qu&rsquo;il faudra pour r\u00e9pondre aux obligations l\u00e9gales correspondantes, et pour les mettre \u00e0 disposition des Autorit\u00e9s comp\u00e9tentes dans les diff\u00e9rentes mati\u00e8res applicables.<\/p><p><b>4. Quelle est la base juridique du traitement de vos donn\u00e9es personnelles ?<\/b><\/p><p>La base juridique du traitement de vos donn\u00e9es personnelles varie en fonction de la finalit\u00e9 du traitement, conform\u00e9ment au paragraphe 2 de la pr\u00e9sente politique :<\/p><table><tbody><tr><td><b>Objectif<\/b><\/td><td><b>Base juridique<\/b><\/td><\/tr><tr><td>Communications commerciales (section 2.i)<\/td><td>Votre consentement.<\/td><\/tr><tr><td>Contact presse (section 2.ii)<\/td><td>Votre consentement, fourni lorsque vous nous contactez par le biais du formulaire de contact.<\/td><\/tr><tr><td>Cha\u00eene d&rsquo;\u00e9thique et de conformit\u00e9 (section 2.iii)<\/td><td>Une obligation l\u00e9gale, notamment avec la directive (UE) 2019\/1937 relative \u00e0 la protection des personnes qui signalent des violations du droit de l&rsquo;Union europ\u00e9enne.<\/td><\/tr><tr><td>Rapport sur les effets secondaires (section 2.iv)<\/td><td>Une obligation l\u00e9gale, notamment avec le R\u00c8GLEMENT (UE) n\u00b0 1235\/2010 du Parlement europ\u00e9en et du Conseil du 15 d\u00e9cembre 2010 modifiant, en ce qui concerne la pharmacovigilance des m\u00e9dicaments \u00e0 usage humain, le r\u00e8glement (CE) n\u00b0 726\/2004 \u00e9tablissant des proc\u00e9dures communautaires pour l&rsquo;autorisation et la surveillance en ce qui concerne les m\u00e9dicaments \u00e0 usage humain et \u00e0 usage v\u00e9t\u00e9rinaire, et instituant une Agence europ\u00e9enne des m\u00e9dicaments, et le r\u00e8glement (CE) n\u00b0 1394\/2007 concernant les m\u00e9dicaments de th\u00e9rapie innovante.<\/td><\/tr><tr><td>Contact avec les professionnels de la sant\u00e9 (section 2.v)<\/td><td>Votre consentement, fourni lorsque vous nous contactez par le biais du formulaire de contact.<\/td><\/tr><tr><td>Commerce international (section 2.vi)<\/td><td>Votre consentement, fourni lorsque vous nous contactez par le biais du formulaire de contact.<\/td><\/tr><tr><td>Inscription sur site web (section 2.vii)<\/td><td>Votre consentement, fourni lorsque vous nous contactez par le biais du formulaire de contact.<\/td><\/tr><\/tbody><\/table><p><b>5. \u00c0 qui transmettons-nous vos donn\u00e9es personnelles ?<\/b><\/p><p>Vos donn\u00e9es personnelles ne seront pas transmises \u00e0 des tiers, \u00e0 l&rsquo;exception des fournisseurs qui assurent nos services et ce, pour la bonne ex\u00e9cution des services que nous fournissons. Neuraxpharm peut \u00e9galement divulguer vos donn\u00e9es personnelles aux organismes et autorit\u00e9s publiques (administratives ou judiciaires) dans les cas o\u00f9 une obligation l\u00e9gale s&rsquo;applique.<\/p><p>Nous vous informons que les donn\u00e9es que vous nous avez fournies pourront \u00eatre communiqu\u00e9es au groupe de soci\u00e9t\u00e9s faisant partie du Groupe Neuraxpharm \u00e0 des fins administratives internes.<\/p><p><b>6. Quels sont vos droits concernant vos donn\u00e9es personnelles et comment pouvez-vous les exercer ?<\/b><\/p><p>\u00c0 tout moment, vous avez le droit d&rsquo;acc\u00e9der \u00e0 vos donn\u00e9es personnelles, ainsi que de demander la rectification des donn\u00e9es inexactes ou, le cas \u00e9ch\u00e9ant, de demander leur suppression lorsque, notamment, lesdites donn\u00e9es ne sont plus n\u00e9cessaires aux fins pour lesquelles elles ont \u00e9t\u00e9 collect\u00e9es.<\/p><p>Dans certains cas, vous pouvez nous demander de limiter le traitement de vos donn\u00e9es, auquel cas nous ne les conserverons que pour l&rsquo;exercice ou la d\u00e9fense d&rsquo;un droit en justice.<\/p><p>Dans certains cas et pour des raisons li\u00e9es \u00e0 votre situation personnelle, vous pouvez vous opposer au traitement de vos donn\u00e9es. Neuraxpharm cessera de traiter les donn\u00e9es, sauf pour des raisons l\u00e9gitimes imp\u00e9rieuses, ou l&rsquo;exercice ou la d\u00e9fense d&rsquo;un droit en justice.<\/p><p>Vous pouvez \u00e9galement exercer votre droit \u00e0 la portabilit\u00e9 de vos donn\u00e9es et retirer votre consentement \u00e0 tout moment, sans que cela n&rsquo;affecte la lic\u00e9it\u00e9 du traitement fond\u00e9 sur votre consentement avant son retrait.<\/p><p>Si vous souhaitez exercer l&rsquo;un de vos droits, vous pouvez nous contacter en envoyant une lettre, accompagn\u00e9e d&rsquo;un document prouvant votre identit\u00e9 et indiquant express\u00e9ment le droit que vous souhaitez exercer, \u00e0 l&rsquo;adresse ci-dessus ou en envoyant un e-mail \u00e0 <a href=\"mailto:gdpr@neuraxpharm.com\">gdpr@neuraxpharm.com<\/a>.<\/p><p>Enfin, nous vous informons que vous pouvez vous adresser \u00e0 l&rsquo;autorit\u00e9 de protection des donn\u00e9es comp\u00e9tente de votre pays et \u00e0 d&rsquo;autres organismes publics comp\u00e9tents pour toute r\u00e9clamation d\u00e9coulant du traitement de vos donn\u00e9es personnelles.<\/p><p><b>7. Confidentialit\u00e9 et mesures de s\u00e9curit\u00e9<\/b><\/p><p>Neuraxpharm a mis en \u0153uvre toutes les mesures de s\u00e9curit\u00e9 appropri\u00e9es pour garantir qu&rsquo;aucune perte, alt\u00e9ration, mauvaise utilisation ou acc\u00e8s non autoris\u00e9 aux donn\u00e9es personnelles trait\u00e9es ne se produise. Neuraxpharm revoit r\u00e9guli\u00e8rement les mesures de s\u00e9curit\u00e9 applicables pour s&rsquo;assurer qu&rsquo;elles soient \u00e0 tout moment adapt\u00e9es au traitement qu&rsquo;elle effectue.<\/p><p>Nonobstant ce qui pr\u00e9c\u00e8de, l&rsquo;utilisation d&rsquo;Internet n&rsquo;est pas totalement s\u00e9curis\u00e9e et nous ne pouvons pas garantir la s\u00e9curit\u00e9 de vos informations.<\/p>\t\t\t\t\t\t\t\t<\/div>\n\t\t\t\t<\/div>\n\t\t\t\t\t<\/div>\n\t\t<\/div>\n\t\t\t\t\t<\/div>\n\t\t<\/section>\n\t\t\t\t<\/div>\n\t\t","protected":false},"excerpt":{"rendered":"<p>Politique de confidentialit\u00e9 En vertu du r\u00e8glement (UE) 2016\/679 du Parlement europ\u00e9en et du Conseil du 27 avril 2016 relatif \u00e0 la protection des personnes physiques \u00e0 l&rsquo;\u00e9gard du traitement des donn\u00e9es \u00e0 caract\u00e8re personnel et \u00e0 la libre circulation de ces donn\u00e9es, ainsi qu&rsquo;\u00e0 toute autre disposition applicable en mati\u00e8re de protection des donn\u00e9es, [&hellip;]<\/p>\n","protected":false},"author":1,"featured_media":0,"parent":0,"menu_order":0,"comment_status":"closed","ping_status":"closed","template":"","meta":{"_acf_changed":false,"footnotes":""},"class_list":["post-3","page","type-page","status-publish","hentry"],"yoast_head":"<!-- This site is optimized with the Yoast SEO Premium plugin v27.2 (Yoast SEO v27.2) - https:\/\/yoast.com\/product\/yoast-seo-premium-wordpress\/ -->\n<title>Politique de confidentialit\u00e9 - Neuraxpharm France<\/title>\n<meta name=\"robots\" content=\"index, follow, max-snippet:-1, max-image-preview:large, max-video-preview:-1\" \/>\n<link rel=\"canonical\" href=\"https:\/\/www.neuraxpharm.com\/fr\/politique-de-confidentialite\" \/>\n<meta property=\"og:locale\" content=\"fr_FR\" \/>\n<meta property=\"og:type\" content=\"article\" \/>\n<meta property=\"og:title\" content=\"Politique de confidentialit\u00e9\" \/>\n<meta property=\"og:description\" content=\"Politique de confidentialit\u00e9 En vertu du r\u00e8glement (UE) 2016\/679 du Parlement europ\u00e9en et du Conseil du 27 avril 2016 relatif \u00e0 la protection des personnes physiques \u00e0 l&rsquo;\u00e9gard du traitement des donn\u00e9es \u00e0 caract\u00e8re personnel et \u00e0 la libre circulation de ces donn\u00e9es, ainsi qu&rsquo;\u00e0 toute autre disposition applicable en mati\u00e8re de protection des donn\u00e9es, [&hellip;]\" \/>\n<meta property=\"og:url\" content=\"https:\/\/www.neuraxpharm.com\/fr\/politique-de-confidentialite\" \/>\n<meta property=\"og:site_name\" content=\"Neuraxpharm France\" \/>\n<meta property=\"article:modified_time\" content=\"2021-11-22T10:58:56+00:00\" \/>\n<meta name=\"twitter:card\" content=\"summary_large_image\" \/>\n<meta name=\"twitter:label1\" content=\"Dur\u00e9e de lecture estim\u00e9e\" \/>\n\t<meta name=\"twitter:data1\" content=\"6 minutes\" \/>\n<script type=\"application\/ld+json\" class=\"yoast-schema-graph\">{\"@context\":\"https:\/\/schema.org\",\"@graph\":[{\"@type\":\"WebPage\",\"@id\":\"https:\/\/www.neuraxpharm.com\/fr\/politique-de-confidentialite\",\"url\":\"https:\/\/www.neuraxpharm.com\/fr\/politique-de-confidentialite\",\"name\":\"Politique de confidentialit\u00e9 - Neuraxpharm France\",\"isPartOf\":{\"@id\":\"https:\/\/www.neuraxpharm.com\/fr\/#website\"},\"datePublished\":\"2021-01-27T16:51:35+00:00\",\"dateModified\":\"2021-11-22T10:58:56+00:00\",\"inLanguage\":\"fr-FR\",\"potentialAction\":[{\"@type\":\"ReadAction\",\"target\":[\"https:\/\/www.neuraxpharm.com\/fr\/politique-de-confidentialite\"]}]},{\"@type\":\"WebSite\",\"@id\":\"https:\/\/www.neuraxpharm.com\/fr\/#website\",\"url\":\"https:\/\/www.neuraxpharm.com\/fr\/\",\"name\":\"Neuraxpharm France\",\"description\":\"Ein europ\u00e4ischer Marktf\u00fchrer f\u00fcr CNS-Produkte\",\"potentialAction\":[{\"@type\":\"SearchAction\",\"target\":{\"@type\":\"EntryPoint\",\"urlTemplate\":\"https:\/\/www.neuraxpharm.com\/fr\/?s={search_term_string}\"},\"query-input\":{\"@type\":\"PropertyValueSpecification\",\"valueRequired\":true,\"valueName\":\"search_term_string\"}}],\"inLanguage\":\"fr-FR\"}]}<\/script>\n<!-- \/ Yoast SEO Premium plugin. -->","yoast_head_json":{"title":"Politique de confidentialit\u00e9 - Neuraxpharm France","robots":{"index":"index","follow":"follow","max-snippet":"max-snippet:-1","max-image-preview":"max-image-preview:large","max-video-preview":"max-video-preview:-1"},"canonical":"https:\/\/www.neuraxpharm.com\/fr\/politique-de-confidentialite","og_locale":"fr_FR","og_type":"article","og_title":"Politique de confidentialit\u00e9","og_description":"Politique de confidentialit\u00e9 En vertu du r\u00e8glement (UE) 2016\/679 du Parlement europ\u00e9en et du Conseil du 27 avril 2016 relatif \u00e0 la protection des personnes physiques \u00e0 l&rsquo;\u00e9gard du traitement des donn\u00e9es \u00e0 caract\u00e8re personnel et \u00e0 la libre circulation de ces donn\u00e9es, ainsi qu&rsquo;\u00e0 toute autre disposition applicable en mati\u00e8re de protection des donn\u00e9es, [&hellip;]","og_url":"https:\/\/www.neuraxpharm.com\/fr\/politique-de-confidentialite","og_site_name":"Neuraxpharm France","article_modified_time":"2021-11-22T10:58:56+00:00","twitter_card":"summary_large_image","twitter_misc":{"Dur\u00e9e de lecture estim\u00e9e":"6 minutes"},"schema":{"@context":"https:\/\/schema.org","@graph":[{"@type":"WebPage","@id":"https:\/\/www.neuraxpharm.com\/fr\/politique-de-confidentialite","url":"https:\/\/www.neuraxpharm.com\/fr\/politique-de-confidentialite","name":"Politique de confidentialit\u00e9 - Neuraxpharm France","isPartOf":{"@id":"https:\/\/www.neuraxpharm.com\/fr\/#website"},"datePublished":"2021-01-27T16:51:35+00:00","dateModified":"2021-11-22T10:58:56+00:00","inLanguage":"fr-FR","potentialAction":[{"@type":"ReadAction","target":["https:\/\/www.neuraxpharm.com\/fr\/politique-de-confidentialite"]}]},{"@type":"WebSite","@id":"https:\/\/www.neuraxpharm.com\/fr\/#website","url":"https:\/\/www.neuraxpharm.com\/fr\/","name":"Neuraxpharm France","description":"Ein europ\u00e4ischer Marktf\u00fchrer f\u00fcr CNS-Produkte","potentialAction":[{"@type":"SearchAction","target":{"@type":"EntryPoint","urlTemplate":"https:\/\/www.neuraxpharm.com\/fr\/?s={search_term_string}"},"query-input":{"@type":"PropertyValueSpecification","valueRequired":true,"valueName":"search_term_string"}}],"inLanguage":"fr-FR"}]}},"acf":[],"_links":{"self":[{"href":"https:\/\/www.neuraxpharm.com\/fr\/wp-json\/wp\/v2\/pages\/3","targetHints":{"allow":["GET"]}}],"collection":[{"href":"https:\/\/www.neuraxpharm.com\/fr\/wp-json\/wp\/v2\/pages"}],"about":[{"href":"https:\/\/www.neuraxpharm.com\/fr\/wp-json\/wp\/v2\/types\/page"}],"author":[{"embeddable":true,"href":"https:\/\/www.neuraxpharm.com\/fr\/wp-json\/wp\/v2\/users\/1"}],"replies":[{"embeddable":true,"href":"https:\/\/www.neuraxpharm.com\/fr\/wp-json\/wp\/v2\/comments?post=3"}],"version-history":[{"count":129,"href":"https:\/\/www.neuraxpharm.com\/fr\/wp-json\/wp\/v2\/pages\/3\/revisions"}],"predecessor-version":[{"id":27841,"href":"https:\/\/www.neuraxpharm.com\/fr\/wp-json\/wp\/v2\/pages\/3\/revisions\/27841"}],"wp:attachment":[{"href":"https:\/\/www.neuraxpharm.com\/fr\/wp-json\/wp\/v2\/media?parent=3"}],"curies":[{"name":"wp","href":"https:\/\/api.w.org\/{rel}","templated":true}]}}