{"id":28899,"date":"2025-11-19T15:50:30","date_gmt":"2025-11-19T15:50:30","guid":{"rendered":"https:\/\/www.neuraxpharm.com\/fr\/?page_id=28899"},"modified":"2025-11-19T15:51:26","modified_gmt":"2025-11-19T15:51:26","slug":"non-financial-information-statement","status":"publish","type":"page","link":"https:\/\/www.neuraxpharm.com\/fr\/non-financial-information-statement","title":{"rendered":"Non financial information statement"},"content":{"rendered":"\t\t<div data-elementor-type=\"wp-page\" data-elementor-id=\"28899\" class=\"elementor elementor-28899\" data-elementor-post-type=\"page\">\n\t\t\t\t\t\t<section class=\"elementor-section elementor-top-section elementor-element elementor-element-232dbfc elementor-section-boxed elementor-section-height-default elementor-section-height-default\" data-id=\"232dbfc\" data-element_type=\"section\" data-e-type=\"section\" data-settings=\"{&quot;jet_parallax_layout_list&quot;:[]}\">\n\t\t\t\t\t\t<div class=\"elementor-container elementor-column-gap-default\">\n\t\t\t\t\t<div class=\"elementor-column elementor-col-100 elementor-top-column elementor-element elementor-element-843cb8f\" data-id=\"843cb8f\" data-element_type=\"column\" data-e-type=\"column\">\n\t\t\t<div class=\"elementor-widget-wrap elementor-element-populated\">\n\t\t\t\t\t\t<div class=\"elementor-element elementor-element-070fcb4 elementor-widget elementor-widget-text-editor\" data-id=\"070fcb4\" data-element_type=\"widget\" data-e-type=\"widget\" data-widget_type=\"text-editor.default\">\n\t\t\t\t<div class=\"elementor-widget-container\">\n\t\t\t\t\t\t\t\t\t<p>(D\u00e9claration informations non financi\u00e8res &#8211; DINF, en espagnol)<\/p><p>Afin de se conformer \u00e0 la loi 11\/2018 sur l&rsquo;information non financi\u00e8re et la diversit\u00e9, Neuraxpharm Pharmaceuticals S.L.U. (anciennement Laboratorios Lesvi S.L.U.) pr\u00e9pare chaque ann\u00e9e sa d\u00e9claration d&rsquo;information non financi\u00e8re, en suivant les recommandations et les indications \u00e9tablies par la loi 11\/2018 susmentionn\u00e9e.<\/p><p>Le rapport comprend des informations sur les questions environnementales, sociales et de personnel, les droits de l&rsquo;homme, la lutte contre la corruption et les pots-de-vin, et l&rsquo;impact de l&rsquo;organisation sur la soci\u00e9t\u00e9. Pour chacune de ces questions, il d\u00e9crit les politiques et les actions mises en \u0153uvre, ainsi que les risques identifi\u00e9s et d\u00e9coulant du d\u00e9veloppement de l&rsquo;activit\u00e9 de la soci\u00e9t\u00e9. Le rapport a \u00e9t\u00e9 pr\u00e9par\u00e9 conform\u00e9ment aux principes de comparabilit\u00e9, de fiabilit\u00e9, d&rsquo;importance relative et de pertinence \u00e9nonc\u00e9s dans la loi 11\/2018 susmentionn\u00e9e.<\/p>\t\t\t\t\t\t\t\t<\/div>\n\t\t\t\t<\/div>\n\t\t\t\t\t<\/div>\n\t\t<\/div>\n\t\t\t\t\t<\/div>\n\t\t<\/section>\n\t\t\t\t<section class=\"elementor-section elementor-top-section elementor-element elementor-element-fce7921 elementor-section-boxed elementor-section-height-default elementor-section-height-default\" data-id=\"fce7921\" data-element_type=\"section\" data-e-type=\"section\" data-settings=\"{&quot;jet_parallax_layout_list&quot;:[]}\">\n\t\t\t\t\t\t<div class=\"elementor-container elementor-column-gap-default\">\n\t\t\t\t\t<div class=\"elementor-column elementor-col-100 elementor-top-column elementor-element elementor-element-1e36da2\" data-id=\"1e36da2\" data-element_type=\"column\" data-e-type=\"column\">\n\t\t\t<div class=\"elementor-widget-wrap elementor-element-populated\">\n\t\t\t\t\t\t<div class=\"elementor-element elementor-element-0d52d9d elementor-align-left elementor-widget elementor-widget-button\" data-id=\"0d52d9d\" data-element_type=\"widget\" data-e-type=\"widget\" data-widget_type=\"button.default\">\n\t\t\t\t<div class=\"elementor-widget-container\">\n\t\t\t\t\t\t\t\t\t<div class=\"elementor-button-wrapper\">\n\t\t\t\t\t<a class=\"elementor-button elementor-button-link elementor-size-sm\" href=\"https:\/\/static.neuraxpharm.com\/wp-content\/uploads\/2025\/04\/30131305\/informe-einf-neuraxpharm-pharmaceuticals-2023.pdf\" target=\"_blank\">\n\t\t\t\t\t\t<span class=\"elementor-button-content-wrapper\">\n\t\t\t\t\t\t<span class=\"elementor-button-icon\">\n\t\t\t\t<i aria-hidden=\"true\" class=\"fas fa-download\"><\/i>\t\t\t<\/span>\n\t\t\t\t\t\t\t\t\t<span class=\"elementor-button-text\">Rapport sur les informations non financi\u00e8res 2023<\/span>\n\t\t\t\t\t<\/span>\n\t\t\t\t\t<\/a>\n\t\t\t\t<\/div>\n\t\t\t\t\t\t\t\t<\/div>\n\t\t\t\t<\/div>\n\t\t\t\t<div class=\"elementor-element elementor-element-d8b6a79 elementor-align-left elementor-widget elementor-widget-button\" data-id=\"d8b6a79\" data-element_type=\"widget\" data-e-type=\"widget\" data-widget_type=\"button.default\">\n\t\t\t\t<div class=\"elementor-widget-container\">\n\t\t\t\t\t\t\t\t\t<div class=\"elementor-button-wrapper\">\n\t\t\t\t\t<a class=\"elementor-button elementor-button-link elementor-size-sm\" href=\"https:\/\/static.neuraxpharm.com\/wp-content\/uploads\/2025\/04\/30131248\/informe-einf-laboratorios-lesvi-2022.pdf\" target=\"_blank\">\n\t\t\t\t\t\t<span class=\"elementor-button-content-wrapper\">\n\t\t\t\t\t\t<span class=\"elementor-button-icon\">\n\t\t\t\t<i aria-hidden=\"true\" class=\"fas fa-download\"><\/i>\t\t\t<\/span>\n\t\t\t\t\t\t\t\t\t<span class=\"elementor-button-text\">Rapport sur les informations non financi\u00e8res 2022<\/span>\n\t\t\t\t\t<\/span>\n\t\t\t\t\t<\/a>\n\t\t\t\t<\/div>\n\t\t\t\t\t\t\t\t<\/div>\n\t\t\t\t<\/div>\n\t\t\t\t<div class=\"elementor-element elementor-element-d322ae0 elementor-align-left elementor-widget elementor-widget-button\" data-id=\"d322ae0\" data-element_type=\"widget\" data-e-type=\"widget\" data-widget_type=\"button.default\">\n\t\t\t\t<div class=\"elementor-widget-container\">\n\t\t\t\t\t\t\t\t\t<div class=\"elementor-button-wrapper\">\n\t\t\t\t\t<a class=\"elementor-button elementor-button-link elementor-size-sm\" href=\"https:\/\/static.neuraxpharm.com\/wp-content\/uploads\/2025\/04\/30131241\/informe-einf-laboratorios-lesvi-2021.pdf\">\n\t\t\t\t\t\t<span class=\"elementor-button-content-wrapper\">\n\t\t\t\t\t\t<span class=\"elementor-button-icon\">\n\t\t\t\t<i aria-hidden=\"true\" class=\"fas fa-download\"><\/i>\t\t\t<\/span>\n\t\t\t\t\t\t\t\t\t<span class=\"elementor-button-text\">Rapport sur les informations non financi\u00e8res 2021<\/span>\n\t\t\t\t\t<\/span>\n\t\t\t\t\t<\/a>\n\t\t\t\t<\/div>\n\t\t\t\t\t\t\t\t<\/div>\n\t\t\t\t<\/div>\n\t\t\t\t\t<\/div>\n\t\t<\/div>\n\t\t\t\t\t<\/div>\n\t\t<\/section>\n\t\t\t\t<\/div>\n\t\t","protected":false},"excerpt":{"rendered":"<p>(D\u00e9claration informations non financi\u00e8res &#8211; DINF, en espagnol) Afin de se conformer \u00e0 la loi 11\/2018 sur l&rsquo;information non financi\u00e8re et la diversit\u00e9, Neuraxpharm Pharmaceuticals S.L.U. (anciennement Laboratorios Lesvi S.L.U.) pr\u00e9pare chaque ann\u00e9e sa d\u00e9claration d&rsquo;information non financi\u00e8re, en suivant les recommandations et les indications \u00e9tablies par la loi 11\/2018 susmentionn\u00e9e. Le rapport comprend des [&hellip;]<\/p>\n","protected":false},"author":2493,"featured_media":0,"parent":0,"menu_order":0,"comment_status":"closed","ping_status":"closed","template":"elementor_header_footer","meta":{"_acf_changed":false,"footnotes":""},"class_list":["post-28899","page","type-page","status-publish","hentry"],"yoast_head":"<!-- This site is optimized with the Yoast SEO Premium plugin v27.2 (Yoast SEO v27.5) - https:\/\/yoast.com\/product\/yoast-seo-premium-wordpress\/ -->\n<title>Non financial information statement - Neuraxpharm France<\/title>\n<meta name=\"robots\" content=\"index, follow, max-snippet:-1, max-image-preview:large, max-video-preview:-1\" \/>\n<link rel=\"canonical\" href=\"https:\/\/www.neuraxpharm.com\/fr\/non-financial-information-statement\" \/>\n<meta property=\"og:locale\" content=\"fr_FR\" \/>\n<meta property=\"og:type\" content=\"article\" \/>\n<meta property=\"og:title\" content=\"Non financial information statement\" \/>\n<meta property=\"og:description\" content=\"(D\u00e9claration informations non financi\u00e8res &#8211; DINF, en espagnol) Afin de se conformer \u00e0 la loi 11\/2018 sur l&rsquo;information non financi\u00e8re et la diversit\u00e9, Neuraxpharm Pharmaceuticals S.L.U. (anciennement Laboratorios Lesvi S.L.U.) pr\u00e9pare chaque ann\u00e9e sa d\u00e9claration d&rsquo;information non financi\u00e8re, en suivant les recommandations et les indications \u00e9tablies par la loi 11\/2018 susmentionn\u00e9e. Le rapport comprend des [&hellip;]\" \/>\n<meta property=\"og:url\" content=\"https:\/\/www.neuraxpharm.com\/fr\/non-financial-information-statement\" \/>\n<meta property=\"og:site_name\" content=\"Neuraxpharm France\" \/>\n<meta property=\"article:modified_time\" content=\"2025-11-19T15:51:26+00:00\" \/>\n<meta name=\"twitter:card\" content=\"summary_large_image\" \/>\n<meta name=\"twitter:label1\" content=\"Dur\u00e9e de lecture estim\u00e9e\" \/>\n\t<meta name=\"twitter:data1\" content=\"1 minute\" \/>\n<script type=\"application\/ld+json\" class=\"yoast-schema-graph\">{\"@context\":\"https:\\\/\\\/schema.org\",\"@graph\":[{\"@type\":\"WebPage\",\"@id\":\"https:\\\/\\\/www.neuraxpharm.com\\\/fr\\\/non-financial-information-statement\",\"url\":\"https:\\\/\\\/www.neuraxpharm.com\\\/fr\\\/non-financial-information-statement\",\"name\":\"Non financial information statement - Neuraxpharm France\",\"isPartOf\":{\"@id\":\"https:\\\/\\\/www.neuraxpharm.com\\\/fr\\\/#website\"},\"datePublished\":\"2025-11-19T15:50:30+00:00\",\"dateModified\":\"2025-11-19T15:51:26+00:00\",\"inLanguage\":\"fr-FR\",\"potentialAction\":[{\"@type\":\"ReadAction\",\"target\":[\"https:\\\/\\\/www.neuraxpharm.com\\\/fr\\\/non-financial-information-statement\"]}]},{\"@type\":\"WebSite\",\"@id\":\"https:\\\/\\\/www.neuraxpharm.com\\\/fr\\\/#website\",\"url\":\"https:\\\/\\\/www.neuraxpharm.com\\\/fr\\\/\",\"name\":\"Neuraxpharm France\",\"description\":\"Ein europ\u00e4ischer Marktf\u00fchrer f\u00fcr CNS-Produkte\",\"potentialAction\":[{\"@type\":\"SearchAction\",\"target\":{\"@type\":\"EntryPoint\",\"urlTemplate\":\"https:\\\/\\\/www.neuraxpharm.com\\\/fr\\\/?s={search_term_string}\"},\"query-input\":{\"@type\":\"PropertyValueSpecification\",\"valueRequired\":true,\"valueName\":\"search_term_string\"}}],\"inLanguage\":\"fr-FR\"}]}<\/script>\n<!-- \/ Yoast SEO Premium plugin. -->","yoast_head_json":{"title":"Non financial information statement - Neuraxpharm France","robots":{"index":"index","follow":"follow","max-snippet":"max-snippet:-1","max-image-preview":"max-image-preview:large","max-video-preview":"max-video-preview:-1"},"canonical":"https:\/\/www.neuraxpharm.com\/fr\/non-financial-information-statement","og_locale":"fr_FR","og_type":"article","og_title":"Non financial information statement","og_description":"(D\u00e9claration informations non financi\u00e8res &#8211; DINF, en espagnol) Afin de se conformer \u00e0 la loi 11\/2018 sur l&rsquo;information non financi\u00e8re et la diversit\u00e9, Neuraxpharm Pharmaceuticals S.L.U. (anciennement Laboratorios Lesvi S.L.U.) pr\u00e9pare chaque ann\u00e9e sa d\u00e9claration d&rsquo;information non financi\u00e8re, en suivant les recommandations et les indications \u00e9tablies par la loi 11\/2018 susmentionn\u00e9e. Le rapport comprend des [&hellip;]","og_url":"https:\/\/www.neuraxpharm.com\/fr\/non-financial-information-statement","og_site_name":"Neuraxpharm France","article_modified_time":"2025-11-19T15:51:26+00:00","twitter_card":"summary_large_image","twitter_misc":{"Dur\u00e9e de lecture estim\u00e9e":"1 minute"},"schema":{"@context":"https:\/\/schema.org","@graph":[{"@type":"WebPage","@id":"https:\/\/www.neuraxpharm.com\/fr\/non-financial-information-statement","url":"https:\/\/www.neuraxpharm.com\/fr\/non-financial-information-statement","name":"Non financial information statement - Neuraxpharm France","isPartOf":{"@id":"https:\/\/www.neuraxpharm.com\/fr\/#website"},"datePublished":"2025-11-19T15:50:30+00:00","dateModified":"2025-11-19T15:51:26+00:00","inLanguage":"fr-FR","potentialAction":[{"@type":"ReadAction","target":["https:\/\/www.neuraxpharm.com\/fr\/non-financial-information-statement"]}]},{"@type":"WebSite","@id":"https:\/\/www.neuraxpharm.com\/fr\/#website","url":"https:\/\/www.neuraxpharm.com\/fr\/","name":"Neuraxpharm France","description":"Ein europ\u00e4ischer Marktf\u00fchrer f\u00fcr CNS-Produkte","potentialAction":[{"@type":"SearchAction","target":{"@type":"EntryPoint","urlTemplate":"https:\/\/www.neuraxpharm.com\/fr\/?s={search_term_string}"},"query-input":{"@type":"PropertyValueSpecification","valueRequired":true,"valueName":"search_term_string"}}],"inLanguage":"fr-FR"}]}},"acf":[],"_links":{"self":[{"href":"https:\/\/www.neuraxpharm.com\/fr\/wp-json\/wp\/v2\/pages\/28899","targetHints":{"allow":["GET"]}}],"collection":[{"href":"https:\/\/www.neuraxpharm.com\/fr\/wp-json\/wp\/v2\/pages"}],"about":[{"href":"https:\/\/www.neuraxpharm.com\/fr\/wp-json\/wp\/v2\/types\/page"}],"author":[{"embeddable":true,"href":"https:\/\/www.neuraxpharm.com\/fr\/wp-json\/wp\/v2\/users\/2493"}],"replies":[{"embeddable":true,"href":"https:\/\/www.neuraxpharm.com\/fr\/wp-json\/wp\/v2\/comments?post=28899"}],"version-history":[{"count":4,"href":"https:\/\/www.neuraxpharm.com\/fr\/wp-json\/wp\/v2\/pages\/28899\/revisions"}],"predecessor-version":[{"id":28903,"href":"https:\/\/www.neuraxpharm.com\/fr\/wp-json\/wp\/v2\/pages\/28899\/revisions\/28903"}],"wp:attachment":[{"href":"https:\/\/www.neuraxpharm.com\/fr\/wp-json\/wp\/v2\/media?parent=28899"}],"curies":[{"name":"wp","href":"https:\/\/api.w.org\/{rel}","templated":true}]}}