{"id":27146,"date":"2021-06-21T09:06:51","date_gmt":"2021-06-21T09:06:51","guid":{"rendered":"https:\/\/www.neuraxpharm.com\/fr\/?page_id=27146"},"modified":"2021-07-14T09:00:46","modified_gmt":"2021-07-14T09:00:46","slug":"transparence-liens-avec-acteurs-sante","status":"publish","type":"page","link":"https:\/\/www.neuraxpharm.com\/fr\/transparence-liens-avec-acteurs-sante","title":{"rendered":"Transparence des liens avec les acteurs de sant\u00e9"},"content":{"rendered":"\t\t<div data-elementor-type=\"wp-page\" data-elementor-id=\"27146\" class=\"elementor elementor-27146\" data-elementor-post-type=\"page\">\n\t\t\t\t\t\t<section class=\"elementor-section elementor-top-section elementor-element elementor-element-4267eac8 politicas elementor-section-boxed elementor-section-height-default elementor-section-height-default\" data-id=\"4267eac8\" data-element_type=\"section\" data-e-type=\"section\" data-settings=\"{&quot;jet_parallax_layout_list&quot;:[{&quot;jet_parallax_layout_image&quot;:{&quot;url&quot;:&quot;&quot;,&quot;id&quot;:&quot;&quot;,&quot;size&quot;:&quot;&quot;},&quot;_id&quot;:&quot;b9bf352&quot;,&quot;jet_parallax_layout_image_tablet&quot;:{&quot;url&quot;:&quot;&quot;,&quot;id&quot;:&quot;&quot;,&quot;size&quot;:&quot;&quot;},&quot;jet_parallax_layout_image_mobile&quot;:{&quot;url&quot;:&quot;&quot;,&quot;id&quot;:&quot;&quot;,&quot;size&quot;:&quot;&quot;},&quot;jet_parallax_layout_speed&quot;:{&quot;unit&quot;:&quot;%&quot;,&quot;size&quot;:50,&quot;sizes&quot;:[]},&quot;jet_parallax_layout_type&quot;:&quot;scroll&quot;,&quot;jet_parallax_layout_direction&quot;:&quot;1&quot;,&quot;jet_parallax_layout_fx_direction&quot;:null,&quot;jet_parallax_layout_z_index&quot;:&quot;&quot;,&quot;jet_parallax_layout_bg_x&quot;:50,&quot;jet_parallax_layout_bg_x_tablet&quot;:&quot;&quot;,&quot;jet_parallax_layout_bg_x_mobile&quot;:&quot;&quot;,&quot;jet_parallax_layout_bg_y&quot;:50,&quot;jet_parallax_layout_bg_y_tablet&quot;:&quot;&quot;,&quot;jet_parallax_layout_bg_y_mobile&quot;:&quot;&quot;,&quot;jet_parallax_layout_bg_size&quot;:&quot;auto&quot;,&quot;jet_parallax_layout_bg_size_tablet&quot;:&quot;&quot;,&quot;jet_parallax_layout_bg_size_mobile&quot;:&quot;&quot;,&quot;jet_parallax_layout_animation_prop&quot;:&quot;transform&quot;,&quot;jet_parallax_layout_on&quot;:[&quot;desktop&quot;,&quot;tablet&quot;]}]}\">\n\t\t\t\t\t\t<div class=\"elementor-container elementor-column-gap-default\">\n\t\t\t\t\t<div class=\"elementor-column elementor-col-100 elementor-top-column elementor-element elementor-element-11149c0c\" data-id=\"11149c0c\" data-element_type=\"column\" data-e-type=\"column\">\n\t\t\t<div class=\"elementor-widget-wrap elementor-element-populated\">\n\t\t\t\t\t\t<div class=\"elementor-element elementor-element-27cfa8e elementor-widget elementor-widget-heading\" data-id=\"27cfa8e\" data-element_type=\"widget\" data-e-type=\"widget\" data-widget_type=\"heading.default\">\n\t\t\t\t<div class=\"elementor-widget-container\">\n\t\t\t\t\t<h1 class=\"elementor-heading-title elementor-size-default\">Transparence des liens avec les acteurs de sant\u00e9<\/h1>\t\t\t\t<\/div>\n\t\t\t\t<\/div>\n\t\t\t\t<div class=\"elementor-element elementor-element-5d244c20 elementor-widget elementor-widget-text-editor\" data-id=\"5d244c20\" data-element_type=\"widget\" data-e-type=\"widget\" data-widget_type=\"text-editor.default\">\n\t\t\t\t<div class=\"elementor-widget-container\">\n\t\t\t\t\t\t\t\t\t<p>La loi du 29 d\u00e9cembre 2011 n\u00b02011-2012 \u00ab relative au renforcement de la s\u00e9curit\u00e9 sanitaire du m\u00e9dicament et des produits de sant\u00e9 \u00bb, ainsi que son d\u00e9cret d\u2019application n\u00b0 2013-414 du 21 mai 2013 \u00ab relatif \u00e0 la transparence des avantages accord\u00e9s par les entreprises produisant ou commercialisant des produits \u00e0 finalit\u00e9 sanitaire et cosm\u00e9tique destin\u00e9s \u00e0 l&rsquo;homme \u00bb ont permis de mettre en place un dispositif de publication des liens entre les entreprises du m\u00e9dicament (remboursable ou non) et les diff\u00e9rents acteurs fran\u00e7ais intervenants dans le champ de la sant\u00e9.<\/p><p><strong>Nous nous engageons \u00e0 respecter les r\u00e8glementations applicables au niveau national et\u202f international r\u00e9gissant les relations avec les acteurs de sant\u00e9.<\/strong>\u00a0Nous fournissons \u00e0 l\u2019ensemble de nos collaborateurs des informations et des formations adapt\u00e9es \u00e0 tous les niveaux de l\u2019entreprise.<\/p><p><strong>Publication des donn\u00e9es<\/strong><\/p><p><strong>BROCHURE POUR LES PROFESSIONNELS DE SANTE<\/strong><\/p><p><a href=\"https:\/\/www.leem.org\/publication\/professionnels-de-sante-la-transparence-des-liens-dinterets-un-dispositif-de-prevention\" target=\"_blank\" rel=\"noopener\">https:\/\/www.leem.org\/publication\/professionnels-de-sante-la-transparence-des-liens-dinterets-un-dispositif-de-prevention<\/a><\/p><p>Dans ce contexte et soucieux de la qualit\u00e9 de nos relations avec les acteurs de sant\u00e9 et de l&rsquo;exactitude des renseignements publi\u00e9s les concernant, nous sommes engag\u00e9s \u00e0 pr\u00e9venir et informer r\u00e9guli\u00e8rement les acteurs de sant\u00e9 des d\u00e9clarations et publications que Neuraxpharm France sera amen\u00e9 \u00e0 faire les concernant, en conformit\u00e9 avec les dispositions l\u00e9gales en vigueur.<\/p><p>A cet effet, Neuraxpharm France s\u2019engage \u00e0 ne collecter que des donn\u00e9es strictement pertinentes et n\u00e9cessaires au regard des dispositions l\u00e9gales susmentionn\u00e9es.<\/p><p>Depuis le 1er Avril 2014, les donn\u00e9es de transparence sont publi\u00e9es sur la base de donn\u00e9es publique Transparence sant\u00e9 :\u00a0<a href=\"http:\/\/www.transparence.sante.gouv.fr\/\" target=\"_blank\" rel=\"noopener\">www.transparence.sante.gouv.fr<\/a>. Les donn\u00e9es de Transparence restent accessibles sur le site du Minist\u00e8re des affaires sociales et de la sant\u00e9, pour une dur\u00e9e de cinq ans \u00e0 compter de leur mise en ligne.<\/p><p>Conform\u00e9ment aux articles 39 et 40 de la loi \u00ab Informatique et Libert\u00e9s \u00bb du 6 janvier 1978 modifi\u00e9e et au d\u00e9cret n\u00b02005-1309 du 20 octobre 2005, les acteurs de sant\u00e9 concern\u00e9s par la publication des liens d\u2019int\u00e9r\u00eats disposent d\u2019un droit d\u2019acc\u00e8s et de rectification sur les informations publi\u00e9es par Neuraxpharm France. Vous pouvez exercer ce droit en \u00e9crivant \u00e0 Neuraxpharm France \u2013 84 rue de Grenelle \u2013 75007 PARIS.<\/p><p>Neuraxpharm France ne pourra \u00eatre tenu responsable de l\u2019utilisation qui pourrait en \u00eatre faite par des tiers, compte-tenu de la libre captation des informations diffus\u00e9es sur Internet et la difficult\u00e9, voire l&rsquo;impossibilit\u00e9 d\u2019en contr\u00f4ler leur utilisation.<\/p>\t\t\t\t\t\t\t\t<\/div>\n\t\t\t\t<\/div>\n\t\t\t\t\t<\/div>\n\t\t<\/div>\n\t\t\t\t\t<\/div>\n\t\t<\/section>\n\t\t\t\t<\/div>\n\t\t","protected":false},"excerpt":{"rendered":"<p>Transparence des liens avec les acteurs de sant\u00e9 La loi du 29 d\u00e9cembre 2011 n\u00b02011-2012 \u00ab relative au renforcement de la s\u00e9curit\u00e9 sanitaire du m\u00e9dicament et des produits de sant\u00e9 \u00bb, ainsi que son d\u00e9cret d\u2019application n\u00b0 2013-414 du 21 mai 2013 \u00ab relatif \u00e0 la transparence des avantages accord\u00e9s par les entreprises produisant ou [&hellip;]<\/p>\n","protected":false},"author":7,"featured_media":0,"parent":0,"menu_order":0,"comment_status":"closed","ping_status":"closed","template":"","meta":{"_acf_changed":false,"footnotes":""},"class_list":["post-27146","page","type-page","status-publish","hentry"],"yoast_head":"<!-- This site is optimized with the Yoast SEO Premium plugin v27.2 (Yoast SEO v27.2) - https:\/\/yoast.com\/product\/yoast-seo-premium-wordpress\/ -->\n<title>Transparence des liens avec les acteurs de sant\u00e9 - Neuraxpharm France<\/title>\n<meta name=\"robots\" content=\"index, follow, max-snippet:-1, max-image-preview:large, max-video-preview:-1\" \/>\n<link rel=\"canonical\" href=\"https:\/\/www.neuraxpharm.com\/fr\/transparence-liens-avec-acteurs-sante\" \/>\n<meta property=\"og:locale\" content=\"fr_FR\" \/>\n<meta property=\"og:type\" content=\"article\" \/>\n<meta property=\"og:title\" content=\"Transparence des liens avec les acteurs de sant\u00e9\" \/>\n<meta property=\"og:description\" content=\"Transparence des liens avec les acteurs de sant\u00e9 La loi du 29 d\u00e9cembre 2011 n\u00b02011-2012 \u00ab relative au renforcement de la s\u00e9curit\u00e9 sanitaire du m\u00e9dicament et des produits de sant\u00e9 \u00bb, ainsi que son d\u00e9cret d\u2019application n\u00b0 2013-414 du 21 mai 2013 \u00ab relatif \u00e0 la transparence des avantages accord\u00e9s par les entreprises produisant ou [&hellip;]\" \/>\n<meta property=\"og:url\" content=\"https:\/\/www.neuraxpharm.com\/fr\/transparence-liens-avec-acteurs-sante\" \/>\n<meta property=\"og:site_name\" content=\"Neuraxpharm France\" \/>\n<meta property=\"article:modified_time\" content=\"2021-07-14T09:00:46+00:00\" \/>\n<meta name=\"twitter:card\" content=\"summary_large_image\" \/>\n<meta name=\"twitter:label1\" content=\"Dur\u00e9e de lecture estim\u00e9e\" \/>\n\t<meta name=\"twitter:data1\" content=\"2 minutes\" \/>\n<script type=\"application\/ld+json\" class=\"yoast-schema-graph\">{\"@context\":\"https:\/\/schema.org\",\"@graph\":[{\"@type\":\"WebPage\",\"@id\":\"https:\/\/www.neuraxpharm.com\/fr\/transparence-liens-avec-acteurs-sante\",\"url\":\"https:\/\/www.neuraxpharm.com\/fr\/transparence-liens-avec-acteurs-sante\",\"name\":\"Transparence des liens avec les acteurs de sant\u00e9 - Neuraxpharm France\",\"isPartOf\":{\"@id\":\"https:\/\/www.neuraxpharm.com\/fr\/#website\"},\"datePublished\":\"2021-06-21T09:06:51+00:00\",\"dateModified\":\"2021-07-14T09:00:46+00:00\",\"inLanguage\":\"fr-FR\",\"potentialAction\":[{\"@type\":\"ReadAction\",\"target\":[\"https:\/\/www.neuraxpharm.com\/fr\/transparence-liens-avec-acteurs-sante\"]}]},{\"@type\":\"WebSite\",\"@id\":\"https:\/\/www.neuraxpharm.com\/fr\/#website\",\"url\":\"https:\/\/www.neuraxpharm.com\/fr\/\",\"name\":\"Neuraxpharm France\",\"description\":\"Ein europ\u00e4ischer Marktf\u00fchrer f\u00fcr CNS-Produkte\",\"potentialAction\":[{\"@type\":\"SearchAction\",\"target\":{\"@type\":\"EntryPoint\",\"urlTemplate\":\"https:\/\/www.neuraxpharm.com\/fr\/?s={search_term_string}\"},\"query-input\":{\"@type\":\"PropertyValueSpecification\",\"valueRequired\":true,\"valueName\":\"search_term_string\"}}],\"inLanguage\":\"fr-FR\"}]}<\/script>\n<!-- \/ Yoast SEO Premium plugin. -->","yoast_head_json":{"title":"Transparence des liens avec les acteurs de sant\u00e9 - Neuraxpharm France","robots":{"index":"index","follow":"follow","max-snippet":"max-snippet:-1","max-image-preview":"max-image-preview:large","max-video-preview":"max-video-preview:-1"},"canonical":"https:\/\/www.neuraxpharm.com\/fr\/transparence-liens-avec-acteurs-sante","og_locale":"fr_FR","og_type":"article","og_title":"Transparence des liens avec les acteurs de sant\u00e9","og_description":"Transparence des liens avec les acteurs de sant\u00e9 La loi du 29 d\u00e9cembre 2011 n\u00b02011-2012 \u00ab relative au renforcement de la s\u00e9curit\u00e9 sanitaire du m\u00e9dicament et des produits de sant\u00e9 \u00bb, ainsi que son d\u00e9cret d\u2019application n\u00b0 2013-414 du 21 mai 2013 \u00ab relatif \u00e0 la transparence des avantages accord\u00e9s par les entreprises produisant ou [&hellip;]","og_url":"https:\/\/www.neuraxpharm.com\/fr\/transparence-liens-avec-acteurs-sante","og_site_name":"Neuraxpharm France","article_modified_time":"2021-07-14T09:00:46+00:00","twitter_card":"summary_large_image","twitter_misc":{"Dur\u00e9e de lecture estim\u00e9e":"2 minutes"},"schema":{"@context":"https:\/\/schema.org","@graph":[{"@type":"WebPage","@id":"https:\/\/www.neuraxpharm.com\/fr\/transparence-liens-avec-acteurs-sante","url":"https:\/\/www.neuraxpharm.com\/fr\/transparence-liens-avec-acteurs-sante","name":"Transparence des liens avec les acteurs de sant\u00e9 - Neuraxpharm France","isPartOf":{"@id":"https:\/\/www.neuraxpharm.com\/fr\/#website"},"datePublished":"2021-06-21T09:06:51+00:00","dateModified":"2021-07-14T09:00:46+00:00","inLanguage":"fr-FR","potentialAction":[{"@type":"ReadAction","target":["https:\/\/www.neuraxpharm.com\/fr\/transparence-liens-avec-acteurs-sante"]}]},{"@type":"WebSite","@id":"https:\/\/www.neuraxpharm.com\/fr\/#website","url":"https:\/\/www.neuraxpharm.com\/fr\/","name":"Neuraxpharm France","description":"Ein europ\u00e4ischer Marktf\u00fchrer f\u00fcr CNS-Produkte","potentialAction":[{"@type":"SearchAction","target":{"@type":"EntryPoint","urlTemplate":"https:\/\/www.neuraxpharm.com\/fr\/?s={search_term_string}"},"query-input":{"@type":"PropertyValueSpecification","valueRequired":true,"valueName":"search_term_string"}}],"inLanguage":"fr-FR"}]}},"acf":[],"_links":{"self":[{"href":"https:\/\/www.neuraxpharm.com\/fr\/wp-json\/wp\/v2\/pages\/27146","targetHints":{"allow":["GET"]}}],"collection":[{"href":"https:\/\/www.neuraxpharm.com\/fr\/wp-json\/wp\/v2\/pages"}],"about":[{"href":"https:\/\/www.neuraxpharm.com\/fr\/wp-json\/wp\/v2\/types\/page"}],"author":[{"embeddable":true,"href":"https:\/\/www.neuraxpharm.com\/fr\/wp-json\/wp\/v2\/users\/7"}],"replies":[{"embeddable":true,"href":"https:\/\/www.neuraxpharm.com\/fr\/wp-json\/wp\/v2\/comments?post=27146"}],"version-history":[{"count":16,"href":"https:\/\/www.neuraxpharm.com\/fr\/wp-json\/wp\/v2\/pages\/27146\/revisions"}],"predecessor-version":[{"id":27342,"href":"https:\/\/www.neuraxpharm.com\/fr\/wp-json\/wp\/v2\/pages\/27146\/revisions\/27342"}],"wp:attachment":[{"href":"https:\/\/www.neuraxpharm.com\/fr\/wp-json\/wp\/v2\/media?parent=27146"}],"curies":[{"name":"wp","href":"https:\/\/api.w.org\/{rel}","templated":true}]}}