{"id":27132,"date":"2021-06-21T08:49:40","date_gmt":"2021-06-21T08:49:40","guid":{"rendered":"https:\/\/www.neuraxpharm.com\/fr\/?page_id=27132"},"modified":"2025-04-25T10:00:14","modified_gmt":"2025-04-25T10:00:14","slug":"politique-qualite","status":"publish","type":"page","link":"https:\/\/www.neuraxpharm.com\/fr\/politique-qualite","title":{"rendered":"Politique Qualit\u00e9"},"content":{"rendered":"\t\t<div data-elementor-type=\"wp-page\" data-elementor-id=\"27132\" class=\"elementor elementor-27132\" data-elementor-post-type=\"page\">\n\t\t\t\t\t\t<section class=\"elementor-section elementor-top-section elementor-element elementor-element-4267eac8 politicas elementor-section-boxed elementor-section-height-default elementor-section-height-default\" data-id=\"4267eac8\" data-element_type=\"section\" data-e-type=\"section\" data-settings=\"{&quot;jet_parallax_layout_list&quot;:[{&quot;jet_parallax_layout_image&quot;:{&quot;url&quot;:&quot;&quot;,&quot;id&quot;:&quot;&quot;,&quot;size&quot;:&quot;&quot;},&quot;_id&quot;:&quot;b9bf352&quot;,&quot;jet_parallax_layout_image_tablet&quot;:{&quot;url&quot;:&quot;&quot;,&quot;id&quot;:&quot;&quot;,&quot;size&quot;:&quot;&quot;},&quot;jet_parallax_layout_image_mobile&quot;:{&quot;url&quot;:&quot;&quot;,&quot;id&quot;:&quot;&quot;,&quot;size&quot;:&quot;&quot;},&quot;jet_parallax_layout_speed&quot;:{&quot;unit&quot;:&quot;%&quot;,&quot;size&quot;:50,&quot;sizes&quot;:[]},&quot;jet_parallax_layout_type&quot;:&quot;scroll&quot;,&quot;jet_parallax_layout_direction&quot;:&quot;1&quot;,&quot;jet_parallax_layout_fx_direction&quot;:null,&quot;jet_parallax_layout_z_index&quot;:&quot;&quot;,&quot;jet_parallax_layout_bg_x&quot;:50,&quot;jet_parallax_layout_bg_x_tablet&quot;:&quot;&quot;,&quot;jet_parallax_layout_bg_x_mobile&quot;:&quot;&quot;,&quot;jet_parallax_layout_bg_y&quot;:50,&quot;jet_parallax_layout_bg_y_tablet&quot;:&quot;&quot;,&quot;jet_parallax_layout_bg_y_mobile&quot;:&quot;&quot;,&quot;jet_parallax_layout_bg_size&quot;:&quot;auto&quot;,&quot;jet_parallax_layout_bg_size_tablet&quot;:&quot;&quot;,&quot;jet_parallax_layout_bg_size_mobile&quot;:&quot;&quot;,&quot;jet_parallax_layout_animation_prop&quot;:&quot;transform&quot;,&quot;jet_parallax_layout_on&quot;:[&quot;desktop&quot;,&quot;tablet&quot;]}]}\">\n\t\t\t\t\t\t<div class=\"elementor-container elementor-column-gap-default\">\n\t\t\t\t\t<div class=\"elementor-column elementor-col-100 elementor-top-column elementor-element elementor-element-11149c0c\" data-id=\"11149c0c\" data-element_type=\"column\" data-e-type=\"column\">\n\t\t\t<div class=\"elementor-widget-wrap elementor-element-populated\">\n\t\t\t\t\t\t<div class=\"elementor-element elementor-element-27cfa8e elementor-widget elementor-widget-heading\" data-id=\"27cfa8e\" data-element_type=\"widget\" data-e-type=\"widget\" data-widget_type=\"heading.default\">\n\t\t\t\t<div class=\"elementor-widget-container\">\n\t\t\t\t\t<h1 class=\"elementor-heading-title elementor-size-default\">Politique Qualit\u00e9<\/h1>\t\t\t\t<\/div>\n\t\t\t\t<\/div>\n\t\t\t\t<div class=\"elementor-element elementor-element-5d244c20 elementor-widget elementor-widget-text-editor\" data-id=\"5d244c20\" data-element_type=\"widget\" data-e-type=\"widget\" data-widget_type=\"text-editor.default\">\n\t\t\t\t<div class=\"elementor-widget-container\">\n\t\t\t\t\t\t\t\t\t<p>La Politique Qualit\u00e9 de Neuraxpharm France est \u00e9labor\u00e9e et sign\u00e9e conjointement par le Directeur G\u00e9n\u00e9ral, le Pharmacien Responsable et le Directeur Financier:<\/p><ul style=\"padding-bottom: 15px;\"><li><strong>Objectif:<\/strong>\u00a0Assurer un haut niveau d\u2019exigence en mati\u00e8re d\u2019\u00e9thique, de qualit\u00e9 et de s\u00e9curit\u00e9 des produits et apporter une information fiable et objective dans la prise en charge des patients et favoriser le bon usage des m\u00e9dicaments<\/li><li><strong>Moyens:<\/strong>\u00a0Un syst\u00e8me de Management de la Qualit\u00e9 s\u2019inscrivant dans une d\u00e9marche d\u2019am\u00e9lioration continue<\/li><li><strong>Communication:<\/strong>\u00a0Partag\u00e9e par tout le personnel de Neuraxpharm France<\/li><\/ul><p>L&rsquo;activit\u00e9 d&rsquo;information promotionnelle aupr\u00e8s des Professionnels de Sant\u00e9, s\u2019inscrit \u00e9galement dans sa d\u00e9marche de qualit\u00e9 globale. Depuis 2019, Neuraxpharm France a mis en \u0153uvre les dispositions de la Charte de l\u2019information par d\u00e9marchage ou prospection visant \u00e0 la promotion des m\u00e9dicaments et du R\u00e9f\u00e9rentiel de certification de l\u2019activit\u00e9 d\u2019information promotionnelle associ\u00e9.<\/p><ul><li><a href=\"https:\/\/www.neuraxpharm.com\/fr\/wp-content\/uploads\/sites\/15\/2021\/06\/charte-de-linformation-promotionnelle.pdf\" target=\"_blank\" rel=\"noopener\">T\u00e9l\u00e9chargement<\/a>\u00a0Acc\u00e9der \u00e0 la Charte de l\u2019Information Promotionnelle<\/li><li><a href=\"https:\/\/static.neuraxpharm.com\/wp-content\/uploads\/sites\/15\/2025\/04\/25090231\/politique-qualite-nxp-2025-maj-04-2025-signee.pdf\" target=\"_blank\" rel=\"noopener\">T\u00e9l\u00e9chargement<\/a>\u00a0Acc\u00e9der \u00e0 la Politique Qualit\u00e9 NEURAXPHARM France<\/li><li><a href=\"https:\/\/static.neuraxpharm.com\/wp-content\/uploads\/sites\/15\/2023\/02\/01114612\/certificat-neuraxpharm-vm-3132-2023.pdf\">T\u00e9l\u00e9chargement\u00a0<\/a>Acc\u00e9der au Certificat pour l&rsquo;activit\u00e9 d\u2019information par d\u00e9marchage ou prospection visant \u00e0 la promotion des m\u00e9dicaments<\/li><\/ul>\t\t\t\t\t\t\t\t<\/div>\n\t\t\t\t<\/div>\n\t\t\t\t\t<\/div>\n\t\t<\/div>\n\t\t\t\t\t<\/div>\n\t\t<\/section>\n\t\t\t\t<\/div>\n\t\t","protected":false},"excerpt":{"rendered":"<p>Politique Qualit\u00e9 La Politique Qualit\u00e9 de Neuraxpharm France est \u00e9labor\u00e9e et sign\u00e9e conjointement par le Directeur G\u00e9n\u00e9ral, le Pharmacien Responsable et le Directeur Financier: Objectif:\u00a0Assurer un haut niveau d\u2019exigence en mati\u00e8re d\u2019\u00e9thique, de qualit\u00e9 et de s\u00e9curit\u00e9 des produits et apporter une information fiable et objective dans la prise en charge des patients et favoriser [&hellip;]<\/p>\n","protected":false},"author":7,"featured_media":0,"parent":0,"menu_order":0,"comment_status":"closed","ping_status":"closed","template":"","meta":{"_acf_changed":false,"footnotes":""},"class_list":["post-27132","page","type-page","status-publish","hentry"],"yoast_head":"<!-- This site is optimized with the Yoast SEO Premium plugin v27.2 (Yoast SEO v27.2) - https:\/\/yoast.com\/product\/yoast-seo-premium-wordpress\/ -->\n<title>Politique Qualit\u00e9 - Neuraxpharm France<\/title>\n<meta name=\"robots\" content=\"index, follow, max-snippet:-1, max-image-preview:large, max-video-preview:-1\" \/>\n<link rel=\"canonical\" href=\"https:\/\/www.neuraxpharm.com\/fr\/politique-qualite\" \/>\n<meta property=\"og:locale\" content=\"fr_FR\" \/>\n<meta property=\"og:type\" content=\"article\" \/>\n<meta property=\"og:title\" content=\"Politique Qualit\u00e9\" \/>\n<meta property=\"og:description\" content=\"Politique Qualit\u00e9 La Politique Qualit\u00e9 de Neuraxpharm France est \u00e9labor\u00e9e et sign\u00e9e conjointement par le Directeur G\u00e9n\u00e9ral, le Pharmacien Responsable et le Directeur Financier: Objectif:\u00a0Assurer un haut niveau d\u2019exigence en mati\u00e8re d\u2019\u00e9thique, de qualit\u00e9 et de s\u00e9curit\u00e9 des produits et apporter une information fiable et objective dans la prise en charge des patients et favoriser [&hellip;]\" \/>\n<meta property=\"og:url\" content=\"https:\/\/www.neuraxpharm.com\/fr\/politique-qualite\" \/>\n<meta property=\"og:site_name\" content=\"Neuraxpharm France\" \/>\n<meta property=\"article:modified_time\" content=\"2025-04-25T10:00:14+00:00\" \/>\n<meta name=\"twitter:card\" content=\"summary_large_image\" \/>\n<meta name=\"twitter:label1\" content=\"Dur\u00e9e de lecture estim\u00e9e\" \/>\n\t<meta name=\"twitter:data1\" content=\"1 minute\" \/>\n<script type=\"application\/ld+json\" class=\"yoast-schema-graph\">{\"@context\":\"https:\/\/schema.org\",\"@graph\":[{\"@type\":\"WebPage\",\"@id\":\"https:\/\/www.neuraxpharm.com\/fr\/politique-qualite\",\"url\":\"https:\/\/www.neuraxpharm.com\/fr\/politique-qualite\",\"name\":\"Politique Qualit\u00e9 - Neuraxpharm France\",\"isPartOf\":{\"@id\":\"https:\/\/www.neuraxpharm.com\/fr\/#website\"},\"datePublished\":\"2021-06-21T08:49:40+00:00\",\"dateModified\":\"2025-04-25T10:00:14+00:00\",\"inLanguage\":\"fr-FR\",\"potentialAction\":[{\"@type\":\"ReadAction\",\"target\":[\"https:\/\/www.neuraxpharm.com\/fr\/politique-qualite\"]}]},{\"@type\":\"WebSite\",\"@id\":\"https:\/\/www.neuraxpharm.com\/fr\/#website\",\"url\":\"https:\/\/www.neuraxpharm.com\/fr\/\",\"name\":\"Neuraxpharm France\",\"description\":\"Ein europ\u00e4ischer Marktf\u00fchrer f\u00fcr CNS-Produkte\",\"potentialAction\":[{\"@type\":\"SearchAction\",\"target\":{\"@type\":\"EntryPoint\",\"urlTemplate\":\"https:\/\/www.neuraxpharm.com\/fr\/?s={search_term_string}\"},\"query-input\":{\"@type\":\"PropertyValueSpecification\",\"valueRequired\":true,\"valueName\":\"search_term_string\"}}],\"inLanguage\":\"fr-FR\"}]}<\/script>\n<!-- \/ Yoast SEO Premium plugin. -->","yoast_head_json":{"title":"Politique Qualit\u00e9 - Neuraxpharm France","robots":{"index":"index","follow":"follow","max-snippet":"max-snippet:-1","max-image-preview":"max-image-preview:large","max-video-preview":"max-video-preview:-1"},"canonical":"https:\/\/www.neuraxpharm.com\/fr\/politique-qualite","og_locale":"fr_FR","og_type":"article","og_title":"Politique Qualit\u00e9","og_description":"Politique Qualit\u00e9 La Politique Qualit\u00e9 de Neuraxpharm France est \u00e9labor\u00e9e et sign\u00e9e conjointement par le Directeur G\u00e9n\u00e9ral, le Pharmacien Responsable et le Directeur Financier: Objectif:\u00a0Assurer un haut niveau d\u2019exigence en mati\u00e8re d\u2019\u00e9thique, de qualit\u00e9 et de s\u00e9curit\u00e9 des produits et apporter une information fiable et objective dans la prise en charge des patients et favoriser [&hellip;]","og_url":"https:\/\/www.neuraxpharm.com\/fr\/politique-qualite","og_site_name":"Neuraxpharm France","article_modified_time":"2025-04-25T10:00:14+00:00","twitter_card":"summary_large_image","twitter_misc":{"Dur\u00e9e de lecture estim\u00e9e":"1 minute"},"schema":{"@context":"https:\/\/schema.org","@graph":[{"@type":"WebPage","@id":"https:\/\/www.neuraxpharm.com\/fr\/politique-qualite","url":"https:\/\/www.neuraxpharm.com\/fr\/politique-qualite","name":"Politique Qualit\u00e9 - Neuraxpharm France","isPartOf":{"@id":"https:\/\/www.neuraxpharm.com\/fr\/#website"},"datePublished":"2021-06-21T08:49:40+00:00","dateModified":"2025-04-25T10:00:14+00:00","inLanguage":"fr-FR","potentialAction":[{"@type":"ReadAction","target":["https:\/\/www.neuraxpharm.com\/fr\/politique-qualite"]}]},{"@type":"WebSite","@id":"https:\/\/www.neuraxpharm.com\/fr\/#website","url":"https:\/\/www.neuraxpharm.com\/fr\/","name":"Neuraxpharm France","description":"Ein europ\u00e4ischer Marktf\u00fchrer f\u00fcr CNS-Produkte","potentialAction":[{"@type":"SearchAction","target":{"@type":"EntryPoint","urlTemplate":"https:\/\/www.neuraxpharm.com\/fr\/?s={search_term_string}"},"query-input":{"@type":"PropertyValueSpecification","valueRequired":true,"valueName":"search_term_string"}}],"inLanguage":"fr-FR"}]}},"acf":[],"_links":{"self":[{"href":"https:\/\/www.neuraxpharm.com\/fr\/wp-json\/wp\/v2\/pages\/27132","targetHints":{"allow":["GET"]}}],"collection":[{"href":"https:\/\/www.neuraxpharm.com\/fr\/wp-json\/wp\/v2\/pages"}],"about":[{"href":"https:\/\/www.neuraxpharm.com\/fr\/wp-json\/wp\/v2\/types\/page"}],"author":[{"embeddable":true,"href":"https:\/\/www.neuraxpharm.com\/fr\/wp-json\/wp\/v2\/users\/7"}],"replies":[{"embeddable":true,"href":"https:\/\/www.neuraxpharm.com\/fr\/wp-json\/wp\/v2\/comments?post=27132"}],"version-history":[{"count":64,"href":"https:\/\/www.neuraxpharm.com\/fr\/wp-json\/wp\/v2\/pages\/27132\/revisions"}],"predecessor-version":[{"id":28651,"href":"https:\/\/www.neuraxpharm.com\/fr\/wp-json\/wp\/v2\/pages\/27132\/revisions\/28651"}],"wp:attachment":[{"href":"https:\/\/www.neuraxpharm.com\/fr\/wp-json\/wp\/v2\/media?parent=27132"}],"curies":[{"name":"wp","href":"https:\/\/api.w.org\/{rel}","templated":true}]}}