{"id":21815,"date":"2021-05-06T15:38:35","date_gmt":"2021-05-06T15:38:35","guid":{"rendered":"https:\/\/www.neuraxpharm.com\/fr\/?page_id=21815"},"modified":"2023-05-23T11:24:54","modified_gmt":"2023-05-23T11:24:54","slug":"pharmacovigilance","status":"publish","type":"page","link":"https:\/\/www.neuraxpharm.com\/fr\/contact\/pharmacovigilance","title":{"rendered":"Pharmacovigilance"},"content":{"rendered":"\t\t<div data-elementor-type=\"wp-page\" data-elementor-id=\"21815\" class=\"elementor elementor-21815\" data-elementor-post-type=\"page\">\n\t\t\t\t\t\t<section class=\"elementor-section elementor-top-section elementor-element elementor-element-a4ef7a0 pharma elementor-section-boxed elementor-section-height-default elementor-section-height-default\" data-id=\"a4ef7a0\" data-element_type=\"section\" data-e-type=\"section\" data-settings=\"{&quot;jet_parallax_layout_list&quot;:[{&quot;jet_parallax_layout_image&quot;:{&quot;url&quot;:&quot;&quot;,&quot;id&quot;:&quot;&quot;,&quot;size&quot;:&quot;&quot;},&quot;_id&quot;:&quot;50f3740&quot;,&quot;jet_parallax_layout_image_tablet&quot;:{&quot;url&quot;:&quot;&quot;,&quot;id&quot;:&quot;&quot;,&quot;size&quot;:&quot;&quot;},&quot;jet_parallax_layout_image_mobile&quot;:{&quot;url&quot;:&quot;&quot;,&quot;id&quot;:&quot;&quot;,&quot;size&quot;:&quot;&quot;},&quot;jet_parallax_layout_speed&quot;:{&quot;unit&quot;:&quot;%&quot;,&quot;size&quot;:50,&quot;sizes&quot;:[]},&quot;jet_parallax_layout_type&quot;:&quot;scroll&quot;,&quot;jet_parallax_layout_direction&quot;:&quot;1&quot;,&quot;jet_parallax_layout_fx_direction&quot;:null,&quot;jet_parallax_layout_z_index&quot;:&quot;&quot;,&quot;jet_parallax_layout_bg_x&quot;:50,&quot;jet_parallax_layout_bg_x_tablet&quot;:&quot;&quot;,&quot;jet_parallax_layout_bg_x_mobile&quot;:&quot;&quot;,&quot;jet_parallax_layout_bg_y&quot;:50,&quot;jet_parallax_layout_bg_y_tablet&quot;:&quot;&quot;,&quot;jet_parallax_layout_bg_y_mobile&quot;:&quot;&quot;,&quot;jet_parallax_layout_bg_size&quot;:&quot;auto&quot;,&quot;jet_parallax_layout_bg_size_tablet&quot;:&quot;&quot;,&quot;jet_parallax_layout_bg_size_mobile&quot;:&quot;&quot;,&quot;jet_parallax_layout_animation_prop&quot;:&quot;transform&quot;,&quot;jet_parallax_layout_on&quot;:[&quot;desktop&quot;,&quot;tablet&quot;]}]}\">\n\t\t\t\t\t\t<div class=\"elementor-container elementor-column-gap-default\">\n\t\t\t\t\t<div class=\"elementor-column elementor-col-100 elementor-top-column elementor-element elementor-element-6c1ec9b column\" data-id=\"6c1ec9b\" data-element_type=\"column\" data-e-type=\"column\">\n\t\t\t<div class=\"elementor-widget-wrap elementor-element-populated\">\n\t\t\t\t\t\t<div class=\"elementor-element elementor-element-fb44926 break elementor-widget elementor-widget-heading\" data-id=\"fb44926\" data-element_type=\"widget\" data-e-type=\"widget\" data-widget_type=\"heading.default\">\n\t\t\t\t<div class=\"elementor-widget-container\">\n\t\t\t\t\t<h2 class=\"elementor-heading-title elementor-size-default\">Pharmacovigilance<\/h2>\t\t\t\t<\/div>\n\t\t\t\t<\/div>\n\t\t\t\t<div class=\"elementor-element elementor-element-8da77e3 elementor-widget elementor-widget-text-editor\" data-id=\"8da77e3\" data-element_type=\"widget\" data-e-type=\"widget\" data-widget_type=\"text-editor.default\">\n\t\t\t\t<div class=\"elementor-widget-container\">\n\t\t\t\t\t\t\t\t\t<p><strong>Communication d&rsquo;un effet ind\u00e9sirable<\/strong><\/p><p>Si vous suspectez un \u00e9ventuel effet ind\u00e9sirable li\u00e9 \u00e0 l&rsquo;un des produits de Neuraxpharm, vous pouvez contacter directement notre service de Pharmacovigilance :<\/p><ul><li>Email : <!--td {border: 1px solid #ccc;}br {mso-data-placement:same-cell;}-->pv.neuraxpharm@biodim.fr<\/li><\/ul><p><strong>Information m\u00e9dicale<\/strong><\/p><p>Si vous avez des questions m\u00e9dicales li\u00e9es \u00e0 l&rsquo;un de nos produits, vous pouvez \u00e9galement nous contacter via :<\/p><ul><li>Email : pv.neuraxpharm@biodim.fr<\/li><\/ul><p>Vos donn\u00e9es personnelles seront trait\u00e9es par Neuraxpharm. Pour plus d&rsquo;informations sur notre politique de confidentialit\u00e9, veuillez cliquer <a href=\"\/fr\/politique-de-confidentialite\">ici<\/a>.<\/p>\t\t\t\t\t\t\t\t<\/div>\n\t\t\t\t<\/div>\n\t\t\t\t\t<\/div>\n\t\t<\/div>\n\t\t\t\t\t<\/div>\n\t\t<\/section>\n\t\t\t\t<\/div>\n\t\t","protected":false},"excerpt":{"rendered":"<p>Pharmacovigilance Communication d&rsquo;un effet ind\u00e9sirable Si vous suspectez un \u00e9ventuel effet ind\u00e9sirable li\u00e9 \u00e0 l&rsquo;un des produits de Neuraxpharm, vous pouvez contacter directement notre service de Pharmacovigilance : Email : pv.neuraxpharm@biodim.fr Information m\u00e9dicale Si vous avez des questions m\u00e9dicales li\u00e9es \u00e0 l&rsquo;un de nos produits, vous pouvez \u00e9galement nous contacter via : Email : pv.neuraxpharm@biodim.fr [&hellip;]<\/p>\n","protected":false},"author":1,"featured_media":0,"parent":3392,"menu_order":0,"comment_status":"closed","ping_status":"closed","template":"elementor_header_footer","meta":{"_acf_changed":false,"footnotes":""},"class_list":["post-21815","page","type-page","status-publish","hentry"],"yoast_head":"<!-- This site is optimized with the Yoast SEO Premium plugin v27.2 (Yoast SEO v27.2) - https:\/\/yoast.com\/product\/yoast-seo-premium-wordpress\/ -->\n<title>Pharmacovigilance - Neuraxpharm France<\/title>\n<meta name=\"robots\" content=\"index, follow, max-snippet:-1, max-image-preview:large, max-video-preview:-1\" \/>\n<link rel=\"canonical\" href=\"https:\/\/www.neuraxpharm.com\/fr\/contact\/pharmacovigilance\" \/>\n<meta property=\"og:locale\" content=\"fr_FR\" \/>\n<meta property=\"og:type\" content=\"article\" \/>\n<meta property=\"og:title\" content=\"Pharmacovigilance\" \/>\n<meta property=\"og:description\" content=\"Pharmacovigilance Communication d&rsquo;un effet ind\u00e9sirable Si vous suspectez un \u00e9ventuel effet ind\u00e9sirable li\u00e9 \u00e0 l&rsquo;un des produits de Neuraxpharm, vous pouvez contacter directement notre service de Pharmacovigilance : Email : pv.neuraxpharm@biodim.fr Information m\u00e9dicale Si vous avez des questions m\u00e9dicales li\u00e9es \u00e0 l&rsquo;un de nos produits, vous pouvez \u00e9galement nous contacter via : Email : pv.neuraxpharm@biodim.fr [&hellip;]\" \/>\n<meta property=\"og:url\" content=\"https:\/\/www.neuraxpharm.com\/fr\/contact\/pharmacovigilance\" \/>\n<meta property=\"og:site_name\" content=\"Neuraxpharm France\" \/>\n<meta property=\"article:modified_time\" content=\"2023-05-23T11:24:54+00:00\" \/>\n<meta name=\"twitter:card\" content=\"summary_large_image\" \/>\n<meta name=\"twitter:label1\" content=\"Dur\u00e9e de lecture estim\u00e9e\" \/>\n\t<meta name=\"twitter:data1\" content=\"1 minute\" \/>\n<script type=\"application\/ld+json\" class=\"yoast-schema-graph\">{\"@context\":\"https:\/\/schema.org\",\"@graph\":[{\"@type\":\"WebPage\",\"@id\":\"https:\/\/www.neuraxpharm.com\/fr\/contact\/pharmacovigilance\",\"url\":\"https:\/\/www.neuraxpharm.com\/fr\/contact\/pharmacovigilance\",\"name\":\"Pharmacovigilance - Neuraxpharm France\",\"isPartOf\":{\"@id\":\"https:\/\/www.neuraxpharm.com\/fr\/#website\"},\"datePublished\":\"2021-05-06T15:38:35+00:00\",\"dateModified\":\"2023-05-23T11:24:54+00:00\",\"breadcrumb\":{\"@id\":\"https:\/\/www.neuraxpharm.com\/fr\/contact\/pharmacovigilance#breadcrumb\"},\"inLanguage\":\"fr-FR\",\"potentialAction\":[{\"@type\":\"ReadAction\",\"target\":[\"https:\/\/www.neuraxpharm.com\/fr\/contact\/pharmacovigilance\"]}]},{\"@type\":\"BreadcrumbList\",\"@id\":\"https:\/\/www.neuraxpharm.com\/fr\/contact\/pharmacovigilance#breadcrumb\",\"itemListElement\":[{\"@type\":\"ListItem\",\"position\":1,\"name\":\"Contact\",\"item\":\"https:\/\/www.neuraxpharm.com\/fr\/contact\"},{\"@type\":\"ListItem\",\"position\":2,\"name\":\"Pharmacovigilance\"}]},{\"@type\":\"WebSite\",\"@id\":\"https:\/\/www.neuraxpharm.com\/fr\/#website\",\"url\":\"https:\/\/www.neuraxpharm.com\/fr\/\",\"name\":\"Neuraxpharm France\",\"description\":\"Ein europ\u00e4ischer Marktf\u00fchrer f\u00fcr CNS-Produkte\",\"potentialAction\":[{\"@type\":\"SearchAction\",\"target\":{\"@type\":\"EntryPoint\",\"urlTemplate\":\"https:\/\/www.neuraxpharm.com\/fr\/?s={search_term_string}\"},\"query-input\":{\"@type\":\"PropertyValueSpecification\",\"valueRequired\":true,\"valueName\":\"search_term_string\"}}],\"inLanguage\":\"fr-FR\"}]}<\/script>\n<!-- \/ Yoast SEO Premium plugin. -->","yoast_head_json":{"title":"Pharmacovigilance - Neuraxpharm France","robots":{"index":"index","follow":"follow","max-snippet":"max-snippet:-1","max-image-preview":"max-image-preview:large","max-video-preview":"max-video-preview:-1"},"canonical":"https:\/\/www.neuraxpharm.com\/fr\/contact\/pharmacovigilance","og_locale":"fr_FR","og_type":"article","og_title":"Pharmacovigilance","og_description":"Pharmacovigilance Communication d&rsquo;un effet ind\u00e9sirable Si vous suspectez un \u00e9ventuel effet ind\u00e9sirable li\u00e9 \u00e0 l&rsquo;un des produits de Neuraxpharm, vous pouvez contacter directement notre service de Pharmacovigilance : Email : pv.neuraxpharm@biodim.fr Information m\u00e9dicale Si vous avez des questions m\u00e9dicales li\u00e9es \u00e0 l&rsquo;un de nos produits, vous pouvez \u00e9galement nous contacter via : Email : pv.neuraxpharm@biodim.fr [&hellip;]","og_url":"https:\/\/www.neuraxpharm.com\/fr\/contact\/pharmacovigilance","og_site_name":"Neuraxpharm France","article_modified_time":"2023-05-23T11:24:54+00:00","twitter_card":"summary_large_image","twitter_misc":{"Dur\u00e9e de lecture estim\u00e9e":"1 minute"},"schema":{"@context":"https:\/\/schema.org","@graph":[{"@type":"WebPage","@id":"https:\/\/www.neuraxpharm.com\/fr\/contact\/pharmacovigilance","url":"https:\/\/www.neuraxpharm.com\/fr\/contact\/pharmacovigilance","name":"Pharmacovigilance - Neuraxpharm France","isPartOf":{"@id":"https:\/\/www.neuraxpharm.com\/fr\/#website"},"datePublished":"2021-05-06T15:38:35+00:00","dateModified":"2023-05-23T11:24:54+00:00","breadcrumb":{"@id":"https:\/\/www.neuraxpharm.com\/fr\/contact\/pharmacovigilance#breadcrumb"},"inLanguage":"fr-FR","potentialAction":[{"@type":"ReadAction","target":["https:\/\/www.neuraxpharm.com\/fr\/contact\/pharmacovigilance"]}]},{"@type":"BreadcrumbList","@id":"https:\/\/www.neuraxpharm.com\/fr\/contact\/pharmacovigilance#breadcrumb","itemListElement":[{"@type":"ListItem","position":1,"name":"Contact","item":"https:\/\/www.neuraxpharm.com\/fr\/contact"},{"@type":"ListItem","position":2,"name":"Pharmacovigilance"}]},{"@type":"WebSite","@id":"https:\/\/www.neuraxpharm.com\/fr\/#website","url":"https:\/\/www.neuraxpharm.com\/fr\/","name":"Neuraxpharm France","description":"Ein europ\u00e4ischer Marktf\u00fchrer f\u00fcr CNS-Produkte","potentialAction":[{"@type":"SearchAction","target":{"@type":"EntryPoint","urlTemplate":"https:\/\/www.neuraxpharm.com\/fr\/?s={search_term_string}"},"query-input":{"@type":"PropertyValueSpecification","valueRequired":true,"valueName":"search_term_string"}}],"inLanguage":"fr-FR"}]}},"acf":[],"_links":{"self":[{"href":"https:\/\/www.neuraxpharm.com\/fr\/wp-json\/wp\/v2\/pages\/21815","targetHints":{"allow":["GET"]}}],"collection":[{"href":"https:\/\/www.neuraxpharm.com\/fr\/wp-json\/wp\/v2\/pages"}],"about":[{"href":"https:\/\/www.neuraxpharm.com\/fr\/wp-json\/wp\/v2\/types\/page"}],"author":[{"embeddable":true,"href":"https:\/\/www.neuraxpharm.com\/fr\/wp-json\/wp\/v2\/users\/1"}],"replies":[{"embeddable":true,"href":"https:\/\/www.neuraxpharm.com\/fr\/wp-json\/wp\/v2\/comments?post=21815"}],"version-history":[{"count":61,"href":"https:\/\/www.neuraxpharm.com\/fr\/wp-json\/wp\/v2\/pages\/21815\/revisions"}],"predecessor-version":[{"id":28259,"href":"https:\/\/www.neuraxpharm.com\/fr\/wp-json\/wp\/v2\/pages\/21815\/revisions\/28259"}],"up":[{"embeddable":true,"href":"https:\/\/www.neuraxpharm.com\/fr\/wp-json\/wp\/v2\/pages\/3392"}],"wp:attachment":[{"href":"https:\/\/www.neuraxpharm.com\/fr\/wp-json\/wp\/v2\/media?parent=21815"}],"curies":[{"name":"wp","href":"https:\/\/api.w.org\/{rel}","templated":true}]}}