{"id":21507,"date":"2021-05-05T12:14:20","date_gmt":"2021-05-05T12:14:20","guid":{"rendered":"https:\/\/www.neuraxpharm.com\/fr\/?page_id=21507"},"modified":"2021-06-15T07:53:05","modified_gmt":"2021-06-15T07:53:05","slug":"signup","status":"publish","type":"page","link":"https:\/\/www.neuraxpharm.com\/fr\/signup","title":{"rendered":"Register Page"},"content":{"rendered":"\t\t<div data-elementor-type=\"wp-page\" data-elementor-id=\"21507\" class=\"elementor elementor-21507\" data-elementor-post-type=\"page\">\n\t\t\t\t\t\t<section class=\"elementor-section elementor-top-section elementor-element elementor-element-fcf58fb elementor-section-boxed elementor-section-height-default elementor-section-height-default\" data-id=\"fcf58fb\" data-element_type=\"section\" data-e-type=\"section\" data-settings=\"{&quot;jet_parallax_layout_list&quot;:[{&quot;jet_parallax_layout_image&quot;:{&quot;url&quot;:&quot;&quot;,&quot;id&quot;:&quot;&quot;,&quot;size&quot;:&quot;&quot;},&quot;_id&quot;:&quot;c1efb2e&quot;,&quot;jet_parallax_layout_image_tablet&quot;:{&quot;url&quot;:&quot;&quot;,&quot;id&quot;:&quot;&quot;,&quot;size&quot;:&quot;&quot;},&quot;jet_parallax_layout_image_mobile&quot;:{&quot;url&quot;:&quot;&quot;,&quot;id&quot;:&quot;&quot;,&quot;size&quot;:&quot;&quot;},&quot;jet_parallax_layout_speed&quot;:{&quot;unit&quot;:&quot;%&quot;,&quot;size&quot;:50,&quot;sizes&quot;:[]},&quot;jet_parallax_layout_type&quot;:&quot;scroll&quot;,&quot;jet_parallax_layout_direction&quot;:&quot;1&quot;,&quot;jet_parallax_layout_fx_direction&quot;:null,&quot;jet_parallax_layout_z_index&quot;:&quot;&quot;,&quot;jet_parallax_layout_bg_x&quot;:50,&quot;jet_parallax_layout_bg_x_tablet&quot;:&quot;&quot;,&quot;jet_parallax_layout_bg_x_mobile&quot;:&quot;&quot;,&quot;jet_parallax_layout_bg_y&quot;:50,&quot;jet_parallax_layout_bg_y_tablet&quot;:&quot;&quot;,&quot;jet_parallax_layout_bg_y_mobile&quot;:&quot;&quot;,&quot;jet_parallax_layout_bg_size&quot;:&quot;auto&quot;,&quot;jet_parallax_layout_bg_size_tablet&quot;:&quot;&quot;,&quot;jet_parallax_layout_bg_size_mobile&quot;:&quot;&quot;,&quot;jet_parallax_layout_animation_prop&quot;:&quot;transform&quot;,&quot;jet_parallax_layout_on&quot;:[&quot;desktop&quot;,&quot;tablet&quot;]}]}\">\n\t\t\t\t\t\t<div class=\"elementor-container elementor-column-gap-default\">\n\t\t\t\t\t<div class=\"elementor-column elementor-col-25 elementor-top-column elementor-element elementor-element-87dd27b\" data-id=\"87dd27b\" data-element_type=\"column\" data-e-type=\"column\">\n\t\t\t<div class=\"elementor-widget-wrap\">\n\t\t\t\t\t\t\t<\/div>\n\t\t<\/div>\n\t\t\t\t<div class=\"elementor-column elementor-col-50 elementor-top-column elementor-element elementor-element-32d9ce1\" data-id=\"32d9ce1\" data-element_type=\"column\" data-e-type=\"column\">\n\t\t\t<div class=\"elementor-widget-wrap elementor-element-populated\">\n\t\t\t\t\t\t<div class=\"elementor-element elementor-element-d6fe49c elementor-widget elementor-widget-heading\" data-id=\"d6fe49c\" data-element_type=\"widget\" data-e-type=\"widget\" data-widget_type=\"heading.default\">\n\t\t\t\t<div class=\"elementor-widget-container\">\n\t\t\t\t\t<h2 class=\"elementor-heading-title elementor-size-default\">Professionnels de la sant\u00e9<\/h2>\t\t\t\t<\/div>\n\t\t\t\t<\/div>\n\t\t\t\t<div class=\"elementor-element elementor-element-1e0c47f elementor-widget elementor-widget-text-editor\" data-id=\"1e0c47f\" data-element_type=\"widget\" data-e-type=\"widget\" data-widget_type=\"text-editor.default\">\n\t\t\t\t<div class=\"elementor-widget-container\">\n\t\t\t\t\t\t\t\t\t<p>Acc\u00e9dez \u00e0 tous nos portefeuilles, \u00e9v\u00e9nements, modules de formation et bien plus encore<\/p>\t\t\t\t\t\t\t\t<\/div>\n\t\t\t\t<\/div>\n\t\t\t\t<div class=\"elementor-element elementor-element-100d23b elementor-widget elementor-widget-shortcode\" data-id=\"100d23b\" data-element_type=\"widget\" data-e-type=\"widget\" data-widget_type=\"shortcode.default\">\n\t\t\t\t<div class=\"elementor-widget-container\">\n\t\t\t\t\t \n        \n        <form class=\"formulario_registro\" method = \"post\">\n            <div class=\"col-r\">\n                <div class=\"col-m\">\n                    <label for=\"\">Pr\u00e9nom<\/label>\n                    <input type=\"text\" name=\"first_name\" required>\n                <\/div>\n                <div class=\"col-m\">\n                    <label for=\"\">Nom de famille<\/label>\n                    <input type=\"text\" name=\"last_name\" required>\t\t\t\n                <\/div>\n            <\/div>\n            <div class=\"col-rl\">\n                <label for=\"\">E-Mail<\/label>\n                <input type=\"email\" name=\"email\" required>\n            <\/div>\n            <div class=\"col-rl\">\n                <label for=\"\">Mot de passe<\/label>\n                <input type=\"password\" name=\"password\" required>\n            <\/div>\n            <div class=\"col-rl\">\n                <label for=\"\">Num\u00e9ro de t\u00e9l\u00e9phone<\/label>\n                <input type=\"text\" name=\"telefono\" required>\n            <\/div>\n            <div class=\"col-rl\"  >\n                <label for=\"\">Num\u00e9ro RPPS<\/label>\n                <input type=\"text\" name=\"numero_colegiado\"  required >\n            <\/div>\n                        <div class=\"col-rl privacy_policy\">\n                <input type=\"checkbox\" name=\"privacy_policy\" value=\"true\" id=\"privacy_policy\"  required \/> \n                Vos coordonn\u00e9es seront trait\u00e9es par Neuraxpharm dans le but de vous envoyer nos derni\u00e8res nouvelles et promotions. En savoir plus sur notre \n                <a href=\"https:\/\/staging.neuraxpharm.com\/fr\/politique-de-confidentialite\" rel=\"noopener\" target=\"_blank\">politique de confidentialit\u00e9<\/a>.            <\/div>\n            <div class=\"col-rl\">\n                \n                <input type=\"hidden\" name=\"recaptcha_response\" id=\"recaptchaResponse\">\n                <input type=\"submit\" name=\"gg\" class=\"btn-enviar\" value=\"Envoyer\">\n            <\/div>        \n        <\/form>\n        \t\t<div class=\"elementor-shortcode\"><\/div>\n\t\t\t\t\t\t<\/div>\n\t\t\t\t<\/div>\n\t\t\t\t\t<\/div>\n\t\t<\/div>\n\t\t\t\t<div class=\"elementor-column elementor-col-25 elementor-top-column elementor-element elementor-element-69d6110\" data-id=\"69d6110\" data-element_type=\"column\" data-e-type=\"column\">\n\t\t\t<div class=\"elementor-widget-wrap\">\n\t\t\t\t\t\t\t<\/div>\n\t\t<\/div>\n\t\t\t\t\t<\/div>\n\t\t<\/section>\n\t\t\t\t<section class=\"elementor-section elementor-top-section elementor-element elementor-element-0dac9ca elementor-section-boxed elementor-section-height-default elementor-section-height-default\" data-id=\"0dac9ca\" data-element_type=\"section\" data-e-type=\"section\" data-settings=\"{&quot;jet_parallax_layout_list&quot;:[{&quot;jet_parallax_layout_image&quot;:{&quot;url&quot;:&quot;&quot;,&quot;id&quot;:&quot;&quot;,&quot;size&quot;:&quot;&quot;},&quot;_id&quot;:&quot;4ea2070&quot;,&quot;jet_parallax_layout_image_tablet&quot;:{&quot;url&quot;:&quot;&quot;,&quot;id&quot;:&quot;&quot;,&quot;size&quot;:&quot;&quot;},&quot;jet_parallax_layout_image_mobile&quot;:{&quot;url&quot;:&quot;&quot;,&quot;id&quot;:&quot;&quot;,&quot;size&quot;:&quot;&quot;},&quot;jet_parallax_layout_speed&quot;:{&quot;unit&quot;:&quot;%&quot;,&quot;size&quot;:50,&quot;sizes&quot;:[]},&quot;jet_parallax_layout_type&quot;:&quot;scroll&quot;,&quot;jet_parallax_layout_direction&quot;:&quot;1&quot;,&quot;jet_parallax_layout_fx_direction&quot;:null,&quot;jet_parallax_layout_z_index&quot;:&quot;&quot;,&quot;jet_parallax_layout_bg_x&quot;:50,&quot;jet_parallax_layout_bg_x_tablet&quot;:&quot;&quot;,&quot;jet_parallax_layout_bg_x_mobile&quot;:&quot;&quot;,&quot;jet_parallax_layout_bg_y&quot;:50,&quot;jet_parallax_layout_bg_y_tablet&quot;:&quot;&quot;,&quot;jet_parallax_layout_bg_y_mobile&quot;:&quot;&quot;,&quot;jet_parallax_layout_bg_size&quot;:&quot;auto&quot;,&quot;jet_parallax_layout_bg_size_tablet&quot;:&quot;&quot;,&quot;jet_parallax_layout_bg_size_mobile&quot;:&quot;&quot;,&quot;jet_parallax_layout_animation_prop&quot;:&quot;transform&quot;,&quot;jet_parallax_layout_on&quot;:[&quot;desktop&quot;,&quot;tablet&quot;]}]}\">\n\t\t\t\t\t\t<div class=\"elementor-container elementor-column-gap-default\">\n\t\t\t\t\t<div class=\"elementor-column elementor-col-100 elementor-top-column elementor-element elementor-element-a5c48bc\" data-id=\"a5c48bc\" data-element_type=\"column\" data-e-type=\"column\">\n\t\t\t<div class=\"elementor-widget-wrap elementor-element-populated\">\n\t\t\t\t\t\t<div class=\"elementor-element elementor-element-2f03290 elementor-widget__width-auto elementor-widget elementor-widget-text-editor\" data-id=\"2f03290\" data-element_type=\"widget\" data-e-type=\"widget\" data-widget_type=\"text-editor.default\">\n\t\t\t\t<div class=\"elementor-widget-container\">\n\t\t\t\t\t\t\t\t\tAvez-vous un compte?\t\t\t\t\t\t\t\t<\/div>\n\t\t\t\t<\/div>\n\t\t\t\t<div class=\"elementor-element elementor-element-c831c27 elementor-widget__width-auto elementor-widget elementor-widget-heading\" data-id=\"c831c27\" data-element_type=\"widget\" data-e-type=\"widget\" data-widget_type=\"heading.default\">\n\t\t\t\t<div class=\"elementor-widget-container\">\n\t\t\t\t\t<p class=\"elementor-heading-title elementor-size-default\"><a href=\"https:\/\/www.neuraxpharm.com\/fr\/my-account\">Se connecter<\/a><\/p>\t\t\t\t<\/div>\n\t\t\t\t<\/div>\n\t\t\t\t\t<\/div>\n\t\t<\/div>\n\t\t\t\t\t<\/div>\n\t\t<\/section>\n\t\t\t\t<\/div>\n\t\t","protected":false},"excerpt":{"rendered":"<p>Professionnels de la sant\u00e9 Acc\u00e9dez \u00e0 tous nos portefeuilles, \u00e9v\u00e9nements, modules de formation et bien plus encore Avez-vous un compte? Se connecter<\/p>\n","protected":false},"author":1,"featured_media":0,"parent":0,"menu_order":0,"comment_status":"closed","ping_status":"closed","template":"elementor_header_footer","meta":{"_acf_changed":false,"footnotes":""},"class_list":["post-21507","page","type-page","status-publish","hentry"],"yoast_head":"<!-- This site is optimized with the Yoast SEO Premium plugin v27.2 (Yoast SEO v27.2) - https:\/\/yoast.com\/product\/yoast-seo-premium-wordpress\/ -->\n<title>Register Page - Neuraxpharm France<\/title>\n<meta name=\"robots\" content=\"index, follow, max-snippet:-1, max-image-preview:large, max-video-preview:-1\" \/>\n<link rel=\"canonical\" href=\"https:\/\/www.neuraxpharm.com\/fr\/signup\" \/>\n<meta property=\"og:locale\" content=\"fr_FR\" \/>\n<meta property=\"og:type\" content=\"article\" \/>\n<meta property=\"og:title\" content=\"Register Page\" \/>\n<meta property=\"og:description\" content=\"Professionnels de la sant\u00e9 Acc\u00e9dez \u00e0 tous nos portefeuilles, \u00e9v\u00e9nements, modules de formation et bien plus encore Avez-vous un compte? Se connecter\" \/>\n<meta property=\"og:url\" content=\"https:\/\/www.neuraxpharm.com\/fr\/signup\" \/>\n<meta property=\"og:site_name\" content=\"Neuraxpharm France\" \/>\n<meta property=\"article:modified_time\" content=\"2021-06-15T07:53:05+00:00\" \/>\n<meta name=\"twitter:card\" content=\"summary_large_image\" \/>\n<meta name=\"twitter:label1\" content=\"Dur\u00e9e de lecture estim\u00e9e\" \/>\n\t<meta name=\"twitter:data1\" content=\"1 minute\" \/>\n<script type=\"application\/ld+json\" class=\"yoast-schema-graph\">{\"@context\":\"https:\/\/schema.org\",\"@graph\":[{\"@type\":\"WebPage\",\"@id\":\"https:\/\/www.neuraxpharm.com\/fr\/signup\",\"url\":\"https:\/\/www.neuraxpharm.com\/fr\/signup\",\"name\":\"Register Page - Neuraxpharm France\",\"isPartOf\":{\"@id\":\"https:\/\/www.neuraxpharm.com\/fr\/#website\"},\"datePublished\":\"2021-05-05T12:14:20+00:00\",\"dateModified\":\"2021-06-15T07:53:05+00:00\",\"inLanguage\":\"fr-FR\",\"potentialAction\":[{\"@type\":\"ReadAction\",\"target\":[\"https:\/\/www.neuraxpharm.com\/fr\/signup\"]}]},{\"@type\":\"WebSite\",\"@id\":\"https:\/\/www.neuraxpharm.com\/fr\/#website\",\"url\":\"https:\/\/www.neuraxpharm.com\/fr\/\",\"name\":\"Neuraxpharm France\",\"description\":\"Ein europ\u00e4ischer Marktf\u00fchrer f\u00fcr CNS-Produkte\",\"potentialAction\":[{\"@type\":\"SearchAction\",\"target\":{\"@type\":\"EntryPoint\",\"urlTemplate\":\"https:\/\/www.neuraxpharm.com\/fr\/?s={search_term_string}\"},\"query-input\":{\"@type\":\"PropertyValueSpecification\",\"valueRequired\":true,\"valueName\":\"search_term_string\"}}],\"inLanguage\":\"fr-FR\"}]}<\/script>\n<!-- \/ Yoast SEO Premium plugin. -->","yoast_head_json":{"title":"Register Page - Neuraxpharm France","robots":{"index":"index","follow":"follow","max-snippet":"max-snippet:-1","max-image-preview":"max-image-preview:large","max-video-preview":"max-video-preview:-1"},"canonical":"https:\/\/www.neuraxpharm.com\/fr\/signup","og_locale":"fr_FR","og_type":"article","og_title":"Register Page","og_description":"Professionnels de la sant\u00e9 Acc\u00e9dez \u00e0 tous nos portefeuilles, \u00e9v\u00e9nements, modules de formation et bien plus encore Avez-vous un compte? Se connecter","og_url":"https:\/\/www.neuraxpharm.com\/fr\/signup","og_site_name":"Neuraxpharm France","article_modified_time":"2021-06-15T07:53:05+00:00","twitter_card":"summary_large_image","twitter_misc":{"Dur\u00e9e de lecture estim\u00e9e":"1 minute"},"schema":{"@context":"https:\/\/schema.org","@graph":[{"@type":"WebPage","@id":"https:\/\/www.neuraxpharm.com\/fr\/signup","url":"https:\/\/www.neuraxpharm.com\/fr\/signup","name":"Register Page - Neuraxpharm France","isPartOf":{"@id":"https:\/\/www.neuraxpharm.com\/fr\/#website"},"datePublished":"2021-05-05T12:14:20+00:00","dateModified":"2021-06-15T07:53:05+00:00","inLanguage":"fr-FR","potentialAction":[{"@type":"ReadAction","target":["https:\/\/www.neuraxpharm.com\/fr\/signup"]}]},{"@type":"WebSite","@id":"https:\/\/www.neuraxpharm.com\/fr\/#website","url":"https:\/\/www.neuraxpharm.com\/fr\/","name":"Neuraxpharm France","description":"Ein europ\u00e4ischer Marktf\u00fchrer f\u00fcr CNS-Produkte","potentialAction":[{"@type":"SearchAction","target":{"@type":"EntryPoint","urlTemplate":"https:\/\/www.neuraxpharm.com\/fr\/?s={search_term_string}"},"query-input":{"@type":"PropertyValueSpecification","valueRequired":true,"valueName":"search_term_string"}}],"inLanguage":"fr-FR"}]}},"acf":[],"_links":{"self":[{"href":"https:\/\/www.neuraxpharm.com\/fr\/wp-json\/wp\/v2\/pages\/21507","targetHints":{"allow":["GET"]}}],"collection":[{"href":"https:\/\/www.neuraxpharm.com\/fr\/wp-json\/wp\/v2\/pages"}],"about":[{"href":"https:\/\/www.neuraxpharm.com\/fr\/wp-json\/wp\/v2\/types\/page"}],"author":[{"embeddable":true,"href":"https:\/\/www.neuraxpharm.com\/fr\/wp-json\/wp\/v2\/users\/1"}],"replies":[{"embeddable":true,"href":"https:\/\/www.neuraxpharm.com\/fr\/wp-json\/wp\/v2\/comments?post=21507"}],"version-history":[{"count":39,"href":"https:\/\/www.neuraxpharm.com\/fr\/wp-json\/wp\/v2\/pages\/21507\/revisions"}],"predecessor-version":[{"id":26800,"href":"https:\/\/www.neuraxpharm.com\/fr\/wp-json\/wp\/v2\/pages\/21507\/revisions\/26800"}],"wp:attachment":[{"href":"https:\/\/www.neuraxpharm.com\/fr\/wp-json\/wp\/v2\/media?parent=21507"}],"curies":[{"name":"wp","href":"https:\/\/api.w.org\/{rel}","templated":true}]}}