{"id":15842,"date":"2021-04-13T08:51:33","date_gmt":"2021-04-13T08:51:33","guid":{"rendered":"https:\/\/www.neuraxpharm.com\/it2\/?page_id=15842"},"modified":"2025-11-19T11:57:23","modified_gmt":"2025-11-19T11:57:23","slug":"francisco-jurado","status":"publish","type":"page","link":"https:\/\/www.neuraxpharm.com\/fr\/a-propos-de-nous\/comite-executif\/francisco-jurado","title":{"rendered":"FRANCISCO JURADO"},"content":{"rendered":"\t\t<div data-elementor-type=\"wp-page\" data-elementor-id=\"15842\" class=\"elementor elementor-15842\" data-elementor-post-type=\"page\">\n\t\t\t\t\t\t<section class=\"elementor-section elementor-top-section elementor-element elementor-element-7f808905 elementor-section-boxed elementor-section-height-default elementor-section-height-default\" data-id=\"7f808905\" data-element_type=\"section\" data-e-type=\"section\" data-settings=\"{&quot;jet_parallax_layout_list&quot;:[{&quot;jet_parallax_layout_image&quot;:{&quot;url&quot;:&quot;&quot;,&quot;id&quot;:&quot;&quot;,&quot;size&quot;:&quot;&quot;},&quot;_id&quot;:&quot;f02b98c&quot;,&quot;jet_parallax_layout_image_tablet&quot;:{&quot;url&quot;:&quot;&quot;,&quot;id&quot;:&quot;&quot;,&quot;size&quot;:&quot;&quot;},&quot;jet_parallax_layout_image_mobile&quot;:{&quot;url&quot;:&quot;&quot;,&quot;id&quot;:&quot;&quot;,&quot;size&quot;:&quot;&quot;},&quot;jet_parallax_layout_speed&quot;:{&quot;unit&quot;:&quot;%&quot;,&quot;size&quot;:50,&quot;sizes&quot;:[]},&quot;jet_parallax_layout_type&quot;:&quot;scroll&quot;,&quot;jet_parallax_layout_direction&quot;:&quot;1&quot;,&quot;jet_parallax_layout_fx_direction&quot;:null,&quot;jet_parallax_layout_z_index&quot;:&quot;&quot;,&quot;jet_parallax_layout_bg_x&quot;:50,&quot;jet_parallax_layout_bg_x_tablet&quot;:&quot;&quot;,&quot;jet_parallax_layout_bg_x_mobile&quot;:&quot;&quot;,&quot;jet_parallax_layout_bg_y&quot;:50,&quot;jet_parallax_layout_bg_y_tablet&quot;:&quot;&quot;,&quot;jet_parallax_layout_bg_y_mobile&quot;:&quot;&quot;,&quot;jet_parallax_layout_bg_size&quot;:&quot;auto&quot;,&quot;jet_parallax_layout_bg_size_tablet&quot;:&quot;&quot;,&quot;jet_parallax_layout_bg_size_mobile&quot;:&quot;&quot;,&quot;jet_parallax_layout_animation_prop&quot;:&quot;transform&quot;,&quot;jet_parallax_layout_on&quot;:[&quot;desktop&quot;,&quot;tablet&quot;]}]}\">\n\t\t\t\t\t\t<div class=\"elementor-container elementor-column-gap-default\">\n\t\t\t\t\t<div class=\"elementor-column elementor-col-33 elementor-top-column elementor-element elementor-element-3d70389b\" data-id=\"3d70389b\" data-element_type=\"column\" data-e-type=\"column\">\n\t\t\t<div class=\"elementor-widget-wrap elementor-element-populated\">\n\t\t\t\t\t\t<div class=\"elementor-element elementor-element-75ad8cba elementor-widget elementor-widget-image\" data-id=\"75ad8cba\" data-element_type=\"widget\" data-e-type=\"widget\" data-widget_type=\"image.default\">\n\t\t\t\t<div class=\"elementor-widget-container\">\n\t\t\t\t\t\t\t\t\t\t\t\t\t\t\t<img fetchpriority=\"high\" decoding=\"async\" width=\"716\" height=\"700\" src=\"https:\/\/static.neuraxpharm.com\/wp-content\/uploads\/sites\/15\/2023\/03\/27111842\/f-jurado.jpg\" class=\"attachment-large size-large wp-image-28451\" alt=\"\" srcset=\"https:\/\/static.neuraxpharm.com\/wp-content\/uploads\/sites\/15\/2023\/03\/27111842\/f-jurado.jpg 716w, https:\/\/static.neuraxpharm.com\/wp-content\/uploads\/sites\/15\/2023\/03\/27111842\/f-jurado-300x293.jpg 300w, https:\/\/static.neuraxpharm.com\/wp-content\/uploads\/sites\/15\/2023\/03\/27111842\/f-jurado-600x587.jpg 600w\" sizes=\"(max-width: 716px) 100vw, 716px\" \/>\t\t\t\t\t\t\t\t\t\t\t\t\t\t\t<\/div>\n\t\t\t\t<\/div>\n\t\t\t\t<section class=\"elementor-section elementor-inner-section elementor-element elementor-element-74b8bffa elementor-section-content-top elementor-section-boxed elementor-section-height-default elementor-section-height-default\" data-id=\"74b8bffa\" data-element_type=\"section\" data-e-type=\"section\" data-settings=\"{&quot;jet_parallax_layout_list&quot;:[{&quot;jet_parallax_layout_image&quot;:{&quot;url&quot;:&quot;&quot;,&quot;id&quot;:&quot;&quot;,&quot;size&quot;:&quot;&quot;},&quot;_id&quot;:&quot;5f899ce&quot;,&quot;jet_parallax_layout_image_tablet&quot;:{&quot;url&quot;:&quot;&quot;,&quot;id&quot;:&quot;&quot;,&quot;size&quot;:&quot;&quot;},&quot;jet_parallax_layout_image_mobile&quot;:{&quot;url&quot;:&quot;&quot;,&quot;id&quot;:&quot;&quot;,&quot;size&quot;:&quot;&quot;},&quot;jet_parallax_layout_speed&quot;:{&quot;unit&quot;:&quot;%&quot;,&quot;size&quot;:50,&quot;sizes&quot;:[]},&quot;jet_parallax_layout_type&quot;:&quot;scroll&quot;,&quot;jet_parallax_layout_direction&quot;:&quot;1&quot;,&quot;jet_parallax_layout_fx_direction&quot;:null,&quot;jet_parallax_layout_z_index&quot;:&quot;&quot;,&quot;jet_parallax_layout_bg_x&quot;:50,&quot;jet_parallax_layout_bg_x_tablet&quot;:&quot;&quot;,&quot;jet_parallax_layout_bg_x_mobile&quot;:&quot;&quot;,&quot;jet_parallax_layout_bg_y&quot;:50,&quot;jet_parallax_layout_bg_y_tablet&quot;:&quot;&quot;,&quot;jet_parallax_layout_bg_y_mobile&quot;:&quot;&quot;,&quot;jet_parallax_layout_bg_size&quot;:&quot;auto&quot;,&quot;jet_parallax_layout_bg_size_tablet&quot;:&quot;&quot;,&quot;jet_parallax_layout_bg_size_mobile&quot;:&quot;&quot;,&quot;jet_parallax_layout_animation_prop&quot;:&quot;transform&quot;,&quot;jet_parallax_layout_on&quot;:[&quot;desktop&quot;,&quot;tablet&quot;]}]}\">\n\t\t\t\t\t\t<div class=\"elementor-container elementor-column-gap-default\">\n\t\t\t\t\t<div class=\"elementor-column elementor-col-50 elementor-inner-column elementor-element elementor-element-60646bf2\" data-id=\"60646bf2\" data-element_type=\"column\" data-e-type=\"column\">\n\t\t\t<div class=\"elementor-widget-wrap elementor-element-populated\">\n\t\t\t\t\t\t<div class=\"elementor-element elementor-element-15700adb elementor-view-default elementor-widget elementor-widget-icon\" data-id=\"15700adb\" data-element_type=\"widget\" data-e-type=\"widget\" data-widget_type=\"icon.default\">\n\t\t\t\t<div class=\"elementor-widget-container\">\n\t\t\t\t\t\t\t<div class=\"elementor-icon-wrapper\">\n\t\t\t<div class=\"elementor-icon\">\n\t\t\t<i aria-hidden=\"true\" class=\"fab fa-linkedin-in\"><\/i>\t\t\t<\/div>\n\t\t<\/div>\n\t\t\t\t\t\t<\/div>\n\t\t\t\t<\/div>\n\t\t\t\t\t<\/div>\n\t\t<\/div>\n\t\t\t\t<div class=\"elementor-column elementor-col-50 elementor-inner-column elementor-element elementor-element-15490b\" data-id=\"15490b\" data-element_type=\"column\" data-e-type=\"column\">\n\t\t\t<div class=\"elementor-widget-wrap elementor-element-populated\">\n\t\t\t\t\t\t<div class=\"elementor-element elementor-element-1cc52f3 elementor-widget elementor-widget-heading\" data-id=\"1cc52f3\" data-element_type=\"widget\" data-e-type=\"widget\" data-widget_type=\"heading.default\">\n\t\t\t\t<div class=\"elementor-widget-container\">\n\t\t\t\t\t<p class=\"elementor-heading-title elementor-size-default\"><a href=\"https:\/\/www.linkedin.com\/in\/francisco-jurado-s%C3%A1nchez-2b824138\/\" target=\"_blank\">https:\/\/www.linkedin.com\/in\/francisco-jurado-s\u00e1nchez\/<\/a><\/p>\t\t\t\t<\/div>\n\t\t\t\t<\/div>\n\t\t\t\t\t<\/div>\n\t\t<\/div>\n\t\t\t\t\t<\/div>\n\t\t<\/section>\n\t\t\t\t\t<\/div>\n\t\t<\/div>\n\t\t\t\t<div class=\"elementor-column elementor-col-66 elementor-top-column elementor-element elementor-element-17640048\" data-id=\"17640048\" data-element_type=\"column\" data-e-type=\"column\">\n\t\t\t<div class=\"elementor-widget-wrap elementor-element-populated\">\n\t\t\t\t\t\t<div class=\"elementor-element elementor-element-3453d9e5 elementor-widget elementor-widget-jet-breadcrumbs\" data-id=\"3453d9e5\" data-element_type=\"widget\" data-e-type=\"widget\" data-widget_type=\"jet-breadcrumbs.default\">\n\t\t\t\t<div class=\"elementor-widget-container\">\n\t\t\t\t\t<div class=\"elementor-jet-breadcrumbs jet-blocks\">\n\t\t<div class=\"jet-breadcrumbs\">\n\t\t<div class=\"jet-breadcrumbs__content\">\n\t\t<div class=\"jet-breadcrumbs__wrap\"><div class=\"jet-breadcrumbs__item\"><a href=\"https:\/\/www.neuraxpharm.com\/fr\/\" class=\"jet-breadcrumbs__item-link is-home\" rel=\"home\" title=\"Neuraxpharm\">Neuraxpharm<\/a><\/div>\n\t\t<\/div>\n\t\t<\/div>\n\t\t<\/div><\/div>\t\t\t\t<\/div>\n\t\t\t\t<\/div>\n\t\t\t\t<div class=\"elementor-element elementor-element-e5e84e8 elementor-widget elementor-widget-heading\" data-id=\"e5e84e8\" data-element_type=\"widget\" data-e-type=\"widget\" data-widget_type=\"heading.default\">\n\t\t\t\t<div class=\"elementor-widget-container\">\n\t\t\t\t\t<h1 class=\"elementor-heading-title elementor-size-default\">FRANCISCO JURADO<\/h1>\t\t\t\t<\/div>\n\t\t\t\t<\/div>\n\t\t\t\t<div class=\"elementor-element elementor-element-614cff3 elementor-widget elementor-widget-text-editor\" data-id=\"614cff3\" data-element_type=\"widget\" data-e-type=\"widget\" data-widget_type=\"text-editor.default\">\n\t\t\t\t<div class=\"elementor-widget-container\">\n\t\t\t\t\t\t\t\t\t<p>Francisco est sp\u00e9cialis\u00e9 dans la s\u00e9lection de produits et la d\u00e9finition de projets strat\u00e9giques de recherche et d\u00e9veloppement.<\/p><p>Fort de plus de 28 ans d\u2019exp\u00e9rience dans l\u2019industrie pharmaceutique, il a une connaissance approfondie du d\u00e9veloppement de m\u00e9dicaments g\u00e9n\u00e9riques, de nouvelles entit\u00e9s chimiques (NCE), d\u2019extensions de gamme et de produits en vente libre.<\/p><p>Il a \u00e9galement de l\u2019exp\u00e9rience dans la direction d\u2019\u00e9quipes pluridisciplinaires de haute comp\u00e9tence fonctionnelle dans les domaines du d\u00e9veloppement pharmaceutique (formulation et analytique), du d\u00e9veloppement clinique, de la propri\u00e9t\u00e9 intellectuelle, des affaires r\u00e9glementaires et de la gestion de projets.<\/p><p>Au cours de sa carri\u00e8re, Francisco a occup\u00e9 des postes tels que responsable du d\u00e9veloppement pharmaceutique chez Lacer Laboratories, directeur R&amp;D Pharma chez Chemo Group, ainsi que directeur du d\u00e9veloppement de produits au sein du groupe Ferrer.<\/p><p>Il est titulaire d\u2019une licence en pharmacie de l\u2019Universit\u00e9 de Barcelone et est sp\u00e9cialis\u00e9 dans l\u2019industrie pharmaceutique.<\/p>\t\t\t\t\t\t\t\t<\/div>\n\t\t\t\t<\/div>\n\t\t\t\t\t<\/div>\n\t\t<\/div>\n\t\t\t\t\t<\/div>\n\t\t<\/section>\n\t\t\t\t<section class=\"elementor-section elementor-top-section elementor-element elementor-element-bacc1a9 elementor-section-boxed elementor-section-height-default elementor-section-height-default\" data-id=\"bacc1a9\" data-element_type=\"section\" data-e-type=\"section\" data-settings=\"{&quot;jet_parallax_layout_list&quot;:[{&quot;jet_parallax_layout_image&quot;:{&quot;url&quot;:&quot;&quot;,&quot;id&quot;:&quot;&quot;,&quot;size&quot;:&quot;&quot;},&quot;_id&quot;:&quot;e7d9f21&quot;,&quot;jet_parallax_layout_image_tablet&quot;:{&quot;url&quot;:&quot;&quot;,&quot;id&quot;:&quot;&quot;,&quot;size&quot;:&quot;&quot;},&quot;jet_parallax_layout_image_mobile&quot;:{&quot;url&quot;:&quot;&quot;,&quot;id&quot;:&quot;&quot;,&quot;size&quot;:&quot;&quot;},&quot;jet_parallax_layout_speed&quot;:{&quot;unit&quot;:&quot;%&quot;,&quot;size&quot;:50,&quot;sizes&quot;:[]},&quot;jet_parallax_layout_type&quot;:&quot;scroll&quot;,&quot;jet_parallax_layout_direction&quot;:&quot;1&quot;,&quot;jet_parallax_layout_fx_direction&quot;:null,&quot;jet_parallax_layout_z_index&quot;:&quot;&quot;,&quot;jet_parallax_layout_bg_x&quot;:50,&quot;jet_parallax_layout_bg_x_tablet&quot;:&quot;&quot;,&quot;jet_parallax_layout_bg_x_mobile&quot;:&quot;&quot;,&quot;jet_parallax_layout_bg_y&quot;:50,&quot;jet_parallax_layout_bg_y_tablet&quot;:&quot;&quot;,&quot;jet_parallax_layout_bg_y_mobile&quot;:&quot;&quot;,&quot;jet_parallax_layout_bg_size&quot;:&quot;auto&quot;,&quot;jet_parallax_layout_bg_size_tablet&quot;:&quot;&quot;,&quot;jet_parallax_layout_bg_size_mobile&quot;:&quot;&quot;,&quot;jet_parallax_layout_animation_prop&quot;:&quot;transform&quot;,&quot;jet_parallax_layout_on&quot;:[&quot;desktop&quot;,&quot;tablet&quot;]}]}\">\n\t\t\t\t\t\t<div class=\"elementor-container elementor-column-gap-default\">\n\t\t\t\t\t<div class=\"elementor-column elementor-col-100 elementor-top-column elementor-element elementor-element-7080505\" data-id=\"7080505\" data-element_type=\"column\" data-e-type=\"column\">\n\t\t\t<div class=\"elementor-widget-wrap elementor-element-populated\">\n\t\t\t\t\t\t<div class=\"elementor-element elementor-element-53f8d38 elementor-widget elementor-widget-spacer\" data-id=\"53f8d38\" data-element_type=\"widget\" data-e-type=\"widget\" data-widget_type=\"spacer.default\">\n\t\t\t\t<div class=\"elementor-widget-container\">\n\t\t\t\t\t\t\t<div class=\"elementor-spacer\">\n\t\t\t<div class=\"elementor-spacer-inner\"><\/div>\n\t\t<\/div>\n\t\t\t\t\t\t<\/div>\n\t\t\t\t<\/div>\n\t\t\t\t\t<\/div>\n\t\t<\/div>\n\t\t\t\t\t<\/div>\n\t\t<\/section>\n\t\t\t\t<\/div>\n\t\t","protected":false},"excerpt":{"rendered":"<p>https:\/\/www.linkedin.com\/in\/francisco-jurado-s\u00e1nchez\/ Neuraxpharm FRANCISCO JURADO Francisco est sp\u00e9cialis\u00e9 dans la s\u00e9lection de produits et la d\u00e9finition de projets strat\u00e9giques de recherche et d\u00e9veloppement. Fort de plus de 28 ans d\u2019exp\u00e9rience dans l\u2019industrie pharmaceutique, il a une connaissance approfondie du d\u00e9veloppement de m\u00e9dicaments g\u00e9n\u00e9riques, de nouvelles entit\u00e9s chimiques (NCE), d\u2019extensions de gamme et de produits en vente [&hellip;]<\/p>\n","protected":false},"author":2,"featured_media":0,"parent":1998,"menu_order":0,"comment_status":"closed","ping_status":"closed","template":"elementor_header_footer","meta":{"_acf_changed":false,"footnotes":""},"class_list":["post-15842","page","type-page","status-publish","hentry"],"yoast_head":"<!-- This site is optimized with the Yoast SEO Premium plugin v27.2 (Yoast SEO v27.2) - https:\/\/yoast.com\/product\/yoast-seo-premium-wordpress\/ -->\n<title>FRANCISCO JURADO - Neuraxpharm France<\/title>\n<meta name=\"robots\" content=\"index, follow, max-snippet:-1, max-image-preview:large, max-video-preview:-1\" \/>\n<link rel=\"canonical\" href=\"https:\/\/www.neuraxpharm.com\/fr\/a-propos-de-nous\/comite-executif\/francisco-jurado\" \/>\n<meta property=\"og:locale\" content=\"fr_FR\" \/>\n<meta property=\"og:type\" content=\"article\" \/>\n<meta property=\"og:title\" content=\"FRANCISCO JURADO\" \/>\n<meta property=\"og:description\" content=\"https:\/\/www.linkedin.com\/in\/francisco-jurado-s\u00e1nchez\/ Neuraxpharm FRANCISCO JURADO Francisco est sp\u00e9cialis\u00e9 dans la s\u00e9lection de produits et la d\u00e9finition de projets strat\u00e9giques de recherche et d\u00e9veloppement. Fort de plus de 28 ans d\u2019exp\u00e9rience dans l\u2019industrie pharmaceutique, il a une connaissance approfondie du d\u00e9veloppement de m\u00e9dicaments g\u00e9n\u00e9riques, de nouvelles entit\u00e9s chimiques (NCE), d\u2019extensions de gamme et de produits en vente [&hellip;]\" \/>\n<meta property=\"og:url\" content=\"https:\/\/www.neuraxpharm.com\/fr\/a-propos-de-nous\/comite-executif\/francisco-jurado\" \/>\n<meta property=\"og:site_name\" content=\"Neuraxpharm France\" \/>\n<meta property=\"article:modified_time\" content=\"2025-11-19T11:57:23+00:00\" \/>\n<meta property=\"og:image\" content=\"https:\/\/www.neuraxpharm.com\/fr\/wp-content\/uploads\/sites\/15\/2023\/03\/f-jurado.jpg\" \/>\n<meta name=\"twitter:card\" content=\"summary_large_image\" \/>\n<meta name=\"twitter:label1\" content=\"Dur\u00e9e de lecture estim\u00e9e\" \/>\n\t<meta name=\"twitter:data1\" content=\"2 minutes\" \/>\n<script type=\"application\/ld+json\" class=\"yoast-schema-graph\">{\"@context\":\"https:\/\/schema.org\",\"@graph\":[{\"@type\":\"WebPage\",\"@id\":\"https:\/\/www.neuraxpharm.com\/fr\/a-propos-de-nous\/comite-executif\/francisco-jurado\",\"url\":\"https:\/\/www.neuraxpharm.com\/fr\/a-propos-de-nous\/comite-executif\/francisco-jurado\",\"name\":\"FRANCISCO JURADO - Neuraxpharm France\",\"isPartOf\":{\"@id\":\"https:\/\/www.neuraxpharm.com\/fr\/#website\"},\"primaryImageOfPage\":{\"@id\":\"https:\/\/www.neuraxpharm.com\/fr\/a-propos-de-nous\/comite-executif\/francisco-jurado#primaryimage\"},\"image\":{\"@id\":\"https:\/\/www.neuraxpharm.com\/fr\/a-propos-de-nous\/comite-executif\/francisco-jurado#primaryimage\"},\"thumbnailUrl\":\"https:\/\/www.neuraxpharm.com\/fr\/wp-content\/uploads\/sites\/15\/2023\/03\/f-jurado.jpg\",\"datePublished\":\"2021-04-13T08:51:33+00:00\",\"dateModified\":\"2025-11-19T11:57:23+00:00\",\"breadcrumb\":{\"@id\":\"https:\/\/www.neuraxpharm.com\/fr\/a-propos-de-nous\/comite-executif\/francisco-jurado#breadcrumb\"},\"inLanguage\":\"fr-FR\",\"potentialAction\":[{\"@type\":\"ReadAction\",\"target\":[\"https:\/\/www.neuraxpharm.com\/fr\/a-propos-de-nous\/comite-executif\/francisco-jurado\"]}]},{\"@type\":\"ImageObject\",\"inLanguage\":\"fr-FR\",\"@id\":\"https:\/\/www.neuraxpharm.com\/fr\/a-propos-de-nous\/comite-executif\/francisco-jurado#primaryimage\",\"url\":\"https:\/\/static.neuraxpharm.com\/wp-content\/uploads\/sites\/15\/2023\/03\/27111842\/f-jurado.jpg\",\"contentUrl\":\"https:\/\/static.neuraxpharm.com\/wp-content\/uploads\/sites\/15\/2023\/03\/27111842\/f-jurado.jpg\",\"width\":716,\"height\":700},{\"@type\":\"BreadcrumbList\",\"@id\":\"https:\/\/www.neuraxpharm.com\/fr\/a-propos-de-nous\/comite-executif\/francisco-jurado#breadcrumb\",\"itemListElement\":[{\"@type\":\"ListItem\",\"position\":1,\"name\":\"\u00c0 propos de nous\",\"item\":\"https:\/\/www.neuraxpharm.com\/fr\/a-propos-de-nous\"},{\"@type\":\"ListItem\",\"position\":2,\"name\":\"Comit\u00e9 Ex\u00e9cutif\",\"item\":\"https:\/\/www.neuraxpharm.com\/fr\/a-propos-de-nous\/comite-executif\"},{\"@type\":\"ListItem\",\"position\":3,\"name\":\"FRANCISCO JURADO\"}]},{\"@type\":\"WebSite\",\"@id\":\"https:\/\/www.neuraxpharm.com\/fr\/#website\",\"url\":\"https:\/\/www.neuraxpharm.com\/fr\/\",\"name\":\"Neuraxpharm France\",\"description\":\"Ein europ\u00e4ischer Marktf\u00fchrer f\u00fcr CNS-Produkte\",\"potentialAction\":[{\"@type\":\"SearchAction\",\"target\":{\"@type\":\"EntryPoint\",\"urlTemplate\":\"https:\/\/www.neuraxpharm.com\/fr\/?s={search_term_string}\"},\"query-input\":{\"@type\":\"PropertyValueSpecification\",\"valueRequired\":true,\"valueName\":\"search_term_string\"}}],\"inLanguage\":\"fr-FR\"}]}<\/script>\n<!-- \/ Yoast SEO Premium plugin. -->","yoast_head_json":{"title":"FRANCISCO JURADO - Neuraxpharm France","robots":{"index":"index","follow":"follow","max-snippet":"max-snippet:-1","max-image-preview":"max-image-preview:large","max-video-preview":"max-video-preview:-1"},"canonical":"https:\/\/www.neuraxpharm.com\/fr\/a-propos-de-nous\/comite-executif\/francisco-jurado","og_locale":"fr_FR","og_type":"article","og_title":"FRANCISCO JURADO","og_description":"https:\/\/www.linkedin.com\/in\/francisco-jurado-s\u00e1nchez\/ Neuraxpharm FRANCISCO JURADO Francisco est sp\u00e9cialis\u00e9 dans la s\u00e9lection de produits et la d\u00e9finition de projets strat\u00e9giques de recherche et d\u00e9veloppement. Fort de plus de 28 ans d\u2019exp\u00e9rience dans l\u2019industrie pharmaceutique, il a une connaissance approfondie du d\u00e9veloppement de m\u00e9dicaments g\u00e9n\u00e9riques, de nouvelles entit\u00e9s chimiques (NCE), d\u2019extensions de gamme et de produits en vente [&hellip;]","og_url":"https:\/\/www.neuraxpharm.com\/fr\/a-propos-de-nous\/comite-executif\/francisco-jurado","og_site_name":"Neuraxpharm France","article_modified_time":"2025-11-19T11:57:23+00:00","og_image":[{"url":"https:\/\/www.neuraxpharm.com\/fr\/wp-content\/uploads\/sites\/15\/2023\/03\/f-jurado.jpg","type":"","width":"","height":""}],"twitter_card":"summary_large_image","twitter_misc":{"Dur\u00e9e de lecture estim\u00e9e":"2 minutes"},"schema":{"@context":"https:\/\/schema.org","@graph":[{"@type":"WebPage","@id":"https:\/\/www.neuraxpharm.com\/fr\/a-propos-de-nous\/comite-executif\/francisco-jurado","url":"https:\/\/www.neuraxpharm.com\/fr\/a-propos-de-nous\/comite-executif\/francisco-jurado","name":"FRANCISCO JURADO - Neuraxpharm France","isPartOf":{"@id":"https:\/\/www.neuraxpharm.com\/fr\/#website"},"primaryImageOfPage":{"@id":"https:\/\/www.neuraxpharm.com\/fr\/a-propos-de-nous\/comite-executif\/francisco-jurado#primaryimage"},"image":{"@id":"https:\/\/www.neuraxpharm.com\/fr\/a-propos-de-nous\/comite-executif\/francisco-jurado#primaryimage"},"thumbnailUrl":"https:\/\/www.neuraxpharm.com\/fr\/wp-content\/uploads\/sites\/15\/2023\/03\/f-jurado.jpg","datePublished":"2021-04-13T08:51:33+00:00","dateModified":"2025-11-19T11:57:23+00:00","breadcrumb":{"@id":"https:\/\/www.neuraxpharm.com\/fr\/a-propos-de-nous\/comite-executif\/francisco-jurado#breadcrumb"},"inLanguage":"fr-FR","potentialAction":[{"@type":"ReadAction","target":["https:\/\/www.neuraxpharm.com\/fr\/a-propos-de-nous\/comite-executif\/francisco-jurado"]}]},{"@type":"ImageObject","inLanguage":"fr-FR","@id":"https:\/\/www.neuraxpharm.com\/fr\/a-propos-de-nous\/comite-executif\/francisco-jurado#primaryimage","url":"https:\/\/static.neuraxpharm.com\/wp-content\/uploads\/sites\/15\/2023\/03\/27111842\/f-jurado.jpg","contentUrl":"https:\/\/static.neuraxpharm.com\/wp-content\/uploads\/sites\/15\/2023\/03\/27111842\/f-jurado.jpg","width":716,"height":700},{"@type":"BreadcrumbList","@id":"https:\/\/www.neuraxpharm.com\/fr\/a-propos-de-nous\/comite-executif\/francisco-jurado#breadcrumb","itemListElement":[{"@type":"ListItem","position":1,"name":"\u00c0 propos de nous","item":"https:\/\/www.neuraxpharm.com\/fr\/a-propos-de-nous"},{"@type":"ListItem","position":2,"name":"Comit\u00e9 Ex\u00e9cutif","item":"https:\/\/www.neuraxpharm.com\/fr\/a-propos-de-nous\/comite-executif"},{"@type":"ListItem","position":3,"name":"FRANCISCO JURADO"}]},{"@type":"WebSite","@id":"https:\/\/www.neuraxpharm.com\/fr\/#website","url":"https:\/\/www.neuraxpharm.com\/fr\/","name":"Neuraxpharm France","description":"Ein europ\u00e4ischer Marktf\u00fchrer f\u00fcr CNS-Produkte","potentialAction":[{"@type":"SearchAction","target":{"@type":"EntryPoint","urlTemplate":"https:\/\/www.neuraxpharm.com\/fr\/?s={search_term_string}"},"query-input":{"@type":"PropertyValueSpecification","valueRequired":true,"valueName":"search_term_string"}}],"inLanguage":"fr-FR"}]}},"acf":[],"_links":{"self":[{"href":"https:\/\/www.neuraxpharm.com\/fr\/wp-json\/wp\/v2\/pages\/15842","targetHints":{"allow":["GET"]}}],"collection":[{"href":"https:\/\/www.neuraxpharm.com\/fr\/wp-json\/wp\/v2\/pages"}],"about":[{"href":"https:\/\/www.neuraxpharm.com\/fr\/wp-json\/wp\/v2\/types\/page"}],"author":[{"embeddable":true,"href":"https:\/\/www.neuraxpharm.com\/fr\/wp-json\/wp\/v2\/users\/2"}],"replies":[{"embeddable":true,"href":"https:\/\/www.neuraxpharm.com\/fr\/wp-json\/wp\/v2\/comments?post=15842"}],"version-history":[{"count":36,"href":"https:\/\/www.neuraxpharm.com\/fr\/wp-json\/wp\/v2\/pages\/15842\/revisions"}],"predecessor-version":[{"id":28820,"href":"https:\/\/www.neuraxpharm.com\/fr\/wp-json\/wp\/v2\/pages\/15842\/revisions\/28820"}],"up":[{"embeddable":true,"href":"https:\/\/www.neuraxpharm.com\/fr\/wp-json\/wp\/v2\/pages\/1998"}],"wp:attachment":[{"href":"https:\/\/www.neuraxpharm.com\/fr\/wp-json\/wp\/v2\/media?parent=15842"}],"curies":[{"name":"wp","href":"https:\/\/api.w.org\/{rel}","templated":true}]}}