{"id":3,"date":"2021-01-27T16:51:35","date_gmt":"2021-01-27T16:51:35","guid":{"rendered":"https:\/\/www.neuraxpharm.com\/v2\/?page_id=3"},"modified":"2021-11-22T09:04:52","modified_gmt":"2021-11-22T09:04:52","slug":"politica-privacidad","status":"publish","type":"page","link":"https:\/\/www.neuraxpharm.com\/es\/politica-privacidad","title":{"rendered":"Pol\u00edtica de privacidad"},"content":{"rendered":"\t\t<div data-elementor-type=\"wp-page\" data-elementor-id=\"3\" class=\"elementor elementor-3\" data-elementor-post-type=\"page\">\n\t\t\t\t\t\t<section class=\"elementor-section elementor-top-section elementor-element elementor-element-4267eac8 politicas elementor-section-boxed elementor-section-height-default elementor-section-height-default\" data-id=\"4267eac8\" data-element_type=\"section\" data-e-type=\"section\" data-settings=\"{&quot;jet_parallax_layout_list&quot;:[{&quot;jet_parallax_layout_image&quot;:{&quot;url&quot;:&quot;&quot;,&quot;id&quot;:&quot;&quot;,&quot;size&quot;:&quot;&quot;},&quot;_id&quot;:&quot;b9bf352&quot;,&quot;jet_parallax_layout_image_tablet&quot;:{&quot;url&quot;:&quot;&quot;,&quot;id&quot;:&quot;&quot;,&quot;size&quot;:&quot;&quot;},&quot;jet_parallax_layout_image_mobile&quot;:{&quot;url&quot;:&quot;&quot;,&quot;id&quot;:&quot;&quot;,&quot;size&quot;:&quot;&quot;},&quot;jet_parallax_layout_speed&quot;:{&quot;unit&quot;:&quot;%&quot;,&quot;size&quot;:50,&quot;sizes&quot;:[]},&quot;jet_parallax_layout_type&quot;:&quot;scroll&quot;,&quot;jet_parallax_layout_direction&quot;:&quot;1&quot;,&quot;jet_parallax_layout_fx_direction&quot;:null,&quot;jet_parallax_layout_z_index&quot;:&quot;&quot;,&quot;jet_parallax_layout_bg_x&quot;:50,&quot;jet_parallax_layout_bg_x_tablet&quot;:&quot;&quot;,&quot;jet_parallax_layout_bg_x_mobile&quot;:&quot;&quot;,&quot;jet_parallax_layout_bg_y&quot;:50,&quot;jet_parallax_layout_bg_y_tablet&quot;:&quot;&quot;,&quot;jet_parallax_layout_bg_y_mobile&quot;:&quot;&quot;,&quot;jet_parallax_layout_bg_size&quot;:&quot;auto&quot;,&quot;jet_parallax_layout_bg_size_tablet&quot;:&quot;&quot;,&quot;jet_parallax_layout_bg_size_mobile&quot;:&quot;&quot;,&quot;jet_parallax_layout_animation_prop&quot;:&quot;transform&quot;,&quot;jet_parallax_layout_on&quot;:[&quot;desktop&quot;,&quot;tablet&quot;]}]}\">\n\t\t\t\t\t\t<div class=\"elementor-container elementor-column-gap-default\">\n\t\t\t\t\t<div class=\"elementor-column elementor-col-100 elementor-top-column elementor-element elementor-element-11149c0c\" data-id=\"11149c0c\" data-element_type=\"column\" data-e-type=\"column\">\n\t\t\t<div class=\"elementor-widget-wrap elementor-element-populated\">\n\t\t\t\t\t\t<div class=\"elementor-element elementor-element-27cfa8e elementor-widget elementor-widget-heading\" data-id=\"27cfa8e\" data-element_type=\"widget\" data-e-type=\"widget\" data-widget_type=\"heading.default\">\n\t\t\t\t<div class=\"elementor-widget-container\">\n\t\t\t\t\t<h1 class=\"elementor-heading-title elementor-size-default\">Pol\u00edtica de privacidad<\/h1>\t\t\t\t<\/div>\n\t\t\t\t<\/div>\n\t\t\t\t<div class=\"elementor-element elementor-element-5d244c20 elementor-widget elementor-widget-text-editor\" data-id=\"5d244c20\" data-element_type=\"widget\" data-e-type=\"widget\" data-widget_type=\"text-editor.default\">\n\t\t\t\t<div class=\"elementor-widget-container\">\n\t\t\t\t\t\t\t\t\t<p>En cumplimiento del Reglamento (UE) 2016\/679 del Parlamento Europeo y del Consejo, de 27 de abril de 2016, relativo a la protecci\u00f3n de las personas f\u00edsicas en lo que respecta al tratamiento de datos personales y a la libre circulaci\u00f3n de estos datos, as\u00ed como de cualquier otra disposici\u00f3n aplicable en materia de protecci\u00f3n de datos, te informamos detalladamente sobre el tratamiento de tus datos personales.<\/p><p><b>1.- \u00bfQui\u00e9n es el responsable del tratamiento de tus datos personales?<\/b><\/p><div style=\"overflow-x: auto;\"><table><tbody><tr><td><p>Responsable del tratamiento<\/p><\/td><td><p>Empresas del Grupo Neuraxpharm (\u00ab<b>Neuraxpharm<\/b>\u00bb). Encontrar\u00e1s los datos de contacto de las empresas mencionadas en el <a href=\"https:\/\/www.neuraxpharm.com\/es\/contacto\">siguiente enlace<\/a>.<\/p><p>En particular, para el caso de Farmacovigilancia el responsable ser\u00e1 CEREBRO SPAIN BIDCO S.L.<\/p><\/td><\/tr><tr><td><p>Direcci\u00f3n de correo electr\u00f3nico<\/p><\/td><td><p><a href=\"mailto:gdpr@neuraxpharm.com%2520\">gdpr@neuraxpharm.com<\/a><\/p><\/td><\/tr><\/tbody><\/table><\/div><p><b>2.- \u00bfCon qu\u00e9 fines tratamos tus datos personales?<\/b><\/p><p>Neuraxpharm trata los datos personales que nos proporcionas al rellenar los formularios de contacto o al ponerte en contacto con nosotros a trav\u00e9s de cualquier direcci\u00f3n de correo electr\u00f3nico o n\u00famero de tel\u00e9fono proporcionado en el sitio web para los fines indicados a continuaci\u00f3n:<\/p><ul><li><b>Comunicaciones comerciales<\/b><\/li><\/ul><p>Como parte de su actividad promocional, Neuraxpharm puede proporcionarte medios para registrarte o suscribirte a noticias o informaci\u00f3n comercial relacionada. Estos medios requieren siempre tu consentimiento expreso para que podamos enviarte noticias o informaci\u00f3n comercial. Por lo tanto, si nos has dado tu consentimiento, Neuraxpharm te enviar\u00e1 informaci\u00f3n sobre sus productos.<\/p><p>Puedes revocar tu consentimiento para recibir comunicaciones comerciales en cualquier momento haciendo clic en el enlace o bot\u00f3n que se proporciona en cada comunicaci\u00f3n comercial o envi\u00e1ndonos un correo electr\u00f3nico a la siguiente direcci\u00f3n <a href=\"about:blank\">gdpr@neuraxpharm.com<\/a>.<\/p><ul><li><b>Formulario de prensa<\/b><\/li><\/ul><p>Responder a las solicitudes de informaci\u00f3n.<\/p><ul><li><b>Canal de \u00e9tica y cumplimiento:<\/b><\/li><\/ul><p>Gestionar las denuncias presentadas ante Neuraxpharm a trav\u00e9s del canal de \u00e9tica y cumplimiento, as\u00ed como realizar la investigaci\u00f3n de los hechos denunciados, adoptar las medidas correctoras oportunas y, en su caso, informar al Usuario del resultado del procedimiento.<\/p><ul><li><b>Notificaci\u00f3n de efectos adversos<\/b><\/li><\/ul><ol><li>Responder a las solicitudes de informaci\u00f3n que el usuario haya realizado por este medio.<\/li><li>Gestionar el registro de sospechas de reacciones adversas a medicamentos.<\/li><\/ol><ul><li><b>Contacto con profesionales de la salud<\/b><\/li><\/ul><p>Responder a las solicitudes de informaci\u00f3n.<\/p><ul><li><b>Comercio internacional<\/b><\/li><\/ul><p>Responder a las solicitudes de informaci\u00f3n.<\/p><ul><li><b>Registro en el sitio web (\u00ab\u00c1rea privada\u00bb)<\/b><\/li><\/ul><p>Puedes gestionar tu solicitud de registro en nuestra p\u00e1gina web.<\/p><p><b>3.- \u00bfDurante cu\u00e1nto tiempo almacenaremos tus datos personales?<\/b><\/p><p>Neuraxpharm se compromete a tratar tus datos personales mientras sean \u00fatiles y necesarios para ofrecerte un servicio de calidad. Por lo tanto, Neuraxpharm har\u00e1 todos los esfuerzos razonables y apropiados para minimizar el tiempo de procesamiento y almacenamiento de tus datos personales.<\/p><p>En particular, te informamos que tus datos personales ser\u00e1n almacenados con las medidas t\u00e9cnicas y organizativas necesarias para garantizar la seguridad e integridad de los mismos durante los siguientes periodos de tiempo y, en todo caso, mientras no solicites su supresi\u00f3n:<\/p><div style=\"overflow-x: auto;\"><table><tbody><tr><td><p><b>Fin<\/b><\/p><\/td><td><p><b>Periodo de almacenamiento<\/b><\/p><\/td><\/tr><tr><td><p>Comunicaciones comerciales (secci\u00f3n 2.i)<\/p><\/td><td><p>Hasta que revoques tu consentimiento para el tratamiento.<\/p><\/td><\/tr><tr><td><p>Formulario de prensa (secci\u00f3n 2.ii)<\/p><\/td><td><p>Siempre que sean necesarios para atender tu solicitud.<\/p><\/td><\/tr><tr><td><p>Canal de \u00e9tica y cumplimiento (secci\u00f3n 2.iii)<\/p><\/td><td><p>Durante el tiempo que sea necesario para decidir sobre la conveniencia de iniciar una investigaci\u00f3n sobre los hechos denunciados y, en su caso, durante el tiempo necesario para resolver la denuncia.<\/p><\/td><\/tr><tr><td><p>Notificaci\u00f3n de efectos adversos (secci\u00f3n 2.iv)<\/p><\/td><td><p>El previsto en la legislaci\u00f3n que regula la protecci\u00f3n por los poderes p\u00fablicos del derecho a la salud y la informaci\u00f3n y educaci\u00f3n de los consumidores en materia de limitaci\u00f3n de responsabilidad.<\/p><\/td><\/tr><tr><td><p>Contacto con los profesionales de la salud (secci\u00f3n 2.v)<\/p><\/td><td><p>Siempre que sean necesarios para atender tu solicitud.<\/p><\/td><\/tr><tr><td><p>Comercio internacional (Secci\u00f3n 2.vi)<\/p><\/td><td><p>Siempre que sean necesarios para atender tu solicitud.<\/p><\/td><\/tr><tr><td><p>Registro en el sitio web (Secci\u00f3n 2.vii)<\/p><\/td><td><p>Siempre que sean necesarios para atender tu solicitud.<\/p><\/td><\/tr><\/tbody><\/table><\/div><p>En cualquier caso, aunque solicites la supresi\u00f3n de tus datos personales, Neuraxpharm tendr\u00e1 derecho a conservarlos y mantenerlos, bajo el oportuno bloqueo, durante el tiempo necesario para cumplir con las obligaciones legales correspondientes, as\u00ed como para ponerlos a disposici\u00f3n de las autoridades competentes en las distintas materias que sean de aplicaci\u00f3n.<\/p><p><b>4.- \u00bfCu\u00e1l es la base jur\u00eddica para el tratamiento de tus datos personales?<\/b><\/p><p>La base jur\u00eddica para el tratamiento de tus datos personales var\u00eda en funci\u00f3n de la finalidad del tratamiento, de acuerdo con el apartado 2 de esta pol\u00edtica:<\/p><div style=\"overflow-x: auto;\"><table><tbody><tr><td><p><b>Fin<\/b><\/p><\/td><td><p><b>Base jur\u00eddica<\/b><\/p><\/td><\/tr><tr><td><p>Comunicaciones comerciales (secci\u00f3n 2.i)<\/p><\/td><td><p>Su consentimiento.<\/p><\/td><\/tr><tr><td><p>Formulario de prensa (secci\u00f3n 2.ii)<\/p><\/td><td><p>Tu consentimiento, proporcionado al ponerte en contacto con nosotros a trav\u00e9s del formulario de contacto.<\/p><\/td><\/tr><tr><td><p>Canal de \u00e9tica y cumplimiento (secci\u00f3n 2.iii)<\/p><\/td><td><p>Una obligaci\u00f3n legal, especialmente la Directiva (UE) 2019\/1937 sobre la protecci\u00f3n de las personas que denuncian infracciones del Derecho de la Uni\u00f3n Europea.<\/p><\/td><\/tr><tr><td><p>Notificaci\u00f3n de efectos adversos (secci\u00f3n 2.iv)<\/p><\/td><td><p>Una obligaci\u00f3n legal, en concreto el REGLAMENTO (UE) n\u00ba 1235\/2010 del Parlamento Europeo y del Consejo, de 15 de diciembre de 2010, que modifica, en lo que respecta a la farmacovigilancia de los medicamentos de uso humano, el Reglamento (CE) n\u00ba 726\/2004, por el que se establecen procedimientos comunitarios para la autorizaci\u00f3n y el control de los medicamentos de uso humano y veterinario y por el que se crea la Agencia Europea de Medicamentos, y el Reglamento (CE) n\u00ba 1394\/2007, sobre medicamentos de terapia avanzada.<\/p><\/td><\/tr><tr><td><p>Contacto con los profesionales de la salud (secci\u00f3n 2.v)<\/p><\/td><td><p>Tu consentimiento, proporcionado al ponerte en contacto con nosotros a trav\u00e9s del formulario de contacto.<\/p><\/td><\/tr><tr><td><p>Comercio internacional (Secci\u00f3n 2.vi)<\/p><\/td><td><p>Tu consentimiento, proporcionado al ponerte en contacto con nosotros a trav\u00e9s del formulario de contacto.<\/p><\/td><\/tr><tr><td><p>Registro en el sitio web (Secci\u00f3n 2.vii)<\/p><\/td><td><p>Tu consentimiento, proporcionado al ponerte en contacto con nosotros a trav\u00e9s del formulario de contacto.<\/p><\/td><\/tr><\/tbody><\/table><\/div><p><b>5.- \u00bfA qu\u00e9 destinatarios se comunicar\u00e1n tus datos personales?<\/b><\/p><p>Tus datos personales no ser\u00e1n cedidos a terceros, salvo a los proveedores cuyos servicios permitan la correcta prestaci\u00f3n de los servicios que ofrecemos. Neuraxpharm tambi\u00e9n puede revelar tus datos personales a los organismos y autoridades p\u00fablicas (administrativas o judiciales) en los casos en que se aplique una obligaci\u00f3n legal.<\/p><p>Te informamos que los datos que nos has proporcionado pueden ser cedidos al grupo de empresas que forman parte del Grupo Neuraxpharm para fines de administraci\u00f3n interna.<\/p><p><b>6.- \u00bfCu\u00e1les son tus derechos sobre tus datos personales y c\u00f3mo puedes ejercerlos?<\/b><\/p><p>En cualquier momento, tienes derecho a acceder a tus datos personales, as\u00ed como a solicitar la rectificaci\u00f3n de los datos inexactos o, en su caso, a solicitar su supresi\u00f3n cuando, entre otros motivos, los datos ya no sean necesarios para los fines para los que fueron recogidos.<\/p><p>En determinadas circunstancias, puedes solicitar que limitemos el tratamiento de tus datos personales, en cuyo caso solo los conservaremos para el ejercicio o la defensa ante reclamaciones.<\/p><p>En determinadas circunstancias y por motivos relacionados con tu situaci\u00f3n particular, puedes oponerte al tratamiento de tus datos personales. Neuraxpharm dejar\u00e1 de tratar los datos, salvo por motivos leg\u00edtimos imperiosos, o el ejercicio o la defensa ante posibles reclamaciones.<\/p><p>Tambi\u00e9n puedes ejercer tu derecho a la portabilidad de tus datos personales y retirar tu consentimiento en cualquier momento, sin que ello afecte a la legalidad del tratamiento basado en tu consentimiento anterior a su retirada.<\/p><p>Si deseas ejercer alguno de tus derechos, puedes ponerte en contacto con nosotros enviando una carta, adjuntando un documento que acredite tu identidad e indicando expresamente el derecho que deseas ejercer, a la direcci\u00f3n arriba indicada o enviando un correo electr\u00f3nico a <a href=\"mailto:gdpr@neuraxpharm.com\">gdpr@neuraxpharm.com<\/a>.<\/p><p>Por \u00faltimo, te informamos que puedes dirigirte a la Agencia Espa\u00f1ola de Protecci\u00f3n de Datos y a otros organismos p\u00fablicos competentes para cualquier reclamaci\u00f3n derivada del tratamiento de tus datos personales.<\/p><p><b>7.-<\/b><b>Confidencialidad y medidas de seguridad<\/b><\/p><p>Neuraxpharm ha implementado todas las medidas de seguridad apropiadas para garantizar que no se produzca ninguna p\u00e9rdida, alteraci\u00f3n, uso indebido o acceso no autorizado a los datos personales tratados. Neuraxpharm revisa peri\u00f3dicamente las medidas de seguridad aplicadas para garantizar que son en todo momento adecuadas en relaci\u00f3n con el tratamiento que realiza.\u00a0<\/p><p>A pesar de lo anterior, el uso de Internet no es completamente seguro, y no podemos garantizar la seguridad de tu informaci\u00f3n.<\/p><p><!-- \/wp:heading --><\/p>\t\t\t\t\t\t\t\t<\/div>\n\t\t\t\t<\/div>\n\t\t\t\t\t<\/div>\n\t\t<\/div>\n\t\t\t\t\t<\/div>\n\t\t<\/section>\n\t\t\t\t<\/div>\n\t\t","protected":false},"excerpt":{"rendered":"<p>Pol\u00edtica de privacidad En cumplimiento del Reglamento (UE) 2016\/679 del Parlamento Europeo y del Consejo, de 27 de abril de 2016, relativo a la protecci\u00f3n de las personas f\u00edsicas en lo que respecta al tratamiento de datos personales y a la libre circulaci\u00f3n de estos datos, as\u00ed como de cualquier otra disposici\u00f3n aplicable en materia [&hellip;]<\/p>\n","protected":false},"author":1,"featured_media":0,"parent":0,"menu_order":0,"comment_status":"closed","ping_status":"closed","template":"","meta":{"_acf_changed":false,"footnotes":""},"class_list":["post-3","page","type-page","status-publish","hentry"],"yoast_head":"<!-- This site is optimized with the Yoast SEO Premium plugin v27.2 (Yoast SEO v27.2) - https:\/\/yoast.com\/product\/yoast-seo-premium-wordpress\/ -->\n<title>Pol\u00edtica de privacidad - Neuraxpharm Espa\u00f1a<\/title>\n<meta name=\"robots\" content=\"index, follow, max-snippet:-1, max-image-preview:large, max-video-preview:-1\" \/>\n<link rel=\"canonical\" href=\"https:\/\/www.neuraxpharm.com\/es\/politica-privacidad\" \/>\n<meta property=\"og:locale\" content=\"es_ES\" \/>\n<meta property=\"og:type\" content=\"article\" \/>\n<meta property=\"og:title\" content=\"Pol\u00edtica de privacidad\" \/>\n<meta property=\"og:description\" content=\"Pol\u00edtica de privacidad En cumplimiento del Reglamento (UE) 2016\/679 del Parlamento Europeo y del Consejo, de 27 de abril de 2016, relativo a la protecci\u00f3n de las personas f\u00edsicas en lo que respecta al tratamiento de datos personales y a la libre circulaci\u00f3n de estos datos, as\u00ed como de cualquier otra disposici\u00f3n aplicable en materia [&hellip;]\" \/>\n<meta property=\"og:url\" content=\"https:\/\/www.neuraxpharm.com\/es\/politica-privacidad\" \/>\n<meta property=\"og:site_name\" content=\"Neuraxpharm Espa\u00f1a\" \/>\n<meta property=\"article:modified_time\" content=\"2021-11-22T09:04:52+00:00\" \/>\n<meta property=\"og:image\" content=\"https:\/\/static.neuraxpharm.com\/wp-content\/uploads\/sites\/8\/2021\/04\/neuraxpharm-your-cns-specialist.jpg\" \/>\n\t<meta property=\"og:image:width\" content=\"1779\" \/>\n\t<meta property=\"og:image:height\" content=\"995\" \/>\n\t<meta property=\"og:image:type\" content=\"image\/jpeg\" \/>\n<meta name=\"twitter:card\" content=\"summary_large_image\" \/>\n<meta name=\"twitter:label1\" content=\"Tiempo de lectura\" \/>\n\t<meta name=\"twitter:data1\" content=\"6 minutos\" \/>\n<script type=\"application\/ld+json\" class=\"yoast-schema-graph\">{\"@context\":\"https:\/\/schema.org\",\"@graph\":[{\"@type\":\"WebPage\",\"@id\":\"https:\/\/www.neuraxpharm.com\/es\/politica-privacidad\",\"url\":\"https:\/\/www.neuraxpharm.com\/es\/politica-privacidad\",\"name\":\"Pol\u00edtica de privacidad - Neuraxpharm Espa\u00f1a\",\"isPartOf\":{\"@id\":\"https:\/\/www.neuraxpharm.com\/es\/#website\"},\"datePublished\":\"2021-01-27T16:51:35+00:00\",\"dateModified\":\"2021-11-22T09:04:52+00:00\",\"inLanguage\":\"es\",\"potentialAction\":[{\"@type\":\"ReadAction\",\"target\":[\"https:\/\/www.neuraxpharm.com\/es\/politica-privacidad\"]}]},{\"@type\":\"WebSite\",\"@id\":\"https:\/\/www.neuraxpharm.com\/es\/#website\",\"url\":\"https:\/\/www.neuraxpharm.com\/es\/\",\"name\":\"Neuraxpharm Espa\u00f1a\",\"description\":\"A European Leader for the CNS products\",\"potentialAction\":[{\"@type\":\"SearchAction\",\"target\":{\"@type\":\"EntryPoint\",\"urlTemplate\":\"https:\/\/www.neuraxpharm.com\/es\/?s={search_term_string}\"},\"query-input\":{\"@type\":\"PropertyValueSpecification\",\"valueRequired\":true,\"valueName\":\"search_term_string\"}}],\"inLanguage\":\"es\"}]}<\/script>\n<!-- \/ Yoast SEO Premium plugin. -->","yoast_head_json":{"title":"Pol\u00edtica de privacidad - Neuraxpharm Espa\u00f1a","robots":{"index":"index","follow":"follow","max-snippet":"max-snippet:-1","max-image-preview":"max-image-preview:large","max-video-preview":"max-video-preview:-1"},"canonical":"https:\/\/www.neuraxpharm.com\/es\/politica-privacidad","og_locale":"es_ES","og_type":"article","og_title":"Pol\u00edtica de privacidad","og_description":"Pol\u00edtica de privacidad En cumplimiento del Reglamento (UE) 2016\/679 del Parlamento Europeo y del Consejo, de 27 de abril de 2016, relativo a la protecci\u00f3n de las personas f\u00edsicas en lo que respecta al tratamiento de datos personales y a la libre circulaci\u00f3n de estos datos, as\u00ed como de cualquier otra disposici\u00f3n aplicable en materia [&hellip;]","og_url":"https:\/\/www.neuraxpharm.com\/es\/politica-privacidad","og_site_name":"Neuraxpharm Espa\u00f1a","article_modified_time":"2021-11-22T09:04:52+00:00","og_image":[{"width":1779,"height":995,"url":"https:\/\/static.neuraxpharm.com\/wp-content\/uploads\/sites\/8\/2021\/04\/neuraxpharm-your-cns-specialist.jpg","type":"image\/jpeg"}],"twitter_card":"summary_large_image","twitter_misc":{"Tiempo de lectura":"6 minutos"},"schema":{"@context":"https:\/\/schema.org","@graph":[{"@type":"WebPage","@id":"https:\/\/www.neuraxpharm.com\/es\/politica-privacidad","url":"https:\/\/www.neuraxpharm.com\/es\/politica-privacidad","name":"Pol\u00edtica de privacidad - Neuraxpharm Espa\u00f1a","isPartOf":{"@id":"https:\/\/www.neuraxpharm.com\/es\/#website"},"datePublished":"2021-01-27T16:51:35+00:00","dateModified":"2021-11-22T09:04:52+00:00","inLanguage":"es","potentialAction":[{"@type":"ReadAction","target":["https:\/\/www.neuraxpharm.com\/es\/politica-privacidad"]}]},{"@type":"WebSite","@id":"https:\/\/www.neuraxpharm.com\/es\/#website","url":"https:\/\/www.neuraxpharm.com\/es\/","name":"Neuraxpharm Espa\u00f1a","description":"A European Leader for the CNS products","potentialAction":[{"@type":"SearchAction","target":{"@type":"EntryPoint","urlTemplate":"https:\/\/www.neuraxpharm.com\/es\/?s={search_term_string}"},"query-input":{"@type":"PropertyValueSpecification","valueRequired":true,"valueName":"search_term_string"}}],"inLanguage":"es"}]}},"acf":[],"_links":{"self":[{"href":"https:\/\/www.neuraxpharm.com\/es\/wp-json\/wp\/v2\/pages\/3","targetHints":{"allow":["GET"]}}],"collection":[{"href":"https:\/\/www.neuraxpharm.com\/es\/wp-json\/wp\/v2\/pages"}],"about":[{"href":"https:\/\/www.neuraxpharm.com\/es\/wp-json\/wp\/v2\/types\/page"}],"author":[{"embeddable":true,"href":"https:\/\/www.neuraxpharm.com\/es\/wp-json\/wp\/v2\/users\/1"}],"replies":[{"embeddable":true,"href":"https:\/\/www.neuraxpharm.com\/es\/wp-json\/wp\/v2\/comments?post=3"}],"version-history":[{"count":92,"href":"https:\/\/www.neuraxpharm.com\/es\/wp-json\/wp\/v2\/pages\/3\/revisions"}],"predecessor-version":[{"id":25844,"href":"https:\/\/www.neuraxpharm.com\/es\/wp-json\/wp\/v2\/pages\/3\/revisions\/25844"}],"wp:attachment":[{"href":"https:\/\/www.neuraxpharm.com\/es\/wp-json\/wp\/v2\/media?parent=3"}],"curies":[{"name":"wp","href":"https:\/\/api.w.org\/{rel}","templated":true}]}}