{"id":27930,"date":"2023-01-30T16:26:05","date_gmt":"2023-01-30T16:26:05","guid":{"rendered":"https:\/\/www.neuraxpharm.com\/es\/?page_id=27930"},"modified":"2023-03-27T09:54:07","modified_gmt":"2023-03-27T09:54:07","slug":"charles-morris","status":"publish","type":"page","link":"https:\/\/www.neuraxpharm.com\/es\/quienes-somos\/comite-ejecutivo\/charles-morris","title":{"rendered":"CHARLES MORRIS"},"content":{"rendered":"\t\t<div data-elementor-type=\"wp-page\" data-elementor-id=\"27930\" class=\"elementor elementor-27930\" data-elementor-post-type=\"page\">\n\t\t\t\t\t\t<section class=\"elementor-section elementor-top-section elementor-element elementor-element-b478a9b elementor-section-boxed elementor-section-height-default elementor-section-height-default\" data-id=\"b478a9b\" data-element_type=\"section\" data-e-type=\"section\" data-settings=\"{&quot;jet_parallax_layout_list&quot;:[{&quot;_id&quot;:&quot;f02b98c&quot;,&quot;jet_parallax_layout_image&quot;:{&quot;url&quot;:&quot;&quot;,&quot;id&quot;:&quot;&quot;,&quot;size&quot;:&quot;&quot;},&quot;jet_parallax_layout_image_tablet&quot;:{&quot;url&quot;:&quot;&quot;,&quot;id&quot;:&quot;&quot;,&quot;size&quot;:&quot;&quot;},&quot;jet_parallax_layout_image_mobile&quot;:{&quot;url&quot;:&quot;&quot;,&quot;id&quot;:&quot;&quot;,&quot;size&quot;:&quot;&quot;},&quot;jet_parallax_layout_speed&quot;:{&quot;unit&quot;:&quot;%&quot;,&quot;size&quot;:50,&quot;sizes&quot;:[]},&quot;jet_parallax_layout_type&quot;:&quot;scroll&quot;,&quot;jet_parallax_layout_direction&quot;:&quot;1&quot;,&quot;jet_parallax_layout_fx_direction&quot;:null,&quot;jet_parallax_layout_z_index&quot;:&quot;&quot;,&quot;jet_parallax_layout_bg_x&quot;:50,&quot;jet_parallax_layout_bg_x_tablet&quot;:&quot;&quot;,&quot;jet_parallax_layout_bg_x_mobile&quot;:&quot;&quot;,&quot;jet_parallax_layout_bg_y&quot;:50,&quot;jet_parallax_layout_bg_y_tablet&quot;:&quot;&quot;,&quot;jet_parallax_layout_bg_y_mobile&quot;:&quot;&quot;,&quot;jet_parallax_layout_bg_size&quot;:&quot;auto&quot;,&quot;jet_parallax_layout_bg_size_tablet&quot;:&quot;&quot;,&quot;jet_parallax_layout_bg_size_mobile&quot;:&quot;&quot;,&quot;jet_parallax_layout_animation_prop&quot;:&quot;transform&quot;,&quot;jet_parallax_layout_on&quot;:[&quot;desktop&quot;,&quot;tablet&quot;]}]}\">\n\t\t\t\t\t\t<div class=\"elementor-container elementor-column-gap-default\">\n\t\t\t\t\t<div class=\"elementor-column elementor-col-33 elementor-top-column elementor-element elementor-element-4c47eee5\" data-id=\"4c47eee5\" data-element_type=\"column\" data-e-type=\"column\">\n\t\t\t<div class=\"elementor-widget-wrap elementor-element-populated\">\n\t\t\t\t\t\t<div class=\"elementor-element elementor-element-55e7563f elementor-widget elementor-widget-image\" data-id=\"55e7563f\" data-element_type=\"widget\" data-e-type=\"widget\" data-widget_type=\"image.default\">\n\t\t\t\t<div class=\"elementor-widget-container\">\n\t\t\t\t\t\t\t\t\t\t\t\t\t\t\t<img fetchpriority=\"high\" decoding=\"async\" width=\"716\" height=\"700\" src=\"https:\/\/static.neuraxpharm.com\/wp-content\/uploads\/sites\/8\/2023\/03\/27095006\/charles-morris.jpg\" class=\"attachment-full size-full wp-image-28224\" alt=\"\" srcset=\"https:\/\/static.neuraxpharm.com\/wp-content\/uploads\/sites\/8\/2023\/03\/27095006\/charles-morris.jpg 716w, https:\/\/static.neuraxpharm.com\/wp-content\/uploads\/sites\/8\/2023\/03\/27095006\/charles-morris-300x293.jpg 300w, https:\/\/static.neuraxpharm.com\/wp-content\/uploads\/sites\/8\/2023\/03\/27095006\/charles-morris-600x587.jpg 600w\" sizes=\"(max-width: 716px) 100vw, 716px\" \/>\t\t\t\t\t\t\t\t\t\t\t\t\t\t\t<\/div>\n\t\t\t\t<\/div>\n\t\t\t\t<section class=\"elementor-section elementor-inner-section elementor-element elementor-element-8ba6617 elementor-section-content-top elementor-section-boxed elementor-section-height-default elementor-section-height-default\" data-id=\"8ba6617\" data-element_type=\"section\" data-e-type=\"section\" data-settings=\"{&quot;jet_parallax_layout_list&quot;:[{&quot;_id&quot;:&quot;5f899ce&quot;,&quot;jet_parallax_layout_image&quot;:{&quot;url&quot;:&quot;&quot;,&quot;id&quot;:&quot;&quot;,&quot;size&quot;:&quot;&quot;},&quot;jet_parallax_layout_image_tablet&quot;:{&quot;url&quot;:&quot;&quot;,&quot;id&quot;:&quot;&quot;,&quot;size&quot;:&quot;&quot;},&quot;jet_parallax_layout_image_mobile&quot;:{&quot;url&quot;:&quot;&quot;,&quot;id&quot;:&quot;&quot;,&quot;size&quot;:&quot;&quot;},&quot;jet_parallax_layout_speed&quot;:{&quot;unit&quot;:&quot;%&quot;,&quot;size&quot;:50,&quot;sizes&quot;:[]},&quot;jet_parallax_layout_type&quot;:&quot;scroll&quot;,&quot;jet_parallax_layout_direction&quot;:&quot;1&quot;,&quot;jet_parallax_layout_fx_direction&quot;:null,&quot;jet_parallax_layout_z_index&quot;:&quot;&quot;,&quot;jet_parallax_layout_bg_x&quot;:50,&quot;jet_parallax_layout_bg_x_tablet&quot;:&quot;&quot;,&quot;jet_parallax_layout_bg_x_mobile&quot;:&quot;&quot;,&quot;jet_parallax_layout_bg_y&quot;:50,&quot;jet_parallax_layout_bg_y_tablet&quot;:&quot;&quot;,&quot;jet_parallax_layout_bg_y_mobile&quot;:&quot;&quot;,&quot;jet_parallax_layout_bg_size&quot;:&quot;auto&quot;,&quot;jet_parallax_layout_bg_size_tablet&quot;:&quot;&quot;,&quot;jet_parallax_layout_bg_size_mobile&quot;:&quot;&quot;,&quot;jet_parallax_layout_animation_prop&quot;:&quot;transform&quot;,&quot;jet_parallax_layout_on&quot;:[&quot;desktop&quot;,&quot;tablet&quot;]}]}\">\n\t\t\t\t\t\t<div class=\"elementor-container elementor-column-gap-default\">\n\t\t\t\t\t<div class=\"elementor-column elementor-col-50 elementor-inner-column elementor-element elementor-element-4013e766\" data-id=\"4013e766\" data-element_type=\"column\" data-e-type=\"column\">\n\t\t\t<div class=\"elementor-widget-wrap elementor-element-populated\">\n\t\t\t\t\t\t<div class=\"elementor-element elementor-element-30444dce elementor-view-default elementor-widget elementor-widget-icon\" data-id=\"30444dce\" data-element_type=\"widget\" data-e-type=\"widget\" data-widget_type=\"icon.default\">\n\t\t\t\t<div class=\"elementor-widget-container\">\n\t\t\t\t\t\t\t<div class=\"elementor-icon-wrapper\">\n\t\t\t<div class=\"elementor-icon\">\n\t\t\t<i aria-hidden=\"true\" class=\"fab fa-linkedin-in\"><\/i>\t\t\t<\/div>\n\t\t<\/div>\n\t\t\t\t\t\t<\/div>\n\t\t\t\t<\/div>\n\t\t\t\t\t<\/div>\n\t\t<\/div>\n\t\t\t\t<div class=\"elementor-column elementor-col-50 elementor-inner-column elementor-element elementor-element-7e2047d7\" data-id=\"7e2047d7\" data-element_type=\"column\" data-e-type=\"column\">\n\t\t\t<div class=\"elementor-widget-wrap elementor-element-populated\">\n\t\t\t\t\t\t<div class=\"elementor-element elementor-element-7ea89524 elementor-widget elementor-widget-heading\" data-id=\"7ea89524\" data-element_type=\"widget\" data-e-type=\"widget\" data-widget_type=\"heading.default\">\n\t\t\t\t<div class=\"elementor-widget-container\">\n\t\t\t\t\t<p class=\"elementor-heading-title elementor-size-default\"><a href=\"https:\/\/www.linkedin.com\/in\/charles-morris-35b52035\/\" target=\"_blank\">https:\/\/www.linkedin.com\/in\/charles-morris-35b52035\/<\/a><\/p>\t\t\t\t<\/div>\n\t\t\t\t<\/div>\n\t\t\t\t\t<\/div>\n\t\t<\/div>\n\t\t\t\t\t<\/div>\n\t\t<\/section>\n\t\t\t\t\t<\/div>\n\t\t<\/div>\n\t\t\t\t<div class=\"elementor-column elementor-col-66 elementor-top-column elementor-element elementor-element-416a72bf\" data-id=\"416a72bf\" data-element_type=\"column\" data-e-type=\"column\">\n\t\t\t<div class=\"elementor-widget-wrap elementor-element-populated\">\n\t\t\t\t\t\t<div class=\"elementor-element elementor-element-910986e elementor-widget elementor-widget-jet-breadcrumbs\" data-id=\"910986e\" data-element_type=\"widget\" data-e-type=\"widget\" data-widget_type=\"jet-breadcrumbs.default\">\n\t\t\t\t<div class=\"elementor-widget-container\">\n\t\t\t\t\t<div class=\"elementor-jet-breadcrumbs jet-blocks\">\n\t\t<div class=\"jet-breadcrumbs\">\n\t\t<div class=\"jet-breadcrumbs__content\">\n\t\t<div class=\"jet-breadcrumbs__wrap\"><div class=\"jet-breadcrumbs__item\"><a href=\"https:\/\/www.neuraxpharm.com\/es\/\" class=\"jet-breadcrumbs__item-link is-home\" rel=\"home\" title=\"Neuraxpharm\">Neuraxpharm<\/a><\/div>\n\t\t<\/div>\n\t\t<\/div>\n\t\t<\/div><\/div>\t\t\t\t<\/div>\n\t\t\t\t<\/div>\n\t\t\t\t<div class=\"elementor-element elementor-element-54ef2c33 elementor-widget elementor-widget-heading\" data-id=\"54ef2c33\" data-element_type=\"widget\" data-e-type=\"widget\" data-widget_type=\"heading.default\">\n\t\t\t\t<div class=\"elementor-widget-container\">\n\t\t\t\t\t<h1 class=\"elementor-heading-title elementor-size-default\">Charles Morris<\/h1>\t\t\t\t<\/div>\n\t\t\t\t<\/div>\n\t\t\t\t<div class=\"elementor-element elementor-element-66721f10 elementor-widget elementor-widget-text-editor\" data-id=\"66721f10\" data-element_type=\"widget\" data-e-type=\"widget\" data-widget_type=\"text-editor.default\">\n\t\t\t\t<div class=\"elementor-widget-container\">\n\t\t\t\t\t\t\t\t\t<p>Charles Morris se uni\u00f3 a Neuraxpharm como Head of Mergers &amp; Acquisitions en enero de 2022. Charles es un profesional con una amplia experiencia en fusiones y adquisiciones, adquirida tras 20 a\u00f1os de trabajo en el sector de la banca de inversi\u00f3n y en fusiones y adquisiciones para la industria farmac\u00e9utica en varios pa\u00edses como Estados Unidos, Alemania y Espa\u00f1a.<\/p><p>Antes de incorporarse a Neuraxpharm, Charles ejerc\u00eda el cargo de Global Head of M&amp;A and Corporate Development en Almirall (2019-2021). Antes de ocupar este puesto, fue Vice President, Head of M&amp;A, Pharma General Medicine &amp; Animal Health en Bayer AG (2010-2019). En una etapa anterior de su carrera, Charles trabaj\u00f3 en banca de inversi\u00f3n y an\u00e1lisis de valores para Bank of America, Merrill Lynch y Molecular Securities en Nueva York.<\/p><p>Charles tiene un MBA por la Columbia Business School (EE. UU.) y es graduado en Econ\u00f3micas y Ciencias Pol\u00edticas por la Emory University (EE. UU.).<\/p>\t\t\t\t\t\t\t\t<\/div>\n\t\t\t\t<\/div>\n\t\t\t\t\t<\/div>\n\t\t<\/div>\n\t\t\t\t\t<\/div>\n\t\t<\/section>\n\t\t\t\t<section class=\"elementor-section elementor-top-section elementor-element elementor-element-5b2ffff4 elementor-section-boxed elementor-section-height-default elementor-section-height-default\" data-id=\"5b2ffff4\" data-element_type=\"section\" data-e-type=\"section\" data-settings=\"{&quot;jet_parallax_layout_list&quot;:[{&quot;_id&quot;:&quot;e7d9f21&quot;,&quot;jet_parallax_layout_image&quot;:{&quot;url&quot;:&quot;&quot;,&quot;id&quot;:&quot;&quot;,&quot;size&quot;:&quot;&quot;},&quot;jet_parallax_layout_image_tablet&quot;:{&quot;url&quot;:&quot;&quot;,&quot;id&quot;:&quot;&quot;,&quot;size&quot;:&quot;&quot;},&quot;jet_parallax_layout_image_mobile&quot;:{&quot;url&quot;:&quot;&quot;,&quot;id&quot;:&quot;&quot;,&quot;size&quot;:&quot;&quot;},&quot;jet_parallax_layout_speed&quot;:{&quot;unit&quot;:&quot;%&quot;,&quot;size&quot;:50,&quot;sizes&quot;:[]},&quot;jet_parallax_layout_type&quot;:&quot;scroll&quot;,&quot;jet_parallax_layout_direction&quot;:&quot;1&quot;,&quot;jet_parallax_layout_fx_direction&quot;:null,&quot;jet_parallax_layout_z_index&quot;:&quot;&quot;,&quot;jet_parallax_layout_bg_x&quot;:50,&quot;jet_parallax_layout_bg_x_tablet&quot;:&quot;&quot;,&quot;jet_parallax_layout_bg_x_mobile&quot;:&quot;&quot;,&quot;jet_parallax_layout_bg_y&quot;:50,&quot;jet_parallax_layout_bg_y_tablet&quot;:&quot;&quot;,&quot;jet_parallax_layout_bg_y_mobile&quot;:&quot;&quot;,&quot;jet_parallax_layout_bg_size&quot;:&quot;auto&quot;,&quot;jet_parallax_layout_bg_size_tablet&quot;:&quot;&quot;,&quot;jet_parallax_layout_bg_size_mobile&quot;:&quot;&quot;,&quot;jet_parallax_layout_animation_prop&quot;:&quot;transform&quot;,&quot;jet_parallax_layout_on&quot;:[&quot;desktop&quot;,&quot;tablet&quot;]}]}\">\n\t\t\t\t\t\t<div class=\"elementor-container elementor-column-gap-default\">\n\t\t\t\t\t<div class=\"elementor-column elementor-col-100 elementor-top-column elementor-element elementor-element-6b7eeb69\" data-id=\"6b7eeb69\" data-element_type=\"column\" data-e-type=\"column\">\n\t\t\t<div class=\"elementor-widget-wrap elementor-element-populated\">\n\t\t\t\t\t\t<div class=\"elementor-element elementor-element-15a70dae elementor-widget elementor-widget-spacer\" data-id=\"15a70dae\" data-element_type=\"widget\" data-e-type=\"widget\" data-widget_type=\"spacer.default\">\n\t\t\t\t<div class=\"elementor-widget-container\">\n\t\t\t\t\t\t\t<div class=\"elementor-spacer\">\n\t\t\t<div class=\"elementor-spacer-inner\"><\/div>\n\t\t<\/div>\n\t\t\t\t\t\t<\/div>\n\t\t\t\t<\/div>\n\t\t\t\t\t<\/div>\n\t\t<\/div>\n\t\t\t\t\t<\/div>\n\t\t<\/section>\n\t\t\t\t<\/div>\n\t\t","protected":false},"excerpt":{"rendered":"<p>https:\/\/www.linkedin.com\/in\/charles-morris-35b52035\/ Neuraxpharm Charles Morris Charles Morris se uni\u00f3 a Neuraxpharm como Head of Mergers &amp; Acquisitions en enero de 2022. Charles es un profesional con una amplia experiencia en fusiones y adquisiciones, adquirida tras 20 a\u00f1os de trabajo en el sector de la banca de inversi\u00f3n y en fusiones y adquisiciones para la industria farmac\u00e9utica [&hellip;]<\/p>\n","protected":false},"author":2,"featured_media":0,"parent":1998,"menu_order":0,"comment_status":"closed","ping_status":"closed","template":"elementor_header_footer","meta":{"_acf_changed":false,"footnotes":""},"class_list":["post-27930","page","type-page","status-publish","hentry"],"yoast_head":"<!-- This site is optimized with the Yoast SEO Premium plugin v27.2 (Yoast SEO v27.2) - https:\/\/yoast.com\/product\/yoast-seo-premium-wordpress\/ -->\n<title>CHARLES MORRIS - Neuraxpharm Espa\u00f1a<\/title>\n<meta name=\"robots\" content=\"index, follow, max-snippet:-1, max-image-preview:large, max-video-preview:-1\" \/>\n<link rel=\"canonical\" href=\"https:\/\/www.neuraxpharm.com\/es\/quienes-somos\/comite-ejecutivo\/charles-morris\" \/>\n<meta property=\"og:locale\" content=\"es_ES\" \/>\n<meta property=\"og:type\" content=\"article\" \/>\n<meta property=\"og:title\" content=\"CHARLES MORRIS\" \/>\n<meta property=\"og:description\" content=\"https:\/\/www.linkedin.com\/in\/charles-morris-35b52035\/ Neuraxpharm Charles Morris Charles Morris se uni\u00f3 a Neuraxpharm como Head of Mergers &amp; Acquisitions en enero de 2022. Charles es un profesional con una amplia experiencia en fusiones y adquisiciones, adquirida tras 20 a\u00f1os de trabajo en el sector de la banca de inversi\u00f3n y en fusiones y adquisiciones para la industria farmac\u00e9utica [&hellip;]\" \/>\n<meta property=\"og:url\" content=\"https:\/\/www.neuraxpharm.com\/es\/quienes-somos\/comite-ejecutivo\/charles-morris\" \/>\n<meta property=\"og:site_name\" content=\"Neuraxpharm Espa\u00f1a\" \/>\n<meta property=\"article:modified_time\" content=\"2023-03-27T09:54:07+00:00\" \/>\n<meta property=\"og:image\" content=\"https:\/\/www.neuraxpharm.com\/es\/wp-content\/uploads\/sites\/8\/2023\/03\/charles-morris.jpg\" \/>\n<meta name=\"twitter:card\" content=\"summary_large_image\" \/>\n<meta name=\"twitter:label1\" content=\"Tiempo de lectura\" \/>\n\t<meta name=\"twitter:data1\" content=\"1 minuto\" \/>\n<script type=\"application\/ld+json\" class=\"yoast-schema-graph\">{\"@context\":\"https:\/\/schema.org\",\"@graph\":[{\"@type\":\"WebPage\",\"@id\":\"https:\/\/www.neuraxpharm.com\/es\/quienes-somos\/comite-ejecutivo\/charles-morris\",\"url\":\"https:\/\/www.neuraxpharm.com\/es\/quienes-somos\/comite-ejecutivo\/charles-morris\",\"name\":\"CHARLES MORRIS - Neuraxpharm Espa\u00f1a\",\"isPartOf\":{\"@id\":\"https:\/\/www.neuraxpharm.com\/es\/#website\"},\"primaryImageOfPage\":{\"@id\":\"https:\/\/www.neuraxpharm.com\/es\/quienes-somos\/comite-ejecutivo\/charles-morris#primaryimage\"},\"image\":{\"@id\":\"https:\/\/www.neuraxpharm.com\/es\/quienes-somos\/comite-ejecutivo\/charles-morris#primaryimage\"},\"thumbnailUrl\":\"https:\/\/www.neuraxpharm.com\/es\/wp-content\/uploads\/sites\/8\/2023\/03\/charles-morris.jpg\",\"datePublished\":\"2023-01-30T16:26:05+00:00\",\"dateModified\":\"2023-03-27T09:54:07+00:00\",\"breadcrumb\":{\"@id\":\"https:\/\/www.neuraxpharm.com\/es\/quienes-somos\/comite-ejecutivo\/charles-morris#breadcrumb\"},\"inLanguage\":\"es\",\"potentialAction\":[{\"@type\":\"ReadAction\",\"target\":[\"https:\/\/www.neuraxpharm.com\/es\/quienes-somos\/comite-ejecutivo\/charles-morris\"]}]},{\"@type\":\"ImageObject\",\"inLanguage\":\"es\",\"@id\":\"https:\/\/www.neuraxpharm.com\/es\/quienes-somos\/comite-ejecutivo\/charles-morris#primaryimage\",\"url\":\"https:\/\/static.neuraxpharm.com\/wp-content\/uploads\/sites\/8\/2023\/03\/27095006\/charles-morris.jpg\",\"contentUrl\":\"https:\/\/static.neuraxpharm.com\/wp-content\/uploads\/sites\/8\/2023\/03\/27095006\/charles-morris.jpg\",\"width\":716,\"height\":700},{\"@type\":\"BreadcrumbList\",\"@id\":\"https:\/\/www.neuraxpharm.com\/es\/quienes-somos\/comite-ejecutivo\/charles-morris#breadcrumb\",\"itemListElement\":[{\"@type\":\"ListItem\",\"position\":1,\"name\":\"Qui\u00e9nes somos\",\"item\":\"https:\/\/www.neuraxpharm.com\/es\/quienes-somos\"},{\"@type\":\"ListItem\",\"position\":2,\"name\":\"Comit\u00e9 Ejecutivo\",\"item\":\"https:\/\/www.neuraxpharm.com\/es\/quienes-somos\/comite-ejecutivo\"},{\"@type\":\"ListItem\",\"position\":3,\"name\":\"CHARLES MORRIS\"}]},{\"@type\":\"WebSite\",\"@id\":\"https:\/\/www.neuraxpharm.com\/es\/#website\",\"url\":\"https:\/\/www.neuraxpharm.com\/es\/\",\"name\":\"Neuraxpharm Espa\u00f1a\",\"description\":\"A European Leader for the CNS products\",\"potentialAction\":[{\"@type\":\"SearchAction\",\"target\":{\"@type\":\"EntryPoint\",\"urlTemplate\":\"https:\/\/www.neuraxpharm.com\/es\/?s={search_term_string}\"},\"query-input\":{\"@type\":\"PropertyValueSpecification\",\"valueRequired\":true,\"valueName\":\"search_term_string\"}}],\"inLanguage\":\"es\"}]}<\/script>\n<!-- \/ Yoast SEO Premium plugin. -->","yoast_head_json":{"title":"CHARLES MORRIS - Neuraxpharm Espa\u00f1a","robots":{"index":"index","follow":"follow","max-snippet":"max-snippet:-1","max-image-preview":"max-image-preview:large","max-video-preview":"max-video-preview:-1"},"canonical":"https:\/\/www.neuraxpharm.com\/es\/quienes-somos\/comite-ejecutivo\/charles-morris","og_locale":"es_ES","og_type":"article","og_title":"CHARLES MORRIS","og_description":"https:\/\/www.linkedin.com\/in\/charles-morris-35b52035\/ Neuraxpharm Charles Morris Charles Morris se uni\u00f3 a Neuraxpharm como Head of Mergers &amp; Acquisitions en enero de 2022. Charles es un profesional con una amplia experiencia en fusiones y adquisiciones, adquirida tras 20 a\u00f1os de trabajo en el sector de la banca de inversi\u00f3n y en fusiones y adquisiciones para la industria farmac\u00e9utica [&hellip;]","og_url":"https:\/\/www.neuraxpharm.com\/es\/quienes-somos\/comite-ejecutivo\/charles-morris","og_site_name":"Neuraxpharm Espa\u00f1a","article_modified_time":"2023-03-27T09:54:07+00:00","og_image":[{"url":"https:\/\/www.neuraxpharm.com\/es\/wp-content\/uploads\/sites\/8\/2023\/03\/charles-morris.jpg","type":"","width":"","height":""}],"twitter_card":"summary_large_image","twitter_misc":{"Tiempo de lectura":"1 minuto"},"schema":{"@context":"https:\/\/schema.org","@graph":[{"@type":"WebPage","@id":"https:\/\/www.neuraxpharm.com\/es\/quienes-somos\/comite-ejecutivo\/charles-morris","url":"https:\/\/www.neuraxpharm.com\/es\/quienes-somos\/comite-ejecutivo\/charles-morris","name":"CHARLES MORRIS - Neuraxpharm Espa\u00f1a","isPartOf":{"@id":"https:\/\/www.neuraxpharm.com\/es\/#website"},"primaryImageOfPage":{"@id":"https:\/\/www.neuraxpharm.com\/es\/quienes-somos\/comite-ejecutivo\/charles-morris#primaryimage"},"image":{"@id":"https:\/\/www.neuraxpharm.com\/es\/quienes-somos\/comite-ejecutivo\/charles-morris#primaryimage"},"thumbnailUrl":"https:\/\/www.neuraxpharm.com\/es\/wp-content\/uploads\/sites\/8\/2023\/03\/charles-morris.jpg","datePublished":"2023-01-30T16:26:05+00:00","dateModified":"2023-03-27T09:54:07+00:00","breadcrumb":{"@id":"https:\/\/www.neuraxpharm.com\/es\/quienes-somos\/comite-ejecutivo\/charles-morris#breadcrumb"},"inLanguage":"es","potentialAction":[{"@type":"ReadAction","target":["https:\/\/www.neuraxpharm.com\/es\/quienes-somos\/comite-ejecutivo\/charles-morris"]}]},{"@type":"ImageObject","inLanguage":"es","@id":"https:\/\/www.neuraxpharm.com\/es\/quienes-somos\/comite-ejecutivo\/charles-morris#primaryimage","url":"https:\/\/static.neuraxpharm.com\/wp-content\/uploads\/sites\/8\/2023\/03\/27095006\/charles-morris.jpg","contentUrl":"https:\/\/static.neuraxpharm.com\/wp-content\/uploads\/sites\/8\/2023\/03\/27095006\/charles-morris.jpg","width":716,"height":700},{"@type":"BreadcrumbList","@id":"https:\/\/www.neuraxpharm.com\/es\/quienes-somos\/comite-ejecutivo\/charles-morris#breadcrumb","itemListElement":[{"@type":"ListItem","position":1,"name":"Qui\u00e9nes somos","item":"https:\/\/www.neuraxpharm.com\/es\/quienes-somos"},{"@type":"ListItem","position":2,"name":"Comit\u00e9 Ejecutivo","item":"https:\/\/www.neuraxpharm.com\/es\/quienes-somos\/comite-ejecutivo"},{"@type":"ListItem","position":3,"name":"CHARLES MORRIS"}]},{"@type":"WebSite","@id":"https:\/\/www.neuraxpharm.com\/es\/#website","url":"https:\/\/www.neuraxpharm.com\/es\/","name":"Neuraxpharm Espa\u00f1a","description":"A European Leader for the CNS products","potentialAction":[{"@type":"SearchAction","target":{"@type":"EntryPoint","urlTemplate":"https:\/\/www.neuraxpharm.com\/es\/?s={search_term_string}"},"query-input":{"@type":"PropertyValueSpecification","valueRequired":true,"valueName":"search_term_string"}}],"inLanguage":"es"}]}},"acf":[],"_links":{"self":[{"href":"https:\/\/www.neuraxpharm.com\/es\/wp-json\/wp\/v2\/pages\/27930","targetHints":{"allow":["GET"]}}],"collection":[{"href":"https:\/\/www.neuraxpharm.com\/es\/wp-json\/wp\/v2\/pages"}],"about":[{"href":"https:\/\/www.neuraxpharm.com\/es\/wp-json\/wp\/v2\/types\/page"}],"author":[{"embeddable":true,"href":"https:\/\/www.neuraxpharm.com\/es\/wp-json\/wp\/v2\/users\/2"}],"replies":[{"embeddable":true,"href":"https:\/\/www.neuraxpharm.com\/es\/wp-json\/wp\/v2\/comments?post=27930"}],"version-history":[{"count":10,"href":"https:\/\/www.neuraxpharm.com\/es\/wp-json\/wp\/v2\/pages\/27930\/revisions"}],"predecessor-version":[{"id":28264,"href":"https:\/\/www.neuraxpharm.com\/es\/wp-json\/wp\/v2\/pages\/27930\/revisions\/28264"}],"up":[{"embeddable":true,"href":"https:\/\/www.neuraxpharm.com\/es\/wp-json\/wp\/v2\/pages\/1998"}],"wp:attachment":[{"href":"https:\/\/www.neuraxpharm.com\/es\/wp-json\/wp\/v2\/media?parent=27930"}],"curies":[{"name":"wp","href":"https:\/\/api.w.org\/{rel}","templated":true}]}}