{"id":27929,"date":"2023-01-30T16:25:39","date_gmt":"2023-01-30T16:25:39","guid":{"rendered":"https:\/\/www.neuraxpharm.com\/es\/?page_id=27929"},"modified":"2023-03-27T09:53:55","modified_gmt":"2023-03-27T09:53:55","slug":"miguel-barrero-2","status":"publish","type":"page","link":"https:\/\/www.neuraxpharm.com\/es\/quienes-somos\/comite-ejecutivo\/miguel-barrero-2","title":{"rendered":"MIGUEL BARRERO"},"content":{"rendered":"\t\t<div data-elementor-type=\"wp-page\" data-elementor-id=\"27929\" class=\"elementor elementor-27929\" data-elementor-post-type=\"page\">\n\t\t\t\t\t\t<section class=\"elementor-section elementor-top-section elementor-element elementor-element-6479a1ce elementor-section-boxed elementor-section-height-default elementor-section-height-default\" data-id=\"6479a1ce\" data-element_type=\"section\" data-e-type=\"section\" data-settings=\"{&quot;jet_parallax_layout_list&quot;:[{&quot;_id&quot;:&quot;f02b98c&quot;,&quot;jet_parallax_layout_image&quot;:{&quot;url&quot;:&quot;&quot;,&quot;id&quot;:&quot;&quot;,&quot;size&quot;:&quot;&quot;},&quot;jet_parallax_layout_image_tablet&quot;:{&quot;url&quot;:&quot;&quot;,&quot;id&quot;:&quot;&quot;,&quot;size&quot;:&quot;&quot;},&quot;jet_parallax_layout_image_mobile&quot;:{&quot;url&quot;:&quot;&quot;,&quot;id&quot;:&quot;&quot;,&quot;size&quot;:&quot;&quot;},&quot;jet_parallax_layout_speed&quot;:{&quot;unit&quot;:&quot;%&quot;,&quot;size&quot;:50,&quot;sizes&quot;:[]},&quot;jet_parallax_layout_type&quot;:&quot;scroll&quot;,&quot;jet_parallax_layout_direction&quot;:&quot;1&quot;,&quot;jet_parallax_layout_fx_direction&quot;:null,&quot;jet_parallax_layout_z_index&quot;:&quot;&quot;,&quot;jet_parallax_layout_bg_x&quot;:50,&quot;jet_parallax_layout_bg_x_tablet&quot;:&quot;&quot;,&quot;jet_parallax_layout_bg_x_mobile&quot;:&quot;&quot;,&quot;jet_parallax_layout_bg_y&quot;:50,&quot;jet_parallax_layout_bg_y_tablet&quot;:&quot;&quot;,&quot;jet_parallax_layout_bg_y_mobile&quot;:&quot;&quot;,&quot;jet_parallax_layout_bg_size&quot;:&quot;auto&quot;,&quot;jet_parallax_layout_bg_size_tablet&quot;:&quot;&quot;,&quot;jet_parallax_layout_bg_size_mobile&quot;:&quot;&quot;,&quot;jet_parallax_layout_animation_prop&quot;:&quot;transform&quot;,&quot;jet_parallax_layout_on&quot;:[&quot;desktop&quot;,&quot;tablet&quot;]}]}\">\n\t\t\t\t\t\t<div class=\"elementor-container elementor-column-gap-default\">\n\t\t\t\t\t<div class=\"elementor-column elementor-col-33 elementor-top-column elementor-element elementor-element-9999765\" data-id=\"9999765\" data-element_type=\"column\" data-e-type=\"column\">\n\t\t\t<div class=\"elementor-widget-wrap elementor-element-populated\">\n\t\t\t\t\t\t<div class=\"elementor-element elementor-element-719c550e elementor-widget elementor-widget-image\" data-id=\"719c550e\" data-element_type=\"widget\" data-e-type=\"widget\" data-widget_type=\"image.default\">\n\t\t\t\t<div class=\"elementor-widget-container\">\n\t\t\t\t\t\t\t\t\t\t\t\t\t\t\t<img fetchpriority=\"high\" decoding=\"async\" width=\"716\" height=\"700\" src=\"https:\/\/static.neuraxpharm.com\/wp-content\/uploads\/sites\/8\/2023\/03\/27095019\/m-barrero.jpg\" class=\"attachment-full size-full wp-image-28229\" alt=\"\" srcset=\"https:\/\/static.neuraxpharm.com\/wp-content\/uploads\/sites\/8\/2023\/03\/27095019\/m-barrero.jpg 716w, https:\/\/static.neuraxpharm.com\/wp-content\/uploads\/sites\/8\/2023\/03\/27095019\/m-barrero-300x293.jpg 300w, https:\/\/static.neuraxpharm.com\/wp-content\/uploads\/sites\/8\/2023\/03\/27095019\/m-barrero-600x587.jpg 600w\" sizes=\"(max-width: 716px) 100vw, 716px\" \/>\t\t\t\t\t\t\t\t\t\t\t\t\t\t\t<\/div>\n\t\t\t\t<\/div>\n\t\t\t\t<section class=\"elementor-section elementor-inner-section elementor-element elementor-element-1b8d6f53 elementor-section-content-top elementor-section-boxed elementor-section-height-default elementor-section-height-default\" data-id=\"1b8d6f53\" data-element_type=\"section\" data-e-type=\"section\" data-settings=\"{&quot;jet_parallax_layout_list&quot;:[{&quot;_id&quot;:&quot;5f899ce&quot;,&quot;jet_parallax_layout_image&quot;:{&quot;url&quot;:&quot;&quot;,&quot;id&quot;:&quot;&quot;,&quot;size&quot;:&quot;&quot;},&quot;jet_parallax_layout_image_tablet&quot;:{&quot;url&quot;:&quot;&quot;,&quot;id&quot;:&quot;&quot;,&quot;size&quot;:&quot;&quot;},&quot;jet_parallax_layout_image_mobile&quot;:{&quot;url&quot;:&quot;&quot;,&quot;id&quot;:&quot;&quot;,&quot;size&quot;:&quot;&quot;},&quot;jet_parallax_layout_speed&quot;:{&quot;unit&quot;:&quot;%&quot;,&quot;size&quot;:50,&quot;sizes&quot;:[]},&quot;jet_parallax_layout_type&quot;:&quot;scroll&quot;,&quot;jet_parallax_layout_direction&quot;:&quot;1&quot;,&quot;jet_parallax_layout_fx_direction&quot;:null,&quot;jet_parallax_layout_z_index&quot;:&quot;&quot;,&quot;jet_parallax_layout_bg_x&quot;:50,&quot;jet_parallax_layout_bg_x_tablet&quot;:&quot;&quot;,&quot;jet_parallax_layout_bg_x_mobile&quot;:&quot;&quot;,&quot;jet_parallax_layout_bg_y&quot;:50,&quot;jet_parallax_layout_bg_y_tablet&quot;:&quot;&quot;,&quot;jet_parallax_layout_bg_y_mobile&quot;:&quot;&quot;,&quot;jet_parallax_layout_bg_size&quot;:&quot;auto&quot;,&quot;jet_parallax_layout_bg_size_tablet&quot;:&quot;&quot;,&quot;jet_parallax_layout_bg_size_mobile&quot;:&quot;&quot;,&quot;jet_parallax_layout_animation_prop&quot;:&quot;transform&quot;,&quot;jet_parallax_layout_on&quot;:[&quot;desktop&quot;,&quot;tablet&quot;]}]}\">\n\t\t\t\t\t\t<div class=\"elementor-container elementor-column-gap-default\">\n\t\t\t\t\t<div class=\"elementor-column elementor-col-50 elementor-inner-column elementor-element elementor-element-19620236\" data-id=\"19620236\" data-element_type=\"column\" data-e-type=\"column\">\n\t\t\t<div class=\"elementor-widget-wrap elementor-element-populated\">\n\t\t\t\t\t\t<div class=\"elementor-element elementor-element-4c5215dd elementor-view-default elementor-widget elementor-widget-icon\" data-id=\"4c5215dd\" data-element_type=\"widget\" data-e-type=\"widget\" data-widget_type=\"icon.default\">\n\t\t\t\t<div class=\"elementor-widget-container\">\n\t\t\t\t\t\t\t<div class=\"elementor-icon-wrapper\">\n\t\t\t<div class=\"elementor-icon\">\n\t\t\t<i aria-hidden=\"true\" class=\"fab fa-linkedin-in\"><\/i>\t\t\t<\/div>\n\t\t<\/div>\n\t\t\t\t\t\t<\/div>\n\t\t\t\t<\/div>\n\t\t\t\t\t<\/div>\n\t\t<\/div>\n\t\t\t\t<div class=\"elementor-column elementor-col-50 elementor-inner-column elementor-element elementor-element-45b3a28b\" data-id=\"45b3a28b\" data-element_type=\"column\" data-e-type=\"column\">\n\t\t\t<div class=\"elementor-widget-wrap elementor-element-populated\">\n\t\t\t\t\t\t<div class=\"elementor-element elementor-element-7ad21739 elementor-widget elementor-widget-heading\" data-id=\"7ad21739\" data-element_type=\"widget\" data-e-type=\"widget\" data-widget_type=\"heading.default\">\n\t\t\t\t<div class=\"elementor-widget-container\">\n\t\t\t\t\t<p class=\"elementor-heading-title elementor-size-default\"><a href=\"https:\/\/www.linkedin.com\/in\/mbarrero\/\" target=\"_blank\">https:\/\/www.linkedin.com\/in\/mbarrero\/<\/a><\/p>\t\t\t\t<\/div>\n\t\t\t\t<\/div>\n\t\t\t\t\t<\/div>\n\t\t<\/div>\n\t\t\t\t\t<\/div>\n\t\t<\/section>\n\t\t\t\t\t<\/div>\n\t\t<\/div>\n\t\t\t\t<div class=\"elementor-column elementor-col-66 elementor-top-column elementor-element elementor-element-3878aeb7\" data-id=\"3878aeb7\" data-element_type=\"column\" data-e-type=\"column\">\n\t\t\t<div class=\"elementor-widget-wrap elementor-element-populated\">\n\t\t\t\t\t\t<div class=\"elementor-element elementor-element-55e7a66a elementor-widget elementor-widget-jet-breadcrumbs\" data-id=\"55e7a66a\" data-element_type=\"widget\" data-e-type=\"widget\" data-widget_type=\"jet-breadcrumbs.default\">\n\t\t\t\t<div class=\"elementor-widget-container\">\n\t\t\t\t\t<div class=\"elementor-jet-breadcrumbs jet-blocks\">\n\t\t<div class=\"jet-breadcrumbs\">\n\t\t<div class=\"jet-breadcrumbs__content\">\n\t\t<div class=\"jet-breadcrumbs__wrap\"><div class=\"jet-breadcrumbs__item\"><a href=\"https:\/\/www.neuraxpharm.com\/es\/\" class=\"jet-breadcrumbs__item-link is-home\" rel=\"home\" title=\"Neuraxpharm\">Neuraxpharm<\/a><\/div>\n\t\t<\/div>\n\t\t<\/div>\n\t\t<\/div><\/div>\t\t\t\t<\/div>\n\t\t\t\t<\/div>\n\t\t\t\t<div class=\"elementor-element elementor-element-11038778 elementor-widget elementor-widget-heading\" data-id=\"11038778\" data-element_type=\"widget\" data-e-type=\"widget\" data-widget_type=\"heading.default\">\n\t\t\t\t<div class=\"elementor-widget-container\">\n\t\t\t\t\t<h1 class=\"elementor-heading-title elementor-size-default\">Miguel Barrero<\/h1>\t\t\t\t<\/div>\n\t\t\t\t<\/div>\n\t\t\t\t<div class=\"elementor-element elementor-element-700a8139 elementor-widget elementor-widget-text-editor\" data-id=\"700a8139\" data-element_type=\"widget\" data-e-type=\"widget\" data-widget_type=\"text-editor.default\">\n\t\t\t\t<div class=\"elementor-widget-container\">\n\t\t\t\t\t\t\t\t\t<p>Miguel Barrero Dur\u00e1n es Head of Business Development &amp; Innovation y se uni\u00f3 a Neuraxpharm en 2015, donde cre\u00f3 y desarroll\u00f3 los departamentos corporativos de Desarrollo del negocio y Licencias, Gesti\u00f3n de Alianzas y, m\u00e1s recientemente, Proyectos. Miguel tambi\u00e9n dirige el departamento de Propiedad Intelectual.<\/p><p>Miguel cuenta con m\u00e1s de 22 a\u00f1os de experiencia en la industria farmac\u00e9utica, en la que ha ocupado diversos roles en diferentes empresas. Su carrera profesional comenz\u00f3 en el a\u00f1o 2000 en Almirall. En 2005 pas\u00f3 a Merck Serono y en 2008 se uni\u00f3 a Esteve, donde ocup\u00f3 puestos s\u00e9nior de desarrollo farmac\u00e9utico. Esta experiencia le aport\u00f3 un amplio conocimiento t\u00e9cnico y cient\u00edfico.<\/p><p>Antes de unirse a Neuraxpharm, ocup\u00f3 varios cargos s\u00e9nior en \u00e1reas de desarrollo del negocio, como cesi\u00f3n de licencias en Invent Farma y Hetero Europe y desarrollo del negocio y obtenci\u00f3n de licencias a trav\u00e9s de asociaciones estrat\u00e9gicas y desarrollos empresariales.<\/p><p>Miguel es titulado en Farmacia por la Universidad de Barcelona y tiene un MBA por ESADE.<\/p>\t\t\t\t\t\t\t\t<\/div>\n\t\t\t\t<\/div>\n\t\t\t\t\t<\/div>\n\t\t<\/div>\n\t\t\t\t\t<\/div>\n\t\t<\/section>\n\t\t\t\t<section class=\"elementor-section elementor-top-section elementor-element elementor-element-57addcfc elementor-section-boxed elementor-section-height-default elementor-section-height-default\" data-id=\"57addcfc\" data-element_type=\"section\" data-e-type=\"section\" data-settings=\"{&quot;jet_parallax_layout_list&quot;:[{&quot;_id&quot;:&quot;e7d9f21&quot;,&quot;jet_parallax_layout_image&quot;:{&quot;url&quot;:&quot;&quot;,&quot;id&quot;:&quot;&quot;,&quot;size&quot;:&quot;&quot;},&quot;jet_parallax_layout_image_tablet&quot;:{&quot;url&quot;:&quot;&quot;,&quot;id&quot;:&quot;&quot;,&quot;size&quot;:&quot;&quot;},&quot;jet_parallax_layout_image_mobile&quot;:{&quot;url&quot;:&quot;&quot;,&quot;id&quot;:&quot;&quot;,&quot;size&quot;:&quot;&quot;},&quot;jet_parallax_layout_speed&quot;:{&quot;unit&quot;:&quot;%&quot;,&quot;size&quot;:50,&quot;sizes&quot;:[]},&quot;jet_parallax_layout_type&quot;:&quot;scroll&quot;,&quot;jet_parallax_layout_direction&quot;:&quot;1&quot;,&quot;jet_parallax_layout_fx_direction&quot;:null,&quot;jet_parallax_layout_z_index&quot;:&quot;&quot;,&quot;jet_parallax_layout_bg_x&quot;:50,&quot;jet_parallax_layout_bg_x_tablet&quot;:&quot;&quot;,&quot;jet_parallax_layout_bg_x_mobile&quot;:&quot;&quot;,&quot;jet_parallax_layout_bg_y&quot;:50,&quot;jet_parallax_layout_bg_y_tablet&quot;:&quot;&quot;,&quot;jet_parallax_layout_bg_y_mobile&quot;:&quot;&quot;,&quot;jet_parallax_layout_bg_size&quot;:&quot;auto&quot;,&quot;jet_parallax_layout_bg_size_tablet&quot;:&quot;&quot;,&quot;jet_parallax_layout_bg_size_mobile&quot;:&quot;&quot;,&quot;jet_parallax_layout_animation_prop&quot;:&quot;transform&quot;,&quot;jet_parallax_layout_on&quot;:[&quot;desktop&quot;,&quot;tablet&quot;]}]}\">\n\t\t\t\t\t\t<div class=\"elementor-container elementor-column-gap-default\">\n\t\t\t\t\t<div class=\"elementor-column elementor-col-100 elementor-top-column elementor-element elementor-element-2bcd4b26\" data-id=\"2bcd4b26\" data-element_type=\"column\" data-e-type=\"column\">\n\t\t\t<div class=\"elementor-widget-wrap elementor-element-populated\">\n\t\t\t\t\t\t<div class=\"elementor-element elementor-element-68a9bfe2 elementor-widget elementor-widget-spacer\" data-id=\"68a9bfe2\" data-element_type=\"widget\" data-e-type=\"widget\" data-widget_type=\"spacer.default\">\n\t\t\t\t<div class=\"elementor-widget-container\">\n\t\t\t\t\t\t\t<div class=\"elementor-spacer\">\n\t\t\t<div class=\"elementor-spacer-inner\"><\/div>\n\t\t<\/div>\n\t\t\t\t\t\t<\/div>\n\t\t\t\t<\/div>\n\t\t\t\t\t<\/div>\n\t\t<\/div>\n\t\t\t\t\t<\/div>\n\t\t<\/section>\n\t\t\t\t<\/div>\n\t\t","protected":false},"excerpt":{"rendered":"<p>https:\/\/www.linkedin.com\/in\/mbarrero\/ Neuraxpharm Miguel Barrero Miguel Barrero Dur\u00e1n es Head of Business Development &amp; Innovation y se uni\u00f3 a Neuraxpharm en 2015, donde cre\u00f3 y desarroll\u00f3 los departamentos corporativos de Desarrollo del negocio y Licencias, Gesti\u00f3n de Alianzas y, m\u00e1s recientemente, Proyectos. Miguel tambi\u00e9n dirige el departamento de Propiedad Intelectual. Miguel cuenta con m\u00e1s de 22 [&hellip;]<\/p>\n","protected":false},"author":2,"featured_media":0,"parent":1998,"menu_order":0,"comment_status":"closed","ping_status":"closed","template":"elementor_header_footer","meta":{"_acf_changed":false,"footnotes":""},"class_list":["post-27929","page","type-page","status-publish","hentry"],"yoast_head":"<!-- This site is optimized with the Yoast SEO Premium plugin v27.2 (Yoast SEO v27.2) - https:\/\/yoast.com\/product\/yoast-seo-premium-wordpress\/ -->\n<title>MIGUEL BARRERO - Neuraxpharm Espa\u00f1a<\/title>\n<meta name=\"robots\" content=\"index, follow, max-snippet:-1, max-image-preview:large, max-video-preview:-1\" \/>\n<link rel=\"canonical\" href=\"https:\/\/www.neuraxpharm.com\/es\/quienes-somos\/comite-ejecutivo\/miguel-barrero-2\" \/>\n<meta property=\"og:locale\" content=\"es_ES\" \/>\n<meta property=\"og:type\" content=\"article\" \/>\n<meta property=\"og:title\" content=\"MIGUEL BARRERO\" \/>\n<meta property=\"og:description\" content=\"https:\/\/www.linkedin.com\/in\/mbarrero\/ Neuraxpharm Miguel Barrero Miguel Barrero Dur\u00e1n es Head of Business Development &amp; Innovation y se uni\u00f3 a Neuraxpharm en 2015, donde cre\u00f3 y desarroll\u00f3 los departamentos corporativos de Desarrollo del negocio y Licencias, Gesti\u00f3n de Alianzas y, m\u00e1s recientemente, Proyectos. Miguel tambi\u00e9n dirige el departamento de Propiedad Intelectual. Miguel cuenta con m\u00e1s de 22 [&hellip;]\" \/>\n<meta property=\"og:url\" content=\"https:\/\/www.neuraxpharm.com\/es\/quienes-somos\/comite-ejecutivo\/miguel-barrero-2\" \/>\n<meta property=\"og:site_name\" content=\"Neuraxpharm Espa\u00f1a\" \/>\n<meta property=\"article:modified_time\" content=\"2023-03-27T09:53:55+00:00\" \/>\n<meta property=\"og:image\" content=\"https:\/\/www.neuraxpharm.com\/es\/wp-content\/uploads\/sites\/8\/2023\/03\/m-barrero.jpg\" \/>\n<meta name=\"twitter:card\" content=\"summary_large_image\" \/>\n<meta name=\"twitter:label1\" content=\"Tiempo de lectura\" \/>\n\t<meta name=\"twitter:data1\" content=\"1 minuto\" \/>\n<script type=\"application\/ld+json\" class=\"yoast-schema-graph\">{\"@context\":\"https:\/\/schema.org\",\"@graph\":[{\"@type\":\"WebPage\",\"@id\":\"https:\/\/www.neuraxpharm.com\/es\/quienes-somos\/comite-ejecutivo\/miguel-barrero-2\",\"url\":\"https:\/\/www.neuraxpharm.com\/es\/quienes-somos\/comite-ejecutivo\/miguel-barrero-2\",\"name\":\"MIGUEL BARRERO - Neuraxpharm Espa\u00f1a\",\"isPartOf\":{\"@id\":\"https:\/\/www.neuraxpharm.com\/es\/#website\"},\"primaryImageOfPage\":{\"@id\":\"https:\/\/www.neuraxpharm.com\/es\/quienes-somos\/comite-ejecutivo\/miguel-barrero-2#primaryimage\"},\"image\":{\"@id\":\"https:\/\/www.neuraxpharm.com\/es\/quienes-somos\/comite-ejecutivo\/miguel-barrero-2#primaryimage\"},\"thumbnailUrl\":\"https:\/\/www.neuraxpharm.com\/es\/wp-content\/uploads\/sites\/8\/2023\/03\/m-barrero.jpg\",\"datePublished\":\"2023-01-30T16:25:39+00:00\",\"dateModified\":\"2023-03-27T09:53:55+00:00\",\"breadcrumb\":{\"@id\":\"https:\/\/www.neuraxpharm.com\/es\/quienes-somos\/comite-ejecutivo\/miguel-barrero-2#breadcrumb\"},\"inLanguage\":\"es\",\"potentialAction\":[{\"@type\":\"ReadAction\",\"target\":[\"https:\/\/www.neuraxpharm.com\/es\/quienes-somos\/comite-ejecutivo\/miguel-barrero-2\"]}]},{\"@type\":\"ImageObject\",\"inLanguage\":\"es\",\"@id\":\"https:\/\/www.neuraxpharm.com\/es\/quienes-somos\/comite-ejecutivo\/miguel-barrero-2#primaryimage\",\"url\":\"https:\/\/static.neuraxpharm.com\/wp-content\/uploads\/sites\/8\/2023\/03\/27095019\/m-barrero.jpg\",\"contentUrl\":\"https:\/\/static.neuraxpharm.com\/wp-content\/uploads\/sites\/8\/2023\/03\/27095019\/m-barrero.jpg\",\"width\":716,\"height\":700},{\"@type\":\"BreadcrumbList\",\"@id\":\"https:\/\/www.neuraxpharm.com\/es\/quienes-somos\/comite-ejecutivo\/miguel-barrero-2#breadcrumb\",\"itemListElement\":[{\"@type\":\"ListItem\",\"position\":1,\"name\":\"Qui\u00e9nes somos\",\"item\":\"https:\/\/www.neuraxpharm.com\/es\/quienes-somos\"},{\"@type\":\"ListItem\",\"position\":2,\"name\":\"Comit\u00e9 Ejecutivo\",\"item\":\"https:\/\/www.neuraxpharm.com\/es\/quienes-somos\/comite-ejecutivo\"},{\"@type\":\"ListItem\",\"position\":3,\"name\":\"MIGUEL BARRERO\"}]},{\"@type\":\"WebSite\",\"@id\":\"https:\/\/www.neuraxpharm.com\/es\/#website\",\"url\":\"https:\/\/www.neuraxpharm.com\/es\/\",\"name\":\"Neuraxpharm Espa\u00f1a\",\"description\":\"A European Leader for the CNS products\",\"potentialAction\":[{\"@type\":\"SearchAction\",\"target\":{\"@type\":\"EntryPoint\",\"urlTemplate\":\"https:\/\/www.neuraxpharm.com\/es\/?s={search_term_string}\"},\"query-input\":{\"@type\":\"PropertyValueSpecification\",\"valueRequired\":true,\"valueName\":\"search_term_string\"}}],\"inLanguage\":\"es\"}]}<\/script>\n<!-- \/ Yoast SEO Premium plugin. -->","yoast_head_json":{"title":"MIGUEL BARRERO - Neuraxpharm Espa\u00f1a","robots":{"index":"index","follow":"follow","max-snippet":"max-snippet:-1","max-image-preview":"max-image-preview:large","max-video-preview":"max-video-preview:-1"},"canonical":"https:\/\/www.neuraxpharm.com\/es\/quienes-somos\/comite-ejecutivo\/miguel-barrero-2","og_locale":"es_ES","og_type":"article","og_title":"MIGUEL BARRERO","og_description":"https:\/\/www.linkedin.com\/in\/mbarrero\/ Neuraxpharm Miguel Barrero Miguel Barrero Dur\u00e1n es Head of Business Development &amp; Innovation y se uni\u00f3 a Neuraxpharm en 2015, donde cre\u00f3 y desarroll\u00f3 los departamentos corporativos de Desarrollo del negocio y Licencias, Gesti\u00f3n de Alianzas y, m\u00e1s recientemente, Proyectos. Miguel tambi\u00e9n dirige el departamento de Propiedad Intelectual. Miguel cuenta con m\u00e1s de 22 [&hellip;]","og_url":"https:\/\/www.neuraxpharm.com\/es\/quienes-somos\/comite-ejecutivo\/miguel-barrero-2","og_site_name":"Neuraxpharm Espa\u00f1a","article_modified_time":"2023-03-27T09:53:55+00:00","og_image":[{"url":"https:\/\/www.neuraxpharm.com\/es\/wp-content\/uploads\/sites\/8\/2023\/03\/m-barrero.jpg","type":"","width":"","height":""}],"twitter_card":"summary_large_image","twitter_misc":{"Tiempo de lectura":"1 minuto"},"schema":{"@context":"https:\/\/schema.org","@graph":[{"@type":"WebPage","@id":"https:\/\/www.neuraxpharm.com\/es\/quienes-somos\/comite-ejecutivo\/miguel-barrero-2","url":"https:\/\/www.neuraxpharm.com\/es\/quienes-somos\/comite-ejecutivo\/miguel-barrero-2","name":"MIGUEL BARRERO - Neuraxpharm Espa\u00f1a","isPartOf":{"@id":"https:\/\/www.neuraxpharm.com\/es\/#website"},"primaryImageOfPage":{"@id":"https:\/\/www.neuraxpharm.com\/es\/quienes-somos\/comite-ejecutivo\/miguel-barrero-2#primaryimage"},"image":{"@id":"https:\/\/www.neuraxpharm.com\/es\/quienes-somos\/comite-ejecutivo\/miguel-barrero-2#primaryimage"},"thumbnailUrl":"https:\/\/www.neuraxpharm.com\/es\/wp-content\/uploads\/sites\/8\/2023\/03\/m-barrero.jpg","datePublished":"2023-01-30T16:25:39+00:00","dateModified":"2023-03-27T09:53:55+00:00","breadcrumb":{"@id":"https:\/\/www.neuraxpharm.com\/es\/quienes-somos\/comite-ejecutivo\/miguel-barrero-2#breadcrumb"},"inLanguage":"es","potentialAction":[{"@type":"ReadAction","target":["https:\/\/www.neuraxpharm.com\/es\/quienes-somos\/comite-ejecutivo\/miguel-barrero-2"]}]},{"@type":"ImageObject","inLanguage":"es","@id":"https:\/\/www.neuraxpharm.com\/es\/quienes-somos\/comite-ejecutivo\/miguel-barrero-2#primaryimage","url":"https:\/\/static.neuraxpharm.com\/wp-content\/uploads\/sites\/8\/2023\/03\/27095019\/m-barrero.jpg","contentUrl":"https:\/\/static.neuraxpharm.com\/wp-content\/uploads\/sites\/8\/2023\/03\/27095019\/m-barrero.jpg","width":716,"height":700},{"@type":"BreadcrumbList","@id":"https:\/\/www.neuraxpharm.com\/es\/quienes-somos\/comite-ejecutivo\/miguel-barrero-2#breadcrumb","itemListElement":[{"@type":"ListItem","position":1,"name":"Qui\u00e9nes somos","item":"https:\/\/www.neuraxpharm.com\/es\/quienes-somos"},{"@type":"ListItem","position":2,"name":"Comit\u00e9 Ejecutivo","item":"https:\/\/www.neuraxpharm.com\/es\/quienes-somos\/comite-ejecutivo"},{"@type":"ListItem","position":3,"name":"MIGUEL BARRERO"}]},{"@type":"WebSite","@id":"https:\/\/www.neuraxpharm.com\/es\/#website","url":"https:\/\/www.neuraxpharm.com\/es\/","name":"Neuraxpharm Espa\u00f1a","description":"A European Leader for the CNS products","potentialAction":[{"@type":"SearchAction","target":{"@type":"EntryPoint","urlTemplate":"https:\/\/www.neuraxpharm.com\/es\/?s={search_term_string}"},"query-input":{"@type":"PropertyValueSpecification","valueRequired":true,"valueName":"search_term_string"}}],"inLanguage":"es"}]}},"acf":[],"_links":{"self":[{"href":"https:\/\/www.neuraxpharm.com\/es\/wp-json\/wp\/v2\/pages\/27929","targetHints":{"allow":["GET"]}}],"collection":[{"href":"https:\/\/www.neuraxpharm.com\/es\/wp-json\/wp\/v2\/pages"}],"about":[{"href":"https:\/\/www.neuraxpharm.com\/es\/wp-json\/wp\/v2\/types\/page"}],"author":[{"embeddable":true,"href":"https:\/\/www.neuraxpharm.com\/es\/wp-json\/wp\/v2\/users\/2"}],"replies":[{"embeddable":true,"href":"https:\/\/www.neuraxpharm.com\/es\/wp-json\/wp\/v2\/comments?post=27929"}],"version-history":[{"count":10,"href":"https:\/\/www.neuraxpharm.com\/es\/wp-json\/wp\/v2\/pages\/27929\/revisions"}],"predecessor-version":[{"id":28258,"href":"https:\/\/www.neuraxpharm.com\/es\/wp-json\/wp\/v2\/pages\/27929\/revisions\/28258"}],"up":[{"embeddable":true,"href":"https:\/\/www.neuraxpharm.com\/es\/wp-json\/wp\/v2\/pages\/1998"}],"wp:attachment":[{"href":"https:\/\/www.neuraxpharm.com\/es\/wp-json\/wp\/v2\/media?parent=27929"}],"curies":[{"name":"wp","href":"https:\/\/api.w.org\/{rel}","templated":true}]}}