{"id":26167,"date":"2022-03-30T11:11:57","date_gmt":"2022-03-30T11:11:57","guid":{"rendered":"https:\/\/www.neuraxpharm.com\/es\/?page_id=26167"},"modified":"2025-04-30T17:18:49","modified_gmt":"2025-04-30T17:18:49","slug":"epilepsia","status":"publish","type":"page","link":"https:\/\/www.neuraxpharm.com\/es\/private-area\/epilepsia","title":{"rendered":"Epilepsia"},"content":{"rendered":"\t\t<div data-elementor-type=\"wp-page\" data-elementor-id=\"26167\" class=\"elementor elementor-26167\" data-elementor-post-type=\"page\">\n\t\t\t\t\t\t<section class=\"elementor-section elementor-top-section elementor-element elementor-element-37f0c83a elementor-section-boxed elementor-section-height-default elementor-section-height-default\" data-id=\"37f0c83a\" data-element_type=\"section\" data-e-type=\"section\" data-settings=\"{&quot;jet_parallax_layout_list&quot;:[{&quot;_id&quot;:&quot;978421e&quot;,&quot;jet_parallax_layout_image&quot;:{&quot;url&quot;:&quot;&quot;,&quot;id&quot;:&quot;&quot;,&quot;size&quot;:&quot;&quot;},&quot;jet_parallax_layout_image_tablet&quot;:{&quot;url&quot;:&quot;&quot;,&quot;id&quot;:&quot;&quot;,&quot;size&quot;:&quot;&quot;},&quot;jet_parallax_layout_image_mobile&quot;:{&quot;url&quot;:&quot;&quot;,&quot;id&quot;:&quot;&quot;,&quot;size&quot;:&quot;&quot;},&quot;jet_parallax_layout_speed&quot;:{&quot;unit&quot;:&quot;%&quot;,&quot;size&quot;:50,&quot;sizes&quot;:[]},&quot;jet_parallax_layout_type&quot;:&quot;scroll&quot;,&quot;jet_parallax_layout_direction&quot;:&quot;1&quot;,&quot;jet_parallax_layout_fx_direction&quot;:null,&quot;jet_parallax_layout_z_index&quot;:&quot;&quot;,&quot;jet_parallax_layout_bg_x&quot;:50,&quot;jet_parallax_layout_bg_x_tablet&quot;:&quot;&quot;,&quot;jet_parallax_layout_bg_x_mobile&quot;:&quot;&quot;,&quot;jet_parallax_layout_bg_y&quot;:50,&quot;jet_parallax_layout_bg_y_tablet&quot;:&quot;&quot;,&quot;jet_parallax_layout_bg_y_mobile&quot;:&quot;&quot;,&quot;jet_parallax_layout_bg_size&quot;:&quot;auto&quot;,&quot;jet_parallax_layout_bg_size_tablet&quot;:&quot;&quot;,&quot;jet_parallax_layout_bg_size_mobile&quot;:&quot;&quot;,&quot;jet_parallax_layout_animation_prop&quot;:&quot;transform&quot;,&quot;jet_parallax_layout_on&quot;:[&quot;desktop&quot;,&quot;tablet&quot;]}]}\">\n\t\t\t\t\t\t<div class=\"elementor-container elementor-column-gap-default\">\n\t\t\t\t\t<div class=\"elementor-column elementor-col-100 elementor-top-column elementor-element elementor-element-40638106\" data-id=\"40638106\" data-element_type=\"column\" data-e-type=\"column\">\n\t\t\t<div class=\"elementor-widget-wrap elementor-element-populated\">\n\t\t\t\t\t\t<div class=\"elementor-element elementor-element-6fcf89ac elementor-widget elementor-widget-jet-breadcrumbs\" data-id=\"6fcf89ac\" data-element_type=\"widget\" data-e-type=\"widget\" data-widget_type=\"jet-breadcrumbs.default\">\n\t\t\t\t<div class=\"elementor-widget-container\">\n\t\t\t\t\t<div class=\"elementor-jet-breadcrumbs jet-blocks\">\n\t\t<div class=\"jet-breadcrumbs\">\n\t\t<div class=\"jet-breadcrumbs__content\">\n\t\t<div class=\"jet-breadcrumbs__wrap\"><div class=\"jet-breadcrumbs__item\"><a href=\"https:\/\/www.neuraxpharm.com\/es\/\" class=\"jet-breadcrumbs__item-link is-home\" rel=\"home\" title=\"Neuraxpharm\">Neuraxpharm <\/a><\/div>\n\t\t<\/div>\n\t\t<\/div>\n\t\t<\/div><\/div>\t\t\t\t<\/div>\n\t\t\t\t<\/div>\n\t\t\t\t\t<\/div>\n\t\t<\/div>\n\t\t\t\t\t<\/div>\n\t\t<\/section>\n\t\t\t\t<section class=\"elementor-section elementor-top-section elementor-element elementor-element-35c40cb1 jedv-enabled--yes elementor-section-boxed elementor-section-height-default elementor-section-height-default\" data-id=\"35c40cb1\" data-element_type=\"section\" data-e-type=\"section\" data-settings=\"{&quot;jet_parallax_layout_list&quot;:[{&quot;_id&quot;:&quot;f5910cc&quot;,&quot;jet_parallax_layout_image&quot;:{&quot;url&quot;:&quot;&quot;,&quot;id&quot;:&quot;&quot;,&quot;size&quot;:&quot;&quot;},&quot;jet_parallax_layout_image_tablet&quot;:{&quot;url&quot;:&quot;&quot;,&quot;id&quot;:&quot;&quot;,&quot;size&quot;:&quot;&quot;},&quot;jet_parallax_layout_image_mobile&quot;:{&quot;url&quot;:&quot;&quot;,&quot;id&quot;:&quot;&quot;,&quot;size&quot;:&quot;&quot;},&quot;jet_parallax_layout_speed&quot;:{&quot;unit&quot;:&quot;%&quot;,&quot;size&quot;:50,&quot;sizes&quot;:[]},&quot;jet_parallax_layout_type&quot;:&quot;scroll&quot;,&quot;jet_parallax_layout_direction&quot;:&quot;1&quot;,&quot;jet_parallax_layout_fx_direction&quot;:null,&quot;jet_parallax_layout_z_index&quot;:&quot;&quot;,&quot;jet_parallax_layout_bg_x&quot;:50,&quot;jet_parallax_layout_bg_x_tablet&quot;:&quot;&quot;,&quot;jet_parallax_layout_bg_x_mobile&quot;:&quot;&quot;,&quot;jet_parallax_layout_bg_y&quot;:50,&quot;jet_parallax_layout_bg_y_tablet&quot;:&quot;&quot;,&quot;jet_parallax_layout_bg_y_mobile&quot;:&quot;&quot;,&quot;jet_parallax_layout_bg_size&quot;:&quot;auto&quot;,&quot;jet_parallax_layout_bg_size_tablet&quot;:&quot;&quot;,&quot;jet_parallax_layout_bg_size_mobile&quot;:&quot;&quot;,&quot;jet_parallax_layout_animation_prop&quot;:&quot;transform&quot;,&quot;jet_parallax_layout_on&quot;:[&quot;desktop&quot;,&quot;tablet&quot;]}]}\">\n\t\t\t\t\t\t<div class=\"elementor-container elementor-column-gap-default\">\n\t\t\t\t\t<div class=\"elementor-column elementor-col-100 elementor-top-column elementor-element elementor-element-7c6932b5\" data-id=\"7c6932b5\" data-element_type=\"column\" data-e-type=\"column\">\n\t\t\t<div class=\"elementor-widget-wrap elementor-element-populated\">\n\t\t\t\t\t\t<section class=\"elementor-section elementor-inner-section elementor-element elementor-element-37902c47 jedv-enabled--yes elementor-section-boxed elementor-section-height-default elementor-section-height-default\" data-id=\"37902c47\" data-element_type=\"section\" data-e-type=\"section\" data-settings=\"{&quot;jet_parallax_layout_list&quot;:[{&quot;_id&quot;:&quot;a916e5a&quot;,&quot;jet_parallax_layout_image&quot;:{&quot;url&quot;:&quot;&quot;,&quot;id&quot;:&quot;&quot;,&quot;size&quot;:&quot;&quot;},&quot;jet_parallax_layout_image_tablet&quot;:{&quot;url&quot;:&quot;&quot;,&quot;id&quot;:&quot;&quot;,&quot;size&quot;:&quot;&quot;},&quot;jet_parallax_layout_image_mobile&quot;:{&quot;url&quot;:&quot;&quot;,&quot;id&quot;:&quot;&quot;,&quot;size&quot;:&quot;&quot;},&quot;jet_parallax_layout_speed&quot;:{&quot;unit&quot;:&quot;%&quot;,&quot;size&quot;:50,&quot;sizes&quot;:[]},&quot;jet_parallax_layout_type&quot;:&quot;scroll&quot;,&quot;jet_parallax_layout_direction&quot;:&quot;1&quot;,&quot;jet_parallax_layout_fx_direction&quot;:null,&quot;jet_parallax_layout_z_index&quot;:&quot;&quot;,&quot;jet_parallax_layout_bg_x&quot;:50,&quot;jet_parallax_layout_bg_x_tablet&quot;:&quot;&quot;,&quot;jet_parallax_layout_bg_x_mobile&quot;:&quot;&quot;,&quot;jet_parallax_layout_bg_y&quot;:50,&quot;jet_parallax_layout_bg_y_tablet&quot;:&quot;&quot;,&quot;jet_parallax_layout_bg_y_mobile&quot;:&quot;&quot;,&quot;jet_parallax_layout_bg_size&quot;:&quot;auto&quot;,&quot;jet_parallax_layout_bg_size_tablet&quot;:&quot;&quot;,&quot;jet_parallax_layout_bg_size_mobile&quot;:&quot;&quot;,&quot;jet_parallax_layout_animation_prop&quot;:&quot;transform&quot;,&quot;jet_parallax_layout_on&quot;:[&quot;desktop&quot;,&quot;tablet&quot;]}]}\">\n\t\t\t\t\t\t<div class=\"elementor-container elementor-column-gap-default\">\n\t\t\t\t\t<div class=\"elementor-column elementor-col-33 elementor-inner-column elementor-element elementor-element-d257860\" data-id=\"d257860\" data-element_type=\"column\" data-e-type=\"column\">\n\t\t\t<div class=\"elementor-widget-wrap\">\n\t\t\t\t\t\t\t<\/div>\n\t\t<\/div>\n\t\t\t\t<div class=\"elementor-column elementor-col-33 elementor-inner-column elementor-element elementor-element-34a47143\" data-id=\"34a47143\" data-element_type=\"column\" data-e-type=\"column\">\n\t\t\t<div class=\"elementor-widget-wrap elementor-element-populated\">\n\t\t\t\t\t\t<div class=\"elementor-element elementor-element-7adf884c elementor-widget elementor-widget-heading\" data-id=\"7adf884c\" data-element_type=\"widget\" data-e-type=\"widget\" data-widget_type=\"heading.default\">\n\t\t\t\t<div class=\"elementor-widget-container\">\n\t\t\t\t\t<h3 class=\"elementor-heading-title elementor-size-default\">Bienvenido<\/h3>\t\t\t\t<\/div>\n\t\t\t\t<\/div>\n\t\t\t\t<div class=\"elementor-element elementor-element-27022a69 elementor-widget elementor-widget-heading\" data-id=\"27022a69\" data-element_type=\"widget\" data-e-type=\"widget\" data-widget_type=\"heading.default\">\n\t\t\t\t<div class=\"elementor-widget-container\">\n\t\t\t\t\t<p class=\"elementor-heading-title elementor-size-default\">Para acceder a esta informaci\u00f3n, debe utilizar sus credenciales.<\/p>\t\t\t\t<\/div>\n\t\t\t\t<\/div>\n\t\t\t\t<div class=\"elementor-element elementor-element-31bee23a elementor-button-align-stretch selectores elementor-widget elementor-widget-login\" data-id=\"31bee23a\" data-element_type=\"widget\" data-e-type=\"widget\" data-widget_type=\"login.default\">\n\t\t\t\t<div class=\"elementor-widget-container\">\n\t\t\t\t\t\t\t<form class=\"elementor-login elementor-form\" method=\"post\" action=\"https:\/\/www.neuraxpharm.com\/es\/panel-admin\/\" aria-label=\"Fromulario de login\">\n\t\t\t<input type=\"hidden\" name=\"redirect_to\" value=\"\/es\/wp-json\/wp\/v2\/pages\/26167\">\n\t\t\t<div class=\"elementor-form-fields-wrapper\">\n\t\t\t\t<div class=\"elementor-field-type-text elementor-field-group elementor-column elementor-col-100 elementor-field-required\">\n\t\t\t\t\t<label for=\"user-31bee23a\" class=\"elementor-field-label\">Email<\/label>\n\t\t\t\t\t<input size=\"1\" type=\"text\" name=\"log\" id=\"user-31bee23a\" placeholder=\"\" class=\"elementor-field elementor-field-textual elementor-size-md\">\n\t\t\t\t<\/div>\n\t\t\t\t<div class=\"elementor-field-type-text elementor-field-group elementor-column elementor-col-100 elementor-field-required\">\n\t\t\t\t\t<label for=\"password-31bee23a\" class=\"elementor-field-label\">Password<\/label>\n\t\t\t\t\t<input size=\"1\" type=\"password\" name=\"pwd\" id=\"password-31bee23a\" placeholder=\"\" class=\"elementor-field elementor-field-textual elementor-size-md\">\n\t\t\t\t<\/div>\n\n\t\t\t\t\t\t\t\t\t<div class=\"elementor-field-type-checkbox elementor-field-group elementor-column elementor-col-100 elementor-remember-me\">\n\t\t\t\t\t\t<label for=\"elementor-login-remember-me\">\n\t\t\t\t\t\t\t<input type=\"checkbox\" id=\"elementor-login-remember-me\" name=\"rememberme\" value=\"forever\">\n\t\t\t\t\t\t\tRecu\u00e9rdame\t\t\t\t\t\t<\/label>\n\t\t\t\t\t<\/div>\n\t\t\t\t\n\t\t\t\t<div class=\"elementor-field-group elementor-column elementor-field-type-submit elementor-col-100\">\n\t\t\t\t\t<button type=\"submit\" class=\"elementor-size-sm elementor-button\" name=\"wp-submit\">\n\t\t\t\t\t\t\t\t\t\t\t\t\t\t\t<span class=\"elementor-button-text\">Acceder<\/span>\n\t\t\t\t\t\t\t\t\t\t\t\t<\/button>\n\t\t\t\t<\/div>\n\n\t\t\t\t\t\t\t<\/div>\n\t\t<\/form>\n\t\t\t\t\t\t<\/div>\n\t\t\t\t<\/div>\n\t\t\t\t<div class=\"elementor-element elementor-element-6a28ea02 elementor-widget elementor-widget-heading\" data-id=\"6a28ea02\" data-element_type=\"widget\" data-e-type=\"widget\" data-widget_type=\"heading.default\">\n\t\t\t\t<div class=\"elementor-widget-container\">\n\t\t\t\t\t<p class=\"elementor-heading-title elementor-size-default\"><a href=\"\/es\/my-account\/lost-password\">\u00bfOlvidaste tu contrase\u00f1a?<\/a><\/p>\t\t\t\t<\/div>\n\t\t\t\t<\/div>\n\t\t\t\t<div class=\"elementor-element elementor-element-733b9a48 jedv-enabled--yes elementor-widget elementor-widget-text-editor\" data-id=\"733b9a48\" data-element_type=\"widget\" data-e-type=\"widget\" data-widget_type=\"text-editor.default\">\n\t\t\t\t<div class=\"elementor-widget-container\">\n\t\t\t\t\t\t\t\t\t<p style=\"text-align: center;\">\u00bfNo tienes cuenta? <a href=\"https:\/\/www.neuraxpharm.com\/essignup\">Reg\u00edstrate<\/a><\/p>\t\t\t\t\t\t\t\t<\/div>\n\t\t\t\t<\/div>\n\t\t\t\t\t<\/div>\n\t\t<\/div>\n\t\t\t\t<div class=\"elementor-column elementor-col-33 elementor-inner-column elementor-element elementor-element-345df3c1\" data-id=\"345df3c1\" data-element_type=\"column\" data-e-type=\"column\">\n\t\t\t<div class=\"elementor-widget-wrap\">\n\t\t\t\t\t\t\t<\/div>\n\t\t<\/div>\n\t\t\t\t\t<\/div>\n\t\t<\/section>\n\t\t\t\t\t<\/div>\n\t\t<\/div>\n\t\t\t\t\t<\/div>\n\t\t<\/section>\n\t\t\t\t<\/div>\n\t\t","protected":false},"excerpt":{"rendered":"<p>Epilepsia Neuraxpharm Nuestra soluci\u00f3n para el manejo de la epilepsia Recursos para pacientes y profesionales de la salud Contacta Nuestra soluci\u00f3n para el manejo de la epilepsia Descubre LepsiApp, la primera aplicaci\u00f3n de prescripci\u00f3n m\u00e9dica para mejorar la gesti\u00f3n de la epilepsia M\u00e1s informaci\u00f3n Portfolio Conozca todo nuestro portafolio de epilepsia. Si tiene m\u00e1s preguntas, [&hellip;]<\/p>\n","protected":false},"author":1,"featured_media":0,"parent":26158,"menu_order":0,"comment_status":"closed","ping_status":"closed","template":"","meta":{"_acf_changed":false,"footnotes":""},"class_list":["post-26167","page","type-page","status-publish","hentry"],"yoast_head":"<!-- This site is optimized with the Yoast SEO Premium plugin v27.2 (Yoast SEO v27.5) - https:\/\/yoast.com\/product\/yoast-seo-premium-wordpress\/ -->\n<title>Epilepsia - Neuraxpharm Espa\u00f1a<\/title>\n<meta name=\"robots\" content=\"index, follow, max-snippet:-1, max-image-preview:large, max-video-preview:-1\" \/>\n<link rel=\"canonical\" href=\"https:\/\/www.neuraxpharm.com\/es\/private-area\/epilepsia\" \/>\n<meta property=\"og:locale\" content=\"es_ES\" \/>\n<meta property=\"og:type\" content=\"article\" \/>\n<meta property=\"og:title\" content=\"Epilepsia\" \/>\n<meta property=\"og:description\" content=\"Epilepsia Neuraxpharm Nuestra soluci\u00f3n para el manejo de la epilepsia Recursos para pacientes y profesionales de la salud Contacta Nuestra soluci\u00f3n para el manejo de la epilepsia Descubre LepsiApp, la primera aplicaci\u00f3n de prescripci\u00f3n m\u00e9dica para mejorar la gesti\u00f3n de la epilepsia M\u00e1s informaci\u00f3n Portfolio Conozca todo nuestro portafolio de epilepsia. Si tiene m\u00e1s preguntas, [&hellip;]\" \/>\n<meta property=\"og:url\" content=\"https:\/\/www.neuraxpharm.com\/es\/private-area\/epilepsia\" \/>\n<meta property=\"og:site_name\" content=\"Neuraxpharm Espa\u00f1a\" \/>\n<meta property=\"article:modified_time\" content=\"2025-04-30T17:18:49+00:00\" \/>\n<meta property=\"og:image\" content=\"https:\/\/www.neuraxpharm.com\/es\/wp-content\/uploads\/sites\/8\/2022\/03\/lepsiapp-logo-2-1.png\" \/>\n<meta name=\"twitter:card\" content=\"summary_large_image\" \/>\n<meta name=\"twitter:label1\" content=\"Tiempo de lectura\" \/>\n\t<meta name=\"twitter:data1\" content=\"35 minutos\" \/>\n<script type=\"application\/ld+json\" class=\"yoast-schema-graph\">{\"@context\":\"https:\\\/\\\/schema.org\",\"@graph\":[{\"@type\":\"WebPage\",\"@id\":\"https:\\\/\\\/www.neuraxpharm.com\\\/es\\\/private-area\\\/epilepsia\",\"url\":\"https:\\\/\\\/www.neuraxpharm.com\\\/es\\\/private-area\\\/epilepsia\",\"name\":\"Epilepsia - Neuraxpharm Espa\u00f1a\",\"isPartOf\":{\"@id\":\"https:\\\/\\\/www.neuraxpharm.com\\\/es\\\/#website\"},\"primaryImageOfPage\":{\"@id\":\"https:\\\/\\\/www.neuraxpharm.com\\\/es\\\/private-area\\\/epilepsia#primaryimage\"},\"image\":{\"@id\":\"https:\\\/\\\/www.neuraxpharm.com\\\/es\\\/private-area\\\/epilepsia#primaryimage\"},\"thumbnailUrl\":\"https:\\\/\\\/www.neuraxpharm.com\\\/es\\\/wp-content\\\/uploads\\\/sites\\\/8\\\/2022\\\/03\\\/lepsiapp-logo-2-1.png\",\"datePublished\":\"2022-03-30T11:11:57+00:00\",\"dateModified\":\"2025-04-30T17:18:49+00:00\",\"breadcrumb\":{\"@id\":\"https:\\\/\\\/www.neuraxpharm.com\\\/es\\\/private-area\\\/epilepsia#breadcrumb\"},\"inLanguage\":\"es\",\"potentialAction\":[{\"@type\":\"ReadAction\",\"target\":[\"https:\\\/\\\/www.neuraxpharm.com\\\/es\\\/private-area\\\/epilepsia\"]}]},{\"@type\":\"ImageObject\",\"inLanguage\":\"es\",\"@id\":\"https:\\\/\\\/www.neuraxpharm.com\\\/es\\\/private-area\\\/epilepsia#primaryimage\",\"url\":\"https:\\\/\\\/static.neuraxpharm.com\\\/wp-content\\\/uploads\\\/sites\\\/8\\\/2022\\\/03\\\/30111757\\\/lepsiapp-logo-2-1.png\",\"contentUrl\":\"https:\\\/\\\/static.neuraxpharm.com\\\/wp-content\\\/uploads\\\/sites\\\/8\\\/2022\\\/03\\\/30111757\\\/lepsiapp-logo-2-1.png\",\"width\":122,\"height\":34},{\"@type\":\"BreadcrumbList\",\"@id\":\"https:\\\/\\\/www.neuraxpharm.com\\\/es\\\/private-area\\\/epilepsia#breadcrumb\",\"itemListElement\":[{\"@type\":\"ListItem\",\"position\":1,\"name\":\"Private area\",\"item\":\"https:\\\/\\\/www.neuraxpharm.com\\\/es\\\/private-area\"},{\"@type\":\"ListItem\",\"position\":2,\"name\":\"Epilepsia\"}]},{\"@type\":\"WebSite\",\"@id\":\"https:\\\/\\\/www.neuraxpharm.com\\\/es\\\/#website\",\"url\":\"https:\\\/\\\/www.neuraxpharm.com\\\/es\\\/\",\"name\":\"Neuraxpharm Espa\u00f1a\",\"description\":\"A European Leader for the CNS products\",\"potentialAction\":[{\"@type\":\"SearchAction\",\"target\":{\"@type\":\"EntryPoint\",\"urlTemplate\":\"https:\\\/\\\/www.neuraxpharm.com\\\/es\\\/?s={search_term_string}\"},\"query-input\":{\"@type\":\"PropertyValueSpecification\",\"valueRequired\":true,\"valueName\":\"search_term_string\"}}],\"inLanguage\":\"es\"}]}<\/script>\n<!-- \/ Yoast SEO Premium plugin. -->","yoast_head_json":{"title":"Epilepsia - Neuraxpharm Espa\u00f1a","robots":{"index":"index","follow":"follow","max-snippet":"max-snippet:-1","max-image-preview":"max-image-preview:large","max-video-preview":"max-video-preview:-1"},"canonical":"https:\/\/www.neuraxpharm.com\/es\/private-area\/epilepsia","og_locale":"es_ES","og_type":"article","og_title":"Epilepsia","og_description":"Epilepsia Neuraxpharm Nuestra soluci\u00f3n para el manejo de la epilepsia Recursos para pacientes y profesionales de la salud Contacta Nuestra soluci\u00f3n para el manejo de la epilepsia Descubre LepsiApp, la primera aplicaci\u00f3n de prescripci\u00f3n m\u00e9dica para mejorar la gesti\u00f3n de la epilepsia M\u00e1s informaci\u00f3n Portfolio Conozca todo nuestro portafolio de epilepsia. Si tiene m\u00e1s preguntas, [&hellip;]","og_url":"https:\/\/www.neuraxpharm.com\/es\/private-area\/epilepsia","og_site_name":"Neuraxpharm Espa\u00f1a","article_modified_time":"2025-04-30T17:18:49+00:00","og_image":[{"url":"https:\/\/www.neuraxpharm.com\/es\/wp-content\/uploads\/sites\/8\/2022\/03\/lepsiapp-logo-2-1.png","type":"","width":"","height":""}],"twitter_card":"summary_large_image","twitter_misc":{"Tiempo de lectura":"35 minutos"},"schema":{"@context":"https:\/\/schema.org","@graph":[{"@type":"WebPage","@id":"https:\/\/www.neuraxpharm.com\/es\/private-area\/epilepsia","url":"https:\/\/www.neuraxpharm.com\/es\/private-area\/epilepsia","name":"Epilepsia - Neuraxpharm Espa\u00f1a","isPartOf":{"@id":"https:\/\/www.neuraxpharm.com\/es\/#website"},"primaryImageOfPage":{"@id":"https:\/\/www.neuraxpharm.com\/es\/private-area\/epilepsia#primaryimage"},"image":{"@id":"https:\/\/www.neuraxpharm.com\/es\/private-area\/epilepsia#primaryimage"},"thumbnailUrl":"https:\/\/www.neuraxpharm.com\/es\/wp-content\/uploads\/sites\/8\/2022\/03\/lepsiapp-logo-2-1.png","datePublished":"2022-03-30T11:11:57+00:00","dateModified":"2025-04-30T17:18:49+00:00","breadcrumb":{"@id":"https:\/\/www.neuraxpharm.com\/es\/private-area\/epilepsia#breadcrumb"},"inLanguage":"es","potentialAction":[{"@type":"ReadAction","target":["https:\/\/www.neuraxpharm.com\/es\/private-area\/epilepsia"]}]},{"@type":"ImageObject","inLanguage":"es","@id":"https:\/\/www.neuraxpharm.com\/es\/private-area\/epilepsia#primaryimage","url":"https:\/\/static.neuraxpharm.com\/wp-content\/uploads\/sites\/8\/2022\/03\/30111757\/lepsiapp-logo-2-1.png","contentUrl":"https:\/\/static.neuraxpharm.com\/wp-content\/uploads\/sites\/8\/2022\/03\/30111757\/lepsiapp-logo-2-1.png","width":122,"height":34},{"@type":"BreadcrumbList","@id":"https:\/\/www.neuraxpharm.com\/es\/private-area\/epilepsia#breadcrumb","itemListElement":[{"@type":"ListItem","position":1,"name":"Private area","item":"https:\/\/www.neuraxpharm.com\/es\/private-area"},{"@type":"ListItem","position":2,"name":"Epilepsia"}]},{"@type":"WebSite","@id":"https:\/\/www.neuraxpharm.com\/es\/#website","url":"https:\/\/www.neuraxpharm.com\/es\/","name":"Neuraxpharm Espa\u00f1a","description":"A European Leader for the CNS products","potentialAction":[{"@type":"SearchAction","target":{"@type":"EntryPoint","urlTemplate":"https:\/\/www.neuraxpharm.com\/es\/?s={search_term_string}"},"query-input":{"@type":"PropertyValueSpecification","valueRequired":true,"valueName":"search_term_string"}}],"inLanguage":"es"}]}},"acf":[],"_links":{"self":[{"href":"https:\/\/www.neuraxpharm.com\/es\/wp-json\/wp\/v2\/pages\/26167","targetHints":{"allow":["GET"]}}],"collection":[{"href":"https:\/\/www.neuraxpharm.com\/es\/wp-json\/wp\/v2\/pages"}],"about":[{"href":"https:\/\/www.neuraxpharm.com\/es\/wp-json\/wp\/v2\/types\/page"}],"author":[{"embeddable":true,"href":"https:\/\/www.neuraxpharm.com\/es\/wp-json\/wp\/v2\/users\/1"}],"replies":[{"embeddable":true,"href":"https:\/\/www.neuraxpharm.com\/es\/wp-json\/wp\/v2\/comments?post=26167"}],"version-history":[{"count":40,"href":"https:\/\/www.neuraxpharm.com\/es\/wp-json\/wp\/v2\/pages\/26167\/revisions"}],"predecessor-version":[{"id":29750,"href":"https:\/\/www.neuraxpharm.com\/es\/wp-json\/wp\/v2\/pages\/26167\/revisions\/29750"}],"up":[{"embeddable":true,"href":"https:\/\/www.neuraxpharm.com\/es\/wp-json\/wp\/v2\/pages\/26158"}],"wp:attachment":[{"href":"https:\/\/www.neuraxpharm.com\/es\/wp-json\/wp\/v2\/media?parent=26167"}],"curies":[{"name":"wp","href":"https:\/\/api.w.org\/{rel}","templated":true}]}}