{"id":16039,"date":"2021-04-13T09:19:02","date_gmt":"2021-04-13T09:19:02","guid":{"rendered":"https:\/\/www.neuraxpharm.com\/v2\/?page_id=16039"},"modified":"2023-03-27T09:54:00","modified_gmt":"2023-03-27T09:54:00","slug":"ana-apezteguia","status":"publish","type":"page","link":"https:\/\/www.neuraxpharm.com\/es\/quienes-somos\/comite-ejecutivo\/ana-apezteguia","title":{"rendered":"ANA APEZTEGUIA"},"content":{"rendered":"\t\t<div data-elementor-type=\"wp-page\" data-elementor-id=\"16039\" class=\"elementor elementor-16039\" data-elementor-post-type=\"page\">\n\t\t\t\t\t\t<section class=\"elementor-section elementor-top-section elementor-element elementor-element-7f808905 elementor-section-boxed elementor-section-height-default elementor-section-height-default\" data-id=\"7f808905\" data-element_type=\"section\" data-e-type=\"section\" data-settings=\"{&quot;jet_parallax_layout_list&quot;:[{&quot;jet_parallax_layout_image&quot;:{&quot;url&quot;:&quot;&quot;,&quot;id&quot;:&quot;&quot;,&quot;size&quot;:&quot;&quot;},&quot;_id&quot;:&quot;f02b98c&quot;,&quot;jet_parallax_layout_image_tablet&quot;:{&quot;url&quot;:&quot;&quot;,&quot;id&quot;:&quot;&quot;,&quot;size&quot;:&quot;&quot;},&quot;jet_parallax_layout_image_mobile&quot;:{&quot;url&quot;:&quot;&quot;,&quot;id&quot;:&quot;&quot;,&quot;size&quot;:&quot;&quot;},&quot;jet_parallax_layout_speed&quot;:{&quot;unit&quot;:&quot;%&quot;,&quot;size&quot;:50,&quot;sizes&quot;:[]},&quot;jet_parallax_layout_type&quot;:&quot;scroll&quot;,&quot;jet_parallax_layout_direction&quot;:&quot;1&quot;,&quot;jet_parallax_layout_fx_direction&quot;:null,&quot;jet_parallax_layout_z_index&quot;:&quot;&quot;,&quot;jet_parallax_layout_bg_x&quot;:50,&quot;jet_parallax_layout_bg_x_tablet&quot;:&quot;&quot;,&quot;jet_parallax_layout_bg_x_mobile&quot;:&quot;&quot;,&quot;jet_parallax_layout_bg_y&quot;:50,&quot;jet_parallax_layout_bg_y_tablet&quot;:&quot;&quot;,&quot;jet_parallax_layout_bg_y_mobile&quot;:&quot;&quot;,&quot;jet_parallax_layout_bg_size&quot;:&quot;auto&quot;,&quot;jet_parallax_layout_bg_size_tablet&quot;:&quot;&quot;,&quot;jet_parallax_layout_bg_size_mobile&quot;:&quot;&quot;,&quot;jet_parallax_layout_animation_prop&quot;:&quot;transform&quot;,&quot;jet_parallax_layout_on&quot;:[&quot;desktop&quot;,&quot;tablet&quot;]}]}\">\n\t\t\t\t\t\t<div class=\"elementor-container elementor-column-gap-default\">\n\t\t\t\t\t<div class=\"elementor-column elementor-col-33 elementor-top-column elementor-element elementor-element-3d70389b\" data-id=\"3d70389b\" data-element_type=\"column\" data-e-type=\"column\">\n\t\t\t<div class=\"elementor-widget-wrap elementor-element-populated\">\n\t\t\t\t\t\t<div class=\"elementor-element elementor-element-75ad8cba elementor-widget elementor-widget-image\" data-id=\"75ad8cba\" data-element_type=\"widget\" data-e-type=\"widget\" data-widget_type=\"image.default\">\n\t\t\t\t<div class=\"elementor-widget-container\">\n\t\t\t\t\t\t\t\t\t\t\t\t\t\t\t<img fetchpriority=\"high\" decoding=\"async\" width=\"716\" height=\"700\" src=\"https:\/\/static.neuraxpharm.com\/wp-content\/uploads\/sites\/8\/2023\/03\/27095000\/ana-apezteguia.jpg\" class=\"attachment-large size-large wp-image-28222\" alt=\"\" srcset=\"https:\/\/static.neuraxpharm.com\/wp-content\/uploads\/sites\/8\/2023\/03\/27095000\/ana-apezteguia.jpg 716w, https:\/\/static.neuraxpharm.com\/wp-content\/uploads\/sites\/8\/2023\/03\/27095000\/ana-apezteguia-300x293.jpg 300w, https:\/\/static.neuraxpharm.com\/wp-content\/uploads\/sites\/8\/2023\/03\/27095000\/ana-apezteguia-600x587.jpg 600w\" sizes=\"(max-width: 716px) 100vw, 716px\" \/>\t\t\t\t\t\t\t\t\t\t\t\t\t\t\t<\/div>\n\t\t\t\t<\/div>\n\t\t\t\t<section class=\"elementor-section elementor-inner-section elementor-element elementor-element-74b8bffa elementor-section-content-top elementor-section-boxed elementor-section-height-default elementor-section-height-default\" data-id=\"74b8bffa\" data-element_type=\"section\" data-e-type=\"section\" data-settings=\"{&quot;jet_parallax_layout_list&quot;:[{&quot;jet_parallax_layout_image&quot;:{&quot;url&quot;:&quot;&quot;,&quot;id&quot;:&quot;&quot;,&quot;size&quot;:&quot;&quot;},&quot;_id&quot;:&quot;5f899ce&quot;,&quot;jet_parallax_layout_image_tablet&quot;:{&quot;url&quot;:&quot;&quot;,&quot;id&quot;:&quot;&quot;,&quot;size&quot;:&quot;&quot;},&quot;jet_parallax_layout_image_mobile&quot;:{&quot;url&quot;:&quot;&quot;,&quot;id&quot;:&quot;&quot;,&quot;size&quot;:&quot;&quot;},&quot;jet_parallax_layout_speed&quot;:{&quot;unit&quot;:&quot;%&quot;,&quot;size&quot;:50,&quot;sizes&quot;:[]},&quot;jet_parallax_layout_type&quot;:&quot;scroll&quot;,&quot;jet_parallax_layout_direction&quot;:&quot;1&quot;,&quot;jet_parallax_layout_fx_direction&quot;:null,&quot;jet_parallax_layout_z_index&quot;:&quot;&quot;,&quot;jet_parallax_layout_bg_x&quot;:50,&quot;jet_parallax_layout_bg_x_tablet&quot;:&quot;&quot;,&quot;jet_parallax_layout_bg_x_mobile&quot;:&quot;&quot;,&quot;jet_parallax_layout_bg_y&quot;:50,&quot;jet_parallax_layout_bg_y_tablet&quot;:&quot;&quot;,&quot;jet_parallax_layout_bg_y_mobile&quot;:&quot;&quot;,&quot;jet_parallax_layout_bg_size&quot;:&quot;auto&quot;,&quot;jet_parallax_layout_bg_size_tablet&quot;:&quot;&quot;,&quot;jet_parallax_layout_bg_size_mobile&quot;:&quot;&quot;,&quot;jet_parallax_layout_animation_prop&quot;:&quot;transform&quot;,&quot;jet_parallax_layout_on&quot;:[&quot;desktop&quot;,&quot;tablet&quot;]}]}\">\n\t\t\t\t\t\t<div class=\"elementor-container elementor-column-gap-default\">\n\t\t\t\t\t<div class=\"elementor-column elementor-col-50 elementor-inner-column elementor-element elementor-element-60646bf2\" data-id=\"60646bf2\" data-element_type=\"column\" data-e-type=\"column\">\n\t\t\t<div class=\"elementor-widget-wrap elementor-element-populated\">\n\t\t\t\t\t\t<div class=\"elementor-element elementor-element-15700adb elementor-view-default elementor-widget elementor-widget-icon\" data-id=\"15700adb\" data-element_type=\"widget\" data-e-type=\"widget\" data-widget_type=\"icon.default\">\n\t\t\t\t<div class=\"elementor-widget-container\">\n\t\t\t\t\t\t\t<div class=\"elementor-icon-wrapper\">\n\t\t\t<div class=\"elementor-icon\">\n\t\t\t<i aria-hidden=\"true\" class=\"fab fa-linkedin-in\"><\/i>\t\t\t<\/div>\n\t\t<\/div>\n\t\t\t\t\t\t<\/div>\n\t\t\t\t<\/div>\n\t\t\t\t\t<\/div>\n\t\t<\/div>\n\t\t\t\t<div class=\"elementor-column elementor-col-50 elementor-inner-column elementor-element elementor-element-15490b\" data-id=\"15490b\" data-element_type=\"column\" data-e-type=\"column\">\n\t\t\t<div class=\"elementor-widget-wrap elementor-element-populated\">\n\t\t\t\t\t\t<div class=\"elementor-element elementor-element-1cc52f3 elementor-widget elementor-widget-heading\" data-id=\"1cc52f3\" data-element_type=\"widget\" data-e-type=\"widget\" data-widget_type=\"heading.default\">\n\t\t\t\t<div class=\"elementor-widget-container\">\n\t\t\t\t\t<p class=\"elementor-heading-title elementor-size-default\"><a href=\"https:\/\/www.linkedin.com\/in\/ana-apeztegu%C3%ADa-moragas-08595467\/\" target=\"_blank\">https:\/\/www.linkedin.com\/in\/ana-apeztegu%C3%ADa-moragas-08595467\/<\/a><\/p>\t\t\t\t<\/div>\n\t\t\t\t<\/div>\n\t\t\t\t\t<\/div>\n\t\t<\/div>\n\t\t\t\t\t<\/div>\n\t\t<\/section>\n\t\t\t\t\t<\/div>\n\t\t<\/div>\n\t\t\t\t<div class=\"elementor-column elementor-col-66 elementor-top-column elementor-element elementor-element-17640048\" data-id=\"17640048\" data-element_type=\"column\" data-e-type=\"column\">\n\t\t\t<div class=\"elementor-widget-wrap elementor-element-populated\">\n\t\t\t\t\t\t<div class=\"elementor-element elementor-element-3453d9e5 elementor-widget elementor-widget-jet-breadcrumbs\" data-id=\"3453d9e5\" data-element_type=\"widget\" data-e-type=\"widget\" data-widget_type=\"jet-breadcrumbs.default\">\n\t\t\t\t<div class=\"elementor-widget-container\">\n\t\t\t\t\t<div class=\"elementor-jet-breadcrumbs jet-blocks\">\n\t\t<div class=\"jet-breadcrumbs\">\n\t\t<div class=\"jet-breadcrumbs__content\">\n\t\t<div class=\"jet-breadcrumbs__wrap\"><div class=\"jet-breadcrumbs__item\"><a href=\"https:\/\/www.neuraxpharm.com\/es\/\" class=\"jet-breadcrumbs__item-link is-home\" rel=\"home\" title=\"Neuraxpharm\">Neuraxpharm<\/a><\/div>\n\t\t<\/div>\n\t\t<\/div>\n\t\t<\/div><\/div>\t\t\t\t<\/div>\n\t\t\t\t<\/div>\n\t\t\t\t<div class=\"elementor-element elementor-element-e5e84e8 elementor-widget elementor-widget-heading\" data-id=\"e5e84e8\" data-element_type=\"widget\" data-e-type=\"widget\" data-widget_type=\"heading.default\">\n\t\t\t\t<div class=\"elementor-widget-container\">\n\t\t\t\t\t<h1 class=\"elementor-heading-title elementor-size-default\">ANA APEZTEGUIA<\/h1>\t\t\t\t<\/div>\n\t\t\t\t<\/div>\n\t\t\t\t<div class=\"elementor-element elementor-element-614cff3 elementor-widget elementor-widget-text-editor\" data-id=\"614cff3\" data-element_type=\"widget\" data-e-type=\"widget\" data-widget_type=\"text-editor.default\">\n\t\t\t\t<div class=\"elementor-widget-container\">\n\t\t\t\t\t\t\t\t\t<p>Ana tiene m\u00e1s de ocho a\u00f1os de experiencia en estrategia empresarial y gesti\u00f3n de proyectos en la industria farmac\u00e9utica.<\/p><p>Inicialmente se incorpor\u00f3 a Neuraxpharm como Strategy Asociate del CEO. Ascendi\u00f3 a Chief of Staff tras haber desempe\u00f1ado un papel clave en el \u00e9xito de la integraci\u00f3n de los diferentes territorios del Grupo en varios pa\u00edses. Ana dirige el \u00e1rea de estrategia, cartera de productos, gesti\u00f3n y lanzamiento de proyectos, comunicaci\u00f3n externa, criterios ASG y participaci\u00f3n digital.<\/p><p>Desarroll\u00f3 su carrera profesional como Senior Business and Strategy Consultant en Capgemini Invent (antes Capgemini Consulting), donde trabaj\u00f3 principalmente en proyectos de la industria farmac\u00e9utica.<\/p><p>Ana es licenciada en Ingenier\u00eda Industrial por la Universitat Polit\u00e8cnica de Catalunya (UPC), en la especialidad de gesti\u00f3n y organizaci\u00f3n industrial, y tiene estudios superiores de producci\u00f3n estrat\u00e9gica por la \u00c9cole Nationale Sup\u00e9rieure de Techniques Avanc\u00e9es (ENSTA) de Par\u00eds.<\/p>\t\t\t\t\t\t\t\t<\/div>\n\t\t\t\t<\/div>\n\t\t\t\t\t<\/div>\n\t\t<\/div>\n\t\t\t\t\t<\/div>\n\t\t<\/section>\n\t\t\t\t<section class=\"elementor-section elementor-top-section elementor-element elementor-element-bacc1a9 elementor-section-boxed elementor-section-height-default elementor-section-height-default\" data-id=\"bacc1a9\" data-element_type=\"section\" data-e-type=\"section\" data-settings=\"{&quot;jet_parallax_layout_list&quot;:[{&quot;jet_parallax_layout_image&quot;:{&quot;url&quot;:&quot;&quot;,&quot;id&quot;:&quot;&quot;,&quot;size&quot;:&quot;&quot;},&quot;_id&quot;:&quot;e7d9f21&quot;,&quot;jet_parallax_layout_image_tablet&quot;:{&quot;url&quot;:&quot;&quot;,&quot;id&quot;:&quot;&quot;,&quot;size&quot;:&quot;&quot;},&quot;jet_parallax_layout_image_mobile&quot;:{&quot;url&quot;:&quot;&quot;,&quot;id&quot;:&quot;&quot;,&quot;size&quot;:&quot;&quot;},&quot;jet_parallax_layout_speed&quot;:{&quot;unit&quot;:&quot;%&quot;,&quot;size&quot;:50,&quot;sizes&quot;:[]},&quot;jet_parallax_layout_type&quot;:&quot;scroll&quot;,&quot;jet_parallax_layout_direction&quot;:&quot;1&quot;,&quot;jet_parallax_layout_fx_direction&quot;:null,&quot;jet_parallax_layout_z_index&quot;:&quot;&quot;,&quot;jet_parallax_layout_bg_x&quot;:50,&quot;jet_parallax_layout_bg_x_tablet&quot;:&quot;&quot;,&quot;jet_parallax_layout_bg_x_mobile&quot;:&quot;&quot;,&quot;jet_parallax_layout_bg_y&quot;:50,&quot;jet_parallax_layout_bg_y_tablet&quot;:&quot;&quot;,&quot;jet_parallax_layout_bg_y_mobile&quot;:&quot;&quot;,&quot;jet_parallax_layout_bg_size&quot;:&quot;auto&quot;,&quot;jet_parallax_layout_bg_size_tablet&quot;:&quot;&quot;,&quot;jet_parallax_layout_bg_size_mobile&quot;:&quot;&quot;,&quot;jet_parallax_layout_animation_prop&quot;:&quot;transform&quot;,&quot;jet_parallax_layout_on&quot;:[&quot;desktop&quot;,&quot;tablet&quot;]}]}\">\n\t\t\t\t\t\t<div class=\"elementor-container elementor-column-gap-default\">\n\t\t\t\t\t<div class=\"elementor-column elementor-col-100 elementor-top-column elementor-element elementor-element-7080505\" data-id=\"7080505\" data-element_type=\"column\" data-e-type=\"column\">\n\t\t\t<div class=\"elementor-widget-wrap elementor-element-populated\">\n\t\t\t\t\t\t<div class=\"elementor-element elementor-element-53f8d38 elementor-widget elementor-widget-spacer\" data-id=\"53f8d38\" data-element_type=\"widget\" data-e-type=\"widget\" data-widget_type=\"spacer.default\">\n\t\t\t\t<div class=\"elementor-widget-container\">\n\t\t\t\t\t\t\t<div class=\"elementor-spacer\">\n\t\t\t<div class=\"elementor-spacer-inner\"><\/div>\n\t\t<\/div>\n\t\t\t\t\t\t<\/div>\n\t\t\t\t<\/div>\n\t\t\t\t\t<\/div>\n\t\t<\/div>\n\t\t\t\t\t<\/div>\n\t\t<\/section>\n\t\t\t\t<\/div>\n\t\t","protected":false},"excerpt":{"rendered":"<p>https:\/\/www.linkedin.com\/in\/ana-apeztegu%C3%ADa-moragas-08595467\/ Neuraxpharm ANA APEZTEGUIA Ana tiene m\u00e1s de ocho a\u00f1os de experiencia en estrategia empresarial y gesti\u00f3n de proyectos en la industria farmac\u00e9utica. Inicialmente se incorpor\u00f3 a Neuraxpharm como Strategy Asociate del CEO. Ascendi\u00f3 a Chief of Staff tras haber desempe\u00f1ado un papel clave en el \u00e9xito de la integraci\u00f3n de los diferentes territorios del [&hellip;]<\/p>\n","protected":false},"author":2,"featured_media":0,"parent":1998,"menu_order":0,"comment_status":"closed","ping_status":"closed","template":"elementor_header_footer","meta":{"_acf_changed":false,"footnotes":""},"class_list":["post-16039","page","type-page","status-publish","hentry"],"yoast_head":"<!-- This site is optimized with the Yoast SEO Premium plugin v27.2 (Yoast SEO v27.2) - https:\/\/yoast.com\/product\/yoast-seo-premium-wordpress\/ -->\n<title>ANA APEZTEGUIA - Neuraxpharm Espa\u00f1a<\/title>\n<meta name=\"robots\" content=\"index, follow, max-snippet:-1, max-image-preview:large, max-video-preview:-1\" \/>\n<link rel=\"canonical\" href=\"https:\/\/www.neuraxpharm.com\/es\/quienes-somos\/comite-ejecutivo\/ana-apezteguia\" \/>\n<meta property=\"og:locale\" content=\"es_ES\" \/>\n<meta property=\"og:type\" content=\"article\" \/>\n<meta property=\"og:title\" content=\"ANA APEZTEGUIA\" \/>\n<meta property=\"og:description\" content=\"https:\/\/www.linkedin.com\/in\/ana-apeztegu%C3%ADa-moragas-08595467\/ Neuraxpharm ANA APEZTEGUIA Ana tiene m\u00e1s de ocho a\u00f1os de experiencia en estrategia empresarial y gesti\u00f3n de proyectos en la industria farmac\u00e9utica. Inicialmente se incorpor\u00f3 a Neuraxpharm como Strategy Asociate del CEO. Ascendi\u00f3 a Chief of Staff tras haber desempe\u00f1ado un papel clave en el \u00e9xito de la integraci\u00f3n de los diferentes territorios del [&hellip;]\" \/>\n<meta property=\"og:url\" content=\"https:\/\/www.neuraxpharm.com\/es\/quienes-somos\/comite-ejecutivo\/ana-apezteguia\" \/>\n<meta property=\"og:site_name\" content=\"Neuraxpharm Espa\u00f1a\" \/>\n<meta property=\"article:modified_time\" content=\"2023-03-27T09:54:00+00:00\" \/>\n<meta property=\"og:image\" content=\"https:\/\/www.neuraxpharm.com\/es\/wp-content\/uploads\/sites\/8\/2023\/03\/ana-apezteguia.jpg\" \/>\n<meta name=\"twitter:card\" content=\"summary_large_image\" \/>\n<meta name=\"twitter:label1\" content=\"Tiempo de lectura\" \/>\n\t<meta name=\"twitter:data1\" content=\"1 minuto\" \/>\n<script type=\"application\/ld+json\" class=\"yoast-schema-graph\">{\"@context\":\"https:\/\/schema.org\",\"@graph\":[{\"@type\":\"WebPage\",\"@id\":\"https:\/\/www.neuraxpharm.com\/es\/quienes-somos\/comite-ejecutivo\/ana-apezteguia\",\"url\":\"https:\/\/www.neuraxpharm.com\/es\/quienes-somos\/comite-ejecutivo\/ana-apezteguia\",\"name\":\"ANA APEZTEGUIA - Neuraxpharm Espa\u00f1a\",\"isPartOf\":{\"@id\":\"https:\/\/www.neuraxpharm.com\/es\/#website\"},\"primaryImageOfPage\":{\"@id\":\"https:\/\/www.neuraxpharm.com\/es\/quienes-somos\/comite-ejecutivo\/ana-apezteguia#primaryimage\"},\"image\":{\"@id\":\"https:\/\/www.neuraxpharm.com\/es\/quienes-somos\/comite-ejecutivo\/ana-apezteguia#primaryimage\"},\"thumbnailUrl\":\"https:\/\/www.neuraxpharm.com\/es\/wp-content\/uploads\/sites\/8\/2023\/03\/ana-apezteguia.jpg\",\"datePublished\":\"2021-04-13T09:19:02+00:00\",\"dateModified\":\"2023-03-27T09:54:00+00:00\",\"breadcrumb\":{\"@id\":\"https:\/\/www.neuraxpharm.com\/es\/quienes-somos\/comite-ejecutivo\/ana-apezteguia#breadcrumb\"},\"inLanguage\":\"es\",\"potentialAction\":[{\"@type\":\"ReadAction\",\"target\":[\"https:\/\/www.neuraxpharm.com\/es\/quienes-somos\/comite-ejecutivo\/ana-apezteguia\"]}]},{\"@type\":\"ImageObject\",\"inLanguage\":\"es\",\"@id\":\"https:\/\/www.neuraxpharm.com\/es\/quienes-somos\/comite-ejecutivo\/ana-apezteguia#primaryimage\",\"url\":\"https:\/\/static.neuraxpharm.com\/wp-content\/uploads\/sites\/8\/2023\/03\/27095000\/ana-apezteguia.jpg\",\"contentUrl\":\"https:\/\/static.neuraxpharm.com\/wp-content\/uploads\/sites\/8\/2023\/03\/27095000\/ana-apezteguia.jpg\",\"width\":716,\"height\":700},{\"@type\":\"BreadcrumbList\",\"@id\":\"https:\/\/www.neuraxpharm.com\/es\/quienes-somos\/comite-ejecutivo\/ana-apezteguia#breadcrumb\",\"itemListElement\":[{\"@type\":\"ListItem\",\"position\":1,\"name\":\"Qui\u00e9nes somos\",\"item\":\"https:\/\/www.neuraxpharm.com\/es\/quienes-somos\"},{\"@type\":\"ListItem\",\"position\":2,\"name\":\"Comit\u00e9 Ejecutivo\",\"item\":\"https:\/\/www.neuraxpharm.com\/es\/quienes-somos\/comite-ejecutivo\"},{\"@type\":\"ListItem\",\"position\":3,\"name\":\"ANA APEZTEGUIA\"}]},{\"@type\":\"WebSite\",\"@id\":\"https:\/\/www.neuraxpharm.com\/es\/#website\",\"url\":\"https:\/\/www.neuraxpharm.com\/es\/\",\"name\":\"Neuraxpharm Espa\u00f1a\",\"description\":\"A European Leader for the CNS products\",\"potentialAction\":[{\"@type\":\"SearchAction\",\"target\":{\"@type\":\"EntryPoint\",\"urlTemplate\":\"https:\/\/www.neuraxpharm.com\/es\/?s={search_term_string}\"},\"query-input\":{\"@type\":\"PropertyValueSpecification\",\"valueRequired\":true,\"valueName\":\"search_term_string\"}}],\"inLanguage\":\"es\"}]}<\/script>\n<!-- \/ Yoast SEO Premium plugin. -->","yoast_head_json":{"title":"ANA APEZTEGUIA - Neuraxpharm Espa\u00f1a","robots":{"index":"index","follow":"follow","max-snippet":"max-snippet:-1","max-image-preview":"max-image-preview:large","max-video-preview":"max-video-preview:-1"},"canonical":"https:\/\/www.neuraxpharm.com\/es\/quienes-somos\/comite-ejecutivo\/ana-apezteguia","og_locale":"es_ES","og_type":"article","og_title":"ANA APEZTEGUIA","og_description":"https:\/\/www.linkedin.com\/in\/ana-apeztegu%C3%ADa-moragas-08595467\/ Neuraxpharm ANA APEZTEGUIA Ana tiene m\u00e1s de ocho a\u00f1os de experiencia en estrategia empresarial y gesti\u00f3n de proyectos en la industria farmac\u00e9utica. Inicialmente se incorpor\u00f3 a Neuraxpharm como Strategy Asociate del CEO. Ascendi\u00f3 a Chief of Staff tras haber desempe\u00f1ado un papel clave en el \u00e9xito de la integraci\u00f3n de los diferentes territorios del [&hellip;]","og_url":"https:\/\/www.neuraxpharm.com\/es\/quienes-somos\/comite-ejecutivo\/ana-apezteguia","og_site_name":"Neuraxpharm Espa\u00f1a","article_modified_time":"2023-03-27T09:54:00+00:00","og_image":[{"url":"https:\/\/www.neuraxpharm.com\/es\/wp-content\/uploads\/sites\/8\/2023\/03\/ana-apezteguia.jpg","type":"","width":"","height":""}],"twitter_card":"summary_large_image","twitter_misc":{"Tiempo de lectura":"1 minuto"},"schema":{"@context":"https:\/\/schema.org","@graph":[{"@type":"WebPage","@id":"https:\/\/www.neuraxpharm.com\/es\/quienes-somos\/comite-ejecutivo\/ana-apezteguia","url":"https:\/\/www.neuraxpharm.com\/es\/quienes-somos\/comite-ejecutivo\/ana-apezteguia","name":"ANA APEZTEGUIA - Neuraxpharm Espa\u00f1a","isPartOf":{"@id":"https:\/\/www.neuraxpharm.com\/es\/#website"},"primaryImageOfPage":{"@id":"https:\/\/www.neuraxpharm.com\/es\/quienes-somos\/comite-ejecutivo\/ana-apezteguia#primaryimage"},"image":{"@id":"https:\/\/www.neuraxpharm.com\/es\/quienes-somos\/comite-ejecutivo\/ana-apezteguia#primaryimage"},"thumbnailUrl":"https:\/\/www.neuraxpharm.com\/es\/wp-content\/uploads\/sites\/8\/2023\/03\/ana-apezteguia.jpg","datePublished":"2021-04-13T09:19:02+00:00","dateModified":"2023-03-27T09:54:00+00:00","breadcrumb":{"@id":"https:\/\/www.neuraxpharm.com\/es\/quienes-somos\/comite-ejecutivo\/ana-apezteguia#breadcrumb"},"inLanguage":"es","potentialAction":[{"@type":"ReadAction","target":["https:\/\/www.neuraxpharm.com\/es\/quienes-somos\/comite-ejecutivo\/ana-apezteguia"]}]},{"@type":"ImageObject","inLanguage":"es","@id":"https:\/\/www.neuraxpharm.com\/es\/quienes-somos\/comite-ejecutivo\/ana-apezteguia#primaryimage","url":"https:\/\/static.neuraxpharm.com\/wp-content\/uploads\/sites\/8\/2023\/03\/27095000\/ana-apezteguia.jpg","contentUrl":"https:\/\/static.neuraxpharm.com\/wp-content\/uploads\/sites\/8\/2023\/03\/27095000\/ana-apezteguia.jpg","width":716,"height":700},{"@type":"BreadcrumbList","@id":"https:\/\/www.neuraxpharm.com\/es\/quienes-somos\/comite-ejecutivo\/ana-apezteguia#breadcrumb","itemListElement":[{"@type":"ListItem","position":1,"name":"Qui\u00e9nes somos","item":"https:\/\/www.neuraxpharm.com\/es\/quienes-somos"},{"@type":"ListItem","position":2,"name":"Comit\u00e9 Ejecutivo","item":"https:\/\/www.neuraxpharm.com\/es\/quienes-somos\/comite-ejecutivo"},{"@type":"ListItem","position":3,"name":"ANA APEZTEGUIA"}]},{"@type":"WebSite","@id":"https:\/\/www.neuraxpharm.com\/es\/#website","url":"https:\/\/www.neuraxpharm.com\/es\/","name":"Neuraxpharm Espa\u00f1a","description":"A European Leader for the CNS products","potentialAction":[{"@type":"SearchAction","target":{"@type":"EntryPoint","urlTemplate":"https:\/\/www.neuraxpharm.com\/es\/?s={search_term_string}"},"query-input":{"@type":"PropertyValueSpecification","valueRequired":true,"valueName":"search_term_string"}}],"inLanguage":"es"}]}},"acf":[],"_links":{"self":[{"href":"https:\/\/www.neuraxpharm.com\/es\/wp-json\/wp\/v2\/pages\/16039","targetHints":{"allow":["GET"]}}],"collection":[{"href":"https:\/\/www.neuraxpharm.com\/es\/wp-json\/wp\/v2\/pages"}],"about":[{"href":"https:\/\/www.neuraxpharm.com\/es\/wp-json\/wp\/v2\/types\/page"}],"author":[{"embeddable":true,"href":"https:\/\/www.neuraxpharm.com\/es\/wp-json\/wp\/v2\/users\/2"}],"replies":[{"embeddable":true,"href":"https:\/\/www.neuraxpharm.com\/es\/wp-json\/wp\/v2\/comments?post=16039"}],"version-history":[{"count":33,"href":"https:\/\/www.neuraxpharm.com\/es\/wp-json\/wp\/v2\/pages\/16039\/revisions"}],"predecessor-version":[{"id":28261,"href":"https:\/\/www.neuraxpharm.com\/es\/wp-json\/wp\/v2\/pages\/16039\/revisions\/28261"}],"up":[{"embeddable":true,"href":"https:\/\/www.neuraxpharm.com\/es\/wp-json\/wp\/v2\/pages\/1998"}],"wp:attachment":[{"href":"https:\/\/www.neuraxpharm.com\/es\/wp-json\/wp\/v2\/media?parent=16039"}],"curies":[{"name":"wp","href":"https:\/\/api.w.org\/{rel}","templated":true}]}}