{"id":21132,"date":"2021-05-04T12:59:31","date_gmt":"2021-05-04T12:59:31","guid":{"rendered":"https:\/\/www.neuraxpharm.com\/de\/?post_type=product&#038;p=21132"},"modified":"2025-12-15T02:47:24","modified_gmt":"2025-12-15T02:47:24","slug":"macrogol-neuraxpharm","status":"publish","type":"product","link":"https:\/\/www.neuraxpharm.com\/de\/produkte\/macrogol-neuraxpharm","title":{"rendered":"Macrogol-neuraxpharm\u00ae"},"content":{"rendered":"<p>Macrogol-neuraxpharm<sup>\u00ae<\/sup> eignet sich zur sanften Behandlung von chronischen Verstopfungen bei Kindern ab 12 Jahren, Jugendlichen und Erwachsenen.<\/p>\n","protected":false},"excerpt":{"rendered":"<p>Verschreibungsfreies Arzneimittel mit Macrogol 3350 und den Elektrolyten Natriumchlorid, Hydrogencarbonat und Kalium<\/p>\n","protected":false},"featured_media":25419,"comment_status":"open","ping_status":"closed","template":"","meta":{"_acf_changed":false},"product_brand":[],"product_cat":[141],"product_tag":[],"class_list":{"0":"post-21132","1":"product","2":"type-product","3":"status-publish","4":"has-post-thumbnail","6":"product_cat-gesundheit-des-verdauungssystems","8":"first","9":"instock","10":"taxable","11":"shipping-taxable","12":"product-type-simple"},"yoast_head":"<!-- This site is optimized with the Yoast SEO Premium plugin v27.2 (Yoast SEO v27.2) - https:\/\/yoast.com\/product\/yoast-seo-premium-wordpress\/ -->\n<title>Macrogol-neuraxpharm\u00ae - Neuraxpharm Deutsch<\/title>\n<meta name=\"description\" content=\"Macrogol-neuraxpharm\u00ae. F\u00fcr die sanfte Behandlung bei chronischer Verstopfung. Mehr Infos!\" \/>\n<meta name=\"robots\" content=\"index, follow, max-snippet:-1, max-image-preview:large, max-video-preview:-1\" \/>\n<link rel=\"canonical\" href=\"https:\/\/www.neuraxpharm.com\/de\/produkte\/macrogol-neuraxpharm\" \/>\n<meta property=\"og:locale\" content=\"de_DE\" \/>\n<meta property=\"og:type\" content=\"article\" \/>\n<meta property=\"og:title\" content=\"Macrogol-neuraxpharm\u00ae\" \/>\n<meta property=\"og:description\" content=\"Macrogol-neuraxpharm\u00ae. F\u00fcr die sanfte Behandlung bei chronischer Verstopfung. Mehr Infos!\" \/>\n<meta property=\"og:url\" content=\"https:\/\/www.neuraxpharm.com\/de\/produkte\/macrogol-neuraxpharm\" \/>\n<meta property=\"og:site_name\" content=\"Neuraxpharm Deutsch\" \/>\n<meta property=\"article:modified_time\" content=\"2025-12-15T02:47:24+00:00\" \/>\n<meta property=\"og:image\" content=\"https:\/\/www.neuraxpharm.com\/de\/wp-content\/uploads\/sites\/6\/2021\/05\/macrogol-neuraxpharm-packshot.png\" \/>\n\t<meta property=\"og:image:width\" content=\"1000\" \/>\n\t<meta property=\"og:image:height\" content=\"1000\" \/>\n\t<meta property=\"og:image:type\" content=\"image\/png\" \/>\n<meta name=\"twitter:card\" content=\"summary_large_image\" \/>\n<meta name=\"twitter:label1\" content=\"Gesch\u00e4tzte Lesezeit\" \/>\n\t<meta name=\"twitter:data1\" content=\"1\u00a0Minute\" \/>\n<script type=\"application\/ld+json\" class=\"yoast-schema-graph\">{\"@context\":\"https:\/\/schema.org\",\"@graph\":[{\"@type\":\"WebPage\",\"@id\":\"https:\/\/www.neuraxpharm.com\/de\/produkte\/macrogol-neuraxpharm\",\"url\":\"https:\/\/www.neuraxpharm.com\/de\/produkte\/macrogol-neuraxpharm\",\"name\":\"Macrogol-neuraxpharm\u00ae - Neuraxpharm Deutsch\",\"isPartOf\":{\"@id\":\"https:\/\/www.neuraxpharm.com\/de\/#website\"},\"primaryImageOfPage\":{\"@id\":\"https:\/\/www.neuraxpharm.com\/de\/produkte\/macrogol-neuraxpharm#primaryimage\"},\"image\":{\"@id\":\"https:\/\/www.neuraxpharm.com\/de\/produkte\/macrogol-neuraxpharm#primaryimage\"},\"thumbnailUrl\":\"https:\/\/www.neuraxpharm.com\/de\/wp-content\/uploads\/sites\/6\/2021\/05\/macrogol-neuraxpharm-packshot.png\",\"datePublished\":\"2021-05-04T12:59:31+00:00\",\"dateModified\":\"2025-12-15T02:47:24+00:00\",\"description\":\"Macrogol-neuraxpharm\u00ae. F\u00fcr die sanfte Behandlung bei chronischer Verstopfung. Mehr Infos!\",\"breadcrumb\":{\"@id\":\"https:\/\/www.neuraxpharm.com\/de\/produkte\/macrogol-neuraxpharm#breadcrumb\"},\"inLanguage\":\"de\",\"potentialAction\":[{\"@type\":\"ReadAction\",\"target\":[\"https:\/\/www.neuraxpharm.com\/de\/produkte\/macrogol-neuraxpharm\"]}]},{\"@type\":\"ImageObject\",\"inLanguage\":\"de\",\"@id\":\"https:\/\/www.neuraxpharm.com\/de\/produkte\/macrogol-neuraxpharm#primaryimage\",\"url\":\"https:\/\/www.neuraxpharm.com\/de\/wp-content\/uploads\/sites\/6\/2021\/05\/macrogol-neuraxpharm-packshot.png\",\"contentUrl\":\"https:\/\/www.neuraxpharm.com\/de\/wp-content\/uploads\/sites\/6\/2021\/05\/macrogol-neuraxpharm-packshot.png\",\"width\":1000,\"height\":1000},{\"@type\":\"BreadcrumbList\",\"@id\":\"https:\/\/www.neuraxpharm.com\/de\/produkte\/macrogol-neuraxpharm#breadcrumb\",\"itemListElement\":[{\"@type\":\"ListItem\",\"position\":1,\"name\":\"Produkte f\u00fcr die Gesundheit\",\"item\":\"https:\/\/www.neuraxpharm.com\/de\/?page_id=206\"},{\"@type\":\"ListItem\",\"position\":2,\"name\":\"Macrogol-neuraxpharm\u00ae\"}]},{\"@type\":\"WebSite\",\"@id\":\"https:\/\/www.neuraxpharm.com\/de\/#website\",\"url\":\"https:\/\/www.neuraxpharm.com\/de\/\",\"name\":\"Neuraxpharm Deutsch\",\"description\":\"Ein europ\u00e4ischer Marktf\u00fchrer f\u00fcr CNS-Produkte\",\"potentialAction\":[{\"@type\":\"SearchAction\",\"target\":{\"@type\":\"EntryPoint\",\"urlTemplate\":\"https:\/\/www.neuraxpharm.com\/de\/?s={search_term_string}\"},\"query-input\":{\"@type\":\"PropertyValueSpecification\",\"valueRequired\":true,\"valueName\":\"search_term_string\"}}],\"inLanguage\":\"de\"}]}<\/script>\n<!-- \/ Yoast SEO Premium plugin. -->","yoast_head_json":{"title":"Macrogol-neuraxpharm\u00ae - Neuraxpharm Deutsch","description":"Macrogol-neuraxpharm\u00ae. F\u00fcr die sanfte Behandlung bei chronischer Verstopfung. Mehr Infos!","robots":{"index":"index","follow":"follow","max-snippet":"max-snippet:-1","max-image-preview":"max-image-preview:large","max-video-preview":"max-video-preview:-1"},"canonical":"https:\/\/www.neuraxpharm.com\/de\/produkte\/macrogol-neuraxpharm","og_locale":"de_DE","og_type":"article","og_title":"Macrogol-neuraxpharm\u00ae","og_description":"Macrogol-neuraxpharm\u00ae. F\u00fcr die sanfte Behandlung bei chronischer Verstopfung. Mehr Infos!","og_url":"https:\/\/www.neuraxpharm.com\/de\/produkte\/macrogol-neuraxpharm","og_site_name":"Neuraxpharm Deutsch","article_modified_time":"2025-12-15T02:47:24+00:00","og_image":[{"width":1000,"height":1000,"url":"https:\/\/www.neuraxpharm.com\/de\/wp-content\/uploads\/sites\/6\/2021\/05\/macrogol-neuraxpharm-packshot.png","type":"image\/png"}],"twitter_card":"summary_large_image","twitter_misc":{"Gesch\u00e4tzte Lesezeit":"1\u00a0Minute"},"schema":{"@context":"https:\/\/schema.org","@graph":[{"@type":"WebPage","@id":"https:\/\/www.neuraxpharm.com\/de\/produkte\/macrogol-neuraxpharm","url":"https:\/\/www.neuraxpharm.com\/de\/produkte\/macrogol-neuraxpharm","name":"Macrogol-neuraxpharm\u00ae - Neuraxpharm Deutsch","isPartOf":{"@id":"https:\/\/www.neuraxpharm.com\/de\/#website"},"primaryImageOfPage":{"@id":"https:\/\/www.neuraxpharm.com\/de\/produkte\/macrogol-neuraxpharm#primaryimage"},"image":{"@id":"https:\/\/www.neuraxpharm.com\/de\/produkte\/macrogol-neuraxpharm#primaryimage"},"thumbnailUrl":"https:\/\/www.neuraxpharm.com\/de\/wp-content\/uploads\/sites\/6\/2021\/05\/macrogol-neuraxpharm-packshot.png","datePublished":"2021-05-04T12:59:31+00:00","dateModified":"2025-12-15T02:47:24+00:00","description":"Macrogol-neuraxpharm\u00ae. F\u00fcr die sanfte Behandlung bei chronischer Verstopfung. Mehr Infos!","breadcrumb":{"@id":"https:\/\/www.neuraxpharm.com\/de\/produkte\/macrogol-neuraxpharm#breadcrumb"},"inLanguage":"de","potentialAction":[{"@type":"ReadAction","target":["https:\/\/www.neuraxpharm.com\/de\/produkte\/macrogol-neuraxpharm"]}]},{"@type":"ImageObject","inLanguage":"de","@id":"https:\/\/www.neuraxpharm.com\/de\/produkte\/macrogol-neuraxpharm#primaryimage","url":"https:\/\/www.neuraxpharm.com\/de\/wp-content\/uploads\/sites\/6\/2021\/05\/macrogol-neuraxpharm-packshot.png","contentUrl":"https:\/\/www.neuraxpharm.com\/de\/wp-content\/uploads\/sites\/6\/2021\/05\/macrogol-neuraxpharm-packshot.png","width":1000,"height":1000},{"@type":"BreadcrumbList","@id":"https:\/\/www.neuraxpharm.com\/de\/produkte\/macrogol-neuraxpharm#breadcrumb","itemListElement":[{"@type":"ListItem","position":1,"name":"Produkte f\u00fcr die Gesundheit","item":"https:\/\/www.neuraxpharm.com\/de\/?page_id=206"},{"@type":"ListItem","position":2,"name":"Macrogol-neuraxpharm\u00ae"}]},{"@type":"WebSite","@id":"https:\/\/www.neuraxpharm.com\/de\/#website","url":"https:\/\/www.neuraxpharm.com\/de\/","name":"Neuraxpharm Deutsch","description":"Ein europ\u00e4ischer Marktf\u00fchrer f\u00fcr CNS-Produkte","potentialAction":[{"@type":"SearchAction","target":{"@type":"EntryPoint","urlTemplate":"https:\/\/www.neuraxpharm.com\/de\/?s={search_term_string}"},"query-input":{"@type":"PropertyValueSpecification","valueRequired":true,"valueName":"search_term_string"}}],"inLanguage":"de"}]}},"acf":[],"_links":{"self":[{"href":"https:\/\/www.neuraxpharm.com\/de\/wp-json\/wp\/v2\/product\/21132","targetHints":{"allow":["GET"]}}],"collection":[{"href":"https:\/\/www.neuraxpharm.com\/de\/wp-json\/wp\/v2\/product"}],"about":[{"href":"https:\/\/www.neuraxpharm.com\/de\/wp-json\/wp\/v2\/types\/product"}],"replies":[{"embeddable":true,"href":"https:\/\/www.neuraxpharm.com\/de\/wp-json\/wp\/v2\/comments?post=21132"}],"wp:featuredmedia":[{"embeddable":true,"href":"https:\/\/www.neuraxpharm.com\/de\/wp-json\/wp\/v2\/media\/25419"}],"wp:attachment":[{"href":"https:\/\/www.neuraxpharm.com\/de\/wp-json\/wp\/v2\/media?parent=21132"}],"wp:term":[{"taxonomy":"product_brand","embeddable":true,"href":"https:\/\/www.neuraxpharm.com\/de\/wp-json\/wp\/v2\/product_brand?post=21132"},{"taxonomy":"product_cat","embeddable":true,"href":"https:\/\/www.neuraxpharm.com\/de\/wp-json\/wp\/v2\/product_cat?post=21132"},{"taxonomy":"product_tag","embeddable":true,"href":"https:\/\/www.neuraxpharm.com\/de\/wp-json\/wp\/v2\/product_tag?post=21132"}],"curies":[{"name":"wp","href":"https:\/\/api.w.org\/{rel}","templated":true}]}}