{"id":21060,"date":"2021-05-04T12:02:25","date_gmt":"2021-05-04T12:02:25","guid":{"rendered":"https:\/\/www.neuraxpharm.com\/de\/?post_type=product&#038;p=21060"},"modified":"2025-09-24T14:57:11","modified_gmt":"2025-09-24T14:57:11","slug":"umpneurax","status":"publish","type":"product","link":"https:\/\/www.neuraxpharm.com\/de\/produkte\/umpneurax","title":{"rendered":"UMPneurax\u00ae"},"content":{"rendered":"<p>Eine reibungsose Funktion des Nervensystems ist wichtig. F\u00fcr Personen, die ihre Ern\u00e4hrung gezielt mit N\u00e4hrstoffen erg\u00e4nzen m\u00f6chten, die bei der Gesunderhaltung der Nerven helfen. Frei von Lactose, Fructose, Aromastoffen und tierischen Bestandteilen. Glutenfrei.<\/p>\n","protected":false},"excerpt":{"rendered":"<p>Nahrungserg\u00e4nzungsmittel mit Uridinmonophosphat, Fols\u00e4ure und Vitamin B12<\/p>\n","protected":false},"featured_media":39226,"comment_status":"open","ping_status":"closed","template":"","meta":{"_acf_changed":false},"product_brand":[],"product_cat":[329],"product_tag":[],"class_list":{"0":"post-21060","1":"product","2":"type-product","3":"status-publish","4":"has-post-thumbnail","6":"product_cat-nervensystem","8":"first","9":"instock","10":"taxable","11":"shipping-taxable","12":"product-type-simple"},"yoast_head":"<!-- This site is optimized with the Yoast SEO Premium plugin v27.2 (Yoast SEO v27.2) - https:\/\/yoast.com\/product\/yoast-seo-premium-wordpress\/ -->\n<title>UMPneurax\u00ae - Neuraxpharm Deutsch<\/title>\n<meta name=\"description\" content=\"UMPneurax ist ein Nahrungserg\u00e4nzungsmittel mit Uridinmonophosphat, Vitamin B12 und Fols\u00e4ure. Mehr Infos!\" \/>\n<meta name=\"robots\" content=\"index, follow, max-snippet:-1, max-image-preview:large, max-video-preview:-1\" \/>\n<link rel=\"canonical\" href=\"https:\/\/www.neuraxpharm.com\/de\/produkte\/umpneurax\" \/>\n<meta property=\"og:locale\" content=\"de_DE\" \/>\n<meta property=\"og:type\" content=\"article\" \/>\n<meta property=\"og:title\" content=\"UMPneurax\u00ae\" \/>\n<meta property=\"og:description\" content=\"UMPneurax ist ein Nahrungserg\u00e4nzungsmittel mit Uridinmonophosphat, Vitamin B12 und Fols\u00e4ure. Mehr Infos!\" \/>\n<meta property=\"og:url\" content=\"https:\/\/www.neuraxpharm.com\/de\/produkte\/umpneurax\" \/>\n<meta property=\"og:site_name\" content=\"Neuraxpharm Deutsch\" \/>\n<meta property=\"article:modified_time\" content=\"2025-09-24T14:57:11+00:00\" \/>\n<meta property=\"og:image\" content=\"https:\/\/static.neuraxpharm.com\/wp-content\/uploads\/sites\/6\/2021\/05\/01125355\/umpneurax-2.png\" \/>\n\t<meta property=\"og:image:width\" content=\"768\" \/>\n\t<meta property=\"og:image:height\" content=\"768\" \/>\n\t<meta property=\"og:image:type\" content=\"image\/png\" \/>\n<meta name=\"twitter:card\" content=\"summary_large_image\" \/>\n<meta name=\"twitter:label1\" content=\"Gesch\u00e4tzte Lesezeit\" \/>\n\t<meta name=\"twitter:data1\" content=\"1\u00a0Minute\" \/>\n<script type=\"application\/ld+json\" class=\"yoast-schema-graph\">{\"@context\":\"https:\/\/schema.org\",\"@graph\":[{\"@type\":\"WebPage\",\"@id\":\"https:\/\/www.neuraxpharm.com\/de\/produkte\/umpneurax\",\"url\":\"https:\/\/www.neuraxpharm.com\/de\/produkte\/umpneurax\",\"name\":\"UMPneurax\u00ae - Neuraxpharm Deutsch\",\"isPartOf\":{\"@id\":\"https:\/\/www.neuraxpharm.com\/de\/#website\"},\"primaryImageOfPage\":{\"@id\":\"https:\/\/www.neuraxpharm.com\/de\/produkte\/umpneurax#primaryimage\"},\"image\":{\"@id\":\"https:\/\/www.neuraxpharm.com\/de\/produkte\/umpneurax#primaryimage\"},\"thumbnailUrl\":\"https:\/\/static.neuraxpharm.com\/wp-content\/uploads\/sites\/6\/2021\/05\/01125355\/umpneurax-2.png\",\"datePublished\":\"2021-05-04T12:02:25+00:00\",\"dateModified\":\"2025-09-24T14:57:11+00:00\",\"description\":\"UMPneurax ist ein Nahrungserg\u00e4nzungsmittel mit Uridinmonophosphat, Vitamin B12 und Fols\u00e4ure. Mehr Infos!\",\"breadcrumb\":{\"@id\":\"https:\/\/www.neuraxpharm.com\/de\/produkte\/umpneurax#breadcrumb\"},\"inLanguage\":\"de\",\"potentialAction\":[{\"@type\":\"ReadAction\",\"target\":[\"https:\/\/www.neuraxpharm.com\/de\/produkte\/umpneurax\"]}]},{\"@type\":\"ImageObject\",\"inLanguage\":\"de\",\"@id\":\"https:\/\/www.neuraxpharm.com\/de\/produkte\/umpneurax#primaryimage\",\"url\":\"https:\/\/static.neuraxpharm.com\/wp-content\/uploads\/sites\/6\/2021\/05\/01125355\/umpneurax-2.png\",\"contentUrl\":\"https:\/\/static.neuraxpharm.com\/wp-content\/uploads\/sites\/6\/2021\/05\/01125355\/umpneurax-2.png\",\"width\":768,\"height\":768},{\"@type\":\"BreadcrumbList\",\"@id\":\"https:\/\/www.neuraxpharm.com\/de\/produkte\/umpneurax#breadcrumb\",\"itemListElement\":[{\"@type\":\"ListItem\",\"position\":1,\"name\":\"Produkte f\u00fcr die Gesundheit\",\"item\":\"https:\/\/www.neuraxpharm.com\/de\/?page_id=206\"},{\"@type\":\"ListItem\",\"position\":2,\"name\":\"UMPneurax\u00ae\"}]},{\"@type\":\"WebSite\",\"@id\":\"https:\/\/www.neuraxpharm.com\/de\/#website\",\"url\":\"https:\/\/www.neuraxpharm.com\/de\/\",\"name\":\"Neuraxpharm Deutsch\",\"description\":\"Ein europ\u00e4ischer Marktf\u00fchrer f\u00fcr CNS-Produkte\",\"potentialAction\":[{\"@type\":\"SearchAction\",\"target\":{\"@type\":\"EntryPoint\",\"urlTemplate\":\"https:\/\/www.neuraxpharm.com\/de\/?s={search_term_string}\"},\"query-input\":{\"@type\":\"PropertyValueSpecification\",\"valueRequired\":true,\"valueName\":\"search_term_string\"}}],\"inLanguage\":\"de\"}]}<\/script>\n<!-- \/ Yoast SEO Premium plugin. -->","yoast_head_json":{"title":"UMPneurax\u00ae - Neuraxpharm Deutsch","description":"UMPneurax ist ein Nahrungserg\u00e4nzungsmittel mit Uridinmonophosphat, Vitamin B12 und Fols\u00e4ure. Mehr Infos!","robots":{"index":"index","follow":"follow","max-snippet":"max-snippet:-1","max-image-preview":"max-image-preview:large","max-video-preview":"max-video-preview:-1"},"canonical":"https:\/\/www.neuraxpharm.com\/de\/produkte\/umpneurax","og_locale":"de_DE","og_type":"article","og_title":"UMPneurax\u00ae","og_description":"UMPneurax ist ein Nahrungserg\u00e4nzungsmittel mit Uridinmonophosphat, Vitamin B12 und Fols\u00e4ure. Mehr Infos!","og_url":"https:\/\/www.neuraxpharm.com\/de\/produkte\/umpneurax","og_site_name":"Neuraxpharm Deutsch","article_modified_time":"2025-09-24T14:57:11+00:00","og_image":[{"width":768,"height":768,"url":"https:\/\/static.neuraxpharm.com\/wp-content\/uploads\/sites\/6\/2021\/05\/01125355\/umpneurax-2.png","type":"image\/png"}],"twitter_card":"summary_large_image","twitter_misc":{"Gesch\u00e4tzte Lesezeit":"1\u00a0Minute"},"schema":{"@context":"https:\/\/schema.org","@graph":[{"@type":"WebPage","@id":"https:\/\/www.neuraxpharm.com\/de\/produkte\/umpneurax","url":"https:\/\/www.neuraxpharm.com\/de\/produkte\/umpneurax","name":"UMPneurax\u00ae - Neuraxpharm Deutsch","isPartOf":{"@id":"https:\/\/www.neuraxpharm.com\/de\/#website"},"primaryImageOfPage":{"@id":"https:\/\/www.neuraxpharm.com\/de\/produkte\/umpneurax#primaryimage"},"image":{"@id":"https:\/\/www.neuraxpharm.com\/de\/produkte\/umpneurax#primaryimage"},"thumbnailUrl":"https:\/\/static.neuraxpharm.com\/wp-content\/uploads\/sites\/6\/2021\/05\/01125355\/umpneurax-2.png","datePublished":"2021-05-04T12:02:25+00:00","dateModified":"2025-09-24T14:57:11+00:00","description":"UMPneurax ist ein Nahrungserg\u00e4nzungsmittel mit Uridinmonophosphat, Vitamin B12 und Fols\u00e4ure. Mehr Infos!","breadcrumb":{"@id":"https:\/\/www.neuraxpharm.com\/de\/produkte\/umpneurax#breadcrumb"},"inLanguage":"de","potentialAction":[{"@type":"ReadAction","target":["https:\/\/www.neuraxpharm.com\/de\/produkte\/umpneurax"]}]},{"@type":"ImageObject","inLanguage":"de","@id":"https:\/\/www.neuraxpharm.com\/de\/produkte\/umpneurax#primaryimage","url":"https:\/\/static.neuraxpharm.com\/wp-content\/uploads\/sites\/6\/2021\/05\/01125355\/umpneurax-2.png","contentUrl":"https:\/\/static.neuraxpharm.com\/wp-content\/uploads\/sites\/6\/2021\/05\/01125355\/umpneurax-2.png","width":768,"height":768},{"@type":"BreadcrumbList","@id":"https:\/\/www.neuraxpharm.com\/de\/produkte\/umpneurax#breadcrumb","itemListElement":[{"@type":"ListItem","position":1,"name":"Produkte f\u00fcr die Gesundheit","item":"https:\/\/www.neuraxpharm.com\/de\/?page_id=206"},{"@type":"ListItem","position":2,"name":"UMPneurax\u00ae"}]},{"@type":"WebSite","@id":"https:\/\/www.neuraxpharm.com\/de\/#website","url":"https:\/\/www.neuraxpharm.com\/de\/","name":"Neuraxpharm Deutsch","description":"Ein europ\u00e4ischer Marktf\u00fchrer f\u00fcr CNS-Produkte","potentialAction":[{"@type":"SearchAction","target":{"@type":"EntryPoint","urlTemplate":"https:\/\/www.neuraxpharm.com\/de\/?s={search_term_string}"},"query-input":{"@type":"PropertyValueSpecification","valueRequired":true,"valueName":"search_term_string"}}],"inLanguage":"de"}]}},"acf":[],"_links":{"self":[{"href":"https:\/\/www.neuraxpharm.com\/de\/wp-json\/wp\/v2\/product\/21060","targetHints":{"allow":["GET"]}}],"collection":[{"href":"https:\/\/www.neuraxpharm.com\/de\/wp-json\/wp\/v2\/product"}],"about":[{"href":"https:\/\/www.neuraxpharm.com\/de\/wp-json\/wp\/v2\/types\/product"}],"replies":[{"embeddable":true,"href":"https:\/\/www.neuraxpharm.com\/de\/wp-json\/wp\/v2\/comments?post=21060"}],"wp:featuredmedia":[{"embeddable":true,"href":"https:\/\/www.neuraxpharm.com\/de\/wp-json\/wp\/v2\/media\/39226"}],"wp:attachment":[{"href":"https:\/\/www.neuraxpharm.com\/de\/wp-json\/wp\/v2\/media?parent=21060"}],"wp:term":[{"taxonomy":"product_brand","embeddable":true,"href":"https:\/\/www.neuraxpharm.com\/de\/wp-json\/wp\/v2\/product_brand?post=21060"},{"taxonomy":"product_cat","embeddable":true,"href":"https:\/\/www.neuraxpharm.com\/de\/wp-json\/wp\/v2\/product_cat?post=21060"},{"taxonomy":"product_tag","embeddable":true,"href":"https:\/\/www.neuraxpharm.com\/de\/wp-json\/wp\/v2\/product_tag?post=21060"}],"curies":[{"name":"wp","href":"https:\/\/api.w.org\/{rel}","templated":true}]}}