{"id":5461,"date":"2021-03-18T14:01:11","date_gmt":"2021-03-18T14:01:11","guid":{"rendered":"https:\/\/www.neuraxpharm.com\/it2\/?page_id=5461"},"modified":"2025-07-02T10:00:18","modified_gmt":"2025-07-02T10:00:18","slug":"impressum","status":"publish","type":"page","link":"https:\/\/www.neuraxpharm.com\/de\/impressum","title":{"rendered":"Impressum"},"content":{"rendered":"\t\t<div data-elementor-type=\"wp-page\" data-elementor-id=\"5461\" class=\"elementor elementor-5461\" data-elementor-post-type=\"page\">\n\t\t\t\t\t\t<section class=\"elementor-section elementor-top-section elementor-element elementor-element-1d97ce1f politicas elementor-section-boxed elementor-section-height-default elementor-section-height-default\" data-id=\"1d97ce1f\" data-element_type=\"section\" data-e-type=\"section\" data-settings=\"{&quot;jet_parallax_layout_list&quot;:[{&quot;jet_parallax_layout_image&quot;:{&quot;url&quot;:&quot;&quot;,&quot;id&quot;:&quot;&quot;,&quot;size&quot;:&quot;&quot;},&quot;_id&quot;:&quot;42d129b&quot;,&quot;jet_parallax_layout_image_tablet&quot;:{&quot;url&quot;:&quot;&quot;,&quot;id&quot;:&quot;&quot;,&quot;size&quot;:&quot;&quot;},&quot;jet_parallax_layout_image_mobile&quot;:{&quot;url&quot;:&quot;&quot;,&quot;id&quot;:&quot;&quot;,&quot;size&quot;:&quot;&quot;},&quot;jet_parallax_layout_speed&quot;:{&quot;unit&quot;:&quot;%&quot;,&quot;size&quot;:50,&quot;sizes&quot;:[]},&quot;jet_parallax_layout_type&quot;:&quot;scroll&quot;,&quot;jet_parallax_layout_direction&quot;:&quot;1&quot;,&quot;jet_parallax_layout_fx_direction&quot;:null,&quot;jet_parallax_layout_z_index&quot;:&quot;&quot;,&quot;jet_parallax_layout_bg_x&quot;:50,&quot;jet_parallax_layout_bg_x_tablet&quot;:&quot;&quot;,&quot;jet_parallax_layout_bg_x_mobile&quot;:&quot;&quot;,&quot;jet_parallax_layout_bg_y&quot;:50,&quot;jet_parallax_layout_bg_y_tablet&quot;:&quot;&quot;,&quot;jet_parallax_layout_bg_y_mobile&quot;:&quot;&quot;,&quot;jet_parallax_layout_bg_size&quot;:&quot;auto&quot;,&quot;jet_parallax_layout_bg_size_tablet&quot;:&quot;&quot;,&quot;jet_parallax_layout_bg_size_mobile&quot;:&quot;&quot;,&quot;jet_parallax_layout_animation_prop&quot;:&quot;transform&quot;,&quot;jet_parallax_layout_on&quot;:[&quot;desktop&quot;,&quot;tablet&quot;]}]}\">\n\t\t\t\t\t\t<div class=\"elementor-container elementor-column-gap-default\">\n\t\t\t\t\t<div class=\"elementor-column elementor-col-100 elementor-top-column elementor-element elementor-element-778b1f90\" data-id=\"778b1f90\" data-element_type=\"column\" data-e-type=\"column\">\n\t\t\t<div class=\"elementor-widget-wrap elementor-element-populated\">\n\t\t\t\t\t\t<div class=\"elementor-element elementor-element-d5b98dd elementor-widget elementor-widget-heading\" data-id=\"d5b98dd\" data-element_type=\"widget\" data-e-type=\"widget\" data-widget_type=\"heading.default\">\n\t\t\t\t<div class=\"elementor-widget-container\">\n\t\t\t\t\t<h1 class=\"elementor-heading-title elementor-size-default\">Impressum<\/h1>\t\t\t\t<\/div>\n\t\t\t\t<\/div>\n\t\t\t\t<div class=\"elementor-element elementor-element-a3bce3b elementor-widget elementor-widget-text-editor\" data-id=\"a3bce3b\" data-element_type=\"widget\" data-e-type=\"widget\" data-widget_type=\"text-editor.default\">\n\t\t\t\t<div class=\"elementor-widget-container\">\n\t\t\t\t\t\t\t\t\t<h2>neuraxpharm\u00ae Arzneimittel GmbH<\/h2><p>Elisabeth-Selbert-Str. 23<br \/>D-40764 Langenfeld<\/p><p>Telefon: 02173 \u2013 1060-0<\/p><p>Telefon f\u00fcr den Customer Service: 02173 \u2013 1060-200<\/p><p>Telefax f\u00fcr den Customer Service: 02173 \u2013 1060-333<\/p><p>E-Mail f\u00fcr den Customer Service:\u00a0<a title=\"mailto:bestellung@neuraxpharm.de\" href=\"mailto:bestellung@neuraxpharm.de\" target=\"_blank\" rel=\"noopener\">bestellung@neuraxpharm.de<\/a><\/p><p>E-Mail: <a href=\"mailto:info@neuraxpharm.de\">info@neuraxpharm.de<\/a><\/p><p>Internet: <a href=\"https:\/\/www.neuraxpharm.com\/de\">https:\/\/www.neuraxpharm.com\/de\u00a0<\/a><\/p><p>Sitz der Gesellschaft: Langenfeld<\/p><p>Amtsgericht D\u00fcsseldorf: HRB 93523<\/p><p>Vertreten durch die Gesch\u00e4ftsf\u00fchrer: Dr. J\u00f6rg Thomas Dierks, Dr. Maximilian von W\u00fclfing<\/p><p>Umsatzsteuer-Identifikationsnummer: DE 335 412 814<\/p><h2>Disclaimer<\/h2><h3>Inhalt des Online-Angebotes<\/h3><p>Dieses Online-Angebot hat lediglich den Zweck, allgemeine Informationen zur Verf\u00fcgung zu stellen. Der Autor \u00fcbernimmt keinerlei Gew\u00e4hr und Verpflichtung f\u00fcr die Aktualit\u00e4t, Korrektheit, Vollst\u00e4ndigkeit oder Qualit\u00e4t der bereitgestellten Informationen.<\/p><p>Haftungsanspr\u00fcche gegen den Autor, welche sich auf Sch\u00e4den materieller oder ideeller Art beziehen, die durch die Nutzung oder Nichtnutzung der dargebotenen Informationen bzw. durch die Nutzung fehlerhafter und unvollst\u00e4ndiger Informationen verursacht wurden sind grunds\u00e4tzlich ausgeschlossen, sofern seitens des Autors kein nachweislich vors\u00e4tzliches oder grob fahrl\u00e4ssiges Verschulden vorliegt.<\/p><p>Alle Angebote sind freibleibend und unverbindlich. Der Autor beh\u00e4lt es sich ausdr\u00fccklich vor, Teile der Seiten oder das gesamte Angebot ohne gesonderte Ank\u00fcndigung zu ver\u00e4ndern, zu erg\u00e4nzen, zu l\u00f6schen oder die Ver\u00f6ffentlichung zeitweise oder endg\u00fcltig einzustellen.<\/p><h3>Verweise und Links<\/h3><p>Soweit sich auf diesen Seiten Links befinden, die auf Seiten au\u00dferhalb der Domain <a href=\"https:\/\/www.neuraxpharm.com\/de\">www.neuraxpharm.com\/de<\/a> verweisen, weisen wir ausdr\u00fccklich darauf hin, dass wir keinerlei Einfluss auf die Gestaltung und die Inhalte der gelinkten Seiten haben und uns die Inhalte dieser Seiten nicht zu Eigen machen.<\/p><h3>Urheber- und Kennzeichenrecht<\/h3><p>Das Copyright f\u00fcr ver\u00f6ffentlichte, vom Autor selbst erstellte Objekte bleibt allein beim Autor der Seiten. Eine Vervielf\u00e4ltigung oder Verwendung solcher Grafiken, Tondokumente, Videosequenzen und Texte in anderen elektronischen oder gedruckten Publikationen ist ohne ausdr\u00fcckliche Zustimmung des Autors nicht gestattet.<\/p><h3>Rechtswirksamkeit dieses Haftungsausschlusses<\/h3><p>Dieser Haftungsausschluss ist als Teil des Internetangebotes zu betrachten, von dem aus auf diese Seite verwiesen wurde. Sofern Teile oder einzelne Formulierungen dieses Textes der geltenden Rechtslage nicht, nicht mehr oder nicht vollst\u00e4ndig entsprechen sollten, bleiben die \u00fcbrigen Teile des Dokumentes in ihrem Inhalt und ihrer G\u00fcltigkeit davon unber\u00fchrt.<\/p>\t\t\t\t\t\t\t\t<\/div>\n\t\t\t\t<\/div>\n\t\t\t\t\t<\/div>\n\t\t<\/div>\n\t\t\t\t\t<\/div>\n\t\t<\/section>\n\t\t\t\t<\/div>\n\t\t","protected":false},"excerpt":{"rendered":"<p>Impressum neuraxpharm\u00ae Arzneimittel GmbH Elisabeth-Selbert-Str. 23D-40764 Langenfeld Telefon: 02173 \u2013 1060-0 Telefon f\u00fcr den Customer Service: 02173 \u2013 1060-200 Telefax f\u00fcr den Customer Service: 02173 \u2013 1060-333 E-Mail f\u00fcr den Customer Service:\u00a0bestellung@neuraxpharm.de E-Mail: info@neuraxpharm.de Internet: https:\/\/www.neuraxpharm.com\/de\u00a0 Sitz der Gesellschaft: Langenfeld Amtsgericht D\u00fcsseldorf: HRB 93523 Vertreten durch die Gesch\u00e4ftsf\u00fchrer: Dr. J\u00f6rg Thomas Dierks, Dr. Maximilian von [&hellip;]<\/p>\n","protected":false},"author":1,"featured_media":0,"parent":0,"menu_order":0,"comment_status":"closed","ping_status":"closed","template":"","meta":{"_acf_changed":false,"footnotes":""},"class_list":["post-5461","page","type-page","status-publish","hentry"],"yoast_head":"<!-- This site is optimized with the Yoast SEO Premium plugin v27.2 (Yoast SEO v27.2) - https:\/\/yoast.com\/product\/yoast-seo-premium-wordpress\/ -->\n<title>Impressum - Neuraxpharm Deutsch<\/title>\n<meta name=\"robots\" content=\"index, follow, max-snippet:-1, max-image-preview:large, max-video-preview:-1\" \/>\n<link rel=\"canonical\" href=\"https:\/\/www.neuraxpharm.com\/de\/impressum\" \/>\n<meta property=\"og:locale\" content=\"de_DE\" \/>\n<meta property=\"og:type\" content=\"article\" \/>\n<meta property=\"og:title\" content=\"Impressum\" \/>\n<meta property=\"og:description\" content=\"Impressum neuraxpharm\u00ae Arzneimittel GmbH Elisabeth-Selbert-Str. 23D-40764 Langenfeld Telefon: 02173 \u2013 1060-0 Telefon f\u00fcr den Customer Service: 02173 \u2013 1060-200 Telefax f\u00fcr den Customer Service: 02173 \u2013 1060-333 E-Mail f\u00fcr den Customer Service:\u00a0bestellung@neuraxpharm.de E-Mail: info@neuraxpharm.de Internet: https:\/\/www.neuraxpharm.com\/de\u00a0 Sitz der Gesellschaft: Langenfeld Amtsgericht D\u00fcsseldorf: HRB 93523 Vertreten durch die Gesch\u00e4ftsf\u00fchrer: Dr. J\u00f6rg Thomas Dierks, Dr. Maximilian von [&hellip;]\" \/>\n<meta property=\"og:url\" content=\"https:\/\/www.neuraxpharm.com\/de\/impressum\" \/>\n<meta property=\"og:site_name\" content=\"Neuraxpharm Deutsch\" \/>\n<meta property=\"article:modified_time\" content=\"2025-07-02T10:00:18+00:00\" \/>\n<meta name=\"twitter:card\" content=\"summary_large_image\" \/>\n<meta name=\"twitter:label1\" content=\"Gesch\u00e4tzte Lesezeit\" \/>\n\t<meta name=\"twitter:data1\" content=\"2\u00a0Minuten\" \/>\n<script type=\"application\/ld+json\" class=\"yoast-schema-graph\">{\"@context\":\"https:\/\/schema.org\",\"@graph\":[{\"@type\":\"WebPage\",\"@id\":\"https:\/\/www.neuraxpharm.com\/de\/impressum\",\"url\":\"https:\/\/www.neuraxpharm.com\/de\/impressum\",\"name\":\"Impressum - Neuraxpharm Deutsch\",\"isPartOf\":{\"@id\":\"https:\/\/www.neuraxpharm.com\/de\/#website\"},\"datePublished\":\"2021-03-18T14:01:11+00:00\",\"dateModified\":\"2025-07-02T10:00:18+00:00\",\"inLanguage\":\"de\",\"potentialAction\":[{\"@type\":\"ReadAction\",\"target\":[\"https:\/\/www.neuraxpharm.com\/de\/impressum\"]}]},{\"@type\":\"WebSite\",\"@id\":\"https:\/\/www.neuraxpharm.com\/de\/#website\",\"url\":\"https:\/\/www.neuraxpharm.com\/de\/\",\"name\":\"Neuraxpharm Deutsch\",\"description\":\"Ein europ\u00e4ischer Marktf\u00fchrer f\u00fcr CNS-Produkte\",\"potentialAction\":[{\"@type\":\"SearchAction\",\"target\":{\"@type\":\"EntryPoint\",\"urlTemplate\":\"https:\/\/www.neuraxpharm.com\/de\/?s={search_term_string}\"},\"query-input\":{\"@type\":\"PropertyValueSpecification\",\"valueRequired\":true,\"valueName\":\"search_term_string\"}}],\"inLanguage\":\"de\"}]}<\/script>\n<!-- \/ Yoast SEO Premium plugin. -->","yoast_head_json":{"title":"Impressum - Neuraxpharm Deutsch","robots":{"index":"index","follow":"follow","max-snippet":"max-snippet:-1","max-image-preview":"max-image-preview:large","max-video-preview":"max-video-preview:-1"},"canonical":"https:\/\/www.neuraxpharm.com\/de\/impressum","og_locale":"de_DE","og_type":"article","og_title":"Impressum","og_description":"Impressum neuraxpharm\u00ae Arzneimittel GmbH Elisabeth-Selbert-Str. 23D-40764 Langenfeld Telefon: 02173 \u2013 1060-0 Telefon f\u00fcr den Customer Service: 02173 \u2013 1060-200 Telefax f\u00fcr den Customer Service: 02173 \u2013 1060-333 E-Mail f\u00fcr den Customer Service:\u00a0bestellung@neuraxpharm.de E-Mail: info@neuraxpharm.de Internet: https:\/\/www.neuraxpharm.com\/de\u00a0 Sitz der Gesellschaft: Langenfeld Amtsgericht D\u00fcsseldorf: HRB 93523 Vertreten durch die Gesch\u00e4ftsf\u00fchrer: Dr. J\u00f6rg Thomas Dierks, Dr. Maximilian von [&hellip;]","og_url":"https:\/\/www.neuraxpharm.com\/de\/impressum","og_site_name":"Neuraxpharm Deutsch","article_modified_time":"2025-07-02T10:00:18+00:00","twitter_card":"summary_large_image","twitter_misc":{"Gesch\u00e4tzte Lesezeit":"2\u00a0Minuten"},"schema":{"@context":"https:\/\/schema.org","@graph":[{"@type":"WebPage","@id":"https:\/\/www.neuraxpharm.com\/de\/impressum","url":"https:\/\/www.neuraxpharm.com\/de\/impressum","name":"Impressum - Neuraxpharm Deutsch","isPartOf":{"@id":"https:\/\/www.neuraxpharm.com\/de\/#website"},"datePublished":"2021-03-18T14:01:11+00:00","dateModified":"2025-07-02T10:00:18+00:00","inLanguage":"de","potentialAction":[{"@type":"ReadAction","target":["https:\/\/www.neuraxpharm.com\/de\/impressum"]}]},{"@type":"WebSite","@id":"https:\/\/www.neuraxpharm.com\/de\/#website","url":"https:\/\/www.neuraxpharm.com\/de\/","name":"Neuraxpharm Deutsch","description":"Ein europ\u00e4ischer Marktf\u00fchrer f\u00fcr CNS-Produkte","potentialAction":[{"@type":"SearchAction","target":{"@type":"EntryPoint","urlTemplate":"https:\/\/www.neuraxpharm.com\/de\/?s={search_term_string}"},"query-input":{"@type":"PropertyValueSpecification","valueRequired":true,"valueName":"search_term_string"}}],"inLanguage":"de"}]}},"acf":[],"_links":{"self":[{"href":"https:\/\/www.neuraxpharm.com\/de\/wp-json\/wp\/v2\/pages\/5461","targetHints":{"allow":["GET"]}}],"collection":[{"href":"https:\/\/www.neuraxpharm.com\/de\/wp-json\/wp\/v2\/pages"}],"about":[{"href":"https:\/\/www.neuraxpharm.com\/de\/wp-json\/wp\/v2\/types\/page"}],"author":[{"embeddable":true,"href":"https:\/\/www.neuraxpharm.com\/de\/wp-json\/wp\/v2\/users\/1"}],"replies":[{"embeddable":true,"href":"https:\/\/www.neuraxpharm.com\/de\/wp-json\/wp\/v2\/comments?post=5461"}],"version-history":[{"count":12,"href":"https:\/\/www.neuraxpharm.com\/de\/wp-json\/wp\/v2\/pages\/5461\/revisions"}],"predecessor-version":[{"id":41028,"href":"https:\/\/www.neuraxpharm.com\/de\/wp-json\/wp\/v2\/pages\/5461\/revisions\/41028"}],"wp:attachment":[{"href":"https:\/\/www.neuraxpharm.com\/de\/wp-json\/wp\/v2\/media?parent=5461"}],"curies":[{"name":"wp","href":"https:\/\/api.w.org\/{rel}","templated":true}]}}