{"id":40223,"date":"2024-06-18T07:52:43","date_gmt":"2024-06-18T07:52:43","guid":{"rendered":"https:\/\/www.neuraxpharm.com\/de\/restricted-login-3"},"modified":"2024-06-18T07:52:43","modified_gmt":"2024-06-18T07:52:43","slug":"restricted-login-3","status":"publish","type":"page","link":"https:\/\/www.neuraxpharm.com\/de\/restricted-login-3","title":{"rendered":"DocCheck Login"},"content":{"rendered":"            <div class=\"dc-login-wrapper\">\n                <iframe frameborder=\"0\" scrolling=\"no\" name=\"dc-login-iframe\" id=\"dc-login-iframe\"\n                    width=\"467\"                    height=\"231\"                        src=\"https:\/\/login.doccheck.com\/code\/de\/2000000013902\/xl_red\/return_uri=https:{slash}{slash}www.neuraxpharm.com{slash}de{slash}fachinformationen\/\">\n                    <a href=\"https:\/\/login.doccheck.com\/code\/de\/2000000013902\/xl_red\/return_uri=https:{slash}{slash}www.neuraxpharm.com{slash}de{slash}fachinformationen\/\"\n                       target=\"_blank\"><\/a>\n                <\/iframe>\n            <\/div>\n        \n","protected":false},"excerpt":{"rendered":"","protected":false},"author":2,"featured_media":0,"parent":0,"menu_order":0,"comment_status":"closed","ping_status":"closed","template":"","meta":{"_acf_changed":false,"footnotes":""},"class_list":["post-40223","page","type-page","status-publish","hentry"],"yoast_head":"<!-- This site is optimized with the Yoast SEO Premium plugin v27.2 (Yoast SEO v27.2) - https:\/\/yoast.com\/product\/yoast-seo-premium-wordpress\/ -->\n<title>DocCheck Login - Neuraxpharm Deutsch<\/title>\n<meta name=\"robots\" content=\"index, follow, max-snippet:-1, max-image-preview:large, max-video-preview:-1\" \/>\n<link rel=\"canonical\" href=\"https:\/\/www.neuraxpharm.com\/de\/restricted-login-3\" \/>\n<meta property=\"og:locale\" content=\"de_DE\" \/>\n<meta property=\"og:type\" content=\"article\" \/>\n<meta property=\"og:title\" content=\"DocCheck Login\" \/>\n<meta property=\"og:url\" content=\"https:\/\/www.neuraxpharm.com\/de\/restricted-login-3\" \/>\n<meta property=\"og:site_name\" content=\"Neuraxpharm Deutsch\" \/>\n<meta name=\"twitter:card\" content=\"summary_large_image\" \/>\n<script type=\"application\/ld+json\" class=\"yoast-schema-graph\">{\"@context\":\"https:\/\/schema.org\",\"@graph\":[{\"@type\":\"WebPage\",\"@id\":\"https:\/\/www.neuraxpharm.com\/de\/restricted-login-3\",\"url\":\"https:\/\/www.neuraxpharm.com\/de\/restricted-login-3\",\"name\":\"DocCheck Login - Neuraxpharm Deutsch\",\"isPartOf\":{\"@id\":\"https:\/\/www.neuraxpharm.com\/de\/#website\"},\"datePublished\":\"2024-06-18T07:52:43+00:00\",\"inLanguage\":\"de\",\"potentialAction\":[{\"@type\":\"ReadAction\",\"target\":[\"https:\/\/www.neuraxpharm.com\/de\/restricted-login-3\"]}]},{\"@type\":\"WebSite\",\"@id\":\"https:\/\/www.neuraxpharm.com\/de\/#website\",\"url\":\"https:\/\/www.neuraxpharm.com\/de\/\",\"name\":\"Neuraxpharm Deutsch\",\"description\":\"Ein europ\u00e4ischer Marktf\u00fchrer f\u00fcr CNS-Produkte\",\"potentialAction\":[{\"@type\":\"SearchAction\",\"target\":{\"@type\":\"EntryPoint\",\"urlTemplate\":\"https:\/\/www.neuraxpharm.com\/de\/?s={search_term_string}\"},\"query-input\":{\"@type\":\"PropertyValueSpecification\",\"valueRequired\":true,\"valueName\":\"search_term_string\"}}],\"inLanguage\":\"de\"}]}<\/script>\n<!-- \/ Yoast SEO Premium plugin. -->","yoast_head_json":{"title":"DocCheck Login - Neuraxpharm Deutsch","robots":{"index":"index","follow":"follow","max-snippet":"max-snippet:-1","max-image-preview":"max-image-preview:large","max-video-preview":"max-video-preview:-1"},"canonical":"https:\/\/www.neuraxpharm.com\/de\/restricted-login-3","og_locale":"de_DE","og_type":"article","og_title":"DocCheck Login","og_url":"https:\/\/www.neuraxpharm.com\/de\/restricted-login-3","og_site_name":"Neuraxpharm Deutsch","twitter_card":"summary_large_image","schema":{"@context":"https:\/\/schema.org","@graph":[{"@type":"WebPage","@id":"https:\/\/www.neuraxpharm.com\/de\/restricted-login-3","url":"https:\/\/www.neuraxpharm.com\/de\/restricted-login-3","name":"DocCheck Login - Neuraxpharm Deutsch","isPartOf":{"@id":"https:\/\/www.neuraxpharm.com\/de\/#website"},"datePublished":"2024-06-18T07:52:43+00:00","inLanguage":"de","potentialAction":[{"@type":"ReadAction","target":["https:\/\/www.neuraxpharm.com\/de\/restricted-login-3"]}]},{"@type":"WebSite","@id":"https:\/\/www.neuraxpharm.com\/de\/#website","url":"https:\/\/www.neuraxpharm.com\/de\/","name":"Neuraxpharm Deutsch","description":"Ein europ\u00e4ischer Marktf\u00fchrer f\u00fcr CNS-Produkte","potentialAction":[{"@type":"SearchAction","target":{"@type":"EntryPoint","urlTemplate":"https:\/\/www.neuraxpharm.com\/de\/?s={search_term_string}"},"query-input":{"@type":"PropertyValueSpecification","valueRequired":true,"valueName":"search_term_string"}}],"inLanguage":"de"}]}},"acf":[],"_links":{"self":[{"href":"https:\/\/www.neuraxpharm.com\/de\/wp-json\/wp\/v2\/pages\/40223","targetHints":{"allow":["GET"]}}],"collection":[{"href":"https:\/\/www.neuraxpharm.com\/de\/wp-json\/wp\/v2\/pages"}],"about":[{"href":"https:\/\/www.neuraxpharm.com\/de\/wp-json\/wp\/v2\/types\/page"}],"author":[{"embeddable":true,"href":"https:\/\/www.neuraxpharm.com\/de\/wp-json\/wp\/v2\/users\/2"}],"replies":[{"embeddable":true,"href":"https:\/\/www.neuraxpharm.com\/de\/wp-json\/wp\/v2\/comments?post=40223"}],"version-history":[{"count":0,"href":"https:\/\/www.neuraxpharm.com\/de\/wp-json\/wp\/v2\/pages\/40223\/revisions"}],"wp:attachment":[{"href":"https:\/\/www.neuraxpharm.com\/de\/wp-json\/wp\/v2\/media?parent=40223"}],"curies":[{"name":"wp","href":"https:\/\/api.w.org\/{rel}","templated":true}]}}