{"id":26752,"date":"2021-10-20T08:30:35","date_gmt":"2021-10-20T08:30:35","guid":{"rendered":"https:\/\/www.neuraxpharm.com\/de\/?page_id=26752"},"modified":"2025-12-09T10:21:21","modified_gmt":"2025-12-09T10:21:21","slug":"pharmakovigilanz","status":"publish","type":"page","link":"https:\/\/www.neuraxpharm.com\/de\/kontakt\/pharmakovigilanz","title":{"rendered":"Nebenwirkungen melden"},"content":{"rendered":"\t\t<div data-elementor-type=\"wp-page\" data-elementor-id=\"26752\" class=\"elementor elementor-26752\" data-elementor-post-type=\"page\">\n\t\t\t\t\t\t<section class=\"elementor-section elementor-top-section elementor-element elementor-element-a4ef7a0 pharma elementor-section-boxed elementor-section-height-default elementor-section-height-default\" data-id=\"a4ef7a0\" data-element_type=\"section\" data-e-type=\"section\" data-settings=\"{&quot;jet_parallax_layout_list&quot;:[{&quot;jet_parallax_layout_image&quot;:{&quot;url&quot;:&quot;&quot;,&quot;id&quot;:&quot;&quot;,&quot;size&quot;:&quot;&quot;},&quot;_id&quot;:&quot;50f3740&quot;,&quot;jet_parallax_layout_image_tablet&quot;:{&quot;url&quot;:&quot;&quot;,&quot;id&quot;:&quot;&quot;,&quot;size&quot;:&quot;&quot;},&quot;jet_parallax_layout_image_mobile&quot;:{&quot;url&quot;:&quot;&quot;,&quot;id&quot;:&quot;&quot;,&quot;size&quot;:&quot;&quot;},&quot;jet_parallax_layout_speed&quot;:{&quot;unit&quot;:&quot;%&quot;,&quot;size&quot;:50,&quot;sizes&quot;:[]},&quot;jet_parallax_layout_type&quot;:&quot;scroll&quot;,&quot;jet_parallax_layout_direction&quot;:&quot;1&quot;,&quot;jet_parallax_layout_fx_direction&quot;:null,&quot;jet_parallax_layout_z_index&quot;:&quot;&quot;,&quot;jet_parallax_layout_bg_x&quot;:50,&quot;jet_parallax_layout_bg_x_tablet&quot;:&quot;&quot;,&quot;jet_parallax_layout_bg_x_mobile&quot;:&quot;&quot;,&quot;jet_parallax_layout_bg_y&quot;:50,&quot;jet_parallax_layout_bg_y_tablet&quot;:&quot;&quot;,&quot;jet_parallax_layout_bg_y_mobile&quot;:&quot;&quot;,&quot;jet_parallax_layout_bg_size&quot;:&quot;auto&quot;,&quot;jet_parallax_layout_bg_size_tablet&quot;:&quot;&quot;,&quot;jet_parallax_layout_bg_size_mobile&quot;:&quot;&quot;,&quot;jet_parallax_layout_animation_prop&quot;:&quot;transform&quot;,&quot;jet_parallax_layout_on&quot;:[&quot;desktop&quot;,&quot;tablet&quot;]}]}\">\n\t\t\t\t\t\t<div class=\"elementor-container elementor-column-gap-default\">\n\t\t\t\t\t<div class=\"elementor-column elementor-col-100 elementor-top-column elementor-element elementor-element-6c1ec9b\" data-id=\"6c1ec9b\" data-element_type=\"column\" data-e-type=\"column\">\n\t\t\t<div class=\"elementor-widget-wrap elementor-element-populated\">\n\t\t\t\t\t\t<div class=\"elementor-element elementor-element-fb44926 break elementor-widget elementor-widget-heading\" data-id=\"fb44926\" data-element_type=\"widget\" data-e-type=\"widget\" data-widget_type=\"heading.default\">\n\t\t\t\t<div class=\"elementor-widget-container\">\n\t\t\t\t\t<h1 class=\"elementor-heading-title elementor-size-default\">Nebenwirkungsmeldungen<\/h1>\t\t\t\t<\/div>\n\t\t\t\t<\/div>\n\t\t\t\t<div class=\"elementor-element elementor-element-8da77e3 elementor-widget elementor-widget-text-editor\" data-id=\"8da77e3\" data-element_type=\"widget\" data-e-type=\"widget\" data-widget_type=\"text-editor.default\">\n\t\t\t\t<div class=\"elementor-widget-container\">\n\t\t\t\t\t\t\t\t\t<p>Die Firma neuraxpharm<sup>\u00ae<\/sup>\u00a0Arzneimittel GmbH hat aus Gr\u00fcnden der Arzneimittelsicherheit und des Arzneimittelgesetzes die Verpflichtung, Informationen, die Sie uns in diesem Formular, per Email, schriftlich oder telefonisch zur Verf\u00fcgung stellen, zu erfassen. Diese Informationen k\u00f6nnen zum Zweck der Auswertung und des Vergleiches mit anderen f\u00fcr dieses Produkt bzw. f\u00fcr diesen Wirkstoff erfassten Nebenwirkungsmeldungen an andere Dienstleistungsunternehmen sowie nationale und Europ\u00e4ische Beh\u00f6rden weitergegeben werden, um das Nutzen-Risiko Verh\u00e4ltnis des verwendeten Arzneimittels zu bewerten und n\u00f6tigenfalls die Fachinformation zu aktualisieren. Die von Ihnen abgegebenen Daten werden im Einklang mit dem geltenden Datenschutzrecht verarbeitet und k\u00f6nnen auf Grundlage eines rechtlich genehmigten Transfermechanismus auch au\u00dferhalb der EU gespeichert werden. Angaben zu Ihrer Person werden dabei pseudonymisiert erfasst, so dass eine R\u00fcckverfolgbarkeit auf Sie nicht m\u00f6glich ist. Bitte benachrichtigen Sie uns, falls Sie mit der Verwendung Ihrer Daten nicht einverstanden sind und gegen ihre weitere Verarbeitung Einspruch erheben wollen oder falls Sie Ihre pers\u00f6nlichen Daten einsehen wollen. Ausf\u00fchrlichere Informationen dazu finden Sie in unserer\u00a0<a href=\"https:\/\/www.neuraxpharm.com\/de\/datenschutzerklaerung-und-nutzungsbedingungen\" target=\"_blank\" rel=\"noopener\">Datenschutzerkl\u00e4rung<\/a>. Falls Sie nicht \u00fcber sich selbst berichten, sollten Sie den Betroffenen auf diese Mitteilung hinweisen, auch wenn Sie sein Einverst\u00e4ndnis nicht einholen m\u00fcssen, um Informationen \u00fcber ihn abzugeben. Ferner bin ich damit einverstanden, dass die Firma neuraxpharm<sup>\u00ae<\/sup>\u00a0Arzneimittel GmbH mich f\u00fcr Status-Aktualisierungen zu meiner Nebenwirkungsmeldung und f\u00fcr R\u00fcckfragen kontaktieren darf.<\/p><p>Falls Sie Nebenwirkungen zu neuraxpharm<sup>\u00ae<\/sup>\u00a0Arzneimitteln melden m\u00f6chten, nutzen Sie bitte die nachstehenden Kontaktm\u00f6glichkeiten:<\/p><ul><li>unter der Telefonnummer 0 21 73 \u2013 10 60 \u2013 204 (w\u00e4hrend der Gesch\u00e4ftszeiten)<\/li><li>unter der Faxnummer 0 21 73 \u2013 10 60 \u2013 570<\/li><li>oder per eMail unter\u00a0<a class=\"break\" href=\"mailto:nebenwirkungsmeldungen@neuraxpharm.de\" target=\"_blank\" rel=\"noopener\">nebenwirkungsmeldungen@neuraxpharm.de<\/a><\/li><\/ul><p>In dringenden Notf\u00e4llen erreichen Sie uns werktags ab 18:00 Uhr, sowie an Wochenenden und an den gesetzlichen Feiertagen unter der Rufnummer: 02173 -1060-444.<\/p>\t\t\t\t\t\t\t\t<\/div>\n\t\t\t\t<\/div>\n\t\t\t\t\t<\/div>\n\t\t<\/div>\n\t\t\t\t\t<\/div>\n\t\t<\/section>\n\t\t\t\t<\/div>\n\t\t","protected":false},"excerpt":{"rendered":"<p>Nebenwirkungsmeldungen Die Firma neuraxpharm\u00ae\u00a0Arzneimittel GmbH hat aus Gr\u00fcnden der Arzneimittelsicherheit und des Arzneimittelgesetzes die Verpflichtung, Informationen, die Sie uns in diesem Formular, per Email, schriftlich oder telefonisch zur Verf\u00fcgung stellen, zu erfassen. Diese Informationen k\u00f6nnen zum Zweck der Auswertung und des Vergleiches mit anderen f\u00fcr dieses Produkt bzw. f\u00fcr diesen Wirkstoff erfassten Nebenwirkungsmeldungen an andere [&hellip;]<\/p>\n","protected":false},"author":1,"featured_media":0,"parent":3392,"menu_order":0,"comment_status":"closed","ping_status":"closed","template":"elementor_header_footer","meta":{"_acf_changed":false,"footnotes":""},"class_list":["post-26752","page","type-page","status-publish","hentry"],"yoast_head":"<!-- This site is optimized with the Yoast SEO Premium plugin v27.2 (Yoast SEO v27.2) - https:\/\/yoast.com\/product\/yoast-seo-premium-wordpress\/ -->\n<title>Nebenwirkungen melden - Neuraxpharm Deutsch<\/title>\n<meta name=\"robots\" content=\"index, follow, max-snippet:-1, max-image-preview:large, max-video-preview:-1\" \/>\n<link rel=\"canonical\" href=\"https:\/\/www.neuraxpharm.com\/de\/kontakt\/pharmakovigilanz\" \/>\n<meta property=\"og:locale\" content=\"de_DE\" \/>\n<meta property=\"og:type\" content=\"article\" \/>\n<meta property=\"og:title\" content=\"Nebenwirkungen melden\" \/>\n<meta property=\"og:description\" content=\"Nebenwirkungsmeldungen Die Firma neuraxpharm\u00ae\u00a0Arzneimittel GmbH hat aus Gr\u00fcnden der Arzneimittelsicherheit und des Arzneimittelgesetzes die Verpflichtung, Informationen, die Sie uns in diesem Formular, per Email, schriftlich oder telefonisch zur Verf\u00fcgung stellen, zu erfassen. Diese Informationen k\u00f6nnen zum Zweck der Auswertung und des Vergleiches mit anderen f\u00fcr dieses Produkt bzw. f\u00fcr diesen Wirkstoff erfassten Nebenwirkungsmeldungen an andere [&hellip;]\" \/>\n<meta property=\"og:url\" content=\"https:\/\/www.neuraxpharm.com\/de\/kontakt\/pharmakovigilanz\" \/>\n<meta property=\"og:site_name\" content=\"Neuraxpharm Deutsch\" \/>\n<meta property=\"article:modified_time\" content=\"2025-12-09T10:21:21+00:00\" \/>\n<meta name=\"twitter:card\" content=\"summary_large_image\" \/>\n<meta name=\"twitter:label1\" content=\"Gesch\u00e4tzte Lesezeit\" \/>\n\t<meta name=\"twitter:data1\" content=\"2\u00a0Minuten\" \/>\n<script type=\"application\/ld+json\" class=\"yoast-schema-graph\">{\"@context\":\"https:\/\/schema.org\",\"@graph\":[{\"@type\":\"WebPage\",\"@id\":\"https:\/\/www.neuraxpharm.com\/de\/kontakt\/pharmakovigilanz\",\"url\":\"https:\/\/www.neuraxpharm.com\/de\/kontakt\/pharmakovigilanz\",\"name\":\"Nebenwirkungen melden - Neuraxpharm Deutsch\",\"isPartOf\":{\"@id\":\"https:\/\/www.neuraxpharm.com\/de\/#website\"},\"datePublished\":\"2021-10-20T08:30:35+00:00\",\"dateModified\":\"2025-12-09T10:21:21+00:00\",\"breadcrumb\":{\"@id\":\"https:\/\/www.neuraxpharm.com\/de\/kontakt\/pharmakovigilanz#breadcrumb\"},\"inLanguage\":\"de\",\"potentialAction\":[{\"@type\":\"ReadAction\",\"target\":[\"https:\/\/www.neuraxpharm.com\/de\/kontakt\/pharmakovigilanz\"]}]},{\"@type\":\"BreadcrumbList\",\"@id\":\"https:\/\/www.neuraxpharm.com\/de\/kontakt\/pharmakovigilanz#breadcrumb\",\"itemListElement\":[{\"@type\":\"ListItem\",\"position\":1,\"name\":\"Kontakt\",\"item\":\"https:\/\/www.neuraxpharm.com\/de\/kontakt\"},{\"@type\":\"ListItem\",\"position\":2,\"name\":\"Nebenwirkungen melden\"}]},{\"@type\":\"WebSite\",\"@id\":\"https:\/\/www.neuraxpharm.com\/de\/#website\",\"url\":\"https:\/\/www.neuraxpharm.com\/de\/\",\"name\":\"Neuraxpharm Deutsch\",\"description\":\"Ein europ\u00e4ischer Marktf\u00fchrer f\u00fcr CNS-Produkte\",\"potentialAction\":[{\"@type\":\"SearchAction\",\"target\":{\"@type\":\"EntryPoint\",\"urlTemplate\":\"https:\/\/www.neuraxpharm.com\/de\/?s={search_term_string}\"},\"query-input\":{\"@type\":\"PropertyValueSpecification\",\"valueRequired\":true,\"valueName\":\"search_term_string\"}}],\"inLanguage\":\"de\"}]}<\/script>\n<!-- \/ Yoast SEO Premium plugin. -->","yoast_head_json":{"title":"Nebenwirkungen melden - Neuraxpharm Deutsch","robots":{"index":"index","follow":"follow","max-snippet":"max-snippet:-1","max-image-preview":"max-image-preview:large","max-video-preview":"max-video-preview:-1"},"canonical":"https:\/\/www.neuraxpharm.com\/de\/kontakt\/pharmakovigilanz","og_locale":"de_DE","og_type":"article","og_title":"Nebenwirkungen melden","og_description":"Nebenwirkungsmeldungen Die Firma neuraxpharm\u00ae\u00a0Arzneimittel GmbH hat aus Gr\u00fcnden der Arzneimittelsicherheit und des Arzneimittelgesetzes die Verpflichtung, Informationen, die Sie uns in diesem Formular, per Email, schriftlich oder telefonisch zur Verf\u00fcgung stellen, zu erfassen. Diese Informationen k\u00f6nnen zum Zweck der Auswertung und des Vergleiches mit anderen f\u00fcr dieses Produkt bzw. f\u00fcr diesen Wirkstoff erfassten Nebenwirkungsmeldungen an andere [&hellip;]","og_url":"https:\/\/www.neuraxpharm.com\/de\/kontakt\/pharmakovigilanz","og_site_name":"Neuraxpharm Deutsch","article_modified_time":"2025-12-09T10:21:21+00:00","twitter_card":"summary_large_image","twitter_misc":{"Gesch\u00e4tzte Lesezeit":"2\u00a0Minuten"},"schema":{"@context":"https:\/\/schema.org","@graph":[{"@type":"WebPage","@id":"https:\/\/www.neuraxpharm.com\/de\/kontakt\/pharmakovigilanz","url":"https:\/\/www.neuraxpharm.com\/de\/kontakt\/pharmakovigilanz","name":"Nebenwirkungen melden - Neuraxpharm Deutsch","isPartOf":{"@id":"https:\/\/www.neuraxpharm.com\/de\/#website"},"datePublished":"2021-10-20T08:30:35+00:00","dateModified":"2025-12-09T10:21:21+00:00","breadcrumb":{"@id":"https:\/\/www.neuraxpharm.com\/de\/kontakt\/pharmakovigilanz#breadcrumb"},"inLanguage":"de","potentialAction":[{"@type":"ReadAction","target":["https:\/\/www.neuraxpharm.com\/de\/kontakt\/pharmakovigilanz"]}]},{"@type":"BreadcrumbList","@id":"https:\/\/www.neuraxpharm.com\/de\/kontakt\/pharmakovigilanz#breadcrumb","itemListElement":[{"@type":"ListItem","position":1,"name":"Kontakt","item":"https:\/\/www.neuraxpharm.com\/de\/kontakt"},{"@type":"ListItem","position":2,"name":"Nebenwirkungen melden"}]},{"@type":"WebSite","@id":"https:\/\/www.neuraxpharm.com\/de\/#website","url":"https:\/\/www.neuraxpharm.com\/de\/","name":"Neuraxpharm Deutsch","description":"Ein europ\u00e4ischer Marktf\u00fchrer f\u00fcr CNS-Produkte","potentialAction":[{"@type":"SearchAction","target":{"@type":"EntryPoint","urlTemplate":"https:\/\/www.neuraxpharm.com\/de\/?s={search_term_string}"},"query-input":{"@type":"PropertyValueSpecification","valueRequired":true,"valueName":"search_term_string"}}],"inLanguage":"de"}]}},"acf":[],"_links":{"self":[{"href":"https:\/\/www.neuraxpharm.com\/de\/wp-json\/wp\/v2\/pages\/26752","targetHints":{"allow":["GET"]}}],"collection":[{"href":"https:\/\/www.neuraxpharm.com\/de\/wp-json\/wp\/v2\/pages"}],"about":[{"href":"https:\/\/www.neuraxpharm.com\/de\/wp-json\/wp\/v2\/types\/page"}],"author":[{"embeddable":true,"href":"https:\/\/www.neuraxpharm.com\/de\/wp-json\/wp\/v2\/users\/1"}],"replies":[{"embeddable":true,"href":"https:\/\/www.neuraxpharm.com\/de\/wp-json\/wp\/v2\/comments?post=26752"}],"version-history":[{"count":1,"href":"https:\/\/www.neuraxpharm.com\/de\/wp-json\/wp\/v2\/pages\/26752\/revisions"}],"predecessor-version":[{"id":26754,"href":"https:\/\/www.neuraxpharm.com\/de\/wp-json\/wp\/v2\/pages\/26752\/revisions\/26754"}],"up":[{"embeddable":true,"href":"https:\/\/www.neuraxpharm.com\/de\/wp-json\/wp\/v2\/pages\/3392"}],"wp:attachment":[{"href":"https:\/\/www.neuraxpharm.com\/de\/wp-json\/wp\/v2\/media?parent=26752"}],"curies":[{"name":"wp","href":"https:\/\/api.w.org\/{rel}","templated":true}]}}