{"id":21554,"date":"2021-05-05T16:02:40","date_gmt":"2021-05-05T16:02:40","guid":{"rendered":"https:\/\/www.neuraxpharm.com\/de\/?page_id=21554"},"modified":"2025-04-15T14:27:01","modified_gmt":"2025-04-15T14:27:01","slug":"dockcheck","status":"publish","type":"page","link":"https:\/\/www.neuraxpharm.com\/de\/dockcheck","title":{"rendered":"Dockcheck"},"content":{"rendered":"\t\t<div data-elementor-type=\"wp-page\" data-elementor-id=\"21554\" class=\"elementor elementor-21554\" data-elementor-post-type=\"page\">\n\t\t\t\t\t\t<section class=\"elementor-section elementor-top-section elementor-element elementor-element-ee81a13 elementor-section-height-min-height elementor-section-content-middle elementor-section-boxed elementor-section-height-default elementor-section-items-middle\" data-id=\"ee81a13\" data-element_type=\"section\" data-e-type=\"section\" data-settings=\"{&quot;jet_parallax_layout_list&quot;:[{&quot;jet_parallax_layout_image&quot;:{&quot;url&quot;:&quot;&quot;,&quot;id&quot;:&quot;&quot;,&quot;size&quot;:&quot;&quot;},&quot;_id&quot;:&quot;93c4b81&quot;,&quot;jet_parallax_layout_image_tablet&quot;:{&quot;url&quot;:&quot;&quot;,&quot;id&quot;:&quot;&quot;,&quot;size&quot;:&quot;&quot;},&quot;jet_parallax_layout_image_mobile&quot;:{&quot;url&quot;:&quot;&quot;,&quot;id&quot;:&quot;&quot;,&quot;size&quot;:&quot;&quot;},&quot;jet_parallax_layout_speed&quot;:{&quot;unit&quot;:&quot;%&quot;,&quot;size&quot;:50,&quot;sizes&quot;:[]},&quot;jet_parallax_layout_type&quot;:&quot;scroll&quot;,&quot;jet_parallax_layout_direction&quot;:&quot;1&quot;,&quot;jet_parallax_layout_fx_direction&quot;:null,&quot;jet_parallax_layout_z_index&quot;:&quot;&quot;,&quot;jet_parallax_layout_bg_x&quot;:50,&quot;jet_parallax_layout_bg_x_tablet&quot;:&quot;&quot;,&quot;jet_parallax_layout_bg_x_mobile&quot;:&quot;&quot;,&quot;jet_parallax_layout_bg_y&quot;:50,&quot;jet_parallax_layout_bg_y_tablet&quot;:&quot;&quot;,&quot;jet_parallax_layout_bg_y_mobile&quot;:&quot;&quot;,&quot;jet_parallax_layout_bg_size&quot;:&quot;auto&quot;,&quot;jet_parallax_layout_bg_size_tablet&quot;:&quot;&quot;,&quot;jet_parallax_layout_bg_size_mobile&quot;:&quot;&quot;,&quot;jet_parallax_layout_animation_prop&quot;:&quot;transform&quot;,&quot;jet_parallax_layout_on&quot;:[&quot;desktop&quot;,&quot;tablet&quot;]}]}\">\n\t\t\t\t\t\t<div class=\"elementor-container elementor-column-gap-default\">\n\t\t\t\t\t<div class=\"elementor-column elementor-col-33 elementor-top-column elementor-element elementor-element-13c1c33\" data-id=\"13c1c33\" data-element_type=\"column\" data-e-type=\"column\">\n\t\t\t<div class=\"elementor-widget-wrap\">\n\t\t\t\t\t\t\t<\/div>\n\t\t<\/div>\n\t\t\t\t<div class=\"elementor-column elementor-col-33 elementor-top-column elementor-element elementor-element-5130a8e\" data-id=\"5130a8e\" data-element_type=\"column\" data-e-type=\"column\">\n\t\t\t<div class=\"elementor-widget-wrap elementor-element-populated\">\n\t\t\t\t\t\t<div class=\"elementor-element elementor-element-46ead59 elementor-widget elementor-widget-html\" data-id=\"46ead59\" data-element_type=\"widget\" data-e-type=\"widget\" data-widget_type=\"html.default\">\n\t\t\t\t<div class=\"elementor-widget-container\">\n\t\t\t\t\t<iframe align=\"left\" frameborder=\"0\" scrolling=\"no\" width=\"400\" height=\"200\" name=\"dc_login_iframe\" id=\"dc_login_iframe\" src=\"https:\/\/login.doccheck.com\/code\/de\/2000000016898\/login_m\/\" ><a href=\"https:\/\/login.doccheck.com\/code\/de\/2000000016898\/login_m\/\" target=\"_blank\">LOGIN<\/a><\/iframe>\t\t\t\t<\/div>\n\t\t\t\t<\/div>\n\t\t\t\t\t<\/div>\n\t\t<\/div>\n\t\t\t\t<div class=\"elementor-column elementor-col-33 elementor-top-column elementor-element elementor-element-2433ce9\" data-id=\"2433ce9\" data-element_type=\"column\" data-e-type=\"column\">\n\t\t\t<div class=\"elementor-widget-wrap\">\n\t\t\t\t\t\t\t<\/div>\n\t\t<\/div>\n\t\t\t\t\t<\/div>\n\t\t<\/section>\n\t\t\t\t<\/div>\n\t\t","protected":false},"excerpt":{"rendered":"<p>LOGIN<\/p>\n","protected":false},"author":1,"featured_media":0,"parent":0,"menu_order":0,"comment_status":"closed","ping_status":"closed","template":"elementor_header_footer","meta":{"_acf_changed":false,"footnotes":""},"class_list":["post-21554","page","type-page","status-publish","hentry"],"yoast_head":"<!-- This site is optimized with the Yoast SEO Premium plugin v27.2 (Yoast SEO v27.5) - https:\/\/yoast.com\/product\/yoast-seo-premium-wordpress\/ -->\n<title>Dockcheck - Neuraxpharm Deutsch<\/title>\n<meta name=\"robots\" content=\"index, follow, max-snippet:-1, max-image-preview:large, max-video-preview:-1\" \/>\n<link rel=\"canonical\" href=\"https:\/\/www.neuraxpharm.com\/de\/dockcheck\" \/>\n<meta property=\"og:locale\" content=\"de_DE\" \/>\n<meta property=\"og:type\" content=\"article\" \/>\n<meta property=\"og:title\" content=\"Dockcheck\" \/>\n<meta property=\"og:description\" content=\"LOGIN\" \/>\n<meta property=\"og:url\" content=\"https:\/\/www.neuraxpharm.com\/de\/dockcheck\" \/>\n<meta property=\"og:site_name\" content=\"Neuraxpharm Deutsch\" \/>\n<meta property=\"article:modified_time\" content=\"2025-04-15T14:27:01+00:00\" \/>\n<meta name=\"twitter:card\" content=\"summary_large_image\" \/>\n<meta name=\"twitter:label1\" content=\"Gesch\u00e4tzte Lesezeit\" \/>\n\t<meta name=\"twitter:data1\" content=\"1\u00a0Minute\" \/>\n<script type=\"application\/ld+json\" class=\"yoast-schema-graph\">{\"@context\":\"https:\\\/\\\/schema.org\",\"@graph\":[{\"@type\":\"WebPage\",\"@id\":\"https:\\\/\\\/www.neuraxpharm.com\\\/de\\\/dockcheck\",\"url\":\"https:\\\/\\\/www.neuraxpharm.com\\\/de\\\/dockcheck\",\"name\":\"Dockcheck - Neuraxpharm Deutsch\",\"isPartOf\":{\"@id\":\"https:\\\/\\\/www.neuraxpharm.com\\\/de\\\/#website\"},\"datePublished\":\"2021-05-05T16:02:40+00:00\",\"dateModified\":\"2025-04-15T14:27:01+00:00\",\"inLanguage\":\"de\",\"potentialAction\":[{\"@type\":\"ReadAction\",\"target\":[\"https:\\\/\\\/www.neuraxpharm.com\\\/de\\\/dockcheck\"]}]},{\"@type\":\"WebSite\",\"@id\":\"https:\\\/\\\/www.neuraxpharm.com\\\/de\\\/#website\",\"url\":\"https:\\\/\\\/www.neuraxpharm.com\\\/de\\\/\",\"name\":\"Neuraxpharm Deutsch\",\"description\":\"Ein europ\u00e4ischer Marktf\u00fchrer f\u00fcr CNS-Produkte\",\"potentialAction\":[{\"@type\":\"SearchAction\",\"target\":{\"@type\":\"EntryPoint\",\"urlTemplate\":\"https:\\\/\\\/www.neuraxpharm.com\\\/de\\\/?s={search_term_string}\"},\"query-input\":{\"@type\":\"PropertyValueSpecification\",\"valueRequired\":true,\"valueName\":\"search_term_string\"}}],\"inLanguage\":\"de\"}]}<\/script>\n<!-- \/ Yoast SEO Premium plugin. -->","yoast_head_json":{"title":"Dockcheck - Neuraxpharm Deutsch","robots":{"index":"index","follow":"follow","max-snippet":"max-snippet:-1","max-image-preview":"max-image-preview:large","max-video-preview":"max-video-preview:-1"},"canonical":"https:\/\/www.neuraxpharm.com\/de\/dockcheck","og_locale":"de_DE","og_type":"article","og_title":"Dockcheck","og_description":"LOGIN","og_url":"https:\/\/www.neuraxpharm.com\/de\/dockcheck","og_site_name":"Neuraxpharm Deutsch","article_modified_time":"2025-04-15T14:27:01+00:00","twitter_card":"summary_large_image","twitter_misc":{"Gesch\u00e4tzte Lesezeit":"1\u00a0Minute"},"schema":{"@context":"https:\/\/schema.org","@graph":[{"@type":"WebPage","@id":"https:\/\/www.neuraxpharm.com\/de\/dockcheck","url":"https:\/\/www.neuraxpharm.com\/de\/dockcheck","name":"Dockcheck - Neuraxpharm Deutsch","isPartOf":{"@id":"https:\/\/www.neuraxpharm.com\/de\/#website"},"datePublished":"2021-05-05T16:02:40+00:00","dateModified":"2025-04-15T14:27:01+00:00","inLanguage":"de","potentialAction":[{"@type":"ReadAction","target":["https:\/\/www.neuraxpharm.com\/de\/dockcheck"]}]},{"@type":"WebSite","@id":"https:\/\/www.neuraxpharm.com\/de\/#website","url":"https:\/\/www.neuraxpharm.com\/de\/","name":"Neuraxpharm Deutsch","description":"Ein europ\u00e4ischer Marktf\u00fchrer f\u00fcr CNS-Produkte","potentialAction":[{"@type":"SearchAction","target":{"@type":"EntryPoint","urlTemplate":"https:\/\/www.neuraxpharm.com\/de\/?s={search_term_string}"},"query-input":{"@type":"PropertyValueSpecification","valueRequired":true,"valueName":"search_term_string"}}],"inLanguage":"de"}]}},"acf":[],"_links":{"self":[{"href":"https:\/\/www.neuraxpharm.com\/de\/wp-json\/wp\/v2\/pages\/21554","targetHints":{"allow":["GET"]}}],"collection":[{"href":"https:\/\/www.neuraxpharm.com\/de\/wp-json\/wp\/v2\/pages"}],"about":[{"href":"https:\/\/www.neuraxpharm.com\/de\/wp-json\/wp\/v2\/types\/page"}],"author":[{"embeddable":true,"href":"https:\/\/www.neuraxpharm.com\/de\/wp-json\/wp\/v2\/users\/1"}],"replies":[{"embeddable":true,"href":"https:\/\/www.neuraxpharm.com\/de\/wp-json\/wp\/v2\/comments?post=21554"}],"version-history":[{"count":12,"href":"https:\/\/www.neuraxpharm.com\/de\/wp-json\/wp\/v2\/pages\/21554\/revisions"}],"predecessor-version":[{"id":40920,"href":"https:\/\/www.neuraxpharm.com\/de\/wp-json\/wp\/v2\/pages\/21554\/revisions\/40920"}],"wp:attachment":[{"href":"https:\/\/www.neuraxpharm.com\/de\/wp-json\/wp\/v2\/media?parent=21554"}],"curies":[{"name":"wp","href":"https:\/\/api.w.org\/{rel}","templated":true}]}}