{"id":21553,"date":"2021-05-05T15:59:01","date_gmt":"2021-05-05T15:59:01","guid":{"rendered":"https:\/\/www.neuraxpharm.com\/de\/restricted-redirect"},"modified":"2021-05-05T15:59:01","modified_gmt":"2021-05-05T15:59:01","slug":"restricted-redirect","status":"publish","type":"page","link":"https:\/\/www.neuraxpharm.com\/de\/restricted-redirect","title":{"rendered":"DocCheck Access Restricted"},"content":{"rendered":"<p>You cannot enter this page, as it is only accessible to particular professions. Click <a href=\"https:\/\/www.neuraxpharm.com\/de\">here<\/a> to get back.<\/p>\n","protected":false},"excerpt":{"rendered":"<p>You cannot enter this page, as it is only accessible to particular professions. Click here to get back.<\/p>\n","protected":false},"author":1,"featured_media":0,"parent":0,"menu_order":0,"comment_status":"closed","ping_status":"closed","template":"","meta":{"_acf_changed":false,"footnotes":""},"class_list":["post-21553","page","type-page","status-publish","hentry"],"yoast_head":"<!-- This site is optimized with the Yoast SEO Premium plugin v27.2 (Yoast SEO v27.2) - https:\/\/yoast.com\/product\/yoast-seo-premium-wordpress\/ -->\n<title>DocCheck Access Restricted - Neuraxpharm Deutsch<\/title>\n<meta name=\"robots\" content=\"index, follow, max-snippet:-1, max-image-preview:large, max-video-preview:-1\" \/>\n<link rel=\"canonical\" href=\"https:\/\/www.neuraxpharm.com\/de\/restricted-redirect\" \/>\n<meta property=\"og:locale\" content=\"de_DE\" \/>\n<meta property=\"og:type\" content=\"article\" \/>\n<meta property=\"og:title\" content=\"DocCheck Access Restricted\" \/>\n<meta property=\"og:description\" content=\"You cannot enter this page, as it is only accessible to particular professions. Click here to get back.\" \/>\n<meta property=\"og:url\" content=\"https:\/\/www.neuraxpharm.com\/de\/restricted-redirect\" \/>\n<meta property=\"og:site_name\" content=\"Neuraxpharm Deutsch\" \/>\n<meta name=\"twitter:card\" content=\"summary_large_image\" \/>\n<script type=\"application\/ld+json\" class=\"yoast-schema-graph\">{\"@context\":\"https:\/\/schema.org\",\"@graph\":[{\"@type\":\"WebPage\",\"@id\":\"https:\/\/www.neuraxpharm.com\/de\/restricted-redirect\",\"url\":\"https:\/\/www.neuraxpharm.com\/de\/restricted-redirect\",\"name\":\"DocCheck Access Restricted - Neuraxpharm Deutsch\",\"isPartOf\":{\"@id\":\"https:\/\/www.neuraxpharm.com\/de\/#website\"},\"datePublished\":\"2021-05-05T15:59:01+00:00\",\"inLanguage\":\"de\",\"potentialAction\":[{\"@type\":\"ReadAction\",\"target\":[\"https:\/\/www.neuraxpharm.com\/de\/restricted-redirect\"]}]},{\"@type\":\"WebSite\",\"@id\":\"https:\/\/www.neuraxpharm.com\/de\/#website\",\"url\":\"https:\/\/www.neuraxpharm.com\/de\/\",\"name\":\"Neuraxpharm Deutsch\",\"description\":\"Ein europ\u00e4ischer Marktf\u00fchrer f\u00fcr CNS-Produkte\",\"potentialAction\":[{\"@type\":\"SearchAction\",\"target\":{\"@type\":\"EntryPoint\",\"urlTemplate\":\"https:\/\/www.neuraxpharm.com\/de\/?s={search_term_string}\"},\"query-input\":{\"@type\":\"PropertyValueSpecification\",\"valueRequired\":true,\"valueName\":\"search_term_string\"}}],\"inLanguage\":\"de\"}]}<\/script>\n<!-- \/ Yoast SEO Premium plugin. -->","yoast_head_json":{"title":"DocCheck Access Restricted - Neuraxpharm Deutsch","robots":{"index":"index","follow":"follow","max-snippet":"max-snippet:-1","max-image-preview":"max-image-preview:large","max-video-preview":"max-video-preview:-1"},"canonical":"https:\/\/www.neuraxpharm.com\/de\/restricted-redirect","og_locale":"de_DE","og_type":"article","og_title":"DocCheck Access Restricted","og_description":"You cannot enter this page, as it is only accessible to particular professions. Click here to get back.","og_url":"https:\/\/www.neuraxpharm.com\/de\/restricted-redirect","og_site_name":"Neuraxpharm Deutsch","twitter_card":"summary_large_image","schema":{"@context":"https:\/\/schema.org","@graph":[{"@type":"WebPage","@id":"https:\/\/www.neuraxpharm.com\/de\/restricted-redirect","url":"https:\/\/www.neuraxpharm.com\/de\/restricted-redirect","name":"DocCheck Access Restricted - Neuraxpharm Deutsch","isPartOf":{"@id":"https:\/\/www.neuraxpharm.com\/de\/#website"},"datePublished":"2021-05-05T15:59:01+00:00","inLanguage":"de","potentialAction":[{"@type":"ReadAction","target":["https:\/\/www.neuraxpharm.com\/de\/restricted-redirect"]}]},{"@type":"WebSite","@id":"https:\/\/www.neuraxpharm.com\/de\/#website","url":"https:\/\/www.neuraxpharm.com\/de\/","name":"Neuraxpharm Deutsch","description":"Ein europ\u00e4ischer Marktf\u00fchrer f\u00fcr CNS-Produkte","potentialAction":[{"@type":"SearchAction","target":{"@type":"EntryPoint","urlTemplate":"https:\/\/www.neuraxpharm.com\/de\/?s={search_term_string}"},"query-input":{"@type":"PropertyValueSpecification","valueRequired":true,"valueName":"search_term_string"}}],"inLanguage":"de"}]}},"acf":[],"_links":{"self":[{"href":"https:\/\/www.neuraxpharm.com\/de\/wp-json\/wp\/v2\/pages\/21553","targetHints":{"allow":["GET"]}}],"collection":[{"href":"https:\/\/www.neuraxpharm.com\/de\/wp-json\/wp\/v2\/pages"}],"about":[{"href":"https:\/\/www.neuraxpharm.com\/de\/wp-json\/wp\/v2\/types\/page"}],"author":[{"embeddable":true,"href":"https:\/\/www.neuraxpharm.com\/de\/wp-json\/wp\/v2\/users\/1"}],"replies":[{"embeddable":true,"href":"https:\/\/www.neuraxpharm.com\/de\/wp-json\/wp\/v2\/comments?post=21553"}],"version-history":[{"count":0,"href":"https:\/\/www.neuraxpharm.com\/de\/wp-json\/wp\/v2\/pages\/21553\/revisions"}],"wp:attachment":[{"href":"https:\/\/www.neuraxpharm.com\/de\/wp-json\/wp\/v2\/media?parent=21553"}],"curies":[{"name":"wp","href":"https:\/\/api.w.org\/{rel}","templated":true}]}}