{"id":5461,"date":"2021-03-18T14:01:11","date_gmt":"2021-03-18T14:01:11","guid":{"rendered":"https:\/\/neuraxpharm.com\/v2\/?page_id=5461"},"modified":"2023-02-02T12:15:03","modified_gmt":"2023-02-02T12:15:03","slug":"podminky-pouziti","status":"publish","type":"page","link":"https:\/\/www.neuraxpharm.com\/cz\/podminky-pouziti","title":{"rendered":"Podm\u00ednky pou\u017eit\u00ed"},"content":{"rendered":"\t\t<div data-elementor-type=\"wp-page\" data-elementor-id=\"5461\" class=\"elementor elementor-5461\" data-elementor-post-type=\"page\">\n\t\t\t\t\t\t<section class=\"elementor-section elementor-top-section elementor-element elementor-element-1d97ce1f politicas elementor-section-boxed elementor-section-height-default elementor-section-height-default\" data-id=\"1d97ce1f\" data-element_type=\"section\" data-e-type=\"section\" data-settings=\"{&quot;jet_parallax_layout_list&quot;:[{&quot;jet_parallax_layout_image&quot;:{&quot;url&quot;:&quot;&quot;,&quot;id&quot;:&quot;&quot;,&quot;size&quot;:&quot;&quot;},&quot;_id&quot;:&quot;42d129b&quot;,&quot;jet_parallax_layout_image_tablet&quot;:{&quot;url&quot;:&quot;&quot;,&quot;id&quot;:&quot;&quot;,&quot;size&quot;:&quot;&quot;},&quot;jet_parallax_layout_image_mobile&quot;:{&quot;url&quot;:&quot;&quot;,&quot;id&quot;:&quot;&quot;,&quot;size&quot;:&quot;&quot;},&quot;jet_parallax_layout_speed&quot;:{&quot;unit&quot;:&quot;%&quot;,&quot;size&quot;:50,&quot;sizes&quot;:[]},&quot;jet_parallax_layout_type&quot;:&quot;scroll&quot;,&quot;jet_parallax_layout_direction&quot;:&quot;1&quot;,&quot;jet_parallax_layout_fx_direction&quot;:null,&quot;jet_parallax_layout_z_index&quot;:&quot;&quot;,&quot;jet_parallax_layout_bg_x&quot;:50,&quot;jet_parallax_layout_bg_x_tablet&quot;:&quot;&quot;,&quot;jet_parallax_layout_bg_x_mobile&quot;:&quot;&quot;,&quot;jet_parallax_layout_bg_y&quot;:50,&quot;jet_parallax_layout_bg_y_tablet&quot;:&quot;&quot;,&quot;jet_parallax_layout_bg_y_mobile&quot;:&quot;&quot;,&quot;jet_parallax_layout_bg_size&quot;:&quot;auto&quot;,&quot;jet_parallax_layout_bg_size_tablet&quot;:&quot;&quot;,&quot;jet_parallax_layout_bg_size_mobile&quot;:&quot;&quot;,&quot;jet_parallax_layout_animation_prop&quot;:&quot;transform&quot;,&quot;jet_parallax_layout_on&quot;:[&quot;desktop&quot;,&quot;tablet&quot;]}]}\">\n\t\t\t\t\t\t<div class=\"elementor-container elementor-column-gap-default\">\n\t\t\t\t\t<div class=\"elementor-column elementor-col-100 elementor-top-column elementor-element elementor-element-778b1f90\" data-id=\"778b1f90\" data-element_type=\"column\" data-e-type=\"column\">\n\t\t\t<div class=\"elementor-widget-wrap elementor-element-populated\">\n\t\t\t\t\t\t<div class=\"elementor-element elementor-element-d5b98dd elementor-widget elementor-widget-heading\" data-id=\"d5b98dd\" data-element_type=\"widget\" data-e-type=\"widget\" data-widget_type=\"heading.default\">\n\t\t\t\t<div class=\"elementor-widget-container\">\n\t\t\t\t\t<h1 class=\"elementor-heading-title elementor-size-default\">Podm\u00ednky pou\u017eit\u00ed<\/h1>\t\t\t\t<\/div>\n\t\t\t\t<\/div>\n\t\t\t\t<div class=\"elementor-element elementor-element-a3bce3b elementor-widget elementor-widget-text-editor\" data-id=\"a3bce3b\" data-element_type=\"widget\" data-e-type=\"widget\" data-widget_type=\"text-editor.default\">\n\t\t\t\t<div class=\"elementor-widget-container\">\n\t\t\t\t\t\t\t\t\t<p>Tato webov\u00e1 str\u00e1nka (<a href=\"http:\/\/www.neuraxpharm.com\/cz\/\">www.neuraxpharm.com\/cz<\/a><a href=\"http:\/\/www.neuraxpharm.com\/cz\/\">\/<\/a>) je vlastn\u011bna spole\u010dnost\u00ed Neuraxpharm Bohemia s.r.o, se s\u00eddlem n\u00e1m\u011bst\u00ed Republiky 1078\/1, Nov\u00e9 M\u011bsto (Praha 1), 110 00 Praha, I\u010cO 07003773, zapsanou v obchodn\u00edm rejst\u0159\u00edku veden\u00e9m M\u011bstsk\u00fdm soudem v Praze, sp.zn. C 292855 a e-mailovou adresou\u00a0<a href=\"mailto:dpo@neuraxpharm.com\">dpo@neuraxpharm.com<\/a>.<\/p>\t\t\t\t\t\t\t\t<\/div>\n\t\t\t\t<\/div>\n\t\t\t\t\t<\/div>\n\t\t<\/div>\n\t\t\t\t\t<\/div>\n\t\t<\/section>\n\t\t\t\t<\/div>\n\t\t","protected":false},"excerpt":{"rendered":"<p>Podm\u00ednky pou\u017eit\u00ed Tato webov\u00e1 str\u00e1nka (www.neuraxpharm.com\/cz\/) je vlastn\u011bna spole\u010dnost\u00ed Neuraxpharm Bohemia s.r.o, se s\u00eddlem n\u00e1m\u011bst\u00ed Republiky 1078\/1, Nov\u00e9 M\u011bsto (Praha 1), 110 00 Praha, I\u010cO 07003773, zapsanou v obchodn\u00edm rejst\u0159\u00edku veden\u00e9m M\u011bstsk\u00fdm soudem v Praze, sp.zn. C 292855 a e-mailovou adresou\u00a0dpo@neuraxpharm.com.<\/p>\n","protected":false},"author":1,"featured_media":0,"parent":0,"menu_order":0,"comment_status":"closed","ping_status":"closed","template":"","meta":{"_acf_changed":false,"footnotes":""},"class_list":["post-5461","page","type-page","status-publish","hentry"],"yoast_head":"<!-- This site is optimized with the Yoast SEO Premium plugin v27.2 (Yoast SEO v27.2) - https:\/\/yoast.com\/product\/yoast-seo-premium-wordpress\/ -->\n<title>Podm\u00ednky pou\u017eit\u00ed - Neuraxpharm CZ<\/title>\n<meta name=\"robots\" content=\"index, follow, max-snippet:-1, max-image-preview:large, max-video-preview:-1\" \/>\n<link rel=\"canonical\" href=\"https:\/\/www.neuraxpharm.com\/cz\/podminky-pouziti\" \/>\n<meta property=\"og:locale\" content=\"cs_CZ\" \/>\n<meta property=\"og:type\" content=\"article\" \/>\n<meta property=\"og:title\" content=\"Podm\u00ednky pou\u017eit\u00ed\" \/>\n<meta property=\"og:description\" content=\"Podm\u00ednky pou\u017eit\u00ed Tato webov\u00e1 str\u00e1nka (www.neuraxpharm.com\/cz\/) je vlastn\u011bna spole\u010dnost\u00ed Neuraxpharm Bohemia s.r.o, se s\u00eddlem n\u00e1m\u011bst\u00ed Republiky 1078\/1, Nov\u00e9 M\u011bsto (Praha 1), 110 00 Praha, I\u010cO 07003773, zapsanou v obchodn\u00edm rejst\u0159\u00edku veden\u00e9m M\u011bstsk\u00fdm soudem v Praze, sp.zn. C 292855 a e-mailovou adresou\u00a0dpo@neuraxpharm.com.\" \/>\n<meta property=\"og:url\" content=\"https:\/\/www.neuraxpharm.com\/cz\/podminky-pouziti\" \/>\n<meta property=\"og:site_name\" content=\"Neuraxpharm CZ\" \/>\n<meta property=\"article:modified_time\" content=\"2023-02-02T12:15:03+00:00\" \/>\n<meta name=\"twitter:card\" content=\"summary_large_image\" \/>\n<meta name=\"twitter:label1\" content=\"Odhadovan\u00e1 doba \u010dten\u00ed\" \/>\n\t<meta name=\"twitter:data1\" content=\"1 minuta\" \/>\n<script type=\"application\/ld+json\" class=\"yoast-schema-graph\">{\"@context\":\"https:\/\/schema.org\",\"@graph\":[{\"@type\":\"WebPage\",\"@id\":\"https:\/\/www.neuraxpharm.com\/cz\/podminky-pouziti\",\"url\":\"https:\/\/www.neuraxpharm.com\/cz\/podminky-pouziti\",\"name\":\"Podm\u00ednky pou\u017eit\u00ed - Neuraxpharm CZ\",\"isPartOf\":{\"@id\":\"https:\/\/www.neuraxpharm.com\/cz\/#website\"},\"datePublished\":\"2021-03-18T14:01:11+00:00\",\"dateModified\":\"2023-02-02T12:15:03+00:00\",\"breadcrumb\":{\"@id\":\"https:\/\/www.neuraxpharm.com\/cz\/podminky-pouziti#breadcrumb\"},\"inLanguage\":\"cs\",\"potentialAction\":[{\"@type\":\"ReadAction\",\"target\":[\"https:\/\/www.neuraxpharm.com\/cz\/podminky-pouziti\"]}]},{\"@type\":\"BreadcrumbList\",\"@id\":\"https:\/\/www.neuraxpharm.com\/cz\/podminky-pouziti#breadcrumb\",\"itemListElement\":[{\"@type\":\"ListItem\",\"position\":1,\"name\":\"Home\",\"item\":\"https:\/\/www.neuraxpharm.com\/cz\/\"},{\"@type\":\"ListItem\",\"position\":2,\"name\":\"Podm\u00ednky pou\u017eit\u00ed\"}]},{\"@type\":\"WebSite\",\"@id\":\"https:\/\/www.neuraxpharm.com\/cz\/#website\",\"url\":\"https:\/\/www.neuraxpharm.com\/cz\/\",\"name\":\"Neuraxpharm CZ\",\"description\":\"Evropsk\u00fd l\u00eddr v oblasti produkt\u016f CNS\",\"potentialAction\":[{\"@type\":\"SearchAction\",\"target\":{\"@type\":\"EntryPoint\",\"urlTemplate\":\"https:\/\/www.neuraxpharm.com\/cz\/?s={search_term_string}\"},\"query-input\":{\"@type\":\"PropertyValueSpecification\",\"valueRequired\":true,\"valueName\":\"search_term_string\"}}],\"inLanguage\":\"cs\"}]}<\/script>\n<!-- \/ Yoast SEO Premium plugin. -->","yoast_head_json":{"title":"Podm\u00ednky pou\u017eit\u00ed - Neuraxpharm CZ","robots":{"index":"index","follow":"follow","max-snippet":"max-snippet:-1","max-image-preview":"max-image-preview:large","max-video-preview":"max-video-preview:-1"},"canonical":"https:\/\/www.neuraxpharm.com\/cz\/podminky-pouziti","og_locale":"cs_CZ","og_type":"article","og_title":"Podm\u00ednky pou\u017eit\u00ed","og_description":"Podm\u00ednky pou\u017eit\u00ed Tato webov\u00e1 str\u00e1nka (www.neuraxpharm.com\/cz\/) je vlastn\u011bna spole\u010dnost\u00ed Neuraxpharm Bohemia s.r.o, se s\u00eddlem n\u00e1m\u011bst\u00ed Republiky 1078\/1, Nov\u00e9 M\u011bsto (Praha 1), 110 00 Praha, I\u010cO 07003773, zapsanou v obchodn\u00edm rejst\u0159\u00edku veden\u00e9m M\u011bstsk\u00fdm soudem v Praze, sp.zn. C 292855 a e-mailovou adresou\u00a0dpo@neuraxpharm.com.","og_url":"https:\/\/www.neuraxpharm.com\/cz\/podminky-pouziti","og_site_name":"Neuraxpharm CZ","article_modified_time":"2023-02-02T12:15:03+00:00","twitter_card":"summary_large_image","twitter_misc":{"Odhadovan\u00e1 doba \u010dten\u00ed":"1 minuta"},"schema":{"@context":"https:\/\/schema.org","@graph":[{"@type":"WebPage","@id":"https:\/\/www.neuraxpharm.com\/cz\/podminky-pouziti","url":"https:\/\/www.neuraxpharm.com\/cz\/podminky-pouziti","name":"Podm\u00ednky pou\u017eit\u00ed - Neuraxpharm CZ","isPartOf":{"@id":"https:\/\/www.neuraxpharm.com\/cz\/#website"},"datePublished":"2021-03-18T14:01:11+00:00","dateModified":"2023-02-02T12:15:03+00:00","breadcrumb":{"@id":"https:\/\/www.neuraxpharm.com\/cz\/podminky-pouziti#breadcrumb"},"inLanguage":"cs","potentialAction":[{"@type":"ReadAction","target":["https:\/\/www.neuraxpharm.com\/cz\/podminky-pouziti"]}]},{"@type":"BreadcrumbList","@id":"https:\/\/www.neuraxpharm.com\/cz\/podminky-pouziti#breadcrumb","itemListElement":[{"@type":"ListItem","position":1,"name":"Home","item":"https:\/\/www.neuraxpharm.com\/cz\/"},{"@type":"ListItem","position":2,"name":"Podm\u00ednky pou\u017eit\u00ed"}]},{"@type":"WebSite","@id":"https:\/\/www.neuraxpharm.com\/cz\/#website","url":"https:\/\/www.neuraxpharm.com\/cz\/","name":"Neuraxpharm CZ","description":"Evropsk\u00fd l\u00eddr v oblasti produkt\u016f CNS","potentialAction":[{"@type":"SearchAction","target":{"@type":"EntryPoint","urlTemplate":"https:\/\/www.neuraxpharm.com\/cz\/?s={search_term_string}"},"query-input":{"@type":"PropertyValueSpecification","valueRequired":true,"valueName":"search_term_string"}}],"inLanguage":"cs"}]}},"acf":[],"_links":{"self":[{"href":"https:\/\/www.neuraxpharm.com\/cz\/wp-json\/wp\/v2\/pages\/5461","targetHints":{"allow":["GET"]}}],"collection":[{"href":"https:\/\/www.neuraxpharm.com\/cz\/wp-json\/wp\/v2\/pages"}],"about":[{"href":"https:\/\/www.neuraxpharm.com\/cz\/wp-json\/wp\/v2\/types\/page"}],"author":[{"embeddable":true,"href":"https:\/\/www.neuraxpharm.com\/cz\/wp-json\/wp\/v2\/users\/1"}],"replies":[{"embeddable":true,"href":"https:\/\/www.neuraxpharm.com\/cz\/wp-json\/wp\/v2\/comments?post=5461"}],"version-history":[{"count":38,"href":"https:\/\/www.neuraxpharm.com\/cz\/wp-json\/wp\/v2\/pages\/5461\/revisions"}],"predecessor-version":[{"id":28414,"href":"https:\/\/www.neuraxpharm.com\/cz\/wp-json\/wp\/v2\/pages\/5461\/revisions\/28414"}],"wp:attachment":[{"href":"https:\/\/www.neuraxpharm.com\/cz\/wp-json\/wp\/v2\/media?parent=5461"}],"curies":[{"name":"wp","href":"https:\/\/api.w.org\/{rel}","templated":true}]}}