{"id":30907,"date":"2025-08-05T12:00:00","date_gmt":"2025-08-05T12:00:00","guid":{"rendered":"https:\/\/www.neuraxpharm.com\/cz\/?page_id=30907"},"modified":"2025-08-05T12:04:13","modified_gmt":"2025-08-05T12:04:13","slug":"ana-apezteguia-3","status":"publish","type":"page","link":"https:\/\/www.neuraxpharm.com\/cz\/o-nas\/vedeni-spolecnosti\/ana-apezteguia-3","title":{"rendered":"ANA APEZTEGUIA"},"content":{"rendered":"\t\t<div data-elementor-type=\"wp-page\" data-elementor-id=\"30907\" class=\"elementor elementor-30907\" data-elementor-post-type=\"page\">\n\t\t\t\t\t\t<section class=\"elementor-section elementor-top-section elementor-element elementor-element-7f808905 elementor-section-boxed elementor-section-height-default elementor-section-height-default\" data-id=\"7f808905\" data-element_type=\"section\" data-e-type=\"section\" data-settings=\"{&quot;jet_parallax_layout_list&quot;:[{&quot;jet_parallax_layout_image&quot;:{&quot;url&quot;:&quot;&quot;,&quot;id&quot;:&quot;&quot;,&quot;size&quot;:&quot;&quot;},&quot;_id&quot;:&quot;f02b98c&quot;,&quot;jet_parallax_layout_image_tablet&quot;:{&quot;url&quot;:&quot;&quot;,&quot;id&quot;:&quot;&quot;,&quot;size&quot;:&quot;&quot;},&quot;jet_parallax_layout_image_mobile&quot;:{&quot;url&quot;:&quot;&quot;,&quot;id&quot;:&quot;&quot;,&quot;size&quot;:&quot;&quot;},&quot;jet_parallax_layout_speed&quot;:{&quot;unit&quot;:&quot;%&quot;,&quot;size&quot;:50,&quot;sizes&quot;:[]},&quot;jet_parallax_layout_type&quot;:&quot;scroll&quot;,&quot;jet_parallax_layout_direction&quot;:&quot;1&quot;,&quot;jet_parallax_layout_fx_direction&quot;:null,&quot;jet_parallax_layout_z_index&quot;:&quot;&quot;,&quot;jet_parallax_layout_bg_x&quot;:50,&quot;jet_parallax_layout_bg_x_tablet&quot;:&quot;&quot;,&quot;jet_parallax_layout_bg_x_mobile&quot;:&quot;&quot;,&quot;jet_parallax_layout_bg_y&quot;:50,&quot;jet_parallax_layout_bg_y_tablet&quot;:&quot;&quot;,&quot;jet_parallax_layout_bg_y_mobile&quot;:&quot;&quot;,&quot;jet_parallax_layout_bg_size&quot;:&quot;auto&quot;,&quot;jet_parallax_layout_bg_size_tablet&quot;:&quot;&quot;,&quot;jet_parallax_layout_bg_size_mobile&quot;:&quot;&quot;,&quot;jet_parallax_layout_animation_prop&quot;:&quot;transform&quot;,&quot;jet_parallax_layout_on&quot;:[&quot;desktop&quot;,&quot;tablet&quot;]}]}\">\n\t\t\t\t\t\t<div class=\"elementor-container elementor-column-gap-default\">\n\t\t\t\t\t<div class=\"elementor-column elementor-col-33 elementor-top-column elementor-element elementor-element-3d70389b\" data-id=\"3d70389b\" data-element_type=\"column\" data-e-type=\"column\">\n\t\t\t<div class=\"elementor-widget-wrap elementor-element-populated\">\n\t\t\t\t\t\t<div class=\"elementor-element elementor-element-75ad8cba elementor-widget elementor-widget-image\" data-id=\"75ad8cba\" data-element_type=\"widget\" data-e-type=\"widget\" data-widget_type=\"image.default\">\n\t\t\t\t<div class=\"elementor-widget-container\">\n\t\t\t\t\t\t\t\t\t\t\t\t\t\t\t<img fetchpriority=\"high\" decoding=\"async\" width=\"716\" height=\"700\" src=\"https:\/\/static.neuraxpharm.com\/wp-content\/uploads\/sites\/27\/2025\/08\/05120111\/vikas-mohan-sharma-3-1.png\" class=\"attachment-large size-large wp-image-30908\" alt=\"\" srcset=\"https:\/\/static.neuraxpharm.com\/wp-content\/uploads\/sites\/27\/2025\/08\/05120111\/vikas-mohan-sharma-3-1.png 716w, https:\/\/static.neuraxpharm.com\/wp-content\/uploads\/sites\/27\/2025\/08\/05120111\/vikas-mohan-sharma-3-1-300x293.png 300w, https:\/\/static.neuraxpharm.com\/wp-content\/uploads\/sites\/27\/2025\/08\/05120111\/vikas-mohan-sharma-3-1-600x587.png 600w\" sizes=\"(max-width: 716px) 100vw, 716px\" \/>\t\t\t\t\t\t\t\t\t\t\t\t\t\t\t<\/div>\n\t\t\t\t<\/div>\n\t\t\t\t<section class=\"elementor-section elementor-inner-section elementor-element elementor-element-74b8bffa elementor-section-content-top elementor-section-boxed elementor-section-height-default elementor-section-height-default\" data-id=\"74b8bffa\" data-element_type=\"section\" data-e-type=\"section\" data-settings=\"{&quot;jet_parallax_layout_list&quot;:[{&quot;jet_parallax_layout_image&quot;:{&quot;url&quot;:&quot;&quot;,&quot;id&quot;:&quot;&quot;,&quot;size&quot;:&quot;&quot;},&quot;_id&quot;:&quot;5f899ce&quot;,&quot;jet_parallax_layout_image_tablet&quot;:{&quot;url&quot;:&quot;&quot;,&quot;id&quot;:&quot;&quot;,&quot;size&quot;:&quot;&quot;},&quot;jet_parallax_layout_image_mobile&quot;:{&quot;url&quot;:&quot;&quot;,&quot;id&quot;:&quot;&quot;,&quot;size&quot;:&quot;&quot;},&quot;jet_parallax_layout_speed&quot;:{&quot;unit&quot;:&quot;%&quot;,&quot;size&quot;:50,&quot;sizes&quot;:[]},&quot;jet_parallax_layout_type&quot;:&quot;scroll&quot;,&quot;jet_parallax_layout_direction&quot;:&quot;1&quot;,&quot;jet_parallax_layout_fx_direction&quot;:null,&quot;jet_parallax_layout_z_index&quot;:&quot;&quot;,&quot;jet_parallax_layout_bg_x&quot;:50,&quot;jet_parallax_layout_bg_x_tablet&quot;:&quot;&quot;,&quot;jet_parallax_layout_bg_x_mobile&quot;:&quot;&quot;,&quot;jet_parallax_layout_bg_y&quot;:50,&quot;jet_parallax_layout_bg_y_tablet&quot;:&quot;&quot;,&quot;jet_parallax_layout_bg_y_mobile&quot;:&quot;&quot;,&quot;jet_parallax_layout_bg_size&quot;:&quot;auto&quot;,&quot;jet_parallax_layout_bg_size_tablet&quot;:&quot;&quot;,&quot;jet_parallax_layout_bg_size_mobile&quot;:&quot;&quot;,&quot;jet_parallax_layout_animation_prop&quot;:&quot;transform&quot;,&quot;jet_parallax_layout_on&quot;:[&quot;desktop&quot;,&quot;tablet&quot;]}]}\">\n\t\t\t\t\t\t<div class=\"elementor-container elementor-column-gap-default\">\n\t\t\t\t\t<div class=\"elementor-column elementor-col-50 elementor-inner-column elementor-element elementor-element-60646bf2\" data-id=\"60646bf2\" data-element_type=\"column\" data-e-type=\"column\">\n\t\t\t<div class=\"elementor-widget-wrap elementor-element-populated\">\n\t\t\t\t\t\t<div class=\"elementor-element elementor-element-15700adb elementor-view-default elementor-widget elementor-widget-icon\" data-id=\"15700adb\" data-element_type=\"widget\" data-e-type=\"widget\" data-widget_type=\"icon.default\">\n\t\t\t\t<div class=\"elementor-widget-container\">\n\t\t\t\t\t\t\t<div class=\"elementor-icon-wrapper\">\n\t\t\t<div class=\"elementor-icon\">\n\t\t\t<i aria-hidden=\"true\" class=\"fab fa-linkedin-in\"><\/i>\t\t\t<\/div>\n\t\t<\/div>\n\t\t\t\t\t\t<\/div>\n\t\t\t\t<\/div>\n\t\t\t\t\t<\/div>\n\t\t<\/div>\n\t\t\t\t<div class=\"elementor-column elementor-col-50 elementor-inner-column elementor-element elementor-element-15490b\" data-id=\"15490b\" data-element_type=\"column\" data-e-type=\"column\">\n\t\t\t<div class=\"elementor-widget-wrap elementor-element-populated\">\n\t\t\t\t\t\t<div class=\"elementor-element elementor-element-1cc52f3 elementor-widget elementor-widget-heading\" data-id=\"1cc52f3\" data-element_type=\"widget\" data-e-type=\"widget\" data-widget_type=\"heading.default\">\n\t\t\t\t<div class=\"elementor-widget-container\">\n\t\t\t\t\t<p class=\"elementor-heading-title elementor-size-default\"><a href=\"https:\/\/www.linkedin.com\/in\/vikasmohansharma\/\" target=\"_blank\">https:\/\/www.linkedin.com\/in\/vikasmohansharma\/<\/a><\/p>\t\t\t\t<\/div>\n\t\t\t\t<\/div>\n\t\t\t\t\t<\/div>\n\t\t<\/div>\n\t\t\t\t\t<\/div>\n\t\t<\/section>\n\t\t\t\t\t<\/div>\n\t\t<\/div>\n\t\t\t\t<div class=\"elementor-column elementor-col-66 elementor-top-column elementor-element elementor-element-17640048\" data-id=\"17640048\" data-element_type=\"column\" data-e-type=\"column\">\n\t\t\t<div class=\"elementor-widget-wrap elementor-element-populated\">\n\t\t\t\t\t\t<div class=\"elementor-element elementor-element-3453d9e5 elementor-widget elementor-widget-jet-breadcrumbs\" data-id=\"3453d9e5\" data-element_type=\"widget\" data-e-type=\"widget\" data-widget_type=\"jet-breadcrumbs.default\">\n\t\t\t\t<div class=\"elementor-widget-container\">\n\t\t\t\t\t<div class=\"elementor-jet-breadcrumbs jet-blocks\">\n\t\t<div class=\"jet-breadcrumbs\">\n\t\t<div class=\"jet-breadcrumbs__content\">\n\t\t<div class=\"jet-breadcrumbs__wrap\"><div class=\"jet-breadcrumbs__item\"><a href=\"https:\/\/www.neuraxpharm.com\/cz\/\" class=\"jet-breadcrumbs__item-link is-home\" rel=\"home\" title=\"Neuraxpharm\">Neuraxpharm<\/a><\/div>\n\t\t<\/div>\n\t\t<\/div>\n\t\t<\/div><\/div>\t\t\t\t<\/div>\n\t\t\t\t<\/div>\n\t\t\t\t<div class=\"elementor-element elementor-element-e5e84e8 elementor-widget elementor-widget-heading\" data-id=\"e5e84e8\" data-element_type=\"widget\" data-e-type=\"widget\" data-widget_type=\"heading.default\">\n\t\t\t\t<div class=\"elementor-widget-container\">\n\t\t\t\t\t<h1 class=\"elementor-heading-title elementor-size-default\">VIKAS MOHAN SHARMA<\/h1>\t\t\t\t<\/div>\n\t\t\t\t<\/div>\n\t\t\t\t<div class=\"elementor-element elementor-element-614cff3 elementor-widget elementor-widget-text-editor\" data-id=\"614cff3\" data-element_type=\"widget\" data-e-type=\"widget\" data-widget_type=\"text-editor.default\">\n\t\t\t\t<div class=\"elementor-widget-container\">\n\t\t\t\t\t\t\t\t\t<p>Vikas je vedouc\u00edm pracovn\u00edkem s v\u00edce ne\u017e 25 lety zku\u0161enost\u00ed v oboru p\u00e9\u010de o zdrav\u00ed a klinick\u00e9ho v\u00fdzkumu, vedl vysoce odborn\u00e9 klinick\u00e9 a l\u00e9ka\u0159sko-v\u011bdeck\u00e9 t\u00fdmy, zab\u00fdvaj\u00edc\u00ed se n\u011bkolika terapeutick\u00fdmi obory, k dosa\u017een\u00ed \u00fasp\u011b\u0161n\u00fdch v\u00fdvojov\u00fdch a programov\u00fdch miln\u00edk\u016f ve velk\u00fdch farmaceutick\u00fdch spole\u010dnostech a organizac\u00edch pro klinick\u00fd v\u00fdzkum (CRO).<\/p><p>Pracoval ve funkc\u00edch jako vedouc\u00ed l\u00e9ka\u0159 ve spol. Quintiles v Indii (pozd\u011bji zn\u00e1m\u00e9 jako IQVIA) a jako glob\u00e1ln\u00ed \u0159editel l\u00e9ka\u0159sk\u00e9 sekce pro zdrav\u00ed CNS, s\u00edtnice a nov\u011b vznikaj\u00edc\u00edch obor\u016f v Boehringer Ingelheim. Do spole\u010dnosti Neuraxpharm p\u0159i\u0161el z Fortrea GmBH, kde pracoval jako glob\u00e1ln\u00ed vedouc\u00ed pro neurov\u011bdu a oftalmologii. Vikas m\u00e1 bakal\u00e1\u0159sk\u00fd titul ze v\u0161eobecn\u00e9ho l\u00e9ka\u0159stv\u00ed z l\u00e9ka\u0159sk\u00e9 fakulty SMS Jaipur a titul l\u00e9ka\u0159e-psychiatra z fakulty medic\u00edny Seth Gordhandas Sunderdas (GSMC) a King Edward Memorial (KEM) Hospital v Mumbaji. Tak\u00e9 z\u00edskal mana\u017eersk\u00fd certifik\u00e1t z obchodn\u00edho rozvoje prost\u0159ednictv\u00edm inovace, vydan\u00fd na frankfurtsk\u00e9 \u0161kole financ\u00ed a managementu.<\/p><p>Vikas je uzn\u00e1v\u00e1n jako kl\u00ed\u010dov\u00fd my\u0161lenkov\u00fd vedouc\u00ed klinick\u00e9ho v\u00fdzkumu CNS. Pracuje jako nez\u00e1visl\u00fd etick\u00fd odborn\u00edk v r\u00e1mci presti\u017en\u00ed Evropsk\u00e9 v\u00fdzkumn\u00e9 rady a p\u0159edsed\u00e1 r\u016fzn\u00fdm oborov\u00fdm a glob\u00e1ln\u00edm iniciativ\u00e1m v oblasti digit\u00e1ln\u00edch biomarker\u016f, metodologie zkou\u0161ek CNS a precizn\u00edho du\u0161evn\u00edho zdrav\u00ed.<\/p><p>\u00a0<\/p><p>\u00a0<\/p>\t\t\t\t\t\t\t\t<\/div>\n\t\t\t\t<\/div>\n\t\t\t\t\t<\/div>\n\t\t<\/div>\n\t\t\t\t\t<\/div>\n\t\t<\/section>\n\t\t\t\t<section class=\"elementor-section elementor-top-section elementor-element elementor-element-bacc1a9 elementor-section-boxed elementor-section-height-default elementor-section-height-default\" data-id=\"bacc1a9\" data-element_type=\"section\" data-e-type=\"section\" data-settings=\"{&quot;jet_parallax_layout_list&quot;:[{&quot;jet_parallax_layout_image&quot;:{&quot;url&quot;:&quot;&quot;,&quot;id&quot;:&quot;&quot;,&quot;size&quot;:&quot;&quot;},&quot;_id&quot;:&quot;e7d9f21&quot;,&quot;jet_parallax_layout_image_tablet&quot;:{&quot;url&quot;:&quot;&quot;,&quot;id&quot;:&quot;&quot;,&quot;size&quot;:&quot;&quot;},&quot;jet_parallax_layout_image_mobile&quot;:{&quot;url&quot;:&quot;&quot;,&quot;id&quot;:&quot;&quot;,&quot;size&quot;:&quot;&quot;},&quot;jet_parallax_layout_speed&quot;:{&quot;unit&quot;:&quot;%&quot;,&quot;size&quot;:50,&quot;sizes&quot;:[]},&quot;jet_parallax_layout_type&quot;:&quot;scroll&quot;,&quot;jet_parallax_layout_direction&quot;:&quot;1&quot;,&quot;jet_parallax_layout_fx_direction&quot;:null,&quot;jet_parallax_layout_z_index&quot;:&quot;&quot;,&quot;jet_parallax_layout_bg_x&quot;:50,&quot;jet_parallax_layout_bg_x_tablet&quot;:&quot;&quot;,&quot;jet_parallax_layout_bg_x_mobile&quot;:&quot;&quot;,&quot;jet_parallax_layout_bg_y&quot;:50,&quot;jet_parallax_layout_bg_y_tablet&quot;:&quot;&quot;,&quot;jet_parallax_layout_bg_y_mobile&quot;:&quot;&quot;,&quot;jet_parallax_layout_bg_size&quot;:&quot;auto&quot;,&quot;jet_parallax_layout_bg_size_tablet&quot;:&quot;&quot;,&quot;jet_parallax_layout_bg_size_mobile&quot;:&quot;&quot;,&quot;jet_parallax_layout_animation_prop&quot;:&quot;transform&quot;,&quot;jet_parallax_layout_on&quot;:[&quot;desktop&quot;,&quot;tablet&quot;]}]}\">\n\t\t\t\t\t\t<div class=\"elementor-container elementor-column-gap-default\">\n\t\t\t\t\t<div class=\"elementor-column elementor-col-100 elementor-top-column elementor-element elementor-element-7080505\" data-id=\"7080505\" data-element_type=\"column\" data-e-type=\"column\">\n\t\t\t<div class=\"elementor-widget-wrap elementor-element-populated\">\n\t\t\t\t\t\t<div class=\"elementor-element elementor-element-53f8d38 elementor-widget elementor-widget-spacer\" data-id=\"53f8d38\" data-element_type=\"widget\" data-e-type=\"widget\" data-widget_type=\"spacer.default\">\n\t\t\t\t<div class=\"elementor-widget-container\">\n\t\t\t\t\t\t\t<div class=\"elementor-spacer\">\n\t\t\t<div class=\"elementor-spacer-inner\"><\/div>\n\t\t<\/div>\n\t\t\t\t\t\t<\/div>\n\t\t\t\t<\/div>\n\t\t\t\t\t<\/div>\n\t\t<\/div>\n\t\t\t\t\t<\/div>\n\t\t<\/section>\n\t\t\t\t<\/div>\n\t\t","protected":false},"excerpt":{"rendered":"<p>https:\/\/www.linkedin.com\/in\/vikasmohansharma\/ Neuraxpharm VIKAS MOHAN SHARMA Vikas je vedouc\u00edm pracovn\u00edkem s v\u00edce ne\u017e 25 lety zku\u0161enost\u00ed v oboru p\u00e9\u010de o zdrav\u00ed a klinick\u00e9ho v\u00fdzkumu, vedl vysoce odborn\u00e9 klinick\u00e9 a l\u00e9ka\u0159sko-v\u011bdeck\u00e9 t\u00fdmy, zab\u00fdvaj\u00edc\u00ed se n\u011bkolika terapeutick\u00fdmi obory, k dosa\u017een\u00ed \u00fasp\u011b\u0161n\u00fdch v\u00fdvojov\u00fdch a programov\u00fdch miln\u00edk\u016f ve velk\u00fdch farmaceutick\u00fdch spole\u010dnostech a organizac\u00edch pro klinick\u00fd v\u00fdzkum (CRO). Pracoval ve funkc\u00edch [&hellip;]<\/p>\n","protected":false},"author":2,"featured_media":0,"parent":1998,"menu_order":0,"comment_status":"closed","ping_status":"closed","template":"elementor_header_footer","meta":{"_acf_changed":false,"footnotes":""},"class_list":["post-30907","page","type-page","status-publish","hentry"],"yoast_head":"<!-- This site is optimized with the Yoast SEO Premium plugin v27.2 (Yoast SEO v27.2) - https:\/\/yoast.com\/product\/yoast-seo-premium-wordpress\/ -->\n<title>ANA APEZTEGUIA - Neuraxpharm CZ<\/title>\n<meta name=\"robots\" content=\"index, follow, max-snippet:-1, max-image-preview:large, max-video-preview:-1\" \/>\n<link rel=\"canonical\" href=\"https:\/\/www.neuraxpharm.com\/cz\/o-nas\/vedeni-spolecnosti\/ana-apezteguia-3\" \/>\n<meta property=\"og:locale\" content=\"cs_CZ\" \/>\n<meta property=\"og:type\" content=\"article\" \/>\n<meta property=\"og:title\" content=\"ANA APEZTEGUIA\" \/>\n<meta property=\"og:description\" content=\"https:\/\/www.linkedin.com\/in\/vikasmohansharma\/ Neuraxpharm VIKAS MOHAN SHARMA Vikas je vedouc\u00edm pracovn\u00edkem s v\u00edce ne\u017e 25 lety zku\u0161enost\u00ed v oboru p\u00e9\u010de o zdrav\u00ed a klinick\u00e9ho v\u00fdzkumu, vedl vysoce odborn\u00e9 klinick\u00e9 a l\u00e9ka\u0159sko-v\u011bdeck\u00e9 t\u00fdmy, zab\u00fdvaj\u00edc\u00ed se n\u011bkolika terapeutick\u00fdmi obory, k dosa\u017een\u00ed \u00fasp\u011b\u0161n\u00fdch v\u00fdvojov\u00fdch a programov\u00fdch miln\u00edk\u016f ve velk\u00fdch farmaceutick\u00fdch spole\u010dnostech a organizac\u00edch pro klinick\u00fd v\u00fdzkum (CRO). Pracoval ve funkc\u00edch [&hellip;]\" \/>\n<meta property=\"og:url\" content=\"https:\/\/www.neuraxpharm.com\/cz\/o-nas\/vedeni-spolecnosti\/ana-apezteguia-3\" \/>\n<meta property=\"og:site_name\" content=\"Neuraxpharm CZ\" \/>\n<meta property=\"article:modified_time\" content=\"2025-08-05T12:04:13+00:00\" \/>\n<meta property=\"og:image\" content=\"https:\/\/www.neuraxpharm.com\/cz\/wp-content\/uploads\/sites\/27\/2025\/08\/vikas-mohan-sharma-3-1.png\" \/>\n<meta name=\"twitter:card\" content=\"summary_large_image\" \/>\n<meta name=\"twitter:label1\" content=\"Odhadovan\u00e1 doba \u010dten\u00ed\" \/>\n\t<meta name=\"twitter:data1\" content=\"2 minuty\" \/>\n<script type=\"application\/ld+json\" class=\"yoast-schema-graph\">{\"@context\":\"https:\/\/schema.org\",\"@graph\":[{\"@type\":\"WebPage\",\"@id\":\"https:\/\/www.neuraxpharm.com\/cz\/o-nas\/vedeni-spolecnosti\/ana-apezteguia-3\",\"url\":\"https:\/\/www.neuraxpharm.com\/cz\/o-nas\/vedeni-spolecnosti\/ana-apezteguia-3\",\"name\":\"ANA APEZTEGUIA - Neuraxpharm CZ\",\"isPartOf\":{\"@id\":\"https:\/\/www.neuraxpharm.com\/cz\/#website\"},\"primaryImageOfPage\":{\"@id\":\"https:\/\/www.neuraxpharm.com\/cz\/o-nas\/vedeni-spolecnosti\/ana-apezteguia-3#primaryimage\"},\"image\":{\"@id\":\"https:\/\/www.neuraxpharm.com\/cz\/o-nas\/vedeni-spolecnosti\/ana-apezteguia-3#primaryimage\"},\"thumbnailUrl\":\"https:\/\/www.neuraxpharm.com\/cz\/wp-content\/uploads\/sites\/27\/2025\/08\/vikas-mohan-sharma-3-1.png\",\"datePublished\":\"2025-08-05T12:00:00+00:00\",\"dateModified\":\"2025-08-05T12:04:13+00:00\",\"breadcrumb\":{\"@id\":\"https:\/\/www.neuraxpharm.com\/cz\/o-nas\/vedeni-spolecnosti\/ana-apezteguia-3#breadcrumb\"},\"inLanguage\":\"cs\",\"potentialAction\":[{\"@type\":\"ReadAction\",\"target\":[\"https:\/\/www.neuraxpharm.com\/cz\/o-nas\/vedeni-spolecnosti\/ana-apezteguia-3\"]}]},{\"@type\":\"ImageObject\",\"inLanguage\":\"cs\",\"@id\":\"https:\/\/www.neuraxpharm.com\/cz\/o-nas\/vedeni-spolecnosti\/ana-apezteguia-3#primaryimage\",\"url\":\"https:\/\/static.neuraxpharm.com\/wp-content\/uploads\/sites\/27\/2025\/08\/05120111\/vikas-mohan-sharma-3-1.png\",\"contentUrl\":\"https:\/\/static.neuraxpharm.com\/wp-content\/uploads\/sites\/27\/2025\/08\/05120111\/vikas-mohan-sharma-3-1.png\",\"width\":716,\"height\":700},{\"@type\":\"BreadcrumbList\",\"@id\":\"https:\/\/www.neuraxpharm.com\/cz\/o-nas\/vedeni-spolecnosti\/ana-apezteguia-3#breadcrumb\",\"itemListElement\":[{\"@type\":\"ListItem\",\"position\":1,\"name\":\"Home\",\"item\":\"https:\/\/www.neuraxpharm.com\/cz\/\"},{\"@type\":\"ListItem\",\"position\":2,\"name\":\"O n\u00e1s\",\"item\":\"https:\/\/www.neuraxpharm.com\/cz\/o-nas\"},{\"@type\":\"ListItem\",\"position\":3,\"name\":\"Veden\u00ed spole\u010dnosti\",\"item\":\"https:\/\/www.neuraxpharm.com\/cz\/o-nas\/vedeni-spolecnosti\"},{\"@type\":\"ListItem\",\"position\":4,\"name\":\"ANA APEZTEGUIA\"}]},{\"@type\":\"WebSite\",\"@id\":\"https:\/\/www.neuraxpharm.com\/cz\/#website\",\"url\":\"https:\/\/www.neuraxpharm.com\/cz\/\",\"name\":\"Neuraxpharm CZ\",\"description\":\"Evropsk\u00fd l\u00eddr v oblasti produkt\u016f CNS\",\"potentialAction\":[{\"@type\":\"SearchAction\",\"target\":{\"@type\":\"EntryPoint\",\"urlTemplate\":\"https:\/\/www.neuraxpharm.com\/cz\/?s={search_term_string}\"},\"query-input\":{\"@type\":\"PropertyValueSpecification\",\"valueRequired\":true,\"valueName\":\"search_term_string\"}}],\"inLanguage\":\"cs\"}]}<\/script>\n<!-- \/ Yoast SEO Premium plugin. -->","yoast_head_json":{"title":"ANA APEZTEGUIA - Neuraxpharm CZ","robots":{"index":"index","follow":"follow","max-snippet":"max-snippet:-1","max-image-preview":"max-image-preview:large","max-video-preview":"max-video-preview:-1"},"canonical":"https:\/\/www.neuraxpharm.com\/cz\/o-nas\/vedeni-spolecnosti\/ana-apezteguia-3","og_locale":"cs_CZ","og_type":"article","og_title":"ANA APEZTEGUIA","og_description":"https:\/\/www.linkedin.com\/in\/vikasmohansharma\/ Neuraxpharm VIKAS MOHAN SHARMA Vikas je vedouc\u00edm pracovn\u00edkem s v\u00edce ne\u017e 25 lety zku\u0161enost\u00ed v oboru p\u00e9\u010de o zdrav\u00ed a klinick\u00e9ho v\u00fdzkumu, vedl vysoce odborn\u00e9 klinick\u00e9 a l\u00e9ka\u0159sko-v\u011bdeck\u00e9 t\u00fdmy, zab\u00fdvaj\u00edc\u00ed se n\u011bkolika terapeutick\u00fdmi obory, k dosa\u017een\u00ed \u00fasp\u011b\u0161n\u00fdch v\u00fdvojov\u00fdch a programov\u00fdch miln\u00edk\u016f ve velk\u00fdch farmaceutick\u00fdch spole\u010dnostech a organizac\u00edch pro klinick\u00fd v\u00fdzkum (CRO). Pracoval ve funkc\u00edch [&hellip;]","og_url":"https:\/\/www.neuraxpharm.com\/cz\/o-nas\/vedeni-spolecnosti\/ana-apezteguia-3","og_site_name":"Neuraxpharm CZ","article_modified_time":"2025-08-05T12:04:13+00:00","og_image":[{"url":"https:\/\/www.neuraxpharm.com\/cz\/wp-content\/uploads\/sites\/27\/2025\/08\/vikas-mohan-sharma-3-1.png","type":"","width":"","height":""}],"twitter_card":"summary_large_image","twitter_misc":{"Odhadovan\u00e1 doba \u010dten\u00ed":"2 minuty"},"schema":{"@context":"https:\/\/schema.org","@graph":[{"@type":"WebPage","@id":"https:\/\/www.neuraxpharm.com\/cz\/o-nas\/vedeni-spolecnosti\/ana-apezteguia-3","url":"https:\/\/www.neuraxpharm.com\/cz\/o-nas\/vedeni-spolecnosti\/ana-apezteguia-3","name":"ANA APEZTEGUIA - Neuraxpharm CZ","isPartOf":{"@id":"https:\/\/www.neuraxpharm.com\/cz\/#website"},"primaryImageOfPage":{"@id":"https:\/\/www.neuraxpharm.com\/cz\/o-nas\/vedeni-spolecnosti\/ana-apezteguia-3#primaryimage"},"image":{"@id":"https:\/\/www.neuraxpharm.com\/cz\/o-nas\/vedeni-spolecnosti\/ana-apezteguia-3#primaryimage"},"thumbnailUrl":"https:\/\/www.neuraxpharm.com\/cz\/wp-content\/uploads\/sites\/27\/2025\/08\/vikas-mohan-sharma-3-1.png","datePublished":"2025-08-05T12:00:00+00:00","dateModified":"2025-08-05T12:04:13+00:00","breadcrumb":{"@id":"https:\/\/www.neuraxpharm.com\/cz\/o-nas\/vedeni-spolecnosti\/ana-apezteguia-3#breadcrumb"},"inLanguage":"cs","potentialAction":[{"@type":"ReadAction","target":["https:\/\/www.neuraxpharm.com\/cz\/o-nas\/vedeni-spolecnosti\/ana-apezteguia-3"]}]},{"@type":"ImageObject","inLanguage":"cs","@id":"https:\/\/www.neuraxpharm.com\/cz\/o-nas\/vedeni-spolecnosti\/ana-apezteguia-3#primaryimage","url":"https:\/\/static.neuraxpharm.com\/wp-content\/uploads\/sites\/27\/2025\/08\/05120111\/vikas-mohan-sharma-3-1.png","contentUrl":"https:\/\/static.neuraxpharm.com\/wp-content\/uploads\/sites\/27\/2025\/08\/05120111\/vikas-mohan-sharma-3-1.png","width":716,"height":700},{"@type":"BreadcrumbList","@id":"https:\/\/www.neuraxpharm.com\/cz\/o-nas\/vedeni-spolecnosti\/ana-apezteguia-3#breadcrumb","itemListElement":[{"@type":"ListItem","position":1,"name":"Home","item":"https:\/\/www.neuraxpharm.com\/cz\/"},{"@type":"ListItem","position":2,"name":"O n\u00e1s","item":"https:\/\/www.neuraxpharm.com\/cz\/o-nas"},{"@type":"ListItem","position":3,"name":"Veden\u00ed spole\u010dnosti","item":"https:\/\/www.neuraxpharm.com\/cz\/o-nas\/vedeni-spolecnosti"},{"@type":"ListItem","position":4,"name":"ANA APEZTEGUIA"}]},{"@type":"WebSite","@id":"https:\/\/www.neuraxpharm.com\/cz\/#website","url":"https:\/\/www.neuraxpharm.com\/cz\/","name":"Neuraxpharm CZ","description":"Evropsk\u00fd l\u00eddr v oblasti produkt\u016f CNS","potentialAction":[{"@type":"SearchAction","target":{"@type":"EntryPoint","urlTemplate":"https:\/\/www.neuraxpharm.com\/cz\/?s={search_term_string}"},"query-input":{"@type":"PropertyValueSpecification","valueRequired":true,"valueName":"search_term_string"}}],"inLanguage":"cs"}]}},"acf":[],"_links":{"self":[{"href":"https:\/\/www.neuraxpharm.com\/cz\/wp-json\/wp\/v2\/pages\/30907","targetHints":{"allow":["GET"]}}],"collection":[{"href":"https:\/\/www.neuraxpharm.com\/cz\/wp-json\/wp\/v2\/pages"}],"about":[{"href":"https:\/\/www.neuraxpharm.com\/cz\/wp-json\/wp\/v2\/types\/page"}],"author":[{"embeddable":true,"href":"https:\/\/www.neuraxpharm.com\/cz\/wp-json\/wp\/v2\/users\/2"}],"replies":[{"embeddable":true,"href":"https:\/\/www.neuraxpharm.com\/cz\/wp-json\/wp\/v2\/comments?post=30907"}],"version-history":[{"count":6,"href":"https:\/\/www.neuraxpharm.com\/cz\/wp-json\/wp\/v2\/pages\/30907\/revisions"}],"predecessor-version":[{"id":30914,"href":"https:\/\/www.neuraxpharm.com\/cz\/wp-json\/wp\/v2\/pages\/30907\/revisions\/30914"}],"up":[{"embeddable":true,"href":"https:\/\/www.neuraxpharm.com\/cz\/wp-json\/wp\/v2\/pages\/1998"}],"wp:attachment":[{"href":"https:\/\/www.neuraxpharm.com\/cz\/wp-json\/wp\/v2\/media?parent=30907"}],"curies":[{"name":"wp","href":"https:\/\/api.w.org\/{rel}","templated":true}]}}