{"id":3,"date":"2021-01-27T16:51:35","date_gmt":"2021-01-27T16:51:35","guid":{"rendered":"https:\/\/neuraxpharm.com\/v2\/?page_id=3"},"modified":"2022-03-30T08:18:24","modified_gmt":"2022-03-30T08:18:24","slug":"zasady-ochrany-osobnich-udaju","status":"publish","type":"page","link":"https:\/\/www.neuraxpharm.com\/cz\/zasady-ochrany-osobnich-udaju","title":{"rendered":"Z\u00e1sady ochrany osobn\u00edch \u00fadaj\u016f"},"content":{"rendered":"\t\t<div data-elementor-type=\"wp-page\" data-elementor-id=\"3\" class=\"elementor elementor-3\" data-elementor-post-type=\"page\">\n\t\t\t\t\t\t<section class=\"elementor-section elementor-top-section elementor-element elementor-element-4267eac8 politicas elementor-section-boxed elementor-section-height-default elementor-section-height-default\" data-id=\"4267eac8\" data-element_type=\"section\" data-e-type=\"section\" data-settings=\"{&quot;jet_parallax_layout_list&quot;:[{&quot;jet_parallax_layout_image&quot;:{&quot;url&quot;:&quot;&quot;,&quot;id&quot;:&quot;&quot;,&quot;size&quot;:&quot;&quot;},&quot;_id&quot;:&quot;b9bf352&quot;,&quot;jet_parallax_layout_image_tablet&quot;:{&quot;url&quot;:&quot;&quot;,&quot;id&quot;:&quot;&quot;,&quot;size&quot;:&quot;&quot;},&quot;jet_parallax_layout_image_mobile&quot;:{&quot;url&quot;:&quot;&quot;,&quot;id&quot;:&quot;&quot;,&quot;size&quot;:&quot;&quot;},&quot;jet_parallax_layout_speed&quot;:{&quot;unit&quot;:&quot;%&quot;,&quot;size&quot;:50,&quot;sizes&quot;:[]},&quot;jet_parallax_layout_type&quot;:&quot;scroll&quot;,&quot;jet_parallax_layout_direction&quot;:&quot;1&quot;,&quot;jet_parallax_layout_fx_direction&quot;:null,&quot;jet_parallax_layout_z_index&quot;:&quot;&quot;,&quot;jet_parallax_layout_bg_x&quot;:50,&quot;jet_parallax_layout_bg_x_tablet&quot;:&quot;&quot;,&quot;jet_parallax_layout_bg_x_mobile&quot;:&quot;&quot;,&quot;jet_parallax_layout_bg_y&quot;:50,&quot;jet_parallax_layout_bg_y_tablet&quot;:&quot;&quot;,&quot;jet_parallax_layout_bg_y_mobile&quot;:&quot;&quot;,&quot;jet_parallax_layout_bg_size&quot;:&quot;auto&quot;,&quot;jet_parallax_layout_bg_size_tablet&quot;:&quot;&quot;,&quot;jet_parallax_layout_bg_size_mobile&quot;:&quot;&quot;,&quot;jet_parallax_layout_animation_prop&quot;:&quot;transform&quot;,&quot;jet_parallax_layout_on&quot;:[&quot;desktop&quot;,&quot;tablet&quot;]}]}\">\n\t\t\t\t\t\t<div class=\"elementor-container elementor-column-gap-default\">\n\t\t\t\t\t<div class=\"elementor-column elementor-col-100 elementor-top-column elementor-element elementor-element-11149c0c\" data-id=\"11149c0c\" data-element_type=\"column\" data-e-type=\"column\">\n\t\t\t<div class=\"elementor-widget-wrap elementor-element-populated\">\n\t\t\t\t\t\t<div class=\"elementor-element elementor-element-27cfa8e elementor-widget elementor-widget-heading\" data-id=\"27cfa8e\" data-element_type=\"widget\" data-e-type=\"widget\" data-widget_type=\"heading.default\">\n\t\t\t\t<div class=\"elementor-widget-container\">\n\t\t\t\t\t<h1 class=\"elementor-heading-title elementor-size-default\">Z\u00e1sady ochrany osobn\u00edch \u00fadaj\u016f<\/h1>\t\t\t\t<\/div>\n\t\t\t\t<\/div>\n\t\t\t\t<div class=\"elementor-element elementor-element-5d244c20 elementor-widget elementor-widget-text-editor\" data-id=\"5d244c20\" data-element_type=\"widget\" data-e-type=\"widget\" data-widget_type=\"text-editor.default\">\n\t\t\t\t<div class=\"elementor-widget-container\">\n\t\t\t\t\t\t\t\t\t<p>V souladu s Na\u0159\u00edzen\u00edm (EU) 2016\/679 Evropsk\u00e9ho parlamentu a Rady ze dne 27. dubna 2016 o ochran\u011b fyzick\u00fdch osob v souvislosti se zpracov\u00e1n\u00edm osobn\u00edch \u00fadaj\u016f a o voln\u00e9m pohybu t\u011bchto \u00fadaj\u016f, jako\u017e i dal\u0161\u00edmi platn\u00fdmi ustanoven\u00edmi o ochran\u011b osobn\u00edch \u00fadaj\u016f, V\u00e1m t\u00edmto poskytujeme podrobn\u00e9 informace o zpracov\u00e1n\u00ed Va\u0161ich osobn\u00edch \u00fadaj\u016f.<\/p><p><strong><span style=\"background-color: transparent;\">1.\u00a0<\/span>Kdo je spr\u00e1vcem zpracov\u00e1n\u00ed va\u0161ich osobn\u00edch \u00fadaj\u016f?<\/strong><\/p><table><tbody><tr><td>Spr\u00e1vce \u00fadaj\u016f<\/td><td><p>Spole\u010dnosti skupiny Neuraxpharm (\u201e<strong>Neuraxpharm<\/strong>\u201c). Kontaktn\u00ed \u00fadaje uveden\u00fdch spole\u010dnost\u00ed naleznete v <a href=\"https:\/\/www.neuraxpharm.com\/cz\/kontakt\">n\u00e1sleduj\u00edc\u00edm odkazu<\/a>.<\/p><p>Zejm\u00e9na v p\u0159\u00edpad\u011b\u00a0Farmakovigilance bude odpov\u011bdnou spole\u010dnost CEREBRO SPAIN BIDCO S.L.<\/p><\/td><\/tr><tr><td>E-mailov\u00e1 adresa<\/td><td><a href=\"\/\">gdpr@neuraxpharm.com<\/a><\/td><\/tr><\/tbody><\/table><p><strong><span style=\"background-color: transparent; font-size: 14.4px;\">2.\u00a0<\/span>Za jak\u00fdm \u00fa\u010delem zpracov\u00e1v\u00e1me va\u0161e osobn\u00ed \u00fadaje?<\/strong><\/p><p>Spole\u010dnost Neuraxpharm zpracov\u00e1v\u00e1 osobn\u00ed \u00fadaje, kter\u00e9 n\u00e1m poskytnete vypln\u011bn\u00edm kontaktn\u00edch formul\u00e1\u0159\u016f nebo kontaktov\u00e1n\u00edm prost\u0159ednictv\u00edm jak\u00e9koli e-mailov\u00e9 adresy nebo telefonn\u00edho \u010d\u00edsla uveden\u00e9ho na webov\u00fdch str\u00e1nk\u00e1ch, pro n\u00ed\u017ee uveden\u00e9 \u00fa\u010dely:<\/p><ol start=\"1\"><li><strong>Obchodn\u00ed sd\u011blen\u00ed<\/strong><\/li><\/ol><p>V r\u00e1mci sv\u00e9 propaga\u010dn\u00ed \u010dinnosti V\u00e1m Neuraxpharm m\u016f\u017ee poskytnout prost\u0159edky k registraci nebo odb\u011bru novinek nebo souvisej\u00edc\u00edch obchodn\u00edch informac\u00ed. Takov\u00e9 prost\u0159edky v\u017edy vy\u017eaduj\u00ed v\u00e1\u0161 v\u00fdslovn\u00fd souhlas, abychom v\u00e1m mohli zas\u00edlat novinky nebo obchodn\u00ed informace. Pokud jste n\u00e1m tedy dali sv\u016fj souhlas, spole\u010dnost Neruaxpharm v\u00e1m za\u0161le informace o sv\u00fdch produktech.<\/p><p>Sv\u016fj souhlas se zas\u00edl\u00e1n\u00edm obchodn\u00edch sd\u011blen\u00ed m\u016f\u017eete kdykoli odvolat kliknut\u00edm na odkaz nebo tla\u010d\u00edtko uveden\u00e9 v ka\u017ed\u00e9m obchodn\u00edm sd\u011blen\u00ed nebo zasl\u00e1n\u00edm e-mailu na <a href=\"\/\">gdpr@neuraxpharm.com<\/a>.<\/p><ol start=\"2\"><li><strong>Kontakt pro m\u00e9dia<\/strong><\/li><\/ol><p>Odpov\u011bd\u011bt na \u017e\u00e1dosti o informace.<\/p><ol start=\"3\"><li><strong>Kan\u00e1l etiky a dodr\u017eov\u00e1n\u00ed p\u0159edpis\u016f:<\/strong><\/li><\/ol><p>\u0158\u00eddit st\u00ed\u017enosti podan\u00e9 spole\u010dnosti Neuraxpharm prost\u0159ednictv\u00edm kan\u00e1lu Etika a dodr\u017eov\u00e1n\u00ed p\u0159edpis\u016f, jako\u017e i prov\u00e1d\u011bt \u0161et\u0159en\u00ed ozn\u00e1men\u00fdch skute\u010dnost\u00ed, p\u0159ijmout vhodn\u00e1 n\u00e1pravn\u00e1 opat\u0159en\u00ed a v p\u0159\u00edpad\u011b pot\u0159eby informovat u\u017eivatele o v\u00fdsledku.<\/p><ol start=\"4\"><li><strong>Hl\u00e1\u0161en\u00ed ne\u017e\u00e1douc\u00edch \u00fa\u010dink\u016f<\/strong><\/li><\/ol><ol><li>Odpov\u00eddat na \u017e\u00e1dosti o informace, kter\u00e9 u\u017eivatel t\u00edmto zp\u016fsobem podal.<\/li><li>Spravovat z\u00e1znamy podez\u0159en\u00ed na ne\u017e\u00e1douc\u00ed \u00fa\u010dinky l\u00e9ku.<\/li><\/ol><ol start=\"5\"><li><strong>Kontakt se zdravotnick\u00fdmi pracovn\u00edky<\/strong><\/li><\/ol><p>Odpov\u011bd\u011bt na \u017e\u00e1dosti o informace.<\/p><ol start=\"6\"><li><strong>Mezin\u00e1rodn\u00ed obchod<\/strong><\/li><\/ol><p>Odpov\u011bd\u011bt na \u017e\u00e1dosti o informace.<\/p><ol start=\"7\"><li><strong>Registrace v r\u00e1mci webov\u00fdch str\u00e1nek (\u201eOblast po p\u0159ihl\u00e1\u0161en\u00ed\u201c)<\/strong><\/li><\/ol><p>Spravovat po\u017eadavky po registraci na na\u0161\u00ed webov\u00e9 str\u00e1nce.<\/p><p><strong>3.Jak dlouho budeme va\u0161e osobn\u00ed \u00fadaje uchov\u00e1vat?<\/strong><\/p><p>Spole\u010dnost Neuraxpharm se zavazuje zpracov\u00e1vat va\u0161e osobn\u00ed \u00fadaje tak dlouho, dokud je to u\u017eite\u010dn\u00e9 a nezbytn\u00e9 pro to, aby v\u00e1m mohla nab\u00eddnout kvalitn\u00ed slu\u017eby. Proto spole\u010dnost Neuraxpharm vynalo\u017e\u00ed ve\u0161ker\u00e9 p\u0159im\u011b\u0159en\u00e9 \u00fasil\u00ed, aby minimalizovala dobu pot\u0159ebnou ke zpracov\u00e1n\u00ed a ulo\u017een\u00ed va\u0161ich osobn\u00edch \u00fadaj\u016f.<\/p><p>Zejm\u00e9na bychom V\u00e1s r\u00e1di informovali, \u017ee Va\u0161e osobn\u00ed \u00fadaje budou uchov\u00e1v\u00e1ny za pou\u017eit\u00ed nezbytn\u00fdch technick\u00fdch a organiza\u010dn\u00edch opat\u0159en\u00ed, aby byla zaru\u010dena bezpe\u010dnost a integrita \u00fadaj\u016f po n\u00e1sleduj\u00edc\u00ed obdob\u00ed a v ka\u017ed\u00e9m p\u0159\u00edpad\u011b po dobu, po kterou nepo\u017e\u00e1d\u00e1te o jejich vymaz\u00e1n\u00ed:<\/p><table><tbody><tr><td><strong>\u00da\u010del<\/strong><\/td><td><strong>Doba uchov\u00e1v\u00e1n\u00ed<\/strong><\/td><\/tr><tr><td>Obchodn\u00ed sd\u011blen\u00ed (odd\u00edl 2.i)<\/td><td>Dokud nezru\u0161\u00edte sv\u016fj souhlas se zpracov\u00e1n\u00edm.<\/td><\/tr><tr><td>Kontakt pro m\u00e9dia (odd\u00edl 2.ii)<\/td><td>Tak dlouho, dokud jsou nezbytn\u00e1 pro spln\u011bn\u00ed va\u0161eho po\u017eadavku.<\/td><\/tr><tr><td>Kan\u00e1l etiky a dodr\u017eov\u00e1n\u00ed p\u0159edpis\u016f (odd\u00edl 2.iii)<\/td><td>Po dobu nezbytn\u011b nutnou k rozhodnut\u00ed o vhodnosti zah\u00e1jen\u00ed vy\u0161et\u0159ov\u00e1n\u00ed ohl\u00e1\u0161en\u00fdch ud\u00e1lost\u00ed a p\u0159\u00edpadn\u011b po dobu nezbytnou k vy\u0159e\u0161en\u00ed st\u00ed\u017enosti.<\/td><\/tr><tr><td>Zpr\u00e1va o ne\u017e\u00e1douc\u00edch \u00fa\u010dinc\u00edch (odd\u00edl 2.iv)<\/td><td>Pr\u00e1vn\u00ed p\u0159edpisy upravuj\u00edc\u00ed ochranu ve\u0159ejn\u00e9ho pr\u00e1va na zdrav\u00ed a informov\u00e1n\u00ed a vzd\u011bl\u00e1v\u00e1n\u00ed spot\u0159ebitel\u016f, pokud jde o proml\u010dec\u00ed lh\u016ftu.<\/td><\/tr><tr><td>Kontakt se zdravotnick\u00fdmi pracovn\u00edky (odd\u00edl 2.v)<\/td><td>Tak dlouho, dokud jsou nezbytn\u00e1 pro spln\u011bn\u00ed va\u0161eho po\u017eadavku.<\/td><\/tr><tr><td>Mezin\u00e1rodn\u00ed obchod (odd\u00edl 2.vi)<\/td><td>Tak dlouho, dokud jsou nezbytn\u00e1 pro spln\u011bn\u00ed va\u0161eho po\u017eadavku.<\/td><\/tr><tr><td>Registr webov\u00fdch str\u00e1nek (odd\u00edl 2.vii)<\/td><td>Tak dlouho, dokud jsou nezbytn\u00e1 pro spln\u011bn\u00ed va\u0161eho po\u017eadavku.<\/td><\/tr><\/tbody><\/table><p>V ka\u017ed\u00e9m p\u0159\u00edpad\u011b, a to i v p\u0159\u00edpad\u011b, \u017ee po\u017e\u00e1d\u00e1te o vymaz\u00e1n\u00ed sv\u00fdch osobn\u00edch \u00fadaj\u016f, je spole\u010dnost Neuraxpharm opr\u00e1vn\u011bna je uchov\u00e1vat a to po dobu nezbytn\u011b nutnou k tomu, aby splnila odpov\u00eddaj\u00edc\u00ed pr\u00e1vn\u00ed povinnosti, a rovn\u011b\u017e je zp\u0159\u00edstupnit p\u0159\u00edslu\u0161n\u00fdm org\u00e1n\u016fm v souvisej\u00edc\u00edch z\u00e1le\u017eitostech.<\/p><p><strong>4. Jak\u00fd je pr\u00e1vn\u00ed z\u00e1klad pro zpracov\u00e1n\u00ed va\u0161ich osobn\u00edch \u00fadaj\u016f?<\/strong><\/p><p>Pr\u00e1vn\u00ed z\u00e1klad pro zpracov\u00e1n\u00ed Va\u0161ich osobn\u00edch \u00fadaj\u016f se li\u0161\u00ed v z\u00e1vislosti na \u00fa\u010delu zpracov\u00e1n\u00ed v souladu s odstavcem 2 t\u011bchto z\u00e1sad:<\/p><table><tbody><tr><td><strong>\u00da\u010del<\/strong><\/td><td><strong>Pr\u00e1vn\u00ed z\u00e1klad<\/strong><\/td><\/tr><tr><td>Obchodn\u00ed sd\u011blen\u00ed (odd\u00edl 2.i)<\/td><td>V\u00e1\u0161 souhlas.<\/td><\/tr><tr><td>Kontakt pro m\u00e9dia (odd\u00edl 2.ii)<\/td><td>V\u00e1\u0161 souhlas poskytnut\u00fd p\u0159i kontaktov\u00e1n\u00ed prost\u0159ednictv\u00edm kontaktn\u00edho formul\u00e1\u0159e.<\/td><\/tr><tr><td>Kan\u00e1l etiky a dodr\u017eov\u00e1n\u00ed p\u0159edpis\u016f (odd\u00edl 2.iii)<\/td><td>Pr\u00e1vn\u00ed povinnost, zejm\u00e9na Sm\u011brnic\u00ed (EU) 2019\/1937 o ochran\u011b fyzick\u00fdch osob, kter\u00e9 ohl\u00e1s\u00ed poru\u0161en\u00ed pr\u00e1va Evropsk\u00e9 unie.<\/td><\/tr><tr><td>Zpr\u00e1va o ne\u017e\u00e1douc\u00edch \u00fa\u010dinc\u00edch (odd\u00edl 2.iv)<\/td><td>Pr\u00e1vn\u00ed povinnost, dan\u00e1 zejm\u00e9na NA\u0158\u00cdZEN\u00cdM (EU) \u010d. 1235\/2010 Evropsk\u00e9ho parlamentu a Rady ze dne 15. prosince 2010, kter\u00fdm se m\u011bn\u00ed, pokud jde o farmakovigilanci hum\u00e1nn\u00edch l\u00e9\u010div\u00fdch p\u0159\u00edpravk\u016f, Na\u0159\u00edzen\u00ed (EC) \u010d. 726\/2004, kter\u00fdm se stanov\u00ed postupy Spole\u010denstv\u00ed pro registraci hum\u00e1nn\u00edch a veterin\u00e1rn\u00edch l\u00e9\u010div\u00fdch p\u0159\u00edpravk\u016f a dozor nad nimi a kter\u00fdm se z\u0159izuje Evropsk\u00e1 agentura pro l\u00e9\u010div\u00e9 p\u0159\u00edpravky, a Na\u0159\u00edzen\u00ed (EC) \u010d. 1394\/2007 o l\u00e9\u010div\u00fdch p\u0159\u00edpravc\u00edch pro modern\u00ed terapii.<\/td><\/tr><tr><td>Kontakt se zdravotnick\u00fdmi pracovn\u00edky (odd\u00edl 2.v)<\/td><td>V\u00e1\u0161 souhlas poskytnut\u00fd p\u0159i kontaktov\u00e1n\u00ed prost\u0159ednictv\u00edm kontaktn\u00edho formul\u00e1\u0159e.<\/td><\/tr><tr><td>Mezin\u00e1rodn\u00ed obchod (odd\u00edl 2.vi)<\/td><td>V\u00e1\u0161 souhlas poskytnut\u00fd p\u0159i kontaktov\u00e1n\u00ed prost\u0159ednictv\u00edm kontaktn\u00edho formul\u00e1\u0159e.<\/td><\/tr><tr><td>Registr webov\u00fdch str\u00e1nek (odd\u00edl 2.vii)<\/td><td>V\u00e1\u0161 souhlas poskytnut\u00fd p\u0159i kontaktov\u00e1n\u00ed prost\u0159ednictv\u00edm kontaktn\u00edho formul\u00e1\u0159e.<\/td><\/tr><\/tbody><\/table><p><strong>5. Komu va\u0161e osobn\u00ed \u00fadaje zp\u0159\u00edstupn\u00edme?<\/strong><\/p><p>Va\u0161e osobn\u00ed \u00fadaje nebudou zp\u0159\u00edstupn\u011bny t\u0159et\u00edm stran\u00e1m, s v\u00fdjimkou dodavatel\u016f, kte\u0159\u00ed n\u00e1m poskytuj\u00ed slu\u017eby pro \u0159\u00e1dn\u00e9 poskytov\u00e1n\u00ed n\u00e1mi poskytovan\u00fdch slu\u017eeb. Spole\u010dnost Neuraxpharm m\u016f\u017ee rovn\u011b\u017e zve\u0159ejnit va\u0161e osobn\u00ed \u00fadaje ve\u0159ejn\u00fdm org\u00e1n\u016fm a \u00fa\u0159ad\u016fm (spr\u00e1vn\u00edm nebo soudn\u00edm) v p\u0159\u00edpadech, kdy se na n\u011b vztahuje z\u00e1konn\u00e1 povinnost.<\/p><p>Informujeme v\u00e1s, \u017ee \u00fadaje, kter\u00e9 jste n\u00e1m poskytli, mohou b\u00fdt poskytnuty skupin\u011b spole\u010dnost\u00ed, kter\u00e9 jsou sou\u010d\u00e1st\u00ed skupiny Neuraxpharm Group, pro intern\u00ed administrativn\u00ed \u00fa\u010dely.<\/p><p><strong>6. Jak\u00e1 jsou va\u0161e pr\u00e1va t\u00fdkaj\u00edc\u00ed se va\u0161ich osobn\u00edch \u00fadaj\u016f a jak je m\u016f\u017eete uplatnit?<\/strong><\/p><p>Kdykoli m\u00e1te pr\u00e1vo na p\u0159\u00edstup ke sv\u00fdm osobn\u00edm \u00fadaj\u016fm a pr\u00e1vo po\u017e\u00e1dat o opravu nep\u0159esn\u00fdch \u00fadaj\u016f nebo p\u0159\u00edpadn\u011b po\u017e\u00e1dat o jejich vymaz\u00e1n\u00ed, pokud tyto \u00fadaje ji\u017e mimo jin\u00e9 nejsou nezbytn\u00e9 pro \u00fa\u010dely, pro kter\u00e9 byly shrom\u00e1\u017ed\u011bny.<\/p><p>Za ur\u010dit\u00fdch okolnost\u00ed m\u016f\u017eete po\u017e\u00e1dat o omezen\u00ed zpracov\u00e1n\u00ed va\u0161ich \u00fadaj\u016f, v takov\u00e9m p\u0159\u00edpad\u011b je budeme uchov\u00e1vat pouze pro \u00fa\u010dely uplatn\u011bn\u00ed nebo obhajoby n\u00e1rok\u016f.<\/p><p>Za ur\u010dit\u00fdch okolnost\u00ed a z d\u016fvod\u016f souvisej\u00edc\u00edch s va\u0161\u00ed konkr\u00e9tn\u00ed situac\u00ed m\u016f\u017eete vzn\u00e9st n\u00e1mitku proti zpracov\u00e1n\u00ed va\u0161ich \u00fadaj\u016f. Spole\u010dnost Neuraxpharm p\u0159estane zpracov\u00e1vat \u00fadaje, s v\u00fdjimkou z\u00e1va\u017en\u00fdch legitimn\u00edch d\u016fvod\u016f nebo uplatn\u011bn\u00ed \u010di obhajoby jak\u00fdchkoli n\u00e1rok\u016f.<\/p><p>M\u016f\u017eete tak\u00e9 uplatnit sv\u00e9 pr\u00e1vo na p\u0159enositelnost sv\u00fdch \u00fadaj\u016f a sv\u016fj souhlas kdykoli odvolat, ani\u017e by to m\u011blo vliv na z\u00e1konnost zpracov\u00e1n\u00ed na z\u00e1klad\u011b va\u0161eho souhlasu p\u0159ed jeho odvol\u00e1n\u00edm.<\/p><p>Pokud si p\u0159ejete uplatnit n\u011bkter\u00e1 ze sv\u00fdch pr\u00e1v, m\u016f\u017eete n\u00e1s kontaktovat zasl\u00e1n\u00edm dopisu s uveden\u00edm pr\u00e1va, kter\u00e9 si p\u0159ejete uplatnit, na v\u00fd\u0161e uveden\u00e9 adrese nebo zasl\u00e1n\u00edm e-mailu na <a href=\"mailto:gdpr@neuraxpharm.com\">gdpr@neuraxpharm.com<\/a>.<\/p><p>Z\u00e1v\u011brem v\u00e1s informujeme, \u017ee se m\u016f\u017eete obr\u00e1tit na p\u0159\u00edslu\u0161n\u00fd org\u00e1n pro ochranu \u00fadaj\u016f ve va\u0161\u00ed zemi a na dal\u0161\u00ed p\u0159\u00edslu\u0161n\u00e9 ve\u0159ejn\u00e9 org\u00e1ny v souvislosti s jak\u00fdmkoliv n\u00e1rokem vypl\u00fdvaj\u00edc\u00edm ze zpracov\u00e1n\u00ed va\u0161ich osobn\u00edch \u00fadaj\u016f.<\/p><p><strong>7. D\u016fv\u011brnost a bezpe\u010dnostn\u00ed opat\u0159en\u00ed<\/strong><\/p><p>Spole\u010dnost Neuraxpharm zavedla ve\u0161ker\u00e1 vhodn\u00e1 bezpe\u010dnostn\u00ed opat\u0159en\u00ed, aby zajistila, \u017ee nedojde ke ztr\u00e1t\u011b, zm\u011bn\u011b, zneu\u017eit\u00ed nebo neopr\u00e1vn\u011bn\u00e9mu p\u0159\u00edstupu ke zpracov\u00e1van\u00fdm osobn\u00edm \u00fadaj\u016fm. Spole\u010dnost Neuraxpharm pravideln\u011b p\u0159ezkoum\u00e1v\u00e1 bezpe\u010dnostn\u00ed opat\u0159en\u00ed, aby se zajistilo, \u017ee jsou v\u017edy vhodn\u00e1 ve vztahu ke zpracov\u00e1n\u00ed, kter\u00e9 prov\u00e1d\u00ed.<\/p><p>Bez ohledu na v\u00fd\u0161e uveden\u00e9 nen\u00ed pou\u017e\u00edv\u00e1n\u00ed internetu zcela bezpe\u010dn\u00e9 a nem\u016f\u017eeme zaru\u010dit bezpe\u010dnost va\u0161ich informac\u00ed.a<\/p>\t\t\t\t\t\t\t\t<\/div>\n\t\t\t\t<\/div>\n\t\t\t\t\t<\/div>\n\t\t<\/div>\n\t\t\t\t\t<\/div>\n\t\t<\/section>\n\t\t\t\t<\/div>\n\t\t","protected":false},"excerpt":{"rendered":"<p>Z\u00e1sady ochrany osobn\u00edch \u00fadaj\u016f V souladu s Na\u0159\u00edzen\u00edm (EU) 2016\/679 Evropsk\u00e9ho parlamentu a Rady ze dne 27. dubna 2016 o ochran\u011b fyzick\u00fdch osob v souvislosti se zpracov\u00e1n\u00edm osobn\u00edch \u00fadaj\u016f a o voln\u00e9m pohybu t\u011bchto \u00fadaj\u016f, jako\u017e i dal\u0161\u00edmi platn\u00fdmi ustanoven\u00edmi o ochran\u011b osobn\u00edch \u00fadaj\u016f, V\u00e1m t\u00edmto poskytujeme podrobn\u00e9 informace o zpracov\u00e1n\u00ed Va\u0161ich osobn\u00edch \u00fadaj\u016f. 1.\u00a0Kdo [&hellip;]<\/p>\n","protected":false},"author":1,"featured_media":0,"parent":0,"menu_order":0,"comment_status":"closed","ping_status":"closed","template":"","meta":{"_acf_changed":false,"footnotes":""},"class_list":["post-3","page","type-page","status-publish","hentry"],"yoast_head":"<!-- This site is optimized with the Yoast SEO Premium plugin v27.2 (Yoast SEO v27.2) - https:\/\/yoast.com\/product\/yoast-seo-premium-wordpress\/ -->\n<title>Z\u00e1sady ochrany osobn\u00edch \u00fadaj\u016f - Neuraxpharm CZ<\/title>\n<meta name=\"robots\" content=\"index, follow, max-snippet:-1, max-image-preview:large, max-video-preview:-1\" \/>\n<link rel=\"canonical\" href=\"https:\/\/www.neuraxpharm.com\/cz\/zasady-ochrany-osobnich-udaju\" \/>\n<meta property=\"og:locale\" content=\"cs_CZ\" \/>\n<meta property=\"og:type\" content=\"article\" \/>\n<meta property=\"og:title\" content=\"Z\u00e1sady ochrany osobn\u00edch \u00fadaj\u016f\" \/>\n<meta property=\"og:description\" content=\"Z\u00e1sady ochrany osobn\u00edch \u00fadaj\u016f V souladu s Na\u0159\u00edzen\u00edm (EU) 2016\/679 Evropsk\u00e9ho parlamentu a Rady ze dne 27. dubna 2016 o ochran\u011b fyzick\u00fdch osob v souvislosti se zpracov\u00e1n\u00edm osobn\u00edch \u00fadaj\u016f a o voln\u00e9m pohybu t\u011bchto \u00fadaj\u016f, jako\u017e i dal\u0161\u00edmi platn\u00fdmi ustanoven\u00edmi o ochran\u011b osobn\u00edch \u00fadaj\u016f, V\u00e1m t\u00edmto poskytujeme podrobn\u00e9 informace o zpracov\u00e1n\u00ed Va\u0161ich osobn\u00edch \u00fadaj\u016f. 1.\u00a0Kdo [&hellip;]\" \/>\n<meta property=\"og:url\" content=\"https:\/\/www.neuraxpharm.com\/cz\/zasady-ochrany-osobnich-udaju\" \/>\n<meta property=\"og:site_name\" content=\"Neuraxpharm CZ\" \/>\n<meta property=\"article:modified_time\" content=\"2022-03-30T08:18:24+00:00\" \/>\n<meta name=\"twitter:card\" content=\"summary_large_image\" \/>\n<meta name=\"twitter:label1\" content=\"Odhadovan\u00e1 doba \u010dten\u00ed\" \/>\n\t<meta name=\"twitter:data1\" content=\"6 minut\" \/>\n<script type=\"application\/ld+json\" class=\"yoast-schema-graph\">{\"@context\":\"https:\/\/schema.org\",\"@graph\":[{\"@type\":\"WebPage\",\"@id\":\"https:\/\/www.neuraxpharm.com\/cz\/zasady-ochrany-osobnich-udaju\",\"url\":\"https:\/\/www.neuraxpharm.com\/cz\/zasady-ochrany-osobnich-udaju\",\"name\":\"Z\u00e1sady ochrany osobn\u00edch \u00fadaj\u016f - Neuraxpharm CZ\",\"isPartOf\":{\"@id\":\"https:\/\/www.neuraxpharm.com\/cz\/#website\"},\"datePublished\":\"2021-01-27T16:51:35+00:00\",\"dateModified\":\"2022-03-30T08:18:24+00:00\",\"breadcrumb\":{\"@id\":\"https:\/\/www.neuraxpharm.com\/cz\/zasady-ochrany-osobnich-udaju#breadcrumb\"},\"inLanguage\":\"cs\",\"potentialAction\":[{\"@type\":\"ReadAction\",\"target\":[\"https:\/\/www.neuraxpharm.com\/cz\/zasady-ochrany-osobnich-udaju\"]}]},{\"@type\":\"BreadcrumbList\",\"@id\":\"https:\/\/www.neuraxpharm.com\/cz\/zasady-ochrany-osobnich-udaju#breadcrumb\",\"itemListElement\":[{\"@type\":\"ListItem\",\"position\":1,\"name\":\"Home\",\"item\":\"https:\/\/www.neuraxpharm.com\/cz\/\"},{\"@type\":\"ListItem\",\"position\":2,\"name\":\"Z\u00e1sady ochrany osobn\u00edch \u00fadaj\u016f\"}]},{\"@type\":\"WebSite\",\"@id\":\"https:\/\/www.neuraxpharm.com\/cz\/#website\",\"url\":\"https:\/\/www.neuraxpharm.com\/cz\/\",\"name\":\"Neuraxpharm CZ\",\"description\":\"Evropsk\u00fd l\u00eddr v oblasti produkt\u016f CNS\",\"potentialAction\":[{\"@type\":\"SearchAction\",\"target\":{\"@type\":\"EntryPoint\",\"urlTemplate\":\"https:\/\/www.neuraxpharm.com\/cz\/?s={search_term_string}\"},\"query-input\":{\"@type\":\"PropertyValueSpecification\",\"valueRequired\":true,\"valueName\":\"search_term_string\"}}],\"inLanguage\":\"cs\"}]}<\/script>\n<!-- \/ Yoast SEO Premium plugin. -->","yoast_head_json":{"title":"Z\u00e1sady ochrany osobn\u00edch \u00fadaj\u016f - Neuraxpharm CZ","robots":{"index":"index","follow":"follow","max-snippet":"max-snippet:-1","max-image-preview":"max-image-preview:large","max-video-preview":"max-video-preview:-1"},"canonical":"https:\/\/www.neuraxpharm.com\/cz\/zasady-ochrany-osobnich-udaju","og_locale":"cs_CZ","og_type":"article","og_title":"Z\u00e1sady ochrany osobn\u00edch \u00fadaj\u016f","og_description":"Z\u00e1sady ochrany osobn\u00edch \u00fadaj\u016f V souladu s Na\u0159\u00edzen\u00edm (EU) 2016\/679 Evropsk\u00e9ho parlamentu a Rady ze dne 27. dubna 2016 o ochran\u011b fyzick\u00fdch osob v souvislosti se zpracov\u00e1n\u00edm osobn\u00edch \u00fadaj\u016f a o voln\u00e9m pohybu t\u011bchto \u00fadaj\u016f, jako\u017e i dal\u0161\u00edmi platn\u00fdmi ustanoven\u00edmi o ochran\u011b osobn\u00edch \u00fadaj\u016f, V\u00e1m t\u00edmto poskytujeme podrobn\u00e9 informace o zpracov\u00e1n\u00ed Va\u0161ich osobn\u00edch \u00fadaj\u016f. 1.\u00a0Kdo [&hellip;]","og_url":"https:\/\/www.neuraxpharm.com\/cz\/zasady-ochrany-osobnich-udaju","og_site_name":"Neuraxpharm CZ","article_modified_time":"2022-03-30T08:18:24+00:00","twitter_card":"summary_large_image","twitter_misc":{"Odhadovan\u00e1 doba \u010dten\u00ed":"6 minut"},"schema":{"@context":"https:\/\/schema.org","@graph":[{"@type":"WebPage","@id":"https:\/\/www.neuraxpharm.com\/cz\/zasady-ochrany-osobnich-udaju","url":"https:\/\/www.neuraxpharm.com\/cz\/zasady-ochrany-osobnich-udaju","name":"Z\u00e1sady ochrany osobn\u00edch \u00fadaj\u016f - Neuraxpharm CZ","isPartOf":{"@id":"https:\/\/www.neuraxpharm.com\/cz\/#website"},"datePublished":"2021-01-27T16:51:35+00:00","dateModified":"2022-03-30T08:18:24+00:00","breadcrumb":{"@id":"https:\/\/www.neuraxpharm.com\/cz\/zasady-ochrany-osobnich-udaju#breadcrumb"},"inLanguage":"cs","potentialAction":[{"@type":"ReadAction","target":["https:\/\/www.neuraxpharm.com\/cz\/zasady-ochrany-osobnich-udaju"]}]},{"@type":"BreadcrumbList","@id":"https:\/\/www.neuraxpharm.com\/cz\/zasady-ochrany-osobnich-udaju#breadcrumb","itemListElement":[{"@type":"ListItem","position":1,"name":"Home","item":"https:\/\/www.neuraxpharm.com\/cz\/"},{"@type":"ListItem","position":2,"name":"Z\u00e1sady ochrany osobn\u00edch \u00fadaj\u016f"}]},{"@type":"WebSite","@id":"https:\/\/www.neuraxpharm.com\/cz\/#website","url":"https:\/\/www.neuraxpharm.com\/cz\/","name":"Neuraxpharm CZ","description":"Evropsk\u00fd l\u00eddr v oblasti produkt\u016f CNS","potentialAction":[{"@type":"SearchAction","target":{"@type":"EntryPoint","urlTemplate":"https:\/\/www.neuraxpharm.com\/cz\/?s={search_term_string}"},"query-input":{"@type":"PropertyValueSpecification","valueRequired":true,"valueName":"search_term_string"}}],"inLanguage":"cs"}]}},"acf":[],"_links":{"self":[{"href":"https:\/\/www.neuraxpharm.com\/cz\/wp-json\/wp\/v2\/pages\/3","targetHints":{"allow":["GET"]}}],"collection":[{"href":"https:\/\/www.neuraxpharm.com\/cz\/wp-json\/wp\/v2\/pages"}],"about":[{"href":"https:\/\/www.neuraxpharm.com\/cz\/wp-json\/wp\/v2\/types\/page"}],"author":[{"embeddable":true,"href":"https:\/\/www.neuraxpharm.com\/cz\/wp-json\/wp\/v2\/users\/1"}],"replies":[{"embeddable":true,"href":"https:\/\/www.neuraxpharm.com\/cz\/wp-json\/wp\/v2\/comments?post=3"}],"version-history":[{"count":129,"href":"https:\/\/www.neuraxpharm.com\/cz\/wp-json\/wp\/v2\/pages\/3\/revisions"}],"predecessor-version":[{"id":26163,"href":"https:\/\/www.neuraxpharm.com\/cz\/wp-json\/wp\/v2\/pages\/3\/revisions\/26163"}],"wp:attachment":[{"href":"https:\/\/www.neuraxpharm.com\/cz\/wp-json\/wp\/v2\/media?parent=3"}],"curies":[{"name":"wp","href":"https:\/\/api.w.org\/{rel}","templated":true}]}}