{"id":28350,"date":"2023-01-30T16:46:57","date_gmt":"2023-01-30T16:46:57","guid":{"rendered":"https:\/\/www.neuraxpharm.com\/cz\/?page_id=28350"},"modified":"2023-03-27T09:59:36","modified_gmt":"2023-03-27T09:59:36","slug":"miguel-barrero","status":"publish","type":"page","link":"https:\/\/www.neuraxpharm.com\/cz\/o-nas\/vedeni-spolecnosti\/miguel-barrero","title":{"rendered":"MIGUEL BARRERO"},"content":{"rendered":"\t\t<div data-elementor-type=\"wp-page\" data-elementor-id=\"28350\" class=\"elementor elementor-28350\" data-elementor-post-type=\"page\">\n\t\t\t\t\t\t<section class=\"elementor-section elementor-top-section elementor-element elementor-element-7d35ba87 elementor-section-boxed elementor-section-height-default elementor-section-height-default\" data-id=\"7d35ba87\" data-element_type=\"section\" data-e-type=\"section\" data-settings=\"{&quot;jet_parallax_layout_list&quot;:[{&quot;_id&quot;:&quot;f02b98c&quot;,&quot;jet_parallax_layout_image&quot;:{&quot;url&quot;:&quot;&quot;,&quot;id&quot;:&quot;&quot;,&quot;size&quot;:&quot;&quot;},&quot;jet_parallax_layout_image_tablet&quot;:{&quot;url&quot;:&quot;&quot;,&quot;id&quot;:&quot;&quot;,&quot;size&quot;:&quot;&quot;},&quot;jet_parallax_layout_image_mobile&quot;:{&quot;url&quot;:&quot;&quot;,&quot;id&quot;:&quot;&quot;,&quot;size&quot;:&quot;&quot;},&quot;jet_parallax_layout_speed&quot;:{&quot;unit&quot;:&quot;%&quot;,&quot;size&quot;:50,&quot;sizes&quot;:[]},&quot;jet_parallax_layout_type&quot;:&quot;scroll&quot;,&quot;jet_parallax_layout_direction&quot;:&quot;1&quot;,&quot;jet_parallax_layout_fx_direction&quot;:null,&quot;jet_parallax_layout_z_index&quot;:&quot;&quot;,&quot;jet_parallax_layout_bg_x&quot;:50,&quot;jet_parallax_layout_bg_x_tablet&quot;:&quot;&quot;,&quot;jet_parallax_layout_bg_x_mobile&quot;:&quot;&quot;,&quot;jet_parallax_layout_bg_y&quot;:50,&quot;jet_parallax_layout_bg_y_tablet&quot;:&quot;&quot;,&quot;jet_parallax_layout_bg_y_mobile&quot;:&quot;&quot;,&quot;jet_parallax_layout_bg_size&quot;:&quot;auto&quot;,&quot;jet_parallax_layout_bg_size_tablet&quot;:&quot;&quot;,&quot;jet_parallax_layout_bg_size_mobile&quot;:&quot;&quot;,&quot;jet_parallax_layout_animation_prop&quot;:&quot;transform&quot;,&quot;jet_parallax_layout_on&quot;:[&quot;desktop&quot;,&quot;tablet&quot;]}]}\">\n\t\t\t\t\t\t<div class=\"elementor-container elementor-column-gap-default\">\n\t\t\t\t\t<div class=\"elementor-column elementor-col-33 elementor-top-column elementor-element elementor-element-621b3940\" data-id=\"621b3940\" data-element_type=\"column\" data-e-type=\"column\">\n\t\t\t<div class=\"elementor-widget-wrap elementor-element-populated\">\n\t\t\t\t\t\t<div class=\"elementor-element elementor-element-36cc369c elementor-widget elementor-widget-image\" data-id=\"36cc369c\" data-element_type=\"widget\" data-e-type=\"widget\" data-widget_type=\"image.default\">\n\t\t\t\t<div class=\"elementor-widget-container\">\n\t\t\t\t\t\t\t\t\t\t\t\t\t\t\t<img fetchpriority=\"high\" decoding=\"async\" width=\"716\" height=\"700\" src=\"https:\/\/static.neuraxpharm.com\/wp-content\/uploads\/sites\/27\/2023\/03\/27095636\/m-barrero.jpg\" class=\"attachment-full size-full wp-image-28575\" alt=\"\" srcset=\"https:\/\/static.neuraxpharm.com\/wp-content\/uploads\/sites\/27\/2023\/03\/27095636\/m-barrero.jpg 716w, https:\/\/static.neuraxpharm.com\/wp-content\/uploads\/sites\/27\/2023\/03\/27095636\/m-barrero-300x293.jpg 300w, https:\/\/static.neuraxpharm.com\/wp-content\/uploads\/sites\/27\/2023\/03\/27095636\/m-barrero-600x587.jpg 600w\" sizes=\"(max-width: 716px) 100vw, 716px\" \/>\t\t\t\t\t\t\t\t\t\t\t\t\t\t\t<\/div>\n\t\t\t\t<\/div>\n\t\t\t\t<section class=\"elementor-section elementor-inner-section elementor-element elementor-element-730d6a7d elementor-section-content-top elementor-section-boxed elementor-section-height-default elementor-section-height-default\" data-id=\"730d6a7d\" data-element_type=\"section\" data-e-type=\"section\" data-settings=\"{&quot;jet_parallax_layout_list&quot;:[{&quot;_id&quot;:&quot;5f899ce&quot;,&quot;jet_parallax_layout_image&quot;:{&quot;url&quot;:&quot;&quot;,&quot;id&quot;:&quot;&quot;,&quot;size&quot;:&quot;&quot;},&quot;jet_parallax_layout_image_tablet&quot;:{&quot;url&quot;:&quot;&quot;,&quot;id&quot;:&quot;&quot;,&quot;size&quot;:&quot;&quot;},&quot;jet_parallax_layout_image_mobile&quot;:{&quot;url&quot;:&quot;&quot;,&quot;id&quot;:&quot;&quot;,&quot;size&quot;:&quot;&quot;},&quot;jet_parallax_layout_speed&quot;:{&quot;unit&quot;:&quot;%&quot;,&quot;size&quot;:50,&quot;sizes&quot;:[]},&quot;jet_parallax_layout_type&quot;:&quot;scroll&quot;,&quot;jet_parallax_layout_direction&quot;:&quot;1&quot;,&quot;jet_parallax_layout_fx_direction&quot;:null,&quot;jet_parallax_layout_z_index&quot;:&quot;&quot;,&quot;jet_parallax_layout_bg_x&quot;:50,&quot;jet_parallax_layout_bg_x_tablet&quot;:&quot;&quot;,&quot;jet_parallax_layout_bg_x_mobile&quot;:&quot;&quot;,&quot;jet_parallax_layout_bg_y&quot;:50,&quot;jet_parallax_layout_bg_y_tablet&quot;:&quot;&quot;,&quot;jet_parallax_layout_bg_y_mobile&quot;:&quot;&quot;,&quot;jet_parallax_layout_bg_size&quot;:&quot;auto&quot;,&quot;jet_parallax_layout_bg_size_tablet&quot;:&quot;&quot;,&quot;jet_parallax_layout_bg_size_mobile&quot;:&quot;&quot;,&quot;jet_parallax_layout_animation_prop&quot;:&quot;transform&quot;,&quot;jet_parallax_layout_on&quot;:[&quot;desktop&quot;,&quot;tablet&quot;]}]}\">\n\t\t\t\t\t\t<div class=\"elementor-container elementor-column-gap-default\">\n\t\t\t\t\t<div class=\"elementor-column elementor-col-50 elementor-inner-column elementor-element elementor-element-703cb426\" data-id=\"703cb426\" data-element_type=\"column\" data-e-type=\"column\">\n\t\t\t<div class=\"elementor-widget-wrap elementor-element-populated\">\n\t\t\t\t\t\t<div class=\"elementor-element elementor-element-48655cb3 elementor-view-default elementor-widget elementor-widget-icon\" data-id=\"48655cb3\" data-element_type=\"widget\" data-e-type=\"widget\" data-widget_type=\"icon.default\">\n\t\t\t\t<div class=\"elementor-widget-container\">\n\t\t\t\t\t\t\t<div class=\"elementor-icon-wrapper\">\n\t\t\t<div class=\"elementor-icon\">\n\t\t\t<i aria-hidden=\"true\" class=\"fab fa-linkedin-in\"><\/i>\t\t\t<\/div>\n\t\t<\/div>\n\t\t\t\t\t\t<\/div>\n\t\t\t\t<\/div>\n\t\t\t\t\t<\/div>\n\t\t<\/div>\n\t\t\t\t<div class=\"elementor-column elementor-col-50 elementor-inner-column elementor-element elementor-element-31960fef\" data-id=\"31960fef\" data-element_type=\"column\" data-e-type=\"column\">\n\t\t\t<div class=\"elementor-widget-wrap elementor-element-populated\">\n\t\t\t\t\t\t<div class=\"elementor-element elementor-element-1bfcc6f9 elementor-widget elementor-widget-heading\" data-id=\"1bfcc6f9\" data-element_type=\"widget\" data-e-type=\"widget\" data-widget_type=\"heading.default\">\n\t\t\t\t<div class=\"elementor-widget-container\">\n\t\t\t\t\t<p class=\"elementor-heading-title elementor-size-default\"><a href=\"https:\/\/www.linkedin.com\/in\/mbarrero\/\" target=\"_blank\">https:\/\/www.linkedin.com\/in\/mbarrero\/<\/a><\/p>\t\t\t\t<\/div>\n\t\t\t\t<\/div>\n\t\t\t\t\t<\/div>\n\t\t<\/div>\n\t\t\t\t\t<\/div>\n\t\t<\/section>\n\t\t\t\t\t<\/div>\n\t\t<\/div>\n\t\t\t\t<div class=\"elementor-column elementor-col-66 elementor-top-column elementor-element elementor-element-216e3af4\" data-id=\"216e3af4\" data-element_type=\"column\" data-e-type=\"column\">\n\t\t\t<div class=\"elementor-widget-wrap elementor-element-populated\">\n\t\t\t\t\t\t<div class=\"elementor-element elementor-element-65a16865 elementor-widget elementor-widget-jet-breadcrumbs\" data-id=\"65a16865\" data-element_type=\"widget\" data-e-type=\"widget\" data-widget_type=\"jet-breadcrumbs.default\">\n\t\t\t\t<div class=\"elementor-widget-container\">\n\t\t\t\t\t<div class=\"elementor-jet-breadcrumbs jet-blocks\">\n\t\t<div class=\"jet-breadcrumbs\">\n\t\t<div class=\"jet-breadcrumbs__content\">\n\t\t<div class=\"jet-breadcrumbs__wrap\"><div class=\"jet-breadcrumbs__item\"><a href=\"https:\/\/www.neuraxpharm.com\/cz\/\" class=\"jet-breadcrumbs__item-link is-home\" rel=\"home\" title=\"Neuraxpharm\">Neuraxpharm<\/a><\/div>\n\t\t<\/div>\n\t\t<\/div>\n\t\t<\/div><\/div>\t\t\t\t<\/div>\n\t\t\t\t<\/div>\n\t\t\t\t<div class=\"elementor-element elementor-element-534c83e4 elementor-widget elementor-widget-heading\" data-id=\"534c83e4\" data-element_type=\"widget\" data-e-type=\"widget\" data-widget_type=\"heading.default\">\n\t\t\t\t<div class=\"elementor-widget-container\">\n\t\t\t\t\t<h1 class=\"elementor-heading-title elementor-size-default\">Miguel Barrero<\/h1>\t\t\t\t<\/div>\n\t\t\t\t<\/div>\n\t\t\t\t<div class=\"elementor-element elementor-element-5d3cb84d elementor-widget elementor-widget-text-editor\" data-id=\"5d3cb84d\" data-element_type=\"widget\" data-e-type=\"widget\" data-widget_type=\"text-editor.default\">\n\t\t\t\t<div class=\"elementor-widget-container\">\n\t\t\t\t\t\t\t\t\t<p>Miguel Barrero Dur\u00e1n je Head of Business Development &amp; Innovation a do spole\u010dnosti Neuraxpharm nastoupil v roce 2015, kdy vytvo\u0159il a rozv\u00edjel firemn\u00ed odd\u011blen\u00ed rozvoje podnik\u00e1n\u00ed a licenc\u00ed, odd\u011blen\u00ed \u0159\u00edzen\u00ed alianc\u00ed a nov\u011b odd\u011blen\u00ed projekt\u016f. Miguel rovn\u011b\u017e vede odd\u011blen\u00ed du\u0161evn\u00edho vlastnictv\u00ed.<\/p><p>Miguel m\u00e1 v\u00edce ne\u017e 22 let zku\u0161enost\u00ed ve farmaceutick\u00e9m pr\u016fmyslu na r\u016fzn\u00fdch pozic\u00edch a v r\u016fzn\u00fdch spole\u010dnostech. Svou profesn\u00ed kari\u00e9ru zah\u00e1jil v roce 2000 ve spole\u010dnosti Almirall, pot\u00e9 v roce 2005 ve spole\u010dnosti Merck Serono a v roce 2008 ve spole\u010dnosti Esteve, kde pracoval na vedouc\u00edch pozic\u00edch ve farmaceutick\u00e9m v\u00fdvoji, co\u017e mu poskytlo rozs\u00e1hl\u00e9 technick\u00e9 a v\u011bdeck\u00e9 z\u00e1zem\u00ed.<\/p><p>P\u0159ed n\u00e1stupem do spole\u010dnosti Neuraxpharm zast\u00e1val \u0159adu vedouc\u00edch pozic v oblasti rozvoje podnik\u00e1n\u00ed, kter\u00e9 zahrnovaly ud\u011blov\u00e1n\u00ed licenc\u00ed ve spole\u010dnostech Invent Farma a Hetero Europe a z\u00edsk\u00e1v\u00e1n\u00ed licenc\u00ed a rozvoj podnik\u00e1n\u00ed prost\u0159ednictv\u00edm strategick\u00fdch partnerstv\u00ed a rozvoje spole\u010dnost\u00ed<\/p><p>Z\u00edskal bakal\u00e1\u0159sk\u00fd titul v oboru farmacie na Barcelonsk\u00e9 univerzit\u011b a titul MBA na glob\u00e1ln\u00edm vzd\u011bl\u00e1vac\u00edm institutu ESADE.<\/p>\t\t\t\t\t\t\t\t<\/div>\n\t\t\t\t<\/div>\n\t\t\t\t\t<\/div>\n\t\t<\/div>\n\t\t\t\t\t<\/div>\n\t\t<\/section>\n\t\t\t\t<section class=\"elementor-section elementor-top-section elementor-element elementor-element-40c10045 elementor-section-boxed elementor-section-height-default elementor-section-height-default\" data-id=\"40c10045\" data-element_type=\"section\" data-e-type=\"section\" data-settings=\"{&quot;jet_parallax_layout_list&quot;:[{&quot;_id&quot;:&quot;e7d9f21&quot;,&quot;jet_parallax_layout_image&quot;:{&quot;url&quot;:&quot;&quot;,&quot;id&quot;:&quot;&quot;,&quot;size&quot;:&quot;&quot;},&quot;jet_parallax_layout_image_tablet&quot;:{&quot;url&quot;:&quot;&quot;,&quot;id&quot;:&quot;&quot;,&quot;size&quot;:&quot;&quot;},&quot;jet_parallax_layout_image_mobile&quot;:{&quot;url&quot;:&quot;&quot;,&quot;id&quot;:&quot;&quot;,&quot;size&quot;:&quot;&quot;},&quot;jet_parallax_layout_speed&quot;:{&quot;unit&quot;:&quot;%&quot;,&quot;size&quot;:50,&quot;sizes&quot;:[]},&quot;jet_parallax_layout_type&quot;:&quot;scroll&quot;,&quot;jet_parallax_layout_direction&quot;:&quot;1&quot;,&quot;jet_parallax_layout_fx_direction&quot;:null,&quot;jet_parallax_layout_z_index&quot;:&quot;&quot;,&quot;jet_parallax_layout_bg_x&quot;:50,&quot;jet_parallax_layout_bg_x_tablet&quot;:&quot;&quot;,&quot;jet_parallax_layout_bg_x_mobile&quot;:&quot;&quot;,&quot;jet_parallax_layout_bg_y&quot;:50,&quot;jet_parallax_layout_bg_y_tablet&quot;:&quot;&quot;,&quot;jet_parallax_layout_bg_y_mobile&quot;:&quot;&quot;,&quot;jet_parallax_layout_bg_size&quot;:&quot;auto&quot;,&quot;jet_parallax_layout_bg_size_tablet&quot;:&quot;&quot;,&quot;jet_parallax_layout_bg_size_mobile&quot;:&quot;&quot;,&quot;jet_parallax_layout_animation_prop&quot;:&quot;transform&quot;,&quot;jet_parallax_layout_on&quot;:[&quot;desktop&quot;,&quot;tablet&quot;]}]}\">\n\t\t\t\t\t\t<div class=\"elementor-container elementor-column-gap-default\">\n\t\t\t\t\t<div class=\"elementor-column elementor-col-100 elementor-top-column elementor-element elementor-element-771202d9\" data-id=\"771202d9\" data-element_type=\"column\" data-e-type=\"column\">\n\t\t\t<div class=\"elementor-widget-wrap elementor-element-populated\">\n\t\t\t\t\t\t<div class=\"elementor-element elementor-element-5d95708f elementor-widget elementor-widget-spacer\" data-id=\"5d95708f\" data-element_type=\"widget\" data-e-type=\"widget\" data-widget_type=\"spacer.default\">\n\t\t\t\t<div class=\"elementor-widget-container\">\n\t\t\t\t\t\t\t<div class=\"elementor-spacer\">\n\t\t\t<div class=\"elementor-spacer-inner\"><\/div>\n\t\t<\/div>\n\t\t\t\t\t\t<\/div>\n\t\t\t\t<\/div>\n\t\t\t\t\t<\/div>\n\t\t<\/div>\n\t\t\t\t\t<\/div>\n\t\t<\/section>\n\t\t\t\t<\/div>\n\t\t","protected":false},"excerpt":{"rendered":"<p>https:\/\/www.linkedin.com\/in\/mbarrero\/ Neuraxpharm Miguel Barrero Miguel Barrero Dur\u00e1n je Head of Business Development &amp; Innovation a do spole\u010dnosti Neuraxpharm nastoupil v roce 2015, kdy vytvo\u0159il a rozv\u00edjel firemn\u00ed odd\u011blen\u00ed rozvoje podnik\u00e1n\u00ed a licenc\u00ed, odd\u011blen\u00ed \u0159\u00edzen\u00ed alianc\u00ed a nov\u011b odd\u011blen\u00ed projekt\u016f. Miguel rovn\u011b\u017e vede odd\u011blen\u00ed du\u0161evn\u00edho vlastnictv\u00ed. Miguel m\u00e1 v\u00edce ne\u017e 22 let zku\u0161enost\u00ed ve farmaceutick\u00e9m pr\u016fmyslu [&hellip;]<\/p>\n","protected":false},"author":2,"featured_media":0,"parent":1998,"menu_order":0,"comment_status":"closed","ping_status":"closed","template":"elementor_header_footer","meta":{"_acf_changed":false,"footnotes":""},"class_list":["post-28350","page","type-page","status-publish","hentry"],"yoast_head":"<!-- This site is optimized with the Yoast SEO Premium plugin v27.2 (Yoast SEO v27.2) - https:\/\/yoast.com\/product\/yoast-seo-premium-wordpress\/ -->\n<title>MIGUEL BARRERO - Neuraxpharm CZ<\/title>\n<meta name=\"robots\" content=\"index, follow, max-snippet:-1, max-image-preview:large, max-video-preview:-1\" \/>\n<link rel=\"canonical\" href=\"https:\/\/www.neuraxpharm.com\/cz\/o-nas\/vedeni-spolecnosti\/miguel-barrero\" \/>\n<meta property=\"og:locale\" content=\"cs_CZ\" \/>\n<meta property=\"og:type\" content=\"article\" \/>\n<meta property=\"og:title\" content=\"MIGUEL BARRERO\" \/>\n<meta property=\"og:description\" content=\"https:\/\/www.linkedin.com\/in\/mbarrero\/ Neuraxpharm Miguel Barrero Miguel Barrero Dur\u00e1n je Head of Business Development &amp; Innovation a do spole\u010dnosti Neuraxpharm nastoupil v roce 2015, kdy vytvo\u0159il a rozv\u00edjel firemn\u00ed odd\u011blen\u00ed rozvoje podnik\u00e1n\u00ed a licenc\u00ed, odd\u011blen\u00ed \u0159\u00edzen\u00ed alianc\u00ed a nov\u011b odd\u011blen\u00ed projekt\u016f. Miguel rovn\u011b\u017e vede odd\u011blen\u00ed du\u0161evn\u00edho vlastnictv\u00ed. Miguel m\u00e1 v\u00edce ne\u017e 22 let zku\u0161enost\u00ed ve farmaceutick\u00e9m pr\u016fmyslu [&hellip;]\" \/>\n<meta property=\"og:url\" content=\"https:\/\/www.neuraxpharm.com\/cz\/o-nas\/vedeni-spolecnosti\/miguel-barrero\" \/>\n<meta property=\"og:site_name\" content=\"Neuraxpharm CZ\" \/>\n<meta property=\"article:modified_time\" content=\"2023-03-27T09:59:36+00:00\" \/>\n<meta property=\"og:image\" content=\"https:\/\/www.neuraxpharm.com\/cz\/wp-content\/uploads\/sites\/27\/2023\/03\/m-barrero.jpg\" \/>\n<meta name=\"twitter:card\" content=\"summary_large_image\" \/>\n<meta name=\"twitter:label1\" content=\"Odhadovan\u00e1 doba \u010dten\u00ed\" \/>\n\t<meta name=\"twitter:data1\" content=\"1 minuta\" \/>\n<script type=\"application\/ld+json\" class=\"yoast-schema-graph\">{\"@context\":\"https:\/\/schema.org\",\"@graph\":[{\"@type\":\"WebPage\",\"@id\":\"https:\/\/www.neuraxpharm.com\/cz\/o-nas\/vedeni-spolecnosti\/miguel-barrero\",\"url\":\"https:\/\/www.neuraxpharm.com\/cz\/o-nas\/vedeni-spolecnosti\/miguel-barrero\",\"name\":\"MIGUEL BARRERO - Neuraxpharm CZ\",\"isPartOf\":{\"@id\":\"https:\/\/www.neuraxpharm.com\/cz\/#website\"},\"primaryImageOfPage\":{\"@id\":\"https:\/\/www.neuraxpharm.com\/cz\/o-nas\/vedeni-spolecnosti\/miguel-barrero#primaryimage\"},\"image\":{\"@id\":\"https:\/\/www.neuraxpharm.com\/cz\/o-nas\/vedeni-spolecnosti\/miguel-barrero#primaryimage\"},\"thumbnailUrl\":\"https:\/\/www.neuraxpharm.com\/cz\/wp-content\/uploads\/sites\/27\/2023\/03\/m-barrero.jpg\",\"datePublished\":\"2023-01-30T16:46:57+00:00\",\"dateModified\":\"2023-03-27T09:59:36+00:00\",\"breadcrumb\":{\"@id\":\"https:\/\/www.neuraxpharm.com\/cz\/o-nas\/vedeni-spolecnosti\/miguel-barrero#breadcrumb\"},\"inLanguage\":\"cs\",\"potentialAction\":[{\"@type\":\"ReadAction\",\"target\":[\"https:\/\/www.neuraxpharm.com\/cz\/o-nas\/vedeni-spolecnosti\/miguel-barrero\"]}]},{\"@type\":\"ImageObject\",\"inLanguage\":\"cs\",\"@id\":\"https:\/\/www.neuraxpharm.com\/cz\/o-nas\/vedeni-spolecnosti\/miguel-barrero#primaryimage\",\"url\":\"https:\/\/static.neuraxpharm.com\/wp-content\/uploads\/sites\/27\/2023\/03\/27095636\/m-barrero.jpg\",\"contentUrl\":\"https:\/\/static.neuraxpharm.com\/wp-content\/uploads\/sites\/27\/2023\/03\/27095636\/m-barrero.jpg\",\"width\":716,\"height\":700},{\"@type\":\"BreadcrumbList\",\"@id\":\"https:\/\/www.neuraxpharm.com\/cz\/o-nas\/vedeni-spolecnosti\/miguel-barrero#breadcrumb\",\"itemListElement\":[{\"@type\":\"ListItem\",\"position\":1,\"name\":\"Home\",\"item\":\"https:\/\/www.neuraxpharm.com\/cz\/\"},{\"@type\":\"ListItem\",\"position\":2,\"name\":\"O n\u00e1s\",\"item\":\"https:\/\/www.neuraxpharm.com\/cz\/o-nas\"},{\"@type\":\"ListItem\",\"position\":3,\"name\":\"Veden\u00ed spole\u010dnosti\",\"item\":\"https:\/\/www.neuraxpharm.com\/cz\/o-nas\/vedeni-spolecnosti\"},{\"@type\":\"ListItem\",\"position\":4,\"name\":\"MIGUEL BARRERO\"}]},{\"@type\":\"WebSite\",\"@id\":\"https:\/\/www.neuraxpharm.com\/cz\/#website\",\"url\":\"https:\/\/www.neuraxpharm.com\/cz\/\",\"name\":\"Neuraxpharm CZ\",\"description\":\"Evropsk\u00fd l\u00eddr v oblasti produkt\u016f CNS\",\"potentialAction\":[{\"@type\":\"SearchAction\",\"target\":{\"@type\":\"EntryPoint\",\"urlTemplate\":\"https:\/\/www.neuraxpharm.com\/cz\/?s={search_term_string}\"},\"query-input\":{\"@type\":\"PropertyValueSpecification\",\"valueRequired\":true,\"valueName\":\"search_term_string\"}}],\"inLanguage\":\"cs\"}]}<\/script>\n<!-- \/ Yoast SEO Premium plugin. -->","yoast_head_json":{"title":"MIGUEL BARRERO - Neuraxpharm CZ","robots":{"index":"index","follow":"follow","max-snippet":"max-snippet:-1","max-image-preview":"max-image-preview:large","max-video-preview":"max-video-preview:-1"},"canonical":"https:\/\/www.neuraxpharm.com\/cz\/o-nas\/vedeni-spolecnosti\/miguel-barrero","og_locale":"cs_CZ","og_type":"article","og_title":"MIGUEL BARRERO","og_description":"https:\/\/www.linkedin.com\/in\/mbarrero\/ Neuraxpharm Miguel Barrero Miguel Barrero Dur\u00e1n je Head of Business Development &amp; Innovation a do spole\u010dnosti Neuraxpharm nastoupil v roce 2015, kdy vytvo\u0159il a rozv\u00edjel firemn\u00ed odd\u011blen\u00ed rozvoje podnik\u00e1n\u00ed a licenc\u00ed, odd\u011blen\u00ed \u0159\u00edzen\u00ed alianc\u00ed a nov\u011b odd\u011blen\u00ed projekt\u016f. Miguel rovn\u011b\u017e vede odd\u011blen\u00ed du\u0161evn\u00edho vlastnictv\u00ed. Miguel m\u00e1 v\u00edce ne\u017e 22 let zku\u0161enost\u00ed ve farmaceutick\u00e9m pr\u016fmyslu [&hellip;]","og_url":"https:\/\/www.neuraxpharm.com\/cz\/o-nas\/vedeni-spolecnosti\/miguel-barrero","og_site_name":"Neuraxpharm CZ","article_modified_time":"2023-03-27T09:59:36+00:00","og_image":[{"url":"https:\/\/www.neuraxpharm.com\/cz\/wp-content\/uploads\/sites\/27\/2023\/03\/m-barrero.jpg","type":"","width":"","height":""}],"twitter_card":"summary_large_image","twitter_misc":{"Odhadovan\u00e1 doba \u010dten\u00ed":"1 minuta"},"schema":{"@context":"https:\/\/schema.org","@graph":[{"@type":"WebPage","@id":"https:\/\/www.neuraxpharm.com\/cz\/o-nas\/vedeni-spolecnosti\/miguel-barrero","url":"https:\/\/www.neuraxpharm.com\/cz\/o-nas\/vedeni-spolecnosti\/miguel-barrero","name":"MIGUEL BARRERO - Neuraxpharm CZ","isPartOf":{"@id":"https:\/\/www.neuraxpharm.com\/cz\/#website"},"primaryImageOfPage":{"@id":"https:\/\/www.neuraxpharm.com\/cz\/o-nas\/vedeni-spolecnosti\/miguel-barrero#primaryimage"},"image":{"@id":"https:\/\/www.neuraxpharm.com\/cz\/o-nas\/vedeni-spolecnosti\/miguel-barrero#primaryimage"},"thumbnailUrl":"https:\/\/www.neuraxpharm.com\/cz\/wp-content\/uploads\/sites\/27\/2023\/03\/m-barrero.jpg","datePublished":"2023-01-30T16:46:57+00:00","dateModified":"2023-03-27T09:59:36+00:00","breadcrumb":{"@id":"https:\/\/www.neuraxpharm.com\/cz\/o-nas\/vedeni-spolecnosti\/miguel-barrero#breadcrumb"},"inLanguage":"cs","potentialAction":[{"@type":"ReadAction","target":["https:\/\/www.neuraxpharm.com\/cz\/o-nas\/vedeni-spolecnosti\/miguel-barrero"]}]},{"@type":"ImageObject","inLanguage":"cs","@id":"https:\/\/www.neuraxpharm.com\/cz\/o-nas\/vedeni-spolecnosti\/miguel-barrero#primaryimage","url":"https:\/\/static.neuraxpharm.com\/wp-content\/uploads\/sites\/27\/2023\/03\/27095636\/m-barrero.jpg","contentUrl":"https:\/\/static.neuraxpharm.com\/wp-content\/uploads\/sites\/27\/2023\/03\/27095636\/m-barrero.jpg","width":716,"height":700},{"@type":"BreadcrumbList","@id":"https:\/\/www.neuraxpharm.com\/cz\/o-nas\/vedeni-spolecnosti\/miguel-barrero#breadcrumb","itemListElement":[{"@type":"ListItem","position":1,"name":"Home","item":"https:\/\/www.neuraxpharm.com\/cz\/"},{"@type":"ListItem","position":2,"name":"O n\u00e1s","item":"https:\/\/www.neuraxpharm.com\/cz\/o-nas"},{"@type":"ListItem","position":3,"name":"Veden\u00ed spole\u010dnosti","item":"https:\/\/www.neuraxpharm.com\/cz\/o-nas\/vedeni-spolecnosti"},{"@type":"ListItem","position":4,"name":"MIGUEL BARRERO"}]},{"@type":"WebSite","@id":"https:\/\/www.neuraxpharm.com\/cz\/#website","url":"https:\/\/www.neuraxpharm.com\/cz\/","name":"Neuraxpharm CZ","description":"Evropsk\u00fd l\u00eddr v oblasti produkt\u016f CNS","potentialAction":[{"@type":"SearchAction","target":{"@type":"EntryPoint","urlTemplate":"https:\/\/www.neuraxpharm.com\/cz\/?s={search_term_string}"},"query-input":{"@type":"PropertyValueSpecification","valueRequired":true,"valueName":"search_term_string"}}],"inLanguage":"cs"}]}},"acf":[],"_links":{"self":[{"href":"https:\/\/www.neuraxpharm.com\/cz\/wp-json\/wp\/v2\/pages\/28350","targetHints":{"allow":["GET"]}}],"collection":[{"href":"https:\/\/www.neuraxpharm.com\/cz\/wp-json\/wp\/v2\/pages"}],"about":[{"href":"https:\/\/www.neuraxpharm.com\/cz\/wp-json\/wp\/v2\/types\/page"}],"author":[{"embeddable":true,"href":"https:\/\/www.neuraxpharm.com\/cz\/wp-json\/wp\/v2\/users\/2"}],"replies":[{"embeddable":true,"href":"https:\/\/www.neuraxpharm.com\/cz\/wp-json\/wp\/v2\/comments?post=28350"}],"version-history":[{"count":7,"href":"https:\/\/www.neuraxpharm.com\/cz\/wp-json\/wp\/v2\/pages\/28350\/revisions"}],"predecessor-version":[{"id":28604,"href":"https:\/\/www.neuraxpharm.com\/cz\/wp-json\/wp\/v2\/pages\/28350\/revisions\/28604"}],"up":[{"embeddable":true,"href":"https:\/\/www.neuraxpharm.com\/cz\/wp-json\/wp\/v2\/pages\/1998"}],"wp:attachment":[{"href":"https:\/\/www.neuraxpharm.com\/cz\/wp-json\/wp\/v2\/media?parent=28350"}],"curies":[{"name":"wp","href":"https:\/\/api.w.org\/{rel}","templated":true}]}}